{"id":1635,"date":"2022-12-11T09:03:40","date_gmt":"2022-12-11T08:03:40","guid":{"rendered":"https:\/\/lions-pharmacy.com\/impression"},"modified":"2026-03-13T08:22:55","modified_gmt":"2026-03-13T07:22:55","slug":"impressum","status":"publish","type":"page","link":"https:\/\/lions-pharmacy.com\/fr\/impressum","title":{"rendered":"Impression"},"content":{"rendered":"\t\t<div data-elementor-type=\"wp-page\" data-elementor-id=\"1635\" class=\"elementor elementor-1635 elementor-20\">\n\t\t\t\t\t\t<section class=\"elementor-section elementor-top-section elementor-element elementor-element-556343fe elementor-section-boxed elementor-section-height-default elementor-section-height-default\" data-id=\"556343fe\" data-element_type=\"section\">\n\t\t\t\t\t\t<div class=\"elementor-container elementor-column-gap-default\">\n\t\t\t\t\t<div class=\"elementor-column elementor-col-100 elementor-top-column elementor-element elementor-element-2ede5ef4\" data-id=\"2ede5ef4\" data-element_type=\"column\">\n\t\t\t<div class=\"elementor-widget-wrap elementor-element-populated\">\n\t\t\t\t\t\t<div class=\"elementor-element elementor-element-4b42cf08 elementor-widget elementor-widget-text-editor\" data-id=\"4b42cf08\" data-element_type=\"widget\" data-widget_type=\"text-editor.default\">\n\t\t\t\t<div class=\"elementor-widget-container\">\n\t\t\t\t\t\t\t\t\t<h4>INFORMATIONS EN VERTU DE LA SECT. 5 LOI ALLEMANDE SUR LES T\u00c9L\u00c9M\u00c9DIAS (TMG)<\/h4><p>Mentions l\u00e9gales : Lions Pharmacy c\/o L\u00f6wen Apotheke. Propri\u00e9taire: Sandra Hoff<\/p><div><div style=\"flex-basis: 50%;\"><div><div><figure><img decoding=\"async\" data-src=\"https:\/\/lions-pharmacy.com\/wp-content\/uploads\/2022\/12\/image.png\" alt=\"\" width=\"195\" height=\"57\" src=\"data:image\/svg+xml;base64,PHN2ZyB3aWR0aD0iMSIgaGVpZ2h0PSIxIiB4bWxucz0iaHR0cDovL3d3dy53My5vcmcvMjAwMC9zdmciPjwvc3ZnPg==\" class=\"lazyload\" style=\"--smush-placeholder-width: 195px; --smush-placeholder-aspect-ratio: 195\/57;\"><\/figure><\/div><div><figure><img decoding=\"async\" data-src=\"https:\/\/lions-pharmacy.com\/wp-content\/uploads\/2022\/12\/Logo-Lion-Pharmacy-c-o-Loewen-Apotheke-smal.jpg\" alt=\"Logo Lion Pharmacy c-o L\u00f6wen Apotheke small\" width=\"181\" height=\"60\" src=\"data:image\/svg+xml;base64,PHN2ZyB3aWR0aD0iMSIgaGVpZ2h0PSIxIiB4bWxucz0iaHR0cDovL3d3dy53My5vcmcvMjAwMC9zdmciPjwvc3ZnPg==\" class=\"lazyload\" style=\"--smush-placeholder-width: 181px; --smush-placeholder-aspect-ratio: 181\/60;\"><\/figure><\/div><\/div><\/div><\/div><p>Adresse postale : L\u00f6wen Apotheke | Sandra Hoff e.K. | Lichtentaler Str. 3 | 76530 Baden-Baden<\/p><p>Registre du commerce: HRA 200730<br>Tribunal d&#8217;enregistrement : Mannheim<\/p><h4>CONTACT<\/h4><p><strong>Ligne d&#8217;assistance t\u00e9l\u00e9phonique pour les clients<\/strong>: Conseils et possibilit\u00e9s de commande, ainsi que d&#8217;autres informations :<br>T\u00e9l : +49-(0)7221 \/ 395 374<\/p><p>Autres demandes :<\/p><p>T\u00e9l\u00e9phone : +49 7221 \/ 22 120<br>Fax : +49 7221 \/ 23 875<br>Courriel : info@loewen-apotheke24.de<\/p><h4>NUM\u00c9RO D&#8217;IDENTIFICATION DE LA TAXE SUR LES VENTES<\/h4><p>Num\u00e9ro d&#8217;identification de la taxe sur les ventes conform\u00e9ment \u00e0 la Sect. 27 a de la loi sur la taxe sur les ventes :<br>DE 219547975<\/p><h4>AUTORIT\u00c9 DE CONTR\u00d4LE<\/h4><p>Aufsichtsbeh\u00f6rde RP Karlsruhe<br>Aufsichtsbeh\u00f6rde :<br>Regierungspr\u00e4sidium Karlsruhe<br>76247 Karlsruhe, t\u00e9l. 0721-9260<\/p><p><a href=\"https:\/\/rp.baden-wuerttemberg.de\/rpk\/\">https:\/\/rp.baden-wuerttemberg.de\/rpk\/<\/a><\/p><h4>TITRE D&#8217;EMPLOI ET R\u00c9GLEMENTATION PROFESSIONNELLE<\/h4><p>Titre du poste :<br>Apothekerin (Pharmacien)<\/p><p>Chambre comp\u00e9tente<br>Landesapothekerkammer Baden-W\u00fcrttemberg (en anglais)<br>K\u00f6rperschaft des \u00f6ffentlichen Rechts<br>Villastra\u00dfe 1<br>70190 Stuttgart<\/p><p>Autorisation accord\u00e9e en<br>Allemagne<\/p><p>Les r\u00e8gles professionnelles suivantes s&#8217;appliquent &#8220;Apothekerin&#8221; : Bundesrepublik Deutschland. R\u00e8glement professionnel : R\u00e8glement professionnel de la Chambre des pharmaciens, disponible aupr\u00e8s de la Chambre des pharmacies de Berlin.<\/p><p>Les r\u00e8gles professionnelles suivantes s&#8217;appliquent :<\/p><p>Titre du poste : Apothekerin<br>disponible \u00e0 l&#8217;adresse <a href=\"https:\/\/www.lak-bw.de\/impressum-berufsordnung\" target=\"_blank\" rel=\"noreferrer noopener\">suivante : https:\/\/www.lak-bw.de\/impressum-berufsordnung<\/a><\/p><p>Licence de vente par correspondance :  <br><a href=\"https:\/\/versandhandel.dimdi.de\/websearch\/servlet\/Gate?accessid=dimdi_var&amp;term=3c387956690121ccc8763184f052b93f\" target=\"_blank\" rel=\"noreferrer noopener\">L\u00f6wen Apotheke<\/a><\/p><figure><a href=\"https:\/\/versandhandel.dimdi.de\/websearch\/servlet\/Gate?accessid=dimdi_var&amp;term=3c387956690121ccc8763184f052b93f\" target=\"_blank\" rel=\"noreferrer noopener\"><img decoding=\"async\" title=\"DIMIDI\" data-src=\"https:\/\/lions-pharmacy.com\/wp-content\/uploads\/2022\/12\/DIMIDI.jpg\" alt=\"DIMIDI : Lion Pharmacy est enregistr\u00e9.\" src=\"data:image\/svg+xml;base64,PHN2ZyB3aWR0aD0iMSIgaGVpZ2h0PSIxIiB4bWxucz0iaHR0cDovL3d3dy53My5vcmcvMjAwMC9zdmciPjwvc3ZnPg==\" class=\"lazyload\" style=\"--smush-placeholder-width: 100px; --smush-placeholder-aspect-ratio: 100\/100;\"><\/a><\/figure><h4>PERSONNE RESPONSABLE DE LA R\u00c9DACTION<\/h4><p>Sandra Hoff, Lichtentaler Str. 3, D-76530 Baden-Baden<\/p><h4>R\u00c8GLEMENT DES DIFF\u00c9RENDS DANS L&#8217;UE<\/h4><p>La Commission europ\u00e9enne met \u00e0 disposition une plateforme de r\u00e9solution des litiges en ligne (ODR) <a href=\"https:\/\/ec.europa.eu\/consumers\/odr\/\" target=\"_blank\" rel=\"noreferrer noopener\">: https:\/\/ec.europa.eu\/consumers\/odr\/.<\/a><br>Notre adresse \u00e9lectronique est indiqu\u00e9e ci-dessus dans l&#8217;avis de site.<\/p><h4>PROC\u00c9DURES DE R\u00c8GLEMENT DES LITIGES DEVANT UNE COMMISSION D&#8217;ARBITRAGE DES CONSOMMATEURS<\/h4><p>Nous ne sommes pas dispos\u00e9s ou oblig\u00e9s de participer \u00e0 une proc\u00e9dure de r\u00e9solution des litiges devant une commission d&#8217;arbitrage des consommateurs.<\/p><h4>LIENS RESPONSABILIT\u00c9<\/h4><p>Clause de non-responsabilit\u00e9<\/p><p>Le contenu de nos pages a \u00e9t\u00e9 cr\u00e9\u00e9 avec le plus grand soin. Toutefois, nous ne pouvons pas garantir l&#8217;exactitude, l&#8217;exhaustivit\u00e9 et l&#8217;actualit\u00e9 du contenu. En tant que prestataire de services, nous sommes, conform\u00e9ment \u00e0 l&#8217;article 7, paragraphe 1 TMG est responsable de son propre contenu sur ces pages en vertu des lois g\u00e9n\u00e9rales. Conform\u00e9ment aux articles 8 \u00e0 10 de la TMG, nous ne sommes toutefois pas tenus, en tant que prestataire de services, de surveiller les informations transmises ou stock\u00e9es par des tiers ou d&#8217;enqu\u00eater sur des circonstances indiquant une activit\u00e9 ill\u00e9gale. Les obligations de supprimer ou de bloquer l&#8217;utilisation d&#8217;informations conform\u00e9ment aux lois g\u00e9n\u00e9rales ne sont pas affect\u00e9es. Toutefois, la responsabilit\u00e9 \u00e0 cet \u00e9gard n&#8217;est possible qu&#8217;\u00e0 partir du moment o\u00f9 l&#8217;on a connaissance d&#8217;une infraction concr\u00e8te. Si nous avons connaissance de telles infractions, nous retirerons imm\u00e9diatement le contenu en question.<\/p><h4>INFORMATIONS COMPL\u00c9MENTAIRES<\/h4><p>Droit d&#8217;auteur :<\/p><p>Le contenu et les \u0153uvres cr\u00e9\u00e9s par les op\u00e9rateurs du site sur ces pages sont soumis \u00e0 la loi allemande sur les droits d&#8217;auteur. La duplication, le traitement, la distribution ou toute forme de commercialisation de ce mat\u00e9riel au-del\u00e0 du champ d&#8217;application de la loi sur les droits d&#8217;auteur n\u00e9cessite l&#8217;accord \u00e9crit pr\u00e9alable de son auteur respectif. Les t\u00e9l\u00e9chargements et les copies de cette page ne sont autoris\u00e9s que pour un usage priv\u00e9 et non commercial.<\/p><p>R\u00e9f\u00e9rences et liens<\/p><p>Nous tenons \u00e0 souligner que nous n&#8217;avons aucune influence sur la conception et le contenu des pages externes li\u00e9es. C&#8217;est pourquoi nous nous dissocions express\u00e9ment par la pr\u00e9sente de tous les contenus de tous les sites li\u00e9s \u00e0 notre page d&#8217;accueil et nous ne nous approprions pas leurs contenus. Cette d\u00e9claration s&#8217;applique \u00e0 tous les liens figurant sur notre page d&#8217;accueil !<\/p><p>Agences photographiques<\/p><p>Images sous licence de : Fotolia et Shutterstock<\/p><p>Images &amp; Image productions internes. La reproduction et la distribution ne sont autoris\u00e9es qu&#8217;avec l&#8217;accord \u00e9crit de l&#8217;auteur.<\/p>\t\t\t\t\t\t\t\t<\/div>\n\t\t\t\t<\/div>\n\t\t\t\t\t<\/div>\n\t\t<\/div>\n\t\t\t\t\t<\/div>\n\t\t<\/section>\n\t\t\t\t<\/div>\n\t\t","protected":false},"excerpt":{"rendered":"<p>INFORMATIONS EN VERTU DE LA SECT. 5 LOI ALLEMANDE SUR LES T\u00c9L\u00c9M\u00c9DIAS (TMG) Mentions l\u00e9gales : Lions Pharmacy c\/o L\u00f6wen Apotheke. Propri\u00e9taire: Sandra Hoff Adresse postale : L\u00f6wen Apotheke | Sandra Hoff e.K. | Lichtentaler Str. 3 | 76530 Baden-Baden Registre du commerce: HRA 200730Tribunal d&#8217;enregistrement : Mannheim CONTACT Ligne d&#8217;assistance t\u00e9l\u00e9phonique pour les clients: [&hellip;]<\/p>\n","protected":false},"author":1,"featured_media":1332,"parent":0,"menu_order":0,"comment_status":"closed","ping_status":"closed","template":"","meta":{"footnotes":""},"class_list":["post-1635","page","type-page","status-publish","has-post-thumbnail","hentry"],"yoast_head":"<!-- This site is optimized with the Yoast SEO plugin v26.5 - https:\/\/yoast.com\/wordpress\/plugins\/seo\/ -->\n<title>Impression &#187; Lion Pharmacy<\/title>\n<meta name=\"description\" content=\"Lion Pharmacy | pharmacie en ligne allemande enregistr\u00e9e | Exp\u00e9dition internationale rapide | Achats en ligne pratiques et s\u00fbrs | Impression\" \/>\n<meta name=\"robots\" content=\"index, follow, max-snippet:-1, max-image-preview:large, max-video-preview:-1\" \/>\n<link rel=\"canonical\" href=\"https:\/\/lions-pharmacy.com\/fr\/impressum\" \/>\n<meta property=\"og:locale\" content=\"fr_FR\" \/>\n<meta property=\"og:type\" content=\"article\" \/>\n<meta property=\"og:title\" content=\"Impression &#187; Lion Pharmacy\" \/>\n<meta property=\"og:description\" content=\"Lion Pharmacy | pharmacie en ligne allemande enregistr\u00e9e | Exp\u00e9dition internationale rapide | Achats en ligne pratiques et s\u00fbrs | Impression\" \/>\n<meta property=\"og:url\" content=\"https:\/\/lions-pharmacy.com\/fr\/impressum\" \/>\n<meta property=\"og:site_name\" content=\"Lion Pharmacy\" \/>\n<meta property=\"article:modified_time\" content=\"2026-03-13T07:22:55+00:00\" \/>\n<meta property=\"og:image\" content=\"https:\/\/lions-pharmacy.com\/wp-content\/uploads\/2022\/12\/Logo-Lion-Pharmacy-c-o-Loewen-Apotheke-xs.jpg\" \/>\n\t<meta property=\"og:image:width\" content=\"150\" \/>\n\t<meta property=\"og:image:height\" content=\"49\" \/>\n\t<meta property=\"og:image:type\" content=\"image\/jpeg\" \/>\n<meta name=\"twitter:card\" content=\"summary_large_image\" \/>\n<meta name=\"twitter:label1\" content=\"Dur\u00e9e de lecture estim\u00e9e\" \/>\n\t<meta name=\"twitter:data1\" content=\"3 minutes\" \/>\n<script type=\"application\/ld+json\" class=\"yoast-schema-graph\">{\"@context\":\"https:\/\/schema.org\",\"@graph\":[{\"@type\":\"WebPage\",\"@id\":\"https:\/\/lions-pharmacy.com\/fr\/impressum\",\"url\":\"https:\/\/lions-pharmacy.com\/fr\/impressum\",\"name\":\"Impression &#187; Lion Pharmacy\",\"isPartOf\":{\"@id\":\"https:\/\/lions-pharmacy.com\/fr#website\"},\"primaryImageOfPage\":{\"@id\":\"https:\/\/lions-pharmacy.com\/fr\/impressum#primaryimage\"},\"image\":{\"@id\":\"https:\/\/lions-pharmacy.com\/fr\/impressum#primaryimage\"},\"thumbnailUrl\":\"https:\/\/lions-pharmacy.com\/wp-content\/uploads\/2022\/12\/Logo-Lion-Pharmacy-c-o-Loewen-Apotheke-xs.jpg\",\"datePublished\":\"2022-12-11T08:03:40+00:00\",\"dateModified\":\"2026-03-13T07:22:55+00:00\",\"description\":\"Lion Pharmacy | pharmacie en ligne allemande enregistr\u00e9e | Exp\u00e9dition internationale rapide | Achats en ligne pratiques et s\u00fbrs | Impression\",\"breadcrumb\":{\"@id\":\"https:\/\/lions-pharmacy.com\/fr\/impressum#breadcrumb\"},\"inLanguage\":\"fr-FR\",\"potentialAction\":[{\"@type\":\"ReadAction\",\"target\":[\"https:\/\/lions-pharmacy.com\/fr\/impressum\"]}]},{\"@type\":\"ImageObject\",\"inLanguage\":\"fr-FR\",\"@id\":\"https:\/\/lions-pharmacy.com\/fr\/impressum#primaryimage\",\"url\":\"https:\/\/lions-pharmacy.com\/wp-content\/uploads\/2022\/12\/Logo-Lion-Pharmacy-c-o-Loewen-Apotheke-xs.jpg\",\"contentUrl\":\"https:\/\/lions-pharmacy.com\/wp-content\/uploads\/2022\/12\/Logo-Lion-Pharmacy-c-o-Loewen-Apotheke-xs.jpg\",\"width\":150,\"height\":49,\"caption\":\"Logo Lions Pharmacy c-o L\u00f6wen Apotheke xs\"},{\"@type\":\"BreadcrumbList\",\"@id\":\"https:\/\/lions-pharmacy.com\/fr\/impressum#breadcrumb\",\"itemListElement\":[{\"@type\":\"ListItem\",\"position\":1,\"name\":\"Home\",\"item\":\"https:\/\/lions-pharmacy.com\/fr\/homepage-lion-pharmacy\"},{\"@type\":\"ListItem\",\"position\":2,\"name\":\"Impression\"}]},{\"@type\":\"WebSite\",\"@id\":\"https:\/\/lions-pharmacy.com\/fr#website\",\"url\":\"https:\/\/lions-pharmacy.com\/fr\",\"name\":\"Lions Pharmacy\",\"description\":\"Pharmacie sp\u00e9cialis\u00e9e en naturopathie de Baden-Baden, Allemagne\",\"publisher\":{\"@id\":\"https:\/\/lions-pharmacy.com\/fr#organization\"},\"alternateName\":\"Lion Pharmacy\",\"potentialAction\":[{\"@type\":\"SearchAction\",\"target\":{\"@type\":\"EntryPoint\",\"urlTemplate\":\"https:\/\/lions-pharmacy.com\/fr?s={search_term_string}\"},\"query-input\":{\"@type\":\"PropertyValueSpecification\",\"valueRequired\":true,\"valueName\":\"search_term_string\"}}],\"inLanguage\":\"fr-FR\"},{\"@type\":\"Organization\",\"@id\":\"https:\/\/lions-pharmacy.com\/fr#organization\",\"name\":\"Lions Pharmacy\",\"alternateName\":\"Lions Pharmacy24\",\"url\":\"https:\/\/lions-pharmacy.com\/fr\",\"logo\":{\"@type\":\"ImageObject\",\"inLanguage\":\"fr-FR\",\"@id\":\"https:\/\/lions-pharmacy.com\/fr#\/schema\/logo\/image\/\",\"url\":\"https:\/\/lions-pharmacy.com\/wp-content\/uploads\/2022\/12\/Logo-Lion-Pharmacy-c-o-Loewen-Apotheke-smal.jpg\",\"contentUrl\":\"https:\/\/lions-pharmacy.com\/wp-content\/uploads\/2022\/12\/Logo-Lion-Pharmacy-c-o-Loewen-Apotheke-smal.jpg\",\"width\":298,\"height\":99,\"caption\":\"Lions Pharmacy\"},\"image\":{\"@id\":\"https:\/\/lions-pharmacy.com\/fr#\/schema\/logo\/image\/\"}}]}<\/script>\n<!-- \/ Yoast SEO plugin. -->","yoast_head_json":{"title":"Impression &#187; Lion Pharmacy","description":"Lion Pharmacy | pharmacie en ligne allemande enregistr\u00e9e | Exp\u00e9dition internationale rapide | Achats en ligne pratiques et s\u00fbrs | Impression","robots":{"index":"index","follow":"follow","max-snippet":"max-snippet:-1","max-image-preview":"max-image-preview:large","max-video-preview":"max-video-preview:-1"},"canonical":"https:\/\/lions-pharmacy.com\/fr\/impressum","og_locale":"fr_FR","og_type":"article","og_title":"Impression &#187; Lion Pharmacy","og_description":"Lion Pharmacy | pharmacie en ligne allemande enregistr\u00e9e | Exp\u00e9dition internationale rapide | Achats en ligne pratiques et s\u00fbrs | Impression","og_url":"https:\/\/lions-pharmacy.com\/fr\/impressum","og_site_name":"Lion Pharmacy","article_modified_time":"2026-03-13T07:22:55+00:00","og_image":[{"width":150,"height":49,"url":"https:\/\/lions-pharmacy.com\/wp-content\/uploads\/2022\/12\/Logo-Lion-Pharmacy-c-o-Loewen-Apotheke-xs.jpg","type":"image\/jpeg"}],"twitter_card":"summary_large_image","twitter_misc":{"Dur\u00e9e de lecture estim\u00e9e":"3 minutes"},"schema":{"@context":"https:\/\/schema.org","@graph":[{"@type":"WebPage","@id":"https:\/\/lions-pharmacy.com\/fr\/impressum","url":"https:\/\/lions-pharmacy.com\/fr\/impressum","name":"Impression &#187; Lion Pharmacy","isPartOf":{"@id":"https:\/\/lions-pharmacy.com\/fr#website"},"primaryImageOfPage":{"@id":"https:\/\/lions-pharmacy.com\/fr\/impressum#primaryimage"},"image":{"@id":"https:\/\/lions-pharmacy.com\/fr\/impressum#primaryimage"},"thumbnailUrl":"https:\/\/lions-pharmacy.com\/wp-content\/uploads\/2022\/12\/Logo-Lion-Pharmacy-c-o-Loewen-Apotheke-xs.jpg","datePublished":"2022-12-11T08:03:40+00:00","dateModified":"2026-03-13T07:22:55+00:00","description":"Lion Pharmacy | pharmacie en ligne allemande enregistr\u00e9e | Exp\u00e9dition internationale rapide | Achats en ligne pratiques et s\u00fbrs | Impression","breadcrumb":{"@id":"https:\/\/lions-pharmacy.com\/fr\/impressum#breadcrumb"},"inLanguage":"fr-FR","potentialAction":[{"@type":"ReadAction","target":["https:\/\/lions-pharmacy.com\/fr\/impressum"]}]},{"@type":"ImageObject","inLanguage":"fr-FR","@id":"https:\/\/lions-pharmacy.com\/fr\/impressum#primaryimage","url":"https:\/\/lions-pharmacy.com\/wp-content\/uploads\/2022\/12\/Logo-Lion-Pharmacy-c-o-Loewen-Apotheke-xs.jpg","contentUrl":"https:\/\/lions-pharmacy.com\/wp-content\/uploads\/2022\/12\/Logo-Lion-Pharmacy-c-o-Loewen-Apotheke-xs.jpg","width":150,"height":49,"caption":"Logo Lions Pharmacy c-o L\u00f6wen Apotheke xs"},{"@type":"BreadcrumbList","@id":"https:\/\/lions-pharmacy.com\/fr\/impressum#breadcrumb","itemListElement":[{"@type":"ListItem","position":1,"name":"Home","item":"https:\/\/lions-pharmacy.com\/fr\/homepage-lion-pharmacy"},{"@type":"ListItem","position":2,"name":"Impression"}]},{"@type":"WebSite","@id":"https:\/\/lions-pharmacy.com\/fr#website","url":"https:\/\/lions-pharmacy.com\/fr","name":"Lions Pharmacy","description":"Pharmacie sp\u00e9cialis\u00e9e en naturopathie de Baden-Baden, Allemagne","publisher":{"@id":"https:\/\/lions-pharmacy.com\/fr#organization"},"alternateName":"Lion Pharmacy","potentialAction":[{"@type":"SearchAction","target":{"@type":"EntryPoint","urlTemplate":"https:\/\/lions-pharmacy.com\/fr?s={search_term_string}"},"query-input":{"@type":"PropertyValueSpecification","valueRequired":true,"valueName":"search_term_string"}}],"inLanguage":"fr-FR"},{"@type":"Organization","@id":"https:\/\/lions-pharmacy.com\/fr#organization","name":"Lions Pharmacy","alternateName":"Lions Pharmacy24","url":"https:\/\/lions-pharmacy.com\/fr","logo":{"@type":"ImageObject","inLanguage":"fr-FR","@id":"https:\/\/lions-pharmacy.com\/fr#\/schema\/logo\/image\/","url":"https:\/\/lions-pharmacy.com\/wp-content\/uploads\/2022\/12\/Logo-Lion-Pharmacy-c-o-Loewen-Apotheke-smal.jpg","contentUrl":"https:\/\/lions-pharmacy.com\/wp-content\/uploads\/2022\/12\/Logo-Lion-Pharmacy-c-o-Loewen-Apotheke-smal.jpg","width":298,"height":99,"caption":"Lions Pharmacy"},"image":{"@id":"https:\/\/lions-pharmacy.com\/fr#\/schema\/logo\/image\/"}}]}},"_links":{"self":[{"href":"https:\/\/lions-pharmacy.com\/fr\/wp-json\/wp\/v2\/pages\/1635","targetHints":{"allow":["GET"]}}],"collection":[{"href":"https:\/\/lions-pharmacy.com\/fr\/wp-json\/wp\/v2\/pages"}],"about":[{"href":"https:\/\/lions-pharmacy.com\/fr\/wp-json\/wp\/v2\/types\/page"}],"author":[{"embeddable":true,"href":"https:\/\/lions-pharmacy.com\/fr\/wp-json\/wp\/v2\/users\/1"}],"replies":[{"embeddable":true,"href":"https:\/\/lions-pharmacy.com\/fr\/wp-json\/wp\/v2\/comments?post=1635"}],"version-history":[{"count":3,"href":"https:\/\/lions-pharmacy.com\/fr\/wp-json\/wp\/v2\/pages\/1635\/revisions"}],"predecessor-version":[{"id":21643,"href":"https:\/\/lions-pharmacy.com\/fr\/wp-json\/wp\/v2\/pages\/1635\/revisions\/21643"}],"wp:featuredmedia":[{"embeddable":true,"href":"https:\/\/lions-pharmacy.com\/fr\/wp-json\/wp\/v2\/media\/1332"}],"wp:attachment":[{"href":"https:\/\/lions-pharmacy.com\/fr\/wp-json\/wp\/v2\/media?parent=1635"}],"curies":[{"name":"wp","href":"https:\/\/api.w.org\/{rel}","templated":true}]}}