{"id":9986,"date":"2025-03-12T11:48:21","date_gmt":"2025-03-12T10:48:21","guid":{"rendered":"https:\/\/lions-pharmacy.com\/?post_type=product&#038;p=9986"},"modified":"2025-03-20T16:10:23","modified_gmt":"2025-03-20T15:10:23","slug":"horvi-enzym-c-33-liquida-50ml","status":"publish","type":"product","link":"https:\/\/lions-pharmacy.com\/es\/producto\/horvi-enzym-c-33-liquida-50ml","title":{"rendered":"Horvi Enzym C 33 L\u00edquida (50 ml)"},"content":{"rendered":"<h3>Horvi Enzym C 33 Liquida<\/h3>\n<p>Horvi Enzym C 33 liquida un preparado enzim\u00e1tico de apoyo al sistema inmunitario.<\/p>\n<p>La Farmacia de los Leones importa productos Horvi a petici\u00f3n tuya.<\/p>\n<p>Los preparados enzim\u00e1ticos Horvi son sin\u00f3nimo de descubrimientos pioneros y \u00e9xitos para humanos y animales. Los preparados enzim\u00e1ticos se comercializan seg\u00fan su receta y el proceso de fabricaci\u00f3n \u00fanico en el mundo. Horvi-EnzyMed se considera un socio para todos aquellos que desean mantener o promover la salud de forma natural. La atenci\u00f3n se centra hol\u00edsticamente en el paciente. El uso responsable de los preparados naturales tradicionales y de los nuevos descubrimientos cient\u00edficos est\u00e1 en el centro de todo lo que hacemos, en beneficio de las personas y los animales.<\/p>\n<p>Prospecto\/instrucciones de uso\/ficha t\u00e9cnica del envase: &#8211; (lector de PDF) e informaci\u00f3n alimentaria: &#8211; (lector de PDF).<\/p>\n<p>Otros productos para la aplicaci\u00f3n: <a href=\"https:\/\/lions-pharmacy.com\/product-tag\/cold-flu\">Infecciones<\/a> | <a href=\"https:\/\/lions-pharmacy.com\/product-tag\/natural-remedies\" rel=\"tag\">remedios naturales<\/a><\/p>\n<p>M\u00e1s informaci\u00f3n sobre el fabricante y este producto: Horvi (enlace a un sitio web externo)<\/p>\n<p>La informaci\u00f3n contenida en este sitio web se facilita \u00fanicamente con fines informativos. En ning\u00fan caso sustituyen al examen y tratamiento por un m\u00e9dico. Tenga en cuenta que esto significa que no se pueden hacer diagn\u00f3sticos ni iniciar terapias. Importaci\u00f3n \u00fanica &#8211; Importamos este medicamento por ti. El resultado es un plazo de entrega m\u00e1s largo. Se excluyen las devoluciones de importaciones individuales.<\/p>\n<p>Para conocer los riesgos y efectos secundarios, lea el prospecto y consulte a su m\u00e9dico o farmac\u00e9utico.<\/p>\n<h3 style=\"text-align: left;\">Prescripci\u00f3n | \u00bfReceta electr\u00f3nica disponible?<\/h3>\n<p>Env\u00ede su receta electr\u00f3nica ahora. Utilice nuestra aplicaci\u00f3n <a href=\"https:\/\/e-rezept-app.de\/shop-rezept\" target=\"_blank\" rel=\"noopener\">de recetas electr\u00f3nicas<\/a> . \u00a1Y te damos los gastos de env\u00edo gratis en Alemania!<\/p>\n","protected":false},"excerpt":{"rendered":"<h2>Horvi Enzym C 33 Liquida<\/h2>\n<p>Horvi Enzym C 33 l\u00edquido un preparado enzim\u00e1tico de apoyo al sistema inmunitario.<\/p>\n<p>Horvi n\u00ba 4027050<\/p>\n<p><strong>PZN<\/strong>: &#8211;<\/p>\n<p><strong>Forma de dosificaci\u00f3n<\/strong>: gotas<\/p>\n<p><strong>Tipo de prescripci\u00f3n<\/strong>: sin receta, importaci\u00f3n simgle bajo petici\u00f3n<\/p>\n<p><strong>Marca<\/strong>: Horvi<\/p>\n<p><strong>Fabricante<\/strong>: Horvi EnzyMed B.V, Pa\u00edses Bajos<\/p>\n","protected":false},"featured_media":9028,"comment_status":"closed","ping_status":"closed","template":"","meta":[],"product_brand":[],"product_cat":[777,116],"product_tag":[308,490,605,786,488],"class_list":{"0":"post-9986","1":"product","2":"type-product","3":"status-publish","4":"has-post-thumbnail","6":"product_cat-horvi-enzymed-es","7":"product_cat-sin-categorizar","8":"product_tag-homeopatia","9":"product_tag-ingrediente-activo-a-base-de-hierbas","10":"product_tag-medicina-veterinaria-es","11":"product_tag-producto-individual-de-importacion-sin-retorno","12":"product_tag-remedios-naturales","13":"ts_product_brand-all-es","14":"ts_product_brand-horvi-es","16":"first","17":"instock","18":"taxable","19":"shipping-taxable","20":"purchasable","21":"product-type-simple"},"yoast_head":"<!-- This site is optimized with the Yoast SEO plugin v26.5 - https:\/\/yoast.com\/wordpress\/plugins\/seo\/ -->\n<title>Horvi Enzym C 33 L\u00edquida (50 ml) &#187; Descubre m\u00e1s<\/title>\n<meta name=\"description\" content=\"Fabricante: Horvi Enyzmed. M\u00e1s informaci\u00f3n sobre Horvi Enzym C 33 L\u00edquida (50 ml). Ofrecemos: Env\u00edo internacional r\u00e1pido y compras seguras en l\u00ednea.\" \/>\n<meta name=\"robots\" content=\"index, follow, max-snippet:-1, max-image-preview:large, max-video-preview:-1\" \/>\n<link rel=\"canonical\" href=\"https:\/\/lions-pharmacy.com\/es\/producto\/horvi-enzym-c-33-liquida-50ml\" \/>\n<meta property=\"og:locale\" content=\"es_ES\" \/>\n<meta property=\"og:type\" content=\"article\" \/>\n<meta property=\"og:title\" content=\"Horvi Enzym C 33 L\u00edquida (50 ml) &#187; Descubre m\u00e1s\" \/>\n<meta property=\"og:description\" content=\"Fabricante: Horvi Enyzmed. M\u00e1s informaci\u00f3n sobre Horvi Enzym C 33 L\u00edquida (50 ml). Ofrecemos: Env\u00edo internacional r\u00e1pido y compras seguras en l\u00ednea.\" \/>\n<meta property=\"og:url\" content=\"https:\/\/lions-pharmacy.com\/es\/producto\/horvi-enzym-c-33-liquida-50ml\" \/>\n<meta property=\"og:site_name\" content=\"Lion Pharmacy\" \/>\n<meta property=\"article:modified_time\" content=\"2025-03-20T15:10:23+00:00\" \/>\n<meta property=\"og:image\" content=\"https:\/\/lions-pharmacy.com\/wp-content\/uploads\/2025\/02\/Horvi-Enzym_Liquida_Lions_Pharmacy_Transparent.webp\" \/>\n\t<meta property=\"og:image:width\" content=\"600\" \/>\n\t<meta property=\"og:image:height\" content=\"600\" \/>\n\t<meta property=\"og:image:type\" content=\"image\/webp\" \/>\n<meta name=\"twitter:card\" content=\"summary_large_image\" \/>\n<meta name=\"twitter:label1\" content=\"Tiempo de lectura\" \/>\n\t<meta name=\"twitter:data1\" content=\"1 minuto\" \/>\n<script type=\"application\/ld+json\" class=\"yoast-schema-graph\">{\"@context\":\"https:\/\/schema.org\",\"@graph\":[{\"@type\":\"WebPage\",\"@id\":\"https:\/\/lions-pharmacy.com\/es\/producto\/horvi-enzym-c-33-liquida-50ml\",\"url\":\"https:\/\/lions-pharmacy.com\/es\/producto\/horvi-enzym-c-33-liquida-50ml\",\"name\":\"Horvi Enzym C 33 L\u00edquida (50 ml) &#187; Descubre m\u00e1s\",\"isPartOf\":{\"@id\":\"https:\/\/lions-pharmacy.com\/es#website\"},\"primaryImageOfPage\":{\"@id\":\"https:\/\/lions-pharmacy.com\/es\/producto\/horvi-enzym-c-33-liquida-50ml#primaryimage\"},\"image\":{\"@id\":\"https:\/\/lions-pharmacy.com\/es\/producto\/horvi-enzym-c-33-liquida-50ml#primaryimage\"},\"thumbnailUrl\":\"https:\/\/lions-pharmacy.com\/wp-content\/uploads\/2025\/02\/Horvi-Enzym_Liquida_Lions_Pharmacy_Transparent.webp\",\"datePublished\":\"2025-03-12T10:48:21+00:00\",\"dateModified\":\"2025-03-20T15:10:23+00:00\",\"description\":\"Fabricante: Horvi Enyzmed. M\u00e1s informaci\u00f3n sobre Horvi Enzym C 33 L\u00edquida (50 ml). Ofrecemos: Env\u00edo internacional r\u00e1pido y compras seguras en l\u00ednea.\",\"breadcrumb\":{\"@id\":\"https:\/\/lions-pharmacy.com\/es\/producto\/horvi-enzym-c-33-liquida-50ml#breadcrumb\"},\"inLanguage\":\"es\",\"potentialAction\":[{\"@type\":\"ReadAction\",\"target\":[\"https:\/\/lions-pharmacy.com\/es\/producto\/horvi-enzym-c-33-liquida-50ml\"]}]},{\"@type\":\"ImageObject\",\"inLanguage\":\"es\",\"@id\":\"https:\/\/lions-pharmacy.com\/es\/producto\/horvi-enzym-c-33-liquida-50ml#primaryimage\",\"url\":\"https:\/\/lions-pharmacy.com\/wp-content\/uploads\/2025\/02\/Horvi-Enzym_Liquida_Lions_Pharmacy_Transparent.webp\",\"contentUrl\":\"https:\/\/lions-pharmacy.com\/wp-content\/uploads\/2025\/02\/Horvi-Enzym_Liquida_Lions_Pharmacy_Transparent.webp\",\"width\":600,\"height\":600,\"caption\":\"packshot de productos, caja general para todos los productos, Farmacia Horvi-Enzym Liquida Lions\"},{\"@type\":\"BreadcrumbList\",\"@id\":\"https:\/\/lions-pharmacy.com\/es\/producto\/horvi-enzym-c-33-liquida-50ml#breadcrumb\",\"itemListElement\":[{\"@type\":\"ListItem\",\"position\":1,\"name\":\"Home\",\"item\":\"https:\/\/lions-pharmacy.com\/es\/homepage-lion-pharmacy\"},{\"@type\":\"ListItem\",\"position\":2,\"name\":\"Shop\",\"item\":\"https:\/\/lions-pharmacy.com\/es\/tienda\"},{\"@type\":\"ListItem\",\"position\":3,\"name\":\"Horvi Enzym C 33 L\u00edquida (50 ml)\"}]},{\"@type\":\"WebSite\",\"@id\":\"https:\/\/lions-pharmacy.com\/es#website\",\"url\":\"https:\/\/lions-pharmacy.com\/es\",\"name\":\"Lions Pharmacy\",\"description\":\"Farmacia especializada en naturopat\u00eda de Baden-Baden, Alemania\",\"publisher\":{\"@id\":\"https:\/\/lions-pharmacy.com\/es#organization\"},\"alternateName\":\"Lion Pharmacy\",\"potentialAction\":[{\"@type\":\"SearchAction\",\"target\":{\"@type\":\"EntryPoint\",\"urlTemplate\":\"https:\/\/lions-pharmacy.com\/es?s={search_term_string}\"},\"query-input\":{\"@type\":\"PropertyValueSpecification\",\"valueRequired\":true,\"valueName\":\"search_term_string\"}}],\"inLanguage\":\"es\"},{\"@type\":\"Organization\",\"@id\":\"https:\/\/lions-pharmacy.com\/es#organization\",\"name\":\"Lions Pharmacy\",\"alternateName\":\"Lions Pharmacy24\",\"url\":\"https:\/\/lions-pharmacy.com\/es\",\"logo\":{\"@type\":\"ImageObject\",\"inLanguage\":\"es\",\"@id\":\"https:\/\/lions-pharmacy.com\/es#\/schema\/logo\/image\/\",\"url\":\"https:\/\/lions-pharmacy.com\/wp-content\/uploads\/2022\/12\/Logo-Lion-Pharmacy-c-o-Loewen-Apotheke-smal.jpg\",\"contentUrl\":\"https:\/\/lions-pharmacy.com\/wp-content\/uploads\/2022\/12\/Logo-Lion-Pharmacy-c-o-Loewen-Apotheke-smal.jpg\",\"width\":298,\"height\":99,\"caption\":\"Lions Pharmacy\"},\"image\":{\"@id\":\"https:\/\/lions-pharmacy.com\/es#\/schema\/logo\/image\/\"}}]}<\/script>\n<!-- \/ Yoast SEO plugin. -->","yoast_head_json":{"title":"Horvi Enzym C 33 L\u00edquida (50 ml) &#187; Descubre m\u00e1s","description":"Fabricante: Horvi Enyzmed. M\u00e1s informaci\u00f3n sobre Horvi Enzym C 33 L\u00edquida (50 ml). Ofrecemos: Env\u00edo internacional r\u00e1pido y compras seguras en l\u00ednea.","robots":{"index":"index","follow":"follow","max-snippet":"max-snippet:-1","max-image-preview":"max-image-preview:large","max-video-preview":"max-video-preview:-1"},"canonical":"https:\/\/lions-pharmacy.com\/es\/producto\/horvi-enzym-c-33-liquida-50ml","og_locale":"es_ES","og_type":"article","og_title":"Horvi Enzym C 33 L\u00edquida (50 ml) &#187; Descubre m\u00e1s","og_description":"Fabricante: Horvi Enyzmed. M\u00e1s informaci\u00f3n sobre Horvi Enzym C 33 L\u00edquida (50 ml). Ofrecemos: Env\u00edo internacional r\u00e1pido y compras seguras en l\u00ednea.","og_url":"https:\/\/lions-pharmacy.com\/es\/producto\/horvi-enzym-c-33-liquida-50ml","og_site_name":"Lion Pharmacy","article_modified_time":"2025-03-20T15:10:23+00:00","og_image":[{"width":600,"height":600,"url":"https:\/\/lions-pharmacy.com\/wp-content\/uploads\/2025\/02\/Horvi-Enzym_Liquida_Lions_Pharmacy_Transparent.webp","type":"image\/webp"}],"twitter_card":"summary_large_image","twitter_misc":{"Tiempo de lectura":"1 minuto"},"schema":{"@context":"https:\/\/schema.org","@graph":[{"@type":"WebPage","@id":"https:\/\/lions-pharmacy.com\/es\/producto\/horvi-enzym-c-33-liquida-50ml","url":"https:\/\/lions-pharmacy.com\/es\/producto\/horvi-enzym-c-33-liquida-50ml","name":"Horvi Enzym C 33 L\u00edquida (50 ml) &#187; Descubre m\u00e1s","isPartOf":{"@id":"https:\/\/lions-pharmacy.com\/es#website"},"primaryImageOfPage":{"@id":"https:\/\/lions-pharmacy.com\/es\/producto\/horvi-enzym-c-33-liquida-50ml#primaryimage"},"image":{"@id":"https:\/\/lions-pharmacy.com\/es\/producto\/horvi-enzym-c-33-liquida-50ml#primaryimage"},"thumbnailUrl":"https:\/\/lions-pharmacy.com\/wp-content\/uploads\/2025\/02\/Horvi-Enzym_Liquida_Lions_Pharmacy_Transparent.webp","datePublished":"2025-03-12T10:48:21+00:00","dateModified":"2025-03-20T15:10:23+00:00","description":"Fabricante: Horvi Enyzmed. M\u00e1s informaci\u00f3n sobre Horvi Enzym C 33 L\u00edquida (50 ml). Ofrecemos: Env\u00edo internacional r\u00e1pido y compras seguras en l\u00ednea.","breadcrumb":{"@id":"https:\/\/lions-pharmacy.com\/es\/producto\/horvi-enzym-c-33-liquida-50ml#breadcrumb"},"inLanguage":"es","potentialAction":[{"@type":"ReadAction","target":["https:\/\/lions-pharmacy.com\/es\/producto\/horvi-enzym-c-33-liquida-50ml"]}]},{"@type":"ImageObject","inLanguage":"es","@id":"https:\/\/lions-pharmacy.com\/es\/producto\/horvi-enzym-c-33-liquida-50ml#primaryimage","url":"https:\/\/lions-pharmacy.com\/wp-content\/uploads\/2025\/02\/Horvi-Enzym_Liquida_Lions_Pharmacy_Transparent.webp","contentUrl":"https:\/\/lions-pharmacy.com\/wp-content\/uploads\/2025\/02\/Horvi-Enzym_Liquida_Lions_Pharmacy_Transparent.webp","width":600,"height":600,"caption":"packshot de productos, caja general para todos los productos, Farmacia Horvi-Enzym Liquida Lions"},{"@type":"BreadcrumbList","@id":"https:\/\/lions-pharmacy.com\/es\/producto\/horvi-enzym-c-33-liquida-50ml#breadcrumb","itemListElement":[{"@type":"ListItem","position":1,"name":"Home","item":"https:\/\/lions-pharmacy.com\/es\/homepage-lion-pharmacy"},{"@type":"ListItem","position":2,"name":"Shop","item":"https:\/\/lions-pharmacy.com\/es\/tienda"},{"@type":"ListItem","position":3,"name":"Horvi Enzym C 33 L\u00edquida (50 ml)"}]},{"@type":"WebSite","@id":"https:\/\/lions-pharmacy.com\/es#website","url":"https:\/\/lions-pharmacy.com\/es","name":"Lions Pharmacy","description":"Farmacia especializada en naturopat\u00eda de Baden-Baden, Alemania","publisher":{"@id":"https:\/\/lions-pharmacy.com\/es#organization"},"alternateName":"Lion Pharmacy","potentialAction":[{"@type":"SearchAction","target":{"@type":"EntryPoint","urlTemplate":"https:\/\/lions-pharmacy.com\/es?s={search_term_string}"},"query-input":{"@type":"PropertyValueSpecification","valueRequired":true,"valueName":"search_term_string"}}],"inLanguage":"es"},{"@type":"Organization","@id":"https:\/\/lions-pharmacy.com\/es#organization","name":"Lions Pharmacy","alternateName":"Lions Pharmacy24","url":"https:\/\/lions-pharmacy.com\/es","logo":{"@type":"ImageObject","inLanguage":"es","@id":"https:\/\/lions-pharmacy.com\/es#\/schema\/logo\/image\/","url":"https:\/\/lions-pharmacy.com\/wp-content\/uploads\/2022\/12\/Logo-Lion-Pharmacy-c-o-Loewen-Apotheke-smal.jpg","contentUrl":"https:\/\/lions-pharmacy.com\/wp-content\/uploads\/2022\/12\/Logo-Lion-Pharmacy-c-o-Loewen-Apotheke-smal.jpg","width":298,"height":99,"caption":"Lions Pharmacy"},"image":{"@id":"https:\/\/lions-pharmacy.com\/es#\/schema\/logo\/image\/"}}]}},"_links":{"self":[{"href":"https:\/\/lions-pharmacy.com\/es\/wp-json\/wp\/v2\/product\/9986","targetHints":{"allow":["GET"]}}],"collection":[{"href":"https:\/\/lions-pharmacy.com\/es\/wp-json\/wp\/v2\/product"}],"about":[{"href":"https:\/\/lions-pharmacy.com\/es\/wp-json\/wp\/v2\/types\/product"}],"replies":[{"embeddable":true,"href":"https:\/\/lions-pharmacy.com\/es\/wp-json\/wp\/v2\/comments?post=9986"}],"wp:featuredmedia":[{"embeddable":true,"href":"https:\/\/lions-pharmacy.com\/es\/wp-json\/wp\/v2\/media\/9028"}],"wp:attachment":[{"href":"https:\/\/lions-pharmacy.com\/es\/wp-json\/wp\/v2\/media?parent=9986"}],"wp:term":[{"taxonomy":"product_brand","embeddable":true,"href":"https:\/\/lions-pharmacy.com\/es\/wp-json\/wp\/v2\/product_brand?post=9986"},{"taxonomy":"product_cat","embeddable":true,"href":"https:\/\/lions-pharmacy.com\/es\/wp-json\/wp\/v2\/product_cat?post=9986"},{"taxonomy":"product_tag","embeddable":true,"href":"https:\/\/lions-pharmacy.com\/es\/wp-json\/wp\/v2\/product_tag?post=9986"}],"curies":[{"name":"wp","href":"https:\/\/api.w.org\/{rel}","templated":true}]}}