{"id":9548,"date":"2025-02-26T14:04:15","date_gmt":"2025-02-26T13:04:15","guid":{"rendered":"https:\/\/lions-pharmacy.com\/?post_type=product&#038;p=9548"},"modified":"2025-03-12T07:15:59","modified_gmt":"2025-03-12T06:15:59","slug":"wobecare-cbd-active-cream-16818814","status":"publish","type":"product","link":"https:\/\/lions-pharmacy.com\/es\/producto\/wobecare-cbd-active-cream-16818814","title":{"rendered":"Crema Activa de CBD Wobecare (100 ml)"},"content":{"rendered":"<h3 class=\"mb-2.5 flex-1 break-words text-xl font-medium mobile:text-2xl tablet:mb-0\" data-qa-id=\"product-title\">Crema Activa de CBD Wobecare<\/h3>\n<p>La Crema Activa de CBD Wobecare es una mezcla \u00fanica de altas dosis de CBD (500 mg por tubo) y los ingredientes vegetales seleccionados \u00e1rnica, consuelda, mentol, alcanfor, gaulteria, aloe vera y aceite de br\u00f3coli. Gracias a su innovadora formulaci\u00f3n, proporciona un efecto calmante inmediato y una sensaci\u00f3n refrescante que aporta confort y alivio a la piel.<\/p>\n<p>CBD: su poder positivo tiene una larga tradici\u00f3n<br \/>\nLos productos que contienen CBD (cannabidiol) gozan actualmente de gran popularidad. No es de extra\u00f1ar, ya que el conocido ingrediente de la planta del c\u00e1\u00f1amo es valorado por sus muchas propiedades positivas y sus diversas aplicaciones. No es intoxicante ni adictivo (0,0% de THC).<\/p>\n<p>Prospecto\/instrucciones de uso\/ficha t\u00e9cnica del art\u00edculo: \u2013 (Lector de PDF)<\/p>\n<p>Otros productos de: <a href=\"https:\/\/lions-pharmacy.com\/product-tag\/vitamins-supplements\">Vitaminas y complementos Productos<\/a><\/p>\n<p>Puedes encontrar m\u00e1s detalles sobre el producto en el fabricante: <a href=\"https:\/\/www.wobenzym.de\/wobecare\" target=\"_blank\" rel=\"noopener\">Mucos &#8211; Wobenzym<\/a><\/p>\n<p>La informaci\u00f3n contenida en este sitio web se facilita \u00fanicamente con fines informativos. En ning\u00fan caso sustituyen al examen y tratamiento por un m\u00e9dico. Tenga en cuenta que esto significa que no se pueden hacer diagn\u00f3sticos ni iniciar terapias.<\/p>\n<p>Para conocer los riesgos y efectos secundarios, lea el prospecto y consulte a su m\u00e9dico o farmac\u00e9utico.<\/p>\n<p>&nbsp;<\/p>\n<h3>Prescripci\u00f3n | \u00bfReceta electr\u00f3nica disponible?<\/h3>\n<p>Env\u00ede su receta electr\u00f3nica ahora. Utilice nuestra aplicaci\u00f3n <a href=\"https:\/\/e-rezept-app.de\/shop-rezept\" target=\"_blank\" rel=\"noopener\">de recetas electr\u00f3nicas<\/a> . \u00a1Y te damos los gastos de env\u00edo gratis en Alemania!<\/p>\n","protected":false},"excerpt":{"rendered":"<h2 class=\"mb-2.5 flex-1 break-words text-xl font-medium mobile:text-2xl tablet:mb-0\" data-qa-id=\"product-title\">Crema Activa de CBD Wobecare<\/h2>\n<p>Crema Activa &#8211; Cuidado calmante con CBD para pieles estresadas<\/p>\n<p>&nbsp;<\/p>\n<p><strong>PZN<\/strong>: 16818814<\/p>\n<p><strong>Forma farmac\u00e9utica<\/strong>: crema<\/p>\n<p><strong>Tama\u00f1o del envase<\/strong>: 100 ml<\/p>\n<p><strong>Tipo de prescripci\u00f3n:<\/strong> sin receta<\/p>\n<p><strong>Marca<\/strong>: &#8211;<\/p>\n<p><strong>Fabricante<\/strong>: MUCOS, Alemania<\/p>\n","protected":false},"featured_media":9553,"comment_status":"closed","ping_status":"closed","template":"","meta":[],"product_brand":[],"product_cat":[564,125,116],"product_tag":[274,273,308,275,488,272],"class_list":{"0":"post-9548","1":"product","2":"type-product","3":"status-publish","4":"has-post-thumbnail","6":"product_cat-ofertas-exclusivas","7":"product_cat-sale-es","8":"product_cat-sin-categorizar","9":"product_tag-bienestar","10":"product_tag-control-de-peso","11":"product_tag-homeopatia","12":"product_tag-peso-y-forma-fisica","13":"product_tag-remedios-naturales","14":"product_tag-vitaminas-y-suplementos","15":"ts_product_brand-all-es","17":"first","18":"instock","19":"sale","20":"taxable","21":"shipping-taxable","22":"purchasable","23":"product-type-simple"},"yoast_head":"<!-- This site is optimized with the Yoast SEO plugin v26.5 - https:\/\/yoast.com\/wordpress\/plugins\/seo\/ -->\n<title>Crema Activa de CBD Wobecare (100 ml) &#187; Orden en Lion Pharmacy<\/title>\n<meta name=\"description\" content=\"Una farmacia en l\u00ednea alemana registrada. Ofrecemos: productos para el cuidado de mascotas, env\u00edo r\u00e1pido a todo el mundo y un servicio de primera. MUCOS: Crema Activa de CBD Wobecare (100 ml)\" \/>\n<meta name=\"robots\" content=\"index, follow, max-snippet:-1, max-image-preview:large, max-video-preview:-1\" \/>\n<link rel=\"canonical\" href=\"https:\/\/lions-pharmacy.com\/es\/producto\/wobecare-cbd-active-cream-16818814\" \/>\n<meta property=\"og:locale\" content=\"es_ES\" \/>\n<meta property=\"og:type\" content=\"article\" \/>\n<meta property=\"og:title\" content=\"Crema Activa de CBD Wobecare (100 ml) &#187; Orden en Lion Pharmacy\" \/>\n<meta property=\"og:description\" content=\"Una farmacia en l\u00ednea alemana registrada. Ofrecemos: productos para el cuidado de mascotas, env\u00edo r\u00e1pido a todo el mundo y un servicio de primera. MUCOS: Crema Activa de CBD Wobecare (100 ml)\" \/>\n<meta property=\"og:url\" content=\"https:\/\/lions-pharmacy.com\/es\/producto\/wobecare-cbd-active-cream-16818814\" \/>\n<meta property=\"og:site_name\" content=\"Lion Pharmacy\" \/>\n<meta property=\"article:modified_time\" content=\"2025-03-12T06:15:59+00:00\" \/>\n<meta property=\"og:image\" content=\"https:\/\/lions-pharmacy.com\/wp-content\/uploads\/2025\/02\/Wobecare-CBD-Active-Cream-100ml-Lions-Pharmacy.webp\" \/>\n\t<meta property=\"og:image:width\" content=\"600\" \/>\n\t<meta property=\"og:image:height\" content=\"600\" \/>\n\t<meta property=\"og:image:type\" content=\"image\/webp\" \/>\n<meta name=\"twitter:card\" content=\"summary_large_image\" \/>\n<meta name=\"twitter:label1\" content=\"Tiempo de lectura\" \/>\n\t<meta name=\"twitter:data1\" content=\"1 minuto\" \/>\n<script type=\"application\/ld+json\" class=\"yoast-schema-graph\">{\"@context\":\"https:\/\/schema.org\",\"@graph\":[{\"@type\":\"WebPage\",\"@id\":\"https:\/\/lions-pharmacy.com\/es\/producto\/wobecare-cbd-active-cream-16818814\",\"url\":\"https:\/\/lions-pharmacy.com\/es\/producto\/wobecare-cbd-active-cream-16818814\",\"name\":\"Crema Activa de CBD Wobecare (100 ml) &#187; Orden en Lion Pharmacy\",\"isPartOf\":{\"@id\":\"https:\/\/lions-pharmacy.com\/es#website\"},\"primaryImageOfPage\":{\"@id\":\"https:\/\/lions-pharmacy.com\/es\/producto\/wobecare-cbd-active-cream-16818814#primaryimage\"},\"image\":{\"@id\":\"https:\/\/lions-pharmacy.com\/es\/producto\/wobecare-cbd-active-cream-16818814#primaryimage\"},\"thumbnailUrl\":\"https:\/\/lions-pharmacy.com\/wp-content\/uploads\/2025\/02\/Wobecare-CBD-Active-Cream-100ml-Lions-Pharmacy.webp\",\"datePublished\":\"2025-02-26T13:04:15+00:00\",\"dateModified\":\"2025-03-12T06:15:59+00:00\",\"description\":\"Una farmacia en l\u00ednea alemana registrada. Ofrecemos: productos para el cuidado de mascotas, env\u00edo r\u00e1pido a todo el mundo y un servicio de primera. MUCOS: Crema Activa de CBD Wobecare (100 ml)\",\"breadcrumb\":{\"@id\":\"https:\/\/lions-pharmacy.com\/es\/producto\/wobecare-cbd-active-cream-16818814#breadcrumb\"},\"inLanguage\":\"es\",\"potentialAction\":[{\"@type\":\"ReadAction\",\"target\":[\"https:\/\/lions-pharmacy.com\/es\/producto\/wobecare-cbd-active-cream-16818814\"]}]},{\"@type\":\"ImageObject\",\"inLanguage\":\"es\",\"@id\":\"https:\/\/lions-pharmacy.com\/es\/producto\/wobecare-cbd-active-cream-16818814#primaryimage\",\"url\":\"https:\/\/lions-pharmacy.com\/wp-content\/uploads\/2025\/02\/Wobecare-CBD-Active-Cream-100ml-Lions-Pharmacy.webp\",\"contentUrl\":\"https:\/\/lions-pharmacy.com\/wp-content\/uploads\/2025\/02\/Wobecare-CBD-Active-Cream-100ml-Lions-Pharmacy.webp\",\"width\":600,\"height\":600,\"caption\":\"Crema Activa CBD Wobecare en tubo de 100 ml, presentada por Lions Pharmacy\"},{\"@type\":\"BreadcrumbList\",\"@id\":\"https:\/\/lions-pharmacy.com\/es\/producto\/wobecare-cbd-active-cream-16818814#breadcrumb\",\"itemListElement\":[{\"@type\":\"ListItem\",\"position\":1,\"name\":\"Home\",\"item\":\"https:\/\/lions-pharmacy.com\/es\/homepage-lion-pharmacy\"},{\"@type\":\"ListItem\",\"position\":2,\"name\":\"Shop\",\"item\":\"https:\/\/lions-pharmacy.com\/es\/tienda\"},{\"@type\":\"ListItem\",\"position\":3,\"name\":\"Crema Activa de CBD Wobecare (100 ml)\"}]},{\"@type\":\"WebSite\",\"@id\":\"https:\/\/lions-pharmacy.com\/es#website\",\"url\":\"https:\/\/lions-pharmacy.com\/es\",\"name\":\"Lions Pharmacy\",\"description\":\"Farmacia especializada en naturopat\u00eda de Baden-Baden, Alemania\",\"publisher\":{\"@id\":\"https:\/\/lions-pharmacy.com\/es#organization\"},\"alternateName\":\"Lion Pharmacy\",\"potentialAction\":[{\"@type\":\"SearchAction\",\"target\":{\"@type\":\"EntryPoint\",\"urlTemplate\":\"https:\/\/lions-pharmacy.com\/es?s={search_term_string}\"},\"query-input\":{\"@type\":\"PropertyValueSpecification\",\"valueRequired\":true,\"valueName\":\"search_term_string\"}}],\"inLanguage\":\"es\"},{\"@type\":\"Organization\",\"@id\":\"https:\/\/lions-pharmacy.com\/es#organization\",\"name\":\"Lions Pharmacy\",\"alternateName\":\"Lions Pharmacy24\",\"url\":\"https:\/\/lions-pharmacy.com\/es\",\"logo\":{\"@type\":\"ImageObject\",\"inLanguage\":\"es\",\"@id\":\"https:\/\/lions-pharmacy.com\/es#\/schema\/logo\/image\/\",\"url\":\"https:\/\/lions-pharmacy.com\/wp-content\/uploads\/2022\/12\/Logo-Lion-Pharmacy-c-o-Loewen-Apotheke-smal.jpg\",\"contentUrl\":\"https:\/\/lions-pharmacy.com\/wp-content\/uploads\/2022\/12\/Logo-Lion-Pharmacy-c-o-Loewen-Apotheke-smal.jpg\",\"width\":298,\"height\":99,\"caption\":\"Lions Pharmacy\"},\"image\":{\"@id\":\"https:\/\/lions-pharmacy.com\/es#\/schema\/logo\/image\/\"}}]}<\/script>\n<!-- \/ Yoast SEO plugin. -->","yoast_head_json":{"title":"Crema Activa de CBD Wobecare (100 ml) &#187; Orden en Lion Pharmacy","description":"Una farmacia en l\u00ednea alemana registrada. Ofrecemos: productos para el cuidado de mascotas, env\u00edo r\u00e1pido a todo el mundo y un servicio de primera. MUCOS: Crema Activa de CBD Wobecare (100 ml)","robots":{"index":"index","follow":"follow","max-snippet":"max-snippet:-1","max-image-preview":"max-image-preview:large","max-video-preview":"max-video-preview:-1"},"canonical":"https:\/\/lions-pharmacy.com\/es\/producto\/wobecare-cbd-active-cream-16818814","og_locale":"es_ES","og_type":"article","og_title":"Crema Activa de CBD Wobecare (100 ml) &#187; Orden en Lion Pharmacy","og_description":"Una farmacia en l\u00ednea alemana registrada. Ofrecemos: productos para el cuidado de mascotas, env\u00edo r\u00e1pido a todo el mundo y un servicio de primera. MUCOS: Crema Activa de CBD Wobecare (100 ml)","og_url":"https:\/\/lions-pharmacy.com\/es\/producto\/wobecare-cbd-active-cream-16818814","og_site_name":"Lion Pharmacy","article_modified_time":"2025-03-12T06:15:59+00:00","og_image":[{"width":600,"height":600,"url":"https:\/\/lions-pharmacy.com\/wp-content\/uploads\/2025\/02\/Wobecare-CBD-Active-Cream-100ml-Lions-Pharmacy.webp","type":"image\/webp"}],"twitter_card":"summary_large_image","twitter_misc":{"Tiempo de lectura":"1 minuto"},"schema":{"@context":"https:\/\/schema.org","@graph":[{"@type":"WebPage","@id":"https:\/\/lions-pharmacy.com\/es\/producto\/wobecare-cbd-active-cream-16818814","url":"https:\/\/lions-pharmacy.com\/es\/producto\/wobecare-cbd-active-cream-16818814","name":"Crema Activa de CBD Wobecare (100 ml) &#187; Orden en Lion Pharmacy","isPartOf":{"@id":"https:\/\/lions-pharmacy.com\/es#website"},"primaryImageOfPage":{"@id":"https:\/\/lions-pharmacy.com\/es\/producto\/wobecare-cbd-active-cream-16818814#primaryimage"},"image":{"@id":"https:\/\/lions-pharmacy.com\/es\/producto\/wobecare-cbd-active-cream-16818814#primaryimage"},"thumbnailUrl":"https:\/\/lions-pharmacy.com\/wp-content\/uploads\/2025\/02\/Wobecare-CBD-Active-Cream-100ml-Lions-Pharmacy.webp","datePublished":"2025-02-26T13:04:15+00:00","dateModified":"2025-03-12T06:15:59+00:00","description":"Una farmacia en l\u00ednea alemana registrada. Ofrecemos: productos para el cuidado de mascotas, env\u00edo r\u00e1pido a todo el mundo y un servicio de primera. MUCOS: Crema Activa de CBD Wobecare (100 ml)","breadcrumb":{"@id":"https:\/\/lions-pharmacy.com\/es\/producto\/wobecare-cbd-active-cream-16818814#breadcrumb"},"inLanguage":"es","potentialAction":[{"@type":"ReadAction","target":["https:\/\/lions-pharmacy.com\/es\/producto\/wobecare-cbd-active-cream-16818814"]}]},{"@type":"ImageObject","inLanguage":"es","@id":"https:\/\/lions-pharmacy.com\/es\/producto\/wobecare-cbd-active-cream-16818814#primaryimage","url":"https:\/\/lions-pharmacy.com\/wp-content\/uploads\/2025\/02\/Wobecare-CBD-Active-Cream-100ml-Lions-Pharmacy.webp","contentUrl":"https:\/\/lions-pharmacy.com\/wp-content\/uploads\/2025\/02\/Wobecare-CBD-Active-Cream-100ml-Lions-Pharmacy.webp","width":600,"height":600,"caption":"Crema Activa CBD Wobecare en tubo de 100 ml, presentada por Lions Pharmacy"},{"@type":"BreadcrumbList","@id":"https:\/\/lions-pharmacy.com\/es\/producto\/wobecare-cbd-active-cream-16818814#breadcrumb","itemListElement":[{"@type":"ListItem","position":1,"name":"Home","item":"https:\/\/lions-pharmacy.com\/es\/homepage-lion-pharmacy"},{"@type":"ListItem","position":2,"name":"Shop","item":"https:\/\/lions-pharmacy.com\/es\/tienda"},{"@type":"ListItem","position":3,"name":"Crema Activa de CBD Wobecare (100 ml)"}]},{"@type":"WebSite","@id":"https:\/\/lions-pharmacy.com\/es#website","url":"https:\/\/lions-pharmacy.com\/es","name":"Lions Pharmacy","description":"Farmacia especializada en naturopat\u00eda de Baden-Baden, Alemania","publisher":{"@id":"https:\/\/lions-pharmacy.com\/es#organization"},"alternateName":"Lion Pharmacy","potentialAction":[{"@type":"SearchAction","target":{"@type":"EntryPoint","urlTemplate":"https:\/\/lions-pharmacy.com\/es?s={search_term_string}"},"query-input":{"@type":"PropertyValueSpecification","valueRequired":true,"valueName":"search_term_string"}}],"inLanguage":"es"},{"@type":"Organization","@id":"https:\/\/lions-pharmacy.com\/es#organization","name":"Lions Pharmacy","alternateName":"Lions Pharmacy24","url":"https:\/\/lions-pharmacy.com\/es","logo":{"@type":"ImageObject","inLanguage":"es","@id":"https:\/\/lions-pharmacy.com\/es#\/schema\/logo\/image\/","url":"https:\/\/lions-pharmacy.com\/wp-content\/uploads\/2022\/12\/Logo-Lion-Pharmacy-c-o-Loewen-Apotheke-smal.jpg","contentUrl":"https:\/\/lions-pharmacy.com\/wp-content\/uploads\/2022\/12\/Logo-Lion-Pharmacy-c-o-Loewen-Apotheke-smal.jpg","width":298,"height":99,"caption":"Lions Pharmacy"},"image":{"@id":"https:\/\/lions-pharmacy.com\/es#\/schema\/logo\/image\/"}}]}},"_links":{"self":[{"href":"https:\/\/lions-pharmacy.com\/es\/wp-json\/wp\/v2\/product\/9548","targetHints":{"allow":["GET"]}}],"collection":[{"href":"https:\/\/lions-pharmacy.com\/es\/wp-json\/wp\/v2\/product"}],"about":[{"href":"https:\/\/lions-pharmacy.com\/es\/wp-json\/wp\/v2\/types\/product"}],"replies":[{"embeddable":true,"href":"https:\/\/lions-pharmacy.com\/es\/wp-json\/wp\/v2\/comments?post=9548"}],"wp:featuredmedia":[{"embeddable":true,"href":"https:\/\/lions-pharmacy.com\/es\/wp-json\/wp\/v2\/media\/9553"}],"wp:attachment":[{"href":"https:\/\/lions-pharmacy.com\/es\/wp-json\/wp\/v2\/media?parent=9548"}],"wp:term":[{"taxonomy":"product_brand","embeddable":true,"href":"https:\/\/lions-pharmacy.com\/es\/wp-json\/wp\/v2\/product_brand?post=9548"},{"taxonomy":"product_cat","embeddable":true,"href":"https:\/\/lions-pharmacy.com\/es\/wp-json\/wp\/v2\/product_cat?post=9548"},{"taxonomy":"product_tag","embeddable":true,"href":"https:\/\/lions-pharmacy.com\/es\/wp-json\/wp\/v2\/product_tag?post=9548"}],"curies":[{"name":"wp","href":"https:\/\/api.w.org\/{rel}","templated":true}]}}