{"id":6975,"date":"2024-11-28T12:20:15","date_gmt":"2024-11-28T11:20:15","guid":{"rendered":"https:\/\/lions-pharmacy.com\/?post_type=product&#038;p=6975"},"modified":"2025-01-25T18:55:08","modified_gmt":"2025-01-25T17:55:08","slug":"regena-ney-geront-plus-capsules-60-pcs-4260084038191","status":"publish","type":"product","link":"https:\/\/lions-pharmacy.com\/es\/producto\/regena-ney-geront-plus-capsules-60-pcs-4260084038191","title":{"rendered":"Regena Ney Geront plus c\u00e1psulas 60 uds."},"content":{"rendered":"<h2>Regena Ney Geront plus c\u00e1psulas<\/h2>\n<p>Regena Ney Geront plus c\u00e1psulas &#8211; suplemento diet\u00e9tico. Para mejorar en general el equilibrio energ\u00e9tico, Vitaminas para la concentraci\u00f3n y el rendimiento mental. B6, B12, vitamina C para la funci\u00f3n del sistema nervioso y el rendimiento de la memoria.<\/p>\n<p>Contribuyen al metabolismo energ\u00e9tico, al funcionamiento normal del sistema inmunitario, a la formaci\u00f3n normal de gl\u00f3bulos rojos y a la funci\u00f3n psicol\u00f3gica normal.<\/p>\n<p>La verdadera belleza viene del interior, pero todo el mundo tambi\u00e9n quiere poder mostrar visiblemente su atractivo en el exterior. Esto se logra mejor con factores biomoleculares que promueven la regeneraci\u00f3n celular. vitOrgan es especialista en investigaci\u00f3n y desarrollo, y su &#8220;hermosa hija&#8221; Regena Ney Cosmetic puede recurrir a una gran cantidad de recursos. Por encima de todo, se debe preservar la naturalidad, y es por eso que se presta especial atenci\u00f3n a los ingredientes seleccionados al desarrollar nuevos productos.<\/p>\n<p>Las vitaminas contenidas en Regena Ney GERONT\u00ae plus juegan un papel clave en la concentraci\u00f3n y el rendimiento mental.<\/p>\n<p>Las vitaminas B6, B12 y la vitamina C son importantes para el funcionamiento del sistema nervioso y favorecen el rendimiento de la memoria. Contribuyen al metabolismo energ\u00e9tico normal, al funcionamiento normal del sistema inmunitario, a la formaci\u00f3n normal de gl\u00f3bulos rojos y a la funci\u00f3n psicol\u00f3gica normal. Tambi\u00e9n ayudan a reducir el cansancio y la fatiga. Regena Ney GERONT\u00ae plus, con sus numerosos antioxidantes naturales, ayuda al cuerpo a protegerse de los radicales libres y a descomponer los medicamentos y otras sustancias extra\u00f1as.<\/p>\n<p>M\u00e1s informaci\u00f3n sobre manufactorer \u2013 enlace al sitio web: <a href=\"https:\/\/vitorgan.de\/en\/products\/\" target=\"_blank\" rel=\"noopener noreferrer\">vitOrgan.de<\/a><br \/>\nOtros productos vitOrgan se pueden encontrar aqu\u00ed: <a href=\"https:\/\/lions-pharmacy.com\/product-category\/vitorgan\">vitOrgan<\/a><\/p>\n<p>Para conocer los riesgos y efectos secundarios, lea el prospecto y consulte a su m\u00e9dico o farmac\u00e9utico.<\/p>\n","protected":false},"excerpt":{"rendered":"<h2>Regena Ney Geront plus c\u00e1psulas 60 uds.<\/h2>\n<p>Para mejorar en general el equilibrio energ\u00e9tico, Vitaminas para la concentraci\u00f3n y el rendimiento mental.<\/p>\n<p>&nbsp;<\/p>\n<p>PZN: 09542406 (N\u00famero Central de Farmacia)<\/p>\n<p>Forma de la dosis: c\u00e1psulas<\/p>\n<p>Tipo de prescripci\u00f3n: sin receta<\/p>\n<p>Marca: vitOrgan<\/p>\n<p>Fabricante: vitOrgan GmbH &amp; Co.KG, Ostfildern, Alemania<\/p>\n<p>Tama\u00f1o del embalaje: 60 piezas.<\/p>\n","protected":false},"featured_media":6981,"comment_status":"closed","ping_status":"closed","template":"","meta":[],"product_brand":[],"product_cat":[125,116,131],"product_tag":[308,232],"class_list":{"0":"post-6975","1":"product","2":"type-product","3":"status-publish","4":"has-post-thumbnail","6":"product_cat-sale-es","7":"product_cat-sin-categorizar","8":"product_cat-vitorgan-es","9":"product_tag-homeopatia","10":"product_tag-neydil-es","11":"ts_product_brand-all-es","12":"ts_product_brand-vitorgan-es","14":"first","15":"instock","16":"sale","17":"taxable","18":"shipping-taxable","19":"purchasable","20":"product-type-simple"},"yoast_head":"<!-- This site is optimized with the Yoast SEO plugin v26.5 - https:\/\/yoast.com\/wordpress\/plugins\/seo\/ -->\n<title>Regena Ney Geront plus c\u00e1psulas 60 uds. &#187; Farmacia - ordene aqu\u00ed<\/title>\n<meta name=\"description\" content=\"Farmacia online alemana registrada | Env\u00edo internacional r\u00e1pido | Producto fabricado por vitOrgan: Regena Ney Geront plus c\u00e1psulas 60 uds.\" \/>\n<meta name=\"robots\" content=\"index, follow, max-snippet:-1, max-image-preview:large, max-video-preview:-1\" \/>\n<link rel=\"canonical\" href=\"https:\/\/lions-pharmacy.com\/es\/producto\/regena-ney-geront-plus-capsules-60-pcs-4260084038191\" \/>\n<meta property=\"og:locale\" content=\"es_ES\" \/>\n<meta property=\"og:type\" content=\"article\" \/>\n<meta property=\"og:title\" content=\"Regena Ney Geront plus c\u00e1psulas 60 uds. &#187; Farmacia - ordene aqu\u00ed\" \/>\n<meta property=\"og:description\" content=\"Farmacia online alemana registrada | Env\u00edo internacional r\u00e1pido | Producto fabricado por vitOrgan: Regena Ney Geront plus c\u00e1psulas 60 uds.\" \/>\n<meta property=\"og:url\" content=\"https:\/\/lions-pharmacy.com\/es\/producto\/regena-ney-geront-plus-capsules-60-pcs-4260084038191\" \/>\n<meta property=\"og:site_name\" content=\"Lion Pharmacy\" \/>\n<meta property=\"article:modified_time\" content=\"2025-01-25T17:55:08+00:00\" \/>\n<meta property=\"og:image\" content=\"https:\/\/lions-pharmacy.com\/wp-content\/uploads\/2024\/11\/Regena-Ney-Geront-Plus-Vitorgan-PZN-09542406-Lowenapotheke24.webp\" \/>\n\t<meta property=\"og:image:width\" content=\"600\" \/>\n\t<meta property=\"og:image:height\" content=\"600\" \/>\n\t<meta property=\"og:image:type\" content=\"image\/webp\" \/>\n<meta name=\"twitter:card\" content=\"summary_large_image\" \/>\n<meta name=\"twitter:label1\" content=\"Tiempo de lectura\" \/>\n\t<meta name=\"twitter:data1\" content=\"2 minutos\" \/>\n<script type=\"application\/ld+json\" class=\"yoast-schema-graph\">{\"@context\":\"https:\/\/schema.org\",\"@graph\":[{\"@type\":\"WebPage\",\"@id\":\"https:\/\/lions-pharmacy.com\/es\/producto\/regena-ney-geront-plus-capsules-60-pcs-4260084038191\",\"url\":\"https:\/\/lions-pharmacy.com\/es\/producto\/regena-ney-geront-plus-capsules-60-pcs-4260084038191\",\"name\":\"Regena Ney Geront plus c\u00e1psulas 60 uds. &#187; Farmacia - ordene aqu\u00ed\",\"isPartOf\":{\"@id\":\"https:\/\/lions-pharmacy.com\/es#website\"},\"primaryImageOfPage\":{\"@id\":\"https:\/\/lions-pharmacy.com\/es\/producto\/regena-ney-geront-plus-capsules-60-pcs-4260084038191#primaryimage\"},\"image\":{\"@id\":\"https:\/\/lions-pharmacy.com\/es\/producto\/regena-ney-geront-plus-capsules-60-pcs-4260084038191#primaryimage\"},\"thumbnailUrl\":\"https:\/\/lions-pharmacy.com\/wp-content\/uploads\/2024\/11\/Regena-Ney-Geront-Plus-Vitorgan-PZN-09542406-Lowenapotheke24.webp\",\"datePublished\":\"2024-11-28T11:20:15+00:00\",\"dateModified\":\"2025-01-25T17:55:08+00:00\",\"description\":\"Farmacia online alemana registrada | Env\u00edo internacional r\u00e1pido | Producto fabricado por vitOrgan: Regena Ney Geront plus c\u00e1psulas 60 uds.\",\"breadcrumb\":{\"@id\":\"https:\/\/lions-pharmacy.com\/es\/producto\/regena-ney-geront-plus-capsules-60-pcs-4260084038191#breadcrumb\"},\"inLanguage\":\"es\",\"potentialAction\":[{\"@type\":\"ReadAction\",\"target\":[\"https:\/\/lions-pharmacy.com\/es\/producto\/regena-ney-geront-plus-capsules-60-pcs-4260084038191\"]}]},{\"@type\":\"ImageObject\",\"inLanguage\":\"es\",\"@id\":\"https:\/\/lions-pharmacy.com\/es\/producto\/regena-ney-geront-plus-capsules-60-pcs-4260084038191#primaryimage\",\"url\":\"https:\/\/lions-pharmacy.com\/wp-content\/uploads\/2024\/11\/Regena-Ney-Geront-Plus-Vitorgan-PZN-09542406-Lowenapotheke24.webp\",\"contentUrl\":\"https:\/\/lions-pharmacy.com\/wp-content\/uploads\/2024\/11\/Regena-Ney-Geront-Plus-Vitorgan-PZN-09542406-Lowenapotheke24.webp\",\"width\":600,\"height\":600,\"caption\":\"Regena Ney Geront Plus-Vitorgan-PZN 09542406-Farmacia Leones\"},{\"@type\":\"BreadcrumbList\",\"@id\":\"https:\/\/lions-pharmacy.com\/es\/producto\/regena-ney-geront-plus-capsules-60-pcs-4260084038191#breadcrumb\",\"itemListElement\":[{\"@type\":\"ListItem\",\"position\":1,\"name\":\"Home\",\"item\":\"https:\/\/lions-pharmacy.com\/es\/homepage-lion-pharmacy\"},{\"@type\":\"ListItem\",\"position\":2,\"name\":\"Shop\",\"item\":\"https:\/\/lions-pharmacy.com\/es\/tienda\"},{\"@type\":\"ListItem\",\"position\":3,\"name\":\"Regena Ney Geront plus c\u00e1psulas 60 uds.\"}]},{\"@type\":\"WebSite\",\"@id\":\"https:\/\/lions-pharmacy.com\/es#website\",\"url\":\"https:\/\/lions-pharmacy.com\/es\",\"name\":\"Lions Pharmacy\",\"description\":\"Farmacia especializada en naturopat\u00eda de Baden-Baden, Alemania\",\"publisher\":{\"@id\":\"https:\/\/lions-pharmacy.com\/es#organization\"},\"alternateName\":\"Lion Pharmacy\",\"potentialAction\":[{\"@type\":\"SearchAction\",\"target\":{\"@type\":\"EntryPoint\",\"urlTemplate\":\"https:\/\/lions-pharmacy.com\/es?s={search_term_string}\"},\"query-input\":{\"@type\":\"PropertyValueSpecification\",\"valueRequired\":true,\"valueName\":\"search_term_string\"}}],\"inLanguage\":\"es\"},{\"@type\":\"Organization\",\"@id\":\"https:\/\/lions-pharmacy.com\/es#organization\",\"name\":\"Lions Pharmacy\",\"alternateName\":\"Lions Pharmacy24\",\"url\":\"https:\/\/lions-pharmacy.com\/es\",\"logo\":{\"@type\":\"ImageObject\",\"inLanguage\":\"es\",\"@id\":\"https:\/\/lions-pharmacy.com\/es#\/schema\/logo\/image\/\",\"url\":\"https:\/\/lions-pharmacy.com\/wp-content\/uploads\/2022\/12\/Logo-Lion-Pharmacy-c-o-Loewen-Apotheke-smal.jpg\",\"contentUrl\":\"https:\/\/lions-pharmacy.com\/wp-content\/uploads\/2022\/12\/Logo-Lion-Pharmacy-c-o-Loewen-Apotheke-smal.jpg\",\"width\":298,\"height\":99,\"caption\":\"Lions Pharmacy\"},\"image\":{\"@id\":\"https:\/\/lions-pharmacy.com\/es#\/schema\/logo\/image\/\"}}]}<\/script>\n<!-- \/ Yoast SEO plugin. -->","yoast_head_json":{"title":"Regena Ney Geront plus c\u00e1psulas 60 uds. &#187; Farmacia - ordene aqu\u00ed","description":"Farmacia online alemana registrada | Env\u00edo internacional r\u00e1pido | Producto fabricado por vitOrgan: Regena Ney Geront plus c\u00e1psulas 60 uds.","robots":{"index":"index","follow":"follow","max-snippet":"max-snippet:-1","max-image-preview":"max-image-preview:large","max-video-preview":"max-video-preview:-1"},"canonical":"https:\/\/lions-pharmacy.com\/es\/producto\/regena-ney-geront-plus-capsules-60-pcs-4260084038191","og_locale":"es_ES","og_type":"article","og_title":"Regena Ney Geront plus c\u00e1psulas 60 uds. &#187; Farmacia - ordene aqu\u00ed","og_description":"Farmacia online alemana registrada | Env\u00edo internacional r\u00e1pido | Producto fabricado por vitOrgan: Regena Ney Geront plus c\u00e1psulas 60 uds.","og_url":"https:\/\/lions-pharmacy.com\/es\/producto\/regena-ney-geront-plus-capsules-60-pcs-4260084038191","og_site_name":"Lion Pharmacy","article_modified_time":"2025-01-25T17:55:08+00:00","og_image":[{"width":600,"height":600,"url":"https:\/\/lions-pharmacy.com\/wp-content\/uploads\/2024\/11\/Regena-Ney-Geront-Plus-Vitorgan-PZN-09542406-Lowenapotheke24.webp","type":"image\/webp"}],"twitter_card":"summary_large_image","twitter_misc":{"Tiempo de lectura":"2 minutos"},"schema":{"@context":"https:\/\/schema.org","@graph":[{"@type":"WebPage","@id":"https:\/\/lions-pharmacy.com\/es\/producto\/regena-ney-geront-plus-capsules-60-pcs-4260084038191","url":"https:\/\/lions-pharmacy.com\/es\/producto\/regena-ney-geront-plus-capsules-60-pcs-4260084038191","name":"Regena Ney Geront plus c\u00e1psulas 60 uds. &#187; Farmacia - ordene aqu\u00ed","isPartOf":{"@id":"https:\/\/lions-pharmacy.com\/es#website"},"primaryImageOfPage":{"@id":"https:\/\/lions-pharmacy.com\/es\/producto\/regena-ney-geront-plus-capsules-60-pcs-4260084038191#primaryimage"},"image":{"@id":"https:\/\/lions-pharmacy.com\/es\/producto\/regena-ney-geront-plus-capsules-60-pcs-4260084038191#primaryimage"},"thumbnailUrl":"https:\/\/lions-pharmacy.com\/wp-content\/uploads\/2024\/11\/Regena-Ney-Geront-Plus-Vitorgan-PZN-09542406-Lowenapotheke24.webp","datePublished":"2024-11-28T11:20:15+00:00","dateModified":"2025-01-25T17:55:08+00:00","description":"Farmacia online alemana registrada | Env\u00edo internacional r\u00e1pido | Producto fabricado por vitOrgan: Regena Ney Geront plus c\u00e1psulas 60 uds.","breadcrumb":{"@id":"https:\/\/lions-pharmacy.com\/es\/producto\/regena-ney-geront-plus-capsules-60-pcs-4260084038191#breadcrumb"},"inLanguage":"es","potentialAction":[{"@type":"ReadAction","target":["https:\/\/lions-pharmacy.com\/es\/producto\/regena-ney-geront-plus-capsules-60-pcs-4260084038191"]}]},{"@type":"ImageObject","inLanguage":"es","@id":"https:\/\/lions-pharmacy.com\/es\/producto\/regena-ney-geront-plus-capsules-60-pcs-4260084038191#primaryimage","url":"https:\/\/lions-pharmacy.com\/wp-content\/uploads\/2024\/11\/Regena-Ney-Geront-Plus-Vitorgan-PZN-09542406-Lowenapotheke24.webp","contentUrl":"https:\/\/lions-pharmacy.com\/wp-content\/uploads\/2024\/11\/Regena-Ney-Geront-Plus-Vitorgan-PZN-09542406-Lowenapotheke24.webp","width":600,"height":600,"caption":"Regena Ney Geront Plus-Vitorgan-PZN 09542406-Farmacia Leones"},{"@type":"BreadcrumbList","@id":"https:\/\/lions-pharmacy.com\/es\/producto\/regena-ney-geront-plus-capsules-60-pcs-4260084038191#breadcrumb","itemListElement":[{"@type":"ListItem","position":1,"name":"Home","item":"https:\/\/lions-pharmacy.com\/es\/homepage-lion-pharmacy"},{"@type":"ListItem","position":2,"name":"Shop","item":"https:\/\/lions-pharmacy.com\/es\/tienda"},{"@type":"ListItem","position":3,"name":"Regena Ney Geront plus c\u00e1psulas 60 uds."}]},{"@type":"WebSite","@id":"https:\/\/lions-pharmacy.com\/es#website","url":"https:\/\/lions-pharmacy.com\/es","name":"Lions Pharmacy","description":"Farmacia especializada en naturopat\u00eda de Baden-Baden, Alemania","publisher":{"@id":"https:\/\/lions-pharmacy.com\/es#organization"},"alternateName":"Lion Pharmacy","potentialAction":[{"@type":"SearchAction","target":{"@type":"EntryPoint","urlTemplate":"https:\/\/lions-pharmacy.com\/es?s={search_term_string}"},"query-input":{"@type":"PropertyValueSpecification","valueRequired":true,"valueName":"search_term_string"}}],"inLanguage":"es"},{"@type":"Organization","@id":"https:\/\/lions-pharmacy.com\/es#organization","name":"Lions Pharmacy","alternateName":"Lions Pharmacy24","url":"https:\/\/lions-pharmacy.com\/es","logo":{"@type":"ImageObject","inLanguage":"es","@id":"https:\/\/lions-pharmacy.com\/es#\/schema\/logo\/image\/","url":"https:\/\/lions-pharmacy.com\/wp-content\/uploads\/2022\/12\/Logo-Lion-Pharmacy-c-o-Loewen-Apotheke-smal.jpg","contentUrl":"https:\/\/lions-pharmacy.com\/wp-content\/uploads\/2022\/12\/Logo-Lion-Pharmacy-c-o-Loewen-Apotheke-smal.jpg","width":298,"height":99,"caption":"Lions Pharmacy"},"image":{"@id":"https:\/\/lions-pharmacy.com\/es#\/schema\/logo\/image\/"}}]}},"_links":{"self":[{"href":"https:\/\/lions-pharmacy.com\/es\/wp-json\/wp\/v2\/product\/6975","targetHints":{"allow":["GET"]}}],"collection":[{"href":"https:\/\/lions-pharmacy.com\/es\/wp-json\/wp\/v2\/product"}],"about":[{"href":"https:\/\/lions-pharmacy.com\/es\/wp-json\/wp\/v2\/types\/product"}],"replies":[{"embeddable":true,"href":"https:\/\/lions-pharmacy.com\/es\/wp-json\/wp\/v2\/comments?post=6975"}],"wp:featuredmedia":[{"embeddable":true,"href":"https:\/\/lions-pharmacy.com\/es\/wp-json\/wp\/v2\/media\/6981"}],"wp:attachment":[{"href":"https:\/\/lions-pharmacy.com\/es\/wp-json\/wp\/v2\/media?parent=6975"}],"wp:term":[{"taxonomy":"product_brand","embeddable":true,"href":"https:\/\/lions-pharmacy.com\/es\/wp-json\/wp\/v2\/product_brand?post=6975"},{"taxonomy":"product_cat","embeddable":true,"href":"https:\/\/lions-pharmacy.com\/es\/wp-json\/wp\/v2\/product_cat?post=6975"},{"taxonomy":"product_tag","embeddable":true,"href":"https:\/\/lions-pharmacy.com\/es\/wp-json\/wp\/v2\/product_tag?post=6975"}],"curies":[{"name":"wp","href":"https:\/\/api.w.org\/{rel}","templated":true}]}}