{"id":6944,"date":"2024-11-28T11:54:34","date_gmt":"2024-11-28T10:54:34","guid":{"rendered":"https:\/\/lions-pharmacy.com\/?post_type=product&#038;p=6944"},"modified":"2025-01-25T19:06:42","modified_gmt":"2025-01-25T18:06:42","slug":"eye-nutrition-tablets-regena-ney-60-pcs-03317536","status":"publish","type":"product","link":"https:\/\/lions-pharmacy.com\/es\/producto\/eye-nutrition-tablets-regena-ney-60-pcs-03317536","title":{"rendered":"Comprimidos Nutrici\u00f3n Ocular &#8211; Regena Ney &#8211; 60 uds."},"content":{"rendered":"<h3>Comprimidos de nutrici\u00f3n ocular &#8211; Regena Ney<\/h3>\n<p>Comprimidos recubiertos de nutrici\u00f3n ocular una combinaci\u00f3n de lute\u00edna, zeaxantina, vitaminas y minerales. Complemento alimenticio. La vitamina A y la vitamina B2 ayudan a mantener una visi\u00f3n normal.<\/p>\n<p>La verdadera belleza viene del interior, pero todo el mundo quiere poder mostrar su atractivo claramente en el exterior. Esto se logra mejor con factores biomoleculares que promueven la regeneraci\u00f3n celular. VitOrgan es especialista en investigaci\u00f3n y desarrollo, y su &#8220;bella hija&#8221; Regena Ney Cosmetic puede recurrir a una gran cantidad de recursos. Por encima de todo, hay que preservar la naturalidad, y por eso se presta especial atenci\u00f3n a los ingredientes seleccionados al desarrollar nuevos productos.<\/p>\n<p>No debe superarse la dosis diaria recomendada de 1 comprimido recubierto al d\u00eda.<\/p>\n<p>La nutrici\u00f3n ocular no sustituye a una dieta equilibrada y variada y a un estilo de vida sano.<\/p>\n<p>El producto contiene vitamina A. Las mujeres embarazadas y las mujeres en las que no pueda descartarse el embarazo deben consultar a su m\u00e9dico antes de empezar a consumir el producto.<\/p>\n<p>Los complementos alimenticios no sustituyen a una dieta equilibrada y variada ni a un estilo de vida saludable. No se debe exceder la ingesta diaria recomendada. Guarde el producto fuera del alcance de los ni\u00f1os peque\u00f1os.<\/p>\n<p>Otros productos para la aplicaci\u00f3n: <a href=\"https:\/\/lions-pharmacy.com\/produkt-kategorie\/vitorgan\">vitOrgan<\/a> | <a href=\"https:\/\/lions-pharmacy.com\/product-tag\/vitamins-supplements\">Vitaminas y suplementos Productos<\/a><br \/>\nM\u00e1s informaci\u00f3n sobre el fabricante y este producto: <a href=\"https:\/\/vitorgan.de\/en\/products\/\" target=\"_blank\" rel=\"noopener\">vitOrgan<\/a> (enlace externo)<\/p>\n<p>La informaci\u00f3n contenida en este sitio web se facilita \u00fanicamente con fines informativos. En ning\u00fan caso sustituyen al examen y tratamiento por un m\u00e9dico. Tenga en cuenta que esto significa que no se pueden hacer diagn\u00f3sticos ni iniciar terapias.<\/p>\n<p>Para conocer los riesgos y efectos secundarios, lea el prospecto y consulte a su m\u00e9dico o farmac\u00e9utico.<\/p>\n","protected":false},"excerpt":{"rendered":"<h2>Nutrici\u00f3n Ocular Comprimidos 60 unid.<\/h2>\n<p>Los comprimidos de Nutrici\u00f3n Ocular contienen una combinaci\u00f3n de lute\u00edna, zeaxantina, vitaminas y minerales.<\/p>\n<p>&nbsp;<\/p>\n<p>PZN: 03317536 (N\u00famero Central de Farmacia)<\/p>\n<p>Forma de dosificaci\u00f3n: comprimidos recubiertos con pel\u00edcula<\/p>\n<p>Tipo de prescripci\u00f3n: sin receta<\/p>\n<p>Marca: Regena Ney<\/p>\n<p>Fabricante: vitOrgan GmbH &amp; Co.KG, Ostfildern, Alemania<\/p>\n<p>Tama\u00f1o del embalaje: 60 piezas.<\/p>\n","protected":false},"featured_media":6950,"comment_status":"closed","ping_status":"closed","template":"","meta":[],"product_brand":[],"product_cat":[125,116,131],"product_tag":[308,232],"class_list":{"0":"post-6944","1":"product","2":"type-product","3":"status-publish","4":"has-post-thumbnail","6":"product_cat-sale-es","7":"product_cat-sin-categorizar","8":"product_cat-vitorgan-es","9":"product_tag-homeopatia","10":"product_tag-neydil-es","11":"ts_product_brand-all-es","12":"ts_product_brand-vitorgan-es","14":"first","15":"instock","16":"sale","17":"taxable","18":"shipping-taxable","19":"purchasable","20":"product-type-simple"},"yoast_head":"<!-- This site is optimized with the Yoast SEO plugin v26.5 - https:\/\/yoast.com\/wordpress\/plugins\/seo\/ -->\n<title>Comprimidos Nutrici\u00f3n Ocular - Regena Ney - 60 uds. &#187; Farmacia - ordene aqu\u00ed<\/title>\n<meta name=\"description\" content=\"Farmacia online alemana registrada | Env\u00edo internacional r\u00e1pido | Producto fabricado por vitOrgan: Comprimidos Nutrici\u00f3n Ocular - Regena Ney - 60 uds.\" \/>\n<meta name=\"robots\" content=\"index, follow, max-snippet:-1, max-image-preview:large, max-video-preview:-1\" \/>\n<link rel=\"canonical\" href=\"https:\/\/lions-pharmacy.com\/es\/producto\/eye-nutrition-tablets-regena-ney-60-pcs-03317536\" \/>\n<meta property=\"og:locale\" content=\"es_ES\" \/>\n<meta property=\"og:type\" content=\"article\" \/>\n<meta property=\"og:title\" content=\"Comprimidos Nutrici\u00f3n Ocular - Regena Ney - 60 uds. &#187; Farmacia - ordene aqu\u00ed\" \/>\n<meta property=\"og:description\" content=\"Farmacia online alemana registrada | Env\u00edo internacional r\u00e1pido | Producto fabricado por vitOrgan: Comprimidos Nutrici\u00f3n Ocular - Regena Ney - 60 uds.\" \/>\n<meta property=\"og:url\" content=\"https:\/\/lions-pharmacy.com\/es\/producto\/eye-nutrition-tablets-regena-ney-60-pcs-03317536\" \/>\n<meta property=\"og:site_name\" content=\"Lion Pharmacy\" \/>\n<meta property=\"article:modified_time\" content=\"2025-01-25T18:06:42+00:00\" \/>\n<meta property=\"og:image\" content=\"https:\/\/lions-pharmacy.com\/wp-content\/uploads\/2024\/11\/Augennahrung-Vitorgan-PZN-03317536-Lowenapotheke24.webp\" \/>\n\t<meta property=\"og:image:width\" content=\"600\" \/>\n\t<meta property=\"og:image:height\" content=\"600\" \/>\n\t<meta property=\"og:image:type\" content=\"image\/webp\" \/>\n<meta name=\"twitter:card\" content=\"summary_large_image\" \/>\n<meta name=\"twitter:label1\" content=\"Tiempo de lectura\" \/>\n\t<meta name=\"twitter:data1\" content=\"2 minutos\" \/>\n<script type=\"application\/ld+json\" class=\"yoast-schema-graph\">{\"@context\":\"https:\/\/schema.org\",\"@graph\":[{\"@type\":\"WebPage\",\"@id\":\"https:\/\/lions-pharmacy.com\/es\/producto\/eye-nutrition-tablets-regena-ney-60-pcs-03317536\",\"url\":\"https:\/\/lions-pharmacy.com\/es\/producto\/eye-nutrition-tablets-regena-ney-60-pcs-03317536\",\"name\":\"Comprimidos Nutrici\u00f3n Ocular - Regena Ney - 60 uds. &#187; Farmacia - ordene aqu\u00ed\",\"isPartOf\":{\"@id\":\"https:\/\/lions-pharmacy.com\/es#website\"},\"primaryImageOfPage\":{\"@id\":\"https:\/\/lions-pharmacy.com\/es\/producto\/eye-nutrition-tablets-regena-ney-60-pcs-03317536#primaryimage\"},\"image\":{\"@id\":\"https:\/\/lions-pharmacy.com\/es\/producto\/eye-nutrition-tablets-regena-ney-60-pcs-03317536#primaryimage\"},\"thumbnailUrl\":\"https:\/\/lions-pharmacy.com\/wp-content\/uploads\/2024\/11\/Augennahrung-Vitorgan-PZN-03317536-Lowenapotheke24.webp\",\"datePublished\":\"2024-11-28T10:54:34+00:00\",\"dateModified\":\"2025-01-25T18:06:42+00:00\",\"description\":\"Farmacia online alemana registrada | Env\u00edo internacional r\u00e1pido | Producto fabricado por vitOrgan: Comprimidos Nutrici\u00f3n Ocular - Regena Ney - 60 uds.\",\"breadcrumb\":{\"@id\":\"https:\/\/lions-pharmacy.com\/es\/producto\/eye-nutrition-tablets-regena-ney-60-pcs-03317536#breadcrumb\"},\"inLanguage\":\"es\",\"potentialAction\":[{\"@type\":\"ReadAction\",\"target\":[\"https:\/\/lions-pharmacy.com\/es\/producto\/eye-nutrition-tablets-regena-ney-60-pcs-03317536\"]}]},{\"@type\":\"ImageObject\",\"inLanguage\":\"es\",\"@id\":\"https:\/\/lions-pharmacy.com\/es\/producto\/eye-nutrition-tablets-regena-ney-60-pcs-03317536#primaryimage\",\"url\":\"https:\/\/lions-pharmacy.com\/wp-content\/uploads\/2024\/11\/Augennahrung-Vitorgan-PZN-03317536-Lowenapotheke24.webp\",\"contentUrl\":\"https:\/\/lions-pharmacy.com\/wp-content\/uploads\/2024\/11\/Augennahrung-Vitorgan-PZN-03317536-Lowenapotheke24.webp\",\"width\":600,\"height\":600,\"caption\":\"Las im\u00e1genes muestran Comprimidos Nutrici\u00f3n Ocular - Regena Ney 60 Uds. Vitorgan PZN 03317536 Farmacia de los Leones\"},{\"@type\":\"BreadcrumbList\",\"@id\":\"https:\/\/lions-pharmacy.com\/es\/producto\/eye-nutrition-tablets-regena-ney-60-pcs-03317536#breadcrumb\",\"itemListElement\":[{\"@type\":\"ListItem\",\"position\":1,\"name\":\"Home\",\"item\":\"https:\/\/lions-pharmacy.com\/es\/homepage-lion-pharmacy\"},{\"@type\":\"ListItem\",\"position\":2,\"name\":\"Shop\",\"item\":\"https:\/\/lions-pharmacy.com\/es\/tienda\"},{\"@type\":\"ListItem\",\"position\":3,\"name\":\"Comprimidos Nutrici\u00f3n Ocular &#8211; Regena Ney &#8211; 60 uds.\"}]},{\"@type\":\"WebSite\",\"@id\":\"https:\/\/lions-pharmacy.com\/es#website\",\"url\":\"https:\/\/lions-pharmacy.com\/es\",\"name\":\"Lions Pharmacy\",\"description\":\"Farmacia especializada en naturopat\u00eda de Baden-Baden, Alemania\",\"publisher\":{\"@id\":\"https:\/\/lions-pharmacy.com\/es#organization\"},\"alternateName\":\"Lion Pharmacy\",\"potentialAction\":[{\"@type\":\"SearchAction\",\"target\":{\"@type\":\"EntryPoint\",\"urlTemplate\":\"https:\/\/lions-pharmacy.com\/es?s={search_term_string}\"},\"query-input\":{\"@type\":\"PropertyValueSpecification\",\"valueRequired\":true,\"valueName\":\"search_term_string\"}}],\"inLanguage\":\"es\"},{\"@type\":\"Organization\",\"@id\":\"https:\/\/lions-pharmacy.com\/es#organization\",\"name\":\"Lions Pharmacy\",\"alternateName\":\"Lions Pharmacy24\",\"url\":\"https:\/\/lions-pharmacy.com\/es\",\"logo\":{\"@type\":\"ImageObject\",\"inLanguage\":\"es\",\"@id\":\"https:\/\/lions-pharmacy.com\/es#\/schema\/logo\/image\/\",\"url\":\"https:\/\/lions-pharmacy.com\/wp-content\/uploads\/2022\/12\/Logo-Lion-Pharmacy-c-o-Loewen-Apotheke-smal.jpg\",\"contentUrl\":\"https:\/\/lions-pharmacy.com\/wp-content\/uploads\/2022\/12\/Logo-Lion-Pharmacy-c-o-Loewen-Apotheke-smal.jpg\",\"width\":298,\"height\":99,\"caption\":\"Lions Pharmacy\"},\"image\":{\"@id\":\"https:\/\/lions-pharmacy.com\/es#\/schema\/logo\/image\/\"}}]}<\/script>\n<!-- \/ Yoast SEO plugin. -->","yoast_head_json":{"title":"Comprimidos Nutrici\u00f3n Ocular - Regena Ney - 60 uds. &#187; Farmacia - ordene aqu\u00ed","description":"Farmacia online alemana registrada | Env\u00edo internacional r\u00e1pido | Producto fabricado por vitOrgan: Comprimidos Nutrici\u00f3n Ocular - Regena Ney - 60 uds.","robots":{"index":"index","follow":"follow","max-snippet":"max-snippet:-1","max-image-preview":"max-image-preview:large","max-video-preview":"max-video-preview:-1"},"canonical":"https:\/\/lions-pharmacy.com\/es\/producto\/eye-nutrition-tablets-regena-ney-60-pcs-03317536","og_locale":"es_ES","og_type":"article","og_title":"Comprimidos Nutrici\u00f3n Ocular - Regena Ney - 60 uds. &#187; Farmacia - ordene aqu\u00ed","og_description":"Farmacia online alemana registrada | Env\u00edo internacional r\u00e1pido | Producto fabricado por vitOrgan: Comprimidos Nutrici\u00f3n Ocular - Regena Ney - 60 uds.","og_url":"https:\/\/lions-pharmacy.com\/es\/producto\/eye-nutrition-tablets-regena-ney-60-pcs-03317536","og_site_name":"Lion Pharmacy","article_modified_time":"2025-01-25T18:06:42+00:00","og_image":[{"width":600,"height":600,"url":"https:\/\/lions-pharmacy.com\/wp-content\/uploads\/2024\/11\/Augennahrung-Vitorgan-PZN-03317536-Lowenapotheke24.webp","type":"image\/webp"}],"twitter_card":"summary_large_image","twitter_misc":{"Tiempo de lectura":"2 minutos"},"schema":{"@context":"https:\/\/schema.org","@graph":[{"@type":"WebPage","@id":"https:\/\/lions-pharmacy.com\/es\/producto\/eye-nutrition-tablets-regena-ney-60-pcs-03317536","url":"https:\/\/lions-pharmacy.com\/es\/producto\/eye-nutrition-tablets-regena-ney-60-pcs-03317536","name":"Comprimidos Nutrici\u00f3n Ocular - Regena Ney - 60 uds. &#187; Farmacia - ordene aqu\u00ed","isPartOf":{"@id":"https:\/\/lions-pharmacy.com\/es#website"},"primaryImageOfPage":{"@id":"https:\/\/lions-pharmacy.com\/es\/producto\/eye-nutrition-tablets-regena-ney-60-pcs-03317536#primaryimage"},"image":{"@id":"https:\/\/lions-pharmacy.com\/es\/producto\/eye-nutrition-tablets-regena-ney-60-pcs-03317536#primaryimage"},"thumbnailUrl":"https:\/\/lions-pharmacy.com\/wp-content\/uploads\/2024\/11\/Augennahrung-Vitorgan-PZN-03317536-Lowenapotheke24.webp","datePublished":"2024-11-28T10:54:34+00:00","dateModified":"2025-01-25T18:06:42+00:00","description":"Farmacia online alemana registrada | Env\u00edo internacional r\u00e1pido | Producto fabricado por vitOrgan: Comprimidos Nutrici\u00f3n Ocular - Regena Ney - 60 uds.","breadcrumb":{"@id":"https:\/\/lions-pharmacy.com\/es\/producto\/eye-nutrition-tablets-regena-ney-60-pcs-03317536#breadcrumb"},"inLanguage":"es","potentialAction":[{"@type":"ReadAction","target":["https:\/\/lions-pharmacy.com\/es\/producto\/eye-nutrition-tablets-regena-ney-60-pcs-03317536"]}]},{"@type":"ImageObject","inLanguage":"es","@id":"https:\/\/lions-pharmacy.com\/es\/producto\/eye-nutrition-tablets-regena-ney-60-pcs-03317536#primaryimage","url":"https:\/\/lions-pharmacy.com\/wp-content\/uploads\/2024\/11\/Augennahrung-Vitorgan-PZN-03317536-Lowenapotheke24.webp","contentUrl":"https:\/\/lions-pharmacy.com\/wp-content\/uploads\/2024\/11\/Augennahrung-Vitorgan-PZN-03317536-Lowenapotheke24.webp","width":600,"height":600,"caption":"Las im\u00e1genes muestran Comprimidos Nutrici\u00f3n Ocular - Regena Ney 60 Uds. Vitorgan PZN 03317536 Farmacia de los Leones"},{"@type":"BreadcrumbList","@id":"https:\/\/lions-pharmacy.com\/es\/producto\/eye-nutrition-tablets-regena-ney-60-pcs-03317536#breadcrumb","itemListElement":[{"@type":"ListItem","position":1,"name":"Home","item":"https:\/\/lions-pharmacy.com\/es\/homepage-lion-pharmacy"},{"@type":"ListItem","position":2,"name":"Shop","item":"https:\/\/lions-pharmacy.com\/es\/tienda"},{"@type":"ListItem","position":3,"name":"Comprimidos Nutrici\u00f3n Ocular &#8211; Regena Ney &#8211; 60 uds."}]},{"@type":"WebSite","@id":"https:\/\/lions-pharmacy.com\/es#website","url":"https:\/\/lions-pharmacy.com\/es","name":"Lions Pharmacy","description":"Farmacia especializada en naturopat\u00eda de Baden-Baden, Alemania","publisher":{"@id":"https:\/\/lions-pharmacy.com\/es#organization"},"alternateName":"Lion Pharmacy","potentialAction":[{"@type":"SearchAction","target":{"@type":"EntryPoint","urlTemplate":"https:\/\/lions-pharmacy.com\/es?s={search_term_string}"},"query-input":{"@type":"PropertyValueSpecification","valueRequired":true,"valueName":"search_term_string"}}],"inLanguage":"es"},{"@type":"Organization","@id":"https:\/\/lions-pharmacy.com\/es#organization","name":"Lions Pharmacy","alternateName":"Lions Pharmacy24","url":"https:\/\/lions-pharmacy.com\/es","logo":{"@type":"ImageObject","inLanguage":"es","@id":"https:\/\/lions-pharmacy.com\/es#\/schema\/logo\/image\/","url":"https:\/\/lions-pharmacy.com\/wp-content\/uploads\/2022\/12\/Logo-Lion-Pharmacy-c-o-Loewen-Apotheke-smal.jpg","contentUrl":"https:\/\/lions-pharmacy.com\/wp-content\/uploads\/2022\/12\/Logo-Lion-Pharmacy-c-o-Loewen-Apotheke-smal.jpg","width":298,"height":99,"caption":"Lions Pharmacy"},"image":{"@id":"https:\/\/lions-pharmacy.com\/es#\/schema\/logo\/image\/"}}]}},"_links":{"self":[{"href":"https:\/\/lions-pharmacy.com\/es\/wp-json\/wp\/v2\/product\/6944","targetHints":{"allow":["GET"]}}],"collection":[{"href":"https:\/\/lions-pharmacy.com\/es\/wp-json\/wp\/v2\/product"}],"about":[{"href":"https:\/\/lions-pharmacy.com\/es\/wp-json\/wp\/v2\/types\/product"}],"replies":[{"embeddable":true,"href":"https:\/\/lions-pharmacy.com\/es\/wp-json\/wp\/v2\/comments?post=6944"}],"wp:featuredmedia":[{"embeddable":true,"href":"https:\/\/lions-pharmacy.com\/es\/wp-json\/wp\/v2\/media\/6950"}],"wp:attachment":[{"href":"https:\/\/lions-pharmacy.com\/es\/wp-json\/wp\/v2\/media?parent=6944"}],"wp:term":[{"taxonomy":"product_brand","embeddable":true,"href":"https:\/\/lions-pharmacy.com\/es\/wp-json\/wp\/v2\/product_brand?post=6944"},{"taxonomy":"product_cat","embeddable":true,"href":"https:\/\/lions-pharmacy.com\/es\/wp-json\/wp\/v2\/product_cat?post=6944"},{"taxonomy":"product_tag","embeddable":true,"href":"https:\/\/lions-pharmacy.com\/es\/wp-json\/wp\/v2\/product_tag?post=6944"}],"curies":[{"name":"wp","href":"https:\/\/api.w.org\/{rel}","templated":true}]}}