{"id":6788,"date":"2024-12-03T10:10:00","date_gmt":"2024-12-03T09:10:00","guid":{"rendered":"https:\/\/lions-pharmacy.com\/?post_type=product&#038;p=6788"},"modified":"2025-01-25T22:37:22","modified_gmt":"2025-01-25T21:37:22","slug":"neyvit-no-66-cell-power-tablets-60pcs-4150134212230","status":"publish","type":"product","link":"https:\/\/lions-pharmacy.com\/es\/producto\/neyvit-no-66-cell-power-tablets-60pcs-4150134212230","title":{"rendered":"NeyVit No.66 Tabletas de energ\u00eda celular 60 piezas."},"content":{"rendered":"<h3>NeyVit No.66 Tabletas de energ\u00eda celular<\/h3>\n<p>Tabletas de potencia celular NeyVit No. 66. Comprimidos gastrorresistentes con extracto de \u00f3rganos y vitamina D.<\/p>\n<p>Los preparados homeop\u00e1ticos para \u00f3rganos que ofrece vitOrgan para la terapia biomolecular utilizan sustancias org\u00e1nicas naturales con efecto regulador y metab\u00f3lico para normalizar fisiol\u00f3gicamente los procesos que se han desequilibrado. La vitOrganoterapia biomolecular es una terapia de gran \u00e9xito desde hace 60 a\u00f1os. Constituye un puente entre los llamados campos de la medicina ortodoxa y la naturopat\u00eda. Utiliza sustancias naturales, reguladoras y metab\u00f3licamente funcionales, que est\u00e1n disponibles tanto en humanos como en animales, para normalizar las enfermedades modificando los procesos fisiol\u00f3gicos que ya no est\u00e1n en equilibrio y, con ello, tratar al paciente no s\u00f3lo sintom\u00e1ticamente, sino tambi\u00e9n causalmente. Seg\u00fan el principio &#8220;el coraz\u00f3n cura al coraz\u00f3n, el ri\u00f1\u00f3n cura al ri\u00f1\u00f3n, el \u00f3rgano cura al \u00f3rgano&#8221;, es importante despertar el poder de las c\u00e9lulas debilitadas mediante una regulaci\u00f3n espec\u00edfica.<\/p>\n<p>Folleto \/ folleto: <a href=\"https:\/\/www.loewen-apotheke24.com\/wp-content\/uploads\/2017\/11\/Flyer_NeyVit_Nr.66.pdf\">Folleto NeyVit No.66<\/a><\/p>\n<p>Informaci\u00f3n del fabricante vitOrgan sobre NeyVit No.66 &#8211; <a href=\"https:\/\/vitorgan.de\/produkte-human\/neyvit\/\">ir al sitio web del socio<\/a><br \/>\nOtros productos de <a href=\"https:\/\/lions-pharmacy.com\/product-category\/vitorgan\">vitOrgan<\/a>.<\/p>\n<p>La informaci\u00f3n contenida en este sitio web se facilita \u00fanicamente con fines informativos. En ning\u00fan caso sustituyen al examen y tratamiento por un m\u00e9dico. Tenga en cuenta que esto significa que no se pueden hacer diagn\u00f3sticos ni iniciar terapias.<\/p>\n<p>Para conocer los riesgos y efectos secundarios, lea el prospecto y consulte a su m\u00e9dico o farmac\u00e9utico.<\/p>\n","protected":false},"excerpt":{"rendered":"<h2>NeyVit No.66 Tabletas de energ\u00eda celular 60 piezas.<\/h2>\n<p>Comprimidos gastrorresistentes con extracto de \u00f3rganos y vitamina D. NeyVit N\u00ba 66 comprimidos de energ\u00eda celular.<\/p>\n<p>&nbsp;<\/p>\n<p>PZN: 13421223 (N\u00famero Central de Farmacia)<\/p>\n<p>Forma de la dosis: tabletas<\/p>\n<p>Tipo de prescripci\u00f3n: sin receta<\/p>\n<p>Marca: vitOrgan<\/p>\n<p>Fabricante: vitOrgan GmbH &amp; Co.KG, Ostfildern, Alemania<\/p>\n<p>Tama\u00f1o del embalaje: 60 piezas.<\/p>\n","protected":false},"featured_media":6794,"comment_status":"closed","ping_status":"closed","template":"","meta":[],"product_brand":[],"product_cat":[125,116,131],"product_tag":[308,232],"class_list":{"0":"post-6788","1":"product","2":"type-product","3":"status-publish","4":"has-post-thumbnail","6":"product_cat-sale-es","7":"product_cat-sin-categorizar","8":"product_cat-vitorgan-es","9":"product_tag-homeopatia","10":"product_tag-neydil-es","11":"ts_product_brand-all-es","12":"ts_product_brand-vitorgan-es","14":"first","15":"instock","16":"sale","17":"taxable","18":"shipping-taxable","19":"purchasable","20":"product-type-simple"},"yoast_head":"<!-- This site is optimized with the Yoast SEO plugin v26.5 - https:\/\/yoast.com\/wordpress\/plugins\/seo\/ -->\n<title>NeyVit No.66 Tabletas de energ\u00eda celular 60 piezas. &#187; Farmacia - ordene aqu\u00ed<\/title>\n<meta name=\"description\" content=\"Farmacia online alemana registrada | Env\u00edo internacional r\u00e1pido | Producto fabricado por vitOrgan: NeyVit No.66 Tabletas de energ\u00eda celular 60 piezas.\" \/>\n<meta name=\"robots\" content=\"index, follow, max-snippet:-1, max-image-preview:large, max-video-preview:-1\" \/>\n<link rel=\"canonical\" href=\"https:\/\/lions-pharmacy.com\/es\/producto\/neyvit-no-66-cell-power-tablets-60pcs-4150134212230\" \/>\n<meta property=\"og:locale\" content=\"es_ES\" \/>\n<meta property=\"og:type\" content=\"article\" \/>\n<meta property=\"og:title\" content=\"NeyVit No.66 Tabletas de energ\u00eda celular 60 piezas. &#187; Farmacia - ordene aqu\u00ed\" \/>\n<meta property=\"og:description\" content=\"Farmacia online alemana registrada | Env\u00edo internacional r\u00e1pido | Producto fabricado por vitOrgan: NeyVit No.66 Tabletas de energ\u00eda celular 60 piezas.\" \/>\n<meta property=\"og:url\" content=\"https:\/\/lions-pharmacy.com\/es\/producto\/neyvit-no-66-cell-power-tablets-60pcs-4150134212230\" \/>\n<meta property=\"og:site_name\" content=\"Lion Pharmacy\" \/>\n<meta property=\"article:modified_time\" content=\"2025-01-25T21:37:22+00:00\" \/>\n<meta property=\"og:image\" content=\"https:\/\/lions-pharmacy.com\/wp-content\/uploads\/2024\/11\/Neyvit-No.-66-cell-power-Vitorgan-PZN-13421223-Lions-Pharmacy.webp\" \/>\n\t<meta property=\"og:image:width\" content=\"600\" \/>\n\t<meta property=\"og:image:height\" content=\"570\" \/>\n\t<meta property=\"og:image:type\" content=\"image\/webp\" \/>\n<meta name=\"twitter:card\" content=\"summary_large_image\" \/>\n<meta name=\"twitter:label1\" content=\"Tiempo de lectura\" \/>\n\t<meta name=\"twitter:data1\" content=\"1 minuto\" \/>\n<script type=\"application\/ld+json\" class=\"yoast-schema-graph\">{\"@context\":\"https:\/\/schema.org\",\"@graph\":[{\"@type\":\"WebPage\",\"@id\":\"https:\/\/lions-pharmacy.com\/es\/producto\/neyvit-no-66-cell-power-tablets-60pcs-4150134212230\",\"url\":\"https:\/\/lions-pharmacy.com\/es\/producto\/neyvit-no-66-cell-power-tablets-60pcs-4150134212230\",\"name\":\"NeyVit No.66 Tabletas de energ\u00eda celular 60 piezas. &#187; Farmacia - ordene aqu\u00ed\",\"isPartOf\":{\"@id\":\"https:\/\/lions-pharmacy.com\/es#website\"},\"primaryImageOfPage\":{\"@id\":\"https:\/\/lions-pharmacy.com\/es\/producto\/neyvit-no-66-cell-power-tablets-60pcs-4150134212230#primaryimage\"},\"image\":{\"@id\":\"https:\/\/lions-pharmacy.com\/es\/producto\/neyvit-no-66-cell-power-tablets-60pcs-4150134212230#primaryimage\"},\"thumbnailUrl\":\"https:\/\/lions-pharmacy.com\/wp-content\/uploads\/2024\/11\/Neyvit-No.-66-cell-power-Vitorgan-PZN-13421223-Lions-Pharmacy.webp\",\"datePublished\":\"2024-12-03T09:10:00+00:00\",\"dateModified\":\"2025-01-25T21:37:22+00:00\",\"description\":\"Farmacia online alemana registrada | Env\u00edo internacional r\u00e1pido | Producto fabricado por vitOrgan: NeyVit No.66 Tabletas de energ\u00eda celular 60 piezas.\",\"breadcrumb\":{\"@id\":\"https:\/\/lions-pharmacy.com\/es\/producto\/neyvit-no-66-cell-power-tablets-60pcs-4150134212230#breadcrumb\"},\"inLanguage\":\"es\",\"potentialAction\":[{\"@type\":\"ReadAction\",\"target\":[\"https:\/\/lions-pharmacy.com\/es\/producto\/neyvit-no-66-cell-power-tablets-60pcs-4150134212230\"]}]},{\"@type\":\"ImageObject\",\"inLanguage\":\"es\",\"@id\":\"https:\/\/lions-pharmacy.com\/es\/producto\/neyvit-no-66-cell-power-tablets-60pcs-4150134212230#primaryimage\",\"url\":\"https:\/\/lions-pharmacy.com\/wp-content\/uploads\/2024\/11\/Neyvit-No.-66-cell-power-Vitorgan-PZN-13421223-Lions-Pharmacy.webp\",\"contentUrl\":\"https:\/\/lions-pharmacy.com\/wp-content\/uploads\/2024\/11\/Neyvit-No.-66-cell-power-Vitorgan-PZN-13421223-Lions-Pharmacy.webp\",\"width\":600,\"height\":570,\"caption\":\"La imagen muestra la energ\u00eda de la c\u00e9lula Neyvit No. 66- Vitorgan-PZN 13421223-Lions Pharmacy\"},{\"@type\":\"BreadcrumbList\",\"@id\":\"https:\/\/lions-pharmacy.com\/es\/producto\/neyvit-no-66-cell-power-tablets-60pcs-4150134212230#breadcrumb\",\"itemListElement\":[{\"@type\":\"ListItem\",\"position\":1,\"name\":\"Home\",\"item\":\"https:\/\/lions-pharmacy.com\/es\/homepage-lion-pharmacy\"},{\"@type\":\"ListItem\",\"position\":2,\"name\":\"Shop\",\"item\":\"https:\/\/lions-pharmacy.com\/es\/tienda\"},{\"@type\":\"ListItem\",\"position\":3,\"name\":\"NeyVit No.66 Tabletas de energ\u00eda celular 60 piezas.\"}]},{\"@type\":\"WebSite\",\"@id\":\"https:\/\/lions-pharmacy.com\/es#website\",\"url\":\"https:\/\/lions-pharmacy.com\/es\",\"name\":\"Lions Pharmacy\",\"description\":\"Farmacia especializada en naturopat\u00eda de Baden-Baden, Alemania\",\"publisher\":{\"@id\":\"https:\/\/lions-pharmacy.com\/es#organization\"},\"alternateName\":\"Lion Pharmacy\",\"potentialAction\":[{\"@type\":\"SearchAction\",\"target\":{\"@type\":\"EntryPoint\",\"urlTemplate\":\"https:\/\/lions-pharmacy.com\/es?s={search_term_string}\"},\"query-input\":{\"@type\":\"PropertyValueSpecification\",\"valueRequired\":true,\"valueName\":\"search_term_string\"}}],\"inLanguage\":\"es\"},{\"@type\":\"Organization\",\"@id\":\"https:\/\/lions-pharmacy.com\/es#organization\",\"name\":\"Lions Pharmacy\",\"alternateName\":\"Lions Pharmacy24\",\"url\":\"https:\/\/lions-pharmacy.com\/es\",\"logo\":{\"@type\":\"ImageObject\",\"inLanguage\":\"es\",\"@id\":\"https:\/\/lions-pharmacy.com\/es#\/schema\/logo\/image\/\",\"url\":\"https:\/\/lions-pharmacy.com\/wp-content\/uploads\/2022\/12\/Logo-Lion-Pharmacy-c-o-Loewen-Apotheke-smal.jpg\",\"contentUrl\":\"https:\/\/lions-pharmacy.com\/wp-content\/uploads\/2022\/12\/Logo-Lion-Pharmacy-c-o-Loewen-Apotheke-smal.jpg\",\"width\":298,\"height\":99,\"caption\":\"Lions Pharmacy\"},\"image\":{\"@id\":\"https:\/\/lions-pharmacy.com\/es#\/schema\/logo\/image\/\"}}]}<\/script>\n<!-- \/ Yoast SEO plugin. -->","yoast_head_json":{"title":"NeyVit No.66 Tabletas de energ\u00eda celular 60 piezas. &#187; Farmacia - ordene aqu\u00ed","description":"Farmacia online alemana registrada | Env\u00edo internacional r\u00e1pido | Producto fabricado por vitOrgan: NeyVit No.66 Tabletas de energ\u00eda celular 60 piezas.","robots":{"index":"index","follow":"follow","max-snippet":"max-snippet:-1","max-image-preview":"max-image-preview:large","max-video-preview":"max-video-preview:-1"},"canonical":"https:\/\/lions-pharmacy.com\/es\/producto\/neyvit-no-66-cell-power-tablets-60pcs-4150134212230","og_locale":"es_ES","og_type":"article","og_title":"NeyVit No.66 Tabletas de energ\u00eda celular 60 piezas. &#187; Farmacia - ordene aqu\u00ed","og_description":"Farmacia online alemana registrada | Env\u00edo internacional r\u00e1pido | Producto fabricado por vitOrgan: NeyVit No.66 Tabletas de energ\u00eda celular 60 piezas.","og_url":"https:\/\/lions-pharmacy.com\/es\/producto\/neyvit-no-66-cell-power-tablets-60pcs-4150134212230","og_site_name":"Lion Pharmacy","article_modified_time":"2025-01-25T21:37:22+00:00","og_image":[{"width":600,"height":570,"url":"https:\/\/lions-pharmacy.com\/wp-content\/uploads\/2024\/11\/Neyvit-No.-66-cell-power-Vitorgan-PZN-13421223-Lions-Pharmacy.webp","type":"image\/webp"}],"twitter_card":"summary_large_image","twitter_misc":{"Tiempo de lectura":"1 minuto"},"schema":{"@context":"https:\/\/schema.org","@graph":[{"@type":"WebPage","@id":"https:\/\/lions-pharmacy.com\/es\/producto\/neyvit-no-66-cell-power-tablets-60pcs-4150134212230","url":"https:\/\/lions-pharmacy.com\/es\/producto\/neyvit-no-66-cell-power-tablets-60pcs-4150134212230","name":"NeyVit No.66 Tabletas de energ\u00eda celular 60 piezas. &#187; Farmacia - ordene aqu\u00ed","isPartOf":{"@id":"https:\/\/lions-pharmacy.com\/es#website"},"primaryImageOfPage":{"@id":"https:\/\/lions-pharmacy.com\/es\/producto\/neyvit-no-66-cell-power-tablets-60pcs-4150134212230#primaryimage"},"image":{"@id":"https:\/\/lions-pharmacy.com\/es\/producto\/neyvit-no-66-cell-power-tablets-60pcs-4150134212230#primaryimage"},"thumbnailUrl":"https:\/\/lions-pharmacy.com\/wp-content\/uploads\/2024\/11\/Neyvit-No.-66-cell-power-Vitorgan-PZN-13421223-Lions-Pharmacy.webp","datePublished":"2024-12-03T09:10:00+00:00","dateModified":"2025-01-25T21:37:22+00:00","description":"Farmacia online alemana registrada | Env\u00edo internacional r\u00e1pido | Producto fabricado por vitOrgan: NeyVit No.66 Tabletas de energ\u00eda celular 60 piezas.","breadcrumb":{"@id":"https:\/\/lions-pharmacy.com\/es\/producto\/neyvit-no-66-cell-power-tablets-60pcs-4150134212230#breadcrumb"},"inLanguage":"es","potentialAction":[{"@type":"ReadAction","target":["https:\/\/lions-pharmacy.com\/es\/producto\/neyvit-no-66-cell-power-tablets-60pcs-4150134212230"]}]},{"@type":"ImageObject","inLanguage":"es","@id":"https:\/\/lions-pharmacy.com\/es\/producto\/neyvit-no-66-cell-power-tablets-60pcs-4150134212230#primaryimage","url":"https:\/\/lions-pharmacy.com\/wp-content\/uploads\/2024\/11\/Neyvit-No.-66-cell-power-Vitorgan-PZN-13421223-Lions-Pharmacy.webp","contentUrl":"https:\/\/lions-pharmacy.com\/wp-content\/uploads\/2024\/11\/Neyvit-No.-66-cell-power-Vitorgan-PZN-13421223-Lions-Pharmacy.webp","width":600,"height":570,"caption":"La imagen muestra la energ\u00eda de la c\u00e9lula Neyvit No. 66- Vitorgan-PZN 13421223-Lions Pharmacy"},{"@type":"BreadcrumbList","@id":"https:\/\/lions-pharmacy.com\/es\/producto\/neyvit-no-66-cell-power-tablets-60pcs-4150134212230#breadcrumb","itemListElement":[{"@type":"ListItem","position":1,"name":"Home","item":"https:\/\/lions-pharmacy.com\/es\/homepage-lion-pharmacy"},{"@type":"ListItem","position":2,"name":"Shop","item":"https:\/\/lions-pharmacy.com\/es\/tienda"},{"@type":"ListItem","position":3,"name":"NeyVit No.66 Tabletas de energ\u00eda celular 60 piezas."}]},{"@type":"WebSite","@id":"https:\/\/lions-pharmacy.com\/es#website","url":"https:\/\/lions-pharmacy.com\/es","name":"Lions Pharmacy","description":"Farmacia especializada en naturopat\u00eda de Baden-Baden, Alemania","publisher":{"@id":"https:\/\/lions-pharmacy.com\/es#organization"},"alternateName":"Lion Pharmacy","potentialAction":[{"@type":"SearchAction","target":{"@type":"EntryPoint","urlTemplate":"https:\/\/lions-pharmacy.com\/es?s={search_term_string}"},"query-input":{"@type":"PropertyValueSpecification","valueRequired":true,"valueName":"search_term_string"}}],"inLanguage":"es"},{"@type":"Organization","@id":"https:\/\/lions-pharmacy.com\/es#organization","name":"Lions Pharmacy","alternateName":"Lions Pharmacy24","url":"https:\/\/lions-pharmacy.com\/es","logo":{"@type":"ImageObject","inLanguage":"es","@id":"https:\/\/lions-pharmacy.com\/es#\/schema\/logo\/image\/","url":"https:\/\/lions-pharmacy.com\/wp-content\/uploads\/2022\/12\/Logo-Lion-Pharmacy-c-o-Loewen-Apotheke-smal.jpg","contentUrl":"https:\/\/lions-pharmacy.com\/wp-content\/uploads\/2022\/12\/Logo-Lion-Pharmacy-c-o-Loewen-Apotheke-smal.jpg","width":298,"height":99,"caption":"Lions Pharmacy"},"image":{"@id":"https:\/\/lions-pharmacy.com\/es#\/schema\/logo\/image\/"}}]}},"_links":{"self":[{"href":"https:\/\/lions-pharmacy.com\/es\/wp-json\/wp\/v2\/product\/6788","targetHints":{"allow":["GET"]}}],"collection":[{"href":"https:\/\/lions-pharmacy.com\/es\/wp-json\/wp\/v2\/product"}],"about":[{"href":"https:\/\/lions-pharmacy.com\/es\/wp-json\/wp\/v2\/types\/product"}],"replies":[{"embeddable":true,"href":"https:\/\/lions-pharmacy.com\/es\/wp-json\/wp\/v2\/comments?post=6788"}],"wp:featuredmedia":[{"embeddable":true,"href":"https:\/\/lions-pharmacy.com\/es\/wp-json\/wp\/v2\/media\/6794"}],"wp:attachment":[{"href":"https:\/\/lions-pharmacy.com\/es\/wp-json\/wp\/v2\/media?parent=6788"}],"wp:term":[{"taxonomy":"product_brand","embeddable":true,"href":"https:\/\/lions-pharmacy.com\/es\/wp-json\/wp\/v2\/product_brand?post=6788"},{"taxonomy":"product_cat","embeddable":true,"href":"https:\/\/lions-pharmacy.com\/es\/wp-json\/wp\/v2\/product_cat?post=6788"},{"taxonomy":"product_tag","embeddable":true,"href":"https:\/\/lions-pharmacy.com\/es\/wp-json\/wp\/v2\/product_tag?post=6788"}],"curies":[{"name":"wp","href":"https:\/\/api.w.org\/{rel}","templated":true}]}}