{"id":6645,"date":"2024-11-26T15:52:24","date_gmt":"2024-11-26T14:52:24","guid":{"rendered":"https:\/\/lions-pharmacy.com\/?post_type=product&#038;p=6645"},"modified":"2026-02-08T06:56:59","modified_gmt":"2026-02-08T05:56:59","slug":"vitamin-b12-injektopas-100x-1ml-4150075686954","status":"publish","type":"product","link":"https:\/\/lions-pharmacy.com\/es\/producto\/vitamin-b12-injektopas-100x-1ml-4150075686954","title":{"rendered":"Vitamina B12 Injektopas (100x 1ml)"},"content":{"rendered":"<h2>Vitamina B12 Injektopas 1500 \u03bcg<\/h2>\n<p>Vitamina B12 Injektopas (100x 1ml) soluci\u00f3n inyectable. La vitamina B 12 es una vitamina hidrosoluble que el organismo necesita para el desarrollo de las c\u00e9lulas nerviosas, para el metabolismo prote\u00ednico y nucleico y para la absorci\u00f3n del \u00e1cido f\u00f3lico en los gl\u00f3bulos rojos. La vitamina B12 se encuentra en los productos l\u00e1cteos, los productos integrales, el pescado, la carne y los huevos. Diversas enfermedades, como la inflamaci\u00f3n cr\u00f3nica de los intestinos o los a\u00f1os de tomar ciertos medicamentos inhibidores del \u00e1cido estomacal, pueden provocar una deficiencia de vitamina B 12.<\/p>\n<p>Por deficiencia de vitamina B12 que no se puede remediar a trav\u00e9s de la dieta. No se autotrate con inyecciones. La terapia con inyecciones debe administrarse profesionalmente en una consulta.<\/p>\n<p>Principio activo: Acetato de hidroxocobalamina 1500 \u00b5g por ml de soluci\u00f3n inyectable.<\/p>\n<p>La cartera de Pascoe incluye alrededor de 200 productos. Estos incluyen hierbas medicinales, preparaciones vitam\u00ednicas en dosis altas, remedios complejos homeop\u00e1ticos y suplementos diet\u00e9ticos. La variedad de medicamentos tiene en cuenta los complejos requisitos de los productos sanitarios. Nuestro \u00e9xito tambi\u00e9n nos da la raz\u00f3n a nivel internacional: nuestros productos se exportan a m\u00e1s de 30 pa\u00edses de todo el mundo, y la tendencia va en aumento.<\/p>\n<p>Otros productos para la aplicaci\u00f3n: <a href=\"https:\/\/lions-pharmacy.com\/es\/etiqueta-producto\/homeopatia\">Homeopat\u00eda<\/a> | <a href=\"https:\/\/lions-pharmacy.com\/es\/etiqueta-producto\/vitaminas-y-suplementos\">Vitaminas<\/a> | <a href=\"https:\/\/lions-pharmacy.com\/es\/etiqueta-producto\/infeccion-virica\">Infecciones<\/a><\/p>\n<p>Obtenga m\u00e1s informaci\u00f3n sobre manufactorer y este producto: <a href=\"https:\/\/www.pascoe.de\/\" target=\"_blank\" rel=\"noopener\">Pascoe pharmazeutische Pr\u00e4parate GmbH<\/a> (enlace al sitio web externo)<\/p>\n<p data-pm-slice=\"1 1 []\">Los suplementos diet\u00e9ticos no son un sustituto de una dieta equilibrada y variada y un estilo de vida saludable. No debe superarse la cantidad de consumo diario recomendada. La informaci\u00f3n contenida en este sitio web se facilita \u00fanicamente con fines informativos. No sustituyen en modo alguno al examen y tratamiento por un m\u00e9dico. Ten en cuenta que esto no puede utilizarse para hacer un diagn\u00f3stico o iniciar una terapia.<\/p>\n<p>Para obtener informaci\u00f3n sobre los riesgos y efectos secundarios, lee el prospecto y pregunta a tu m\u00e9dico o farmac\u00e9utico.<\/p>\n<p><strong>Prescripci\u00f3n | \u00bfPrescripci\u00f3n electr\u00f3nica disponible?<\/strong><\/p>\n<p>Env\u00ede su receta electr\u00f3nica ahora. Utiliza nuestra <a class=\"ProsemirrorEditor-link\" href=\"https:\/\/e-rezept-app.de\/\">aplicaci\u00f3n de receta electr\u00f3nica<\/a>. \u00a1Y te regalamos los gastos de env\u00edo dentro de Alemania!<\/p>\n","protected":false},"excerpt":{"rendered":"<h2>Vitamina B12 Injektopas (100x 1ml) &#8211; 1500\u03bcg<\/h2>\n<p>Soluci\u00f3n inyectable de vitamina B12. Acetato de hidroxocobalamina 1500 \u00b5g por ml de soluci\u00f3n inyectable.<\/p>\n<p>&nbsp;<\/p>\n<p><strong>PZN<\/strong>: 07568695 (N\u00famero central de la farmacia)<\/p>\n<p><strong>Forma de dosificaci\u00f3n<\/strong>: L\u00edquido inyectable<\/p>\n<p><strong>Tipo de receta<\/strong>: sin receta<\/p>\n<p><strong>Fabricante<\/strong>: Pascoe pharmazeutische Pr\u00e4parate GmbH, Alemania<\/p>\n<p><strong>Tama\u00f1o del embalaje<\/strong>: 100 piezas. a 1ml<\/p>\n","protected":false},"featured_media":6652,"comment_status":"closed","ping_status":"closed","template":"","meta":[],"product_brand":[],"product_cat":[601,116],"product_tag":[274,299,308,272],"class_list":{"0":"post-6645","1":"product","2":"type-product","3":"status-publish","4":"has-post-thumbnail","6":"product_cat-pascoe-es","7":"product_cat-sin-categorizar","8":"product_tag-bienestar","9":"product_tag-concentracion-y-estres","10":"product_tag-homeopatia","11":"product_tag-vitaminas-y-suplementos","12":"ts_product_brand-all-es","13":"ts_product_brand-pascoe-es","15":"first","16":"instock","17":"sale","18":"taxable","19":"shipping-taxable","20":"purchasable","21":"product-type-simple"},"yoast_head":"<!-- This site is optimized with the Yoast SEO plugin v26.5 - https:\/\/yoast.com\/wordpress\/plugins\/seo\/ -->\n<title>Vitamina B12 Injektopas (100x 1ml) &#187; Orden en Lion Pharmacy<\/title>\n<meta name=\"description\" content=\"Lions Pharmacy, una farmacia alemana registrada. Env\u00edo internacional r\u00e1pido con DHL. M\u00e1s informaci\u00f3n sobre Pascoe y Vitamina B12 Injektopas (100x 1ml)\" \/>\n<meta name=\"robots\" content=\"index, follow, max-snippet:-1, max-image-preview:large, max-video-preview:-1\" \/>\n<link rel=\"canonical\" href=\"https:\/\/lions-pharmacy.com\/es\/producto\/vitamin-b12-injektopas-100x-1ml-4150075686954\" \/>\n<meta property=\"og:locale\" content=\"es_ES\" \/>\n<meta property=\"og:type\" content=\"article\" \/>\n<meta property=\"og:title\" content=\"Vitamina B12 Injektopas (100x 1ml) &#187; Orden en Lion Pharmacy\" \/>\n<meta property=\"og:description\" content=\"Lions Pharmacy, una farmacia alemana registrada. Env\u00edo internacional r\u00e1pido con DHL. M\u00e1s informaci\u00f3n sobre Pascoe y Vitamina B12 Injektopas (100x 1ml)\" \/>\n<meta property=\"og:url\" content=\"https:\/\/lions-pharmacy.com\/es\/producto\/vitamin-b12-injektopas-100x-1ml-4150075686954\" \/>\n<meta property=\"og:site_name\" content=\"Lion Pharmacy\" \/>\n<meta property=\"article:modified_time\" content=\"2026-02-08T05:56:59+00:00\" \/>\n<meta property=\"og:image\" content=\"https:\/\/lions-pharmacy.com\/wp-content\/uploads\/2024\/11\/Vitamin-B12-Depot-Injektopass-100-ml-PZN-07568695-Pascoe-Lionspharmacy.webp\" \/>\n\t<meta property=\"og:image:width\" content=\"600\" \/>\n\t<meta property=\"og:image:height\" content=\"600\" \/>\n\t<meta property=\"og:image:type\" content=\"image\/webp\" \/>\n<meta name=\"twitter:card\" content=\"summary_large_image\" \/>\n<meta name=\"twitter:label1\" content=\"Tiempo de lectura\" \/>\n\t<meta name=\"twitter:data1\" content=\"2 minutos\" \/>\n<script type=\"application\/ld+json\" class=\"yoast-schema-graph\">{\"@context\":\"https:\/\/schema.org\",\"@graph\":[{\"@type\":\"WebPage\",\"@id\":\"https:\/\/lions-pharmacy.com\/es\/producto\/vitamin-b12-injektopas-100x-1ml-4150075686954\",\"url\":\"https:\/\/lions-pharmacy.com\/es\/producto\/vitamin-b12-injektopas-100x-1ml-4150075686954\",\"name\":\"Vitamina B12 Injektopas (100x 1ml) &#187; Orden en Lion Pharmacy\",\"isPartOf\":{\"@id\":\"https:\/\/lions-pharmacy.com\/es#website\"},\"primaryImageOfPage\":{\"@id\":\"https:\/\/lions-pharmacy.com\/es\/producto\/vitamin-b12-injektopas-100x-1ml-4150075686954#primaryimage\"},\"image\":{\"@id\":\"https:\/\/lions-pharmacy.com\/es\/producto\/vitamin-b12-injektopas-100x-1ml-4150075686954#primaryimage\"},\"thumbnailUrl\":\"https:\/\/lions-pharmacy.com\/wp-content\/uploads\/2024\/11\/Vitamin-B12-Depot-Injektopass-100-ml-PZN-07568695-Pascoe-Lionspharmacy.webp\",\"datePublished\":\"2024-11-26T14:52:24+00:00\",\"dateModified\":\"2026-02-08T05:56:59+00:00\",\"description\":\"Lions Pharmacy, una farmacia alemana registrada. Env\u00edo internacional r\u00e1pido con DHL. M\u00e1s informaci\u00f3n sobre Pascoe y Vitamina B12 Injektopas (100x 1ml)\",\"breadcrumb\":{\"@id\":\"https:\/\/lions-pharmacy.com\/es\/producto\/vitamin-b12-injektopas-100x-1ml-4150075686954#breadcrumb\"},\"inLanguage\":\"es\",\"potentialAction\":[{\"@type\":\"ReadAction\",\"target\":[\"https:\/\/lions-pharmacy.com\/es\/producto\/vitamin-b12-injektopas-100x-1ml-4150075686954\"]}]},{\"@type\":\"ImageObject\",\"inLanguage\":\"es\",\"@id\":\"https:\/\/lions-pharmacy.com\/es\/producto\/vitamin-b12-injektopas-100x-1ml-4150075686954#primaryimage\",\"url\":\"https:\/\/lions-pharmacy.com\/wp-content\/uploads\/2024\/11\/Vitamin-B12-Depot-Injektopass-100-ml-PZN-07568695-Pascoe-Lionspharmacy.webp\",\"contentUrl\":\"https:\/\/lions-pharmacy.com\/wp-content\/uploads\/2024\/11\/Vitamin-B12-Depot-Injektopass-100-ml-PZN-07568695-Pascoe-Lionspharmacy.webp\",\"width\":600,\"height\":600,\"caption\":\"Vitamina B12 Depot Injektopass 100 ml -PZN 07568695 - Pascoe - Lionspharmacy\"},{\"@type\":\"BreadcrumbList\",\"@id\":\"https:\/\/lions-pharmacy.com\/es\/producto\/vitamin-b12-injektopas-100x-1ml-4150075686954#breadcrumb\",\"itemListElement\":[{\"@type\":\"ListItem\",\"position\":1,\"name\":\"Home\",\"item\":\"https:\/\/lions-pharmacy.com\/es\/homepage-lion-pharmacy\"},{\"@type\":\"ListItem\",\"position\":2,\"name\":\"Shop\",\"item\":\"https:\/\/lions-pharmacy.com\/es\/tienda\"},{\"@type\":\"ListItem\",\"position\":3,\"name\":\"Vitamina B12 Injektopas (100x 1ml)\"}]},{\"@type\":\"WebSite\",\"@id\":\"https:\/\/lions-pharmacy.com\/es#website\",\"url\":\"https:\/\/lions-pharmacy.com\/es\",\"name\":\"Lions Pharmacy\",\"description\":\"Farmacia especializada en naturopat\u00eda de Baden-Baden, Alemania\",\"publisher\":{\"@id\":\"https:\/\/lions-pharmacy.com\/es#organization\"},\"alternateName\":\"Lion Pharmacy\",\"potentialAction\":[{\"@type\":\"SearchAction\",\"target\":{\"@type\":\"EntryPoint\",\"urlTemplate\":\"https:\/\/lions-pharmacy.com\/es?s={search_term_string}\"},\"query-input\":{\"@type\":\"PropertyValueSpecification\",\"valueRequired\":true,\"valueName\":\"search_term_string\"}}],\"inLanguage\":\"es\"},{\"@type\":\"Organization\",\"@id\":\"https:\/\/lions-pharmacy.com\/es#organization\",\"name\":\"Lions Pharmacy\",\"alternateName\":\"Lions Pharmacy24\",\"url\":\"https:\/\/lions-pharmacy.com\/es\",\"logo\":{\"@type\":\"ImageObject\",\"inLanguage\":\"es\",\"@id\":\"https:\/\/lions-pharmacy.com\/es#\/schema\/logo\/image\/\",\"url\":\"https:\/\/lions-pharmacy.com\/wp-content\/uploads\/2022\/12\/Logo-Lion-Pharmacy-c-o-Loewen-Apotheke-smal.jpg\",\"contentUrl\":\"https:\/\/lions-pharmacy.com\/wp-content\/uploads\/2022\/12\/Logo-Lion-Pharmacy-c-o-Loewen-Apotheke-smal.jpg\",\"width\":298,\"height\":99,\"caption\":\"Lions Pharmacy\"},\"image\":{\"@id\":\"https:\/\/lions-pharmacy.com\/es#\/schema\/logo\/image\/\"}}]}<\/script>\n<!-- \/ Yoast SEO plugin. -->","yoast_head_json":{"title":"Vitamina B12 Injektopas (100x 1ml) &#187; Orden en Lion Pharmacy","description":"Lions Pharmacy, una farmacia alemana registrada. Env\u00edo internacional r\u00e1pido con DHL. M\u00e1s informaci\u00f3n sobre Pascoe y Vitamina B12 Injektopas (100x 1ml)","robots":{"index":"index","follow":"follow","max-snippet":"max-snippet:-1","max-image-preview":"max-image-preview:large","max-video-preview":"max-video-preview:-1"},"canonical":"https:\/\/lions-pharmacy.com\/es\/producto\/vitamin-b12-injektopas-100x-1ml-4150075686954","og_locale":"es_ES","og_type":"article","og_title":"Vitamina B12 Injektopas (100x 1ml) &#187; Orden en Lion Pharmacy","og_description":"Lions Pharmacy, una farmacia alemana registrada. Env\u00edo internacional r\u00e1pido con DHL. M\u00e1s informaci\u00f3n sobre Pascoe y Vitamina B12 Injektopas (100x 1ml)","og_url":"https:\/\/lions-pharmacy.com\/es\/producto\/vitamin-b12-injektopas-100x-1ml-4150075686954","og_site_name":"Lion Pharmacy","article_modified_time":"2026-02-08T05:56:59+00:00","og_image":[{"width":600,"height":600,"url":"https:\/\/lions-pharmacy.com\/wp-content\/uploads\/2024\/11\/Vitamin-B12-Depot-Injektopass-100-ml-PZN-07568695-Pascoe-Lionspharmacy.webp","type":"image\/webp"}],"twitter_card":"summary_large_image","twitter_misc":{"Tiempo de lectura":"2 minutos"},"schema":{"@context":"https:\/\/schema.org","@graph":[{"@type":"WebPage","@id":"https:\/\/lions-pharmacy.com\/es\/producto\/vitamin-b12-injektopas-100x-1ml-4150075686954","url":"https:\/\/lions-pharmacy.com\/es\/producto\/vitamin-b12-injektopas-100x-1ml-4150075686954","name":"Vitamina B12 Injektopas (100x 1ml) &#187; Orden en Lion Pharmacy","isPartOf":{"@id":"https:\/\/lions-pharmacy.com\/es#website"},"primaryImageOfPage":{"@id":"https:\/\/lions-pharmacy.com\/es\/producto\/vitamin-b12-injektopas-100x-1ml-4150075686954#primaryimage"},"image":{"@id":"https:\/\/lions-pharmacy.com\/es\/producto\/vitamin-b12-injektopas-100x-1ml-4150075686954#primaryimage"},"thumbnailUrl":"https:\/\/lions-pharmacy.com\/wp-content\/uploads\/2024\/11\/Vitamin-B12-Depot-Injektopass-100-ml-PZN-07568695-Pascoe-Lionspharmacy.webp","datePublished":"2024-11-26T14:52:24+00:00","dateModified":"2026-02-08T05:56:59+00:00","description":"Lions Pharmacy, una farmacia alemana registrada. Env\u00edo internacional r\u00e1pido con DHL. M\u00e1s informaci\u00f3n sobre Pascoe y Vitamina B12 Injektopas (100x 1ml)","breadcrumb":{"@id":"https:\/\/lions-pharmacy.com\/es\/producto\/vitamin-b12-injektopas-100x-1ml-4150075686954#breadcrumb"},"inLanguage":"es","potentialAction":[{"@type":"ReadAction","target":["https:\/\/lions-pharmacy.com\/es\/producto\/vitamin-b12-injektopas-100x-1ml-4150075686954"]}]},{"@type":"ImageObject","inLanguage":"es","@id":"https:\/\/lions-pharmacy.com\/es\/producto\/vitamin-b12-injektopas-100x-1ml-4150075686954#primaryimage","url":"https:\/\/lions-pharmacy.com\/wp-content\/uploads\/2024\/11\/Vitamin-B12-Depot-Injektopass-100-ml-PZN-07568695-Pascoe-Lionspharmacy.webp","contentUrl":"https:\/\/lions-pharmacy.com\/wp-content\/uploads\/2024\/11\/Vitamin-B12-Depot-Injektopass-100-ml-PZN-07568695-Pascoe-Lionspharmacy.webp","width":600,"height":600,"caption":"Vitamina B12 Depot Injektopass 100 ml -PZN 07568695 - Pascoe - Lionspharmacy"},{"@type":"BreadcrumbList","@id":"https:\/\/lions-pharmacy.com\/es\/producto\/vitamin-b12-injektopas-100x-1ml-4150075686954#breadcrumb","itemListElement":[{"@type":"ListItem","position":1,"name":"Home","item":"https:\/\/lions-pharmacy.com\/es\/homepage-lion-pharmacy"},{"@type":"ListItem","position":2,"name":"Shop","item":"https:\/\/lions-pharmacy.com\/es\/tienda"},{"@type":"ListItem","position":3,"name":"Vitamina B12 Injektopas (100x 1ml)"}]},{"@type":"WebSite","@id":"https:\/\/lions-pharmacy.com\/es#website","url":"https:\/\/lions-pharmacy.com\/es","name":"Lions Pharmacy","description":"Farmacia especializada en naturopat\u00eda de Baden-Baden, Alemania","publisher":{"@id":"https:\/\/lions-pharmacy.com\/es#organization"},"alternateName":"Lion Pharmacy","potentialAction":[{"@type":"SearchAction","target":{"@type":"EntryPoint","urlTemplate":"https:\/\/lions-pharmacy.com\/es?s={search_term_string}"},"query-input":{"@type":"PropertyValueSpecification","valueRequired":true,"valueName":"search_term_string"}}],"inLanguage":"es"},{"@type":"Organization","@id":"https:\/\/lions-pharmacy.com\/es#organization","name":"Lions Pharmacy","alternateName":"Lions Pharmacy24","url":"https:\/\/lions-pharmacy.com\/es","logo":{"@type":"ImageObject","inLanguage":"es","@id":"https:\/\/lions-pharmacy.com\/es#\/schema\/logo\/image\/","url":"https:\/\/lions-pharmacy.com\/wp-content\/uploads\/2022\/12\/Logo-Lion-Pharmacy-c-o-Loewen-Apotheke-smal.jpg","contentUrl":"https:\/\/lions-pharmacy.com\/wp-content\/uploads\/2022\/12\/Logo-Lion-Pharmacy-c-o-Loewen-Apotheke-smal.jpg","width":298,"height":99,"caption":"Lions Pharmacy"},"image":{"@id":"https:\/\/lions-pharmacy.com\/es#\/schema\/logo\/image\/"}}]}},"_links":{"self":[{"href":"https:\/\/lions-pharmacy.com\/es\/wp-json\/wp\/v2\/product\/6645","targetHints":{"allow":["GET"]}}],"collection":[{"href":"https:\/\/lions-pharmacy.com\/es\/wp-json\/wp\/v2\/product"}],"about":[{"href":"https:\/\/lions-pharmacy.com\/es\/wp-json\/wp\/v2\/types\/product"}],"replies":[{"embeddable":true,"href":"https:\/\/lions-pharmacy.com\/es\/wp-json\/wp\/v2\/comments?post=6645"}],"wp:featuredmedia":[{"embeddable":true,"href":"https:\/\/lions-pharmacy.com\/es\/wp-json\/wp\/v2\/media\/6652"}],"wp:attachment":[{"href":"https:\/\/lions-pharmacy.com\/es\/wp-json\/wp\/v2\/media?parent=6645"}],"wp:term":[{"taxonomy":"product_brand","embeddable":true,"href":"https:\/\/lions-pharmacy.com\/es\/wp-json\/wp\/v2\/product_brand?post=6645"},{"taxonomy":"product_cat","embeddable":true,"href":"https:\/\/lions-pharmacy.com\/es\/wp-json\/wp\/v2\/product_cat?post=6645"},{"taxonomy":"product_tag","embeddable":true,"href":"https:\/\/lions-pharmacy.com\/es\/wp-json\/wp\/v2\/product_tag?post=6645"}],"curies":[{"name":"wp","href":"https:\/\/api.w.org\/{rel}","templated":true}]}}