{"id":6493,"date":"2024-11-22T07:03:56","date_gmt":"2024-11-22T06:03:56","guid":{"rendered":"https:\/\/lions-pharmacy.com\/?post_type=product&#038;p=6493"},"modified":"2025-01-25T11:20:39","modified_gmt":"2025-01-25T10:20:39","slug":"omni-biotic-10-40x-5g-9120001433322","status":"publish","type":"product","link":"https:\/\/lions-pharmacy.com\/es\/producto\/omni-biotic-10-40x-5g-9120001433322","title":{"rendered":"OMNI BiOTiC 10 (40x 5g)"},"content":{"rendered":"<h3>OMNI BiOTiC 10<\/h3>\n<p>El uso de OMNi-BiOTiC 10 puede mejorar las defensas del organismo y est\u00e1 especialmente recomendado durante o despu\u00e9s de la toma de antibi\u00f3ticos. Cultivos bacterianos reproducibles.<\/p>\n<p>Nuestro sistema inmunol\u00f3gico y el intestino, como su centro, se enfrentan a desaf\u00edos diarios de g\u00e9rmenes pat\u00f3genos como virus y otros pat\u00f3genos, una nutrici\u00f3n deficiente y las deficiencias de vitaminas y nutrientes resultantes. Esto puede tener un efecto negativo tanto en la colonizaci\u00f3n bacteriana en el intestino como en nuestro sistema inmunol\u00f3gico. Ofrece un apoyo especial despu\u00e9s de tomar antibi\u00f3ticos para regular el intestino nuevamente y acumular cepas bacterianas.<\/p>\n<p>Prospecto\/instrucciones de uso\/ficha t\u00e9cnica del art\u00edculo: &#8211; (lector de PDF)<\/p>\n<p>Otros productos para la aplicaci\u00f3n: Ca\u00edda del cabello &#8211; <a href=\"https:\/\/lions-pharmacy.com\/product-tag\/coronavirus\">Coronavirus<\/a> | <a href=\"https:\/\/lions-pharmacy.com\/product-tag\/vitamins-supplements\">Productos de vitaminas y suplementos<\/a><\/p>\n<p>Obtenga m\u00e1s informaci\u00f3n sobre manufactorer y este producto: <a href=\"https:\/\/www.allergosan.com\/de\/unsere-produkte\/omni-biotic\/\" target=\"_blank\" rel=\"noopener\">Omni-Biotic<\/a> (enlace a un sitio web externo)<\/p>\n<p>La informaci\u00f3n contenida en este sitio web se facilita \u00fanicamente con fines informativos. En ning\u00fan caso sustituyen al examen y tratamiento por un m\u00e9dico. Tenga en cuenta que esto significa que no se pueden hacer diagn\u00f3sticos ni iniciar terapias.<\/p>\n<p>Para conocer los riesgos y efectos secundarios, lea el prospecto y consulte a su m\u00e9dico o farmac\u00e9utico.<\/p>\n","protected":false},"excerpt":{"rendered":"<h2>OMNI BiOTiC 10 (40x 5g)<\/h2>\n<p>mejorar las defensas del organismo, cultivos bacterianos reproducibles.<\/p>\n<p>&nbsp;<\/p>\n<p><strong>PZN: 13584830<\/strong> (N\u00famero central de la farmacia)<\/p>\n<p><strong>Forma de dosificaci\u00f3n<\/strong>: polvo<\/p>\n<p><strong>Tipo de receta<\/strong>: sin receta<\/p>\n<p><strong>Marca<\/strong>: OMNI BiOTiC<\/p>\n<p><strong>Fabricante<\/strong>: INSTITUT ALLERGOSAN Deutschland GmbH<\/p>\n<p><strong>Tama\u00f1o del envase<\/strong>: 40 sobres de 5 g cada uno<\/p>\n","protected":false},"featured_media":6753,"comment_status":"closed","ping_status":"closed","template":"","meta":[],"product_brand":[],"product_cat":[614,125,116],"product_tag":[299,273,275,311,272],"class_list":{"0":"post-6493","1":"product","2":"type-product","3":"status-publish","4":"has-post-thumbnail","6":"product_cat-omni-biotico-es","7":"product_cat-sale-es","8":"product_cat-sin-categorizar","9":"product_tag-concentracion-y-estres","10":"product_tag-control-de-peso","11":"product_tag-peso-y-forma-fisica","12":"product_tag-venta-mensual","13":"product_tag-vitaminas-y-suplementos","14":"ts_product_brand-all-es","15":"ts_product_brand-allergosan-es","17":"first","18":"instock","19":"sale","20":"taxable","21":"shipping-taxable","22":"purchasable","23":"product-type-simple"},"yoast_head":"<!-- This site is optimized with the Yoast SEO plugin v26.5 - https:\/\/yoast.com\/wordpress\/plugins\/seo\/ -->\n<title>OMNI BiOTiC 10 (40x 5g) &#187; Descubre m\u00e1s en Lion Pharmacy<\/title>\n<meta name=\"description\" content=\"Una farmacia en l\u00ednea registrada. Ofrecemos: Env\u00edo internacional r\u00e1pido y compras seguras en l\u00ednea. Para que su sistema inmunol\u00f3gico apoye &gt; OMNI BiOTiC 10 (40x 5g)\" \/>\n<meta name=\"robots\" content=\"index, follow, max-snippet:-1, max-image-preview:large, max-video-preview:-1\" \/>\n<link rel=\"canonical\" href=\"https:\/\/lions-pharmacy.com\/es\/producto\/omni-biotic-10-40x-5g-9120001433322\" \/>\n<meta property=\"og:locale\" content=\"es_ES\" \/>\n<meta property=\"og:type\" content=\"article\" \/>\n<meta property=\"og:title\" content=\"OMNI BiOTiC 10 (40x 5g) &#187; Descubre m\u00e1s en Lion Pharmacy\" \/>\n<meta property=\"og:description\" content=\"Una farmacia en l\u00ednea registrada. Ofrecemos: Env\u00edo internacional r\u00e1pido y compras seguras en l\u00ednea. Para que su sistema inmunol\u00f3gico apoye &gt; OMNI BiOTiC 10 (40x 5g)\" \/>\n<meta property=\"og:url\" content=\"https:\/\/lions-pharmacy.com\/es\/producto\/omni-biotic-10-40x-5g-9120001433322\" \/>\n<meta property=\"og:site_name\" content=\"Lion Pharmacy\" \/>\n<meta property=\"article:modified_time\" content=\"2025-01-25T10:20:39+00:00\" \/>\n<meta property=\"og:image\" content=\"https:\/\/lions-pharmacy.com\/wp-content\/uploads\/2024\/11\/Omnibiotic-10-Allergosan-PZN-13584830-Lions-Pharmacy.webp\" \/>\n\t<meta property=\"og:image:width\" content=\"600\" \/>\n\t<meta property=\"og:image:height\" content=\"600\" \/>\n\t<meta property=\"og:image:type\" content=\"image\/webp\" \/>\n<meta name=\"twitter:card\" content=\"summary_large_image\" \/>\n<meta name=\"twitter:label1\" content=\"Tiempo de lectura\" \/>\n\t<meta name=\"twitter:data1\" content=\"1 minuto\" \/>\n<script type=\"application\/ld+json\" class=\"yoast-schema-graph\">{\"@context\":\"https:\/\/schema.org\",\"@graph\":[{\"@type\":\"WebPage\",\"@id\":\"https:\/\/lions-pharmacy.com\/es\/producto\/omni-biotic-10-40x-5g-9120001433322\",\"url\":\"https:\/\/lions-pharmacy.com\/es\/producto\/omni-biotic-10-40x-5g-9120001433322\",\"name\":\"OMNI BiOTiC 10 (40x 5g) &#187; Descubre m\u00e1s en Lion Pharmacy\",\"isPartOf\":{\"@id\":\"https:\/\/lions-pharmacy.com\/es#website\"},\"primaryImageOfPage\":{\"@id\":\"https:\/\/lions-pharmacy.com\/es\/producto\/omni-biotic-10-40x-5g-9120001433322#primaryimage\"},\"image\":{\"@id\":\"https:\/\/lions-pharmacy.com\/es\/producto\/omni-biotic-10-40x-5g-9120001433322#primaryimage\"},\"thumbnailUrl\":\"https:\/\/lions-pharmacy.com\/wp-content\/uploads\/2024\/11\/Omnibiotic-10-Allergosan-PZN-13584830-Lions-Pharmacy.webp\",\"datePublished\":\"2024-11-22T06:03:56+00:00\",\"dateModified\":\"2025-01-25T10:20:39+00:00\",\"description\":\"Una farmacia en l\u00ednea registrada. Ofrecemos: Env\u00edo internacional r\u00e1pido y compras seguras en l\u00ednea. Para que su sistema inmunol\u00f3gico apoye > OMNI BiOTiC 10 (40x 5g)\",\"breadcrumb\":{\"@id\":\"https:\/\/lions-pharmacy.com\/es\/producto\/omni-biotic-10-40x-5g-9120001433322#breadcrumb\"},\"inLanguage\":\"es\",\"potentialAction\":[{\"@type\":\"ReadAction\",\"target\":[\"https:\/\/lions-pharmacy.com\/es\/producto\/omni-biotic-10-40x-5g-9120001433322\"]}]},{\"@type\":\"ImageObject\",\"inLanguage\":\"es\",\"@id\":\"https:\/\/lions-pharmacy.com\/es\/producto\/omni-biotic-10-40x-5g-9120001433322#primaryimage\",\"url\":\"https:\/\/lions-pharmacy.com\/wp-content\/uploads\/2024\/11\/Omnibiotic-10-Allergosan-PZN-13584830-Lions-Pharmacy.webp\",\"contentUrl\":\"https:\/\/lions-pharmacy.com\/wp-content\/uploads\/2024\/11\/Omnibiotic-10-Allergosan-PZN-13584830-Lions-Pharmacy.webp\",\"width\":600,\"height\":600,\"caption\":\"La imagen muestra: Omni biotic 10 - Allergosan. PZN 13584830. Farmacia Lion\"},{\"@type\":\"BreadcrumbList\",\"@id\":\"https:\/\/lions-pharmacy.com\/es\/producto\/omni-biotic-10-40x-5g-9120001433322#breadcrumb\",\"itemListElement\":[{\"@type\":\"ListItem\",\"position\":1,\"name\":\"Home\",\"item\":\"https:\/\/lions-pharmacy.com\/es\/homepage-lion-pharmacy\"},{\"@type\":\"ListItem\",\"position\":2,\"name\":\"Shop\",\"item\":\"https:\/\/lions-pharmacy.com\/es\/tienda\"},{\"@type\":\"ListItem\",\"position\":3,\"name\":\"OMNI BiOTiC 10 (40x 5g)\"}]},{\"@type\":\"WebSite\",\"@id\":\"https:\/\/lions-pharmacy.com\/es#website\",\"url\":\"https:\/\/lions-pharmacy.com\/es\",\"name\":\"Lions Pharmacy\",\"description\":\"Farmacia especializada en naturopat\u00eda de Baden-Baden, Alemania\",\"publisher\":{\"@id\":\"https:\/\/lions-pharmacy.com\/es#organization\"},\"alternateName\":\"Lion Pharmacy\",\"potentialAction\":[{\"@type\":\"SearchAction\",\"target\":{\"@type\":\"EntryPoint\",\"urlTemplate\":\"https:\/\/lions-pharmacy.com\/es?s={search_term_string}\"},\"query-input\":{\"@type\":\"PropertyValueSpecification\",\"valueRequired\":true,\"valueName\":\"search_term_string\"}}],\"inLanguage\":\"es\"},{\"@type\":\"Organization\",\"@id\":\"https:\/\/lions-pharmacy.com\/es#organization\",\"name\":\"Lions Pharmacy\",\"alternateName\":\"Lions Pharmacy24\",\"url\":\"https:\/\/lions-pharmacy.com\/es\",\"logo\":{\"@type\":\"ImageObject\",\"inLanguage\":\"es\",\"@id\":\"https:\/\/lions-pharmacy.com\/es#\/schema\/logo\/image\/\",\"url\":\"https:\/\/lions-pharmacy.com\/wp-content\/uploads\/2022\/12\/Logo-Lion-Pharmacy-c-o-Loewen-Apotheke-smal.jpg\",\"contentUrl\":\"https:\/\/lions-pharmacy.com\/wp-content\/uploads\/2022\/12\/Logo-Lion-Pharmacy-c-o-Loewen-Apotheke-smal.jpg\",\"width\":298,\"height\":99,\"caption\":\"Lions Pharmacy\"},\"image\":{\"@id\":\"https:\/\/lions-pharmacy.com\/es#\/schema\/logo\/image\/\"}}]}<\/script>\n<!-- \/ Yoast SEO plugin. -->","yoast_head_json":{"title":"OMNI BiOTiC 10 (40x 5g) &#187; Descubre m\u00e1s en Lion Pharmacy","description":"Una farmacia en l\u00ednea registrada. Ofrecemos: Env\u00edo internacional r\u00e1pido y compras seguras en l\u00ednea. Para que su sistema inmunol\u00f3gico apoye > OMNI BiOTiC 10 (40x 5g)","robots":{"index":"index","follow":"follow","max-snippet":"max-snippet:-1","max-image-preview":"max-image-preview:large","max-video-preview":"max-video-preview:-1"},"canonical":"https:\/\/lions-pharmacy.com\/es\/producto\/omni-biotic-10-40x-5g-9120001433322","og_locale":"es_ES","og_type":"article","og_title":"OMNI BiOTiC 10 (40x 5g) &#187; Descubre m\u00e1s en Lion Pharmacy","og_description":"Una farmacia en l\u00ednea registrada. Ofrecemos: Env\u00edo internacional r\u00e1pido y compras seguras en l\u00ednea. Para que su sistema inmunol\u00f3gico apoye > OMNI BiOTiC 10 (40x 5g)","og_url":"https:\/\/lions-pharmacy.com\/es\/producto\/omni-biotic-10-40x-5g-9120001433322","og_site_name":"Lion Pharmacy","article_modified_time":"2025-01-25T10:20:39+00:00","og_image":[{"width":600,"height":600,"url":"https:\/\/lions-pharmacy.com\/wp-content\/uploads\/2024\/11\/Omnibiotic-10-Allergosan-PZN-13584830-Lions-Pharmacy.webp","type":"image\/webp"}],"twitter_card":"summary_large_image","twitter_misc":{"Tiempo de lectura":"1 minuto"},"schema":{"@context":"https:\/\/schema.org","@graph":[{"@type":"WebPage","@id":"https:\/\/lions-pharmacy.com\/es\/producto\/omni-biotic-10-40x-5g-9120001433322","url":"https:\/\/lions-pharmacy.com\/es\/producto\/omni-biotic-10-40x-5g-9120001433322","name":"OMNI BiOTiC 10 (40x 5g) &#187; Descubre m\u00e1s en Lion Pharmacy","isPartOf":{"@id":"https:\/\/lions-pharmacy.com\/es#website"},"primaryImageOfPage":{"@id":"https:\/\/lions-pharmacy.com\/es\/producto\/omni-biotic-10-40x-5g-9120001433322#primaryimage"},"image":{"@id":"https:\/\/lions-pharmacy.com\/es\/producto\/omni-biotic-10-40x-5g-9120001433322#primaryimage"},"thumbnailUrl":"https:\/\/lions-pharmacy.com\/wp-content\/uploads\/2024\/11\/Omnibiotic-10-Allergosan-PZN-13584830-Lions-Pharmacy.webp","datePublished":"2024-11-22T06:03:56+00:00","dateModified":"2025-01-25T10:20:39+00:00","description":"Una farmacia en l\u00ednea registrada. Ofrecemos: Env\u00edo internacional r\u00e1pido y compras seguras en l\u00ednea. Para que su sistema inmunol\u00f3gico apoye > OMNI BiOTiC 10 (40x 5g)","breadcrumb":{"@id":"https:\/\/lions-pharmacy.com\/es\/producto\/omni-biotic-10-40x-5g-9120001433322#breadcrumb"},"inLanguage":"es","potentialAction":[{"@type":"ReadAction","target":["https:\/\/lions-pharmacy.com\/es\/producto\/omni-biotic-10-40x-5g-9120001433322"]}]},{"@type":"ImageObject","inLanguage":"es","@id":"https:\/\/lions-pharmacy.com\/es\/producto\/omni-biotic-10-40x-5g-9120001433322#primaryimage","url":"https:\/\/lions-pharmacy.com\/wp-content\/uploads\/2024\/11\/Omnibiotic-10-Allergosan-PZN-13584830-Lions-Pharmacy.webp","contentUrl":"https:\/\/lions-pharmacy.com\/wp-content\/uploads\/2024\/11\/Omnibiotic-10-Allergosan-PZN-13584830-Lions-Pharmacy.webp","width":600,"height":600,"caption":"La imagen muestra: Omni biotic 10 - Allergosan. PZN 13584830. Farmacia Lion"},{"@type":"BreadcrumbList","@id":"https:\/\/lions-pharmacy.com\/es\/producto\/omni-biotic-10-40x-5g-9120001433322#breadcrumb","itemListElement":[{"@type":"ListItem","position":1,"name":"Home","item":"https:\/\/lions-pharmacy.com\/es\/homepage-lion-pharmacy"},{"@type":"ListItem","position":2,"name":"Shop","item":"https:\/\/lions-pharmacy.com\/es\/tienda"},{"@type":"ListItem","position":3,"name":"OMNI BiOTiC 10 (40x 5g)"}]},{"@type":"WebSite","@id":"https:\/\/lions-pharmacy.com\/es#website","url":"https:\/\/lions-pharmacy.com\/es","name":"Lions Pharmacy","description":"Farmacia especializada en naturopat\u00eda de Baden-Baden, Alemania","publisher":{"@id":"https:\/\/lions-pharmacy.com\/es#organization"},"alternateName":"Lion Pharmacy","potentialAction":[{"@type":"SearchAction","target":{"@type":"EntryPoint","urlTemplate":"https:\/\/lions-pharmacy.com\/es?s={search_term_string}"},"query-input":{"@type":"PropertyValueSpecification","valueRequired":true,"valueName":"search_term_string"}}],"inLanguage":"es"},{"@type":"Organization","@id":"https:\/\/lions-pharmacy.com\/es#organization","name":"Lions Pharmacy","alternateName":"Lions Pharmacy24","url":"https:\/\/lions-pharmacy.com\/es","logo":{"@type":"ImageObject","inLanguage":"es","@id":"https:\/\/lions-pharmacy.com\/es#\/schema\/logo\/image\/","url":"https:\/\/lions-pharmacy.com\/wp-content\/uploads\/2022\/12\/Logo-Lion-Pharmacy-c-o-Loewen-Apotheke-smal.jpg","contentUrl":"https:\/\/lions-pharmacy.com\/wp-content\/uploads\/2022\/12\/Logo-Lion-Pharmacy-c-o-Loewen-Apotheke-smal.jpg","width":298,"height":99,"caption":"Lions Pharmacy"},"image":{"@id":"https:\/\/lions-pharmacy.com\/es#\/schema\/logo\/image\/"}}]}},"_links":{"self":[{"href":"https:\/\/lions-pharmacy.com\/es\/wp-json\/wp\/v2\/product\/6493","targetHints":{"allow":["GET"]}}],"collection":[{"href":"https:\/\/lions-pharmacy.com\/es\/wp-json\/wp\/v2\/product"}],"about":[{"href":"https:\/\/lions-pharmacy.com\/es\/wp-json\/wp\/v2\/types\/product"}],"replies":[{"embeddable":true,"href":"https:\/\/lions-pharmacy.com\/es\/wp-json\/wp\/v2\/comments?post=6493"}],"wp:featuredmedia":[{"embeddable":true,"href":"https:\/\/lions-pharmacy.com\/es\/wp-json\/wp\/v2\/media\/6753"}],"wp:attachment":[{"href":"https:\/\/lions-pharmacy.com\/es\/wp-json\/wp\/v2\/media?parent=6493"}],"wp:term":[{"taxonomy":"product_brand","embeddable":true,"href":"https:\/\/lions-pharmacy.com\/es\/wp-json\/wp\/v2\/product_brand?post=6493"},{"taxonomy":"product_cat","embeddable":true,"href":"https:\/\/lions-pharmacy.com\/es\/wp-json\/wp\/v2\/product_cat?post=6493"},{"taxonomy":"product_tag","embeddable":true,"href":"https:\/\/lions-pharmacy.com\/es\/wp-json\/wp\/v2\/product_tag?post=6493"}],"curies":[{"name":"wp","href":"https:\/\/api.w.org\/{rel}","templated":true}]}}