{"id":4879,"date":"2024-10-02T13:41:42","date_gmt":"2024-10-02T12:41:42","guid":{"rendered":"https:\/\/lions-pharmacy.com\/?post_type=product&#038;p=4879"},"modified":"2024-10-11T05:57:33","modified_gmt":"2024-10-11T04:57:33","slug":"ratiopharm-spray-nasal-adultos-15-ml-copy","status":"publish","type":"product","link":"https:\/\/lions-pharmacy.com\/es\/producto\/ratiopharm-spray-nasal-adultos-15-ml-copy","title":{"rendered":"Extracto de Sinupret 40 uds."},"content":{"rendered":"<h2>Extracto de Sinupret 40 uds.<\/h2>\n<p>Comprimidos de extracto de Sinupret: sufres de inflamaci\u00f3n cr\u00f3nica o aguda de los senos paranasales, entonces sinupret es exactamente lo adecuado para ti. Con sus 5 ingredientes activos naturales, ayuda exactamente donde ya no se elimina la mucosidad inflamada y atascada.<\/p>\n<p>Los ingredientes activos onagra, genciana, acedera, sa\u00faco y verbena disuelven la mucosidad, abren la nariz y despejan la cabeza de forma natural. Sinupret es altamente efectivo y bien tolerado. Adem\u00e1s, debes beber mucho y darle un poco de descanso a tu cuerpo. Si sufres de problemas de sue\u00f1o, tambi\u00e9n encontrar\u00e1s ayudantes naturales con nosotros para una recuperaci\u00f3n \u00f3ptima.<\/p>\n<p>El extracto de Sinupret fue especialmente desarrollado para los senos paranasales, lo que se conoce como sinusitis. Esto a menudo se expresa con los siguientes s\u00edntomas: Dolores de cabeza que empeoran cuando inclina la cabeza hacia adelante<br \/>\nDuele una gran parte de la cara, una nariz &#8220;tapada&#8221;. Aparici\u00f3n de secreciones espesas, a veces purulentas, Problemas respiratorios, Malestar.<br \/>\nA menudo fiebre, trastorno del olfato, Sinupret ayuda a aliviar estos s\u00edntomas y mejora su bienestar durante el per\u00edodo de recuperaci\u00f3n. Tambi\u00e9n puedes usar el extracto de Sinupret si eres intolerante a la lactosa.<\/p>\n<p><strong>Ingrediente activo:<\/strong><\/p>\n<p>Ingredientes activos<br \/>\nExtracto seco de flor de onagra<br \/>\nExtracto seco de hierba acedera<br \/>\nExtracto seco de verbena<br \/>\nExtracto seco de ra\u00edz de genciana<br \/>\nExtracto seco de flor de sa\u00faco<\/p>\n<p>Aqu\u00ed puede encontrar m\u00e1s informaci\u00f3n sobre el producto y el fabricante: <a href=\"https:\/\/bionorica.de\/de\/produkte\/atemwege\/sinupret.html\" target=\"_blank\" rel=\"noopener\">Bionorica SE &#8211; Sinupret<\/a>.<\/p>\n<p>Otros productos para la aplicaci\u00f3n: <a href=\"https:\/\/lions-pharmacy.com\/produkt-schlagwort\/cold-flu\">Resfriado y gripe<\/a><\/p>\n<p>La informaci\u00f3n contenida en este sitio web se facilita \u00fanicamente con fines informativos. En ning\u00fan caso sustituyen al examen y tratamiento por un m\u00e9dico. Tenga en cuenta que esto significa que no se pueden hacer diagn\u00f3sticos ni iniciar terapias.<\/p>\n<p>Para conocer los riesgos y efectos secundarios, lea el prospecto y consulte a su m\u00e9dico o farmac\u00e9utico.<\/p>\n<h3 style=\"text-align: left;\">Prescripci\u00f3n | \u00bfReceta electr\u00f3nica disponible?<\/h3>\n<p>Env\u00ede su receta electr\u00f3nica ahora. Utilice nuestra aplicaci\u00f3n <a href=\"https:\/\/e-rezept-app.de\/shop-rezept\" target=\"_blank\" rel=\"noopener\">de recetas electr\u00f3nicas<\/a> . \u00a1Y te damos los gastos de env\u00edo gratis en Alemania!<\/p>\n","protected":false},"excerpt":{"rendered":"<h2>Extracto de Sinupret<\/h2>\n<p>Extracto de Sinupret comprimidos para adultos y ni\u00f1os a partir de 12 a\u00f1os.<\/p>\n<div class=\"rating__wrap\">\n<p>&nbsp;<\/p>\n<p><strong>PZN: 09285547<\/strong> (n\u00famero central de la industria farmac\u00e9utica)<\/p>\n<p><strong>Forma farmac\u00e9utica<\/strong>: comprimidos &#8211; 40 piezas<\/p>\n<p><strong>Tipo de regulaci\u00f3n:<\/strong> Sin receta<\/p>\n<p><strong>Marca<\/strong>: Bionorica\u00ae<\/p>\n<p><strong>Fabricante<\/strong>: Bionorica SE, Neumarkt , Alemania<\/p>\n<\/div>\n","protected":false},"featured_media":4929,"comment_status":"closed","ping_status":"closed","template":"","meta":[],"product_brand":[],"product_cat":[125,116],"product_tag":[492,237,296],"class_list":{"0":"post-4879","1":"product","2":"type-product","3":"status-publish","4":"has-post-thumbnail","6":"product_cat-sale-es","7":"product_cat-sin-categorizar","8":"product_tag-gripe-y-resfriado","9":"product_tag-infeccion-virica","10":"product_tag-resfriado","11":"ts_product_brand-all-es","13":"first","14":"instock","15":"sale","16":"taxable","17":"shipping-taxable","18":"purchasable","19":"product-type-simple"},"yoast_head":"<!-- This site is optimized with the Yoast SEO plugin v26.5 - https:\/\/yoast.com\/wordpress\/plugins\/seo\/ -->\n<title>Extracto de Sinupret 40 uds. &#187; En stock - Pedir ahora<\/title>\n<meta name=\"description\" content=\"Extracto de Sinupret 40 uds. para la inflamaci\u00f3n de los senos paranasales. Fabricante: Bionorica SE. Entregado desde su farmacia en l\u00ednea alemana. Env\u00edo r\u00e1pido. Servicio de primera.\" \/>\n<meta name=\"robots\" content=\"index, follow, max-snippet:-1, max-image-preview:large, max-video-preview:-1\" \/>\n<link rel=\"canonical\" href=\"https:\/\/lions-pharmacy.com\/es\/producto\/ratiopharm-spray-nasal-adultos-15-ml-copy\" \/>\n<meta property=\"og:locale\" content=\"es_ES\" \/>\n<meta property=\"og:type\" content=\"article\" \/>\n<meta property=\"og:title\" content=\"Extracto de Sinupret 40 uds. &#187; En stock - Pedir ahora\" \/>\n<meta property=\"og:description\" content=\"Extracto de Sinupret 40 uds. para la inflamaci\u00f3n de los senos paranasales. Fabricante: Bionorica SE. Entregado desde su farmacia en l\u00ednea alemana. Env\u00edo r\u00e1pido. Servicio de primera.\" \/>\n<meta property=\"og:url\" content=\"https:\/\/lions-pharmacy.com\/es\/producto\/ratiopharm-spray-nasal-adultos-15-ml-copy\" \/>\n<meta property=\"og:site_name\" content=\"Lion Pharmacy\" \/>\n<meta property=\"article:modified_time\" content=\"2024-10-11T04:57:33+00:00\" \/>\n<meta property=\"og:image\" content=\"https:\/\/lions-pharmacy.com\/wp-content\/uploads\/2024\/10\/Sinupret-extract-40-tablets-Lions-Pharmacy-PZN-09285547.webp\" \/>\n\t<meta property=\"og:image:width\" content=\"600\" \/>\n\t<meta property=\"og:image:height\" content=\"600\" \/>\n\t<meta property=\"og:image:type\" content=\"image\/webp\" \/>\n<meta name=\"twitter:card\" content=\"summary_large_image\" \/>\n<meta name=\"twitter:label1\" content=\"Tiempo de lectura\" \/>\n\t<meta name=\"twitter:data1\" content=\"2 minutos\" \/>\n<script type=\"application\/ld+json\" class=\"yoast-schema-graph\">{\"@context\":\"https:\/\/schema.org\",\"@graph\":[{\"@type\":\"WebPage\",\"@id\":\"https:\/\/lions-pharmacy.com\/es\/producto\/ratiopharm-spray-nasal-adultos-15-ml-copy\",\"url\":\"https:\/\/lions-pharmacy.com\/es\/producto\/ratiopharm-spray-nasal-adultos-15-ml-copy\",\"name\":\"Extracto de Sinupret 40 uds. &#187; En stock - Pedir ahora\",\"isPartOf\":{\"@id\":\"https:\/\/lions-pharmacy.com\/es#website\"},\"primaryImageOfPage\":{\"@id\":\"https:\/\/lions-pharmacy.com\/es\/producto\/ratiopharm-spray-nasal-adultos-15-ml-copy#primaryimage\"},\"image\":{\"@id\":\"https:\/\/lions-pharmacy.com\/es\/producto\/ratiopharm-spray-nasal-adultos-15-ml-copy#primaryimage\"},\"thumbnailUrl\":\"https:\/\/lions-pharmacy.com\/wp-content\/uploads\/2024\/10\/Sinupret-extract-40-tablets-Lions-Pharmacy-PZN-09285547.webp\",\"datePublished\":\"2024-10-02T12:41:42+00:00\",\"dateModified\":\"2024-10-11T04:57:33+00:00\",\"description\":\"Extracto de Sinupret 40 uds. para la inflamaci\u00f3n de los senos paranasales. Fabricante: Bionorica SE. Entregado desde su farmacia en l\u00ednea alemana. Env\u00edo r\u00e1pido. Servicio de primera.\",\"breadcrumb\":{\"@id\":\"https:\/\/lions-pharmacy.com\/es\/producto\/ratiopharm-spray-nasal-adultos-15-ml-copy#breadcrumb\"},\"inLanguage\":\"es\",\"potentialAction\":[{\"@type\":\"ReadAction\",\"target\":[\"https:\/\/lions-pharmacy.com\/es\/producto\/ratiopharm-spray-nasal-adultos-15-ml-copy\"]}]},{\"@type\":\"ImageObject\",\"inLanguage\":\"es\",\"@id\":\"https:\/\/lions-pharmacy.com\/es\/producto\/ratiopharm-spray-nasal-adultos-15-ml-copy#primaryimage\",\"url\":\"https:\/\/lions-pharmacy.com\/wp-content\/uploads\/2024\/10\/Sinupret-extract-40-tablets-Lions-Pharmacy-PZN-09285547.webp\",\"contentUrl\":\"https:\/\/lions-pharmacy.com\/wp-content\/uploads\/2024\/10\/Sinupret-extract-40-tablets-Lions-Pharmacy-PZN-09285547.webp\",\"width\":600,\"height\":600,\"caption\":\"Extracto de Sinupret 40 comprimidos Lions Pharmacy PZN 09285547\"},{\"@type\":\"BreadcrumbList\",\"@id\":\"https:\/\/lions-pharmacy.com\/es\/producto\/ratiopharm-spray-nasal-adultos-15-ml-copy#breadcrumb\",\"itemListElement\":[{\"@type\":\"ListItem\",\"position\":1,\"name\":\"Home\",\"item\":\"https:\/\/lions-pharmacy.com\/es\/homepage-lion-pharmacy\"},{\"@type\":\"ListItem\",\"position\":2,\"name\":\"Shop\",\"item\":\"https:\/\/lions-pharmacy.com\/es\/tienda\"},{\"@type\":\"ListItem\",\"position\":3,\"name\":\"Extracto de Sinupret 40 uds.\"}]},{\"@type\":\"WebSite\",\"@id\":\"https:\/\/lions-pharmacy.com\/es#website\",\"url\":\"https:\/\/lions-pharmacy.com\/es\",\"name\":\"Lions Pharmacy\",\"description\":\"Farmacia especializada en naturopat\u00eda de Baden-Baden, Alemania\",\"publisher\":{\"@id\":\"https:\/\/lions-pharmacy.com\/es#organization\"},\"alternateName\":\"Lion Pharmacy\",\"potentialAction\":[{\"@type\":\"SearchAction\",\"target\":{\"@type\":\"EntryPoint\",\"urlTemplate\":\"https:\/\/lions-pharmacy.com\/es?s={search_term_string}\"},\"query-input\":{\"@type\":\"PropertyValueSpecification\",\"valueRequired\":true,\"valueName\":\"search_term_string\"}}],\"inLanguage\":\"es\"},{\"@type\":\"Organization\",\"@id\":\"https:\/\/lions-pharmacy.com\/es#organization\",\"name\":\"Lions Pharmacy\",\"alternateName\":\"Lions Pharmacy24\",\"url\":\"https:\/\/lions-pharmacy.com\/es\",\"logo\":{\"@type\":\"ImageObject\",\"inLanguage\":\"es\",\"@id\":\"https:\/\/lions-pharmacy.com\/es#\/schema\/logo\/image\/\",\"url\":\"https:\/\/lions-pharmacy.com\/wp-content\/uploads\/2022\/12\/Logo-Lion-Pharmacy-c-o-Loewen-Apotheke-smal.jpg\",\"contentUrl\":\"https:\/\/lions-pharmacy.com\/wp-content\/uploads\/2022\/12\/Logo-Lion-Pharmacy-c-o-Loewen-Apotheke-smal.jpg\",\"width\":298,\"height\":99,\"caption\":\"Lions Pharmacy\"},\"image\":{\"@id\":\"https:\/\/lions-pharmacy.com\/es#\/schema\/logo\/image\/\"}}]}<\/script>\n<!-- \/ Yoast SEO plugin. -->","yoast_head_json":{"title":"Extracto de Sinupret 40 uds. &#187; En stock - Pedir ahora","description":"Extracto de Sinupret 40 uds. para la inflamaci\u00f3n de los senos paranasales. Fabricante: Bionorica SE. Entregado desde su farmacia en l\u00ednea alemana. Env\u00edo r\u00e1pido. Servicio de primera.","robots":{"index":"index","follow":"follow","max-snippet":"max-snippet:-1","max-image-preview":"max-image-preview:large","max-video-preview":"max-video-preview:-1"},"canonical":"https:\/\/lions-pharmacy.com\/es\/producto\/ratiopharm-spray-nasal-adultos-15-ml-copy","og_locale":"es_ES","og_type":"article","og_title":"Extracto de Sinupret 40 uds. &#187; En stock - Pedir ahora","og_description":"Extracto de Sinupret 40 uds. para la inflamaci\u00f3n de los senos paranasales. Fabricante: Bionorica SE. Entregado desde su farmacia en l\u00ednea alemana. Env\u00edo r\u00e1pido. Servicio de primera.","og_url":"https:\/\/lions-pharmacy.com\/es\/producto\/ratiopharm-spray-nasal-adultos-15-ml-copy","og_site_name":"Lion Pharmacy","article_modified_time":"2024-10-11T04:57:33+00:00","og_image":[{"width":600,"height":600,"url":"https:\/\/lions-pharmacy.com\/wp-content\/uploads\/2024\/10\/Sinupret-extract-40-tablets-Lions-Pharmacy-PZN-09285547.webp","type":"image\/webp"}],"twitter_card":"summary_large_image","twitter_misc":{"Tiempo de lectura":"2 minutos"},"schema":{"@context":"https:\/\/schema.org","@graph":[{"@type":"WebPage","@id":"https:\/\/lions-pharmacy.com\/es\/producto\/ratiopharm-spray-nasal-adultos-15-ml-copy","url":"https:\/\/lions-pharmacy.com\/es\/producto\/ratiopharm-spray-nasal-adultos-15-ml-copy","name":"Extracto de Sinupret 40 uds. &#187; En stock - Pedir ahora","isPartOf":{"@id":"https:\/\/lions-pharmacy.com\/es#website"},"primaryImageOfPage":{"@id":"https:\/\/lions-pharmacy.com\/es\/producto\/ratiopharm-spray-nasal-adultos-15-ml-copy#primaryimage"},"image":{"@id":"https:\/\/lions-pharmacy.com\/es\/producto\/ratiopharm-spray-nasal-adultos-15-ml-copy#primaryimage"},"thumbnailUrl":"https:\/\/lions-pharmacy.com\/wp-content\/uploads\/2024\/10\/Sinupret-extract-40-tablets-Lions-Pharmacy-PZN-09285547.webp","datePublished":"2024-10-02T12:41:42+00:00","dateModified":"2024-10-11T04:57:33+00:00","description":"Extracto de Sinupret 40 uds. para la inflamaci\u00f3n de los senos paranasales. Fabricante: Bionorica SE. Entregado desde su farmacia en l\u00ednea alemana. Env\u00edo r\u00e1pido. Servicio de primera.","breadcrumb":{"@id":"https:\/\/lions-pharmacy.com\/es\/producto\/ratiopharm-spray-nasal-adultos-15-ml-copy#breadcrumb"},"inLanguage":"es","potentialAction":[{"@type":"ReadAction","target":["https:\/\/lions-pharmacy.com\/es\/producto\/ratiopharm-spray-nasal-adultos-15-ml-copy"]}]},{"@type":"ImageObject","inLanguage":"es","@id":"https:\/\/lions-pharmacy.com\/es\/producto\/ratiopharm-spray-nasal-adultos-15-ml-copy#primaryimage","url":"https:\/\/lions-pharmacy.com\/wp-content\/uploads\/2024\/10\/Sinupret-extract-40-tablets-Lions-Pharmacy-PZN-09285547.webp","contentUrl":"https:\/\/lions-pharmacy.com\/wp-content\/uploads\/2024\/10\/Sinupret-extract-40-tablets-Lions-Pharmacy-PZN-09285547.webp","width":600,"height":600,"caption":"Extracto de Sinupret 40 comprimidos Lions Pharmacy PZN 09285547"},{"@type":"BreadcrumbList","@id":"https:\/\/lions-pharmacy.com\/es\/producto\/ratiopharm-spray-nasal-adultos-15-ml-copy#breadcrumb","itemListElement":[{"@type":"ListItem","position":1,"name":"Home","item":"https:\/\/lions-pharmacy.com\/es\/homepage-lion-pharmacy"},{"@type":"ListItem","position":2,"name":"Shop","item":"https:\/\/lions-pharmacy.com\/es\/tienda"},{"@type":"ListItem","position":3,"name":"Extracto de Sinupret 40 uds."}]},{"@type":"WebSite","@id":"https:\/\/lions-pharmacy.com\/es#website","url":"https:\/\/lions-pharmacy.com\/es","name":"Lions Pharmacy","description":"Farmacia especializada en naturopat\u00eda de Baden-Baden, Alemania","publisher":{"@id":"https:\/\/lions-pharmacy.com\/es#organization"},"alternateName":"Lion Pharmacy","potentialAction":[{"@type":"SearchAction","target":{"@type":"EntryPoint","urlTemplate":"https:\/\/lions-pharmacy.com\/es?s={search_term_string}"},"query-input":{"@type":"PropertyValueSpecification","valueRequired":true,"valueName":"search_term_string"}}],"inLanguage":"es"},{"@type":"Organization","@id":"https:\/\/lions-pharmacy.com\/es#organization","name":"Lions Pharmacy","alternateName":"Lions Pharmacy24","url":"https:\/\/lions-pharmacy.com\/es","logo":{"@type":"ImageObject","inLanguage":"es","@id":"https:\/\/lions-pharmacy.com\/es#\/schema\/logo\/image\/","url":"https:\/\/lions-pharmacy.com\/wp-content\/uploads\/2022\/12\/Logo-Lion-Pharmacy-c-o-Loewen-Apotheke-smal.jpg","contentUrl":"https:\/\/lions-pharmacy.com\/wp-content\/uploads\/2022\/12\/Logo-Lion-Pharmacy-c-o-Loewen-Apotheke-smal.jpg","width":298,"height":99,"caption":"Lions Pharmacy"},"image":{"@id":"https:\/\/lions-pharmacy.com\/es#\/schema\/logo\/image\/"}}]}},"_links":{"self":[{"href":"https:\/\/lions-pharmacy.com\/es\/wp-json\/wp\/v2\/product\/4879","targetHints":{"allow":["GET"]}}],"collection":[{"href":"https:\/\/lions-pharmacy.com\/es\/wp-json\/wp\/v2\/product"}],"about":[{"href":"https:\/\/lions-pharmacy.com\/es\/wp-json\/wp\/v2\/types\/product"}],"replies":[{"embeddable":true,"href":"https:\/\/lions-pharmacy.com\/es\/wp-json\/wp\/v2\/comments?post=4879"}],"wp:featuredmedia":[{"embeddable":true,"href":"https:\/\/lions-pharmacy.com\/es\/wp-json\/wp\/v2\/media\/4929"}],"wp:attachment":[{"href":"https:\/\/lions-pharmacy.com\/es\/wp-json\/wp\/v2\/media?parent=4879"}],"wp:term":[{"taxonomy":"product_brand","embeddable":true,"href":"https:\/\/lions-pharmacy.com\/es\/wp-json\/wp\/v2\/product_brand?post=4879"},{"taxonomy":"product_cat","embeddable":true,"href":"https:\/\/lions-pharmacy.com\/es\/wp-json\/wp\/v2\/product_cat?post=4879"},{"taxonomy":"product_tag","embeddable":true,"href":"https:\/\/lions-pharmacy.com\/es\/wp-json\/wp\/v2\/product_tag?post=4879"}],"curies":[{"name":"wp","href":"https:\/\/api.w.org\/{rel}","templated":true}]}}