{"id":4868,"date":"2024-10-02T12:39:36","date_gmt":"2024-10-02T11:39:36","guid":{"rendered":"https:\/\/lions-pharmacy.com\/?post_type=product&#038;p=4868"},"modified":"2024-10-03T17:23:54","modified_gmt":"2024-10-03T16:23:54","slug":"ratiopharm-spray-nasal-adultos-15-ml-copy-2","status":"publish","type":"product","link":"https:\/\/lions-pharmacy.com\/es\/producto\/ratiopharm-spray-nasal-adultos-15-ml-copy-2","title":{"rendered":"Bepanthen Pomada para ojos y nariz 10 g"},"content":{"rendered":"<h2>Bepanthen Ung\u00fcento para los ojos y la nariz<\/h2>\n<p>Apoye su mucosa nasal con el ung\u00fcento para ojos y nariz Bepanthen. Esto puede verse afectado por alergias, resfriados y, en invierno, por el aire seco de la calefacci\u00f3n. El polvo fino, los gases de escape de los autom\u00f3viles y el humo del tabaco tambi\u00e9n pueden ser estresantes para la mucosa nasal. Esto entonces se siente doloroso y seco.<br \/>\nEl ung\u00fcento para ojos y nariz fue especialmente desarrollado sin conservantes. El ingrediente activo dexpantenol penetra en las \u00e1reas da\u00f1adas y promueve la reconstrucci\u00f3n de la membrana mucosa y le proporciona humedad.<br \/>\nEl dolor de nariz puede manifestarse en varios s\u00edntomas, entre ellos:<\/p>\n<ul>\n<li>Dolor o sensaci\u00f3n de ardor constante<\/li>\n<li>Costras o costras en el interior de las fosas nasales<\/li>\n<li>Grietas y enrojecimiento<\/li>\n<\/ul>\n<p><strong>Ingrediente activo:<\/strong><\/p>\n<section class=\"text-dark-primary-max\">\n<ul>\n<li>50 mg de dexpantenol<\/li>\n<\/ul>\n<p><strong>Excipientes<\/strong><br \/>\nPantolactona<br \/>\nParafina, viscosa<br \/>\nAgua, purificada<br \/>\nVaselin, blanco<br \/>\nlanolina<\/p>\n<p>Apoye su nariz y ojos con el ung\u00fcento para ojos y nariz Bepanthen y entre en el invierno sin preocupaciones.<\/p>\n<p><strong>La aplicaci\u00f3n es sencilla:<\/strong><br \/>\nAplique el ung\u00fcento para los ojos y la nariz en la parte apropiada de la nariz varias veces al d\u00eda, a menos que su m\u00e9dico le haya recetado lo contrario.<br \/>\nPara su uso en el ojo, use la c\u00e1nula para aplicar un chorro de ung\u00fcento de 1 cm de largo en el p\u00e1rpado inferior para que pueda extenderse en el ojo.<\/p>\n<p>Aqu\u00ed puede encontrar m\u00e1s informaci\u00f3n sobre el producto y el fabricante: <a href=\"https:\/\/www.bepanthen.de\/augen-und-nasensalbe\" target=\"_blank\" rel=\"noopener\">Bayer AG &#8211; Bepanthen<\/a>.<\/p>\n<p>Otros productos para la aplicaci\u00f3n: <a href=\"https:\/\/lions-pharmacy.com\/produkt-schlagwort\/cold-flu\">Resfriado y gripe<\/a>.<\/p>\n<p>La informaci\u00f3n contenida en este sitio web se facilita \u00fanicamente con fines informativos. En ning\u00fan caso sustituyen al examen y tratamiento por un m\u00e9dico. Tenga en cuenta que esto significa que no se pueden hacer diagn\u00f3sticos ni iniciar terapias.<\/p>\n<\/section>\n<p>Para conocer los riesgos y efectos secundarios, lea el prospecto y consulte a su m\u00e9dico o farmac\u00e9utico.<\/p>\n<h3 style=\"text-align: left;\">Prescripci\u00f3n | \u00bfReceta electr\u00f3nica disponible?<\/h3>\n<p>Env\u00ede su receta electr\u00f3nica ahora. Utilice nuestra aplicaci\u00f3n <a href=\"https:\/\/e-rezept-app.de\/shop-rezept\" target=\"_blank\" rel=\"noopener\">de recetas electr\u00f3nicas<\/a> . \u00a1Y te damos los gastos de env\u00edo gratis en Alemania!<\/p>\n","protected":false},"excerpt":{"rendered":"<h2>Bepanthen Ung\u00fcento para los ojos y la nariz<\/h2>\n<div class=\"rating__wrap\">\n<p>Bepanthen Pomada para los ojos y la nariz 10 g tambi\u00e9n para beb\u00e9s y ni\u00f1os peque\u00f1os.<\/p>\n<p>&nbsp;<\/p>\n<p><strong>PZN: 01578675<\/strong> (n\u00famero central farmac\u00e9utico)<\/p>\n<p><strong>Forma farmac\u00e9utica<\/strong>: Pomada 10 g<\/p>\n<p><strong>Tipo de regulaci\u00f3n:<\/strong> Sin receta<\/p>\n<p><strong>Marca<\/strong>: Bayer\u00ae<\/p>\n<p><strong>Fabricante<\/strong>: Bayer Vital GmbH, Alemania<\/p>\n<\/div>\n","protected":false},"featured_media":4874,"comment_status":"closed","ping_status":"closed","template":"","meta":[],"product_brand":[],"product_cat":[125,116],"product_tag":[492,237,296],"class_list":{"0":"post-4868","1":"product","2":"type-product","3":"status-publish","4":"has-post-thumbnail","6":"product_cat-sale-es","7":"product_cat-sin-categorizar","8":"product_tag-gripe-y-resfriado","9":"product_tag-infeccion-virica","10":"product_tag-resfriado","11":"ts_product_brand-all-es","13":"first","14":"instock","15":"taxable","16":"shipping-taxable","17":"purchasable","18":"product-type-simple"},"yoast_head":"<!-- This site is optimized with the Yoast SEO plugin v26.5 - https:\/\/yoast.com\/wordpress\/plugins\/seo\/ -->\n<title>Bepanthen Pomada para ojos y nariz 10 g &#187; Ordene aqu\u00ed<\/title>\n<meta name=\"description\" content=\"Bepanthen Pomada para ojos y nariz 10 g para la inflamaci\u00f3n de la piel. Fabricante: Bayer AG. Entregado desde su farmacia en l\u00ednea alemana. Env\u00edo r\u00e1pido. Servicio de primera.\" \/>\n<meta name=\"robots\" content=\"index, follow, max-snippet:-1, max-image-preview:large, max-video-preview:-1\" \/>\n<link rel=\"canonical\" href=\"https:\/\/lions-pharmacy.com\/es\/producto\/ratiopharm-spray-nasal-adultos-15-ml-copy-2\" \/>\n<meta property=\"og:locale\" content=\"es_ES\" \/>\n<meta property=\"og:type\" content=\"article\" \/>\n<meta property=\"og:title\" content=\"Bepanthen Pomada para ojos y nariz 10 g &#187; Ordene aqu\u00ed\" \/>\n<meta property=\"og:description\" content=\"Bepanthen Pomada para ojos y nariz 10 g para la inflamaci\u00f3n de la piel. Fabricante: Bayer AG. Entregado desde su farmacia en l\u00ednea alemana. Env\u00edo r\u00e1pido. Servicio de primera.\" \/>\n<meta property=\"og:url\" content=\"https:\/\/lions-pharmacy.com\/es\/producto\/ratiopharm-spray-nasal-adultos-15-ml-copy-2\" \/>\n<meta property=\"og:site_name\" content=\"Lion Pharmacy\" \/>\n<meta property=\"article:modified_time\" content=\"2024-10-03T16:23:54+00:00\" \/>\n<meta property=\"og:image\" content=\"https:\/\/lions-pharmacy.com\/wp-content\/uploads\/2024\/10\/Bepanthen-Augen-und-Nasensalbe.webp\" \/>\n\t<meta property=\"og:image:width\" content=\"600\" \/>\n\t<meta property=\"og:image:height\" content=\"600\" \/>\n\t<meta property=\"og:image:type\" content=\"image\/webp\" \/>\n<meta name=\"twitter:card\" content=\"summary_large_image\" \/>\n<meta name=\"twitter:label1\" content=\"Tiempo de lectura\" \/>\n\t<meta name=\"twitter:data1\" content=\"2 minutos\" \/>\n<script type=\"application\/ld+json\" class=\"yoast-schema-graph\">{\"@context\":\"https:\/\/schema.org\",\"@graph\":[{\"@type\":\"WebPage\",\"@id\":\"https:\/\/lions-pharmacy.com\/es\/producto\/ratiopharm-spray-nasal-adultos-15-ml-copy-2\",\"url\":\"https:\/\/lions-pharmacy.com\/es\/producto\/ratiopharm-spray-nasal-adultos-15-ml-copy-2\",\"name\":\"Bepanthen Pomada para ojos y nariz 10 g &#187; Ordene aqu\u00ed\",\"isPartOf\":{\"@id\":\"https:\/\/lions-pharmacy.com\/es#website\"},\"primaryImageOfPage\":{\"@id\":\"https:\/\/lions-pharmacy.com\/es\/producto\/ratiopharm-spray-nasal-adultos-15-ml-copy-2#primaryimage\"},\"image\":{\"@id\":\"https:\/\/lions-pharmacy.com\/es\/producto\/ratiopharm-spray-nasal-adultos-15-ml-copy-2#primaryimage\"},\"thumbnailUrl\":\"https:\/\/lions-pharmacy.com\/wp-content\/uploads\/2024\/10\/Bepanthen-Augen-und-Nasensalbe.webp\",\"datePublished\":\"2024-10-02T11:39:36+00:00\",\"dateModified\":\"2024-10-03T16:23:54+00:00\",\"description\":\"Bepanthen Pomada para ojos y nariz 10 g para la inflamaci\u00f3n de la piel. Fabricante: Bayer AG. Entregado desde su farmacia en l\u00ednea alemana. Env\u00edo r\u00e1pido. Servicio de primera.\",\"breadcrumb\":{\"@id\":\"https:\/\/lions-pharmacy.com\/es\/producto\/ratiopharm-spray-nasal-adultos-15-ml-copy-2#breadcrumb\"},\"inLanguage\":\"es\",\"potentialAction\":[{\"@type\":\"ReadAction\",\"target\":[\"https:\/\/lions-pharmacy.com\/es\/producto\/ratiopharm-spray-nasal-adultos-15-ml-copy-2\"]}]},{\"@type\":\"ImageObject\",\"inLanguage\":\"es\",\"@id\":\"https:\/\/lions-pharmacy.com\/es\/producto\/ratiopharm-spray-nasal-adultos-15-ml-copy-2#primaryimage\",\"url\":\"https:\/\/lions-pharmacy.com\/wp-content\/uploads\/2024\/10\/Bepanthen-Augen-und-Nasensalbe.webp\",\"contentUrl\":\"https:\/\/lions-pharmacy.com\/wp-content\/uploads\/2024\/10\/Bepanthen-Augen-und-Nasensalbe.webp\",\"width\":600,\"height\":600,\"caption\":\"Bepanthen Pomada para ojos y nariz 10 g Bayer Lions Pharmacy 01578675\"},{\"@type\":\"BreadcrumbList\",\"@id\":\"https:\/\/lions-pharmacy.com\/es\/producto\/ratiopharm-spray-nasal-adultos-15-ml-copy-2#breadcrumb\",\"itemListElement\":[{\"@type\":\"ListItem\",\"position\":1,\"name\":\"Home\",\"item\":\"https:\/\/lions-pharmacy.com\/es\/homepage-lion-pharmacy\"},{\"@type\":\"ListItem\",\"position\":2,\"name\":\"Shop\",\"item\":\"https:\/\/lions-pharmacy.com\/es\/tienda\"},{\"@type\":\"ListItem\",\"position\":3,\"name\":\"Bepanthen Pomada para ojos y nariz 10 g\"}]},{\"@type\":\"WebSite\",\"@id\":\"https:\/\/lions-pharmacy.com\/es#website\",\"url\":\"https:\/\/lions-pharmacy.com\/es\",\"name\":\"Lions Pharmacy\",\"description\":\"Farmacia especializada en naturopat\u00eda de Baden-Baden, Alemania\",\"publisher\":{\"@id\":\"https:\/\/lions-pharmacy.com\/es#organization\"},\"alternateName\":\"Lion Pharmacy\",\"potentialAction\":[{\"@type\":\"SearchAction\",\"target\":{\"@type\":\"EntryPoint\",\"urlTemplate\":\"https:\/\/lions-pharmacy.com\/es?s={search_term_string}\"},\"query-input\":{\"@type\":\"PropertyValueSpecification\",\"valueRequired\":true,\"valueName\":\"search_term_string\"}}],\"inLanguage\":\"es\"},{\"@type\":\"Organization\",\"@id\":\"https:\/\/lions-pharmacy.com\/es#organization\",\"name\":\"Lions Pharmacy\",\"alternateName\":\"Lions Pharmacy24\",\"url\":\"https:\/\/lions-pharmacy.com\/es\",\"logo\":{\"@type\":\"ImageObject\",\"inLanguage\":\"es\",\"@id\":\"https:\/\/lions-pharmacy.com\/es#\/schema\/logo\/image\/\",\"url\":\"https:\/\/lions-pharmacy.com\/wp-content\/uploads\/2022\/12\/Logo-Lion-Pharmacy-c-o-Loewen-Apotheke-smal.jpg\",\"contentUrl\":\"https:\/\/lions-pharmacy.com\/wp-content\/uploads\/2022\/12\/Logo-Lion-Pharmacy-c-o-Loewen-Apotheke-smal.jpg\",\"width\":298,\"height\":99,\"caption\":\"Lions Pharmacy\"},\"image\":{\"@id\":\"https:\/\/lions-pharmacy.com\/es#\/schema\/logo\/image\/\"}}]}<\/script>\n<!-- \/ Yoast SEO plugin. -->","yoast_head_json":{"title":"Bepanthen Pomada para ojos y nariz 10 g &#187; Ordene aqu\u00ed","description":"Bepanthen Pomada para ojos y nariz 10 g para la inflamaci\u00f3n de la piel. Fabricante: Bayer AG. Entregado desde su farmacia en l\u00ednea alemana. Env\u00edo r\u00e1pido. Servicio de primera.","robots":{"index":"index","follow":"follow","max-snippet":"max-snippet:-1","max-image-preview":"max-image-preview:large","max-video-preview":"max-video-preview:-1"},"canonical":"https:\/\/lions-pharmacy.com\/es\/producto\/ratiopharm-spray-nasal-adultos-15-ml-copy-2","og_locale":"es_ES","og_type":"article","og_title":"Bepanthen Pomada para ojos y nariz 10 g &#187; Ordene aqu\u00ed","og_description":"Bepanthen Pomada para ojos y nariz 10 g para la inflamaci\u00f3n de la piel. Fabricante: Bayer AG. Entregado desde su farmacia en l\u00ednea alemana. Env\u00edo r\u00e1pido. Servicio de primera.","og_url":"https:\/\/lions-pharmacy.com\/es\/producto\/ratiopharm-spray-nasal-adultos-15-ml-copy-2","og_site_name":"Lion Pharmacy","article_modified_time":"2024-10-03T16:23:54+00:00","og_image":[{"width":600,"height":600,"url":"https:\/\/lions-pharmacy.com\/wp-content\/uploads\/2024\/10\/Bepanthen-Augen-und-Nasensalbe.webp","type":"image\/webp"}],"twitter_card":"summary_large_image","twitter_misc":{"Tiempo de lectura":"2 minutos"},"schema":{"@context":"https:\/\/schema.org","@graph":[{"@type":"WebPage","@id":"https:\/\/lions-pharmacy.com\/es\/producto\/ratiopharm-spray-nasal-adultos-15-ml-copy-2","url":"https:\/\/lions-pharmacy.com\/es\/producto\/ratiopharm-spray-nasal-adultos-15-ml-copy-2","name":"Bepanthen Pomada para ojos y nariz 10 g &#187; Ordene aqu\u00ed","isPartOf":{"@id":"https:\/\/lions-pharmacy.com\/es#website"},"primaryImageOfPage":{"@id":"https:\/\/lions-pharmacy.com\/es\/producto\/ratiopharm-spray-nasal-adultos-15-ml-copy-2#primaryimage"},"image":{"@id":"https:\/\/lions-pharmacy.com\/es\/producto\/ratiopharm-spray-nasal-adultos-15-ml-copy-2#primaryimage"},"thumbnailUrl":"https:\/\/lions-pharmacy.com\/wp-content\/uploads\/2024\/10\/Bepanthen-Augen-und-Nasensalbe.webp","datePublished":"2024-10-02T11:39:36+00:00","dateModified":"2024-10-03T16:23:54+00:00","description":"Bepanthen Pomada para ojos y nariz 10 g para la inflamaci\u00f3n de la piel. Fabricante: Bayer AG. Entregado desde su farmacia en l\u00ednea alemana. Env\u00edo r\u00e1pido. Servicio de primera.","breadcrumb":{"@id":"https:\/\/lions-pharmacy.com\/es\/producto\/ratiopharm-spray-nasal-adultos-15-ml-copy-2#breadcrumb"},"inLanguage":"es","potentialAction":[{"@type":"ReadAction","target":["https:\/\/lions-pharmacy.com\/es\/producto\/ratiopharm-spray-nasal-adultos-15-ml-copy-2"]}]},{"@type":"ImageObject","inLanguage":"es","@id":"https:\/\/lions-pharmacy.com\/es\/producto\/ratiopharm-spray-nasal-adultos-15-ml-copy-2#primaryimage","url":"https:\/\/lions-pharmacy.com\/wp-content\/uploads\/2024\/10\/Bepanthen-Augen-und-Nasensalbe.webp","contentUrl":"https:\/\/lions-pharmacy.com\/wp-content\/uploads\/2024\/10\/Bepanthen-Augen-und-Nasensalbe.webp","width":600,"height":600,"caption":"Bepanthen Pomada para ojos y nariz 10 g Bayer Lions Pharmacy 01578675"},{"@type":"BreadcrumbList","@id":"https:\/\/lions-pharmacy.com\/es\/producto\/ratiopharm-spray-nasal-adultos-15-ml-copy-2#breadcrumb","itemListElement":[{"@type":"ListItem","position":1,"name":"Home","item":"https:\/\/lions-pharmacy.com\/es\/homepage-lion-pharmacy"},{"@type":"ListItem","position":2,"name":"Shop","item":"https:\/\/lions-pharmacy.com\/es\/tienda"},{"@type":"ListItem","position":3,"name":"Bepanthen Pomada para ojos y nariz 10 g"}]},{"@type":"WebSite","@id":"https:\/\/lions-pharmacy.com\/es#website","url":"https:\/\/lions-pharmacy.com\/es","name":"Lions Pharmacy","description":"Farmacia especializada en naturopat\u00eda de Baden-Baden, Alemania","publisher":{"@id":"https:\/\/lions-pharmacy.com\/es#organization"},"alternateName":"Lion Pharmacy","potentialAction":[{"@type":"SearchAction","target":{"@type":"EntryPoint","urlTemplate":"https:\/\/lions-pharmacy.com\/es?s={search_term_string}"},"query-input":{"@type":"PropertyValueSpecification","valueRequired":true,"valueName":"search_term_string"}}],"inLanguage":"es"},{"@type":"Organization","@id":"https:\/\/lions-pharmacy.com\/es#organization","name":"Lions Pharmacy","alternateName":"Lions Pharmacy24","url":"https:\/\/lions-pharmacy.com\/es","logo":{"@type":"ImageObject","inLanguage":"es","@id":"https:\/\/lions-pharmacy.com\/es#\/schema\/logo\/image\/","url":"https:\/\/lions-pharmacy.com\/wp-content\/uploads\/2022\/12\/Logo-Lion-Pharmacy-c-o-Loewen-Apotheke-smal.jpg","contentUrl":"https:\/\/lions-pharmacy.com\/wp-content\/uploads\/2022\/12\/Logo-Lion-Pharmacy-c-o-Loewen-Apotheke-smal.jpg","width":298,"height":99,"caption":"Lions Pharmacy"},"image":{"@id":"https:\/\/lions-pharmacy.com\/es#\/schema\/logo\/image\/"}}]}},"_links":{"self":[{"href":"https:\/\/lions-pharmacy.com\/es\/wp-json\/wp\/v2\/product\/4868","targetHints":{"allow":["GET"]}}],"collection":[{"href":"https:\/\/lions-pharmacy.com\/es\/wp-json\/wp\/v2\/product"}],"about":[{"href":"https:\/\/lions-pharmacy.com\/es\/wp-json\/wp\/v2\/types\/product"}],"replies":[{"embeddable":true,"href":"https:\/\/lions-pharmacy.com\/es\/wp-json\/wp\/v2\/comments?post=4868"}],"wp:featuredmedia":[{"embeddable":true,"href":"https:\/\/lions-pharmacy.com\/es\/wp-json\/wp\/v2\/media\/4874"}],"wp:attachment":[{"href":"https:\/\/lions-pharmacy.com\/es\/wp-json\/wp\/v2\/media?parent=4868"}],"wp:term":[{"taxonomy":"product_brand","embeddable":true,"href":"https:\/\/lions-pharmacy.com\/es\/wp-json\/wp\/v2\/product_brand?post=4868"},{"taxonomy":"product_cat","embeddable":true,"href":"https:\/\/lions-pharmacy.com\/es\/wp-json\/wp\/v2\/product_cat?post=4868"},{"taxonomy":"product_tag","embeddable":true,"href":"https:\/\/lions-pharmacy.com\/es\/wp-json\/wp\/v2\/product_tag?post=4868"}],"curies":[{"name":"wp","href":"https:\/\/api.w.org\/{rel}","templated":true}]}}