{"id":4581,"date":"2024-09-12T08:06:19","date_gmt":"2024-09-12T07:06:19","guid":{"rendered":"https:\/\/lions-pharmacy.com\/?post_type=product&#038;p=4581"},"modified":"2024-09-20T14:42:00","modified_gmt":"2024-09-20T13:42:00","slug":"umckaloabo-liquido-50-ml-01062049-copy","status":"publish","type":"product","link":"https:\/\/lions-pharmacy.com\/es\/producto\/umckaloabo-liquido-50-ml-01062049-copy","title":{"rendered":"Ratiopharm Spray nasal adultos 15 ml"},"content":{"rendered":"<h2>Ratiopharm Spray nasal adultos 15 ml<\/h2>\n<p>El spray nasal sin conservantes Ratiopharm tiene un efecto espec\u00edfico sobre las membranas mucosas nasales.<\/p>\n<p>La xilometazolina que contiene, que tiene propiedades vasoconstrictoras, tiene un efecto descongestionante sobre las membranas mucosas nasales. El aerosol nasal se puede utilizar en particular para los resfriados, la secreci\u00f3n nasal y la rinitis al\u00e9rgica. Se utiliza para facilitar el drenaje del suero en el caso de sinusitis y catarro del o\u00eddo medio asociado a un resfriado.<\/p>\n<p>Es f\u00e1cil resfriarse o secrer la nariz si el sistema inmunitario est\u00e1 debilitado. Su sistema inmunol\u00f3gico se puede fortalecer con varios medios; Pregunte en nuestra farmacia sobre esto. Tambi\u00e9n puede fortalecer su cuerpo y su sistema inmunol\u00f3gico d\u00e1ndole descanso y durmiendo lo suficiente. El aerosol nasal puede ser \u00fatil aqu\u00ed para dormir toda la noche y darle al cuerpo el descanso que necesita.<\/p>\n<p>El spray nasal descongestionante es muy adecuado para tratar los s\u00edntomas y permite volver a respirar libremente.<\/p>\n<p>No debe usarse durante m\u00e1s de 7 d\u00edas.<\/p>\n<p>El spray nasal Ratiopharm contiene el ingrediente activo clorhidrato de xilometazolina. Spray nasal-ratiopharm\u00ae adultos. Use siempre este medicamento exactamente como se describe en este prospecto o seg\u00fan las indicaciones de su m\u00e9dico o farmac\u00e9utico. Consulte a su m\u00e9dico o farmac\u00e9utico si no est\u00e1 seguro. El spray nasal Ratiopharm es apto para adultos y escolares a partir de 6 a\u00f1os.<\/p>\n<p><strong>Ingrediente activo:<\/strong><\/p>\n<p>Clorhidrato de xilometazolina<\/p>\n<p>Los mejores ingredientes son: Citronens\u00e4ure-Monohydrat Natriumcitrat x 2 H2O Glycerol 85 % Gereinigtes Wasser<\/p>\n<p>Otros productos para la aplicaci\u00f3n: <a href=\"https:\/\/lions-pharmacy.com\/produkt-schlagwort\/cold-flu\">Resfriado y gripe<\/a><\/p>\n<p>&nbsp;<\/p>\n<p>La informaci\u00f3n contenida en este sitio web se facilita \u00fanicamente con fines informativos. En ning\u00fan caso sustituyen al examen y tratamiento por un m\u00e9dico. Tenga en cuenta que esto significa que no se pueden hacer diagn\u00f3sticos ni iniciar terapias.<\/p>\n<p>Para conocer los riesgos y efectos secundarios, lea el prospecto y consulte a su m\u00e9dico o farmac\u00e9utico.<\/p>\n<h3 style=\"text-align: left;\">Prescripci\u00f3n | \u00bfReceta electr\u00f3nica disponible?<\/h3>\n<p>Env\u00ede su receta electr\u00f3nica ahora. Utilice nuestra aplicaci\u00f3n <a href=\"https:\/\/e-rezept-app.de\/shop-rezept\" target=\"_blank\" rel=\"noopener\">de recetas electr\u00f3nicas<\/a> . \u00a1Y te damos los gastos de env\u00edo gratis en Alemania!<\/p>\n","protected":false},"excerpt":{"rendered":"<h2 style=\"text-align: left;\">Ratiopharm Spray nasal adultos 15 ml<\/h2>\n<div class=\"rating__wrap\">\n<p>Ratiopharm Spray nasal. El spray nasal sin conservantes para adultos y ni\u00f1os a partir de los 6 a\u00f1os.<\/p>\n<p>&nbsp;<\/p>\n<p><strong>PZN: 00999848<\/strong> (n\u00famero central farmac\u00e9utico)<\/p>\n<p><strong>Forma farmac\u00e9utica<\/strong>: Spray &#8211; 15 ml<\/p>\n<p><strong>Tipo de regulaci\u00f3n:<\/strong> Sin receta<\/p>\n<p><strong>Marca<\/strong>: Ratiopharm\u00ae<\/p>\n<p><strong>Fabricante<\/strong>: Ratiopharm GmbH, Ulm, Alemania<\/p>\n<\/div>\n","protected":false},"featured_media":4570,"comment_status":"closed","ping_status":"closed","template":"","meta":[],"product_brand":[],"product_cat":[125,116],"product_tag":[517,492],"class_list":{"0":"post-4581","1":"product","2":"type-product","3":"status-publish","4":"has-post-thumbnail","6":"product_cat-sale-es","7":"product_cat-sin-categorizar","8":"product_tag-corona-y-defensa-inmune","9":"product_tag-gripe-y-resfriado","10":"ts_product_brand-all-es","12":"first","13":"instock","14":"taxable","15":"shipping-taxable","16":"purchasable","17":"product-type-simple"},"yoast_head":"<!-- This site is optimized with the Yoast SEO plugin v26.5 - https:\/\/yoast.com\/wordpress\/plugins\/seo\/ -->\n<title>Ratiopharm Spray nasal adultos 15 ml &#187; Lion Pharmacy<\/title>\n<meta name=\"description\" content=\"Farmacia Le\u00f3n | Farmacia en l\u00ednea alemana registrada | Env\u00edo internacional r\u00e1pido | Compras en l\u00ednea c\u00f3modas y seguras. Ratiopharm Spray nasal adultos 15 ml\" \/>\n<meta name=\"robots\" content=\"index, follow, max-snippet:-1, max-image-preview:large, max-video-preview:-1\" \/>\n<link rel=\"canonical\" href=\"https:\/\/lions-pharmacy.com\/es\/producto\/umckaloabo-liquido-50-ml-01062049-copy\" \/>\n<meta property=\"og:locale\" content=\"es_ES\" \/>\n<meta property=\"og:type\" content=\"article\" \/>\n<meta property=\"og:title\" content=\"Ratiopharm Spray nasal adultos 15 ml &#187; Lion Pharmacy\" \/>\n<meta property=\"og:description\" content=\"Farmacia Le\u00f3n | Farmacia en l\u00ednea alemana registrada | Env\u00edo internacional r\u00e1pido | Compras en l\u00ednea c\u00f3modas y seguras. Ratiopharm Spray nasal adultos 15 ml\" \/>\n<meta property=\"og:url\" content=\"https:\/\/lions-pharmacy.com\/es\/producto\/umckaloabo-liquido-50-ml-01062049-copy\" \/>\n<meta property=\"og:site_name\" content=\"Lion Pharmacy\" \/>\n<meta property=\"article:modified_time\" content=\"2024-09-20T13:42:00+00:00\" \/>\n<meta property=\"og:image\" content=\"https:\/\/lions-pharmacy.com\/wp-content\/uploads\/2024\/09\/Ratiopharm-Nasenspray-Erwachsene-15-ml.webp\" \/>\n\t<meta property=\"og:image:width\" content=\"600\" \/>\n\t<meta property=\"og:image:height\" content=\"600\" \/>\n\t<meta property=\"og:image:type\" content=\"image\/webp\" \/>\n<meta name=\"twitter:card\" content=\"summary_large_image\" \/>\n<meta name=\"twitter:label1\" content=\"Tiempo de lectura\" \/>\n\t<meta name=\"twitter:data1\" content=\"2 minutos\" \/>\n<script type=\"application\/ld+json\" class=\"yoast-schema-graph\">{\"@context\":\"https:\/\/schema.org\",\"@graph\":[{\"@type\":\"WebPage\",\"@id\":\"https:\/\/lions-pharmacy.com\/es\/producto\/umckaloabo-liquido-50-ml-01062049-copy\",\"url\":\"https:\/\/lions-pharmacy.com\/es\/producto\/umckaloabo-liquido-50-ml-01062049-copy\",\"name\":\"Ratiopharm Spray nasal adultos 15 ml &#187; Lion Pharmacy\",\"isPartOf\":{\"@id\":\"https:\/\/lions-pharmacy.com\/es#website\"},\"primaryImageOfPage\":{\"@id\":\"https:\/\/lions-pharmacy.com\/es\/producto\/umckaloabo-liquido-50-ml-01062049-copy#primaryimage\"},\"image\":{\"@id\":\"https:\/\/lions-pharmacy.com\/es\/producto\/umckaloabo-liquido-50-ml-01062049-copy#primaryimage\"},\"thumbnailUrl\":\"https:\/\/lions-pharmacy.com\/wp-content\/uploads\/2024\/09\/Ratiopharm-Nasenspray-Erwachsene-15-ml.webp\",\"datePublished\":\"2024-09-12T07:06:19+00:00\",\"dateModified\":\"2024-09-20T13:42:00+00:00\",\"description\":\"Farmacia Le\u00f3n | Farmacia en l\u00ednea alemana registrada | Env\u00edo internacional r\u00e1pido | Compras en l\u00ednea c\u00f3modas y seguras. Ratiopharm Spray nasal adultos 15 ml\",\"breadcrumb\":{\"@id\":\"https:\/\/lions-pharmacy.com\/es\/producto\/umckaloabo-liquido-50-ml-01062049-copy#breadcrumb\"},\"inLanguage\":\"es\",\"potentialAction\":[{\"@type\":\"ReadAction\",\"target\":[\"https:\/\/lions-pharmacy.com\/es\/producto\/umckaloabo-liquido-50-ml-01062049-copy\"]}]},{\"@type\":\"ImageObject\",\"inLanguage\":\"es\",\"@id\":\"https:\/\/lions-pharmacy.com\/es\/producto\/umckaloabo-liquido-50-ml-01062049-copy#primaryimage\",\"url\":\"https:\/\/lions-pharmacy.com\/wp-content\/uploads\/2024\/09\/Ratiopharm-Nasenspray-Erwachsene-15-ml.webp\",\"contentUrl\":\"https:\/\/lions-pharmacy.com\/wp-content\/uploads\/2024\/09\/Ratiopharm-Nasenspray-Erwachsene-15-ml.webp\",\"width\":600,\"height\":600,\"caption\":\"Spray nasal Ratiopharm 15 ml adultos 00999848 Lions Pharmacy\"},{\"@type\":\"BreadcrumbList\",\"@id\":\"https:\/\/lions-pharmacy.com\/es\/producto\/umckaloabo-liquido-50-ml-01062049-copy#breadcrumb\",\"itemListElement\":[{\"@type\":\"ListItem\",\"position\":1,\"name\":\"Home\",\"item\":\"https:\/\/lions-pharmacy.com\/es\/homepage-lion-pharmacy\"},{\"@type\":\"ListItem\",\"position\":2,\"name\":\"Shop\",\"item\":\"https:\/\/lions-pharmacy.com\/es\/tienda\"},{\"@type\":\"ListItem\",\"position\":3,\"name\":\"Ratiopharm Spray nasal adultos 15 ml\"}]},{\"@type\":\"WebSite\",\"@id\":\"https:\/\/lions-pharmacy.com\/es#website\",\"url\":\"https:\/\/lions-pharmacy.com\/es\",\"name\":\"Lions Pharmacy\",\"description\":\"Farmacia especializada en naturopat\u00eda de Baden-Baden, Alemania\",\"publisher\":{\"@id\":\"https:\/\/lions-pharmacy.com\/es#organization\"},\"alternateName\":\"Lion Pharmacy\",\"potentialAction\":[{\"@type\":\"SearchAction\",\"target\":{\"@type\":\"EntryPoint\",\"urlTemplate\":\"https:\/\/lions-pharmacy.com\/es?s={search_term_string}\"},\"query-input\":{\"@type\":\"PropertyValueSpecification\",\"valueRequired\":true,\"valueName\":\"search_term_string\"}}],\"inLanguage\":\"es\"},{\"@type\":\"Organization\",\"@id\":\"https:\/\/lions-pharmacy.com\/es#organization\",\"name\":\"Lions Pharmacy\",\"alternateName\":\"Lions Pharmacy24\",\"url\":\"https:\/\/lions-pharmacy.com\/es\",\"logo\":{\"@type\":\"ImageObject\",\"inLanguage\":\"es\",\"@id\":\"https:\/\/lions-pharmacy.com\/es#\/schema\/logo\/image\/\",\"url\":\"https:\/\/lions-pharmacy.com\/wp-content\/uploads\/2022\/12\/Logo-Lion-Pharmacy-c-o-Loewen-Apotheke-smal.jpg\",\"contentUrl\":\"https:\/\/lions-pharmacy.com\/wp-content\/uploads\/2022\/12\/Logo-Lion-Pharmacy-c-o-Loewen-Apotheke-smal.jpg\",\"width\":298,\"height\":99,\"caption\":\"Lions Pharmacy\"},\"image\":{\"@id\":\"https:\/\/lions-pharmacy.com\/es#\/schema\/logo\/image\/\"}}]}<\/script>\n<!-- \/ Yoast SEO plugin. -->","yoast_head_json":{"title":"Ratiopharm Spray nasal adultos 15 ml &#187; Lion Pharmacy","description":"Farmacia Le\u00f3n | Farmacia en l\u00ednea alemana registrada | Env\u00edo internacional r\u00e1pido | Compras en l\u00ednea c\u00f3modas y seguras. Ratiopharm Spray nasal adultos 15 ml","robots":{"index":"index","follow":"follow","max-snippet":"max-snippet:-1","max-image-preview":"max-image-preview:large","max-video-preview":"max-video-preview:-1"},"canonical":"https:\/\/lions-pharmacy.com\/es\/producto\/umckaloabo-liquido-50-ml-01062049-copy","og_locale":"es_ES","og_type":"article","og_title":"Ratiopharm Spray nasal adultos 15 ml &#187; Lion Pharmacy","og_description":"Farmacia Le\u00f3n | Farmacia en l\u00ednea alemana registrada | Env\u00edo internacional r\u00e1pido | Compras en l\u00ednea c\u00f3modas y seguras. Ratiopharm Spray nasal adultos 15 ml","og_url":"https:\/\/lions-pharmacy.com\/es\/producto\/umckaloabo-liquido-50-ml-01062049-copy","og_site_name":"Lion Pharmacy","article_modified_time":"2024-09-20T13:42:00+00:00","og_image":[{"width":600,"height":600,"url":"https:\/\/lions-pharmacy.com\/wp-content\/uploads\/2024\/09\/Ratiopharm-Nasenspray-Erwachsene-15-ml.webp","type":"image\/webp"}],"twitter_card":"summary_large_image","twitter_misc":{"Tiempo de lectura":"2 minutos"},"schema":{"@context":"https:\/\/schema.org","@graph":[{"@type":"WebPage","@id":"https:\/\/lions-pharmacy.com\/es\/producto\/umckaloabo-liquido-50-ml-01062049-copy","url":"https:\/\/lions-pharmacy.com\/es\/producto\/umckaloabo-liquido-50-ml-01062049-copy","name":"Ratiopharm Spray nasal adultos 15 ml &#187; Lion Pharmacy","isPartOf":{"@id":"https:\/\/lions-pharmacy.com\/es#website"},"primaryImageOfPage":{"@id":"https:\/\/lions-pharmacy.com\/es\/producto\/umckaloabo-liquido-50-ml-01062049-copy#primaryimage"},"image":{"@id":"https:\/\/lions-pharmacy.com\/es\/producto\/umckaloabo-liquido-50-ml-01062049-copy#primaryimage"},"thumbnailUrl":"https:\/\/lions-pharmacy.com\/wp-content\/uploads\/2024\/09\/Ratiopharm-Nasenspray-Erwachsene-15-ml.webp","datePublished":"2024-09-12T07:06:19+00:00","dateModified":"2024-09-20T13:42:00+00:00","description":"Farmacia Le\u00f3n | Farmacia en l\u00ednea alemana registrada | Env\u00edo internacional r\u00e1pido | Compras en l\u00ednea c\u00f3modas y seguras. Ratiopharm Spray nasal adultos 15 ml","breadcrumb":{"@id":"https:\/\/lions-pharmacy.com\/es\/producto\/umckaloabo-liquido-50-ml-01062049-copy#breadcrumb"},"inLanguage":"es","potentialAction":[{"@type":"ReadAction","target":["https:\/\/lions-pharmacy.com\/es\/producto\/umckaloabo-liquido-50-ml-01062049-copy"]}]},{"@type":"ImageObject","inLanguage":"es","@id":"https:\/\/lions-pharmacy.com\/es\/producto\/umckaloabo-liquido-50-ml-01062049-copy#primaryimage","url":"https:\/\/lions-pharmacy.com\/wp-content\/uploads\/2024\/09\/Ratiopharm-Nasenspray-Erwachsene-15-ml.webp","contentUrl":"https:\/\/lions-pharmacy.com\/wp-content\/uploads\/2024\/09\/Ratiopharm-Nasenspray-Erwachsene-15-ml.webp","width":600,"height":600,"caption":"Spray nasal Ratiopharm 15 ml adultos 00999848 Lions Pharmacy"},{"@type":"BreadcrumbList","@id":"https:\/\/lions-pharmacy.com\/es\/producto\/umckaloabo-liquido-50-ml-01062049-copy#breadcrumb","itemListElement":[{"@type":"ListItem","position":1,"name":"Home","item":"https:\/\/lions-pharmacy.com\/es\/homepage-lion-pharmacy"},{"@type":"ListItem","position":2,"name":"Shop","item":"https:\/\/lions-pharmacy.com\/es\/tienda"},{"@type":"ListItem","position":3,"name":"Ratiopharm Spray nasal adultos 15 ml"}]},{"@type":"WebSite","@id":"https:\/\/lions-pharmacy.com\/es#website","url":"https:\/\/lions-pharmacy.com\/es","name":"Lions Pharmacy","description":"Farmacia especializada en naturopat\u00eda de Baden-Baden, Alemania","publisher":{"@id":"https:\/\/lions-pharmacy.com\/es#organization"},"alternateName":"Lion Pharmacy","potentialAction":[{"@type":"SearchAction","target":{"@type":"EntryPoint","urlTemplate":"https:\/\/lions-pharmacy.com\/es?s={search_term_string}"},"query-input":{"@type":"PropertyValueSpecification","valueRequired":true,"valueName":"search_term_string"}}],"inLanguage":"es"},{"@type":"Organization","@id":"https:\/\/lions-pharmacy.com\/es#organization","name":"Lions Pharmacy","alternateName":"Lions Pharmacy24","url":"https:\/\/lions-pharmacy.com\/es","logo":{"@type":"ImageObject","inLanguage":"es","@id":"https:\/\/lions-pharmacy.com\/es#\/schema\/logo\/image\/","url":"https:\/\/lions-pharmacy.com\/wp-content\/uploads\/2022\/12\/Logo-Lion-Pharmacy-c-o-Loewen-Apotheke-smal.jpg","contentUrl":"https:\/\/lions-pharmacy.com\/wp-content\/uploads\/2022\/12\/Logo-Lion-Pharmacy-c-o-Loewen-Apotheke-smal.jpg","width":298,"height":99,"caption":"Lions Pharmacy"},"image":{"@id":"https:\/\/lions-pharmacy.com\/es#\/schema\/logo\/image\/"}}]}},"_links":{"self":[{"href":"https:\/\/lions-pharmacy.com\/es\/wp-json\/wp\/v2\/product\/4581","targetHints":{"allow":["GET"]}}],"collection":[{"href":"https:\/\/lions-pharmacy.com\/es\/wp-json\/wp\/v2\/product"}],"about":[{"href":"https:\/\/lions-pharmacy.com\/es\/wp-json\/wp\/v2\/types\/product"}],"replies":[{"embeddable":true,"href":"https:\/\/lions-pharmacy.com\/es\/wp-json\/wp\/v2\/comments?post=4581"}],"wp:featuredmedia":[{"embeddable":true,"href":"https:\/\/lions-pharmacy.com\/es\/wp-json\/wp\/v2\/media\/4570"}],"wp:attachment":[{"href":"https:\/\/lions-pharmacy.com\/es\/wp-json\/wp\/v2\/media?parent=4581"}],"wp:term":[{"taxonomy":"product_brand","embeddable":true,"href":"https:\/\/lions-pharmacy.com\/es\/wp-json\/wp\/v2\/product_brand?post=4581"},{"taxonomy":"product_cat","embeddable":true,"href":"https:\/\/lions-pharmacy.com\/es\/wp-json\/wp\/v2\/product_cat?post=4581"},{"taxonomy":"product_tag","embeddable":true,"href":"https:\/\/lions-pharmacy.com\/es\/wp-json\/wp\/v2\/product_tag?post=4581"}],"curies":[{"name":"wp","href":"https:\/\/api.w.org\/{rel}","templated":true}]}}