{"id":4476,"date":"2024-09-07T09:30:07","date_gmt":"2024-09-07T08:30:07","guid":{"rendered":"https:\/\/lions-pharmacy.com\/?post_type=product&#038;p=4476"},"modified":"2026-02-25T10:13:30","modified_gmt":"2026-02-25T09:13:30","slug":"refluthin-tablets-48-pcs-16011276","status":"publish","type":"product","link":"https:\/\/lions-pharmacy.com\/es\/producto\/refluthin-tablets-48-pcs-16011276","title":{"rendered":"Refluthin comprimidos 48 uds."},"content":{"rendered":"<h3 style=\"text-align: left;\">Comprimidos de Refluthin<\/h3>\n<p>Refluthin para la acidez de est\u00f3mago Los comprimidos masticables ayudan r\u00e1pidamente con los problemas estomacales relacionados con la acidez y pueden tomarse en cualquier momento sin problemas y de forma discreta.<\/p>\n<ul>\n<li>Alivio r\u00e1pido y duradero de la acidez estomacal<\/li>\n<li>Neutralizaci\u00f3n r\u00e1pida del exceso de \u00e1cido estomacal<\/li>\n<li>Liberaci\u00f3n inmediata de ingredientes activos<\/li>\n<\/ul>\n<p>Dr. Willmar Schwabe GmbH &amp; Co. KG es la empresa matriz del Grupo Schwabe, tambi\u00e9n conocido como Grupo de Empresas Schwabe o Grupo Schwabe. La empresa farmac\u00e9utica se fund\u00f3 en Leipzig en 1865. La sede se traslad\u00f3 a Karlsruhe en 1946. El Grupo se centra en las industrias sanitaria y farmac\u00e9utica, especializ\u00e1ndose en medicamentos a base de plantas medicinales y homeop\u00e1ticos, fitof\u00e1rmacos y homeop\u00e1ticos, suplementos nutricionales de origen vegetal medicinal, y servicios adicionales para la atenci\u00f3n sanitaria hol\u00edstica y la autoayuda, como programas de entrenamiento para la forma f\u00edsica y mental. Entre ellas est\u00e1n las marcas Tebonin, Umckaloabo.<\/p>\n<p>Otros productos de <a href=\"https:\/\/lions-pharmacy.com\/es\/product-category\/dr-schwabe-es\">Dr. Schwabe <\/a>en nuestro surtido.<\/p>\n<p>Puede encontrar m\u00e1s detalles del producto en el fabricante: <a href=\"https:\/\/www.refluthin.de\" target=\"_blank\" rel=\"noopener\">Informaci\u00f3n sobre el producto y el fabricante Dr. Schwabe<\/a><\/p>\n<p>Otros clientes tambi\u00e9n est\u00e1n interesados en productos sobre el tema Estr\u00e9s | Acidez estomacal<\/p>\n<p>Para conocer los riesgos y efectos secundarios, lee el prospecto y pregunta a tu m\u00e9dico o farmac\u00e9utico.<\/p>\n<p>&nbsp;<\/p>\n<h3 style=\"text-align: left;\">Prescripci\u00f3n | \u00bfReceta electr\u00f3nica disponible?<\/h3>\n<p>Env\u00ede su receta electr\u00f3nica ahora. Utilice nuestra aplicaci\u00f3n <a href=\"https:\/\/e-rezept-app.de\/shop-rezept\" target=\"_blank\" rel=\"noopener\">de recetas electr\u00f3nicas<\/a> . \u00a1Y te damos los gastos de env\u00edo gratis en Alemania!<\/p>\n","protected":false},"excerpt":{"rendered":"<h2 style=\"text-align: left;\">Comprimidos de Refluthin<\/h2>\n<p>Refluthin, para la acidez estomacal, ayuda r\u00e1pidamente con los problemas estomacales relacionados con la acidez y puede tomarse en cualquier momento sin problemas y de forma discreta.<\/p>\n<p><strong>PZN:<\/strong> 16011276 (n\u00famero farmac\u00e9utico central)<\/p>\n<p><strong>Forma de dosificaci\u00f3n<\/strong>: Masticar &#8211; 48 unidades<\/p>\n<p><strong>Tipo de receta<\/strong>: sin receta<\/p>\n<p><strong>Marca<\/strong>: &#8211; <strong>Fabricante<\/strong>: Dr. Willmar Schwabe GmbH &amp; Co.KG<\/p>\n","protected":false},"featured_media":4307,"comment_status":"closed","ping_status":"closed","template":"","meta":[],"product_brand":[],"product_cat":[463,125,116],"product_tag":[489,490],"class_list":{"0":"post-4476","1":"product","2":"type-product","3":"status-publish","4":"has-post-thumbnail","6":"product_cat-dr-schwabe-es","7":"product_cat-sale-es","8":"product_cat-sin-categorizar","9":"product_tag-dr-schwabe-es","10":"product_tag-ingrediente-activo-a-base-de-hierbas","11":"ts_product_brand-all-es","12":"ts_product_brand-dr-schwabe-es","14":"first","15":"instock","16":"featured","17":"taxable","18":"shipping-taxable","19":"purchasable","20":"product-type-simple"},"yoast_head":"<!-- This site is optimized with the Yoast SEO plugin v26.5 - https:\/\/yoast.com\/wordpress\/plugins\/seo\/ -->\n<title>Refluthin comprimidos 48 uds. &#187; Lion Pharmacy<\/title>\n<meta name=\"description\" content=\"Farmacia Leones | Farmacia en l\u00ednea alemana registrada. Ofrecemos: env\u00edos internacionales r\u00e1pidos y compras c\u00f3modas. Dr. W. Schwabe | Refluthin comprimidos 48 uds.\" \/>\n<meta name=\"robots\" content=\"index, follow, max-snippet:-1, max-image-preview:large, max-video-preview:-1\" \/>\n<link rel=\"canonical\" href=\"https:\/\/lions-pharmacy.com\/es\/producto\/refluthin-tablets-48-pcs-16011276\" \/>\n<meta property=\"og:locale\" content=\"es_ES\" \/>\n<meta property=\"og:type\" content=\"article\" \/>\n<meta property=\"og:title\" content=\"Refluthin comprimidos 48 uds. &#187; Lion Pharmacy\" \/>\n<meta property=\"og:description\" content=\"Farmacia Leones | Farmacia en l\u00ednea alemana registrada. Ofrecemos: env\u00edos internacionales r\u00e1pidos y compras c\u00f3modas. Dr. W. Schwabe | Refluthin comprimidos 48 uds.\" \/>\n<meta property=\"og:url\" content=\"https:\/\/lions-pharmacy.com\/es\/producto\/refluthin-tablets-48-pcs-16011276\" \/>\n<meta property=\"og:site_name\" content=\"Lion Pharmacy\" \/>\n<meta property=\"article:modified_time\" content=\"2026-02-25T09:13:30+00:00\" \/>\n<meta property=\"og:image\" content=\"https:\/\/lions-pharmacy.com\/wp-content\/uploads\/2024\/09\/Refluthin.webp\" \/>\n\t<meta property=\"og:image:width\" content=\"400\" \/>\n\t<meta property=\"og:image:height\" content=\"400\" \/>\n\t<meta property=\"og:image:type\" content=\"image\/webp\" \/>\n<meta name=\"twitter:card\" content=\"summary_large_image\" \/>\n<meta name=\"twitter:label1\" content=\"Tiempo de lectura\" \/>\n\t<meta name=\"twitter:data1\" content=\"1 minuto\" \/>\n<script type=\"application\/ld+json\" class=\"yoast-schema-graph\">{\"@context\":\"https:\/\/schema.org\",\"@graph\":[{\"@type\":\"WebPage\",\"@id\":\"https:\/\/lions-pharmacy.com\/es\/producto\/refluthin-tablets-48-pcs-16011276\",\"url\":\"https:\/\/lions-pharmacy.com\/es\/producto\/refluthin-tablets-48-pcs-16011276\",\"name\":\"Refluthin comprimidos 48 uds. &#187; Lion Pharmacy\",\"isPartOf\":{\"@id\":\"https:\/\/lions-pharmacy.com\/es#website\"},\"primaryImageOfPage\":{\"@id\":\"https:\/\/lions-pharmacy.com\/es\/producto\/refluthin-tablets-48-pcs-16011276#primaryimage\"},\"image\":{\"@id\":\"https:\/\/lions-pharmacy.com\/es\/producto\/refluthin-tablets-48-pcs-16011276#primaryimage\"},\"thumbnailUrl\":\"https:\/\/lions-pharmacy.com\/wp-content\/uploads\/2024\/09\/Refluthin.webp\",\"datePublished\":\"2024-09-07T08:30:07+00:00\",\"dateModified\":\"2026-02-25T09:13:30+00:00\",\"description\":\"Farmacia Leones | Farmacia en l\u00ednea alemana registrada. Ofrecemos: env\u00edos internacionales r\u00e1pidos y compras c\u00f3modas. Dr. W. Schwabe | Refluthin comprimidos 48 uds.\",\"breadcrumb\":{\"@id\":\"https:\/\/lions-pharmacy.com\/es\/producto\/refluthin-tablets-48-pcs-16011276#breadcrumb\"},\"inLanguage\":\"es\",\"potentialAction\":[{\"@type\":\"ReadAction\",\"target\":[\"https:\/\/lions-pharmacy.com\/es\/producto\/refluthin-tablets-48-pcs-16011276\"]}]},{\"@type\":\"ImageObject\",\"inLanguage\":\"es\",\"@id\":\"https:\/\/lions-pharmacy.com\/es\/producto\/refluthin-tablets-48-pcs-16011276#primaryimage\",\"url\":\"https:\/\/lions-pharmacy.com\/wp-content\/uploads\/2024\/09\/Refluthin.webp\",\"contentUrl\":\"https:\/\/lions-pharmacy.com\/wp-content\/uploads\/2024\/09\/Refluthin.webp\",\"width\":400,\"height\":400,\"caption\":\"Refluthin 48 uds. PZN 16011276 Farmacia de los Leones Dr. Schwabe\"},{\"@type\":\"BreadcrumbList\",\"@id\":\"https:\/\/lions-pharmacy.com\/es\/producto\/refluthin-tablets-48-pcs-16011276#breadcrumb\",\"itemListElement\":[{\"@type\":\"ListItem\",\"position\":1,\"name\":\"Home\",\"item\":\"https:\/\/lions-pharmacy.com\/es\/homepage-lion-pharmacy\"},{\"@type\":\"ListItem\",\"position\":2,\"name\":\"Shop\",\"item\":\"https:\/\/lions-pharmacy.com\/es\/tienda\"},{\"@type\":\"ListItem\",\"position\":3,\"name\":\"Refluthin comprimidos 48 uds.\"}]},{\"@type\":\"WebSite\",\"@id\":\"https:\/\/lions-pharmacy.com\/es#website\",\"url\":\"https:\/\/lions-pharmacy.com\/es\",\"name\":\"Lions Pharmacy\",\"description\":\"Farmacia especializada en naturopat\u00eda de Baden-Baden, Alemania\",\"publisher\":{\"@id\":\"https:\/\/lions-pharmacy.com\/es#organization\"},\"alternateName\":\"Lion Pharmacy\",\"potentialAction\":[{\"@type\":\"SearchAction\",\"target\":{\"@type\":\"EntryPoint\",\"urlTemplate\":\"https:\/\/lions-pharmacy.com\/es?s={search_term_string}\"},\"query-input\":{\"@type\":\"PropertyValueSpecification\",\"valueRequired\":true,\"valueName\":\"search_term_string\"}}],\"inLanguage\":\"es\"},{\"@type\":\"Organization\",\"@id\":\"https:\/\/lions-pharmacy.com\/es#organization\",\"name\":\"Lions Pharmacy\",\"alternateName\":\"Lions Pharmacy24\",\"url\":\"https:\/\/lions-pharmacy.com\/es\",\"logo\":{\"@type\":\"ImageObject\",\"inLanguage\":\"es\",\"@id\":\"https:\/\/lions-pharmacy.com\/es#\/schema\/logo\/image\/\",\"url\":\"https:\/\/lions-pharmacy.com\/wp-content\/uploads\/2022\/12\/Logo-Lion-Pharmacy-c-o-Loewen-Apotheke-smal.jpg\",\"contentUrl\":\"https:\/\/lions-pharmacy.com\/wp-content\/uploads\/2022\/12\/Logo-Lion-Pharmacy-c-o-Loewen-Apotheke-smal.jpg\",\"width\":298,\"height\":99,\"caption\":\"Lions Pharmacy\"},\"image\":{\"@id\":\"https:\/\/lions-pharmacy.com\/es#\/schema\/logo\/image\/\"}}]}<\/script>\n<!-- \/ Yoast SEO plugin. -->","yoast_head_json":{"title":"Refluthin comprimidos 48 uds. &#187; Lion Pharmacy","description":"Farmacia Leones | Farmacia en l\u00ednea alemana registrada. Ofrecemos: env\u00edos internacionales r\u00e1pidos y compras c\u00f3modas. Dr. W. Schwabe | Refluthin comprimidos 48 uds.","robots":{"index":"index","follow":"follow","max-snippet":"max-snippet:-1","max-image-preview":"max-image-preview:large","max-video-preview":"max-video-preview:-1"},"canonical":"https:\/\/lions-pharmacy.com\/es\/producto\/refluthin-tablets-48-pcs-16011276","og_locale":"es_ES","og_type":"article","og_title":"Refluthin comprimidos 48 uds. &#187; Lion Pharmacy","og_description":"Farmacia Leones | Farmacia en l\u00ednea alemana registrada. Ofrecemos: env\u00edos internacionales r\u00e1pidos y compras c\u00f3modas. Dr. W. Schwabe | Refluthin comprimidos 48 uds.","og_url":"https:\/\/lions-pharmacy.com\/es\/producto\/refluthin-tablets-48-pcs-16011276","og_site_name":"Lion Pharmacy","article_modified_time":"2026-02-25T09:13:30+00:00","og_image":[{"width":400,"height":400,"url":"https:\/\/lions-pharmacy.com\/wp-content\/uploads\/2024\/09\/Refluthin.webp","type":"image\/webp"}],"twitter_card":"summary_large_image","twitter_misc":{"Tiempo de lectura":"1 minuto"},"schema":{"@context":"https:\/\/schema.org","@graph":[{"@type":"WebPage","@id":"https:\/\/lions-pharmacy.com\/es\/producto\/refluthin-tablets-48-pcs-16011276","url":"https:\/\/lions-pharmacy.com\/es\/producto\/refluthin-tablets-48-pcs-16011276","name":"Refluthin comprimidos 48 uds. &#187; Lion Pharmacy","isPartOf":{"@id":"https:\/\/lions-pharmacy.com\/es#website"},"primaryImageOfPage":{"@id":"https:\/\/lions-pharmacy.com\/es\/producto\/refluthin-tablets-48-pcs-16011276#primaryimage"},"image":{"@id":"https:\/\/lions-pharmacy.com\/es\/producto\/refluthin-tablets-48-pcs-16011276#primaryimage"},"thumbnailUrl":"https:\/\/lions-pharmacy.com\/wp-content\/uploads\/2024\/09\/Refluthin.webp","datePublished":"2024-09-07T08:30:07+00:00","dateModified":"2026-02-25T09:13:30+00:00","description":"Farmacia Leones | Farmacia en l\u00ednea alemana registrada. Ofrecemos: env\u00edos internacionales r\u00e1pidos y compras c\u00f3modas. Dr. W. Schwabe | Refluthin comprimidos 48 uds.","breadcrumb":{"@id":"https:\/\/lions-pharmacy.com\/es\/producto\/refluthin-tablets-48-pcs-16011276#breadcrumb"},"inLanguage":"es","potentialAction":[{"@type":"ReadAction","target":["https:\/\/lions-pharmacy.com\/es\/producto\/refluthin-tablets-48-pcs-16011276"]}]},{"@type":"ImageObject","inLanguage":"es","@id":"https:\/\/lions-pharmacy.com\/es\/producto\/refluthin-tablets-48-pcs-16011276#primaryimage","url":"https:\/\/lions-pharmacy.com\/wp-content\/uploads\/2024\/09\/Refluthin.webp","contentUrl":"https:\/\/lions-pharmacy.com\/wp-content\/uploads\/2024\/09\/Refluthin.webp","width":400,"height":400,"caption":"Refluthin 48 uds. PZN 16011276 Farmacia de los Leones Dr. Schwabe"},{"@type":"BreadcrumbList","@id":"https:\/\/lions-pharmacy.com\/es\/producto\/refluthin-tablets-48-pcs-16011276#breadcrumb","itemListElement":[{"@type":"ListItem","position":1,"name":"Home","item":"https:\/\/lions-pharmacy.com\/es\/homepage-lion-pharmacy"},{"@type":"ListItem","position":2,"name":"Shop","item":"https:\/\/lions-pharmacy.com\/es\/tienda"},{"@type":"ListItem","position":3,"name":"Refluthin comprimidos 48 uds."}]},{"@type":"WebSite","@id":"https:\/\/lions-pharmacy.com\/es#website","url":"https:\/\/lions-pharmacy.com\/es","name":"Lions Pharmacy","description":"Farmacia especializada en naturopat\u00eda de Baden-Baden, Alemania","publisher":{"@id":"https:\/\/lions-pharmacy.com\/es#organization"},"alternateName":"Lion Pharmacy","potentialAction":[{"@type":"SearchAction","target":{"@type":"EntryPoint","urlTemplate":"https:\/\/lions-pharmacy.com\/es?s={search_term_string}"},"query-input":{"@type":"PropertyValueSpecification","valueRequired":true,"valueName":"search_term_string"}}],"inLanguage":"es"},{"@type":"Organization","@id":"https:\/\/lions-pharmacy.com\/es#organization","name":"Lions Pharmacy","alternateName":"Lions Pharmacy24","url":"https:\/\/lions-pharmacy.com\/es","logo":{"@type":"ImageObject","inLanguage":"es","@id":"https:\/\/lions-pharmacy.com\/es#\/schema\/logo\/image\/","url":"https:\/\/lions-pharmacy.com\/wp-content\/uploads\/2022\/12\/Logo-Lion-Pharmacy-c-o-Loewen-Apotheke-smal.jpg","contentUrl":"https:\/\/lions-pharmacy.com\/wp-content\/uploads\/2022\/12\/Logo-Lion-Pharmacy-c-o-Loewen-Apotheke-smal.jpg","width":298,"height":99,"caption":"Lions Pharmacy"},"image":{"@id":"https:\/\/lions-pharmacy.com\/es#\/schema\/logo\/image\/"}}]}},"_links":{"self":[{"href":"https:\/\/lions-pharmacy.com\/es\/wp-json\/wp\/v2\/product\/4476","targetHints":{"allow":["GET"]}}],"collection":[{"href":"https:\/\/lions-pharmacy.com\/es\/wp-json\/wp\/v2\/product"}],"about":[{"href":"https:\/\/lions-pharmacy.com\/es\/wp-json\/wp\/v2\/types\/product"}],"replies":[{"embeddable":true,"href":"https:\/\/lions-pharmacy.com\/es\/wp-json\/wp\/v2\/comments?post=4476"}],"wp:featuredmedia":[{"embeddable":true,"href":"https:\/\/lions-pharmacy.com\/es\/wp-json\/wp\/v2\/media\/4307"}],"wp:attachment":[{"href":"https:\/\/lions-pharmacy.com\/es\/wp-json\/wp\/v2\/media?parent=4476"}],"wp:term":[{"taxonomy":"product_brand","embeddable":true,"href":"https:\/\/lions-pharmacy.com\/es\/wp-json\/wp\/v2\/product_brand?post=4476"},{"taxonomy":"product_cat","embeddable":true,"href":"https:\/\/lions-pharmacy.com\/es\/wp-json\/wp\/v2\/product_cat?post=4476"},{"taxonomy":"product_tag","embeddable":true,"href":"https:\/\/lions-pharmacy.com\/es\/wp-json\/wp\/v2\/product_tag?post=4476"}],"curies":[{"name":"wp","href":"https:\/\/api.w.org\/{rel}","templated":true}]}}