{"id":4454,"date":"2024-09-07T19:39:48","date_gmt":"2024-09-07T18:39:48","guid":{"rendered":"https:\/\/lions-pharmacy.com\/?post_type=product&#038;p=4454"},"modified":"2025-01-24T17:38:57","modified_gmt":"2025-01-24T16:38:57","slug":"tebonin-konzent-80-pcs-240mg-film-coated-tablets-02293816","status":"publish","type":"product","link":"https:\/\/lions-pharmacy.com\/es\/producto\/tebonin-konzent-80-pcs-240mg-film-coated-tablets-02293816","title":{"rendered":"Tebonin Konzent 240mg comprimidos recubiertos con pel\u00edcula 80 uds."},"content":{"rendered":"<h2 style=\"text-align: left;\">Tebonin Konzent 240mg Comprimidos Recubiertos con Pel\u00edcula<\/h2>\n<p>Tebonin Konzent 240mg Filmtabletten es una medicina herbal de alta calidad que se utiliza para el tratamiento del olvido y la falta de concentraci\u00f3n en la vejez, para la mejora de los d\u00e9ficits de rendimiento mental se utiliza en la demencia leve y en ciertas formas de v\u00e9rtigo, as\u00ed como zumbidos en los o\u00eddos y tinnitus. El extracto especial estandarizado de ginkgo EGb 761\u00ae (en Tebonin\u00ae konzent\u00ae 240 mg), investigado, desarrollado y fabricado en Alemania, puede contrarrestar el deterioro mental tan pronto como aparezcan los primeros signos de deterioro de la memoria y siempre que se tome durante un per\u00edodo de tiempo m\u00e1s largo y en dosis altas.<\/p>\n<p>Dr. Willmar Schwabe GmbH &amp; Co. KG es la empresa matriz del Grupo Schwabe y tambi\u00e9n se le conoce como Grupo de Empresas Schwabe o Grupo Schwabe. La compa\u00f1\u00eda farmac\u00e9utica fue fundada en Leipzig en 1865. La sede se traslad\u00f3 a Karlsruhe en 1946. El Grupo se centra en la industria sanitaria y farmac\u00e9utica, especializ\u00e1ndose en medicinas herbales y homeop\u00e1ticas, fitof\u00e1rmacos y homeop\u00e1ticos, suplementos nutricionales de origen de plantas medicinales y servicios adicionales para la atenci\u00f3n sanitaria hol\u00edstica y la autoayuda, como programas de formaci\u00f3n para la aptitud mental y f\u00edsica. Entre ellas se encuentran las marcas Tebonin, Umckaloabo.<\/p>\n<p>Otros productos de <a href=\"\/de?product_cat=schwabe\">Dr. Schwabe en nuestro surtido<\/a><\/p>\n<p>Puede encontrar m\u00e1s detalles del producto en el fabricante: <a href=\"https:\/\/www.tebonin.de\/\" target=\"_blank\" rel=\"noopener\">Informaci\u00f3n sobre el producto y el fabricante Dr. Schwabe<\/a><\/p>\n<p>Otros clientes tambi\u00e9n se interesaron por productos relacionados con: Dememz | <a href=\"\/de?product_tag=vital\">Vitalidad, p\u00e9rdida de rendimiento y olvido<\/a> | Falta de concentraci\u00f3n<\/p>\n<p>Para conocer los riesgos y efectos secundarios, lea el prospecto y consulte a su m\u00e9dico o farmac\u00e9utico.<\/p>\n<p>&nbsp;<\/p>\n<h3 style=\"text-align: left;\">Prescripci\u00f3n | \u00bfReceta electr\u00f3nica disponible?<\/h3>\n<p>Env\u00ede su receta electr\u00f3nica ahora. Utilice nuestra aplicaci\u00f3n <a href=\"https:\/\/e-rezept-app.de\/shop-rezept\" target=\"_blank\" rel=\"noopener\">de recetas electr\u00f3nicas<\/a> . \u00a1Y te damos los gastos de env\u00edo gratis!<\/p>\n","protected":false},"excerpt":{"rendered":"<h2 style=\"text-align: left;\">Tebonin Konzent 240mg comprimidos recubiertos con pel\u00edcula<\/h2>\n<p>Para la mejora de los d\u00e9ficits de rendimiento mental, en la demencia leve.<\/p>\n<p>&nbsp;<\/p>\n<p><strong>PZN: 02293816<\/strong> (N\u00famero Central Farmac\u00e9utico)<\/p>\n<p><strong>Forma farmac\u00e9utica<\/strong>: comprimidos recubiertos con pel\u00edcula &#8211; 80 piezas<\/p>\n<p><strong>Tipo de receta<\/strong>: sin receta<\/p>\n<p><strong>Marca<\/strong>: Tebonin<\/p>\n<p><strong>Fabricante<\/strong>: Dr.Willmar Schwabe GmbH &amp; Co.KG<\/p>\n","protected":false},"featured_media":4347,"comment_status":"closed","ping_status":"closed","template":"","meta":[],"product_brand":[],"product_cat":[463,125,116],"product_tag":[489,516,507,488,541,320],"class_list":{"0":"post-4454","1":"product","2":"type-product","3":"status-publish","4":"has-post-thumbnail","6":"product_cat-dr-schwabe-es","7":"product_cat-sale-es","8":"product_cat-sin-categorizar","9":"product_tag-dr-schwabe-es","10":"product_tag-ingrediente-activo-de-origen-vegetal","11":"product_tag-mareos","12":"product_tag-remedios-naturales","13":"product_tag-tebonin-es","14":"product_tag-tinnitus-es","15":"ts_product_brand-all-es","16":"ts_product_brand-dr-schwabe-es","18":"first","19":"instock","20":"sale","21":"taxable","22":"shipping-taxable","23":"purchasable","24":"product-type-simple"},"yoast_head":"<!-- This site is optimized with the Yoast SEO plugin v26.5 - https:\/\/yoast.com\/wordpress\/plugins\/seo\/ -->\n<title>Tebonin Konzent 240mg comprimidos recubiertos con pel\u00edcula 80 uds. &#187; Lion Pharmacy<\/title>\n<meta name=\"description\" content=\"Lions Pharmacy | Farmacia alemana registrada | Env\u00edo internacional r\u00e1pido | Pedido por correo conveniente y seguro. Tebonin Konzent 240mg comprimidos recubiertos con pel\u00edcula 80 uds.\" \/>\n<meta name=\"robots\" content=\"index, follow, max-snippet:-1, max-image-preview:large, max-video-preview:-1\" \/>\n<link rel=\"canonical\" href=\"https:\/\/lions-pharmacy.com\/es\/producto\/tebonin-konzent-80-pcs-240mg-film-coated-tablets-02293816\" \/>\n<meta property=\"og:locale\" content=\"es_ES\" \/>\n<meta property=\"og:type\" content=\"article\" \/>\n<meta property=\"og:title\" content=\"Tebonin Konzent 240mg comprimidos recubiertos con pel\u00edcula 80 uds. &#187; Lion Pharmacy\" \/>\n<meta property=\"og:description\" content=\"Lions Pharmacy | Farmacia alemana registrada | Env\u00edo internacional r\u00e1pido | Pedido por correo conveniente y seguro. Tebonin Konzent 240mg comprimidos recubiertos con pel\u00edcula 80 uds.\" \/>\n<meta property=\"og:url\" content=\"https:\/\/lions-pharmacy.com\/es\/producto\/tebonin-konzent-80-pcs-240mg-film-coated-tablets-02293816\" \/>\n<meta property=\"og:site_name\" content=\"Lion Pharmacy\" \/>\n<meta property=\"article:modified_time\" content=\"2025-01-24T16:38:57+00:00\" \/>\n<meta property=\"og:image\" content=\"https:\/\/lions-pharmacy.com\/wp-content\/uploads\/2024\/09\/Tebonin-Konzent-.webp\" \/>\n\t<meta property=\"og:image:width\" content=\"600\" \/>\n\t<meta property=\"og:image:height\" content=\"600\" \/>\n\t<meta property=\"og:image:type\" content=\"image\/webp\" \/>\n<meta name=\"twitter:card\" content=\"summary_large_image\" \/>\n<meta name=\"twitter:label1\" content=\"Tiempo de lectura\" \/>\n\t<meta name=\"twitter:data1\" content=\"2 minutos\" \/>\n<script type=\"application\/ld+json\" class=\"yoast-schema-graph\">{\"@context\":\"https:\/\/schema.org\",\"@graph\":[{\"@type\":\"WebPage\",\"@id\":\"https:\/\/lions-pharmacy.com\/es\/producto\/tebonin-konzent-80-pcs-240mg-film-coated-tablets-02293816\",\"url\":\"https:\/\/lions-pharmacy.com\/es\/producto\/tebonin-konzent-80-pcs-240mg-film-coated-tablets-02293816\",\"name\":\"Tebonin Konzent 240mg comprimidos recubiertos con pel\u00edcula 80 uds. &#187; Lion Pharmacy\",\"isPartOf\":{\"@id\":\"https:\/\/lions-pharmacy.com\/es#website\"},\"primaryImageOfPage\":{\"@id\":\"https:\/\/lions-pharmacy.com\/es\/producto\/tebonin-konzent-80-pcs-240mg-film-coated-tablets-02293816#primaryimage\"},\"image\":{\"@id\":\"https:\/\/lions-pharmacy.com\/es\/producto\/tebonin-konzent-80-pcs-240mg-film-coated-tablets-02293816#primaryimage\"},\"thumbnailUrl\":\"https:\/\/lions-pharmacy.com\/wp-content\/uploads\/2024\/09\/Tebonin-Konzent-.webp\",\"datePublished\":\"2024-09-07T18:39:48+00:00\",\"dateModified\":\"2025-01-24T16:38:57+00:00\",\"description\":\"Lions Pharmacy | Farmacia alemana registrada | Env\u00edo internacional r\u00e1pido | Pedido por correo conveniente y seguro. Tebonin Konzent 240mg comprimidos recubiertos con pel\u00edcula 80 uds.\",\"breadcrumb\":{\"@id\":\"https:\/\/lions-pharmacy.com\/es\/producto\/tebonin-konzent-80-pcs-240mg-film-coated-tablets-02293816#breadcrumb\"},\"inLanguage\":\"es\",\"potentialAction\":[{\"@type\":\"ReadAction\",\"target\":[\"https:\/\/lions-pharmacy.com\/es\/producto\/tebonin-konzent-80-pcs-240mg-film-coated-tablets-02293816\"]}]},{\"@type\":\"ImageObject\",\"inLanguage\":\"es\",\"@id\":\"https:\/\/lions-pharmacy.com\/es\/producto\/tebonin-konzent-80-pcs-240mg-film-coated-tablets-02293816#primaryimage\",\"url\":\"https:\/\/lions-pharmacy.com\/wp-content\/uploads\/2024\/09\/Tebonin-Konzent-.webp\",\"contentUrl\":\"https:\/\/lions-pharmacy.com\/wp-content\/uploads\/2024\/09\/Tebonin-Konzent-.webp\",\"width\":600,\"height\":600,\"caption\":\"Tebonin Konzent 240 mg, Farmacia Leones, Dr. Schwabe, PZN 02293816\"},{\"@type\":\"BreadcrumbList\",\"@id\":\"https:\/\/lions-pharmacy.com\/es\/producto\/tebonin-konzent-80-pcs-240mg-film-coated-tablets-02293816#breadcrumb\",\"itemListElement\":[{\"@type\":\"ListItem\",\"position\":1,\"name\":\"Home\",\"item\":\"https:\/\/lions-pharmacy.com\/es\/homepage-lion-pharmacy\"},{\"@type\":\"ListItem\",\"position\":2,\"name\":\"Shop\",\"item\":\"https:\/\/lions-pharmacy.com\/es\/tienda\"},{\"@type\":\"ListItem\",\"position\":3,\"name\":\"Tebonin Konzent 240mg comprimidos recubiertos con pel\u00edcula 80 uds.\"}]},{\"@type\":\"WebSite\",\"@id\":\"https:\/\/lions-pharmacy.com\/es#website\",\"url\":\"https:\/\/lions-pharmacy.com\/es\",\"name\":\"Lions Pharmacy\",\"description\":\"Farmacia especializada en naturopat\u00eda de Baden-Baden, Alemania\",\"publisher\":{\"@id\":\"https:\/\/lions-pharmacy.com\/es#organization\"},\"alternateName\":\"Lion Pharmacy\",\"potentialAction\":[{\"@type\":\"SearchAction\",\"target\":{\"@type\":\"EntryPoint\",\"urlTemplate\":\"https:\/\/lions-pharmacy.com\/es?s={search_term_string}\"},\"query-input\":{\"@type\":\"PropertyValueSpecification\",\"valueRequired\":true,\"valueName\":\"search_term_string\"}}],\"inLanguage\":\"es\"},{\"@type\":\"Organization\",\"@id\":\"https:\/\/lions-pharmacy.com\/es#organization\",\"name\":\"Lions Pharmacy\",\"alternateName\":\"Lions Pharmacy24\",\"url\":\"https:\/\/lions-pharmacy.com\/es\",\"logo\":{\"@type\":\"ImageObject\",\"inLanguage\":\"es\",\"@id\":\"https:\/\/lions-pharmacy.com\/es#\/schema\/logo\/image\/\",\"url\":\"https:\/\/lions-pharmacy.com\/wp-content\/uploads\/2022\/12\/Logo-Lion-Pharmacy-c-o-Loewen-Apotheke-smal.jpg\",\"contentUrl\":\"https:\/\/lions-pharmacy.com\/wp-content\/uploads\/2022\/12\/Logo-Lion-Pharmacy-c-o-Loewen-Apotheke-smal.jpg\",\"width\":298,\"height\":99,\"caption\":\"Lions Pharmacy\"},\"image\":{\"@id\":\"https:\/\/lions-pharmacy.com\/es#\/schema\/logo\/image\/\"}}]}<\/script>\n<!-- \/ Yoast SEO plugin. -->","yoast_head_json":{"title":"Tebonin Konzent 240mg comprimidos recubiertos con pel\u00edcula 80 uds. &#187; Lion Pharmacy","description":"Lions Pharmacy | Farmacia alemana registrada | Env\u00edo internacional r\u00e1pido | Pedido por correo conveniente y seguro. Tebonin Konzent 240mg comprimidos recubiertos con pel\u00edcula 80 uds.","robots":{"index":"index","follow":"follow","max-snippet":"max-snippet:-1","max-image-preview":"max-image-preview:large","max-video-preview":"max-video-preview:-1"},"canonical":"https:\/\/lions-pharmacy.com\/es\/producto\/tebonin-konzent-80-pcs-240mg-film-coated-tablets-02293816","og_locale":"es_ES","og_type":"article","og_title":"Tebonin Konzent 240mg comprimidos recubiertos con pel\u00edcula 80 uds. &#187; Lion Pharmacy","og_description":"Lions Pharmacy | Farmacia alemana registrada | Env\u00edo internacional r\u00e1pido | Pedido por correo conveniente y seguro. Tebonin Konzent 240mg comprimidos recubiertos con pel\u00edcula 80 uds.","og_url":"https:\/\/lions-pharmacy.com\/es\/producto\/tebonin-konzent-80-pcs-240mg-film-coated-tablets-02293816","og_site_name":"Lion Pharmacy","article_modified_time":"2025-01-24T16:38:57+00:00","og_image":[{"width":600,"height":600,"url":"https:\/\/lions-pharmacy.com\/wp-content\/uploads\/2024\/09\/Tebonin-Konzent-.webp","type":"image\/webp"}],"twitter_card":"summary_large_image","twitter_misc":{"Tiempo de lectura":"2 minutos"},"schema":{"@context":"https:\/\/schema.org","@graph":[{"@type":"WebPage","@id":"https:\/\/lions-pharmacy.com\/es\/producto\/tebonin-konzent-80-pcs-240mg-film-coated-tablets-02293816","url":"https:\/\/lions-pharmacy.com\/es\/producto\/tebonin-konzent-80-pcs-240mg-film-coated-tablets-02293816","name":"Tebonin Konzent 240mg comprimidos recubiertos con pel\u00edcula 80 uds. &#187; Lion Pharmacy","isPartOf":{"@id":"https:\/\/lions-pharmacy.com\/es#website"},"primaryImageOfPage":{"@id":"https:\/\/lions-pharmacy.com\/es\/producto\/tebonin-konzent-80-pcs-240mg-film-coated-tablets-02293816#primaryimage"},"image":{"@id":"https:\/\/lions-pharmacy.com\/es\/producto\/tebonin-konzent-80-pcs-240mg-film-coated-tablets-02293816#primaryimage"},"thumbnailUrl":"https:\/\/lions-pharmacy.com\/wp-content\/uploads\/2024\/09\/Tebonin-Konzent-.webp","datePublished":"2024-09-07T18:39:48+00:00","dateModified":"2025-01-24T16:38:57+00:00","description":"Lions Pharmacy | Farmacia alemana registrada | Env\u00edo internacional r\u00e1pido | Pedido por correo conveniente y seguro. Tebonin Konzent 240mg comprimidos recubiertos con pel\u00edcula 80 uds.","breadcrumb":{"@id":"https:\/\/lions-pharmacy.com\/es\/producto\/tebonin-konzent-80-pcs-240mg-film-coated-tablets-02293816#breadcrumb"},"inLanguage":"es","potentialAction":[{"@type":"ReadAction","target":["https:\/\/lions-pharmacy.com\/es\/producto\/tebonin-konzent-80-pcs-240mg-film-coated-tablets-02293816"]}]},{"@type":"ImageObject","inLanguage":"es","@id":"https:\/\/lions-pharmacy.com\/es\/producto\/tebonin-konzent-80-pcs-240mg-film-coated-tablets-02293816#primaryimage","url":"https:\/\/lions-pharmacy.com\/wp-content\/uploads\/2024\/09\/Tebonin-Konzent-.webp","contentUrl":"https:\/\/lions-pharmacy.com\/wp-content\/uploads\/2024\/09\/Tebonin-Konzent-.webp","width":600,"height":600,"caption":"Tebonin Konzent 240 mg, Farmacia Leones, Dr. Schwabe, PZN 02293816"},{"@type":"BreadcrumbList","@id":"https:\/\/lions-pharmacy.com\/es\/producto\/tebonin-konzent-80-pcs-240mg-film-coated-tablets-02293816#breadcrumb","itemListElement":[{"@type":"ListItem","position":1,"name":"Home","item":"https:\/\/lions-pharmacy.com\/es\/homepage-lion-pharmacy"},{"@type":"ListItem","position":2,"name":"Shop","item":"https:\/\/lions-pharmacy.com\/es\/tienda"},{"@type":"ListItem","position":3,"name":"Tebonin Konzent 240mg comprimidos recubiertos con pel\u00edcula 80 uds."}]},{"@type":"WebSite","@id":"https:\/\/lions-pharmacy.com\/es#website","url":"https:\/\/lions-pharmacy.com\/es","name":"Lions Pharmacy","description":"Farmacia especializada en naturopat\u00eda de Baden-Baden, Alemania","publisher":{"@id":"https:\/\/lions-pharmacy.com\/es#organization"},"alternateName":"Lion Pharmacy","potentialAction":[{"@type":"SearchAction","target":{"@type":"EntryPoint","urlTemplate":"https:\/\/lions-pharmacy.com\/es?s={search_term_string}"},"query-input":{"@type":"PropertyValueSpecification","valueRequired":true,"valueName":"search_term_string"}}],"inLanguage":"es"},{"@type":"Organization","@id":"https:\/\/lions-pharmacy.com\/es#organization","name":"Lions Pharmacy","alternateName":"Lions Pharmacy24","url":"https:\/\/lions-pharmacy.com\/es","logo":{"@type":"ImageObject","inLanguage":"es","@id":"https:\/\/lions-pharmacy.com\/es#\/schema\/logo\/image\/","url":"https:\/\/lions-pharmacy.com\/wp-content\/uploads\/2022\/12\/Logo-Lion-Pharmacy-c-o-Loewen-Apotheke-smal.jpg","contentUrl":"https:\/\/lions-pharmacy.com\/wp-content\/uploads\/2022\/12\/Logo-Lion-Pharmacy-c-o-Loewen-Apotheke-smal.jpg","width":298,"height":99,"caption":"Lions Pharmacy"},"image":{"@id":"https:\/\/lions-pharmacy.com\/es#\/schema\/logo\/image\/"}}]}},"_links":{"self":[{"href":"https:\/\/lions-pharmacy.com\/es\/wp-json\/wp\/v2\/product\/4454","targetHints":{"allow":["GET"]}}],"collection":[{"href":"https:\/\/lions-pharmacy.com\/es\/wp-json\/wp\/v2\/product"}],"about":[{"href":"https:\/\/lions-pharmacy.com\/es\/wp-json\/wp\/v2\/types\/product"}],"replies":[{"embeddable":true,"href":"https:\/\/lions-pharmacy.com\/es\/wp-json\/wp\/v2\/comments?post=4454"}],"wp:featuredmedia":[{"embeddable":true,"href":"https:\/\/lions-pharmacy.com\/es\/wp-json\/wp\/v2\/media\/4347"}],"wp:attachment":[{"href":"https:\/\/lions-pharmacy.com\/es\/wp-json\/wp\/v2\/media?parent=4454"}],"wp:term":[{"taxonomy":"product_brand","embeddable":true,"href":"https:\/\/lions-pharmacy.com\/es\/wp-json\/wp\/v2\/product_brand?post=4454"},{"taxonomy":"product_cat","embeddable":true,"href":"https:\/\/lions-pharmacy.com\/es\/wp-json\/wp\/v2\/product_cat?post=4454"},{"taxonomy":"product_tag","embeddable":true,"href":"https:\/\/lions-pharmacy.com\/es\/wp-json\/wp\/v2\/product_tag?post=4454"}],"curies":[{"name":"wp","href":"https:\/\/api.w.org\/{rel}","templated":true}]}}