{"id":4419,"date":"2024-09-06T14:58:54","date_gmt":"2024-09-06T13:58:54","guid":{"rendered":"https:\/\/lions-pharmacy.com\/?post_type=product&#038;p=4419"},"modified":"2026-02-25T09:17:37","modified_gmt":"2026-02-25T08:17:37","slug":"tebonin-intens-120-mg-120-pcs-08692575","status":"publish","type":"product","link":"https:\/\/lions-pharmacy.com\/es\/producto\/tebonin-intens-120-mg-120-pcs-08692575","title":{"rendered":"Tebonina intens 120 mg 120 uds."},"content":{"rendered":"<h2 style=\"text-align: left;\">Tebonin intens 120 mg comprimidos recubiertos con pel\u00edcula<\/h2>\n<p>Tebonin intens 120 mg comprimidos recubiertos con pel\u00edcula es un medicamento a base de plantas de alta calidad utilizado para el tratamiento del olvido y la falta de concentraci\u00f3n en la vejez, ciertas formas de mareo, as\u00ed como el zumbido de o\u00eddos y el tinnitus.<\/p>\n<p>Tebonin Intens tambi\u00e9n ayuda con los ac\u00fafenos agudos y los ruidos en los o\u00eddos, como zumbidos, silbidos, pitidos o pitidos. Esto puede ser consecuencia de trastornos circulatorios, pero tambi\u00e9n favorece la memoria y ayuda a mejorar el rendimiento cerebral.<\/p>\n<p>Al mejorar la circulaci\u00f3n sangu\u00ednea, la tebonina tambi\u00e9n puede utilizarse para tratar la demencia.<\/p>\n<p>Otros productos de <a href=\"https:\/\/lions-pharmacy.com\/es\/product-category\/dr-schwabe-es\">Dr. Schwabe en nuestro surtido<\/a><\/p>\n<p>Puede encontrar m\u00e1s detalles del producto en el fabricante: <a href=\"https:\/\/www.tebonin.de\/\" target=\"_blank\" rel=\"noopener\">Informaci\u00f3n sobre el producto y el fabricante Dr. Schwabe<\/a><\/p>\n<p>Otros clientes tambi\u00e9n se interesaron por productos relacionados con: Dememz | <a href=\"\/de?product_tag=vital\">Vitalidad, p\u00e9rdida de rendimiento y olvido<\/a> | Falta de concentraci\u00f3n<\/p>\n<p>Para conocer los riesgos y efectos secundarios, lea el prospecto y consulte a su m\u00e9dico o farmac\u00e9utico.<\/p>\n<p>&nbsp;<\/p>\n<h3 style=\"text-align: left;\">Prescripci\u00f3n | \u00bfReceta electr\u00f3nica disponible?<\/h3>\n<p>Env\u00ede su receta electr\u00f3nica ahora. Utilice nuestra aplicaci\u00f3n <a href=\"https:\/\/e-rezept-app.de\/shop-rezept\" target=\"_blank\" rel=\"noopener\">de recetas electr\u00f3nicas<\/a> . \u00a1Y te damos los gastos de env\u00edo gratis!<\/p>\n","protected":false},"excerpt":{"rendered":"<h2 style=\"text-align: left;\">Tebonin intens 120 mg comprimidos recubiertos con pel\u00edcula<\/h2>\n<p>Tebonina intensiva 120 mg. Para mareos de origen circulatorio o relacionados con la edad.<\/p>\n<p>&nbsp;<\/p>\n<p><strong>PZN:<\/strong> 08692575 (N\u00famero Farmac\u00e9utico Central)<\/p>\n<p><strong>Forma farmac\u00e9utica<\/strong>: comprimidos recubiertos con pel\u00edcula &#8211; 120 uds.<\/p>\n<p><strong>Tipo de receta<\/strong>: sin receta<\/p>\n<p><strong>Marca<\/strong>: Tebonin<\/p>\n<p><strong>Fabricante<\/strong>: Dr.Willmar Schwabe GmbH &amp; Co.KG<\/p>\n","protected":false},"featured_media":4339,"comment_status":"closed","ping_status":"closed","template":"","meta":[],"product_brand":[],"product_cat":[463,116],"product_tag":[489,516,507,488,541],"class_list":{"0":"post-4419","1":"product","2":"type-product","3":"status-publish","4":"has-post-thumbnail","6":"product_cat-dr-schwabe-es","7":"product_cat-sin-categorizar","8":"product_tag-dr-schwabe-es","9":"product_tag-ingrediente-activo-de-origen-vegetal","10":"product_tag-mareos","11":"product_tag-remedios-naturales","12":"product_tag-tebonin-es","13":"ts_product_brand-all-es","14":"ts_product_brand-dr-schwabe-es","16":"first","17":"instock","18":"sale","19":"taxable","20":"shipping-taxable","21":"purchasable","22":"product-type-simple"},"yoast_head":"<!-- This site is optimized with the Yoast SEO plugin v26.5 - https:\/\/yoast.com\/wordpress\/plugins\/seo\/ -->\n<title>Tebonina intens 120 mg 120 uds. &#187; Lion Pharmacy<\/title>\n<meta name=\"description\" content=\"La Farmacia de los Leones es una Farmacia Online Alemana registrada | Env\u00edo Internacional R\u00e1pido | Compra Online C\u00f3moda y Segura Tebonina intens 120 mg 120 uds.\" \/>\n<meta name=\"robots\" content=\"index, follow, max-snippet:-1, max-image-preview:large, max-video-preview:-1\" \/>\n<link rel=\"canonical\" href=\"https:\/\/lions-pharmacy.com\/es\/producto\/tebonin-intens-120-mg-120-pcs-08692575\" \/>\n<meta property=\"og:locale\" content=\"es_ES\" \/>\n<meta property=\"og:type\" content=\"article\" \/>\n<meta property=\"og:title\" content=\"Tebonina intens 120 mg 120 uds. &#187; Lion Pharmacy\" \/>\n<meta property=\"og:description\" content=\"La Farmacia de los Leones es una Farmacia Online Alemana registrada | Env\u00edo Internacional R\u00e1pido | Compra Online C\u00f3moda y Segura Tebonina intens 120 mg 120 uds.\" \/>\n<meta property=\"og:url\" content=\"https:\/\/lions-pharmacy.com\/es\/producto\/tebonin-intens-120-mg-120-pcs-08692575\" \/>\n<meta property=\"og:site_name\" content=\"Lion Pharmacy\" \/>\n<meta property=\"article:modified_time\" content=\"2026-02-25T08:17:37+00:00\" \/>\n<meta property=\"og:image\" content=\"https:\/\/lions-pharmacy.com\/wp-content\/uploads\/2024\/09\/tebonin-intens-60-pcs.webp\" \/>\n\t<meta property=\"og:image:width\" content=\"600\" \/>\n\t<meta property=\"og:image:height\" content=\"600\" \/>\n\t<meta property=\"og:image:type\" content=\"image\/webp\" \/>\n<meta name=\"twitter:card\" content=\"summary_large_image\" \/>\n<meta name=\"twitter:label1\" content=\"Tiempo de lectura\" \/>\n\t<meta name=\"twitter:data1\" content=\"1 minuto\" \/>\n<script type=\"application\/ld+json\" class=\"yoast-schema-graph\">{\"@context\":\"https:\/\/schema.org\",\"@graph\":[{\"@type\":\"WebPage\",\"@id\":\"https:\/\/lions-pharmacy.com\/es\/producto\/tebonin-intens-120-mg-120-pcs-08692575\",\"url\":\"https:\/\/lions-pharmacy.com\/es\/producto\/tebonin-intens-120-mg-120-pcs-08692575\",\"name\":\"Tebonina intens 120 mg 120 uds. &#187; Lion Pharmacy\",\"isPartOf\":{\"@id\":\"https:\/\/lions-pharmacy.com\/es#website\"},\"primaryImageOfPage\":{\"@id\":\"https:\/\/lions-pharmacy.com\/es\/producto\/tebonin-intens-120-mg-120-pcs-08692575#primaryimage\"},\"image\":{\"@id\":\"https:\/\/lions-pharmacy.com\/es\/producto\/tebonin-intens-120-mg-120-pcs-08692575#primaryimage\"},\"thumbnailUrl\":\"https:\/\/lions-pharmacy.com\/wp-content\/uploads\/2024\/09\/tebonin-intens-60-pcs.webp\",\"datePublished\":\"2024-09-06T13:58:54+00:00\",\"dateModified\":\"2026-02-25T08:17:37+00:00\",\"description\":\"La Farmacia de los Leones es una Farmacia Online Alemana registrada | Env\u00edo Internacional R\u00e1pido | Compra Online C\u00f3moda y Segura Tebonina intens 120 mg 120 uds.\",\"breadcrumb\":{\"@id\":\"https:\/\/lions-pharmacy.com\/es\/producto\/tebonin-intens-120-mg-120-pcs-08692575#breadcrumb\"},\"inLanguage\":\"es\",\"potentialAction\":[{\"@type\":\"ReadAction\",\"target\":[\"https:\/\/lions-pharmacy.com\/es\/producto\/tebonin-intens-120-mg-120-pcs-08692575\"]}]},{\"@type\":\"ImageObject\",\"inLanguage\":\"es\",\"@id\":\"https:\/\/lions-pharmacy.com\/es\/producto\/tebonin-intens-120-mg-120-pcs-08692575#primaryimage\",\"url\":\"https:\/\/lions-pharmacy.com\/wp-content\/uploads\/2024\/09\/tebonin-intens-60-pcs.webp\",\"contentUrl\":\"https:\/\/lions-pharmacy.com\/wp-content\/uploads\/2024\/09\/tebonin-intens-60-pcs.webp\",\"width\":600,\"height\":600,\"caption\":\"tebonin intens 120mg capsoules, Dr. W. Schwabe, Farmacia de Leones, PZN 03379106\"},{\"@type\":\"BreadcrumbList\",\"@id\":\"https:\/\/lions-pharmacy.com\/es\/producto\/tebonin-intens-120-mg-120-pcs-08692575#breadcrumb\",\"itemListElement\":[{\"@type\":\"ListItem\",\"position\":1,\"name\":\"Home\",\"item\":\"https:\/\/lions-pharmacy.com\/es\/homepage-lion-pharmacy\"},{\"@type\":\"ListItem\",\"position\":2,\"name\":\"Shop\",\"item\":\"https:\/\/lions-pharmacy.com\/es\/tienda\"},{\"@type\":\"ListItem\",\"position\":3,\"name\":\"Tebonina intens 120 mg 120 uds.\"}]},{\"@type\":\"WebSite\",\"@id\":\"https:\/\/lions-pharmacy.com\/es#website\",\"url\":\"https:\/\/lions-pharmacy.com\/es\",\"name\":\"Lions Pharmacy\",\"description\":\"Farmacia especializada en naturopat\u00eda de Baden-Baden, Alemania\",\"publisher\":{\"@id\":\"https:\/\/lions-pharmacy.com\/es#organization\"},\"alternateName\":\"Lion Pharmacy\",\"potentialAction\":[{\"@type\":\"SearchAction\",\"target\":{\"@type\":\"EntryPoint\",\"urlTemplate\":\"https:\/\/lions-pharmacy.com\/es?s={search_term_string}\"},\"query-input\":{\"@type\":\"PropertyValueSpecification\",\"valueRequired\":true,\"valueName\":\"search_term_string\"}}],\"inLanguage\":\"es\"},{\"@type\":\"Organization\",\"@id\":\"https:\/\/lions-pharmacy.com\/es#organization\",\"name\":\"Lions Pharmacy\",\"alternateName\":\"Lions Pharmacy24\",\"url\":\"https:\/\/lions-pharmacy.com\/es\",\"logo\":{\"@type\":\"ImageObject\",\"inLanguage\":\"es\",\"@id\":\"https:\/\/lions-pharmacy.com\/es#\/schema\/logo\/image\/\",\"url\":\"https:\/\/lions-pharmacy.com\/wp-content\/uploads\/2022\/12\/Logo-Lion-Pharmacy-c-o-Loewen-Apotheke-smal.jpg\",\"contentUrl\":\"https:\/\/lions-pharmacy.com\/wp-content\/uploads\/2022\/12\/Logo-Lion-Pharmacy-c-o-Loewen-Apotheke-smal.jpg\",\"width\":298,\"height\":99,\"caption\":\"Lions Pharmacy\"},\"image\":{\"@id\":\"https:\/\/lions-pharmacy.com\/es#\/schema\/logo\/image\/\"}}]}<\/script>\n<!-- \/ Yoast SEO plugin. -->","yoast_head_json":{"title":"Tebonina intens 120 mg 120 uds. &#187; Lion Pharmacy","description":"La Farmacia de los Leones es una Farmacia Online Alemana registrada | Env\u00edo Internacional R\u00e1pido | Compra Online C\u00f3moda y Segura Tebonina intens 120 mg 120 uds.","robots":{"index":"index","follow":"follow","max-snippet":"max-snippet:-1","max-image-preview":"max-image-preview:large","max-video-preview":"max-video-preview:-1"},"canonical":"https:\/\/lions-pharmacy.com\/es\/producto\/tebonin-intens-120-mg-120-pcs-08692575","og_locale":"es_ES","og_type":"article","og_title":"Tebonina intens 120 mg 120 uds. &#187; Lion Pharmacy","og_description":"La Farmacia de los Leones es una Farmacia Online Alemana registrada | Env\u00edo Internacional R\u00e1pido | Compra Online C\u00f3moda y Segura Tebonina intens 120 mg 120 uds.","og_url":"https:\/\/lions-pharmacy.com\/es\/producto\/tebonin-intens-120-mg-120-pcs-08692575","og_site_name":"Lion Pharmacy","article_modified_time":"2026-02-25T08:17:37+00:00","og_image":[{"width":600,"height":600,"url":"https:\/\/lions-pharmacy.com\/wp-content\/uploads\/2024\/09\/tebonin-intens-60-pcs.webp","type":"image\/webp"}],"twitter_card":"summary_large_image","twitter_misc":{"Tiempo de lectura":"1 minuto"},"schema":{"@context":"https:\/\/schema.org","@graph":[{"@type":"WebPage","@id":"https:\/\/lions-pharmacy.com\/es\/producto\/tebonin-intens-120-mg-120-pcs-08692575","url":"https:\/\/lions-pharmacy.com\/es\/producto\/tebonin-intens-120-mg-120-pcs-08692575","name":"Tebonina intens 120 mg 120 uds. &#187; Lion Pharmacy","isPartOf":{"@id":"https:\/\/lions-pharmacy.com\/es#website"},"primaryImageOfPage":{"@id":"https:\/\/lions-pharmacy.com\/es\/producto\/tebonin-intens-120-mg-120-pcs-08692575#primaryimage"},"image":{"@id":"https:\/\/lions-pharmacy.com\/es\/producto\/tebonin-intens-120-mg-120-pcs-08692575#primaryimage"},"thumbnailUrl":"https:\/\/lions-pharmacy.com\/wp-content\/uploads\/2024\/09\/tebonin-intens-60-pcs.webp","datePublished":"2024-09-06T13:58:54+00:00","dateModified":"2026-02-25T08:17:37+00:00","description":"La Farmacia de los Leones es una Farmacia Online Alemana registrada | Env\u00edo Internacional R\u00e1pido | Compra Online C\u00f3moda y Segura Tebonina intens 120 mg 120 uds.","breadcrumb":{"@id":"https:\/\/lions-pharmacy.com\/es\/producto\/tebonin-intens-120-mg-120-pcs-08692575#breadcrumb"},"inLanguage":"es","potentialAction":[{"@type":"ReadAction","target":["https:\/\/lions-pharmacy.com\/es\/producto\/tebonin-intens-120-mg-120-pcs-08692575"]}]},{"@type":"ImageObject","inLanguage":"es","@id":"https:\/\/lions-pharmacy.com\/es\/producto\/tebonin-intens-120-mg-120-pcs-08692575#primaryimage","url":"https:\/\/lions-pharmacy.com\/wp-content\/uploads\/2024\/09\/tebonin-intens-60-pcs.webp","contentUrl":"https:\/\/lions-pharmacy.com\/wp-content\/uploads\/2024\/09\/tebonin-intens-60-pcs.webp","width":600,"height":600,"caption":"tebonin intens 120mg capsoules, Dr. W. Schwabe, Farmacia de Leones, PZN 03379106"},{"@type":"BreadcrumbList","@id":"https:\/\/lions-pharmacy.com\/es\/producto\/tebonin-intens-120-mg-120-pcs-08692575#breadcrumb","itemListElement":[{"@type":"ListItem","position":1,"name":"Home","item":"https:\/\/lions-pharmacy.com\/es\/homepage-lion-pharmacy"},{"@type":"ListItem","position":2,"name":"Shop","item":"https:\/\/lions-pharmacy.com\/es\/tienda"},{"@type":"ListItem","position":3,"name":"Tebonina intens 120 mg 120 uds."}]},{"@type":"WebSite","@id":"https:\/\/lions-pharmacy.com\/es#website","url":"https:\/\/lions-pharmacy.com\/es","name":"Lions Pharmacy","description":"Farmacia especializada en naturopat\u00eda de Baden-Baden, Alemania","publisher":{"@id":"https:\/\/lions-pharmacy.com\/es#organization"},"alternateName":"Lion Pharmacy","potentialAction":[{"@type":"SearchAction","target":{"@type":"EntryPoint","urlTemplate":"https:\/\/lions-pharmacy.com\/es?s={search_term_string}"},"query-input":{"@type":"PropertyValueSpecification","valueRequired":true,"valueName":"search_term_string"}}],"inLanguage":"es"},{"@type":"Organization","@id":"https:\/\/lions-pharmacy.com\/es#organization","name":"Lions Pharmacy","alternateName":"Lions Pharmacy24","url":"https:\/\/lions-pharmacy.com\/es","logo":{"@type":"ImageObject","inLanguage":"es","@id":"https:\/\/lions-pharmacy.com\/es#\/schema\/logo\/image\/","url":"https:\/\/lions-pharmacy.com\/wp-content\/uploads\/2022\/12\/Logo-Lion-Pharmacy-c-o-Loewen-Apotheke-smal.jpg","contentUrl":"https:\/\/lions-pharmacy.com\/wp-content\/uploads\/2022\/12\/Logo-Lion-Pharmacy-c-o-Loewen-Apotheke-smal.jpg","width":298,"height":99,"caption":"Lions Pharmacy"},"image":{"@id":"https:\/\/lions-pharmacy.com\/es#\/schema\/logo\/image\/"}}]}},"_links":{"self":[{"href":"https:\/\/lions-pharmacy.com\/es\/wp-json\/wp\/v2\/product\/4419","targetHints":{"allow":["GET"]}}],"collection":[{"href":"https:\/\/lions-pharmacy.com\/es\/wp-json\/wp\/v2\/product"}],"about":[{"href":"https:\/\/lions-pharmacy.com\/es\/wp-json\/wp\/v2\/types\/product"}],"replies":[{"embeddable":true,"href":"https:\/\/lions-pharmacy.com\/es\/wp-json\/wp\/v2\/comments?post=4419"}],"wp:featuredmedia":[{"embeddable":true,"href":"https:\/\/lions-pharmacy.com\/es\/wp-json\/wp\/v2\/media\/4339"}],"wp:attachment":[{"href":"https:\/\/lions-pharmacy.com\/es\/wp-json\/wp\/v2\/media?parent=4419"}],"wp:term":[{"taxonomy":"product_brand","embeddable":true,"href":"https:\/\/lions-pharmacy.com\/es\/wp-json\/wp\/v2\/product_brand?post=4419"},{"taxonomy":"product_cat","embeddable":true,"href":"https:\/\/lions-pharmacy.com\/es\/wp-json\/wp\/v2\/product_cat?post=4419"},{"taxonomy":"product_tag","embeddable":true,"href":"https:\/\/lions-pharmacy.com\/es\/wp-json\/wp\/v2\/product_tag?post=4419"}],"curies":[{"name":"wp","href":"https:\/\/api.w.org\/{rel}","templated":true}]}}