{"id":4402,"date":"2024-09-07T09:25:47","date_gmt":"2024-09-07T08:25:47","guid":{"rendered":"https:\/\/lions-pharmacy.com\/?post_type=product&#038;p=4402"},"modified":"2026-02-25T06:39:39","modified_gmt":"2026-02-25T05:39:39","slug":"umckaloabo-liquid-50-ml","status":"publish","type":"product","link":"https:\/\/lions-pharmacy.com\/es\/producto\/umckaloabo-liquid-50-ml","title":{"rendered":"Umckaloabo l\u00edquido 50 ml"},"content":{"rendered":"<h3 style=\"text-align: left;\">Umckaloabo l\u00edquido<\/h3>\n<p>En el tratamiento de las infecciones de las v\u00edas respiratorias, como la bronquitis aguda con sus s\u00edntomas t\u00edpicos, es especialmente importante no tratar s\u00f3lo los s\u00edntomas, sino sobre todo combatir los pat\u00f3genos causantes con una medicaci\u00f3n adecuada. Aqu\u00ed es exactamente donde entra Umckaloabo. El principio activo especial EPs\u00ae 7630 del medicamento act\u00faa espec\u00edficamente contra la causa de la infecci\u00f3n. El antiinfeccioso a base de plantas para la bronquitis aguda.<\/p>\n<ul style=\"list-style-type: square;\">\n<li>Umckaloabo\u00ae act\u00faa espec\u00edficamente contra la causa de la infecci\u00f3n.<\/li>\n<li>Combate los pat\u00f3genos, alivia los s\u00edntomas y acelera la curaci\u00f3n<\/li>\n<li>Puramente herbal y bien tolerado<\/li>\n<li>Para toda la familia (a partir de 1 a\u00f1o)<\/li>\n<\/ul>\n<p>Aqu\u00ed puedes encontrar m\u00e1s informaci\u00f3n sobre el producto y el <a href=\"https:\/\/www.umckaloabo.de\/de\/umckaloabo-produkte\/umckaloabo-tropfen\" target=\"_blank\" rel=\"noopener\">fabricante Dr. Schwabe<\/a><\/p>\n<p>Dr. Willmar Schwabe GmbH &amp; Co. KG es la empresa matriz del Grupo Schwabe, tambi\u00e9n conocido como Grupo de Empresas Schwabe o Grupo Schwabe. La empresa farmac\u00e9utica se fund\u00f3 en Leipzig en 1865. La sede se traslad\u00f3 a Karlsruhe en 1946. El Grupo se centra en las industrias sanitaria y farmac\u00e9utica, especializ\u00e1ndose en medicamentos a base de plantas medicinales y homeop\u00e1ticos, fitof\u00e1rmacos y homeop\u00e1ticos, suplementos nutricionales de origen vegetal medicinal, y servicios adicionales para la atenci\u00f3n sanitaria hol\u00edstica y la autoayuda, como programas de entrenamiento para la forma f\u00edsica y mental. Entre ellas est\u00e1n las marcas Tebonin, Umckaloabo.<\/p>\n<p>Otros productos de: <a href=\"https:\/\/lions-pharmacy.com\/es\/product-category\/dr-schwabe-es\">Dr. Schwabe<\/a><\/p>\n<p>Para conocer los riesgos y efectos secundarios, lea el prospecto y consulte a su m\u00e9dico o farmac\u00e9utico.<\/p>\n<h3 style=\"text-align: left;\">Prescripci\u00f3n | \u00bfReceta electr\u00f3nica disponible?<\/h3>\n<p>Env\u00ede su receta electr\u00f3nica ahora. Utilice nuestra aplicaci\u00f3n <a href=\"https:\/\/e-rezept-app.de\/shop-rezept\" target=\"_blank\" rel=\"noopener\">de recetas electr\u00f3nicas<\/a> . \u00a1Y te damos los gastos de env\u00edo gratis en Alemania!<\/p>\n","protected":false},"excerpt":{"rendered":"<h2 style=\"text-align: left;\">Umckaloabo l\u00edquido<\/h2>\n<div class=\"rating__wrap\">\n<p>El antiinfeccioso a base de plantas para la bronquitis aguda<\/p>\n<p>&nbsp;<\/p>\n<p><strong>PZN<\/strong>: 01062049 (N\u00famero Central de Farmacia)<\/p>\n<p><strong>Forma de dosificaci\u00f3n<\/strong>: gotas &#8211; 50ml<\/p>\n<p><strong>Tipo de receta<\/strong>: sin receta<\/p>\n<p><strong>Marca<\/strong>: <a href=\"https:\/\/www.umckaloabo.de\/de\" target=\"_blank\" rel=\"noopener\">Umckaloabo <\/a>\u00ae<\/p>\n<p><strong>Fabricante<\/strong>: <a href=\"https:\/\/www.loewen-apotheke24.com\/de\/product_cat\/schwabe\/\">Dr.Willmar Schwabe GmbH &amp; Co.KG<\/a><\/p>\n<\/div>\n","protected":false},"featured_media":4320,"comment_status":"closed","ping_status":"closed","template":"","meta":[],"product_brand":[],"product_cat":[463,125,116],"product_tag":[517,489,492,516,488],"class_list":{"0":"post-4402","1":"product","2":"type-product","3":"status-publish","4":"has-post-thumbnail","6":"product_cat-dr-schwabe-es","7":"product_cat-sale-es","8":"product_cat-sin-categorizar","9":"product_tag-corona-y-defensa-inmune","10":"product_tag-dr-schwabe-es","11":"product_tag-gripe-y-resfriado","12":"product_tag-ingrediente-activo-de-origen-vegetal","13":"product_tag-remedios-naturales","14":"ts_product_brand-all-es","15":"ts_product_brand-dr-schwabe-es","17":"first","18":"instock","19":"taxable","20":"shipping-taxable","21":"purchasable","22":"product-type-simple"},"yoast_head":"<!-- This site is optimized with the Yoast SEO plugin v26.5 - https:\/\/yoast.com\/wordpress\/plugins\/seo\/ -->\n<title>Umckaloabo l\u00edquido 50 ml &#187; Lion Pharmacy<\/title>\n<meta name=\"description\" content=\"Lions Pharmacy | Farmacia en l\u00ednea alemana registrada | Env\u00edo internacional r\u00e1pido | Umckaloabo l\u00edquido 50 ml de compras en l\u00ednea conveniente y seguro\" \/>\n<meta name=\"robots\" content=\"index, follow, max-snippet:-1, max-image-preview:large, max-video-preview:-1\" \/>\n<link rel=\"canonical\" href=\"https:\/\/lions-pharmacy.com\/es\/producto\/umckaloabo-liquid-50-ml\" \/>\n<meta property=\"og:locale\" content=\"es_ES\" \/>\n<meta property=\"og:type\" content=\"article\" \/>\n<meta property=\"og:title\" content=\"Umckaloabo l\u00edquido 50 ml &#187; Lion Pharmacy\" \/>\n<meta property=\"og:description\" content=\"Lions Pharmacy | Farmacia en l\u00ednea alemana registrada | Env\u00edo internacional r\u00e1pido | Umckaloabo l\u00edquido 50 ml de compras en l\u00ednea conveniente y seguro\" \/>\n<meta property=\"og:url\" content=\"https:\/\/lions-pharmacy.com\/es\/producto\/umckaloabo-liquid-50-ml\" \/>\n<meta property=\"og:site_name\" content=\"Lion Pharmacy\" \/>\n<meta property=\"article:modified_time\" content=\"2026-02-25T05:39:39+00:00\" \/>\n<meta property=\"og:image\" content=\"https:\/\/lions-pharmacy.com\/wp-content\/uploads\/2024\/09\/umckaloabo.webp\" \/>\n\t<meta property=\"og:image:width\" content=\"600\" \/>\n\t<meta property=\"og:image:height\" content=\"600\" \/>\n\t<meta property=\"og:image:type\" content=\"image\/webp\" \/>\n<meta name=\"twitter:card\" content=\"summary_large_image\" \/>\n<meta name=\"twitter:label1\" content=\"Tiempo de lectura\" \/>\n\t<meta name=\"twitter:data1\" content=\"1 minuto\" \/>\n<script type=\"application\/ld+json\" class=\"yoast-schema-graph\">{\"@context\":\"https:\/\/schema.org\",\"@graph\":[{\"@type\":\"WebPage\",\"@id\":\"https:\/\/lions-pharmacy.com\/es\/producto\/umckaloabo-liquid-50-ml\",\"url\":\"https:\/\/lions-pharmacy.com\/es\/producto\/umckaloabo-liquid-50-ml\",\"name\":\"Umckaloabo l\u00edquido 50 ml &#187; Lion Pharmacy\",\"isPartOf\":{\"@id\":\"https:\/\/lions-pharmacy.com\/es#website\"},\"primaryImageOfPage\":{\"@id\":\"https:\/\/lions-pharmacy.com\/es\/producto\/umckaloabo-liquid-50-ml#primaryimage\"},\"image\":{\"@id\":\"https:\/\/lions-pharmacy.com\/es\/producto\/umckaloabo-liquid-50-ml#primaryimage\"},\"thumbnailUrl\":\"https:\/\/lions-pharmacy.com\/wp-content\/uploads\/2024\/09\/umckaloabo.webp\",\"datePublished\":\"2024-09-07T08:25:47+00:00\",\"dateModified\":\"2026-02-25T05:39:39+00:00\",\"description\":\"Lions Pharmacy | Farmacia en l\u00ednea alemana registrada | Env\u00edo internacional r\u00e1pido | Umckaloabo l\u00edquido 50 ml de compras en l\u00ednea conveniente y seguro\",\"breadcrumb\":{\"@id\":\"https:\/\/lions-pharmacy.com\/es\/producto\/umckaloabo-liquid-50-ml#breadcrumb\"},\"inLanguage\":\"es\",\"potentialAction\":[{\"@type\":\"ReadAction\",\"target\":[\"https:\/\/lions-pharmacy.com\/es\/producto\/umckaloabo-liquid-50-ml\"]}]},{\"@type\":\"ImageObject\",\"inLanguage\":\"es\",\"@id\":\"https:\/\/lions-pharmacy.com\/es\/producto\/umckaloabo-liquid-50-ml#primaryimage\",\"url\":\"https:\/\/lions-pharmacy.com\/wp-content\/uploads\/2024\/09\/umckaloabo.webp\",\"contentUrl\":\"https:\/\/lions-pharmacy.com\/wp-content\/uploads\/2024\/09\/umckaloabo.webp\",\"width\":600,\"height\":600,\"caption\":\"umckaloabo l\u00edquido 100ml, PZN 00930673, Dr. Schwabe, Farmacia de los Leones\"},{\"@type\":\"BreadcrumbList\",\"@id\":\"https:\/\/lions-pharmacy.com\/es\/producto\/umckaloabo-liquid-50-ml#breadcrumb\",\"itemListElement\":[{\"@type\":\"ListItem\",\"position\":1,\"name\":\"Home\",\"item\":\"https:\/\/lions-pharmacy.com\/es\/homepage-lion-pharmacy\"},{\"@type\":\"ListItem\",\"position\":2,\"name\":\"Shop\",\"item\":\"https:\/\/lions-pharmacy.com\/es\/tienda\"},{\"@type\":\"ListItem\",\"position\":3,\"name\":\"Umckaloabo l\u00edquido 50 ml\"}]},{\"@type\":\"WebSite\",\"@id\":\"https:\/\/lions-pharmacy.com\/es#website\",\"url\":\"https:\/\/lions-pharmacy.com\/es\",\"name\":\"Lions Pharmacy\",\"description\":\"Farmacia especializada en naturopat\u00eda de Baden-Baden, Alemania\",\"publisher\":{\"@id\":\"https:\/\/lions-pharmacy.com\/es#organization\"},\"alternateName\":\"Lion Pharmacy\",\"potentialAction\":[{\"@type\":\"SearchAction\",\"target\":{\"@type\":\"EntryPoint\",\"urlTemplate\":\"https:\/\/lions-pharmacy.com\/es?s={search_term_string}\"},\"query-input\":{\"@type\":\"PropertyValueSpecification\",\"valueRequired\":true,\"valueName\":\"search_term_string\"}}],\"inLanguage\":\"es\"},{\"@type\":\"Organization\",\"@id\":\"https:\/\/lions-pharmacy.com\/es#organization\",\"name\":\"Lions Pharmacy\",\"alternateName\":\"Lions Pharmacy24\",\"url\":\"https:\/\/lions-pharmacy.com\/es\",\"logo\":{\"@type\":\"ImageObject\",\"inLanguage\":\"es\",\"@id\":\"https:\/\/lions-pharmacy.com\/es#\/schema\/logo\/image\/\",\"url\":\"https:\/\/lions-pharmacy.com\/wp-content\/uploads\/2022\/12\/Logo-Lion-Pharmacy-c-o-Loewen-Apotheke-smal.jpg\",\"contentUrl\":\"https:\/\/lions-pharmacy.com\/wp-content\/uploads\/2022\/12\/Logo-Lion-Pharmacy-c-o-Loewen-Apotheke-smal.jpg\",\"width\":298,\"height\":99,\"caption\":\"Lions Pharmacy\"},\"image\":{\"@id\":\"https:\/\/lions-pharmacy.com\/es#\/schema\/logo\/image\/\"}}]}<\/script>\n<!-- \/ Yoast SEO plugin. -->","yoast_head_json":{"title":"Umckaloabo l\u00edquido 50 ml &#187; Lion Pharmacy","description":"Lions Pharmacy | Farmacia en l\u00ednea alemana registrada | Env\u00edo internacional r\u00e1pido | Umckaloabo l\u00edquido 50 ml de compras en l\u00ednea conveniente y seguro","robots":{"index":"index","follow":"follow","max-snippet":"max-snippet:-1","max-image-preview":"max-image-preview:large","max-video-preview":"max-video-preview:-1"},"canonical":"https:\/\/lions-pharmacy.com\/es\/producto\/umckaloabo-liquid-50-ml","og_locale":"es_ES","og_type":"article","og_title":"Umckaloabo l\u00edquido 50 ml &#187; Lion Pharmacy","og_description":"Lions Pharmacy | Farmacia en l\u00ednea alemana registrada | Env\u00edo internacional r\u00e1pido | Umckaloabo l\u00edquido 50 ml de compras en l\u00ednea conveniente y seguro","og_url":"https:\/\/lions-pharmacy.com\/es\/producto\/umckaloabo-liquid-50-ml","og_site_name":"Lion Pharmacy","article_modified_time":"2026-02-25T05:39:39+00:00","og_image":[{"width":600,"height":600,"url":"https:\/\/lions-pharmacy.com\/wp-content\/uploads\/2024\/09\/umckaloabo.webp","type":"image\/webp"}],"twitter_card":"summary_large_image","twitter_misc":{"Tiempo de lectura":"1 minuto"},"schema":{"@context":"https:\/\/schema.org","@graph":[{"@type":"WebPage","@id":"https:\/\/lions-pharmacy.com\/es\/producto\/umckaloabo-liquid-50-ml","url":"https:\/\/lions-pharmacy.com\/es\/producto\/umckaloabo-liquid-50-ml","name":"Umckaloabo l\u00edquido 50 ml &#187; Lion Pharmacy","isPartOf":{"@id":"https:\/\/lions-pharmacy.com\/es#website"},"primaryImageOfPage":{"@id":"https:\/\/lions-pharmacy.com\/es\/producto\/umckaloabo-liquid-50-ml#primaryimage"},"image":{"@id":"https:\/\/lions-pharmacy.com\/es\/producto\/umckaloabo-liquid-50-ml#primaryimage"},"thumbnailUrl":"https:\/\/lions-pharmacy.com\/wp-content\/uploads\/2024\/09\/umckaloabo.webp","datePublished":"2024-09-07T08:25:47+00:00","dateModified":"2026-02-25T05:39:39+00:00","description":"Lions Pharmacy | Farmacia en l\u00ednea alemana registrada | Env\u00edo internacional r\u00e1pido | Umckaloabo l\u00edquido 50 ml de compras en l\u00ednea conveniente y seguro","breadcrumb":{"@id":"https:\/\/lions-pharmacy.com\/es\/producto\/umckaloabo-liquid-50-ml#breadcrumb"},"inLanguage":"es","potentialAction":[{"@type":"ReadAction","target":["https:\/\/lions-pharmacy.com\/es\/producto\/umckaloabo-liquid-50-ml"]}]},{"@type":"ImageObject","inLanguage":"es","@id":"https:\/\/lions-pharmacy.com\/es\/producto\/umckaloabo-liquid-50-ml#primaryimage","url":"https:\/\/lions-pharmacy.com\/wp-content\/uploads\/2024\/09\/umckaloabo.webp","contentUrl":"https:\/\/lions-pharmacy.com\/wp-content\/uploads\/2024\/09\/umckaloabo.webp","width":600,"height":600,"caption":"umckaloabo l\u00edquido 100ml, PZN 00930673, Dr. Schwabe, Farmacia de los Leones"},{"@type":"BreadcrumbList","@id":"https:\/\/lions-pharmacy.com\/es\/producto\/umckaloabo-liquid-50-ml#breadcrumb","itemListElement":[{"@type":"ListItem","position":1,"name":"Home","item":"https:\/\/lions-pharmacy.com\/es\/homepage-lion-pharmacy"},{"@type":"ListItem","position":2,"name":"Shop","item":"https:\/\/lions-pharmacy.com\/es\/tienda"},{"@type":"ListItem","position":3,"name":"Umckaloabo l\u00edquido 50 ml"}]},{"@type":"WebSite","@id":"https:\/\/lions-pharmacy.com\/es#website","url":"https:\/\/lions-pharmacy.com\/es","name":"Lions Pharmacy","description":"Farmacia especializada en naturopat\u00eda de Baden-Baden, Alemania","publisher":{"@id":"https:\/\/lions-pharmacy.com\/es#organization"},"alternateName":"Lion Pharmacy","potentialAction":[{"@type":"SearchAction","target":{"@type":"EntryPoint","urlTemplate":"https:\/\/lions-pharmacy.com\/es?s={search_term_string}"},"query-input":{"@type":"PropertyValueSpecification","valueRequired":true,"valueName":"search_term_string"}}],"inLanguage":"es"},{"@type":"Organization","@id":"https:\/\/lions-pharmacy.com\/es#organization","name":"Lions Pharmacy","alternateName":"Lions Pharmacy24","url":"https:\/\/lions-pharmacy.com\/es","logo":{"@type":"ImageObject","inLanguage":"es","@id":"https:\/\/lions-pharmacy.com\/es#\/schema\/logo\/image\/","url":"https:\/\/lions-pharmacy.com\/wp-content\/uploads\/2022\/12\/Logo-Lion-Pharmacy-c-o-Loewen-Apotheke-smal.jpg","contentUrl":"https:\/\/lions-pharmacy.com\/wp-content\/uploads\/2022\/12\/Logo-Lion-Pharmacy-c-o-Loewen-Apotheke-smal.jpg","width":298,"height":99,"caption":"Lions Pharmacy"},"image":{"@id":"https:\/\/lions-pharmacy.com\/es#\/schema\/logo\/image\/"}}]}},"_links":{"self":[{"href":"https:\/\/lions-pharmacy.com\/es\/wp-json\/wp\/v2\/product\/4402","targetHints":{"allow":["GET"]}}],"collection":[{"href":"https:\/\/lions-pharmacy.com\/es\/wp-json\/wp\/v2\/product"}],"about":[{"href":"https:\/\/lions-pharmacy.com\/es\/wp-json\/wp\/v2\/types\/product"}],"replies":[{"embeddable":true,"href":"https:\/\/lions-pharmacy.com\/es\/wp-json\/wp\/v2\/comments?post=4402"}],"wp:featuredmedia":[{"embeddable":true,"href":"https:\/\/lions-pharmacy.com\/es\/wp-json\/wp\/v2\/media\/4320"}],"wp:attachment":[{"href":"https:\/\/lions-pharmacy.com\/es\/wp-json\/wp\/v2\/media?parent=4402"}],"wp:term":[{"taxonomy":"product_brand","embeddable":true,"href":"https:\/\/lions-pharmacy.com\/es\/wp-json\/wp\/v2\/product_brand?post=4402"},{"taxonomy":"product_cat","embeddable":true,"href":"https:\/\/lions-pharmacy.com\/es\/wp-json\/wp\/v2\/product_cat?post=4402"},{"taxonomy":"product_tag","embeddable":true,"href":"https:\/\/lions-pharmacy.com\/es\/wp-json\/wp\/v2\/product_tag?post=4402"}],"curies":[{"name":"wp","href":"https:\/\/api.w.org\/{rel}","templated":true}]}}