{"id":3244,"date":"2024-02-03T15:21:08","date_gmt":"2024-02-03T14:21:08","guid":{"rendered":"https:\/\/lions-pharmacy.com\/?post_type=product&#038;p=3244"},"modified":"2024-02-03T15:55:00","modified_gmt":"2024-02-03T14:55:00","slug":"ortomol-neuroprotect-90-pcs-18847228","status":"publish","type":"product","link":"https:\/\/lions-pharmacy.com\/es\/producto\/ortomol-neuroprotect-90-pcs-18847228","title":{"rendered":"Orthomol Neuroprotect 90 uds."},"content":{"rendered":"<h3>Orthomol Neuroprotect 90 uds.<\/h3>\n<p>C\u00e1psulas Orthomol Neuroprotect &#8211; Micronutrientes importantes para el funcionamiento normal del sistema nervioso. Los complementos alimenticios no sustituyen a una dieta equilibrada y variada ni a un estilo de vida saludable.<\/p>\n<p>Tomar 1 c\u00e1psula al d\u00eda, preferiblemente con abundante l\u00edquido.<\/p>\n<p>Orthomol Neuroprotect contiene:<\/p>\n<p>Vitamina B1, vitamina B6, vitamina B12 y \u00e1cido f\u00f3lico<br \/>\nMagnesio<br \/>\nMonofosfato de uridina (UMP) y monofosfato de citidina (CMP)<\/p>\n<p>Productos de Orthomol: Pioneros de la medicina nutricional ortomolecular en Alemania. La compa\u00f1\u00eda ha estado desarrollando y vendiendo dosis bien equilibradas de combinaciones de micronutrientes para diversas \u00e1reas de aplicaci\u00f3n durante m\u00e1s de 30 a\u00f1os. Estas son combinaciones de micronutrientes basadas en la medicina ortomolecular.<\/p>\n<p>Prospecto\/instrucciones de uso\/ficha t\u00e9cnica del art\u00edculo: &#8211; (lector de PDF)<\/p>\n<p>Otros productos para la aplicaci\u00f3n: <a href=\"https:\/\/lions-pharmacy.com\/product-tag\/vitamins-supplements\">Vitaminas y suplementos Productos<\/a><\/p>\n<p>Obtenga m\u00e1s informaci\u00f3n sobre manufactorer y este producto: <a href=\"https:\/\/www.orthomol.com\/de-de\/produkte\/schoenheit\/orthomol-hair-intense\" target=\"_blank\" rel=\"noopener\">orthomol<\/a> (enlace a sitio web externo)<\/p>\n<p>La informaci\u00f3n contenida en este sitio web se facilita \u00fanicamente con fines informativos. En ning\u00fan caso sustituyen al examen y tratamiento por un m\u00e9dico. Tenga en cuenta que esto significa que no se pueden hacer diagn\u00f3sticos ni iniciar terapias.<\/p>\n<p>Para conocer los riesgos y efectos secundarios, lea el prospecto y consulte a su m\u00e9dico o farmac\u00e9utico.<\/p>\n","protected":false},"excerpt":{"rendered":"<h2>Orthomol Neuroprotect 90 uds.<\/h2>\n<p>Las c\u00e1psulas de Orthomol Neuroprotect contienen micronutrientes importantes para el funcionamiento normal del sistema nervioso.<\/p>\n<p>&nbsp;<\/p>\n<p>PZN: 18847228 (N\u00famero Central de Farmacia)<\/p>\n<p>Forma de la dosis: c\u00e1psulas<\/p>\n<p>Tipo de prescripci\u00f3n: sin receta<\/p>\n<p>Marca: orthomol<\/p>\n<p>Fabricante: orthomol Arzneimittel GmbH, Alemania<\/p>\n<p>Tama\u00f1o del embalaje: 90 pc.<\/p>\n","protected":false},"featured_media":3250,"comment_status":"closed","ping_status":"closed","template":"","meta":[],"product_brand":[],"product_cat":[125,116],"product_tag":[311,272],"class_list":{"0":"post-3244","1":"product","2":"type-product","3":"status-publish","4":"has-post-thumbnail","6":"product_cat-sale-es","7":"product_cat-sin-categorizar","8":"product_tag-venta-mensual","9":"product_tag-vitaminas-y-suplementos","10":"ts_product_brand-all-es","11":"ts_product_brand-orthomol-es","13":"first","14":"outofstock","15":"sale","16":"featured","17":"taxable","18":"shipping-taxable","19":"purchasable","20":"product-type-simple"},"yoast_head":"<!-- This site is optimized with the Yoast SEO plugin v26.5 - https:\/\/yoast.com\/wordpress\/plugins\/seo\/ -->\n<title>Orthomol Neuroprotect 90 uds. &#187; Lion Pharmacy &#187; ordene aqu\u00ed<\/title>\n<meta name=\"description\" content=\"Farmacia Le\u00f3n | Farmacia en l\u00ednea alemana registrada | Env\u00edo internacional r\u00e1pido y compras seguras en l\u00ednea. Orthomol Neuroprotect 90 uds.\" \/>\n<meta name=\"robots\" content=\"index, follow, max-snippet:-1, max-image-preview:large, max-video-preview:-1\" \/>\n<link rel=\"canonical\" href=\"https:\/\/lions-pharmacy.com\/es\/producto\/ortomol-neuroprotect-90-pcs-18847228\" \/>\n<meta property=\"og:locale\" content=\"es_ES\" \/>\n<meta property=\"og:type\" content=\"article\" \/>\n<meta property=\"og:title\" content=\"Orthomol Neuroprotect 90 uds. &#187; Lion Pharmacy &#187; ordene aqu\u00ed\" \/>\n<meta property=\"og:description\" content=\"Farmacia Le\u00f3n | Farmacia en l\u00ednea alemana registrada | Env\u00edo internacional r\u00e1pido y compras seguras en l\u00ednea. Orthomol Neuroprotect 90 uds.\" \/>\n<meta property=\"og:url\" content=\"https:\/\/lions-pharmacy.com\/es\/producto\/ortomol-neuroprotect-90-pcs-18847228\" \/>\n<meta property=\"og:site_name\" content=\"Lion Pharmacy\" \/>\n<meta property=\"article:modified_time\" content=\"2024-02-03T14:55:00+00:00\" \/>\n<meta property=\"og:image\" content=\"https:\/\/lions-pharmacy.com\/wp-content\/uploads\/2024\/02\/Orthomol-Neuroprotect-Kapseln-PZN-18847228-Loewen-Apotheke.webp\" \/>\n\t<meta property=\"og:image:width\" content=\"600\" \/>\n\t<meta property=\"og:image:height\" content=\"600\" \/>\n\t<meta property=\"og:image:type\" content=\"image\/webp\" \/>\n<meta name=\"twitter:card\" content=\"summary_large_image\" \/>\n<meta name=\"twitter:label1\" content=\"Tiempo de lectura\" \/>\n\t<meta name=\"twitter:data1\" content=\"1 minuto\" \/>\n<script type=\"application\/ld+json\" class=\"yoast-schema-graph\">{\"@context\":\"https:\/\/schema.org\",\"@graph\":[{\"@type\":\"WebPage\",\"@id\":\"https:\/\/lions-pharmacy.com\/es\/producto\/ortomol-neuroprotect-90-pcs-18847228\",\"url\":\"https:\/\/lions-pharmacy.com\/es\/producto\/ortomol-neuroprotect-90-pcs-18847228\",\"name\":\"Orthomol Neuroprotect 90 uds. &#187; Lion Pharmacy &#187; ordene aqu\u00ed\",\"isPartOf\":{\"@id\":\"https:\/\/lions-pharmacy.com\/es#website\"},\"primaryImageOfPage\":{\"@id\":\"https:\/\/lions-pharmacy.com\/es\/producto\/ortomol-neuroprotect-90-pcs-18847228#primaryimage\"},\"image\":{\"@id\":\"https:\/\/lions-pharmacy.com\/es\/producto\/ortomol-neuroprotect-90-pcs-18847228#primaryimage\"},\"thumbnailUrl\":\"https:\/\/lions-pharmacy.com\/wp-content\/uploads\/2024\/02\/Orthomol-Neuroprotect-Kapseln-PZN-18847228-Loewen-Apotheke.webp\",\"datePublished\":\"2024-02-03T14:21:08+00:00\",\"dateModified\":\"2024-02-03T14:55:00+00:00\",\"description\":\"Farmacia Le\u00f3n | Farmacia en l\u00ednea alemana registrada | Env\u00edo internacional r\u00e1pido y compras seguras en l\u00ednea. Orthomol Neuroprotect 90 uds.\",\"breadcrumb\":{\"@id\":\"https:\/\/lions-pharmacy.com\/es\/producto\/ortomol-neuroprotect-90-pcs-18847228#breadcrumb\"},\"inLanguage\":\"es\",\"potentialAction\":[{\"@type\":\"ReadAction\",\"target\":[\"https:\/\/lions-pharmacy.com\/es\/producto\/ortomol-neuroprotect-90-pcs-18847228\"]}]},{\"@type\":\"ImageObject\",\"inLanguage\":\"es\",\"@id\":\"https:\/\/lions-pharmacy.com\/es\/producto\/ortomol-neuroprotect-90-pcs-18847228#primaryimage\",\"url\":\"https:\/\/lions-pharmacy.com\/wp-content\/uploads\/2024\/02\/Orthomol-Neuroprotect-Kapseln-PZN-18847228-Loewen-Apotheke.webp\",\"contentUrl\":\"https:\/\/lions-pharmacy.com\/wp-content\/uploads\/2024\/02\/Orthomol-Neuroprotect-Kapseln-PZN-18847228-Loewen-Apotheke.webp\",\"width\":600,\"height\":600,\"caption\":\"Orthomol Neuroprotect c\u00e1psulas PZN 18847228-Loewen-Apotheke, Lions Pharmacy\"},{\"@type\":\"BreadcrumbList\",\"@id\":\"https:\/\/lions-pharmacy.com\/es\/producto\/ortomol-neuroprotect-90-pcs-18847228#breadcrumb\",\"itemListElement\":[{\"@type\":\"ListItem\",\"position\":1,\"name\":\"Home\",\"item\":\"https:\/\/lions-pharmacy.com\/es\/homepage-lion-pharmacy\"},{\"@type\":\"ListItem\",\"position\":2,\"name\":\"Shop\",\"item\":\"https:\/\/lions-pharmacy.com\/es\/tienda\"},{\"@type\":\"ListItem\",\"position\":3,\"name\":\"Orthomol Neuroprotect 90 uds.\"}]},{\"@type\":\"WebSite\",\"@id\":\"https:\/\/lions-pharmacy.com\/es#website\",\"url\":\"https:\/\/lions-pharmacy.com\/es\",\"name\":\"Lions Pharmacy\",\"description\":\"Farmacia especializada en naturopat\u00eda de Baden-Baden, Alemania\",\"publisher\":{\"@id\":\"https:\/\/lions-pharmacy.com\/es#organization\"},\"alternateName\":\"Lion Pharmacy\",\"potentialAction\":[{\"@type\":\"SearchAction\",\"target\":{\"@type\":\"EntryPoint\",\"urlTemplate\":\"https:\/\/lions-pharmacy.com\/es?s={search_term_string}\"},\"query-input\":{\"@type\":\"PropertyValueSpecification\",\"valueRequired\":true,\"valueName\":\"search_term_string\"}}],\"inLanguage\":\"es\"},{\"@type\":\"Organization\",\"@id\":\"https:\/\/lions-pharmacy.com\/es#organization\",\"name\":\"Lions Pharmacy\",\"alternateName\":\"Lions Pharmacy24\",\"url\":\"https:\/\/lions-pharmacy.com\/es\",\"logo\":{\"@type\":\"ImageObject\",\"inLanguage\":\"es\",\"@id\":\"https:\/\/lions-pharmacy.com\/es#\/schema\/logo\/image\/\",\"url\":\"https:\/\/lions-pharmacy.com\/wp-content\/uploads\/2022\/12\/Logo-Lion-Pharmacy-c-o-Loewen-Apotheke-smal.jpg\",\"contentUrl\":\"https:\/\/lions-pharmacy.com\/wp-content\/uploads\/2022\/12\/Logo-Lion-Pharmacy-c-o-Loewen-Apotheke-smal.jpg\",\"width\":298,\"height\":99,\"caption\":\"Lions Pharmacy\"},\"image\":{\"@id\":\"https:\/\/lions-pharmacy.com\/es#\/schema\/logo\/image\/\"}}]}<\/script>\n<!-- \/ Yoast SEO plugin. -->","yoast_head_json":{"title":"Orthomol Neuroprotect 90 uds. &#187; Lion Pharmacy &#187; ordene aqu\u00ed","description":"Farmacia Le\u00f3n | Farmacia en l\u00ednea alemana registrada | Env\u00edo internacional r\u00e1pido y compras seguras en l\u00ednea. Orthomol Neuroprotect 90 uds.","robots":{"index":"index","follow":"follow","max-snippet":"max-snippet:-1","max-image-preview":"max-image-preview:large","max-video-preview":"max-video-preview:-1"},"canonical":"https:\/\/lions-pharmacy.com\/es\/producto\/ortomol-neuroprotect-90-pcs-18847228","og_locale":"es_ES","og_type":"article","og_title":"Orthomol Neuroprotect 90 uds. &#187; Lion Pharmacy &#187; ordene aqu\u00ed","og_description":"Farmacia Le\u00f3n | Farmacia en l\u00ednea alemana registrada | Env\u00edo internacional r\u00e1pido y compras seguras en l\u00ednea. Orthomol Neuroprotect 90 uds.","og_url":"https:\/\/lions-pharmacy.com\/es\/producto\/ortomol-neuroprotect-90-pcs-18847228","og_site_name":"Lion Pharmacy","article_modified_time":"2024-02-03T14:55:00+00:00","og_image":[{"width":600,"height":600,"url":"https:\/\/lions-pharmacy.com\/wp-content\/uploads\/2024\/02\/Orthomol-Neuroprotect-Kapseln-PZN-18847228-Loewen-Apotheke.webp","type":"image\/webp"}],"twitter_card":"summary_large_image","twitter_misc":{"Tiempo de lectura":"1 minuto"},"schema":{"@context":"https:\/\/schema.org","@graph":[{"@type":"WebPage","@id":"https:\/\/lions-pharmacy.com\/es\/producto\/ortomol-neuroprotect-90-pcs-18847228","url":"https:\/\/lions-pharmacy.com\/es\/producto\/ortomol-neuroprotect-90-pcs-18847228","name":"Orthomol Neuroprotect 90 uds. &#187; Lion Pharmacy &#187; ordene aqu\u00ed","isPartOf":{"@id":"https:\/\/lions-pharmacy.com\/es#website"},"primaryImageOfPage":{"@id":"https:\/\/lions-pharmacy.com\/es\/producto\/ortomol-neuroprotect-90-pcs-18847228#primaryimage"},"image":{"@id":"https:\/\/lions-pharmacy.com\/es\/producto\/ortomol-neuroprotect-90-pcs-18847228#primaryimage"},"thumbnailUrl":"https:\/\/lions-pharmacy.com\/wp-content\/uploads\/2024\/02\/Orthomol-Neuroprotect-Kapseln-PZN-18847228-Loewen-Apotheke.webp","datePublished":"2024-02-03T14:21:08+00:00","dateModified":"2024-02-03T14:55:00+00:00","description":"Farmacia Le\u00f3n | Farmacia en l\u00ednea alemana registrada | Env\u00edo internacional r\u00e1pido y compras seguras en l\u00ednea. Orthomol Neuroprotect 90 uds.","breadcrumb":{"@id":"https:\/\/lions-pharmacy.com\/es\/producto\/ortomol-neuroprotect-90-pcs-18847228#breadcrumb"},"inLanguage":"es","potentialAction":[{"@type":"ReadAction","target":["https:\/\/lions-pharmacy.com\/es\/producto\/ortomol-neuroprotect-90-pcs-18847228"]}]},{"@type":"ImageObject","inLanguage":"es","@id":"https:\/\/lions-pharmacy.com\/es\/producto\/ortomol-neuroprotect-90-pcs-18847228#primaryimage","url":"https:\/\/lions-pharmacy.com\/wp-content\/uploads\/2024\/02\/Orthomol-Neuroprotect-Kapseln-PZN-18847228-Loewen-Apotheke.webp","contentUrl":"https:\/\/lions-pharmacy.com\/wp-content\/uploads\/2024\/02\/Orthomol-Neuroprotect-Kapseln-PZN-18847228-Loewen-Apotheke.webp","width":600,"height":600,"caption":"Orthomol Neuroprotect c\u00e1psulas PZN 18847228-Loewen-Apotheke, Lions Pharmacy"},{"@type":"BreadcrumbList","@id":"https:\/\/lions-pharmacy.com\/es\/producto\/ortomol-neuroprotect-90-pcs-18847228#breadcrumb","itemListElement":[{"@type":"ListItem","position":1,"name":"Home","item":"https:\/\/lions-pharmacy.com\/es\/homepage-lion-pharmacy"},{"@type":"ListItem","position":2,"name":"Shop","item":"https:\/\/lions-pharmacy.com\/es\/tienda"},{"@type":"ListItem","position":3,"name":"Orthomol Neuroprotect 90 uds."}]},{"@type":"WebSite","@id":"https:\/\/lions-pharmacy.com\/es#website","url":"https:\/\/lions-pharmacy.com\/es","name":"Lions Pharmacy","description":"Farmacia especializada en naturopat\u00eda de Baden-Baden, Alemania","publisher":{"@id":"https:\/\/lions-pharmacy.com\/es#organization"},"alternateName":"Lion Pharmacy","potentialAction":[{"@type":"SearchAction","target":{"@type":"EntryPoint","urlTemplate":"https:\/\/lions-pharmacy.com\/es?s={search_term_string}"},"query-input":{"@type":"PropertyValueSpecification","valueRequired":true,"valueName":"search_term_string"}}],"inLanguage":"es"},{"@type":"Organization","@id":"https:\/\/lions-pharmacy.com\/es#organization","name":"Lions Pharmacy","alternateName":"Lions Pharmacy24","url":"https:\/\/lions-pharmacy.com\/es","logo":{"@type":"ImageObject","inLanguage":"es","@id":"https:\/\/lions-pharmacy.com\/es#\/schema\/logo\/image\/","url":"https:\/\/lions-pharmacy.com\/wp-content\/uploads\/2022\/12\/Logo-Lion-Pharmacy-c-o-Loewen-Apotheke-smal.jpg","contentUrl":"https:\/\/lions-pharmacy.com\/wp-content\/uploads\/2022\/12\/Logo-Lion-Pharmacy-c-o-Loewen-Apotheke-smal.jpg","width":298,"height":99,"caption":"Lions Pharmacy"},"image":{"@id":"https:\/\/lions-pharmacy.com\/es#\/schema\/logo\/image\/"}}]}},"_links":{"self":[{"href":"https:\/\/lions-pharmacy.com\/es\/wp-json\/wp\/v2\/product\/3244","targetHints":{"allow":["GET"]}}],"collection":[{"href":"https:\/\/lions-pharmacy.com\/es\/wp-json\/wp\/v2\/product"}],"about":[{"href":"https:\/\/lions-pharmacy.com\/es\/wp-json\/wp\/v2\/types\/product"}],"replies":[{"embeddable":true,"href":"https:\/\/lions-pharmacy.com\/es\/wp-json\/wp\/v2\/comments?post=3244"}],"wp:featuredmedia":[{"embeddable":true,"href":"https:\/\/lions-pharmacy.com\/es\/wp-json\/wp\/v2\/media\/3250"}],"wp:attachment":[{"href":"https:\/\/lions-pharmacy.com\/es\/wp-json\/wp\/v2\/media?parent=3244"}],"wp:term":[{"taxonomy":"product_brand","embeddable":true,"href":"https:\/\/lions-pharmacy.com\/es\/wp-json\/wp\/v2\/product_brand?post=3244"},{"taxonomy":"product_cat","embeddable":true,"href":"https:\/\/lions-pharmacy.com\/es\/wp-json\/wp\/v2\/product_cat?post=3244"},{"taxonomy":"product_tag","embeddable":true,"href":"https:\/\/lions-pharmacy.com\/es\/wp-json\/wp\/v2\/product_tag?post=3244"}],"curies":[{"name":"wp","href":"https:\/\/api.w.org\/{rel}","templated":true}]}}