{"id":2554,"date":"2023-11-14T10:33:32","date_gmt":"2023-11-14T09:33:32","guid":{"rendered":"https:\/\/lions-pharmacy.com\/?post_type=product&#038;p=2554"},"modified":"2025-01-24T20:25:05","modified_gmt":"2025-01-24T19:25:05","slug":"equinacea-composico-sn-ampollas-100-pcs-01675556","status":"publish","type":"product","link":"https:\/\/lions-pharmacy.com\/es\/producto\/equinacea-composico-sn-ampollas-100-pcs-01675556","title":{"rendered":"Echinacea compositum SN ampollas 100 uds."},"content":{"rendered":"<h3>Echinacea compositum SN ampollas 100 uds.<\/h3>\n<p>Ampollas de Echinacea compositum SN &#8211; Medicamento homeop\u00e1tico registrado, por lo tanto sin indicaci\u00f3n terap\u00e9utica. Se debe obtener consejo m\u00e9dico si los s\u00edntomas de la enfermedad persisten durante el uso.<\/p>\n<p>Como parte de nuestro enfoque terap\u00e9utico centrado en el paciente, los medicamentos Heel se centran en la capacidad del cuerpo para autorregularse. Apoyan la activaci\u00f3n de los propios mecanismos del cuerpo para promover la recuperaci\u00f3n, en lugar de simplemente suprimir los s\u00edntomas de la enfermedad. Los medicamentos para el tal\u00f3n basados en ingredientes activos naturales estimulan y fortalecen este proceso, y los pacientes se benefician del enfoque terap\u00e9utico seguro y sostenible.<\/p>\n<p>Otros productos para la aplicaci\u00f3n: Homeopat\u00eda | <a href=\"https:\/\/lions-pharmacy.com\/product-tag\/vitamins-supplements\">Vitaminas y complementos Productos<\/a><br \/>\nObtenga m\u00e1s informaci\u00f3n sobre manufactorer y este producto Echinacea compositum SN o visite la p\u00e1gina de manufactorer: <a href=\"https:\/\/www.heel.de\/de\/produktsuche.html\" target=\"_blank\" rel=\"noopener\">Biologische <\/a><a href=\"https:\/\/www.heel.de\/de\/produktsuche.html\">Heilmittel Heel<\/a> <a href=\"https:\/\/www.heel.de\/de\/produktsuche.html\" target=\"_blank\" rel=\"noopener\">GmbH<\/a><\/p>\n<p>La informaci\u00f3n contenida en este sitio web se facilita \u00fanicamente con fines informativos. En ning\u00fan caso sustituyen al examen y tratamiento por un m\u00e9dico. Tenga en cuenta que esto significa que no se pueden hacer diagn\u00f3sticos ni iniciar terapias.<\/p>\n<p>Para conocer los riesgos y efectos secundarios, lea el prospecto y consulte a su m\u00e9dico o farmac\u00e9utico.<\/p>\n","protected":false},"excerpt":{"rendered":"<h2>Echinacea compositum SN ampollas 100 uds.<\/h2>\n<p>&nbsp;<\/p>\n<p>PZN: 01675556 (N\u00famero de la Central Farmac\u00e9utica)<\/p>\n<p>Forma farmac\u00e9utica: ampollas<\/p>\n<p>Tipo de prescripci\u00f3n: sin receta<\/p>\n<p>Marca:-<\/p>\n<p>Fabricante: Biologische Heilmittel Heel GmbH<\/p>\n<p>Tama\u00f1o del embalaje: 100 piezas.<\/p>\n","protected":false},"featured_media":2210,"comment_status":"closed","ping_status":"closed","template":"","meta":[],"product_brand":[],"product_cat":[348,116],"product_tag":[308],"class_list":{"0":"post-2554","1":"product","2":"type-product","3":"status-publish","4":"has-post-thumbnail","6":"product_cat-heel-es","7":"product_cat-sin-categorizar","8":"product_tag-homeopatia","9":"product_shipping_class-estandar","10":"ts_product_brand-all-es","11":"ts_product_brand-heel-es","13":"first","14":"instock","15":"sale","16":"taxable","17":"shipping-taxable","18":"purchasable","19":"product-type-simple"},"yoast_head":"<!-- This site is optimized with the Yoast SEO plugin v26.5 - https:\/\/yoast.com\/wordpress\/plugins\/seo\/ -->\n<title>Echinacea compositum SN ampollas 100 uds. &#187; Lion Pharmacy &#187; ordene aqu\u00ed<\/title>\n<meta name=\"description\" content=\"Farmacia en l\u00ednea alemana registrada. Env\u00edo internacional r\u00e1pido y compras seguras en l\u00ednea. Medicamentos para Heel: Echinacea compositum SN ampollas 100 uds.\" \/>\n<meta name=\"robots\" content=\"index, follow, max-snippet:-1, max-image-preview:large, max-video-preview:-1\" \/>\n<link rel=\"canonical\" href=\"https:\/\/lions-pharmacy.com\/es\/producto\/equinacea-composico-sn-ampollas-100-pcs-01675556\" \/>\n<meta property=\"og:locale\" content=\"es_ES\" \/>\n<meta property=\"og:type\" content=\"article\" \/>\n<meta property=\"og:title\" content=\"Echinacea compositum SN ampollas 100 uds. &#187; Lion Pharmacy &#187; ordene aqu\u00ed\" \/>\n<meta property=\"og:description\" content=\"Farmacia en l\u00ednea alemana registrada. Env\u00edo internacional r\u00e1pido y compras seguras en l\u00ednea. Medicamentos para Heel: Echinacea compositum SN ampollas 100 uds.\" \/>\n<meta property=\"og:url\" content=\"https:\/\/lions-pharmacy.com\/es\/producto\/equinacea-composico-sn-ampollas-100-pcs-01675556\" \/>\n<meta property=\"og:site_name\" content=\"Lion Pharmacy\" \/>\n<meta property=\"article:modified_time\" content=\"2025-01-24T19:25:05+00:00\" \/>\n<meta property=\"og:image\" content=\"https:\/\/lions-pharmacy.com\/wp-content\/uploads\/2023\/09\/Echinacea-compositum-SN-Ampullen-100-St.-Heel-Lowen-Apotheke-1.webp\" \/>\n\t<meta property=\"og:image:width\" content=\"600\" \/>\n\t<meta property=\"og:image:height\" content=\"600\" \/>\n\t<meta property=\"og:image:type\" content=\"image\/webp\" \/>\n<meta name=\"twitter:card\" content=\"summary_large_image\" \/>\n<meta name=\"twitter:label1\" content=\"Tiempo de lectura\" \/>\n\t<meta name=\"twitter:data1\" content=\"1 minuto\" \/>\n<script type=\"application\/ld+json\" class=\"yoast-schema-graph\">{\"@context\":\"https:\/\/schema.org\",\"@graph\":[{\"@type\":\"WebPage\",\"@id\":\"https:\/\/lions-pharmacy.com\/es\/producto\/equinacea-composico-sn-ampollas-100-pcs-01675556\",\"url\":\"https:\/\/lions-pharmacy.com\/es\/producto\/equinacea-composico-sn-ampollas-100-pcs-01675556\",\"name\":\"Echinacea compositum SN ampollas 100 uds. &#187; Lion Pharmacy &#187; ordene aqu\u00ed\",\"isPartOf\":{\"@id\":\"https:\/\/lions-pharmacy.com\/es#website\"},\"primaryImageOfPage\":{\"@id\":\"https:\/\/lions-pharmacy.com\/es\/producto\/equinacea-composico-sn-ampollas-100-pcs-01675556#primaryimage\"},\"image\":{\"@id\":\"https:\/\/lions-pharmacy.com\/es\/producto\/equinacea-composico-sn-ampollas-100-pcs-01675556#primaryimage\"},\"thumbnailUrl\":\"https:\/\/lions-pharmacy.com\/wp-content\/uploads\/2023\/09\/Echinacea-compositum-SN-Ampullen-100-St.-Heel-Lowen-Apotheke-1.webp\",\"datePublished\":\"2023-11-14T09:33:32+00:00\",\"dateModified\":\"2025-01-24T19:25:05+00:00\",\"description\":\"Farmacia en l\u00ednea alemana registrada. Env\u00edo internacional r\u00e1pido y compras seguras en l\u00ednea. Medicamentos para Heel: Echinacea compositum SN ampollas 100 uds.\",\"breadcrumb\":{\"@id\":\"https:\/\/lions-pharmacy.com\/es\/producto\/equinacea-composico-sn-ampollas-100-pcs-01675556#breadcrumb\"},\"inLanguage\":\"es\",\"potentialAction\":[{\"@type\":\"ReadAction\",\"target\":[\"https:\/\/lions-pharmacy.com\/es\/producto\/equinacea-composico-sn-ampollas-100-pcs-01675556\"]}]},{\"@type\":\"ImageObject\",\"inLanguage\":\"es\",\"@id\":\"https:\/\/lions-pharmacy.com\/es\/producto\/equinacea-composico-sn-ampollas-100-pcs-01675556#primaryimage\",\"url\":\"https:\/\/lions-pharmacy.com\/wp-content\/uploads\/2023\/09\/Echinacea-compositum-SN-Ampullen-100-St.-Heel-Lowen-Apotheke-1.webp\",\"contentUrl\":\"https:\/\/lions-pharmacy.com\/wp-content\/uploads\/2023\/09\/Echinacea-compositum-SN-Ampullen-100-St.-Heel-Lowen-Apotheke-1.webp\",\"width\":600,\"height\":600,\"caption\":\"Echinacea compositum SN Ampullen 100 St. Heel L\u00f6wen Apotheke\"},{\"@type\":\"BreadcrumbList\",\"@id\":\"https:\/\/lions-pharmacy.com\/es\/producto\/equinacea-composico-sn-ampollas-100-pcs-01675556#breadcrumb\",\"itemListElement\":[{\"@type\":\"ListItem\",\"position\":1,\"name\":\"Home\",\"item\":\"https:\/\/lions-pharmacy.com\/es\/homepage-lion-pharmacy\"},{\"@type\":\"ListItem\",\"position\":2,\"name\":\"Shop\",\"item\":\"https:\/\/lions-pharmacy.com\/es\/tienda\"},{\"@type\":\"ListItem\",\"position\":3,\"name\":\"Echinacea compositum SN ampollas 100 uds.\"}]},{\"@type\":\"WebSite\",\"@id\":\"https:\/\/lions-pharmacy.com\/es#website\",\"url\":\"https:\/\/lions-pharmacy.com\/es\",\"name\":\"Lions Pharmacy\",\"description\":\"Farmacia especializada en naturopat\u00eda de Baden-Baden, Alemania\",\"publisher\":{\"@id\":\"https:\/\/lions-pharmacy.com\/es#organization\"},\"alternateName\":\"Lion Pharmacy\",\"potentialAction\":[{\"@type\":\"SearchAction\",\"target\":{\"@type\":\"EntryPoint\",\"urlTemplate\":\"https:\/\/lions-pharmacy.com\/es?s={search_term_string}\"},\"query-input\":{\"@type\":\"PropertyValueSpecification\",\"valueRequired\":true,\"valueName\":\"search_term_string\"}}],\"inLanguage\":\"es\"},{\"@type\":\"Organization\",\"@id\":\"https:\/\/lions-pharmacy.com\/es#organization\",\"name\":\"Lions Pharmacy\",\"alternateName\":\"Lions Pharmacy24\",\"url\":\"https:\/\/lions-pharmacy.com\/es\",\"logo\":{\"@type\":\"ImageObject\",\"inLanguage\":\"es\",\"@id\":\"https:\/\/lions-pharmacy.com\/es#\/schema\/logo\/image\/\",\"url\":\"https:\/\/lions-pharmacy.com\/wp-content\/uploads\/2022\/12\/Logo-Lion-Pharmacy-c-o-Loewen-Apotheke-smal.jpg\",\"contentUrl\":\"https:\/\/lions-pharmacy.com\/wp-content\/uploads\/2022\/12\/Logo-Lion-Pharmacy-c-o-Loewen-Apotheke-smal.jpg\",\"width\":298,\"height\":99,\"caption\":\"Lions Pharmacy\"},\"image\":{\"@id\":\"https:\/\/lions-pharmacy.com\/es#\/schema\/logo\/image\/\"}}]}<\/script>\n<!-- \/ Yoast SEO plugin. -->","yoast_head_json":{"title":"Echinacea compositum SN ampollas 100 uds. &#187; Lion Pharmacy &#187; ordene aqu\u00ed","description":"Farmacia en l\u00ednea alemana registrada. Env\u00edo internacional r\u00e1pido y compras seguras en l\u00ednea. Medicamentos para Heel: Echinacea compositum SN ampollas 100 uds.","robots":{"index":"index","follow":"follow","max-snippet":"max-snippet:-1","max-image-preview":"max-image-preview:large","max-video-preview":"max-video-preview:-1"},"canonical":"https:\/\/lions-pharmacy.com\/es\/producto\/equinacea-composico-sn-ampollas-100-pcs-01675556","og_locale":"es_ES","og_type":"article","og_title":"Echinacea compositum SN ampollas 100 uds. &#187; Lion Pharmacy &#187; ordene aqu\u00ed","og_description":"Farmacia en l\u00ednea alemana registrada. Env\u00edo internacional r\u00e1pido y compras seguras en l\u00ednea. Medicamentos para Heel: Echinacea compositum SN ampollas 100 uds.","og_url":"https:\/\/lions-pharmacy.com\/es\/producto\/equinacea-composico-sn-ampollas-100-pcs-01675556","og_site_name":"Lion Pharmacy","article_modified_time":"2025-01-24T19:25:05+00:00","og_image":[{"width":600,"height":600,"url":"https:\/\/lions-pharmacy.com\/wp-content\/uploads\/2023\/09\/Echinacea-compositum-SN-Ampullen-100-St.-Heel-Lowen-Apotheke-1.webp","type":"image\/webp"}],"twitter_card":"summary_large_image","twitter_misc":{"Tiempo de lectura":"1 minuto"},"schema":{"@context":"https:\/\/schema.org","@graph":[{"@type":"WebPage","@id":"https:\/\/lions-pharmacy.com\/es\/producto\/equinacea-composico-sn-ampollas-100-pcs-01675556","url":"https:\/\/lions-pharmacy.com\/es\/producto\/equinacea-composico-sn-ampollas-100-pcs-01675556","name":"Echinacea compositum SN ampollas 100 uds. &#187; Lion Pharmacy &#187; ordene aqu\u00ed","isPartOf":{"@id":"https:\/\/lions-pharmacy.com\/es#website"},"primaryImageOfPage":{"@id":"https:\/\/lions-pharmacy.com\/es\/producto\/equinacea-composico-sn-ampollas-100-pcs-01675556#primaryimage"},"image":{"@id":"https:\/\/lions-pharmacy.com\/es\/producto\/equinacea-composico-sn-ampollas-100-pcs-01675556#primaryimage"},"thumbnailUrl":"https:\/\/lions-pharmacy.com\/wp-content\/uploads\/2023\/09\/Echinacea-compositum-SN-Ampullen-100-St.-Heel-Lowen-Apotheke-1.webp","datePublished":"2023-11-14T09:33:32+00:00","dateModified":"2025-01-24T19:25:05+00:00","description":"Farmacia en l\u00ednea alemana registrada. Env\u00edo internacional r\u00e1pido y compras seguras en l\u00ednea. Medicamentos para Heel: Echinacea compositum SN ampollas 100 uds.","breadcrumb":{"@id":"https:\/\/lions-pharmacy.com\/es\/producto\/equinacea-composico-sn-ampollas-100-pcs-01675556#breadcrumb"},"inLanguage":"es","potentialAction":[{"@type":"ReadAction","target":["https:\/\/lions-pharmacy.com\/es\/producto\/equinacea-composico-sn-ampollas-100-pcs-01675556"]}]},{"@type":"ImageObject","inLanguage":"es","@id":"https:\/\/lions-pharmacy.com\/es\/producto\/equinacea-composico-sn-ampollas-100-pcs-01675556#primaryimage","url":"https:\/\/lions-pharmacy.com\/wp-content\/uploads\/2023\/09\/Echinacea-compositum-SN-Ampullen-100-St.-Heel-Lowen-Apotheke-1.webp","contentUrl":"https:\/\/lions-pharmacy.com\/wp-content\/uploads\/2023\/09\/Echinacea-compositum-SN-Ampullen-100-St.-Heel-Lowen-Apotheke-1.webp","width":600,"height":600,"caption":"Echinacea compositum SN Ampullen 100 St. Heel L\u00f6wen Apotheke"},{"@type":"BreadcrumbList","@id":"https:\/\/lions-pharmacy.com\/es\/producto\/equinacea-composico-sn-ampollas-100-pcs-01675556#breadcrumb","itemListElement":[{"@type":"ListItem","position":1,"name":"Home","item":"https:\/\/lions-pharmacy.com\/es\/homepage-lion-pharmacy"},{"@type":"ListItem","position":2,"name":"Shop","item":"https:\/\/lions-pharmacy.com\/es\/tienda"},{"@type":"ListItem","position":3,"name":"Echinacea compositum SN ampollas 100 uds."}]},{"@type":"WebSite","@id":"https:\/\/lions-pharmacy.com\/es#website","url":"https:\/\/lions-pharmacy.com\/es","name":"Lions Pharmacy","description":"Farmacia especializada en naturopat\u00eda de Baden-Baden, Alemania","publisher":{"@id":"https:\/\/lions-pharmacy.com\/es#organization"},"alternateName":"Lion Pharmacy","potentialAction":[{"@type":"SearchAction","target":{"@type":"EntryPoint","urlTemplate":"https:\/\/lions-pharmacy.com\/es?s={search_term_string}"},"query-input":{"@type":"PropertyValueSpecification","valueRequired":true,"valueName":"search_term_string"}}],"inLanguage":"es"},{"@type":"Organization","@id":"https:\/\/lions-pharmacy.com\/es#organization","name":"Lions Pharmacy","alternateName":"Lions Pharmacy24","url":"https:\/\/lions-pharmacy.com\/es","logo":{"@type":"ImageObject","inLanguage":"es","@id":"https:\/\/lions-pharmacy.com\/es#\/schema\/logo\/image\/","url":"https:\/\/lions-pharmacy.com\/wp-content\/uploads\/2022\/12\/Logo-Lion-Pharmacy-c-o-Loewen-Apotheke-smal.jpg","contentUrl":"https:\/\/lions-pharmacy.com\/wp-content\/uploads\/2022\/12\/Logo-Lion-Pharmacy-c-o-Loewen-Apotheke-smal.jpg","width":298,"height":99,"caption":"Lions Pharmacy"},"image":{"@id":"https:\/\/lions-pharmacy.com\/es#\/schema\/logo\/image\/"}}]}},"_links":{"self":[{"href":"https:\/\/lions-pharmacy.com\/es\/wp-json\/wp\/v2\/product\/2554","targetHints":{"allow":["GET"]}}],"collection":[{"href":"https:\/\/lions-pharmacy.com\/es\/wp-json\/wp\/v2\/product"}],"about":[{"href":"https:\/\/lions-pharmacy.com\/es\/wp-json\/wp\/v2\/types\/product"}],"replies":[{"embeddable":true,"href":"https:\/\/lions-pharmacy.com\/es\/wp-json\/wp\/v2\/comments?post=2554"}],"wp:featuredmedia":[{"embeddable":true,"href":"https:\/\/lions-pharmacy.com\/es\/wp-json\/wp\/v2\/media\/2210"}],"wp:attachment":[{"href":"https:\/\/lions-pharmacy.com\/es\/wp-json\/wp\/v2\/media?parent=2554"}],"wp:term":[{"taxonomy":"product_brand","embeddable":true,"href":"https:\/\/lions-pharmacy.com\/es\/wp-json\/wp\/v2\/product_brand?post=2554"},{"taxonomy":"product_cat","embeddable":true,"href":"https:\/\/lions-pharmacy.com\/es\/wp-json\/wp\/v2\/product_cat?post=2554"},{"taxonomy":"product_tag","embeddable":true,"href":"https:\/\/lions-pharmacy.com\/es\/wp-json\/wp\/v2\/product_tag?post=2554"}],"curies":[{"name":"wp","href":"https:\/\/api.w.org\/{rel}","templated":true}]}}