{"id":22154,"date":"2026-03-29T06:51:44","date_gmt":"2026-03-29T05:51:44","guid":{"rendered":"https:\/\/lions-pharmacy.com\/?post_type=product&#038;p=22154"},"modified":"2026-04-02T07:26:04","modified_gmt":"2026-04-02T06:26:04","slug":"zinzino-balanceoil-grapefruit-300-ml","status":"publish","type":"product","link":"https:\/\/lions-pharmacy.com\/es\/producto\/zinzino-balanceoil-grapefruit-300-ml","title":{"rendered":"ZINZINO BalanceOil+ Pomelo (300 ml)"},"content":{"rendered":"<h3>ZINZINO BalanceOil+ 300 ml<\/h3>\n<p>ZINZINO BalanceOil+ se ofrece en una gama de diferentes sabores naturales. Una mezcla de aceite de pescado puro procedente de peces peque\u00f1os capturados en estado salvaje con Omega-3 en su forma inalterada de triglic\u00e9ridos. El aceite de oliva virgen extra de primera calidad, procedente de aceitunas recolectadas previamente, mantiene frescos y potentes los nutrientes esenciales del Omega-3 para que tu organismo los absorba por completo.<\/p>\n<p>Uso recomendado: 0,15 ml por kilo de peso corporal. Ajusta el tama\u00f1o de la raci\u00f3n en funci\u00f3n del peso corporal; por ejemplo, adultos con un peso corporal de 50 kg: 7,5 ml diarios y adultos con un peso corporal de 80 kg: 12 ml diarios. No superes la dosis diaria recomendada. Un suplemento diet\u00e9tico no debe sustituir a una dieta variada y equilibrada y a un estilo de vida sano.<\/p>\n<p>Precauci\u00f3n: Si tomas medicamentos anticoagulantes, consulta a tu m\u00e9dico antes de utilizar BalanceOil+.<\/p>\n<p>\u00c1mbito de aplicaci\u00f3n: Ojos, funci\u00f3n cardiaca y circulatoria, sistema inmunitario, falta de concentraci\u00f3n, vitalidad<\/p>\n<h3>Detalles del producto e informaci\u00f3n obligatoria<\/h3>\n<p>Prospecto: &#8211; (lector de PDF) e Informaci\u00f3n alimentaria.<\/p>\n<p>Ingredientes: Informaci\u00f3n nutricional y contenido de: 12 ml, Aceite de pescado 6627 mg, \u00c1cidos grasos Omega-3 2478 mg, de los cuales C20:5 EPA 1283 mg, de los cuales C22:6 DHA 683 mg, Aceite de oliva 4092 mg, de los cuales \u00e1cidos grasos (Omega-9) 3069 mg, de los cuales polifenoles 3,5 mg, Vitamina D3 20 \u00b5g<\/p>\n<p>M\u00e1s informaci\u00f3n sobre el fabricante y este producto: <a href=\"https:\/\/www.zinzino.com\/shop\/2020670485\/DE\/de-DE\/products\/shop\" target=\"_blank\" rel=\"noopener\">Zinzino<\/a> (enlace a un sitio web externo)<\/p>\n<p>La informaci\u00f3n contenida en este sitio web se facilita \u00fanicamente con fines informativos. En ning\u00fan caso sustituyen al examen y tratamiento por un m\u00e9dico. Tenga en cuenta que esto significa que no se pueden hacer diagn\u00f3sticos ni iniciar terapias. Importaci\u00f3n \u00fanica &#8211; Importamos este medicamento por ti. El resultado es un plazo de entrega m\u00e1s largo. Se excluyen las devoluciones de importaciones individuales.<\/p>\n<p>Para conocer los riesgos y efectos secundarios, lea el prospecto y consulte a su m\u00e9dico o farmac\u00e9utico.<\/p>\n<h4><\/h4>\n<h3>Consejo experto de la farmacia:<\/h3>\n<p>Nuestro farmac\u00e9utico recomienda lo siguiente para la longevidad, la concentraci\u00f3n y el estr\u00e9s: <a href=\"https:\/\/lions-pharmacy.com\/es\/producto\/neurapas-balance-100-uds-4150014981430\">Neurapas equilibrio<\/a> &#8211; de eficacia probada y espec\u00edfica.<\/p>\n<p>Otros productos para la aplicaci\u00f3n: <a href=\"https:\/\/lions-pharmacy.com\/es\/etiqueta-producto\/vitaminas-y-suplementos\">Vitaminas y complementos<\/a> | <a href=\"https:\/\/lions-pharmacy.com\/es\/etiqueta-producto\/remedios-naturales\" rel=\"tag\">Remedios naturales<\/a> | <a href=\"https:\/\/lions-pharmacy.com\/es\/etiqueta-producto\/bienestar\" rel=\"tag\">Bienestar<\/a><\/p>\n<h3>\u00bfPreguntas sobre el producto? \u00a1Estamos a tu disposici\u00f3n!<\/h3>\n<p>Nuestra farmac\u00e9utica responsable, la Dra. Sandra Hoff, y su equipo estar\u00e1n encantados de asesorarte personalmente, por tel\u00e9fono o correo electr\u00f3nico. Como aut\u00e9ntica farmacia local y farmacia autorizada de venta por correspondencia, te ofrecemos un apoyo competente, especialmente en los \u00e1mbitos de <a href=\"https:\/\/lions-pharmacy.com\/es\/etiqueta-producto\/remedios-naturales\">la naturopat\u00eda<\/a> y <a href=\"https:\/\/lions-pharmacy.com\/es\/etiqueta-producto\/vitaminas-y-suplementos\">los complementos diet\u00e9ticos<\/a>. Puedes encontrar nuestra autorizaci\u00f3n como entrada en el <a href=\"https:\/\/versandhandel.dimdi.de\/websearch\/servlet\/Gate;jsessionid=0D29D15655BE1174E9178A340E8FE6BC?accessid=dimdi_var&amp;term=3c387956690121ccc8763184f052b93f\" target=\"_blank\" rel=\"noopener\">registro de pedidos por correo<\/a>.<\/p>\n<h3>Canjear una receta o receta electr\u00f3nica:<\/h3>\n<p>\u00bfTienes receta o receta electr\u00f3nica? Env\u00edala c\u00f3modamente a trav\u00e9s de nuestra aplicaci\u00f3n <a href=\"https:\/\/e-rezept-app.de\/shop-rezept\" target=\"_blank\" rel=\"noopener\">de receta electr\u00f3nica<\/a>; tambi\u00e9n son posibles las recetas privadas para aut\u00f3nomos. R\u00e1pido, seguro y f\u00e1cil.<\/p>\n","protected":false},"excerpt":{"rendered":"<h2>ZINZINO BalanceOil+<\/h2>\n<p>\u00c1cidos grasos omega-3 EPA y DHA: pueden contribuir al funcionamiento normal del coraz\u00f3n con una ingesta diaria de 250 mg. Sabor: Pomelo &#8211; Lim\u00f3n<\/p>\n<p>&nbsp;<\/p>\n<p><strong>PZN<\/strong>: 08000051 (N\u00famero Central Farmac\u00e9utico)<\/p>\n<p><strong>Forma farmac\u00e9utica<\/strong>: l\u00edquido<\/p>\n<p><strong>Tipo de receta<\/strong>: sin receta<\/p>\n<p><strong>Marca<\/strong>: Zinzino<\/p>\n<p><strong>Fabricante<\/strong>: Zinzino AB, Gotenbourg, Suecia.<\/p>\n","protected":false},"featured_media":21491,"comment_status":"closed","ping_status":"closed","template":"","meta":[],"product_brand":[905],"product_cat":[116],"product_tag":[299,273,490,516,275,488,272],"class_list":{"0":"post-22154","1":"product","2":"type-product","3":"status-publish","4":"has-post-thumbnail","6":"product_brand-zinzino","7":"product_cat-sin-categorizar","8":"product_tag-concentracion-y-estres","9":"product_tag-control-de-peso","10":"product_tag-ingrediente-activo-a-base-de-hierbas","11":"product_tag-ingrediente-activo-de-origen-vegetal","12":"product_tag-peso-y-forma-fisica","13":"product_tag-remedios-naturales","14":"product_tag-vitaminas-y-suplementos","15":"ts_product_brand-all-es","17":"first","18":"instock","19":"taxable","20":"shipping-taxable","21":"purchasable","22":"product-type-simple"},"yoast_head":"<!-- This site is optimized with the Yoast SEO plugin v26.5 - https:\/\/yoast.com\/wordpress\/plugins\/seo\/ -->\n<title>ZINZINO BalanceOil+ Pomelo (300 ml) &#187; Ordene aqu\u00ed<\/title>\n<meta name=\"description\" content=\"Aceite Omega-3: rico en EPA y DHA. M\u00e1s informaci\u00f3n sobre ZINZINO BalanceOil+ Pomelo (300 ml). Te ofrecemos: Env\u00edo r\u00e1pido y compra segura en l\u00ednea.\" \/>\n<meta name=\"robots\" content=\"index, follow, max-snippet:-1, max-image-preview:large, max-video-preview:-1\" \/>\n<link rel=\"canonical\" href=\"https:\/\/lions-pharmacy.com\/es\/producto\/zinzino-balanceoil-grapefruit-300-ml\" \/>\n<meta property=\"og:locale\" content=\"es_ES\" \/>\n<meta property=\"og:type\" content=\"article\" \/>\n<meta property=\"og:title\" content=\"ZINZINO BalanceOil+ Pomelo (300 ml) &#187; Ordene aqu\u00ed\" \/>\n<meta property=\"og:description\" content=\"Aceite Omega-3: rico en EPA y DHA. M\u00e1s informaci\u00f3n sobre ZINZINO BalanceOil+ Pomelo (300 ml). Te ofrecemos: Env\u00edo r\u00e1pido y compra segura en l\u00ednea.\" \/>\n<meta property=\"og:url\" content=\"https:\/\/lions-pharmacy.com\/es\/producto\/zinzino-balanceoil-grapefruit-300-ml\" \/>\n<meta property=\"og:site_name\" content=\"Lion Pharmacy\" \/>\n<meta property=\"article:modified_time\" content=\"2026-04-02T06:26:04+00:00\" \/>\n<meta property=\"og:image\" content=\"https:\/\/lions-pharmacy.com\/wp-content\/uploads\/2025\/12\/Zinzino-balanceoil-with-omega-3.webp\" \/>\n\t<meta property=\"og:image:width\" content=\"600\" \/>\n\t<meta property=\"og:image:height\" content=\"600\" \/>\n\t<meta property=\"og:image:type\" content=\"image\/webp\" \/>\n<meta name=\"twitter:card\" content=\"summary_large_image\" \/>\n<meta name=\"twitter:label1\" content=\"Tiempo de lectura\" \/>\n\t<meta name=\"twitter:data1\" content=\"3 minutos\" \/>\n<script type=\"application\/ld+json\" class=\"yoast-schema-graph\">{\"@context\":\"https:\/\/schema.org\",\"@graph\":[{\"@type\":\"WebPage\",\"@id\":\"https:\/\/lions-pharmacy.com\/es\/producto\/zinzino-balanceoil-grapefruit-300-ml\",\"url\":\"https:\/\/lions-pharmacy.com\/es\/producto\/zinzino-balanceoil-grapefruit-300-ml\",\"name\":\"ZINZINO BalanceOil+ Pomelo (300 ml) &#187; Ordene aqu\u00ed\",\"isPartOf\":{\"@id\":\"https:\/\/lions-pharmacy.com\/es#website\"},\"primaryImageOfPage\":{\"@id\":\"https:\/\/lions-pharmacy.com\/es\/producto\/zinzino-balanceoil-grapefruit-300-ml#primaryimage\"},\"image\":{\"@id\":\"https:\/\/lions-pharmacy.com\/es\/producto\/zinzino-balanceoil-grapefruit-300-ml#primaryimage\"},\"thumbnailUrl\":\"https:\/\/lions-pharmacy.com\/wp-content\/uploads\/2025\/12\/Zinzino-balanceoil-with-omega-3.webp\",\"datePublished\":\"2026-03-29T05:51:44+00:00\",\"dateModified\":\"2026-04-02T06:26:04+00:00\",\"description\":\"Aceite Omega-3: rico en EPA y DHA. M\u00e1s informaci\u00f3n sobre ZINZINO BalanceOil+ Pomelo (300 ml). Te ofrecemos: Env\u00edo r\u00e1pido y compra segura en l\u00ednea.\",\"breadcrumb\":{\"@id\":\"https:\/\/lions-pharmacy.com\/es\/producto\/zinzino-balanceoil-grapefruit-300-ml#breadcrumb\"},\"inLanguage\":\"es\",\"potentialAction\":[{\"@type\":\"ReadAction\",\"target\":[\"https:\/\/lions-pharmacy.com\/es\/producto\/zinzino-balanceoil-grapefruit-300-ml\"]}]},{\"@type\":\"ImageObject\",\"inLanguage\":\"es\",\"@id\":\"https:\/\/lions-pharmacy.com\/es\/producto\/zinzino-balanceoil-grapefruit-300-ml#primaryimage\",\"url\":\"https:\/\/lions-pharmacy.com\/wp-content\/uploads\/2025\/12\/Zinzino-balanceoil-with-omega-3.webp\",\"contentUrl\":\"https:\/\/lions-pharmacy.com\/wp-content\/uploads\/2025\/12\/Zinzino-balanceoil-with-omega-3.webp\",\"width\":600,\"height\":600,\"caption\":\"Zinzino balanceoil con omega-3\"},{\"@type\":\"BreadcrumbList\",\"@id\":\"https:\/\/lions-pharmacy.com\/es\/producto\/zinzino-balanceoil-grapefruit-300-ml#breadcrumb\",\"itemListElement\":[{\"@type\":\"ListItem\",\"position\":1,\"name\":\"Home\",\"item\":\"https:\/\/lions-pharmacy.com\/es\/homepage-lion-pharmacy\"},{\"@type\":\"ListItem\",\"position\":2,\"name\":\"Shop\",\"item\":\"https:\/\/lions-pharmacy.com\/es\/tienda\"},{\"@type\":\"ListItem\",\"position\":3,\"name\":\"ZINZINO BalanceOil+ Pomelo (300 ml)\"}]},{\"@type\":\"WebSite\",\"@id\":\"https:\/\/lions-pharmacy.com\/es#website\",\"url\":\"https:\/\/lions-pharmacy.com\/es\",\"name\":\"Lions Pharmacy\",\"description\":\"Farmacia especializada en naturopat\u00eda de Baden-Baden, Alemania\",\"publisher\":{\"@id\":\"https:\/\/lions-pharmacy.com\/es#organization\"},\"alternateName\":\"Lion Pharmacy\",\"potentialAction\":[{\"@type\":\"SearchAction\",\"target\":{\"@type\":\"EntryPoint\",\"urlTemplate\":\"https:\/\/lions-pharmacy.com\/es?s={search_term_string}\"},\"query-input\":{\"@type\":\"PropertyValueSpecification\",\"valueRequired\":true,\"valueName\":\"search_term_string\"}}],\"inLanguage\":\"es\"},{\"@type\":\"Organization\",\"@id\":\"https:\/\/lions-pharmacy.com\/es#organization\",\"name\":\"Lions Pharmacy\",\"alternateName\":\"Lions Pharmacy24\",\"url\":\"https:\/\/lions-pharmacy.com\/es\",\"logo\":{\"@type\":\"ImageObject\",\"inLanguage\":\"es\",\"@id\":\"https:\/\/lions-pharmacy.com\/es#\/schema\/logo\/image\/\",\"url\":\"https:\/\/lions-pharmacy.com\/wp-content\/uploads\/2022\/12\/Logo-Lion-Pharmacy-c-o-Loewen-Apotheke-smal.jpg\",\"contentUrl\":\"https:\/\/lions-pharmacy.com\/wp-content\/uploads\/2022\/12\/Logo-Lion-Pharmacy-c-o-Loewen-Apotheke-smal.jpg\",\"width\":298,\"height\":99,\"caption\":\"Lions Pharmacy\"},\"image\":{\"@id\":\"https:\/\/lions-pharmacy.com\/es#\/schema\/logo\/image\/\"}}]}<\/script>\n<!-- \/ Yoast SEO plugin. -->","yoast_head_json":{"title":"ZINZINO BalanceOil+ Pomelo (300 ml) &#187; Ordene aqu\u00ed","description":"Aceite Omega-3: rico en EPA y DHA. M\u00e1s informaci\u00f3n sobre ZINZINO BalanceOil+ Pomelo (300 ml). Te ofrecemos: Env\u00edo r\u00e1pido y compra segura en l\u00ednea.","robots":{"index":"index","follow":"follow","max-snippet":"max-snippet:-1","max-image-preview":"max-image-preview:large","max-video-preview":"max-video-preview:-1"},"canonical":"https:\/\/lions-pharmacy.com\/es\/producto\/zinzino-balanceoil-grapefruit-300-ml","og_locale":"es_ES","og_type":"article","og_title":"ZINZINO BalanceOil+ Pomelo (300 ml) &#187; Ordene aqu\u00ed","og_description":"Aceite Omega-3: rico en EPA y DHA. M\u00e1s informaci\u00f3n sobre ZINZINO BalanceOil+ Pomelo (300 ml). Te ofrecemos: Env\u00edo r\u00e1pido y compra segura en l\u00ednea.","og_url":"https:\/\/lions-pharmacy.com\/es\/producto\/zinzino-balanceoil-grapefruit-300-ml","og_site_name":"Lion Pharmacy","article_modified_time":"2026-04-02T06:26:04+00:00","og_image":[{"width":600,"height":600,"url":"https:\/\/lions-pharmacy.com\/wp-content\/uploads\/2025\/12\/Zinzino-balanceoil-with-omega-3.webp","type":"image\/webp"}],"twitter_card":"summary_large_image","twitter_misc":{"Tiempo de lectura":"3 minutos"},"schema":{"@context":"https:\/\/schema.org","@graph":[{"@type":"WebPage","@id":"https:\/\/lions-pharmacy.com\/es\/producto\/zinzino-balanceoil-grapefruit-300-ml","url":"https:\/\/lions-pharmacy.com\/es\/producto\/zinzino-balanceoil-grapefruit-300-ml","name":"ZINZINO BalanceOil+ Pomelo (300 ml) &#187; Ordene aqu\u00ed","isPartOf":{"@id":"https:\/\/lions-pharmacy.com\/es#website"},"primaryImageOfPage":{"@id":"https:\/\/lions-pharmacy.com\/es\/producto\/zinzino-balanceoil-grapefruit-300-ml#primaryimage"},"image":{"@id":"https:\/\/lions-pharmacy.com\/es\/producto\/zinzino-balanceoil-grapefruit-300-ml#primaryimage"},"thumbnailUrl":"https:\/\/lions-pharmacy.com\/wp-content\/uploads\/2025\/12\/Zinzino-balanceoil-with-omega-3.webp","datePublished":"2026-03-29T05:51:44+00:00","dateModified":"2026-04-02T06:26:04+00:00","description":"Aceite Omega-3: rico en EPA y DHA. M\u00e1s informaci\u00f3n sobre ZINZINO BalanceOil+ Pomelo (300 ml). Te ofrecemos: Env\u00edo r\u00e1pido y compra segura en l\u00ednea.","breadcrumb":{"@id":"https:\/\/lions-pharmacy.com\/es\/producto\/zinzino-balanceoil-grapefruit-300-ml#breadcrumb"},"inLanguage":"es","potentialAction":[{"@type":"ReadAction","target":["https:\/\/lions-pharmacy.com\/es\/producto\/zinzino-balanceoil-grapefruit-300-ml"]}]},{"@type":"ImageObject","inLanguage":"es","@id":"https:\/\/lions-pharmacy.com\/es\/producto\/zinzino-balanceoil-grapefruit-300-ml#primaryimage","url":"https:\/\/lions-pharmacy.com\/wp-content\/uploads\/2025\/12\/Zinzino-balanceoil-with-omega-3.webp","contentUrl":"https:\/\/lions-pharmacy.com\/wp-content\/uploads\/2025\/12\/Zinzino-balanceoil-with-omega-3.webp","width":600,"height":600,"caption":"Zinzino balanceoil con omega-3"},{"@type":"BreadcrumbList","@id":"https:\/\/lions-pharmacy.com\/es\/producto\/zinzino-balanceoil-grapefruit-300-ml#breadcrumb","itemListElement":[{"@type":"ListItem","position":1,"name":"Home","item":"https:\/\/lions-pharmacy.com\/es\/homepage-lion-pharmacy"},{"@type":"ListItem","position":2,"name":"Shop","item":"https:\/\/lions-pharmacy.com\/es\/tienda"},{"@type":"ListItem","position":3,"name":"ZINZINO BalanceOil+ Pomelo (300 ml)"}]},{"@type":"WebSite","@id":"https:\/\/lions-pharmacy.com\/es#website","url":"https:\/\/lions-pharmacy.com\/es","name":"Lions Pharmacy","description":"Farmacia especializada en naturopat\u00eda de Baden-Baden, Alemania","publisher":{"@id":"https:\/\/lions-pharmacy.com\/es#organization"},"alternateName":"Lion Pharmacy","potentialAction":[{"@type":"SearchAction","target":{"@type":"EntryPoint","urlTemplate":"https:\/\/lions-pharmacy.com\/es?s={search_term_string}"},"query-input":{"@type":"PropertyValueSpecification","valueRequired":true,"valueName":"search_term_string"}}],"inLanguage":"es"},{"@type":"Organization","@id":"https:\/\/lions-pharmacy.com\/es#organization","name":"Lions Pharmacy","alternateName":"Lions Pharmacy24","url":"https:\/\/lions-pharmacy.com\/es","logo":{"@type":"ImageObject","inLanguage":"es","@id":"https:\/\/lions-pharmacy.com\/es#\/schema\/logo\/image\/","url":"https:\/\/lions-pharmacy.com\/wp-content\/uploads\/2022\/12\/Logo-Lion-Pharmacy-c-o-Loewen-Apotheke-smal.jpg","contentUrl":"https:\/\/lions-pharmacy.com\/wp-content\/uploads\/2022\/12\/Logo-Lion-Pharmacy-c-o-Loewen-Apotheke-smal.jpg","width":298,"height":99,"caption":"Lions Pharmacy"},"image":{"@id":"https:\/\/lions-pharmacy.com\/es#\/schema\/logo\/image\/"}}]}},"_links":{"self":[{"href":"https:\/\/lions-pharmacy.com\/es\/wp-json\/wp\/v2\/product\/22154","targetHints":{"allow":["GET"]}}],"collection":[{"href":"https:\/\/lions-pharmacy.com\/es\/wp-json\/wp\/v2\/product"}],"about":[{"href":"https:\/\/lions-pharmacy.com\/es\/wp-json\/wp\/v2\/types\/product"}],"replies":[{"embeddable":true,"href":"https:\/\/lions-pharmacy.com\/es\/wp-json\/wp\/v2\/comments?post=22154"}],"wp:featuredmedia":[{"embeddable":true,"href":"https:\/\/lions-pharmacy.com\/es\/wp-json\/wp\/v2\/media\/21491"}],"wp:attachment":[{"href":"https:\/\/lions-pharmacy.com\/es\/wp-json\/wp\/v2\/media?parent=22154"}],"wp:term":[{"taxonomy":"product_brand","embeddable":true,"href":"https:\/\/lions-pharmacy.com\/es\/wp-json\/wp\/v2\/product_brand?post=22154"},{"taxonomy":"product_cat","embeddable":true,"href":"https:\/\/lions-pharmacy.com\/es\/wp-json\/wp\/v2\/product_cat?post=22154"},{"taxonomy":"product_tag","embeddable":true,"href":"https:\/\/lions-pharmacy.com\/es\/wp-json\/wp\/v2\/product_tag?post=22154"}],"curies":[{"name":"wp","href":"https:\/\/api.w.org\/{rel}","templated":true}]}}