{"id":21733,"date":"2026-03-16T06:26:33","date_gmt":"2026-03-16T05:26:33","guid":{"rendered":"https:\/\/lions-pharmacy.com\/?post_type=product&#038;p=21733"},"modified":"2026-03-16T09:18:53","modified_gmt":"2026-03-16T08:18:53","slug":"carmenthin-softgels-14-pcs-10327601","status":"publish","type":"product","link":"https:\/\/lions-pharmacy.com\/es\/producto\/carmenthin-softgels-14-pcs-10327601","title":{"rendered":"Carmentina C\u00e1psulas 14 unid."},"content":{"rendered":"<h3 style=\"text-align: left;\">Carmentina C\u00e1psulas Blandas<\/h3>\n<p>Las c\u00e1psulas blandas de carmentina son efectivas para los calambres abdominales, la flatulencia y la hinchaz\u00f3n.<\/p>\n<p>Ya sea flatulencia o hinchaz\u00f3n, hinchaz\u00f3n o dolor abdominal: los problemas gastrointestinales se encuentran entre las quejas cotidianas m\u00e1s comunes. El d\u00eda a d\u00eda, el trabajo y la vida familiar suelen ser agitados. Las personas a menudo comen de forma paralela y recurren a comidas r\u00e1pidas con alto contenido de grasa y az\u00facar. Si adem\u00e1s hay presi\u00f3n para tener \u00e9xito, plazos y muy poco ejercicio, la vida cotidiana a menudo nos golpea en el est\u00f3mago y los intestinos. Las consecuencias son problemas digestivos como flatulencias, hinchaz\u00f3n o dolor abdominal.<\/p>\n<p>Puede encontrar m\u00e1s detalles del producto del fabricante: <a href=\"https:\/\/www.carmenthin.de\" target=\"_blank\" rel=\"noopener\">Dr. Willmar Schwabe GmbH &amp; Co. KG<\/a><\/p>\n<p>Los clientes de Carmenthin tambi\u00e9n est\u00e1n interesados en productos relacionados con: <a href=\"\/de?product_tag=blaehungen\">Digesti\u00f3n, Flatulencias<\/a> | <a href=\"\/de?product_tag=reiseapotheke\">Botiqu\u00edn <\/a> <\/p>\n<p>La informaci\u00f3n contenida en este sitio web se facilita \u00fanicamente con fines informativos. En ning\u00fan caso sustituyen al examen y tratamiento por un m\u00e9dico. Tenga en cuenta que esto significa que no se pueden hacer diagn\u00f3sticos ni iniciar terapias.<\/p>\n<p>Para conocer los riesgos y efectos secundarios, lea el prospecto y consulte a su m\u00e9dico o farmac\u00e9utico.<\/p>\n<h3>Prescripci\u00f3n | \u00bfReceta electr\u00f3nica disponible?<\/h3>\n<p>Env\u00ede su receta electr\u00f3nica ahora. Utilice nuestra aplicaci\u00f3n <a href=\"https:\/\/e-rezept-app.de\/shop-rezept\" target=\"_blank\" rel=\"noopener\">de recetas electr\u00f3nicas<\/a> . \u00a1Y te damos los gastos de env\u00edo gratis en Alemania!<\/p>\n","protected":false},"excerpt":{"rendered":"<h2>Carmenthin C\u00e1psulas Blandas<\/h2>\n<p>La carmentina\u00ae es eficaz para los calambres abdominales, la flatulencia y la hinchaz\u00f3n<\/p>\n<p>&nbsp;<\/p>\n<p><strong>PZN:<\/strong> 10327601 (N\u00famero Farmac\u00e9utico Central)<\/p>\n<p><strong>Forma farmac\u00e9utica<\/strong>: c\u00e1psulas<\/p>\n<p><strong>Tipo de receta<\/strong>: sin receta<\/p>\n<p><strong>Fabricantes<\/strong>: Dr. Willmar Schwabe GmbH &amp; Co. KG<\/p>\n<p><strong>Tama\u00f1o del paquete<\/strong>: 14 unidades.<\/p>\n","protected":false},"featured_media":4314,"comment_status":"closed","ping_status":"closed","template":"","meta":[],"product_brand":[],"product_cat":[463,125,116],"product_tag":[516,488],"class_list":{"0":"post-21733","1":"product","2":"type-product","3":"status-publish","4":"has-post-thumbnail","6":"product_cat-dr-schwabe-es","7":"product_cat-sale-es","8":"product_cat-sin-categorizar","9":"product_tag-ingrediente-activo-de-origen-vegetal","10":"product_tag-remedios-naturales","11":"ts_product_brand-all-es","12":"ts_product_brand-dr-schwabe-es","14":"first","15":"instock","16":"sale","17":"taxable","18":"shipping-taxable","19":"purchasable","20":"product-type-simple"},"yoast_head":"<!-- This site is optimized with the Yoast SEO plugin v26.5 - https:\/\/yoast.com\/wordpress\/plugins\/seo\/ -->\n<title>Carmentina C\u00e1psulas 14 unid. , Dr. Schwabe &#187; orden aqu\u00ed: Lion Pharmacy<\/title>\n<meta name=\"description\" content=\"Digesti\u00f3n, Flatulencia: Carmentina C\u00e1psulas 14 unid.. Farmacia en l\u00ednea alemana registrada. Ofrecemos env\u00edos internacionales r\u00e1pidos y una c\u00f3moda compra en l\u00ednea\" \/>\n<meta name=\"robots\" content=\"index, follow, max-snippet:-1, max-image-preview:large, max-video-preview:-1\" \/>\n<link rel=\"canonical\" href=\"https:\/\/lions-pharmacy.com\/es\/producto\/carmenthin-softgels-14-pcs-10327601\" \/>\n<meta property=\"og:locale\" content=\"es_ES\" \/>\n<meta property=\"og:type\" content=\"article\" \/>\n<meta property=\"og:title\" content=\"Carmentina C\u00e1psulas 14 unid. , Dr. Schwabe &#187; orden aqu\u00ed: Lion Pharmacy\" \/>\n<meta property=\"og:description\" content=\"Digesti\u00f3n, Flatulencia: Carmentina C\u00e1psulas 14 unid.. Farmacia en l\u00ednea alemana registrada. Ofrecemos env\u00edos internacionales r\u00e1pidos y una c\u00f3moda compra en l\u00ednea\" \/>\n<meta property=\"og:url\" content=\"https:\/\/lions-pharmacy.com\/es\/producto\/carmenthin-softgels-14-pcs-10327601\" \/>\n<meta property=\"og:site_name\" content=\"Lion Pharmacy\" \/>\n<meta property=\"article:modified_time\" content=\"2026-03-16T08:18:53+00:00\" \/>\n<meta property=\"og:image\" content=\"https:\/\/lions-pharmacy.com\/wp-content\/uploads\/2024\/09\/Carmenthin.webp\" \/>\n\t<meta property=\"og:image:width\" content=\"600\" \/>\n\t<meta property=\"og:image:height\" content=\"600\" \/>\n\t<meta property=\"og:image:type\" content=\"image\/webp\" \/>\n<meta name=\"twitter:card\" content=\"summary_large_image\" \/>\n<meta name=\"twitter:label1\" content=\"Tiempo de lectura\" \/>\n\t<meta name=\"twitter:data1\" content=\"1 minuto\" \/>\n<script type=\"application\/ld+json\" class=\"yoast-schema-graph\">{\"@context\":\"https:\/\/schema.org\",\"@graph\":[{\"@type\":\"WebPage\",\"@id\":\"https:\/\/lions-pharmacy.com\/es\/producto\/carmenthin-softgels-14-pcs-10327601\",\"url\":\"https:\/\/lions-pharmacy.com\/es\/producto\/carmenthin-softgels-14-pcs-10327601\",\"name\":\"Carmentina C\u00e1psulas 14 unid. , Dr. Schwabe &#187; orden aqu\u00ed: Lion Pharmacy\",\"isPartOf\":{\"@id\":\"https:\/\/lions-pharmacy.com\/es#website\"},\"primaryImageOfPage\":{\"@id\":\"https:\/\/lions-pharmacy.com\/es\/producto\/carmenthin-softgels-14-pcs-10327601#primaryimage\"},\"image\":{\"@id\":\"https:\/\/lions-pharmacy.com\/es\/producto\/carmenthin-softgels-14-pcs-10327601#primaryimage\"},\"thumbnailUrl\":\"https:\/\/lions-pharmacy.com\/wp-content\/uploads\/2024\/09\/Carmenthin.webp\",\"datePublished\":\"2026-03-16T05:26:33+00:00\",\"dateModified\":\"2026-03-16T08:18:53+00:00\",\"description\":\"Digesti\u00f3n, Flatulencia: Carmentina C\u00e1psulas 14 unid.. Farmacia en l\u00ednea alemana registrada. Ofrecemos env\u00edos internacionales r\u00e1pidos y una c\u00f3moda compra en l\u00ednea\",\"breadcrumb\":{\"@id\":\"https:\/\/lions-pharmacy.com\/es\/producto\/carmenthin-softgels-14-pcs-10327601#breadcrumb\"},\"inLanguage\":\"es\",\"potentialAction\":[{\"@type\":\"ReadAction\",\"target\":[\"https:\/\/lions-pharmacy.com\/es\/producto\/carmenthin-softgels-14-pcs-10327601\"]}]},{\"@type\":\"ImageObject\",\"inLanguage\":\"es\",\"@id\":\"https:\/\/lions-pharmacy.com\/es\/producto\/carmenthin-softgels-14-pcs-10327601#primaryimage\",\"url\":\"https:\/\/lions-pharmacy.com\/wp-content\/uploads\/2024\/09\/Carmenthin.webp\",\"contentUrl\":\"https:\/\/lions-pharmacy.com\/wp-content\/uploads\/2024\/09\/Carmenthin.webp\",\"width\":600,\"height\":600,\"caption\":\"Carmentina 42 uds. 10327618 Schwabe Farmacia de los Leones\"},{\"@type\":\"BreadcrumbList\",\"@id\":\"https:\/\/lions-pharmacy.com\/es\/producto\/carmenthin-softgels-14-pcs-10327601#breadcrumb\",\"itemListElement\":[{\"@type\":\"ListItem\",\"position\":1,\"name\":\"Home\",\"item\":\"https:\/\/lions-pharmacy.com\/es\/homepage-lion-pharmacy\"},{\"@type\":\"ListItem\",\"position\":2,\"name\":\"Shop\",\"item\":\"https:\/\/lions-pharmacy.com\/es\/tienda\"},{\"@type\":\"ListItem\",\"position\":3,\"name\":\"Carmentina C\u00e1psulas 14 unid.\"}]},{\"@type\":\"WebSite\",\"@id\":\"https:\/\/lions-pharmacy.com\/es#website\",\"url\":\"https:\/\/lions-pharmacy.com\/es\",\"name\":\"Lions Pharmacy\",\"description\":\"Farmacia especializada en naturopat\u00eda de Baden-Baden, Alemania\",\"publisher\":{\"@id\":\"https:\/\/lions-pharmacy.com\/es#organization\"},\"alternateName\":\"Lion Pharmacy\",\"potentialAction\":[{\"@type\":\"SearchAction\",\"target\":{\"@type\":\"EntryPoint\",\"urlTemplate\":\"https:\/\/lions-pharmacy.com\/es?s={search_term_string}\"},\"query-input\":{\"@type\":\"PropertyValueSpecification\",\"valueRequired\":true,\"valueName\":\"search_term_string\"}}],\"inLanguage\":\"es\"},{\"@type\":\"Organization\",\"@id\":\"https:\/\/lions-pharmacy.com\/es#organization\",\"name\":\"Lions Pharmacy\",\"alternateName\":\"Lions Pharmacy24\",\"url\":\"https:\/\/lions-pharmacy.com\/es\",\"logo\":{\"@type\":\"ImageObject\",\"inLanguage\":\"es\",\"@id\":\"https:\/\/lions-pharmacy.com\/es#\/schema\/logo\/image\/\",\"url\":\"https:\/\/lions-pharmacy.com\/wp-content\/uploads\/2022\/12\/Logo-Lion-Pharmacy-c-o-Loewen-Apotheke-smal.jpg\",\"contentUrl\":\"https:\/\/lions-pharmacy.com\/wp-content\/uploads\/2022\/12\/Logo-Lion-Pharmacy-c-o-Loewen-Apotheke-smal.jpg\",\"width\":298,\"height\":99,\"caption\":\"Lions Pharmacy\"},\"image\":{\"@id\":\"https:\/\/lions-pharmacy.com\/es#\/schema\/logo\/image\/\"}}]}<\/script>\n<!-- \/ Yoast SEO plugin. -->","yoast_head_json":{"title":"Carmentina C\u00e1psulas 14 unid. , Dr. Schwabe &#187; orden aqu\u00ed: Lion Pharmacy","description":"Digesti\u00f3n, Flatulencia: Carmentina C\u00e1psulas 14 unid.. Farmacia en l\u00ednea alemana registrada. Ofrecemos env\u00edos internacionales r\u00e1pidos y una c\u00f3moda compra en l\u00ednea","robots":{"index":"index","follow":"follow","max-snippet":"max-snippet:-1","max-image-preview":"max-image-preview:large","max-video-preview":"max-video-preview:-1"},"canonical":"https:\/\/lions-pharmacy.com\/es\/producto\/carmenthin-softgels-14-pcs-10327601","og_locale":"es_ES","og_type":"article","og_title":"Carmentina C\u00e1psulas 14 unid. , Dr. Schwabe &#187; orden aqu\u00ed: Lion Pharmacy","og_description":"Digesti\u00f3n, Flatulencia: Carmentina C\u00e1psulas 14 unid.. Farmacia en l\u00ednea alemana registrada. Ofrecemos env\u00edos internacionales r\u00e1pidos y una c\u00f3moda compra en l\u00ednea","og_url":"https:\/\/lions-pharmacy.com\/es\/producto\/carmenthin-softgels-14-pcs-10327601","og_site_name":"Lion Pharmacy","article_modified_time":"2026-03-16T08:18:53+00:00","og_image":[{"width":600,"height":600,"url":"https:\/\/lions-pharmacy.com\/wp-content\/uploads\/2024\/09\/Carmenthin.webp","type":"image\/webp"}],"twitter_card":"summary_large_image","twitter_misc":{"Tiempo de lectura":"1 minuto"},"schema":{"@context":"https:\/\/schema.org","@graph":[{"@type":"WebPage","@id":"https:\/\/lions-pharmacy.com\/es\/producto\/carmenthin-softgels-14-pcs-10327601","url":"https:\/\/lions-pharmacy.com\/es\/producto\/carmenthin-softgels-14-pcs-10327601","name":"Carmentina C\u00e1psulas 14 unid. , Dr. Schwabe &#187; orden aqu\u00ed: Lion Pharmacy","isPartOf":{"@id":"https:\/\/lions-pharmacy.com\/es#website"},"primaryImageOfPage":{"@id":"https:\/\/lions-pharmacy.com\/es\/producto\/carmenthin-softgels-14-pcs-10327601#primaryimage"},"image":{"@id":"https:\/\/lions-pharmacy.com\/es\/producto\/carmenthin-softgels-14-pcs-10327601#primaryimage"},"thumbnailUrl":"https:\/\/lions-pharmacy.com\/wp-content\/uploads\/2024\/09\/Carmenthin.webp","datePublished":"2026-03-16T05:26:33+00:00","dateModified":"2026-03-16T08:18:53+00:00","description":"Digesti\u00f3n, Flatulencia: Carmentina C\u00e1psulas 14 unid.. Farmacia en l\u00ednea alemana registrada. Ofrecemos env\u00edos internacionales r\u00e1pidos y una c\u00f3moda compra en l\u00ednea","breadcrumb":{"@id":"https:\/\/lions-pharmacy.com\/es\/producto\/carmenthin-softgels-14-pcs-10327601#breadcrumb"},"inLanguage":"es","potentialAction":[{"@type":"ReadAction","target":["https:\/\/lions-pharmacy.com\/es\/producto\/carmenthin-softgels-14-pcs-10327601"]}]},{"@type":"ImageObject","inLanguage":"es","@id":"https:\/\/lions-pharmacy.com\/es\/producto\/carmenthin-softgels-14-pcs-10327601#primaryimage","url":"https:\/\/lions-pharmacy.com\/wp-content\/uploads\/2024\/09\/Carmenthin.webp","contentUrl":"https:\/\/lions-pharmacy.com\/wp-content\/uploads\/2024\/09\/Carmenthin.webp","width":600,"height":600,"caption":"Carmentina 42 uds. 10327618 Schwabe Farmacia de los Leones"},{"@type":"BreadcrumbList","@id":"https:\/\/lions-pharmacy.com\/es\/producto\/carmenthin-softgels-14-pcs-10327601#breadcrumb","itemListElement":[{"@type":"ListItem","position":1,"name":"Home","item":"https:\/\/lions-pharmacy.com\/es\/homepage-lion-pharmacy"},{"@type":"ListItem","position":2,"name":"Shop","item":"https:\/\/lions-pharmacy.com\/es\/tienda"},{"@type":"ListItem","position":3,"name":"Carmentina C\u00e1psulas 14 unid."}]},{"@type":"WebSite","@id":"https:\/\/lions-pharmacy.com\/es#website","url":"https:\/\/lions-pharmacy.com\/es","name":"Lions Pharmacy","description":"Farmacia especializada en naturopat\u00eda de Baden-Baden, Alemania","publisher":{"@id":"https:\/\/lions-pharmacy.com\/es#organization"},"alternateName":"Lion Pharmacy","potentialAction":[{"@type":"SearchAction","target":{"@type":"EntryPoint","urlTemplate":"https:\/\/lions-pharmacy.com\/es?s={search_term_string}"},"query-input":{"@type":"PropertyValueSpecification","valueRequired":true,"valueName":"search_term_string"}}],"inLanguage":"es"},{"@type":"Organization","@id":"https:\/\/lions-pharmacy.com\/es#organization","name":"Lions Pharmacy","alternateName":"Lions Pharmacy24","url":"https:\/\/lions-pharmacy.com\/es","logo":{"@type":"ImageObject","inLanguage":"es","@id":"https:\/\/lions-pharmacy.com\/es#\/schema\/logo\/image\/","url":"https:\/\/lions-pharmacy.com\/wp-content\/uploads\/2022\/12\/Logo-Lion-Pharmacy-c-o-Loewen-Apotheke-smal.jpg","contentUrl":"https:\/\/lions-pharmacy.com\/wp-content\/uploads\/2022\/12\/Logo-Lion-Pharmacy-c-o-Loewen-Apotheke-smal.jpg","width":298,"height":99,"caption":"Lions Pharmacy"},"image":{"@id":"https:\/\/lions-pharmacy.com\/es#\/schema\/logo\/image\/"}}]}},"_links":{"self":[{"href":"https:\/\/lions-pharmacy.com\/es\/wp-json\/wp\/v2\/product\/21733","targetHints":{"allow":["GET"]}}],"collection":[{"href":"https:\/\/lions-pharmacy.com\/es\/wp-json\/wp\/v2\/product"}],"about":[{"href":"https:\/\/lions-pharmacy.com\/es\/wp-json\/wp\/v2\/types\/product"}],"replies":[{"embeddable":true,"href":"https:\/\/lions-pharmacy.com\/es\/wp-json\/wp\/v2\/comments?post=21733"}],"wp:featuredmedia":[{"embeddable":true,"href":"https:\/\/lions-pharmacy.com\/es\/wp-json\/wp\/v2\/media\/4314"}],"wp:attachment":[{"href":"https:\/\/lions-pharmacy.com\/es\/wp-json\/wp\/v2\/media?parent=21733"}],"wp:term":[{"taxonomy":"product_brand","embeddable":true,"href":"https:\/\/lions-pharmacy.com\/es\/wp-json\/wp\/v2\/product_brand?post=21733"},{"taxonomy":"product_cat","embeddable":true,"href":"https:\/\/lions-pharmacy.com\/es\/wp-json\/wp\/v2\/product_cat?post=21733"},{"taxonomy":"product_tag","embeddable":true,"href":"https:\/\/lions-pharmacy.com\/es\/wp-json\/wp\/v2\/product_tag?post=21733"}],"curies":[{"name":"wp","href":"https:\/\/api.w.org\/{rel}","templated":true}]}}