{"id":21360,"date":"2026-03-08T06:56:07","date_gmt":"2026-03-08T05:56:07","guid":{"rendered":"https:\/\/lions-pharmacy.com\/?post_type=product&#038;p=21360"},"modified":"2026-03-08T07:04:55","modified_gmt":"2026-03-08T06:04:55","slug":"cerebrum-compositum-nm-ampoules-100-pc-01674887","status":"publish","type":"product","link":"https:\/\/lions-pharmacy.com\/es\/producto\/cerebrum-compositum-nm-ampoules-100-pc-01674887","title":{"rendered":"Ampollas Cerebrum compositum NM (100 uds.)"},"content":{"rendered":"<h3>Cerebro compuesto NM<\/h3>\n<p>Las ampollas Cerebrum compositum NM son un medicamento homeop\u00e1tico registrado, por tanto sin indicaci\u00f3n terap\u00e9utica.<\/p>\n<p>Prospecto\/instrucciones de uso\/ficha t\u00e9cnica del envase: <a href=\"https:\/\/lions-pharmacy.com\/wp-content\/uploads\/2026\/03\/Cerebrum_compositum_NM_Amp_019600_11_BPZ_Mrz2023.pdf\">Cerebrum_compositum_NM_Amp<\/a> (lector de PDF)<\/p>\n<p>Ingredientes: Cerebrum suis, Embryo suis, Hepar suis, Placenta suis, Kalium phosphoricum, Selenio, Thuja occidentalis, Strychnos ignatii, Acidum phosphoricum, Cinchona pubescens, Kalium bichromicum, Gelsemium sempervirens, Ruta graveolens, Arnica montana, Aesculus hippocastanum, Manganum phosphoricum, Magnesium phosphoricum, Semecarpus anacardium, Conium maculatum, Hyoscyamus niger, Aconitum napellus, Anamirta cocculus, Ambra grisea<\/p>\n<p>Otros productos de: <a href=\"https:\/\/lions-pharmacy.com\/es\/etiqueta-producto\/homeopatia\" rel=\"tag\">Homeopat\u00eda<\/a> | <a href=\"https:\/\/lions-pharmacy.com\/es\/etiqueta-producto\/vitaminas-y-suplementos\">Vitaminas y complementos Productos<\/a><\/p>\n<p>Puedes encontrar m\u00e1s detalles sobre el producto en el fabricante: <a href=\"https:\/\/www.heel.de\/de\/produktsuche.html\" target=\"_blank\" rel=\"noopener\">Biologische <\/a><a href=\"https:\/\/www.heel.de\/de\/produktsuche.html\">Heilmittel<\/a> <a href=\"https:\/\/www.heel.de\/de\/produktsuche.html\" target=\"_blank\" rel=\"noopener\">Heel GmbH<\/a><\/p>\n<p>La informaci\u00f3n contenida en este sitio web se facilita \u00fanicamente con fines informativos. En ning\u00fan caso sustituyen al examen y tratamiento por un m\u00e9dico. Tenga en cuenta que esto significa que no se pueden hacer diagn\u00f3sticos ni iniciar terapias.<\/p>\n<p>Para conocer los riesgos y efectos secundarios, lea el prospecto y consulte a su m\u00e9dico o farmac\u00e9utico.<\/p>\n<p>&nbsp;<\/p>\n<h3>Prescripci\u00f3n | \u00bfReceta electr\u00f3nica disponible?<\/h3>\n<p>Env\u00ede su receta electr\u00f3nica ahora. Utilice nuestra aplicaci\u00f3n <a href=\"https:\/\/e-rezept-app.de\/shop-rezept\" target=\"_blank\" rel=\"noopener\">de recetas electr\u00f3nicas<\/a> . \u00a1Y te damos los gastos de env\u00edo gratis en Alemania!<\/p>\n","protected":false},"excerpt":{"rendered":"<h2>Ampollas Cerebrum compositum NM<\/h2>\n<p>Medicamento homeop\u00e1tico registrado.<\/p>\n<p>&nbsp;<\/p>\n<p><strong>PZN<\/strong>: 01674887<\/p>\n<p><strong>Forma de dosificaci\u00f3n<\/strong>: ampollas<\/p>\n<p><strong>Tama\u00f1o del paquete<\/strong>: 100 uds.<\/p>\n<p><strong>Tipo de prescripci\u00f3n:<\/strong> sin receta<\/p>\n<p><strong>Marca<\/strong>: &#8211;<\/p>\n<p><strong>Fabricante<\/strong>: Biologische Heel, Alemania<\/p>\n","protected":false},"featured_media":21365,"comment_status":"closed","ping_status":"closed","template":"","meta":[],"product_brand":[],"product_cat":[348,116],"product_tag":[308,490,516,488],"class_list":{"0":"post-21360","1":"product","2":"type-product","3":"status-publish","4":"has-post-thumbnail","6":"product_cat-heel-es","7":"product_cat-sin-categorizar","8":"product_tag-homeopatia","9":"product_tag-ingrediente-activo-a-base-de-hierbas","10":"product_tag-ingrediente-activo-de-origen-vegetal","11":"product_tag-remedios-naturales","12":"ts_product_brand-all-es","13":"ts_product_brand-heel-es","15":"first","16":"instock","17":"sale","18":"taxable","19":"shipping-taxable","20":"purchasable","21":"product-type-simple"},"yoast_head":"<!-- This site is optimized with the Yoast SEO plugin v26.5 - https:\/\/yoast.com\/wordpress\/plugins\/seo\/ -->\n<title>Ampollas Cerebrum compositum NM (100 uds.) &#187; comprar en Lion Pharmacy<\/title>\n<meta name=\"description\" content=\"De Biologische Heel. Ampollas Cerebrum compositum NM (100 uds.). Haz tu pedido aqu\u00ed, en una farmacia online alemana registrada. Env\u00edo r\u00e1pido a todo el mundo.\" \/>\n<meta name=\"robots\" content=\"index, follow, max-snippet:-1, max-image-preview:large, max-video-preview:-1\" \/>\n<link rel=\"canonical\" href=\"https:\/\/lions-pharmacy.com\/es\/producto\/cerebrum-compositum-nm-ampoules-100-pc-01674887\" \/>\n<meta property=\"og:locale\" content=\"es_ES\" \/>\n<meta property=\"og:type\" content=\"article\" \/>\n<meta property=\"og:title\" content=\"Ampollas Cerebrum compositum NM (100 uds.) &#187; comprar en Lion Pharmacy\" \/>\n<meta property=\"og:description\" content=\"De Biologische Heel. Ampollas Cerebrum compositum NM (100 uds.). Haz tu pedido aqu\u00ed, en una farmacia online alemana registrada. Env\u00edo r\u00e1pido a todo el mundo.\" \/>\n<meta property=\"og:url\" content=\"https:\/\/lions-pharmacy.com\/es\/producto\/cerebrum-compositum-nm-ampoules-100-pc-01674887\" \/>\n<meta property=\"og:site_name\" content=\"Lion Pharmacy\" \/>\n<meta property=\"article:modified_time\" content=\"2026-03-08T06:04:55+00:00\" \/>\n<meta property=\"og:image\" content=\"https:\/\/lions-pharmacy.com\/wp-content\/uploads\/2026\/03\/Cerebrum-compositum-NM-Ampoules-from-biologische-Heel-PZN-01674887-Lions-Pharmacy.webp\" \/>\n\t<meta property=\"og:image:width\" content=\"600\" \/>\n\t<meta property=\"og:image:height\" content=\"600\" \/>\n\t<meta property=\"og:image:type\" content=\"image\/webp\" \/>\n<meta name=\"twitter:card\" content=\"summary_large_image\" \/>\n<meta name=\"twitter:label1\" content=\"Tiempo de lectura\" \/>\n\t<meta name=\"twitter:data1\" content=\"1 minuto\" \/>\n<script type=\"application\/ld+json\" class=\"yoast-schema-graph\">{\"@context\":\"https:\/\/schema.org\",\"@graph\":[{\"@type\":\"WebPage\",\"@id\":\"https:\/\/lions-pharmacy.com\/es\/producto\/cerebrum-compositum-nm-ampoules-100-pc-01674887\",\"url\":\"https:\/\/lions-pharmacy.com\/es\/producto\/cerebrum-compositum-nm-ampoules-100-pc-01674887\",\"name\":\"Ampollas Cerebrum compositum NM (100 uds.) &#187; comprar en Lion Pharmacy\",\"isPartOf\":{\"@id\":\"https:\/\/lions-pharmacy.com\/es#website\"},\"primaryImageOfPage\":{\"@id\":\"https:\/\/lions-pharmacy.com\/es\/producto\/cerebrum-compositum-nm-ampoules-100-pc-01674887#primaryimage\"},\"image\":{\"@id\":\"https:\/\/lions-pharmacy.com\/es\/producto\/cerebrum-compositum-nm-ampoules-100-pc-01674887#primaryimage\"},\"thumbnailUrl\":\"https:\/\/lions-pharmacy.com\/wp-content\/uploads\/2026\/03\/Cerebrum-compositum-NM-Ampoules-from-biologische-Heel-PZN-01674887-Lions-Pharmacy.webp\",\"datePublished\":\"2026-03-08T05:56:07+00:00\",\"dateModified\":\"2026-03-08T06:04:55+00:00\",\"description\":\"De Biologische Heel. Ampollas Cerebrum compositum NM (100 uds.). Haz tu pedido aqu\u00ed, en una farmacia online alemana registrada. Env\u00edo r\u00e1pido a todo el mundo.\",\"breadcrumb\":{\"@id\":\"https:\/\/lions-pharmacy.com\/es\/producto\/cerebrum-compositum-nm-ampoules-100-pc-01674887#breadcrumb\"},\"inLanguage\":\"es\",\"potentialAction\":[{\"@type\":\"ReadAction\",\"target\":[\"https:\/\/lions-pharmacy.com\/es\/producto\/cerebrum-compositum-nm-ampoules-100-pc-01674887\"]}]},{\"@type\":\"ImageObject\",\"inLanguage\":\"es\",\"@id\":\"https:\/\/lions-pharmacy.com\/es\/producto\/cerebrum-compositum-nm-ampoules-100-pc-01674887#primaryimage\",\"url\":\"https:\/\/lions-pharmacy.com\/wp-content\/uploads\/2026\/03\/Cerebrum-compositum-NM-Ampoules-from-biologische-Heel-PZN-01674887-Lions-Pharmacy.webp\",\"contentUrl\":\"https:\/\/lions-pharmacy.com\/wp-content\/uploads\/2026\/03\/Cerebrum-compositum-NM-Ampoules-from-biologische-Heel-PZN-01674887-Lions-Pharmacy.webp\",\"width\":600,\"height\":600,\"caption\":\"Cerebrum compositum NM Ampollas de biologische Heel, PZN-01674887, Lions-Pharmacy\"},{\"@type\":\"BreadcrumbList\",\"@id\":\"https:\/\/lions-pharmacy.com\/es\/producto\/cerebrum-compositum-nm-ampoules-100-pc-01674887#breadcrumb\",\"itemListElement\":[{\"@type\":\"ListItem\",\"position\":1,\"name\":\"Home\",\"item\":\"https:\/\/lions-pharmacy.com\/es\/homepage-lion-pharmacy\"},{\"@type\":\"ListItem\",\"position\":2,\"name\":\"Shop\",\"item\":\"https:\/\/lions-pharmacy.com\/es\/tienda\"},{\"@type\":\"ListItem\",\"position\":3,\"name\":\"Ampollas Cerebrum compositum NM (100 uds.)\"}]},{\"@type\":\"WebSite\",\"@id\":\"https:\/\/lions-pharmacy.com\/es#website\",\"url\":\"https:\/\/lions-pharmacy.com\/es\",\"name\":\"Lions Pharmacy\",\"description\":\"Farmacia especializada en naturopat\u00eda de Baden-Baden, Alemania\",\"publisher\":{\"@id\":\"https:\/\/lions-pharmacy.com\/es#organization\"},\"alternateName\":\"Lion Pharmacy\",\"potentialAction\":[{\"@type\":\"SearchAction\",\"target\":{\"@type\":\"EntryPoint\",\"urlTemplate\":\"https:\/\/lions-pharmacy.com\/es?s={search_term_string}\"},\"query-input\":{\"@type\":\"PropertyValueSpecification\",\"valueRequired\":true,\"valueName\":\"search_term_string\"}}],\"inLanguage\":\"es\"},{\"@type\":\"Organization\",\"@id\":\"https:\/\/lions-pharmacy.com\/es#organization\",\"name\":\"Lions Pharmacy\",\"alternateName\":\"Lions Pharmacy24\",\"url\":\"https:\/\/lions-pharmacy.com\/es\",\"logo\":{\"@type\":\"ImageObject\",\"inLanguage\":\"es\",\"@id\":\"https:\/\/lions-pharmacy.com\/es#\/schema\/logo\/image\/\",\"url\":\"https:\/\/lions-pharmacy.com\/wp-content\/uploads\/2022\/12\/Logo-Lion-Pharmacy-c-o-Loewen-Apotheke-smal.jpg\",\"contentUrl\":\"https:\/\/lions-pharmacy.com\/wp-content\/uploads\/2022\/12\/Logo-Lion-Pharmacy-c-o-Loewen-Apotheke-smal.jpg\",\"width\":298,\"height\":99,\"caption\":\"Lions Pharmacy\"},\"image\":{\"@id\":\"https:\/\/lions-pharmacy.com\/es#\/schema\/logo\/image\/\"}}]}<\/script>\n<!-- \/ Yoast SEO plugin. -->","yoast_head_json":{"title":"Ampollas Cerebrum compositum NM (100 uds.) &#187; comprar en Lion Pharmacy","description":"De Biologische Heel. Ampollas Cerebrum compositum NM (100 uds.). Haz tu pedido aqu\u00ed, en una farmacia online alemana registrada. Env\u00edo r\u00e1pido a todo el mundo.","robots":{"index":"index","follow":"follow","max-snippet":"max-snippet:-1","max-image-preview":"max-image-preview:large","max-video-preview":"max-video-preview:-1"},"canonical":"https:\/\/lions-pharmacy.com\/es\/producto\/cerebrum-compositum-nm-ampoules-100-pc-01674887","og_locale":"es_ES","og_type":"article","og_title":"Ampollas Cerebrum compositum NM (100 uds.) &#187; comprar en Lion Pharmacy","og_description":"De Biologische Heel. Ampollas Cerebrum compositum NM (100 uds.). Haz tu pedido aqu\u00ed, en una farmacia online alemana registrada. Env\u00edo r\u00e1pido a todo el mundo.","og_url":"https:\/\/lions-pharmacy.com\/es\/producto\/cerebrum-compositum-nm-ampoules-100-pc-01674887","og_site_name":"Lion Pharmacy","article_modified_time":"2026-03-08T06:04:55+00:00","og_image":[{"width":600,"height":600,"url":"https:\/\/lions-pharmacy.com\/wp-content\/uploads\/2026\/03\/Cerebrum-compositum-NM-Ampoules-from-biologische-Heel-PZN-01674887-Lions-Pharmacy.webp","type":"image\/webp"}],"twitter_card":"summary_large_image","twitter_misc":{"Tiempo de lectura":"1 minuto"},"schema":{"@context":"https:\/\/schema.org","@graph":[{"@type":"WebPage","@id":"https:\/\/lions-pharmacy.com\/es\/producto\/cerebrum-compositum-nm-ampoules-100-pc-01674887","url":"https:\/\/lions-pharmacy.com\/es\/producto\/cerebrum-compositum-nm-ampoules-100-pc-01674887","name":"Ampollas Cerebrum compositum NM (100 uds.) &#187; comprar en Lion Pharmacy","isPartOf":{"@id":"https:\/\/lions-pharmacy.com\/es#website"},"primaryImageOfPage":{"@id":"https:\/\/lions-pharmacy.com\/es\/producto\/cerebrum-compositum-nm-ampoules-100-pc-01674887#primaryimage"},"image":{"@id":"https:\/\/lions-pharmacy.com\/es\/producto\/cerebrum-compositum-nm-ampoules-100-pc-01674887#primaryimage"},"thumbnailUrl":"https:\/\/lions-pharmacy.com\/wp-content\/uploads\/2026\/03\/Cerebrum-compositum-NM-Ampoules-from-biologische-Heel-PZN-01674887-Lions-Pharmacy.webp","datePublished":"2026-03-08T05:56:07+00:00","dateModified":"2026-03-08T06:04:55+00:00","description":"De Biologische Heel. Ampollas Cerebrum compositum NM (100 uds.). Haz tu pedido aqu\u00ed, en una farmacia online alemana registrada. Env\u00edo r\u00e1pido a todo el mundo.","breadcrumb":{"@id":"https:\/\/lions-pharmacy.com\/es\/producto\/cerebrum-compositum-nm-ampoules-100-pc-01674887#breadcrumb"},"inLanguage":"es","potentialAction":[{"@type":"ReadAction","target":["https:\/\/lions-pharmacy.com\/es\/producto\/cerebrum-compositum-nm-ampoules-100-pc-01674887"]}]},{"@type":"ImageObject","inLanguage":"es","@id":"https:\/\/lions-pharmacy.com\/es\/producto\/cerebrum-compositum-nm-ampoules-100-pc-01674887#primaryimage","url":"https:\/\/lions-pharmacy.com\/wp-content\/uploads\/2026\/03\/Cerebrum-compositum-NM-Ampoules-from-biologische-Heel-PZN-01674887-Lions-Pharmacy.webp","contentUrl":"https:\/\/lions-pharmacy.com\/wp-content\/uploads\/2026\/03\/Cerebrum-compositum-NM-Ampoules-from-biologische-Heel-PZN-01674887-Lions-Pharmacy.webp","width":600,"height":600,"caption":"Cerebrum compositum NM Ampollas de biologische Heel, PZN-01674887, Lions-Pharmacy"},{"@type":"BreadcrumbList","@id":"https:\/\/lions-pharmacy.com\/es\/producto\/cerebrum-compositum-nm-ampoules-100-pc-01674887#breadcrumb","itemListElement":[{"@type":"ListItem","position":1,"name":"Home","item":"https:\/\/lions-pharmacy.com\/es\/homepage-lion-pharmacy"},{"@type":"ListItem","position":2,"name":"Shop","item":"https:\/\/lions-pharmacy.com\/es\/tienda"},{"@type":"ListItem","position":3,"name":"Ampollas Cerebrum compositum NM (100 uds.)"}]},{"@type":"WebSite","@id":"https:\/\/lions-pharmacy.com\/es#website","url":"https:\/\/lions-pharmacy.com\/es","name":"Lions Pharmacy","description":"Farmacia especializada en naturopat\u00eda de Baden-Baden, Alemania","publisher":{"@id":"https:\/\/lions-pharmacy.com\/es#organization"},"alternateName":"Lion Pharmacy","potentialAction":[{"@type":"SearchAction","target":{"@type":"EntryPoint","urlTemplate":"https:\/\/lions-pharmacy.com\/es?s={search_term_string}"},"query-input":{"@type":"PropertyValueSpecification","valueRequired":true,"valueName":"search_term_string"}}],"inLanguage":"es"},{"@type":"Organization","@id":"https:\/\/lions-pharmacy.com\/es#organization","name":"Lions Pharmacy","alternateName":"Lions Pharmacy24","url":"https:\/\/lions-pharmacy.com\/es","logo":{"@type":"ImageObject","inLanguage":"es","@id":"https:\/\/lions-pharmacy.com\/es#\/schema\/logo\/image\/","url":"https:\/\/lions-pharmacy.com\/wp-content\/uploads\/2022\/12\/Logo-Lion-Pharmacy-c-o-Loewen-Apotheke-smal.jpg","contentUrl":"https:\/\/lions-pharmacy.com\/wp-content\/uploads\/2022\/12\/Logo-Lion-Pharmacy-c-o-Loewen-Apotheke-smal.jpg","width":298,"height":99,"caption":"Lions Pharmacy"},"image":{"@id":"https:\/\/lions-pharmacy.com\/es#\/schema\/logo\/image\/"}}]}},"_links":{"self":[{"href":"https:\/\/lions-pharmacy.com\/es\/wp-json\/wp\/v2\/product\/21360","targetHints":{"allow":["GET"]}}],"collection":[{"href":"https:\/\/lions-pharmacy.com\/es\/wp-json\/wp\/v2\/product"}],"about":[{"href":"https:\/\/lions-pharmacy.com\/es\/wp-json\/wp\/v2\/types\/product"}],"replies":[{"embeddable":true,"href":"https:\/\/lions-pharmacy.com\/es\/wp-json\/wp\/v2\/comments?post=21360"}],"wp:featuredmedia":[{"embeddable":true,"href":"https:\/\/lions-pharmacy.com\/es\/wp-json\/wp\/v2\/media\/21365"}],"wp:attachment":[{"href":"https:\/\/lions-pharmacy.com\/es\/wp-json\/wp\/v2\/media?parent=21360"}],"wp:term":[{"taxonomy":"product_brand","embeddable":true,"href":"https:\/\/lions-pharmacy.com\/es\/wp-json\/wp\/v2\/product_brand?post=21360"},{"taxonomy":"product_cat","embeddable":true,"href":"https:\/\/lions-pharmacy.com\/es\/wp-json\/wp\/v2\/product_cat?post=21360"},{"taxonomy":"product_tag","embeddable":true,"href":"https:\/\/lions-pharmacy.com\/es\/wp-json\/wp\/v2\/product_tag?post=21360"}],"curies":[{"name":"wp","href":"https:\/\/api.w.org\/{rel}","templated":true}]}}