{"id":21024,"date":"2026-02-26T15:48:29","date_gmt":"2026-02-26T14:48:29","guid":{"rendered":"https:\/\/lions-pharmacy.com\/?post_type=product&#038;p=21024"},"modified":"2026-02-26T16:11:31","modified_gmt":"2026-02-26T15:11:31","slug":"wobenzym-tablets-2x-800-pcs-double-pack","status":"publish","type":"product","link":"https:\/\/lions-pharmacy.com\/es\/producto\/wobenzym-tablets-2x-800-pcs-double-pack","title":{"rendered":"WOBENZYM comprimidos con cubierta ent\u00e9rica 2x 800 uds. (paquete doble)"},"content":{"rendered":"<h3>WOBENZYM comprimidos con cubierta ent\u00e9rica<\/h3>\n<p>Comprimidos con recubrimiento ent\u00e9rico Wobenzym para molestias articulares y musculares causadas por lesiones o artrosis. La combinaci\u00f3n especial de enzimas en Wobenzym para las dolencias cuya causa se debe a un proceso inflamatorio. A diferencia de los agentes antirreum\u00e1ticos y antiinflamatorios convencionales, Wobenzym acelera el proceso de autocuraci\u00f3n del cuerpo en lugar de simplemente suprimir la inflamaci\u00f3n.<\/p>\n<p>Por tanto, Wobenzym ayuda a combatir el dolor, la hinchaz\u00f3n y la inflamaci\u00f3n. Las enzimas que contiene son de origen natural y activan los procesos curativos del propio organismo.<\/p>\n<p>Para el <a href=\"https:\/\/www.loewen-apotheke24.com\/en\/?p=154427\" target=\"_blank\" rel=\"noopener\">apoyo activo del sistema inmunitario<\/a>.<\/p>\n<p>El poder enzim\u00e1tico especial de la droga va a la inflamaci\u00f3n como causa del dolor y promueve la curaci\u00f3n de forma natural. Te ayuda a estar activo y disfrutar de la vida de forma natural. Los complementos alimenticios no sustituyen a una dieta variada y equilibrada ni a un estilo de vida saludable. No exceder la dosis diaria recomendada.<\/p>\n<p>Encontrar\u00e1 m\u00e1s detalles del producto en el fabricante: <a href=\"https:\/\/www.wobenzym.de\/\" target=\"_blank\" rel=\"noopener\">Wobenzym &#8211; MUCOS Pharma GmbH &amp; Co KG<\/a><\/p>\n<p>Prospecto\/instrucciones de uso\/ficha t\u00e9cnica del art\u00edculo: &#8211; (lector de PDF)<\/p>\n<p>Otros productos para la aplicaci\u00f3n: <a href=\"https:\/\/lions-pharmacy.com\/es\/etiqueta-producto\/resfriado\">Infecciones<\/a> | <a href=\"https:\/\/lions-pharmacy.com\/es\/etiqueta-producto\/vitaminas-y-suplementos\" rel=\"tag\">Vitaminas y suplementos<\/a> | <a href=\"https:\/\/lions-pharmacy.com\/es\/etiqueta-producto\/peso-y-forma-fisica\" rel=\"tag\">Peso y forma f\u00edsica<\/a><\/p>\n<p>\u00bfC\u00f3mo funciona la terapia enzim\u00e1tica Wobenzym?<\/p>\n<p>Para que se intercepte el exceso de mensajeros inflamatorios en el organismo, las enzimas deben ser absorbidas por el cuerpo. Esto ocurre a trav\u00e9s de la mucosa intestinal. Tras la absorci\u00f3n, las enzimas se unen a la macroglobulina alfa-2 que se encuentra en la sangre. Se trata de una prote\u00edna que producen unas c\u00e9lulas inmunitarias especiales, los llamados macr\u00f3fagos, en el curso de una respuesta inmunitaria.<\/p>\n<p>Cuando las enzimas se unen a la macroglobulina alfa-2, su estructura espacial cambia y pasa a su forma activa. Como resultado, la mol\u00e9cula activada es capaz de unirse y eliminar el exceso de citocinas. La enzimoterapia sistem\u00e1tica de Wobenzym utiliza este mecanismo para restablecer el equilibrio entre las citocinas (proinflamatorias y antiinflamatorias) y acelerar as\u00ed el proceso de curaci\u00f3n.<\/p>\n<p>Las enzimas utilizadas en la inflamaci\u00f3n no suprimen la reacci\u00f3n inflamatoria, sino que apoyan y aceleran el proceso y la secuencia naturales de la reacci\u00f3n inmunitaria e inflamatoria. Se estimulan los poderes autocurativos y se combate directamente la causa del dolor. Consulta tambi\u00e9n &#8220;<a href=\"https:\/\/www.loewen-apotheke24.com\/en\/?p=156163\" target=\"_blank\" rel=\"noopener\">C\u00f3mo funciona Wobenzym<\/a>&#8221; y tambi\u00e9n &#8220;<a href=\"https:\/\/www.loewen-apotheke24.com\/en\/?p=152755\" target=\"_blank\" rel=\"noopener\">C\u00f3mo reconozco la calidad de los medicamentos a base de plantas<\/a>&#8220;.<\/p>\n<p>El poder enzim\u00e1tico especial de la droga va a la inflamaci\u00f3n como causa del dolor y promueve la curaci\u00f3n de forma natural. Te ayuda a estar activo y disfrutar de la vida de forma natural. Los complementos alimenticios no sustituyen a una dieta variada y equilibrada ni a un estilo de vida saludable. No exceder la dosis diaria recomendada.<\/p>\n<p>La informaci\u00f3n contenida en este sitio web se facilita \u00fanicamente con fines informativos. En ning\u00fan caso sustituyen al examen y tratamiento por un m\u00e9dico. Tenga en cuenta que esto significa que no se pueden hacer diagn\u00f3sticos ni iniciar terapias.<\/p>\n<p>Para conocer los riesgos y efectos secundarios, lea el prospecto y consulte a su m\u00e9dico o farmac\u00e9utico.<\/p>\n","protected":false},"excerpt":{"rendered":"<h2>WOBENZYM Comprimidos<\/h2>\n<p>WOBENZYM comprimidos con recubrimiento ent\u00e9rico para el tratamiento de apoyo de adultos con hinchaz\u00f3n, inflamaci\u00f3n o dolor. Para apoyar el sistema inmunol\u00f3gico.<\/p>\n<p>&nbsp;<\/p>\n<p><strong>PZN<\/strong>: 13751860 (N\u00famero Central de Farmacia)<\/p>\n<p><strong>Forma farmac\u00e9utica<\/strong>: comprimidos<\/p>\n<p><strong>Tipo de receta<\/strong>: sin receta<\/p>\n<p><strong>Marca<\/strong>: Wobenzym<\/p>\n<p><strong>Fabricante<\/strong>: MUCOS Pharma GmbH &amp; Co KG, Berl\u00edn, Alemania.<\/p>\n<p><strong>Tama\u00f1o del envase<\/strong>: 2x 800 uds.<\/p>\n<div class=\"woocommerce-product-details__short-description\">\n<p><span style=\"color: #ff0000;\">Se espera que vuelva a estar disponible en abril de 2026<\/span><\/p>\n<\/div>\n","protected":false},"featured_media":21032,"comment_status":"closed","ping_status":"closed","template":"","meta":[],"product_brand":[911],"product_cat":[125,116],"product_tag":[274,516,275,488,311,272],"class_list":{"0":"post-21024","1":"product","2":"type-product","3":"status-publish","4":"has-post-thumbnail","6":"product_brand-wobenzym","7":"product_cat-sale-es","8":"product_cat-sin-categorizar","9":"product_tag-bienestar","10":"product_tag-ingrediente-activo-de-origen-vegetal","11":"product_tag-peso-y-forma-fisica","12":"product_tag-remedios-naturales","13":"product_tag-venta-mensual","14":"product_tag-vitaminas-y-suplementos","15":"ts_product_brand-all-es","17":"first","18":"outofstock","19":"sale","20":"taxable","21":"shipping-taxable","22":"purchasable","23":"product-type-simple"},"yoast_head":"<!-- This site is optimized with the Yoast SEO plugin v26.5 - https:\/\/yoast.com\/wordpress\/plugins\/seo\/ -->\n<title>&#187; guardar<\/title>\n<meta name=\"description\" content=\"\u00bfDolor articular, inflamaci\u00f3n, proceso de curaci\u00f3n abierto? Las enzimas activan la autocuraci\u00f3n. M\u00e1s informaci\u00f3n sobre: WOBENZYM comprimidos con cubierta ent\u00e9rica 2x 800 uds. (paquete doble)\" \/>\n<meta name=\"robots\" content=\"index, follow, max-snippet:-1, max-image-preview:large, max-video-preview:-1\" \/>\n<link rel=\"canonical\" href=\"https:\/\/lions-pharmacy.com\/es\/producto\/wobenzym-tablets-2x-800-pcs-double-pack\" \/>\n<meta property=\"og:locale\" content=\"es_ES\" \/>\n<meta property=\"og:type\" content=\"article\" \/>\n<meta property=\"og:title\" content=\"&#187; guardar\" \/>\n<meta property=\"og:description\" content=\"\u00bfDolor articular, inflamaci\u00f3n, proceso de curaci\u00f3n abierto? Las enzimas activan la autocuraci\u00f3n. M\u00e1s informaci\u00f3n sobre: WOBENZYM comprimidos con cubierta ent\u00e9rica 2x 800 uds. (paquete doble)\" \/>\n<meta property=\"og:url\" content=\"https:\/\/lions-pharmacy.com\/es\/producto\/wobenzym-tablets-2x-800-pcs-double-pack\" \/>\n<meta property=\"og:site_name\" content=\"Lion Pharmacy\" \/>\n<meta property=\"article:modified_time\" content=\"2026-02-26T15:11:31+00:00\" \/>\n<meta property=\"og:image\" content=\"https:\/\/lions-pharmacy.com\/wp-content\/uploads\/2026\/02\/Wobenzym-enteric-coated-tablets-800-St.-PZN-13751860.webp\" \/>\n\t<meta property=\"og:image:width\" content=\"600\" \/>\n\t<meta property=\"og:image:height\" content=\"600\" \/>\n\t<meta property=\"og:image:type\" content=\"image\/webp\" \/>\n<meta name=\"twitter:card\" content=\"summary_large_image\" \/>\n<meta name=\"twitter:label1\" content=\"Tiempo de lectura\" \/>\n\t<meta name=\"twitter:data1\" content=\"3 minutos\" \/>\n<script type=\"application\/ld+json\" class=\"yoast-schema-graph\">{\"@context\":\"https:\/\/schema.org\",\"@graph\":[{\"@type\":\"WebPage\",\"@id\":\"https:\/\/lions-pharmacy.com\/es\/producto\/wobenzym-tablets-2x-800-pcs-double-pack\",\"url\":\"https:\/\/lions-pharmacy.com\/es\/producto\/wobenzym-tablets-2x-800-pcs-double-pack\",\"name\":\"&#187; guardar\",\"isPartOf\":{\"@id\":\"https:\/\/lions-pharmacy.com\/es#website\"},\"primaryImageOfPage\":{\"@id\":\"https:\/\/lions-pharmacy.com\/es\/producto\/wobenzym-tablets-2x-800-pcs-double-pack#primaryimage\"},\"image\":{\"@id\":\"https:\/\/lions-pharmacy.com\/es\/producto\/wobenzym-tablets-2x-800-pcs-double-pack#primaryimage\"},\"thumbnailUrl\":\"https:\/\/lions-pharmacy.com\/wp-content\/uploads\/2026\/02\/Wobenzym-enteric-coated-tablets-800-St.-PZN-13751860.webp\",\"datePublished\":\"2026-02-26T14:48:29+00:00\",\"dateModified\":\"2026-02-26T15:11:31+00:00\",\"description\":\"\u00bfDolor articular, inflamaci\u00f3n, proceso de curaci\u00f3n abierto? Las enzimas activan la autocuraci\u00f3n. M\u00e1s informaci\u00f3n sobre: WOBENZYM comprimidos con cubierta ent\u00e9rica 2x 800 uds. (paquete doble)\",\"breadcrumb\":{\"@id\":\"https:\/\/lions-pharmacy.com\/es\/producto\/wobenzym-tablets-2x-800-pcs-double-pack#breadcrumb\"},\"inLanguage\":\"es\",\"potentialAction\":[{\"@type\":\"ReadAction\",\"target\":[\"https:\/\/lions-pharmacy.com\/es\/producto\/wobenzym-tablets-2x-800-pcs-double-pack\"]}]},{\"@type\":\"ImageObject\",\"inLanguage\":\"es\",\"@id\":\"https:\/\/lions-pharmacy.com\/es\/producto\/wobenzym-tablets-2x-800-pcs-double-pack#primaryimage\",\"url\":\"https:\/\/lions-pharmacy.com\/wp-content\/uploads\/2026\/02\/Wobenzym-enteric-coated-tablets-800-St.-PZN-13751860.webp\",\"contentUrl\":\"https:\/\/lions-pharmacy.com\/wp-content\/uploads\/2026\/02\/Wobenzym-enteric-coated-tablets-800-St.-PZN-13751860.webp\",\"width\":600,\"height\":600,\"caption\":\"Wobenzym comprimidos con cubierta ent\u00e9rica 800 St. PZN 13751860\"},{\"@type\":\"BreadcrumbList\",\"@id\":\"https:\/\/lions-pharmacy.com\/es\/producto\/wobenzym-tablets-2x-800-pcs-double-pack#breadcrumb\",\"itemListElement\":[{\"@type\":\"ListItem\",\"position\":1,\"name\":\"Home\",\"item\":\"https:\/\/lions-pharmacy.com\/es\/homepage-lion-pharmacy\"},{\"@type\":\"ListItem\",\"position\":2,\"name\":\"Shop\",\"item\":\"https:\/\/lions-pharmacy.com\/es\/tienda\"},{\"@type\":\"ListItem\",\"position\":3,\"name\":\"WOBENZYM comprimidos con cubierta ent\u00e9rica 2x 800 uds. (paquete doble)\"}]},{\"@type\":\"WebSite\",\"@id\":\"https:\/\/lions-pharmacy.com\/es#website\",\"url\":\"https:\/\/lions-pharmacy.com\/es\",\"name\":\"Lions Pharmacy\",\"description\":\"Farmacia especializada en naturopat\u00eda de Baden-Baden, Alemania\",\"publisher\":{\"@id\":\"https:\/\/lions-pharmacy.com\/es#organization\"},\"alternateName\":\"Lion Pharmacy\",\"potentialAction\":[{\"@type\":\"SearchAction\",\"target\":{\"@type\":\"EntryPoint\",\"urlTemplate\":\"https:\/\/lions-pharmacy.com\/es?s={search_term_string}\"},\"query-input\":{\"@type\":\"PropertyValueSpecification\",\"valueRequired\":true,\"valueName\":\"search_term_string\"}}],\"inLanguage\":\"es\"},{\"@type\":\"Organization\",\"@id\":\"https:\/\/lions-pharmacy.com\/es#organization\",\"name\":\"Lions Pharmacy\",\"alternateName\":\"Lions Pharmacy24\",\"url\":\"https:\/\/lions-pharmacy.com\/es\",\"logo\":{\"@type\":\"ImageObject\",\"inLanguage\":\"es\",\"@id\":\"https:\/\/lions-pharmacy.com\/es#\/schema\/logo\/image\/\",\"url\":\"https:\/\/lions-pharmacy.com\/wp-content\/uploads\/2022\/12\/Logo-Lion-Pharmacy-c-o-Loewen-Apotheke-smal.jpg\",\"contentUrl\":\"https:\/\/lions-pharmacy.com\/wp-content\/uploads\/2022\/12\/Logo-Lion-Pharmacy-c-o-Loewen-Apotheke-smal.jpg\",\"width\":298,\"height\":99,\"caption\":\"Lions Pharmacy\"},\"image\":{\"@id\":\"https:\/\/lions-pharmacy.com\/es#\/schema\/logo\/image\/\"}}]}<\/script>\n<!-- \/ Yoast SEO plugin. -->","yoast_head_json":{"title":"&#187; guardar","description":"\u00bfDolor articular, inflamaci\u00f3n, proceso de curaci\u00f3n abierto? Las enzimas activan la autocuraci\u00f3n. M\u00e1s informaci\u00f3n sobre: WOBENZYM comprimidos con cubierta ent\u00e9rica 2x 800 uds. (paquete doble)","robots":{"index":"index","follow":"follow","max-snippet":"max-snippet:-1","max-image-preview":"max-image-preview:large","max-video-preview":"max-video-preview:-1"},"canonical":"https:\/\/lions-pharmacy.com\/es\/producto\/wobenzym-tablets-2x-800-pcs-double-pack","og_locale":"es_ES","og_type":"article","og_title":"&#187; guardar","og_description":"\u00bfDolor articular, inflamaci\u00f3n, proceso de curaci\u00f3n abierto? Las enzimas activan la autocuraci\u00f3n. M\u00e1s informaci\u00f3n sobre: WOBENZYM comprimidos con cubierta ent\u00e9rica 2x 800 uds. (paquete doble)","og_url":"https:\/\/lions-pharmacy.com\/es\/producto\/wobenzym-tablets-2x-800-pcs-double-pack","og_site_name":"Lion Pharmacy","article_modified_time":"2026-02-26T15:11:31+00:00","og_image":[{"width":600,"height":600,"url":"https:\/\/lions-pharmacy.com\/wp-content\/uploads\/2026\/02\/Wobenzym-enteric-coated-tablets-800-St.-PZN-13751860.webp","type":"image\/webp"}],"twitter_card":"summary_large_image","twitter_misc":{"Tiempo de lectura":"3 minutos"},"schema":{"@context":"https:\/\/schema.org","@graph":[{"@type":"WebPage","@id":"https:\/\/lions-pharmacy.com\/es\/producto\/wobenzym-tablets-2x-800-pcs-double-pack","url":"https:\/\/lions-pharmacy.com\/es\/producto\/wobenzym-tablets-2x-800-pcs-double-pack","name":"&#187; guardar","isPartOf":{"@id":"https:\/\/lions-pharmacy.com\/es#website"},"primaryImageOfPage":{"@id":"https:\/\/lions-pharmacy.com\/es\/producto\/wobenzym-tablets-2x-800-pcs-double-pack#primaryimage"},"image":{"@id":"https:\/\/lions-pharmacy.com\/es\/producto\/wobenzym-tablets-2x-800-pcs-double-pack#primaryimage"},"thumbnailUrl":"https:\/\/lions-pharmacy.com\/wp-content\/uploads\/2026\/02\/Wobenzym-enteric-coated-tablets-800-St.-PZN-13751860.webp","datePublished":"2026-02-26T14:48:29+00:00","dateModified":"2026-02-26T15:11:31+00:00","description":"\u00bfDolor articular, inflamaci\u00f3n, proceso de curaci\u00f3n abierto? Las enzimas activan la autocuraci\u00f3n. M\u00e1s informaci\u00f3n sobre: WOBENZYM comprimidos con cubierta ent\u00e9rica 2x 800 uds. (paquete doble)","breadcrumb":{"@id":"https:\/\/lions-pharmacy.com\/es\/producto\/wobenzym-tablets-2x-800-pcs-double-pack#breadcrumb"},"inLanguage":"es","potentialAction":[{"@type":"ReadAction","target":["https:\/\/lions-pharmacy.com\/es\/producto\/wobenzym-tablets-2x-800-pcs-double-pack"]}]},{"@type":"ImageObject","inLanguage":"es","@id":"https:\/\/lions-pharmacy.com\/es\/producto\/wobenzym-tablets-2x-800-pcs-double-pack#primaryimage","url":"https:\/\/lions-pharmacy.com\/wp-content\/uploads\/2026\/02\/Wobenzym-enteric-coated-tablets-800-St.-PZN-13751860.webp","contentUrl":"https:\/\/lions-pharmacy.com\/wp-content\/uploads\/2026\/02\/Wobenzym-enteric-coated-tablets-800-St.-PZN-13751860.webp","width":600,"height":600,"caption":"Wobenzym comprimidos con cubierta ent\u00e9rica 800 St. PZN 13751860"},{"@type":"BreadcrumbList","@id":"https:\/\/lions-pharmacy.com\/es\/producto\/wobenzym-tablets-2x-800-pcs-double-pack#breadcrumb","itemListElement":[{"@type":"ListItem","position":1,"name":"Home","item":"https:\/\/lions-pharmacy.com\/es\/homepage-lion-pharmacy"},{"@type":"ListItem","position":2,"name":"Shop","item":"https:\/\/lions-pharmacy.com\/es\/tienda"},{"@type":"ListItem","position":3,"name":"WOBENZYM comprimidos con cubierta ent\u00e9rica 2x 800 uds. (paquete doble)"}]},{"@type":"WebSite","@id":"https:\/\/lions-pharmacy.com\/es#website","url":"https:\/\/lions-pharmacy.com\/es","name":"Lions Pharmacy","description":"Farmacia especializada en naturopat\u00eda de Baden-Baden, Alemania","publisher":{"@id":"https:\/\/lions-pharmacy.com\/es#organization"},"alternateName":"Lion Pharmacy","potentialAction":[{"@type":"SearchAction","target":{"@type":"EntryPoint","urlTemplate":"https:\/\/lions-pharmacy.com\/es?s={search_term_string}"},"query-input":{"@type":"PropertyValueSpecification","valueRequired":true,"valueName":"search_term_string"}}],"inLanguage":"es"},{"@type":"Organization","@id":"https:\/\/lions-pharmacy.com\/es#organization","name":"Lions Pharmacy","alternateName":"Lions Pharmacy24","url":"https:\/\/lions-pharmacy.com\/es","logo":{"@type":"ImageObject","inLanguage":"es","@id":"https:\/\/lions-pharmacy.com\/es#\/schema\/logo\/image\/","url":"https:\/\/lions-pharmacy.com\/wp-content\/uploads\/2022\/12\/Logo-Lion-Pharmacy-c-o-Loewen-Apotheke-smal.jpg","contentUrl":"https:\/\/lions-pharmacy.com\/wp-content\/uploads\/2022\/12\/Logo-Lion-Pharmacy-c-o-Loewen-Apotheke-smal.jpg","width":298,"height":99,"caption":"Lions Pharmacy"},"image":{"@id":"https:\/\/lions-pharmacy.com\/es#\/schema\/logo\/image\/"}}]}},"_links":{"self":[{"href":"https:\/\/lions-pharmacy.com\/es\/wp-json\/wp\/v2\/product\/21024","targetHints":{"allow":["GET"]}}],"collection":[{"href":"https:\/\/lions-pharmacy.com\/es\/wp-json\/wp\/v2\/product"}],"about":[{"href":"https:\/\/lions-pharmacy.com\/es\/wp-json\/wp\/v2\/types\/product"}],"replies":[{"embeddable":true,"href":"https:\/\/lions-pharmacy.com\/es\/wp-json\/wp\/v2\/comments?post=21024"}],"wp:featuredmedia":[{"embeddable":true,"href":"https:\/\/lions-pharmacy.com\/es\/wp-json\/wp\/v2\/media\/21032"}],"wp:attachment":[{"href":"https:\/\/lions-pharmacy.com\/es\/wp-json\/wp\/v2\/media?parent=21024"}],"wp:term":[{"taxonomy":"product_brand","embeddable":true,"href":"https:\/\/lions-pharmacy.com\/es\/wp-json\/wp\/v2\/product_brand?post=21024"},{"taxonomy":"product_cat","embeddable":true,"href":"https:\/\/lions-pharmacy.com\/es\/wp-json\/wp\/v2\/product_cat?post=21024"},{"taxonomy":"product_tag","embeddable":true,"href":"https:\/\/lions-pharmacy.com\/es\/wp-json\/wp\/v2\/product_tag?post=21024"}],"curies":[{"name":"wp","href":"https:\/\/api.w.org\/{rel}","templated":true}]}}