{"id":20918,"date":"2026-02-24T19:52:51","date_gmt":"2026-02-24T18:52:51","guid":{"rendered":"https:\/\/lions-pharmacy.com\/?post_type=product&#038;p=20918"},"modified":"2026-02-24T21:37:00","modified_gmt":"2026-02-24T20:37:00","slug":"crataegutt-450-mg-tablets-100-pcs-14064535","status":"publish","type":"product","link":"https:\/\/lions-pharmacy.com\/es\/producto\/crataegutt-450-mg-tablets-100-pcs-14064535","title":{"rendered":"Crataegutt 450 mg comprimidos (100 uds.)"},"content":{"rendered":"<h2 style=\"text-align: left;\">Crataegutt 450 mg comprimidos cardiovasculares<\/h2>\n<p>Crataegutt 450 mg Comprimidos Cardiovasculares son medicamentos a base de plantas bien tolerados para apoyar la funci\u00f3n cardiovascular. Contienen el extracto especial de espino WS\u00ae 1442 de hojas y flores de espino. Esto ayuda a tu sistema cardiovascular reforzando la potencia de bombeo del coraz\u00f3n y manteniendo el\u00e1sticos los vasos sangu\u00edneos. Esto permite que la sangre fluya m\u00e1s f\u00e1cilmente por el cuerpo y suministre ox\u00edgeno al organismo.<\/p>\n<p>El extracto de espino blanco que contiene tambi\u00e9n puede utilizarse como antienvejecimiento, protege las c\u00e9lulas nerviosas y tambi\u00e9n mejora los trastornos cognitivos y el Alzheimer.<br \/>\nEl crataegutt tiene un efecto positivo en la cicatrizaci\u00f3n de heridas y tambi\u00e9n puede ser un compa\u00f1ero para la depresi\u00f3n y la ansiedad.<\/p>\n<p>Dr. Willmar Schwabe GmbH &amp; Co. KG es la empresa matriz del Grupo Schwabe, tambi\u00e9n conocido como Grupo de Empresas Schwabe o Grupo Schwabe. La empresa farmac\u00e9utica se fund\u00f3 en Leipzig en 1865. La sede se traslad\u00f3 a Karlsruhe en 1946. El Grupo se centra en las industrias sanitaria y farmac\u00e9utica, especializ\u00e1ndose en medicamentos a base de plantas medicinales y homeop\u00e1ticos, fitof\u00e1rmacos y homeop\u00e1ticos, suplementos nutricionales de origen vegetal medicinal, y servicios adicionales para la atenci\u00f3n sanitaria hol\u00edstica y la autoayuda, como programas de entrenamiento para la forma f\u00edsica y mental. Entre ellas est\u00e1n las marcas Tebonin, Umckaloabo.<\/p>\n<p>Otros productos de <a href=\"https:\/\/lions-pharmacy.com\/es\/product-category\/dr-schwabe-es\">Dr. Schwabe en nuestro surtido<\/a><br \/>\nPuedes encontrar m\u00e1s informaci\u00f3n sobre Crataegutt 450 mg en la p\u00e1gina web del fabricante: <a href=\"https:\/\/www.crataegutt.de\/produkte\/crataegutt-tabletten\" target=\"_blank\" rel=\"noopener\">Informaci\u00f3n sobre el producto y el fabricante Dr. Schwabe<\/a><br \/>\nOtros clientes tambi\u00e9n se interesaron por productos del tema <a href=\"\/de?product_tag=vital\">Vitalidad, p\u00e9rdida de rendimiento y olvido<\/a> | Cardiovascular<\/p>\n<p>La informaci\u00f3n contenida en este sitio web se facilita \u00fanicamente con fines informativos. En ning\u00fan caso sustituyen al examen y tratamiento por un m\u00e9dico. Tenga en cuenta que esto significa que no se pueden hacer diagn\u00f3sticos ni iniciar terapias.<\/p>\n<p>Para conocer los riesgos y efectos secundarios, lea el prospecto y consulte a su m\u00e9dico o farmac\u00e9utico.<\/p>\n","protected":false},"excerpt":{"rendered":"<h2 style=\"text-align: left;\">Crataegutt 450 mg Comprimidos Cardiovasculares<\/h2>\n<p>Crataegutt 450 mg comprimidos cardiovasculares &#8211; medicamentos a base de plantas para apoyar la funci\u00f3n cardiovascular.<\/p>\n<p>&nbsp;<\/p>\n<p><strong>PZN<\/strong>: 14064535 (N\u00famero Central de Farmacia)<\/p>\n<p><strong>Forma farmac\u00e9utica<\/strong>: comprimidos recubiertos con pel\u00edcula &#8211; 100 uds.<\/p>\n<p><strong>Tipo de receta<\/strong>: sin receta<\/p>\n<p><strong>Marca<\/strong>: Crataegutt<\/p>\n<p><strong>Fabricante<\/strong>: Dr.Willmar Schwabe GmbH &amp; Co.KG, Alemania<\/p>\n","protected":false},"featured_media":20923,"comment_status":"closed","ping_status":"closed","template":"","meta":[],"product_brand":[],"product_cat":[463,125,116],"product_tag":[489,490,507,488],"class_list":{"0":"post-20918","1":"product","2":"type-product","3":"status-publish","4":"has-post-thumbnail","6":"product_cat-dr-schwabe-es","7":"product_cat-sale-es","8":"product_cat-sin-categorizar","9":"product_tag-dr-schwabe-es","10":"product_tag-ingrediente-activo-a-base-de-hierbas","11":"product_tag-mareos","12":"product_tag-remedios-naturales","13":"ts_product_brand-all-es","14":"ts_product_brand-dr-schwabe-es","16":"first","17":"instock","18":"sale","19":"taxable","20":"shipping-taxable","21":"purchasable","22":"product-type-simple"},"yoast_head":"<!-- This site is optimized with the Yoast SEO plugin v26.5 - https:\/\/yoast.com\/wordpress\/plugins\/seo\/ -->\n<title>Crataegutt 450 mg comprimidos (100 uds.) &#187; Lion Pharmacy<\/title>\n<meta name=\"description\" content=\"Farmacia Leones | Farmacia en l\u00ednea alemana registrada. Ofrecemos: env\u00edo internacional r\u00e1pido y compras convenientes. Crataegutt 450 mg comprimidos (100 uds.)\" \/>\n<meta name=\"robots\" content=\"index, follow, max-snippet:-1, max-image-preview:large, max-video-preview:-1\" \/>\n<link rel=\"canonical\" href=\"https:\/\/lions-pharmacy.com\/es\/producto\/crataegutt-450-mg-tablets-100-pcs-14064535\" \/>\n<meta property=\"og:locale\" content=\"es_ES\" \/>\n<meta property=\"og:type\" content=\"article\" \/>\n<meta property=\"og:title\" content=\"Crataegutt 450 mg comprimidos (100 uds.) &#187; Lion Pharmacy\" \/>\n<meta property=\"og:description\" content=\"Farmacia Leones | Farmacia en l\u00ednea alemana registrada. Ofrecemos: env\u00edo internacional r\u00e1pido y compras convenientes. Crataegutt 450 mg comprimidos (100 uds.)\" \/>\n<meta property=\"og:url\" content=\"https:\/\/lions-pharmacy.com\/es\/producto\/crataegutt-450-mg-tablets-100-pcs-14064535\" \/>\n<meta property=\"og:site_name\" content=\"Lion Pharmacy\" \/>\n<meta property=\"article:modified_time\" content=\"2026-02-24T20:37:00+00:00\" \/>\n<meta property=\"og:image\" content=\"https:\/\/lions-pharmacy.com\/wp-content\/uploads\/2026\/02\/Crataegutt-450-mg-Herz-Kreislauf-Tabletten.webp\" \/>\n\t<meta property=\"og:image:width\" content=\"600\" \/>\n\t<meta property=\"og:image:height\" content=\"600\" \/>\n\t<meta property=\"og:image:type\" content=\"image\/webp\" \/>\n<meta name=\"twitter:card\" content=\"summary_large_image\" \/>\n<meta name=\"twitter:label1\" content=\"Tiempo de lectura\" \/>\n\t<meta name=\"twitter:data1\" content=\"2 minutos\" \/>\n<script type=\"application\/ld+json\" class=\"yoast-schema-graph\">{\"@context\":\"https:\/\/schema.org\",\"@graph\":[{\"@type\":\"WebPage\",\"@id\":\"https:\/\/lions-pharmacy.com\/es\/producto\/crataegutt-450-mg-tablets-100-pcs-14064535\",\"url\":\"https:\/\/lions-pharmacy.com\/es\/producto\/crataegutt-450-mg-tablets-100-pcs-14064535\",\"name\":\"Crataegutt 450 mg comprimidos (100 uds.) &#187; Lion Pharmacy\",\"isPartOf\":{\"@id\":\"https:\/\/lions-pharmacy.com\/es#website\"},\"primaryImageOfPage\":{\"@id\":\"https:\/\/lions-pharmacy.com\/es\/producto\/crataegutt-450-mg-tablets-100-pcs-14064535#primaryimage\"},\"image\":{\"@id\":\"https:\/\/lions-pharmacy.com\/es\/producto\/crataegutt-450-mg-tablets-100-pcs-14064535#primaryimage\"},\"thumbnailUrl\":\"https:\/\/lions-pharmacy.com\/wp-content\/uploads\/2026\/02\/Crataegutt-450-mg-Herz-Kreislauf-Tabletten.webp\",\"datePublished\":\"2026-02-24T18:52:51+00:00\",\"dateModified\":\"2026-02-24T20:37:00+00:00\",\"description\":\"Farmacia Leones | Farmacia en l\u00ednea alemana registrada. Ofrecemos: env\u00edo internacional r\u00e1pido y compras convenientes. Crataegutt 450 mg comprimidos (100 uds.)\",\"breadcrumb\":{\"@id\":\"https:\/\/lions-pharmacy.com\/es\/producto\/crataegutt-450-mg-tablets-100-pcs-14064535#breadcrumb\"},\"inLanguage\":\"es\",\"potentialAction\":[{\"@type\":\"ReadAction\",\"target\":[\"https:\/\/lions-pharmacy.com\/es\/producto\/crataegutt-450-mg-tablets-100-pcs-14064535\"]}]},{\"@type\":\"ImageObject\",\"inLanguage\":\"es\",\"@id\":\"https:\/\/lions-pharmacy.com\/es\/producto\/crataegutt-450-mg-tablets-100-pcs-14064535#primaryimage\",\"url\":\"https:\/\/lions-pharmacy.com\/wp-content\/uploads\/2026\/02\/Crataegutt-450-mg-Herz-Kreislauf-Tabletten.webp\",\"contentUrl\":\"https:\/\/lions-pharmacy.com\/wp-content\/uploads\/2026\/02\/Crataegutt-450-mg-Herz-Kreislauf-Tabletten.webp\",\"width\":600,\"height\":600,\"caption\":\"Crataegutt 450 mg comprimidos cardiovasculares\"},{\"@type\":\"BreadcrumbList\",\"@id\":\"https:\/\/lions-pharmacy.com\/es\/producto\/crataegutt-450-mg-tablets-100-pcs-14064535#breadcrumb\",\"itemListElement\":[{\"@type\":\"ListItem\",\"position\":1,\"name\":\"Home\",\"item\":\"https:\/\/lions-pharmacy.com\/es\/homepage-lion-pharmacy\"},{\"@type\":\"ListItem\",\"position\":2,\"name\":\"Shop\",\"item\":\"https:\/\/lions-pharmacy.com\/es\/tienda\"},{\"@type\":\"ListItem\",\"position\":3,\"name\":\"Crataegutt 450 mg comprimidos (100 uds.)\"}]},{\"@type\":\"WebSite\",\"@id\":\"https:\/\/lions-pharmacy.com\/es#website\",\"url\":\"https:\/\/lions-pharmacy.com\/es\",\"name\":\"Lions Pharmacy\",\"description\":\"Farmacia especializada en naturopat\u00eda de Baden-Baden, Alemania\",\"publisher\":{\"@id\":\"https:\/\/lions-pharmacy.com\/es#organization\"},\"alternateName\":\"Lion Pharmacy\",\"potentialAction\":[{\"@type\":\"SearchAction\",\"target\":{\"@type\":\"EntryPoint\",\"urlTemplate\":\"https:\/\/lions-pharmacy.com\/es?s={search_term_string}\"},\"query-input\":{\"@type\":\"PropertyValueSpecification\",\"valueRequired\":true,\"valueName\":\"search_term_string\"}}],\"inLanguage\":\"es\"},{\"@type\":\"Organization\",\"@id\":\"https:\/\/lions-pharmacy.com\/es#organization\",\"name\":\"Lions Pharmacy\",\"alternateName\":\"Lions Pharmacy24\",\"url\":\"https:\/\/lions-pharmacy.com\/es\",\"logo\":{\"@type\":\"ImageObject\",\"inLanguage\":\"es\",\"@id\":\"https:\/\/lions-pharmacy.com\/es#\/schema\/logo\/image\/\",\"url\":\"https:\/\/lions-pharmacy.com\/wp-content\/uploads\/2022\/12\/Logo-Lion-Pharmacy-c-o-Loewen-Apotheke-smal.jpg\",\"contentUrl\":\"https:\/\/lions-pharmacy.com\/wp-content\/uploads\/2022\/12\/Logo-Lion-Pharmacy-c-o-Loewen-Apotheke-smal.jpg\",\"width\":298,\"height\":99,\"caption\":\"Lions Pharmacy\"},\"image\":{\"@id\":\"https:\/\/lions-pharmacy.com\/es#\/schema\/logo\/image\/\"}}]}<\/script>\n<!-- \/ Yoast SEO plugin. -->","yoast_head_json":{"title":"Crataegutt 450 mg comprimidos (100 uds.) &#187; Lion Pharmacy","description":"Farmacia Leones | Farmacia en l\u00ednea alemana registrada. Ofrecemos: env\u00edo internacional r\u00e1pido y compras convenientes. Crataegutt 450 mg comprimidos (100 uds.)","robots":{"index":"index","follow":"follow","max-snippet":"max-snippet:-1","max-image-preview":"max-image-preview:large","max-video-preview":"max-video-preview:-1"},"canonical":"https:\/\/lions-pharmacy.com\/es\/producto\/crataegutt-450-mg-tablets-100-pcs-14064535","og_locale":"es_ES","og_type":"article","og_title":"Crataegutt 450 mg comprimidos (100 uds.) &#187; Lion Pharmacy","og_description":"Farmacia Leones | Farmacia en l\u00ednea alemana registrada. Ofrecemos: env\u00edo internacional r\u00e1pido y compras convenientes. Crataegutt 450 mg comprimidos (100 uds.)","og_url":"https:\/\/lions-pharmacy.com\/es\/producto\/crataegutt-450-mg-tablets-100-pcs-14064535","og_site_name":"Lion Pharmacy","article_modified_time":"2026-02-24T20:37:00+00:00","og_image":[{"width":600,"height":600,"url":"https:\/\/lions-pharmacy.com\/wp-content\/uploads\/2026\/02\/Crataegutt-450-mg-Herz-Kreislauf-Tabletten.webp","type":"image\/webp"}],"twitter_card":"summary_large_image","twitter_misc":{"Tiempo de lectura":"2 minutos"},"schema":{"@context":"https:\/\/schema.org","@graph":[{"@type":"WebPage","@id":"https:\/\/lions-pharmacy.com\/es\/producto\/crataegutt-450-mg-tablets-100-pcs-14064535","url":"https:\/\/lions-pharmacy.com\/es\/producto\/crataegutt-450-mg-tablets-100-pcs-14064535","name":"Crataegutt 450 mg comprimidos (100 uds.) &#187; Lion Pharmacy","isPartOf":{"@id":"https:\/\/lions-pharmacy.com\/es#website"},"primaryImageOfPage":{"@id":"https:\/\/lions-pharmacy.com\/es\/producto\/crataegutt-450-mg-tablets-100-pcs-14064535#primaryimage"},"image":{"@id":"https:\/\/lions-pharmacy.com\/es\/producto\/crataegutt-450-mg-tablets-100-pcs-14064535#primaryimage"},"thumbnailUrl":"https:\/\/lions-pharmacy.com\/wp-content\/uploads\/2026\/02\/Crataegutt-450-mg-Herz-Kreislauf-Tabletten.webp","datePublished":"2026-02-24T18:52:51+00:00","dateModified":"2026-02-24T20:37:00+00:00","description":"Farmacia Leones | Farmacia en l\u00ednea alemana registrada. Ofrecemos: env\u00edo internacional r\u00e1pido y compras convenientes. Crataegutt 450 mg comprimidos (100 uds.)","breadcrumb":{"@id":"https:\/\/lions-pharmacy.com\/es\/producto\/crataegutt-450-mg-tablets-100-pcs-14064535#breadcrumb"},"inLanguage":"es","potentialAction":[{"@type":"ReadAction","target":["https:\/\/lions-pharmacy.com\/es\/producto\/crataegutt-450-mg-tablets-100-pcs-14064535"]}]},{"@type":"ImageObject","inLanguage":"es","@id":"https:\/\/lions-pharmacy.com\/es\/producto\/crataegutt-450-mg-tablets-100-pcs-14064535#primaryimage","url":"https:\/\/lions-pharmacy.com\/wp-content\/uploads\/2026\/02\/Crataegutt-450-mg-Herz-Kreislauf-Tabletten.webp","contentUrl":"https:\/\/lions-pharmacy.com\/wp-content\/uploads\/2026\/02\/Crataegutt-450-mg-Herz-Kreislauf-Tabletten.webp","width":600,"height":600,"caption":"Crataegutt 450 mg comprimidos cardiovasculares"},{"@type":"BreadcrumbList","@id":"https:\/\/lions-pharmacy.com\/es\/producto\/crataegutt-450-mg-tablets-100-pcs-14064535#breadcrumb","itemListElement":[{"@type":"ListItem","position":1,"name":"Home","item":"https:\/\/lions-pharmacy.com\/es\/homepage-lion-pharmacy"},{"@type":"ListItem","position":2,"name":"Shop","item":"https:\/\/lions-pharmacy.com\/es\/tienda"},{"@type":"ListItem","position":3,"name":"Crataegutt 450 mg comprimidos (100 uds.)"}]},{"@type":"WebSite","@id":"https:\/\/lions-pharmacy.com\/es#website","url":"https:\/\/lions-pharmacy.com\/es","name":"Lions Pharmacy","description":"Farmacia especializada en naturopat\u00eda de Baden-Baden, Alemania","publisher":{"@id":"https:\/\/lions-pharmacy.com\/es#organization"},"alternateName":"Lion Pharmacy","potentialAction":[{"@type":"SearchAction","target":{"@type":"EntryPoint","urlTemplate":"https:\/\/lions-pharmacy.com\/es?s={search_term_string}"},"query-input":{"@type":"PropertyValueSpecification","valueRequired":true,"valueName":"search_term_string"}}],"inLanguage":"es"},{"@type":"Organization","@id":"https:\/\/lions-pharmacy.com\/es#organization","name":"Lions Pharmacy","alternateName":"Lions Pharmacy24","url":"https:\/\/lions-pharmacy.com\/es","logo":{"@type":"ImageObject","inLanguage":"es","@id":"https:\/\/lions-pharmacy.com\/es#\/schema\/logo\/image\/","url":"https:\/\/lions-pharmacy.com\/wp-content\/uploads\/2022\/12\/Logo-Lion-Pharmacy-c-o-Loewen-Apotheke-smal.jpg","contentUrl":"https:\/\/lions-pharmacy.com\/wp-content\/uploads\/2022\/12\/Logo-Lion-Pharmacy-c-o-Loewen-Apotheke-smal.jpg","width":298,"height":99,"caption":"Lions Pharmacy"},"image":{"@id":"https:\/\/lions-pharmacy.com\/es#\/schema\/logo\/image\/"}}]}},"_links":{"self":[{"href":"https:\/\/lions-pharmacy.com\/es\/wp-json\/wp\/v2\/product\/20918","targetHints":{"allow":["GET"]}}],"collection":[{"href":"https:\/\/lions-pharmacy.com\/es\/wp-json\/wp\/v2\/product"}],"about":[{"href":"https:\/\/lions-pharmacy.com\/es\/wp-json\/wp\/v2\/types\/product"}],"replies":[{"embeddable":true,"href":"https:\/\/lions-pharmacy.com\/es\/wp-json\/wp\/v2\/comments?post=20918"}],"wp:featuredmedia":[{"embeddable":true,"href":"https:\/\/lions-pharmacy.com\/es\/wp-json\/wp\/v2\/media\/20923"}],"wp:attachment":[{"href":"https:\/\/lions-pharmacy.com\/es\/wp-json\/wp\/v2\/media?parent=20918"}],"wp:term":[{"taxonomy":"product_brand","embeddable":true,"href":"https:\/\/lions-pharmacy.com\/es\/wp-json\/wp\/v2\/product_brand?post=20918"},{"taxonomy":"product_cat","embeddable":true,"href":"https:\/\/lions-pharmacy.com\/es\/wp-json\/wp\/v2\/product_cat?post=20918"},{"taxonomy":"product_tag","embeddable":true,"href":"https:\/\/lions-pharmacy.com\/es\/wp-json\/wp\/v2\/product_tag?post=20918"}],"curies":[{"name":"wp","href":"https:\/\/api.w.org\/{rel}","templated":true}]}}