{"id":20135,"date":"2026-02-01T07:13:40","date_gmt":"2026-02-01T06:13:40","guid":{"rendered":"https:\/\/lions-pharmacy.com\/?post_type=product&#038;p=20135"},"modified":"2026-02-01T08:43:34","modified_gmt":"2026-02-01T07:43:34","slug":"vitamin-b6-injektopas-100-x-2ml-02180213","status":"publish","type":"product","link":"https:\/\/lions-pharmacy.com\/es\/producto\/vitamin-b6-injektopas-100-x-2ml-02180213","title":{"rendered":"Vitamina B6 Injektopas (100 x 2ml)"},"content":{"rendered":"<h2>Vitamina B6 Injektopas<\/h2>\n<p>Vitamina B6 Injektopas 25 mg soluci\u00f3n inyectable. Soluci\u00f3n inyectable para el tratamiento de la deficiencia de vitamina B6 cuando no es posible la administraci\u00f3n oral.<\/p>\n<p>Injektopas\u00ae 25 mg<br \/>\nPrincipio activo: Clorhidrato de piridoxina 25 mg por 2 ml de soluci\u00f3n inyectable.<\/p>\n<p>La cartera de Pascoe incluye alrededor de 200 productos. Estos incluyen hierbas medicinales, preparaciones vitam\u00ednicas en dosis altas, remedios complejos homeop\u00e1ticos y suplementos diet\u00e9ticos. La variedad de medicamentos tiene en cuenta los complejos requisitos de los productos sanitarios. Nuestro \u00e9xito tambi\u00e9n nos da la raz\u00f3n a nivel internacional: nuestros productos se exportan a m\u00e1s de 30 pa\u00edses de todo el mundo, y la tendencia va en aumento.<\/p>\n<p>Otros productos para la aplicaci\u00f3n: <a href=\"https:\/\/lions-pharmacy.com\/es\/etiqueta-producto\/homeopatia\">Homeopat\u00eda<\/a> | <a href=\"https:\/\/lions-pharmacy.com\/es\/etiqueta-producto\/vitaminas-y-suplementos\">Vitaminas<\/a> | <a href=\"https:\/\/lions-pharmacy.com\/es\/etiqueta-producto\/infeccion-virica\">Infecciones <\/a> <\/p>\n<p>Obtenga m\u00e1s informaci\u00f3n sobre manufactorer y este producto: <a href=\"https:\/\/www.pascoe.de\/\" target=\"_blank\" rel=\"noopener\">Pascoe pharmazeutische Pr\u00e4parate GmbH<\/a> (enlace al sitio web externo)<\/p>\n<p>La informaci\u00f3n contenida en este sitio web se facilita \u00fanicamente con fines informativos. En ning\u00fan caso sustituyen al examen y tratamiento por un m\u00e9dico. Tenga en cuenta que esto significa que no se pueden hacer diagn\u00f3sticos ni iniciar terapias.<\/p>\n<p>Los suplementos diet\u00e9ticos no son un sustituto de una dieta equilibrada y variada y un estilo de vida saludable.<\/p>\n<p>Para conocer los riesgos y efectos secundarios, lea el prospecto y consulte a su m\u00e9dico o farmac\u00e9utico.<\/p>\n<h3>Canjea la receta o la receta electr\u00f3nica:<\/h3>\n<p>\u00bfTienes receta o receta electr\u00f3nica? Env\u00edala c\u00f3modamente a trav\u00e9s de nuestra aplicaci\u00f3n <a class=\"ProsemirrorEditor-link\" href=\"https:\/\/e-rezept-app.de\/shop-rezept\">de receta electr\u00f3nica<\/a>; tambi\u00e9n son posibles las recetas privadas para aut\u00f3nomos. R\u00e1pido, seguro y f\u00e1cil.<\/p>\n<p class=\"TypographyPresentation TypographyPresentation--medium RichText3-paragraph--withVSpacingNormal RichText3-paragraph HighlightSol HighlightSol--buildingBlock\"><strong>\u00bfTienes preguntas? \u00a1Estamos a tu disposici\u00f3n!<\/strong><\/p>\n<p class=\"TypographyPresentation TypographyPresentation--medium RichText3-paragraph--withVSpacingNormal RichText3-paragraph HighlightSol HighlightSol--buildingBlock\">Nuestra farmac\u00e9utica responsable, <strong>la Dra. Sandra Hoff<\/strong>, y su equipo estar\u00e1n encantados de asesorarte personalmente, por tel\u00e9fono o correo electr\u00f3nico. Como <strong>aut\u00e9ntica farmacia local<\/strong> y <strong>farmacia autorizada<\/strong> de <strong>venta por<\/strong> correspondencia , te ofrecemos un apoyo competente, especialmente en los \u00e1mbitos de <strong>la naturopat\u00eda<\/strong> y los <strong>complementos diet\u00e9ticos<\/strong>, aqu\u00ed los productos de Pascoe pharmazeutische Pr\u00e4parate GmbH, vitOrgan Arzneimittel y Labo Life. <a href=\"https:\/\/versandhandel.dimdi.de\/websearch\/servlet\/Gate;jsessionid=0D29D15655BE1174E9178A340E8FE6BC?accessid=dimdi_var&amp;term=3c387956690121ccc8763184f052b93f\" target=\"_blank\" rel=\"noopener\">A la inscripci\u00f3n en el registro de pedidos por correo.<\/a><\/p>\n","protected":false},"excerpt":{"rendered":"<h2>Vitamina B6 Injektopas<\/h2>\n<p>Injektopas 25 mg soluci\u00f3n inyectable, deficiencia de vitamina B6<\/p>\n<p>&nbsp;<\/p>\n<p><strong>PZN<\/strong>: 02180213 (N\u00famero central de farmacia)<\/p>\n<p><strong>Forma farmac\u00e9utica<\/strong>: ampollas<\/p>\n<p><strong>Tipo de receta<\/strong>: sin receta<\/p>\n<p><strong>Fabricante<\/strong>: Pascoe pharmazeutische Pr\u00e4parate GmbH<\/p>\n<p><strong>Tama\u00f1o del envase<\/strong>: 100 x 2ml<\/p>\n","protected":false},"featured_media":20140,"comment_status":"closed","ping_status":"closed","template":"","meta":[],"product_brand":[],"product_cat":[601,116],"product_tag":[274,517,308,272],"class_list":{"0":"post-20135","1":"product","2":"type-product","3":"status-publish","4":"has-post-thumbnail","6":"product_cat-pascoe-es","7":"product_cat-sin-categorizar","8":"product_tag-bienestar","9":"product_tag-corona-y-defensa-inmune","10":"product_tag-homeopatia","11":"product_tag-vitaminas-y-suplementos","12":"ts_product_brand-all-es","13":"ts_product_brand-pascoe-es","15":"first","16":"instock","17":"sale","18":"taxable","19":"shipping-taxable","20":"purchasable","21":"product-type-simple"},"yoast_head":"<!-- This site is optimized with the Yoast SEO plugin v26.5 - https:\/\/yoast.com\/wordpress\/plugins\/seo\/ -->\n<title>Vitamina B6 Injektopas (100 x 2ml) &#187; Orden en Lion Pharmacy<\/title>\n<meta name=\"description\" content=\"La Farmacia de los Leones es una farmacia alemana registrada. Env\u00edo internacional r\u00e1pido con DHL. M\u00e1s informaci\u00f3n sobre Pascoe y Vitamina B6 Injektopas (100 x 2ml)\" \/>\n<meta name=\"robots\" content=\"index, follow, max-snippet:-1, max-image-preview:large, max-video-preview:-1\" \/>\n<link rel=\"canonical\" href=\"https:\/\/lions-pharmacy.com\/es\/producto\/vitamin-b6-injektopas-100-x-2ml-02180213\" \/>\n<meta property=\"og:locale\" content=\"es_ES\" \/>\n<meta property=\"og:type\" content=\"article\" \/>\n<meta property=\"og:title\" content=\"Vitamina B6 Injektopas (100 x 2ml) &#187; Orden en Lion Pharmacy\" \/>\n<meta property=\"og:description\" content=\"La Farmacia de los Leones es una farmacia alemana registrada. Env\u00edo internacional r\u00e1pido con DHL. M\u00e1s informaci\u00f3n sobre Pascoe y Vitamina B6 Injektopas (100 x 2ml)\" \/>\n<meta property=\"og:url\" content=\"https:\/\/lions-pharmacy.com\/es\/producto\/vitamin-b6-injektopas-100-x-2ml-02180213\" \/>\n<meta property=\"og:site_name\" content=\"Lion Pharmacy\" \/>\n<meta property=\"article:modified_time\" content=\"2026-02-01T07:43:34+00:00\" \/>\n<meta property=\"og:image\" content=\"https:\/\/lions-pharmacy.com\/wp-content\/uploads\/2026\/02\/VITAMIN-B6-INJEKTOPAS-25-mg-Injektionslosung-PZN-02180213.webp\" \/>\n\t<meta property=\"og:image:width\" content=\"600\" \/>\n\t<meta property=\"og:image:height\" content=\"600\" \/>\n\t<meta property=\"og:image:type\" content=\"image\/webp\" \/>\n<meta name=\"twitter:card\" content=\"summary_large_image\" \/>\n<meta name=\"twitter:label1\" content=\"Tiempo de lectura\" \/>\n\t<meta name=\"twitter:data1\" content=\"2 minutos\" \/>\n<script type=\"application\/ld+json\" class=\"yoast-schema-graph\">{\"@context\":\"https:\/\/schema.org\",\"@graph\":[{\"@type\":\"WebPage\",\"@id\":\"https:\/\/lions-pharmacy.com\/es\/producto\/vitamin-b6-injektopas-100-x-2ml-02180213\",\"url\":\"https:\/\/lions-pharmacy.com\/es\/producto\/vitamin-b6-injektopas-100-x-2ml-02180213\",\"name\":\"Vitamina B6 Injektopas (100 x 2ml) &#187; Orden en Lion Pharmacy\",\"isPartOf\":{\"@id\":\"https:\/\/lions-pharmacy.com\/es#website\"},\"primaryImageOfPage\":{\"@id\":\"https:\/\/lions-pharmacy.com\/es\/producto\/vitamin-b6-injektopas-100-x-2ml-02180213#primaryimage\"},\"image\":{\"@id\":\"https:\/\/lions-pharmacy.com\/es\/producto\/vitamin-b6-injektopas-100-x-2ml-02180213#primaryimage\"},\"thumbnailUrl\":\"https:\/\/lions-pharmacy.com\/wp-content\/uploads\/2026\/02\/VITAMIN-B6-INJEKTOPAS-25-mg-Injektionslosung-PZN-02180213.webp\",\"datePublished\":\"2026-02-01T06:13:40+00:00\",\"dateModified\":\"2026-02-01T07:43:34+00:00\",\"description\":\"La Farmacia de los Leones es una farmacia alemana registrada. Env\u00edo internacional r\u00e1pido con DHL. M\u00e1s informaci\u00f3n sobre Pascoe y Vitamina B6 Injektopas (100 x 2ml)\",\"breadcrumb\":{\"@id\":\"https:\/\/lions-pharmacy.com\/es\/producto\/vitamin-b6-injektopas-100-x-2ml-02180213#breadcrumb\"},\"inLanguage\":\"es\",\"potentialAction\":[{\"@type\":\"ReadAction\",\"target\":[\"https:\/\/lions-pharmacy.com\/es\/producto\/vitamin-b6-injektopas-100-x-2ml-02180213\"]}]},{\"@type\":\"ImageObject\",\"inLanguage\":\"es\",\"@id\":\"https:\/\/lions-pharmacy.com\/es\/producto\/vitamin-b6-injektopas-100-x-2ml-02180213#primaryimage\",\"url\":\"https:\/\/lions-pharmacy.com\/wp-content\/uploads\/2026\/02\/VITAMIN-B6-INJEKTOPAS-25-mg-Injektionslosung-PZN-02180213.webp\",\"contentUrl\":\"https:\/\/lions-pharmacy.com\/wp-content\/uploads\/2026\/02\/VITAMIN-B6-INJEKTOPAS-25-mg-Injektionslosung-PZN-02180213.webp\",\"width\":600,\"height\":600,\"caption\":\"VITAMINA B6 INJEKTOPAS 25 mg PZN-02180213, soluci\u00f3n inyectable\"},{\"@type\":\"BreadcrumbList\",\"@id\":\"https:\/\/lions-pharmacy.com\/es\/producto\/vitamin-b6-injektopas-100-x-2ml-02180213#breadcrumb\",\"itemListElement\":[{\"@type\":\"ListItem\",\"position\":1,\"name\":\"Home\",\"item\":\"https:\/\/lions-pharmacy.com\/es\/homepage-lion-pharmacy\"},{\"@type\":\"ListItem\",\"position\":2,\"name\":\"Shop\",\"item\":\"https:\/\/lions-pharmacy.com\/es\/tienda\"},{\"@type\":\"ListItem\",\"position\":3,\"name\":\"Vitamina B6 Injektopas (100 x 2ml)\"}]},{\"@type\":\"WebSite\",\"@id\":\"https:\/\/lions-pharmacy.com\/es#website\",\"url\":\"https:\/\/lions-pharmacy.com\/es\",\"name\":\"Lions Pharmacy\",\"description\":\"Farmacia especializada en naturopat\u00eda de Baden-Baden, Alemania\",\"publisher\":{\"@id\":\"https:\/\/lions-pharmacy.com\/es#organization\"},\"alternateName\":\"Lion Pharmacy\",\"potentialAction\":[{\"@type\":\"SearchAction\",\"target\":{\"@type\":\"EntryPoint\",\"urlTemplate\":\"https:\/\/lions-pharmacy.com\/es?s={search_term_string}\"},\"query-input\":{\"@type\":\"PropertyValueSpecification\",\"valueRequired\":true,\"valueName\":\"search_term_string\"}}],\"inLanguage\":\"es\"},{\"@type\":\"Organization\",\"@id\":\"https:\/\/lions-pharmacy.com\/es#organization\",\"name\":\"Lions Pharmacy\",\"alternateName\":\"Lions Pharmacy24\",\"url\":\"https:\/\/lions-pharmacy.com\/es\",\"logo\":{\"@type\":\"ImageObject\",\"inLanguage\":\"es\",\"@id\":\"https:\/\/lions-pharmacy.com\/es#\/schema\/logo\/image\/\",\"url\":\"https:\/\/lions-pharmacy.com\/wp-content\/uploads\/2022\/12\/Logo-Lion-Pharmacy-c-o-Loewen-Apotheke-smal.jpg\",\"contentUrl\":\"https:\/\/lions-pharmacy.com\/wp-content\/uploads\/2022\/12\/Logo-Lion-Pharmacy-c-o-Loewen-Apotheke-smal.jpg\",\"width\":298,\"height\":99,\"caption\":\"Lions Pharmacy\"},\"image\":{\"@id\":\"https:\/\/lions-pharmacy.com\/es#\/schema\/logo\/image\/\"}}]}<\/script>\n<!-- \/ Yoast SEO plugin. -->","yoast_head_json":{"title":"Vitamina B6 Injektopas (100 x 2ml) &#187; Orden en Lion Pharmacy","description":"La Farmacia de los Leones es una farmacia alemana registrada. Env\u00edo internacional r\u00e1pido con DHL. M\u00e1s informaci\u00f3n sobre Pascoe y Vitamina B6 Injektopas (100 x 2ml)","robots":{"index":"index","follow":"follow","max-snippet":"max-snippet:-1","max-image-preview":"max-image-preview:large","max-video-preview":"max-video-preview:-1"},"canonical":"https:\/\/lions-pharmacy.com\/es\/producto\/vitamin-b6-injektopas-100-x-2ml-02180213","og_locale":"es_ES","og_type":"article","og_title":"Vitamina B6 Injektopas (100 x 2ml) &#187; Orden en Lion Pharmacy","og_description":"La Farmacia de los Leones es una farmacia alemana registrada. Env\u00edo internacional r\u00e1pido con DHL. M\u00e1s informaci\u00f3n sobre Pascoe y Vitamina B6 Injektopas (100 x 2ml)","og_url":"https:\/\/lions-pharmacy.com\/es\/producto\/vitamin-b6-injektopas-100-x-2ml-02180213","og_site_name":"Lion Pharmacy","article_modified_time":"2026-02-01T07:43:34+00:00","og_image":[{"width":600,"height":600,"url":"https:\/\/lions-pharmacy.com\/wp-content\/uploads\/2026\/02\/VITAMIN-B6-INJEKTOPAS-25-mg-Injektionslosung-PZN-02180213.webp","type":"image\/webp"}],"twitter_card":"summary_large_image","twitter_misc":{"Tiempo de lectura":"2 minutos"},"schema":{"@context":"https:\/\/schema.org","@graph":[{"@type":"WebPage","@id":"https:\/\/lions-pharmacy.com\/es\/producto\/vitamin-b6-injektopas-100-x-2ml-02180213","url":"https:\/\/lions-pharmacy.com\/es\/producto\/vitamin-b6-injektopas-100-x-2ml-02180213","name":"Vitamina B6 Injektopas (100 x 2ml) &#187; Orden en Lion Pharmacy","isPartOf":{"@id":"https:\/\/lions-pharmacy.com\/es#website"},"primaryImageOfPage":{"@id":"https:\/\/lions-pharmacy.com\/es\/producto\/vitamin-b6-injektopas-100-x-2ml-02180213#primaryimage"},"image":{"@id":"https:\/\/lions-pharmacy.com\/es\/producto\/vitamin-b6-injektopas-100-x-2ml-02180213#primaryimage"},"thumbnailUrl":"https:\/\/lions-pharmacy.com\/wp-content\/uploads\/2026\/02\/VITAMIN-B6-INJEKTOPAS-25-mg-Injektionslosung-PZN-02180213.webp","datePublished":"2026-02-01T06:13:40+00:00","dateModified":"2026-02-01T07:43:34+00:00","description":"La Farmacia de los Leones es una farmacia alemana registrada. Env\u00edo internacional r\u00e1pido con DHL. M\u00e1s informaci\u00f3n sobre Pascoe y Vitamina B6 Injektopas (100 x 2ml)","breadcrumb":{"@id":"https:\/\/lions-pharmacy.com\/es\/producto\/vitamin-b6-injektopas-100-x-2ml-02180213#breadcrumb"},"inLanguage":"es","potentialAction":[{"@type":"ReadAction","target":["https:\/\/lions-pharmacy.com\/es\/producto\/vitamin-b6-injektopas-100-x-2ml-02180213"]}]},{"@type":"ImageObject","inLanguage":"es","@id":"https:\/\/lions-pharmacy.com\/es\/producto\/vitamin-b6-injektopas-100-x-2ml-02180213#primaryimage","url":"https:\/\/lions-pharmacy.com\/wp-content\/uploads\/2026\/02\/VITAMIN-B6-INJEKTOPAS-25-mg-Injektionslosung-PZN-02180213.webp","contentUrl":"https:\/\/lions-pharmacy.com\/wp-content\/uploads\/2026\/02\/VITAMIN-B6-INJEKTOPAS-25-mg-Injektionslosung-PZN-02180213.webp","width":600,"height":600,"caption":"VITAMINA B6 INJEKTOPAS 25 mg PZN-02180213, soluci\u00f3n inyectable"},{"@type":"BreadcrumbList","@id":"https:\/\/lions-pharmacy.com\/es\/producto\/vitamin-b6-injektopas-100-x-2ml-02180213#breadcrumb","itemListElement":[{"@type":"ListItem","position":1,"name":"Home","item":"https:\/\/lions-pharmacy.com\/es\/homepage-lion-pharmacy"},{"@type":"ListItem","position":2,"name":"Shop","item":"https:\/\/lions-pharmacy.com\/es\/tienda"},{"@type":"ListItem","position":3,"name":"Vitamina B6 Injektopas (100 x 2ml)"}]},{"@type":"WebSite","@id":"https:\/\/lions-pharmacy.com\/es#website","url":"https:\/\/lions-pharmacy.com\/es","name":"Lions Pharmacy","description":"Farmacia especializada en naturopat\u00eda de Baden-Baden, Alemania","publisher":{"@id":"https:\/\/lions-pharmacy.com\/es#organization"},"alternateName":"Lion Pharmacy","potentialAction":[{"@type":"SearchAction","target":{"@type":"EntryPoint","urlTemplate":"https:\/\/lions-pharmacy.com\/es?s={search_term_string}"},"query-input":{"@type":"PropertyValueSpecification","valueRequired":true,"valueName":"search_term_string"}}],"inLanguage":"es"},{"@type":"Organization","@id":"https:\/\/lions-pharmacy.com\/es#organization","name":"Lions Pharmacy","alternateName":"Lions Pharmacy24","url":"https:\/\/lions-pharmacy.com\/es","logo":{"@type":"ImageObject","inLanguage":"es","@id":"https:\/\/lions-pharmacy.com\/es#\/schema\/logo\/image\/","url":"https:\/\/lions-pharmacy.com\/wp-content\/uploads\/2022\/12\/Logo-Lion-Pharmacy-c-o-Loewen-Apotheke-smal.jpg","contentUrl":"https:\/\/lions-pharmacy.com\/wp-content\/uploads\/2022\/12\/Logo-Lion-Pharmacy-c-o-Loewen-Apotheke-smal.jpg","width":298,"height":99,"caption":"Lions Pharmacy"},"image":{"@id":"https:\/\/lions-pharmacy.com\/es#\/schema\/logo\/image\/"}}]}},"_links":{"self":[{"href":"https:\/\/lions-pharmacy.com\/es\/wp-json\/wp\/v2\/product\/20135","targetHints":{"allow":["GET"]}}],"collection":[{"href":"https:\/\/lions-pharmacy.com\/es\/wp-json\/wp\/v2\/product"}],"about":[{"href":"https:\/\/lions-pharmacy.com\/es\/wp-json\/wp\/v2\/types\/product"}],"replies":[{"embeddable":true,"href":"https:\/\/lions-pharmacy.com\/es\/wp-json\/wp\/v2\/comments?post=20135"}],"wp:featuredmedia":[{"embeddable":true,"href":"https:\/\/lions-pharmacy.com\/es\/wp-json\/wp\/v2\/media\/20140"}],"wp:attachment":[{"href":"https:\/\/lions-pharmacy.com\/es\/wp-json\/wp\/v2\/media?parent=20135"}],"wp:term":[{"taxonomy":"product_brand","embeddable":true,"href":"https:\/\/lions-pharmacy.com\/es\/wp-json\/wp\/v2\/product_brand?post=20135"},{"taxonomy":"product_cat","embeddable":true,"href":"https:\/\/lions-pharmacy.com\/es\/wp-json\/wp\/v2\/product_cat?post=20135"},{"taxonomy":"product_tag","embeddable":true,"href":"https:\/\/lions-pharmacy.com\/es\/wp-json\/wp\/v2\/product_tag?post=20135"}],"curies":[{"name":"wp","href":"https:\/\/api.w.org\/{rel}","templated":true}]}}