{"id":19537,"date":"2026-01-18T20:59:04","date_gmt":"2026-01-18T19:59:04","guid":{"rendered":"https:\/\/lions-pharmacy.com\/?post_type=product&#038;p=19537"},"modified":"2026-01-18T21:20:09","modified_gmt":"2026-01-18T20:20:09","slug":"prostagutt-duo-160-120mg-capsules-200-pcs-16151770","status":"publish","type":"product","link":"https:\/\/lions-pharmacy.com\/es\/producto\/prostagutt-duo-160-120mg-capsules-200-pcs-16151770","title":{"rendered":"Prostagutt d\u00fao 160\/120mg c\u00e1psulas (200 uds.)"},"content":{"rendered":"<h3 style=\"text-align: left;\">Prostagutt d\u00fao 160\/120mg c\u00e1psulas<\/h3>\n<p>Prostagutt d\u00fao c\u00e1psulas 160\/120mg para problemas urinarios e hiperplasia benigna de pr\u00f3stata (HBP).<\/p>\n<p>Principios activos: Extracto espeso de fruto de serenoa y extracto seco de ortiga.<\/p>\n<p>La curaci\u00f3n con plantas o partes de plantas tiene una larga tradici\u00f3n en muchas culturas de todo el mundo. Al Dr. Willmar Schwabe le fascinan los poderes curativos naturales de las plantas y est\u00e1 convencido de que la naturaleza guarda muchos principios activos importantes para nosotros.<\/p>\n<h3 style=\"text-align: left;\">Con el lavendel medicinal contra la inquietud interior y la tensi\u00f3n permanente.<\/h3>\n<p>Puedes encontrar m\u00e1s informaci\u00f3n sobre el producto Lasea c\u00e1psulas blandas en la p\u00e1gina del fabricante: <a href=\"https:\/\/www.lasea.de\/\" target=\"_blank\" rel=\"noopener\">Dr. Willmar Schwabe GmbH &amp; Co. KG<\/a><\/p>\n<p>Otros clientes tambi\u00e9n est\u00e1n interesados en productos relacionados con: <a href=\"https:\/\/lions-pharmacy.com\/es\/etiqueta-producto\/remedios-naturales\" rel=\"tag\">remedios naturales<\/a> | <a href=\"https:\/\/lions-pharmacy.com\/es\/etiqueta-producto\/ingrediente-activo-de-origen-vegetal\" rel=\"tag\">Activos vegetales<\/a> | <a href=\"\/de?product_tag=reiseapotheke\">Botiqu\u00edn de primeros auxilios <\/a> <\/p>\n<p>La informaci\u00f3n contenida en este sitio web se facilita \u00fanicamente con fines informativos. En ning\u00fan caso sustituyen al examen y tratamiento por un m\u00e9dico. Tenga en cuenta que esto significa que no se pueden hacer diagn\u00f3sticos ni iniciar terapias.<\/p>\n<p>Para conocer los riesgos y efectos secundarios, lea el prospecto y consulte a su m\u00e9dico o farmac\u00e9utico.<\/p>\n","protected":false},"excerpt":{"rendered":"<h2>Prostagutt d\u00fao 160\/120mg c\u00e1psulas<\/h2>\n<p>Para los problemas urinarios y la hiperplasia prost\u00e1tica benigna (HPB).<\/p>\n<p>&nbsp;<\/p>\n<p><strong>PZN:<\/strong> 16151770 (N\u00famero Central de Farmacia)<\/p>\n<p><strong>Forma farmac\u00e9utica<\/strong>: c\u00e1psulas<\/p>\n<p><strong>Tipo de receta<\/strong>: sin receta<\/p>\n<p><strong>Fabricantes<\/strong>: Dr. Willmar Schwabe GmbH &amp; Co. KG, Karlsruhe, Alemania<\/p>\n<p><strong>Tama\u00f1o del paquete<\/strong>: 200 unidades.<\/p>\n","protected":false},"featured_media":19540,"comment_status":"closed","ping_status":"closed","template":"","meta":[],"product_brand":[],"product_cat":[463,125,116],"product_tag":[516,488,311,272],"class_list":{"0":"post-19537","1":"product","2":"type-product","3":"status-publish","4":"has-post-thumbnail","6":"product_cat-dr-schwabe-es","7":"product_cat-sale-es","8":"product_cat-sin-categorizar","9":"product_tag-ingrediente-activo-de-origen-vegetal","10":"product_tag-remedios-naturales","11":"product_tag-venta-mensual","12":"product_tag-vitaminas-y-suplementos","13":"ts_product_brand-all-es","14":"ts_product_brand-dr-schwabe-es","16":"first","17":"instock","18":"sale","19":"taxable","20":"shipping-taxable","21":"purchasable","22":"product-type-simple"},"yoast_head":"<!-- This site is optimized with the Yoast SEO plugin v26.5 - https:\/\/yoast.com\/wordpress\/plugins\/seo\/ -->\n<title>Prostagutt d\u00fao 160\/120mg c\u00e1psulas (200 uds.) &#187; Ordene aqu\u00ed<\/title>\n<meta name=\"description\" content=\"Lions Pharmacy, una farmacia alemana registrada. Te ofrecemos: Env\u00edos internacionales r\u00e1pidos y compras seguras en l\u00ednea. Prostagutt d\u00fao 160\/120mg c\u00e1psulas (200 uds.)\" \/>\n<meta name=\"robots\" content=\"index, follow, max-snippet:-1, max-image-preview:large, max-video-preview:-1\" \/>\n<link rel=\"canonical\" href=\"https:\/\/lions-pharmacy.com\/es\/producto\/prostagutt-duo-160-120mg-capsules-200-pcs-16151770\" \/>\n<meta property=\"og:locale\" content=\"es_ES\" \/>\n<meta property=\"og:type\" content=\"article\" \/>\n<meta property=\"og:title\" content=\"Prostagutt d\u00fao 160\/120mg c\u00e1psulas (200 uds.) &#187; Ordene aqu\u00ed\" \/>\n<meta property=\"og:description\" content=\"Lions Pharmacy, una farmacia alemana registrada. Te ofrecemos: Env\u00edos internacionales r\u00e1pidos y compras seguras en l\u00ednea. Prostagutt d\u00fao 160\/120mg c\u00e1psulas (200 uds.)\" \/>\n<meta property=\"og:url\" content=\"https:\/\/lions-pharmacy.com\/es\/producto\/prostagutt-duo-160-120mg-capsules-200-pcs-16151770\" \/>\n<meta property=\"og:site_name\" content=\"Lion Pharmacy\" \/>\n<meta property=\"article:modified_time\" content=\"2026-01-18T20:20:09+00:00\" \/>\n<meta property=\"og:image\" content=\"https:\/\/lions-pharmacy.com\/wp-content\/uploads\/2026\/01\/Prostagutt-duo-160-120mg-capsules-dr.w.schwabe.webp\" \/>\n\t<meta property=\"og:image:width\" content=\"600\" \/>\n\t<meta property=\"og:image:height\" content=\"600\" \/>\n\t<meta property=\"og:image:type\" content=\"image\/webp\" \/>\n<meta name=\"twitter:card\" content=\"summary_large_image\" \/>\n<meta name=\"twitter:label1\" content=\"Tiempo de lectura\" \/>\n\t<meta name=\"twitter:data1\" content=\"1 minuto\" \/>\n<script type=\"application\/ld+json\" class=\"yoast-schema-graph\">{\"@context\":\"https:\/\/schema.org\",\"@graph\":[{\"@type\":\"WebPage\",\"@id\":\"https:\/\/lions-pharmacy.com\/es\/producto\/prostagutt-duo-160-120mg-capsules-200-pcs-16151770\",\"url\":\"https:\/\/lions-pharmacy.com\/es\/producto\/prostagutt-duo-160-120mg-capsules-200-pcs-16151770\",\"name\":\"Prostagutt d\u00fao 160\/120mg c\u00e1psulas (200 uds.) &#187; Ordene aqu\u00ed\",\"isPartOf\":{\"@id\":\"https:\/\/lions-pharmacy.com\/es#website\"},\"primaryImageOfPage\":{\"@id\":\"https:\/\/lions-pharmacy.com\/es\/producto\/prostagutt-duo-160-120mg-capsules-200-pcs-16151770#primaryimage\"},\"image\":{\"@id\":\"https:\/\/lions-pharmacy.com\/es\/producto\/prostagutt-duo-160-120mg-capsules-200-pcs-16151770#primaryimage\"},\"thumbnailUrl\":\"https:\/\/lions-pharmacy.com\/wp-content\/uploads\/2026\/01\/Prostagutt-duo-160-120mg-capsules-dr.w.schwabe.webp\",\"datePublished\":\"2026-01-18T19:59:04+00:00\",\"dateModified\":\"2026-01-18T20:20:09+00:00\",\"description\":\"Lions Pharmacy, una farmacia alemana registrada. Te ofrecemos: Env\u00edos internacionales r\u00e1pidos y compras seguras en l\u00ednea. Prostagutt d\u00fao 160\/120mg c\u00e1psulas (200 uds.)\",\"breadcrumb\":{\"@id\":\"https:\/\/lions-pharmacy.com\/es\/producto\/prostagutt-duo-160-120mg-capsules-200-pcs-16151770#breadcrumb\"},\"inLanguage\":\"es\",\"potentialAction\":[{\"@type\":\"ReadAction\",\"target\":[\"https:\/\/lions-pharmacy.com\/es\/producto\/prostagutt-duo-160-120mg-capsules-200-pcs-16151770\"]}]},{\"@type\":\"ImageObject\",\"inLanguage\":\"es\",\"@id\":\"https:\/\/lions-pharmacy.com\/es\/producto\/prostagutt-duo-160-120mg-capsules-200-pcs-16151770#primaryimage\",\"url\":\"https:\/\/lions-pharmacy.com\/wp-content\/uploads\/2026\/01\/Prostagutt-duo-160-120mg-capsules-dr.w.schwabe.webp\",\"contentUrl\":\"https:\/\/lions-pharmacy.com\/wp-content\/uploads\/2026\/01\/Prostagutt-duo-160-120mg-capsules-dr.w.schwabe.webp\",\"width\":600,\"height\":600,\"caption\":\"Prostagutt duo 160 120mg c\u00e1psulas dr.w.schwabe\"},{\"@type\":\"BreadcrumbList\",\"@id\":\"https:\/\/lions-pharmacy.com\/es\/producto\/prostagutt-duo-160-120mg-capsules-200-pcs-16151770#breadcrumb\",\"itemListElement\":[{\"@type\":\"ListItem\",\"position\":1,\"name\":\"Home\",\"item\":\"https:\/\/lions-pharmacy.com\/es\/homepage-lion-pharmacy\"},{\"@type\":\"ListItem\",\"position\":2,\"name\":\"Shop\",\"item\":\"https:\/\/lions-pharmacy.com\/es\/tienda\"},{\"@type\":\"ListItem\",\"position\":3,\"name\":\"Prostagutt d\u00fao 160\/120mg c\u00e1psulas (200 uds.)\"}]},{\"@type\":\"WebSite\",\"@id\":\"https:\/\/lions-pharmacy.com\/es#website\",\"url\":\"https:\/\/lions-pharmacy.com\/es\",\"name\":\"Lions Pharmacy\",\"description\":\"Farmacia especializada en naturopat\u00eda de Baden-Baden, Alemania\",\"publisher\":{\"@id\":\"https:\/\/lions-pharmacy.com\/es#organization\"},\"alternateName\":\"Lion Pharmacy\",\"potentialAction\":[{\"@type\":\"SearchAction\",\"target\":{\"@type\":\"EntryPoint\",\"urlTemplate\":\"https:\/\/lions-pharmacy.com\/es?s={search_term_string}\"},\"query-input\":{\"@type\":\"PropertyValueSpecification\",\"valueRequired\":true,\"valueName\":\"search_term_string\"}}],\"inLanguage\":\"es\"},{\"@type\":\"Organization\",\"@id\":\"https:\/\/lions-pharmacy.com\/es#organization\",\"name\":\"Lions Pharmacy\",\"alternateName\":\"Lions Pharmacy24\",\"url\":\"https:\/\/lions-pharmacy.com\/es\",\"logo\":{\"@type\":\"ImageObject\",\"inLanguage\":\"es\",\"@id\":\"https:\/\/lions-pharmacy.com\/es#\/schema\/logo\/image\/\",\"url\":\"https:\/\/lions-pharmacy.com\/wp-content\/uploads\/2022\/12\/Logo-Lion-Pharmacy-c-o-Loewen-Apotheke-smal.jpg\",\"contentUrl\":\"https:\/\/lions-pharmacy.com\/wp-content\/uploads\/2022\/12\/Logo-Lion-Pharmacy-c-o-Loewen-Apotheke-smal.jpg\",\"width\":298,\"height\":99,\"caption\":\"Lions Pharmacy\"},\"image\":{\"@id\":\"https:\/\/lions-pharmacy.com\/es#\/schema\/logo\/image\/\"}}]}<\/script>\n<!-- \/ Yoast SEO plugin. -->","yoast_head_json":{"title":"Prostagutt d\u00fao 160\/120mg c\u00e1psulas (200 uds.) &#187; Ordene aqu\u00ed","description":"Lions Pharmacy, una farmacia alemana registrada. Te ofrecemos: Env\u00edos internacionales r\u00e1pidos y compras seguras en l\u00ednea. Prostagutt d\u00fao 160\/120mg c\u00e1psulas (200 uds.)","robots":{"index":"index","follow":"follow","max-snippet":"max-snippet:-1","max-image-preview":"max-image-preview:large","max-video-preview":"max-video-preview:-1"},"canonical":"https:\/\/lions-pharmacy.com\/es\/producto\/prostagutt-duo-160-120mg-capsules-200-pcs-16151770","og_locale":"es_ES","og_type":"article","og_title":"Prostagutt d\u00fao 160\/120mg c\u00e1psulas (200 uds.) &#187; Ordene aqu\u00ed","og_description":"Lions Pharmacy, una farmacia alemana registrada. Te ofrecemos: Env\u00edos internacionales r\u00e1pidos y compras seguras en l\u00ednea. Prostagutt d\u00fao 160\/120mg c\u00e1psulas (200 uds.)","og_url":"https:\/\/lions-pharmacy.com\/es\/producto\/prostagutt-duo-160-120mg-capsules-200-pcs-16151770","og_site_name":"Lion Pharmacy","article_modified_time":"2026-01-18T20:20:09+00:00","og_image":[{"width":600,"height":600,"url":"https:\/\/lions-pharmacy.com\/wp-content\/uploads\/2026\/01\/Prostagutt-duo-160-120mg-capsules-dr.w.schwabe.webp","type":"image\/webp"}],"twitter_card":"summary_large_image","twitter_misc":{"Tiempo de lectura":"1 minuto"},"schema":{"@context":"https:\/\/schema.org","@graph":[{"@type":"WebPage","@id":"https:\/\/lions-pharmacy.com\/es\/producto\/prostagutt-duo-160-120mg-capsules-200-pcs-16151770","url":"https:\/\/lions-pharmacy.com\/es\/producto\/prostagutt-duo-160-120mg-capsules-200-pcs-16151770","name":"Prostagutt d\u00fao 160\/120mg c\u00e1psulas (200 uds.) &#187; Ordene aqu\u00ed","isPartOf":{"@id":"https:\/\/lions-pharmacy.com\/es#website"},"primaryImageOfPage":{"@id":"https:\/\/lions-pharmacy.com\/es\/producto\/prostagutt-duo-160-120mg-capsules-200-pcs-16151770#primaryimage"},"image":{"@id":"https:\/\/lions-pharmacy.com\/es\/producto\/prostagutt-duo-160-120mg-capsules-200-pcs-16151770#primaryimage"},"thumbnailUrl":"https:\/\/lions-pharmacy.com\/wp-content\/uploads\/2026\/01\/Prostagutt-duo-160-120mg-capsules-dr.w.schwabe.webp","datePublished":"2026-01-18T19:59:04+00:00","dateModified":"2026-01-18T20:20:09+00:00","description":"Lions Pharmacy, una farmacia alemana registrada. Te ofrecemos: Env\u00edos internacionales r\u00e1pidos y compras seguras en l\u00ednea. Prostagutt d\u00fao 160\/120mg c\u00e1psulas (200 uds.)","breadcrumb":{"@id":"https:\/\/lions-pharmacy.com\/es\/producto\/prostagutt-duo-160-120mg-capsules-200-pcs-16151770#breadcrumb"},"inLanguage":"es","potentialAction":[{"@type":"ReadAction","target":["https:\/\/lions-pharmacy.com\/es\/producto\/prostagutt-duo-160-120mg-capsules-200-pcs-16151770"]}]},{"@type":"ImageObject","inLanguage":"es","@id":"https:\/\/lions-pharmacy.com\/es\/producto\/prostagutt-duo-160-120mg-capsules-200-pcs-16151770#primaryimage","url":"https:\/\/lions-pharmacy.com\/wp-content\/uploads\/2026\/01\/Prostagutt-duo-160-120mg-capsules-dr.w.schwabe.webp","contentUrl":"https:\/\/lions-pharmacy.com\/wp-content\/uploads\/2026\/01\/Prostagutt-duo-160-120mg-capsules-dr.w.schwabe.webp","width":600,"height":600,"caption":"Prostagutt duo 160 120mg c\u00e1psulas dr.w.schwabe"},{"@type":"BreadcrumbList","@id":"https:\/\/lions-pharmacy.com\/es\/producto\/prostagutt-duo-160-120mg-capsules-200-pcs-16151770#breadcrumb","itemListElement":[{"@type":"ListItem","position":1,"name":"Home","item":"https:\/\/lions-pharmacy.com\/es\/homepage-lion-pharmacy"},{"@type":"ListItem","position":2,"name":"Shop","item":"https:\/\/lions-pharmacy.com\/es\/tienda"},{"@type":"ListItem","position":3,"name":"Prostagutt d\u00fao 160\/120mg c\u00e1psulas (200 uds.)"}]},{"@type":"WebSite","@id":"https:\/\/lions-pharmacy.com\/es#website","url":"https:\/\/lions-pharmacy.com\/es","name":"Lions Pharmacy","description":"Farmacia especializada en naturopat\u00eda de Baden-Baden, Alemania","publisher":{"@id":"https:\/\/lions-pharmacy.com\/es#organization"},"alternateName":"Lion Pharmacy","potentialAction":[{"@type":"SearchAction","target":{"@type":"EntryPoint","urlTemplate":"https:\/\/lions-pharmacy.com\/es?s={search_term_string}"},"query-input":{"@type":"PropertyValueSpecification","valueRequired":true,"valueName":"search_term_string"}}],"inLanguage":"es"},{"@type":"Organization","@id":"https:\/\/lions-pharmacy.com\/es#organization","name":"Lions Pharmacy","alternateName":"Lions Pharmacy24","url":"https:\/\/lions-pharmacy.com\/es","logo":{"@type":"ImageObject","inLanguage":"es","@id":"https:\/\/lions-pharmacy.com\/es#\/schema\/logo\/image\/","url":"https:\/\/lions-pharmacy.com\/wp-content\/uploads\/2022\/12\/Logo-Lion-Pharmacy-c-o-Loewen-Apotheke-smal.jpg","contentUrl":"https:\/\/lions-pharmacy.com\/wp-content\/uploads\/2022\/12\/Logo-Lion-Pharmacy-c-o-Loewen-Apotheke-smal.jpg","width":298,"height":99,"caption":"Lions Pharmacy"},"image":{"@id":"https:\/\/lions-pharmacy.com\/es#\/schema\/logo\/image\/"}}]}},"_links":{"self":[{"href":"https:\/\/lions-pharmacy.com\/es\/wp-json\/wp\/v2\/product\/19537","targetHints":{"allow":["GET"]}}],"collection":[{"href":"https:\/\/lions-pharmacy.com\/es\/wp-json\/wp\/v2\/product"}],"about":[{"href":"https:\/\/lions-pharmacy.com\/es\/wp-json\/wp\/v2\/types\/product"}],"replies":[{"embeddable":true,"href":"https:\/\/lions-pharmacy.com\/es\/wp-json\/wp\/v2\/comments?post=19537"}],"wp:featuredmedia":[{"embeddable":true,"href":"https:\/\/lions-pharmacy.com\/es\/wp-json\/wp\/v2\/media\/19540"}],"wp:attachment":[{"href":"https:\/\/lions-pharmacy.com\/es\/wp-json\/wp\/v2\/media?parent=19537"}],"wp:term":[{"taxonomy":"product_brand","embeddable":true,"href":"https:\/\/lions-pharmacy.com\/es\/wp-json\/wp\/v2\/product_brand?post=19537"},{"taxonomy":"product_cat","embeddable":true,"href":"https:\/\/lions-pharmacy.com\/es\/wp-json\/wp\/v2\/product_cat?post=19537"},{"taxonomy":"product_tag","embeddable":true,"href":"https:\/\/lions-pharmacy.com\/es\/wp-json\/wp\/v2\/product_tag?post=19537"}],"curies":[{"name":"wp","href":"https:\/\/api.w.org\/{rel}","templated":true}]}}