{"id":1911,"date":"2022-12-29T21:15:38","date_gmt":"2022-12-29T20:15:38","guid":{"rendered":"https:\/\/lions-pharmacy.com\/product\/prueba-rapida-fluorecare-4in1-sars-cov-2-influenza-a-b-rsv"},"modified":"2022-12-29T21:15:38","modified_gmt":"2022-12-29T20:15:38","slug":"fluorecare-antigene-test-4in1-sars-cov-2-influenza-a-b-rsv","status":"publish","type":"product","link":"https:\/\/lions-pharmacy.com\/es\/producto\/fluorecare-antigene-test-4in1-sars-cov-2-influenza-a-b-rsv","title":{"rendered":"Prueba r\u00e1pida fluorecare 4in1 SARS-Cov-2, Influenza A\/B, RSV"},"content":{"rendered":"<h3>Prueba r\u00e1pida fluorecare 4in1 SARS-Cov-2, Influenza A\/B, RSV<\/h3>\n<p>prueba r\u00e1pida fluorecare 4in1 SARS-Cov-2, influenza A\/B, RSV<\/p>\n<p>Test r\u00e1pido de ant\u00edgenos para variantes Alfa, Delta &amp; Omicron, BA.4 y BA.5 y detecci\u00f3n cualitativa de SARS-CoV-2, Influenza A\/B y RSV en nariz o nasofaringe apta para autousuarios.<\/p>\n<ul>\n<li>Autoprueba 4 en 1<\/li>\n<li>Resultado fiable de la prueba en 15 minutos<\/li>\n<li>Sensibilidad al SARS-CoV-2: 92,93%<\/li>\n<li>Especificidad del SARS-CoV-2: 100%<\/li>\n<\/ul>\n<p>Productos para el \u00e1rea de aplicaci\u00f3n: <a href=\"https:\/\/lions-pharmacy.com\/product-tag\/coronavirus\">Pruebas r\u00e1pidas de ant\u00edgenos y Corona<\/a><\/p>\n<p>Otros clientes tambi\u00e9n est\u00e1n interesados en productos sobre el tema: Botiqu\u00edn de primeros auxilios<\/p>\n<p>La farmac\u00e9utica recomienda a sus clientes con infecciones virales: <a href=\"https:\/\/lions-pharmacy.com\/product\/labo-life-2leid\">Labo Life 2L EID<\/a> | Omnibi\u00f3tico Pro-Vi<\/p>\n<p>Folleto del envase\/instrucciones de uso\/ficha t\u00e9cnica: (lector de PDF)<\/p>\n<p>Nombre alternativo del producto: prueba combinada de fluorecare 4 en 1 (solicite un paquete con 5 kits <a href=\"https:\/\/www.loewen-apotheke24.com\/en\/shop\/angebot\/fluorecare-schnelltest-4in1-sars-cov-2-influenza-ab-rsv-antigene\/\" target=\"_blank\" rel=\"noopener\">de prueba aqu\u00ed<\/a>)<\/p>\n<p>Otros productos para la aplicaci\u00f3n: <a href=\"https:\/\/lions-pharmacy.com\/produkt-schlagwort\/cold-flu\">Resfriado y gripe<\/a><\/p>\n<p>Obtenga m\u00e1s informaci\u00f3n sobre manufactorer y este producto: (enlace al sitio web externo)<\/p>\n<p>La informaci\u00f3n contenida en este sitio web se facilita \u00fanicamente con fines informativos. En ning\u00fan caso sustituyen al examen y tratamiento por un m\u00e9dico. Tenga en cuenta que esto significa que no se pueden hacer diagn\u00f3sticos ni iniciar terapias.<\/p>\n<p><span style=\"color: #ff0000;\">Para grupos de especialistas de acuerdo con la Ordenanza de Entrega de Dispositivos M\u00e9dicos (MPAV), no entrega a usuarios propios.<\/span><\/p>\n<p>Para conocer los riesgos y efectos secundarios, lea el prospecto y consulte a su m\u00e9dico o farmac\u00e9utico.<\/p>\n","protected":false},"excerpt":{"rendered":"<h2>Prueba del ant\u00edgeno Fluorecare 4in1 &#8211; 10 ud.<\/h2>\n<p>Prueba r\u00e1pida combinada 4 en 1 (ant\u00edgenos) para influenza A\/B + COVID-19 + VSR. <span style=\"color: #ff0000;\">Para grupos de especialistas<\/span> , no se entrega a usuarios propios.<\/p>\n<p>&nbsp;<\/p>\n<p>PZN: &#8211; (Pharmazentralnummer)<\/p>\n<p>Forma de la dosis: kit de prueba<\/p>\n<p>Tipo de prescripci\u00f3n: sin receta<\/p>\n<p>Marca:-<\/p>\n<p>Fabricante: Shenzhen Microprofit Biotech Co., Ltd.<\/p>\n<p>Tama\u00f1o del embalaje: 10 PC (2 paquetes con 5)<\/p>\n","protected":false},"featured_media":1451,"comment_status":"closed","ping_status":"closed","template":"","meta":[],"product_brand":[],"product_cat":[116],"product_tag":[255,237,296,311],"class_list":{"0":"post-1911","1":"product","2":"type-product","3":"status-publish","4":"has-post-thumbnail","6":"product_cat-sin-categorizar","7":"product_tag-coronavirus-es","8":"product_tag-infeccion-virica","9":"product_tag-resfriado","10":"product_tag-venta-mensual","11":"ts_product_brand-all-es","13":"first","14":"outofstock","15":"sale","16":"taxable","17":"shipping-taxable","18":"purchasable","19":"product-type-simple"},"yoast_head":"<!-- This site is optimized with the Yoast SEO plugin v26.5 - https:\/\/yoast.com\/wordpress\/plugins\/seo\/ -->\n<title>Prueba r\u00e1pida fluorecare 4in1 SARS-Cov-2, Influenza A\/B, RSV<\/title>\n<meta name=\"description\" content=\"Lion Pharmacy | Farmacia online alemana | Env\u00edo internacional r\u00e1pido | Comprobaci\u00f3n de virus 4 en 1 | Prueba r\u00e1pida fluorecare 4in1 SARS-Cov-2, Influenza A\/B, RSV\" \/>\n<meta name=\"robots\" content=\"index, follow, max-snippet:-1, max-image-preview:large, max-video-preview:-1\" \/>\n<link rel=\"canonical\" href=\"https:\/\/lions-pharmacy.com\/es\/producto\/fluorecare-antigene-test-4in1-sars-cov-2-influenza-a-b-rsv\" \/>\n<meta property=\"og:locale\" content=\"es_ES\" \/>\n<meta property=\"og:type\" content=\"article\" \/>\n<meta property=\"og:title\" content=\"Prueba r\u00e1pida fluorecare 4in1 SARS-Cov-2, Influenza A\/B, RSV\" \/>\n<meta property=\"og:description\" content=\"Lion Pharmacy | Farmacia online alemana | Env\u00edo internacional r\u00e1pido | Comprobaci\u00f3n de virus 4 en 1 | Prueba r\u00e1pida fluorecare 4in1 SARS-Cov-2, Influenza A\/B, RSV\" \/>\n<meta property=\"og:url\" content=\"https:\/\/lions-pharmacy.com\/es\/producto\/fluorecare-antigene-test-4in1-sars-cov-2-influenza-a-b-rsv\" \/>\n<meta property=\"og:site_name\" content=\"Lion Pharmacy\" \/>\n<meta property=\"og:image\" content=\"https:\/\/lions-pharmacy.com\/wp-content\/uploads\/2022\/12\/fluorecare-rapid-test-antigene-SARS-CoV-2-Influenza-A-B-RSV-virus-Antigen-Kombi-Test-Lion-Pharmacy-Loewen-Apptheke.jpg\" \/>\n\t<meta property=\"og:image:width\" content=\"600\" \/>\n\t<meta property=\"og:image:height\" content=\"600\" \/>\n\t<meta property=\"og:image:type\" content=\"image\/jpeg\" \/>\n<meta name=\"twitter:card\" content=\"summary_large_image\" \/>\n<meta name=\"twitter:label1\" content=\"Tiempo de lectura\" \/>\n\t<meta name=\"twitter:data1\" content=\"1 minuto\" \/>\n<script type=\"application\/ld+json\" class=\"yoast-schema-graph\">{\"@context\":\"https:\/\/schema.org\",\"@graph\":[{\"@type\":\"WebPage\",\"@id\":\"https:\/\/lions-pharmacy.com\/es\/producto\/fluorecare-antigene-test-4in1-sars-cov-2-influenza-a-b-rsv\",\"url\":\"https:\/\/lions-pharmacy.com\/es\/producto\/fluorecare-antigene-test-4in1-sars-cov-2-influenza-a-b-rsv\",\"name\":\"Prueba r\u00e1pida fluorecare 4in1 SARS-Cov-2, Influenza A\/B, RSV\",\"isPartOf\":{\"@id\":\"https:\/\/lions-pharmacy.com\/es#website\"},\"primaryImageOfPage\":{\"@id\":\"https:\/\/lions-pharmacy.com\/es\/producto\/fluorecare-antigene-test-4in1-sars-cov-2-influenza-a-b-rsv#primaryimage\"},\"image\":{\"@id\":\"https:\/\/lions-pharmacy.com\/es\/producto\/fluorecare-antigene-test-4in1-sars-cov-2-influenza-a-b-rsv#primaryimage\"},\"thumbnailUrl\":\"https:\/\/lions-pharmacy.com\/wp-content\/uploads\/2022\/12\/fluorecare-rapid-test-antigene-SARS-CoV-2-Influenza-A-B-RSV-virus-Antigen-Kombi-Test-Lion-Pharmacy-Loewen-Apptheke.jpg\",\"datePublished\":\"2022-12-29T20:15:38+00:00\",\"description\":\"Lion Pharmacy | Farmacia online alemana | Env\u00edo internacional r\u00e1pido | Comprobaci\u00f3n de virus 4 en 1 | Prueba r\u00e1pida fluorecare 4in1 SARS-Cov-2, Influenza A\/B, RSV\",\"breadcrumb\":{\"@id\":\"https:\/\/lions-pharmacy.com\/es\/producto\/fluorecare-antigene-test-4in1-sars-cov-2-influenza-a-b-rsv#breadcrumb\"},\"inLanguage\":\"es\",\"potentialAction\":[{\"@type\":\"ReadAction\",\"target\":[\"https:\/\/lions-pharmacy.com\/es\/producto\/fluorecare-antigene-test-4in1-sars-cov-2-influenza-a-b-rsv\"]}]},{\"@type\":\"ImageObject\",\"inLanguage\":\"es\",\"@id\":\"https:\/\/lions-pharmacy.com\/es\/producto\/fluorecare-antigene-test-4in1-sars-cov-2-influenza-a-b-rsv#primaryimage\",\"url\":\"https:\/\/lions-pharmacy.com\/wp-content\/uploads\/2022\/12\/fluorecare-rapid-test-antigene-SARS-CoV-2-Influenza-A-B-RSV-virus-Antigen-Kombi-Test-Lion-Pharmacy-Loewen-Apptheke.jpg\",\"contentUrl\":\"https:\/\/lions-pharmacy.com\/wp-content\/uploads\/2022\/12\/fluorecare-rapid-test-antigene-SARS-CoV-2-Influenza-A-B-RSV-virus-Antigen-Kombi-Test-Lion-Pharmacy-Loewen-Apptheke.jpg\",\"width\":600,\"height\":600,\"caption\":\"fluorecare-rapid test antigene SARS-CoV-2 Influenza-A-B RSV virus Antigen-Kombi-Test Lion Pharmacy Loewen-Apptheke\"},{\"@type\":\"BreadcrumbList\",\"@id\":\"https:\/\/lions-pharmacy.com\/es\/producto\/fluorecare-antigene-test-4in1-sars-cov-2-influenza-a-b-rsv#breadcrumb\",\"itemListElement\":[{\"@type\":\"ListItem\",\"position\":1,\"name\":\"Home\",\"item\":\"https:\/\/lions-pharmacy.com\/es\/homepage-lion-pharmacy\"},{\"@type\":\"ListItem\",\"position\":2,\"name\":\"Shop\",\"item\":\"https:\/\/lions-pharmacy.com\/es\/tienda\"},{\"@type\":\"ListItem\",\"position\":3,\"name\":\"Prueba r\u00e1pida fluorecare 4in1 SARS-Cov-2, Influenza A\/B, RSV\"}]},{\"@type\":\"WebSite\",\"@id\":\"https:\/\/lions-pharmacy.com\/es#website\",\"url\":\"https:\/\/lions-pharmacy.com\/es\",\"name\":\"Lions Pharmacy\",\"description\":\"Farmacia especializada en naturopat\u00eda de Baden-Baden, Alemania\",\"publisher\":{\"@id\":\"https:\/\/lions-pharmacy.com\/es#organization\"},\"alternateName\":\"Lion Pharmacy\",\"potentialAction\":[{\"@type\":\"SearchAction\",\"target\":{\"@type\":\"EntryPoint\",\"urlTemplate\":\"https:\/\/lions-pharmacy.com\/es?s={search_term_string}\"},\"query-input\":{\"@type\":\"PropertyValueSpecification\",\"valueRequired\":true,\"valueName\":\"search_term_string\"}}],\"inLanguage\":\"es\"},{\"@type\":\"Organization\",\"@id\":\"https:\/\/lions-pharmacy.com\/es#organization\",\"name\":\"Lions Pharmacy\",\"alternateName\":\"Lions Pharmacy24\",\"url\":\"https:\/\/lions-pharmacy.com\/es\",\"logo\":{\"@type\":\"ImageObject\",\"inLanguage\":\"es\",\"@id\":\"https:\/\/lions-pharmacy.com\/es#\/schema\/logo\/image\/\",\"url\":\"https:\/\/lions-pharmacy.com\/wp-content\/uploads\/2022\/12\/Logo-Lion-Pharmacy-c-o-Loewen-Apotheke-smal.jpg\",\"contentUrl\":\"https:\/\/lions-pharmacy.com\/wp-content\/uploads\/2022\/12\/Logo-Lion-Pharmacy-c-o-Loewen-Apotheke-smal.jpg\",\"width\":298,\"height\":99,\"caption\":\"Lions Pharmacy\"},\"image\":{\"@id\":\"https:\/\/lions-pharmacy.com\/es#\/schema\/logo\/image\/\"}}]}<\/script>\n<!-- \/ Yoast SEO plugin. -->","yoast_head_json":{"title":"Prueba r\u00e1pida fluorecare 4in1 SARS-Cov-2, Influenza A\/B, RSV","description":"Lion Pharmacy | Farmacia online alemana | Env\u00edo internacional r\u00e1pido | Comprobaci\u00f3n de virus 4 en 1 | Prueba r\u00e1pida fluorecare 4in1 SARS-Cov-2, Influenza A\/B, RSV","robots":{"index":"index","follow":"follow","max-snippet":"max-snippet:-1","max-image-preview":"max-image-preview:large","max-video-preview":"max-video-preview:-1"},"canonical":"https:\/\/lions-pharmacy.com\/es\/producto\/fluorecare-antigene-test-4in1-sars-cov-2-influenza-a-b-rsv","og_locale":"es_ES","og_type":"article","og_title":"Prueba r\u00e1pida fluorecare 4in1 SARS-Cov-2, Influenza A\/B, RSV","og_description":"Lion Pharmacy | Farmacia online alemana | Env\u00edo internacional r\u00e1pido | Comprobaci\u00f3n de virus 4 en 1 | Prueba r\u00e1pida fluorecare 4in1 SARS-Cov-2, Influenza A\/B, RSV","og_url":"https:\/\/lions-pharmacy.com\/es\/producto\/fluorecare-antigene-test-4in1-sars-cov-2-influenza-a-b-rsv","og_site_name":"Lion Pharmacy","og_image":[{"width":600,"height":600,"url":"https:\/\/lions-pharmacy.com\/wp-content\/uploads\/2022\/12\/fluorecare-rapid-test-antigene-SARS-CoV-2-Influenza-A-B-RSV-virus-Antigen-Kombi-Test-Lion-Pharmacy-Loewen-Apptheke.jpg","type":"image\/jpeg"}],"twitter_card":"summary_large_image","twitter_misc":{"Tiempo de lectura":"1 minuto"},"schema":{"@context":"https:\/\/schema.org","@graph":[{"@type":"WebPage","@id":"https:\/\/lions-pharmacy.com\/es\/producto\/fluorecare-antigene-test-4in1-sars-cov-2-influenza-a-b-rsv","url":"https:\/\/lions-pharmacy.com\/es\/producto\/fluorecare-antigene-test-4in1-sars-cov-2-influenza-a-b-rsv","name":"Prueba r\u00e1pida fluorecare 4in1 SARS-Cov-2, Influenza A\/B, RSV","isPartOf":{"@id":"https:\/\/lions-pharmacy.com\/es#website"},"primaryImageOfPage":{"@id":"https:\/\/lions-pharmacy.com\/es\/producto\/fluorecare-antigene-test-4in1-sars-cov-2-influenza-a-b-rsv#primaryimage"},"image":{"@id":"https:\/\/lions-pharmacy.com\/es\/producto\/fluorecare-antigene-test-4in1-sars-cov-2-influenza-a-b-rsv#primaryimage"},"thumbnailUrl":"https:\/\/lions-pharmacy.com\/wp-content\/uploads\/2022\/12\/fluorecare-rapid-test-antigene-SARS-CoV-2-Influenza-A-B-RSV-virus-Antigen-Kombi-Test-Lion-Pharmacy-Loewen-Apptheke.jpg","datePublished":"2022-12-29T20:15:38+00:00","description":"Lion Pharmacy | Farmacia online alemana | Env\u00edo internacional r\u00e1pido | Comprobaci\u00f3n de virus 4 en 1 | Prueba r\u00e1pida fluorecare 4in1 SARS-Cov-2, Influenza A\/B, RSV","breadcrumb":{"@id":"https:\/\/lions-pharmacy.com\/es\/producto\/fluorecare-antigene-test-4in1-sars-cov-2-influenza-a-b-rsv#breadcrumb"},"inLanguage":"es","potentialAction":[{"@type":"ReadAction","target":["https:\/\/lions-pharmacy.com\/es\/producto\/fluorecare-antigene-test-4in1-sars-cov-2-influenza-a-b-rsv"]}]},{"@type":"ImageObject","inLanguage":"es","@id":"https:\/\/lions-pharmacy.com\/es\/producto\/fluorecare-antigene-test-4in1-sars-cov-2-influenza-a-b-rsv#primaryimage","url":"https:\/\/lions-pharmacy.com\/wp-content\/uploads\/2022\/12\/fluorecare-rapid-test-antigene-SARS-CoV-2-Influenza-A-B-RSV-virus-Antigen-Kombi-Test-Lion-Pharmacy-Loewen-Apptheke.jpg","contentUrl":"https:\/\/lions-pharmacy.com\/wp-content\/uploads\/2022\/12\/fluorecare-rapid-test-antigene-SARS-CoV-2-Influenza-A-B-RSV-virus-Antigen-Kombi-Test-Lion-Pharmacy-Loewen-Apptheke.jpg","width":600,"height":600,"caption":"fluorecare-rapid test antigene SARS-CoV-2 Influenza-A-B RSV virus Antigen-Kombi-Test Lion Pharmacy Loewen-Apptheke"},{"@type":"BreadcrumbList","@id":"https:\/\/lions-pharmacy.com\/es\/producto\/fluorecare-antigene-test-4in1-sars-cov-2-influenza-a-b-rsv#breadcrumb","itemListElement":[{"@type":"ListItem","position":1,"name":"Home","item":"https:\/\/lions-pharmacy.com\/es\/homepage-lion-pharmacy"},{"@type":"ListItem","position":2,"name":"Shop","item":"https:\/\/lions-pharmacy.com\/es\/tienda"},{"@type":"ListItem","position":3,"name":"Prueba r\u00e1pida fluorecare 4in1 SARS-Cov-2, Influenza A\/B, RSV"}]},{"@type":"WebSite","@id":"https:\/\/lions-pharmacy.com\/es#website","url":"https:\/\/lions-pharmacy.com\/es","name":"Lions Pharmacy","description":"Farmacia especializada en naturopat\u00eda de Baden-Baden, Alemania","publisher":{"@id":"https:\/\/lions-pharmacy.com\/es#organization"},"alternateName":"Lion Pharmacy","potentialAction":[{"@type":"SearchAction","target":{"@type":"EntryPoint","urlTemplate":"https:\/\/lions-pharmacy.com\/es?s={search_term_string}"},"query-input":{"@type":"PropertyValueSpecification","valueRequired":true,"valueName":"search_term_string"}}],"inLanguage":"es"},{"@type":"Organization","@id":"https:\/\/lions-pharmacy.com\/es#organization","name":"Lions Pharmacy","alternateName":"Lions Pharmacy24","url":"https:\/\/lions-pharmacy.com\/es","logo":{"@type":"ImageObject","inLanguage":"es","@id":"https:\/\/lions-pharmacy.com\/es#\/schema\/logo\/image\/","url":"https:\/\/lions-pharmacy.com\/wp-content\/uploads\/2022\/12\/Logo-Lion-Pharmacy-c-o-Loewen-Apotheke-smal.jpg","contentUrl":"https:\/\/lions-pharmacy.com\/wp-content\/uploads\/2022\/12\/Logo-Lion-Pharmacy-c-o-Loewen-Apotheke-smal.jpg","width":298,"height":99,"caption":"Lions Pharmacy"},"image":{"@id":"https:\/\/lions-pharmacy.com\/es#\/schema\/logo\/image\/"}}]}},"_links":{"self":[{"href":"https:\/\/lions-pharmacy.com\/es\/wp-json\/wp\/v2\/product\/1911","targetHints":{"allow":["GET"]}}],"collection":[{"href":"https:\/\/lions-pharmacy.com\/es\/wp-json\/wp\/v2\/product"}],"about":[{"href":"https:\/\/lions-pharmacy.com\/es\/wp-json\/wp\/v2\/types\/product"}],"replies":[{"embeddable":true,"href":"https:\/\/lions-pharmacy.com\/es\/wp-json\/wp\/v2\/comments?post=1911"}],"wp:featuredmedia":[{"embeddable":true,"href":"https:\/\/lions-pharmacy.com\/es\/wp-json\/wp\/v2\/media\/1451"}],"wp:attachment":[{"href":"https:\/\/lions-pharmacy.com\/es\/wp-json\/wp\/v2\/media?parent=1911"}],"wp:term":[{"taxonomy":"product_brand","embeddable":true,"href":"https:\/\/lions-pharmacy.com\/es\/wp-json\/wp\/v2\/product_brand?post=1911"},{"taxonomy":"product_cat","embeddable":true,"href":"https:\/\/lions-pharmacy.com\/es\/wp-json\/wp\/v2\/product_cat?post=1911"},{"taxonomy":"product_tag","embeddable":true,"href":"https:\/\/lions-pharmacy.com\/es\/wp-json\/wp\/v2\/product_tag?post=1911"}],"curies":[{"name":"wp","href":"https:\/\/api.w.org\/{rel}","templated":true}]}}