{"id":1899,"date":"2022-12-30T11:07:10","date_gmt":"2022-12-30T10:07:10","guid":{"rendered":"https:\/\/lions-pharmacy.com\/product\/colirio-para-eufrasia-30x05ml"},"modified":"2025-01-25T12:56:46","modified_gmt":"2025-01-25T11:56:46","slug":"eufrasia-gotas-para-los-ojos-30x05ml_01448168","status":"publish","type":"product","link":"https:\/\/lions-pharmacy.com\/es\/producto\/eufrasia-gotas-para-los-ojos-30x05ml_01448168","title":{"rendered":"Colirio para Euphrasia 30\u00d70,5ml"},"content":{"rendered":"<h3>Gotas oft\u00e1lmicas para Euphrasia<\/h3>\n<p>Las gotas oft\u00e1lmicas para eufrasia calman los ojos rojos, irritados y llorosos y alivian la conjuntivitis al\u00e9rgica.<\/p>\n<p>Sustancias activas antropos\u00f3ficas de plantas medicinales, en todas las fases de la vida y para numerosas dolencias.<\/p>\n<p>Medicamentos antropos\u00f3ficos que puede obtener en farmacias sin receta. La selecci\u00f3n de un medicamento debe basarse en un diagn\u00f3stico confirmado m\u00e9dicamente. Consulte a su m\u00e9dico o farmac\u00e9utico. Tambi\u00e9n le recomendamos que no deje de tomar los medicamentos recetados por un m\u00e9dico sin consultar a su m\u00e9dico.<\/p>\n<p>Prospecto\/instrucciones de uso\/ficha t\u00e9cnica del art\u00edculo: &#8211; (lector de PDF)<\/p>\n<p>Otros productos para la aplicaci\u00f3n: <a href=\"https:\/\/lions-pharmacy.com\/es\/product-tag\/asthma-allergies\">Alergias<\/a> <\/p>\n<p>Obtenga m\u00e1s informaci\u00f3n sobre manufactorer y este producto: <a href=\"https:\/\/www.walaarzneimittel.de\/de\/\" target=\"_blank\" rel=\"noopener\">WALA Arzneimittel <\/a> (enlace al sitio web externo)<\/p>\n<p>La informaci\u00f3n contenida en este sitio web se facilita \u00fanicamente con fines informativos. En ning\u00fan caso sustituyen al examen y tratamiento por un m\u00e9dico. Tenga en cuenta que esto significa que no se pueden hacer diagn\u00f3sticos ni iniciar terapias.<\/p>\n<p>Para conocer los riesgos y efectos secundarios, lea el prospecto y consulte a su m\u00e9dico o farmac\u00e9utico.<\/p>\n","protected":false},"excerpt":{"rendered":"<h2>Eufrasia colirio 30\u00d7 0,5ml<\/h2>\n<p>Las gotas oft\u00e1lmicas para eufrasia calman los ojos rojos, irritados y llorosos y alivian la conjuntivitis al\u00e9rgica.<\/p>\n<p>&nbsp;<\/p>\n<p>PZN: 01448168 (Pharmazentralnummer)<\/p>\n<p>Forma de la dosis: gotas<\/p>\n<p>Tipo de prescripci\u00f3n: sin receta<\/p>\n<p>Marca:-<\/p>\n<p>Fabricante: WALA Arzneimittel GmbH, Alemania<\/p>\n<p>Tama\u00f1o del embalaje: 30x 0,5 ml<\/p>\n","protected":false},"featured_media":2396,"comment_status":"closed","ping_status":"closed","template":"","meta":[],"product_brand":[],"product_cat":[125,116,128],"product_tag":[262,311],"class_list":{"0":"post-1899","1":"product","2":"type-product","3":"status-publish","4":"has-post-thumbnail","6":"product_cat-sale-es","7":"product_cat-sin-categorizar","8":"product_cat-wala-arzneimittel-es","9":"product_tag-asma-y-alergias","10":"product_tag-venta-mensual","11":"ts_product_brand-all-es","12":"ts_product_brand-wala-es","14":"first","15":"instock","16":"sale","17":"taxable","18":"shipping-taxable","19":"purchasable","20":"product-type-simple"},"yoast_head":"<!-- This site is optimized with the Yoast SEO plugin v26.5 - https:\/\/yoast.com\/wordpress\/plugins\/seo\/ -->\n<title>Colirio para Euphrasia 30\u00d70,5ml &#187; Lion Pharmacy<\/title>\n<meta name=\"description\" content=\"Lion Pharmacy | farmacia en l\u00ednea alemana registrada | Env\u00edo internacional r\u00e1pido | Compras seguras en l\u00ednea | Alergias &gt; Colirio para Euphrasia 30\u00d70,5ml\" \/>\n<meta name=\"robots\" content=\"index, follow, max-snippet:-1, max-image-preview:large, max-video-preview:-1\" \/>\n<link rel=\"canonical\" href=\"https:\/\/lions-pharmacy.com\/es\/producto\/eufrasia-gotas-para-los-ojos-30x05ml_01448168\" \/>\n<meta property=\"og:locale\" content=\"es_ES\" \/>\n<meta property=\"og:type\" content=\"article\" \/>\n<meta property=\"og:title\" content=\"Colirio para Euphrasia 30\u00d70,5ml &#187; Lion Pharmacy\" \/>\n<meta property=\"og:description\" content=\"Lion Pharmacy | farmacia en l\u00ednea alemana registrada | Env\u00edo internacional r\u00e1pido | Compras seguras en l\u00ednea | Alergias &gt; Colirio para Euphrasia 30\u00d70,5ml\" \/>\n<meta property=\"og:url\" content=\"https:\/\/lions-pharmacy.com\/es\/producto\/eufrasia-gotas-para-los-ojos-30x05ml_01448168\" \/>\n<meta property=\"og:site_name\" content=\"Lion Pharmacy\" \/>\n<meta property=\"article:modified_time\" content=\"2025-01-25T11:56:46+00:00\" \/>\n<meta property=\"og:image\" content=\"https:\/\/lions-pharmacy.com\/wp-content\/uploads\/2022\/12\/Euphrasia-eye-drops-wala-arzneimittel-Lion-Pharmacy-Loewen-Apotheke24.webp\" \/>\n\t<meta property=\"og:image:width\" content=\"600\" \/>\n\t<meta property=\"og:image:height\" content=\"600\" \/>\n\t<meta property=\"og:image:type\" content=\"image\/webp\" \/>\n<meta name=\"twitter:card\" content=\"summary_large_image\" \/>\n<meta name=\"twitter:label1\" content=\"Tiempo de lectura\" \/>\n\t<meta name=\"twitter:data1\" content=\"1 minuto\" \/>\n<script type=\"application\/ld+json\" class=\"yoast-schema-graph\">{\"@context\":\"https:\/\/schema.org\",\"@graph\":[{\"@type\":\"WebPage\",\"@id\":\"https:\/\/lions-pharmacy.com\/es\/producto\/eufrasia-gotas-para-los-ojos-30x05ml_01448168\",\"url\":\"https:\/\/lions-pharmacy.com\/es\/producto\/eufrasia-gotas-para-los-ojos-30x05ml_01448168\",\"name\":\"Colirio para Euphrasia 30\u00d70,5ml &#187; Lion Pharmacy\",\"isPartOf\":{\"@id\":\"https:\/\/lions-pharmacy.com\/es#website\"},\"primaryImageOfPage\":{\"@id\":\"https:\/\/lions-pharmacy.com\/es\/producto\/eufrasia-gotas-para-los-ojos-30x05ml_01448168#primaryimage\"},\"image\":{\"@id\":\"https:\/\/lions-pharmacy.com\/es\/producto\/eufrasia-gotas-para-los-ojos-30x05ml_01448168#primaryimage\"},\"thumbnailUrl\":\"https:\/\/lions-pharmacy.com\/wp-content\/uploads\/2022\/12\/Euphrasia-eye-drops-wala-arzneimittel-Lion-Pharmacy-Loewen-Apotheke24.webp\",\"datePublished\":\"2022-12-30T10:07:10+00:00\",\"dateModified\":\"2025-01-25T11:56:46+00:00\",\"description\":\"Lion Pharmacy | farmacia en l\u00ednea alemana registrada | Env\u00edo internacional r\u00e1pido | Compras seguras en l\u00ednea | Alergias > Colirio para Euphrasia 30\u00d70,5ml\",\"breadcrumb\":{\"@id\":\"https:\/\/lions-pharmacy.com\/es\/producto\/eufrasia-gotas-para-los-ojos-30x05ml_01448168#breadcrumb\"},\"inLanguage\":\"es\",\"potentialAction\":[{\"@type\":\"ReadAction\",\"target\":[\"https:\/\/lions-pharmacy.com\/es\/producto\/eufrasia-gotas-para-los-ojos-30x05ml_01448168\"]}]},{\"@type\":\"ImageObject\",\"inLanguage\":\"es\",\"@id\":\"https:\/\/lions-pharmacy.com\/es\/producto\/eufrasia-gotas-para-los-ojos-30x05ml_01448168#primaryimage\",\"url\":\"https:\/\/lions-pharmacy.com\/wp-content\/uploads\/2022\/12\/Euphrasia-eye-drops-wala-arzneimittel-Lion-Pharmacy-Loewen-Apotheke24.webp\",\"contentUrl\":\"https:\/\/lions-pharmacy.com\/wp-content\/uploads\/2022\/12\/Euphrasia-eye-drops-wala-arzneimittel-Lion-Pharmacy-Loewen-Apotheke24.webp\",\"width\":600,\"height\":600,\"caption\":\"Eufrasia colirio wala arzneimittel Farmacia Le\u00f3n Loewen-Apotheke24\"},{\"@type\":\"BreadcrumbList\",\"@id\":\"https:\/\/lions-pharmacy.com\/es\/producto\/eufrasia-gotas-para-los-ojos-30x05ml_01448168#breadcrumb\",\"itemListElement\":[{\"@type\":\"ListItem\",\"position\":1,\"name\":\"Home\",\"item\":\"https:\/\/lions-pharmacy.com\/es\/homepage-lion-pharmacy\"},{\"@type\":\"ListItem\",\"position\":2,\"name\":\"Shop\",\"item\":\"https:\/\/lions-pharmacy.com\/es\/tienda\"},{\"@type\":\"ListItem\",\"position\":3,\"name\":\"Colirio para Euphrasia 30\u00d70,5ml\"}]},{\"@type\":\"WebSite\",\"@id\":\"https:\/\/lions-pharmacy.com\/es#website\",\"url\":\"https:\/\/lions-pharmacy.com\/es\",\"name\":\"Lions Pharmacy\",\"description\":\"Farmacia especializada en naturopat\u00eda de Baden-Baden, Alemania\",\"publisher\":{\"@id\":\"https:\/\/lions-pharmacy.com\/es#organization\"},\"alternateName\":\"Lion Pharmacy\",\"potentialAction\":[{\"@type\":\"SearchAction\",\"target\":{\"@type\":\"EntryPoint\",\"urlTemplate\":\"https:\/\/lions-pharmacy.com\/es?s={search_term_string}\"},\"query-input\":{\"@type\":\"PropertyValueSpecification\",\"valueRequired\":true,\"valueName\":\"search_term_string\"}}],\"inLanguage\":\"es\"},{\"@type\":\"Organization\",\"@id\":\"https:\/\/lions-pharmacy.com\/es#organization\",\"name\":\"Lions Pharmacy\",\"alternateName\":\"Lions Pharmacy24\",\"url\":\"https:\/\/lions-pharmacy.com\/es\",\"logo\":{\"@type\":\"ImageObject\",\"inLanguage\":\"es\",\"@id\":\"https:\/\/lions-pharmacy.com\/es#\/schema\/logo\/image\/\",\"url\":\"https:\/\/lions-pharmacy.com\/wp-content\/uploads\/2022\/12\/Logo-Lion-Pharmacy-c-o-Loewen-Apotheke-smal.jpg\",\"contentUrl\":\"https:\/\/lions-pharmacy.com\/wp-content\/uploads\/2022\/12\/Logo-Lion-Pharmacy-c-o-Loewen-Apotheke-smal.jpg\",\"width\":298,\"height\":99,\"caption\":\"Lions Pharmacy\"},\"image\":{\"@id\":\"https:\/\/lions-pharmacy.com\/es#\/schema\/logo\/image\/\"}}]}<\/script>\n<!-- \/ Yoast SEO plugin. -->","yoast_head_json":{"title":"Colirio para Euphrasia 30\u00d70,5ml &#187; Lion Pharmacy","description":"Lion Pharmacy | farmacia en l\u00ednea alemana registrada | Env\u00edo internacional r\u00e1pido | Compras seguras en l\u00ednea | Alergias > Colirio para Euphrasia 30\u00d70,5ml","robots":{"index":"index","follow":"follow","max-snippet":"max-snippet:-1","max-image-preview":"max-image-preview:large","max-video-preview":"max-video-preview:-1"},"canonical":"https:\/\/lions-pharmacy.com\/es\/producto\/eufrasia-gotas-para-los-ojos-30x05ml_01448168","og_locale":"es_ES","og_type":"article","og_title":"Colirio para Euphrasia 30\u00d70,5ml &#187; Lion Pharmacy","og_description":"Lion Pharmacy | farmacia en l\u00ednea alemana registrada | Env\u00edo internacional r\u00e1pido | Compras seguras en l\u00ednea | Alergias > Colirio para Euphrasia 30\u00d70,5ml","og_url":"https:\/\/lions-pharmacy.com\/es\/producto\/eufrasia-gotas-para-los-ojos-30x05ml_01448168","og_site_name":"Lion Pharmacy","article_modified_time":"2025-01-25T11:56:46+00:00","og_image":[{"width":600,"height":600,"url":"https:\/\/lions-pharmacy.com\/wp-content\/uploads\/2022\/12\/Euphrasia-eye-drops-wala-arzneimittel-Lion-Pharmacy-Loewen-Apotheke24.webp","type":"image\/webp"}],"twitter_card":"summary_large_image","twitter_misc":{"Tiempo de lectura":"1 minuto"},"schema":{"@context":"https:\/\/schema.org","@graph":[{"@type":"WebPage","@id":"https:\/\/lions-pharmacy.com\/es\/producto\/eufrasia-gotas-para-los-ojos-30x05ml_01448168","url":"https:\/\/lions-pharmacy.com\/es\/producto\/eufrasia-gotas-para-los-ojos-30x05ml_01448168","name":"Colirio para Euphrasia 30\u00d70,5ml &#187; Lion Pharmacy","isPartOf":{"@id":"https:\/\/lions-pharmacy.com\/es#website"},"primaryImageOfPage":{"@id":"https:\/\/lions-pharmacy.com\/es\/producto\/eufrasia-gotas-para-los-ojos-30x05ml_01448168#primaryimage"},"image":{"@id":"https:\/\/lions-pharmacy.com\/es\/producto\/eufrasia-gotas-para-los-ojos-30x05ml_01448168#primaryimage"},"thumbnailUrl":"https:\/\/lions-pharmacy.com\/wp-content\/uploads\/2022\/12\/Euphrasia-eye-drops-wala-arzneimittel-Lion-Pharmacy-Loewen-Apotheke24.webp","datePublished":"2022-12-30T10:07:10+00:00","dateModified":"2025-01-25T11:56:46+00:00","description":"Lion Pharmacy | farmacia en l\u00ednea alemana registrada | Env\u00edo internacional r\u00e1pido | Compras seguras en l\u00ednea | Alergias > Colirio para Euphrasia 30\u00d70,5ml","breadcrumb":{"@id":"https:\/\/lions-pharmacy.com\/es\/producto\/eufrasia-gotas-para-los-ojos-30x05ml_01448168#breadcrumb"},"inLanguage":"es","potentialAction":[{"@type":"ReadAction","target":["https:\/\/lions-pharmacy.com\/es\/producto\/eufrasia-gotas-para-los-ojos-30x05ml_01448168"]}]},{"@type":"ImageObject","inLanguage":"es","@id":"https:\/\/lions-pharmacy.com\/es\/producto\/eufrasia-gotas-para-los-ojos-30x05ml_01448168#primaryimage","url":"https:\/\/lions-pharmacy.com\/wp-content\/uploads\/2022\/12\/Euphrasia-eye-drops-wala-arzneimittel-Lion-Pharmacy-Loewen-Apotheke24.webp","contentUrl":"https:\/\/lions-pharmacy.com\/wp-content\/uploads\/2022\/12\/Euphrasia-eye-drops-wala-arzneimittel-Lion-Pharmacy-Loewen-Apotheke24.webp","width":600,"height":600,"caption":"Eufrasia colirio wala arzneimittel Farmacia Le\u00f3n Loewen-Apotheke24"},{"@type":"BreadcrumbList","@id":"https:\/\/lions-pharmacy.com\/es\/producto\/eufrasia-gotas-para-los-ojos-30x05ml_01448168#breadcrumb","itemListElement":[{"@type":"ListItem","position":1,"name":"Home","item":"https:\/\/lions-pharmacy.com\/es\/homepage-lion-pharmacy"},{"@type":"ListItem","position":2,"name":"Shop","item":"https:\/\/lions-pharmacy.com\/es\/tienda"},{"@type":"ListItem","position":3,"name":"Colirio para Euphrasia 30\u00d70,5ml"}]},{"@type":"WebSite","@id":"https:\/\/lions-pharmacy.com\/es#website","url":"https:\/\/lions-pharmacy.com\/es","name":"Lions Pharmacy","description":"Farmacia especializada en naturopat\u00eda de Baden-Baden, Alemania","publisher":{"@id":"https:\/\/lions-pharmacy.com\/es#organization"},"alternateName":"Lion Pharmacy","potentialAction":[{"@type":"SearchAction","target":{"@type":"EntryPoint","urlTemplate":"https:\/\/lions-pharmacy.com\/es?s={search_term_string}"},"query-input":{"@type":"PropertyValueSpecification","valueRequired":true,"valueName":"search_term_string"}}],"inLanguage":"es"},{"@type":"Organization","@id":"https:\/\/lions-pharmacy.com\/es#organization","name":"Lions Pharmacy","alternateName":"Lions Pharmacy24","url":"https:\/\/lions-pharmacy.com\/es","logo":{"@type":"ImageObject","inLanguage":"es","@id":"https:\/\/lions-pharmacy.com\/es#\/schema\/logo\/image\/","url":"https:\/\/lions-pharmacy.com\/wp-content\/uploads\/2022\/12\/Logo-Lion-Pharmacy-c-o-Loewen-Apotheke-smal.jpg","contentUrl":"https:\/\/lions-pharmacy.com\/wp-content\/uploads\/2022\/12\/Logo-Lion-Pharmacy-c-o-Loewen-Apotheke-smal.jpg","width":298,"height":99,"caption":"Lions Pharmacy"},"image":{"@id":"https:\/\/lions-pharmacy.com\/es#\/schema\/logo\/image\/"}}]}},"_links":{"self":[{"href":"https:\/\/lions-pharmacy.com\/es\/wp-json\/wp\/v2\/product\/1899","targetHints":{"allow":["GET"]}}],"collection":[{"href":"https:\/\/lions-pharmacy.com\/es\/wp-json\/wp\/v2\/product"}],"about":[{"href":"https:\/\/lions-pharmacy.com\/es\/wp-json\/wp\/v2\/types\/product"}],"replies":[{"embeddable":true,"href":"https:\/\/lions-pharmacy.com\/es\/wp-json\/wp\/v2\/comments?post=1899"}],"wp:featuredmedia":[{"embeddable":true,"href":"https:\/\/lions-pharmacy.com\/es\/wp-json\/wp\/v2\/media\/2396"}],"wp:attachment":[{"href":"https:\/\/lions-pharmacy.com\/es\/wp-json\/wp\/v2\/media?parent=1899"}],"wp:term":[{"taxonomy":"product_brand","embeddable":true,"href":"https:\/\/lions-pharmacy.com\/es\/wp-json\/wp\/v2\/product_brand?post=1899"},{"taxonomy":"product_cat","embeddable":true,"href":"https:\/\/lions-pharmacy.com\/es\/wp-json\/wp\/v2\/product_cat?post=1899"},{"taxonomy":"product_tag","embeddable":true,"href":"https:\/\/lions-pharmacy.com\/es\/wp-json\/wp\/v2\/product_tag?post=1899"}],"curies":[{"name":"wp","href":"https:\/\/api.w.org\/{rel}","templated":true}]}}