{"id":1890,"date":"2022-12-30T19:55:19","date_gmt":"2022-12-30T18:55:19","guid":{"rendered":"https:\/\/lions-pharmacy.com\/product\/orthomol-hair-capsulas-intensas-180-pc"},"modified":"2022-12-30T19:55:19","modified_gmt":"2022-12-30T18:55:19","slug":"orthomol-hair-intense-capsules-180-pc-16866061","status":"publish","type":"product","link":"https:\/\/lions-pharmacy.com\/es\/producto\/orthomol-hair-intense-capsules-180-pc-16866061","title":{"rendered":"Orthomol Hair c\u00e1psulas intensas 180 pc"},"content":{"rendered":"<h3>Orthomol Hair c\u00e1psulas intensas 180 pc<\/h3>\n<p>Orthomol Hair Intense es un suplemento diet\u00e9tico. Con selenio, biotina y zinc para ayudar a mantener el cabello normal y otros micronutrientes.<\/p>\n<p>Productos de Orthomol: Pioneros de la medicina nutricional ortomolecular en Alemania. La compa\u00f1\u00eda ha estado desarrollando y vendiendo dosis bien equilibradas de combinaciones de micronutrientes para diversas \u00e1reas de aplicaci\u00f3n durante m\u00e1s de 30 a\u00f1os. Estas son combinaciones de micronutrientes basadas en la medicina ortomolecular.<\/p>\n<p>Prospecto\/instrucciones de uso\/ficha t\u00e9cnica del art\u00edculo: &#8211; (lector de PDF)<\/p>\n<p>Otros productos para la aplicaci\u00f3n: Ca\u00edda del cabello &#8211; <a href=\"https:\/\/lions-pharmacy.com\/product-tag\/coronavirus\">Coronavirus<\/a> | <a href=\"https:\/\/lions-pharmacy.com\/product-tag\/vitamins-supplements\">Productos de vitaminas y suplementos<\/a><\/p>\n<p>Obtenga m\u00e1s informaci\u00f3n sobre manufactorer y este producto: <a href=\"https:\/\/www.orthomol.com\/de-de\/produkte\/schoenheit\/orthomol-hair-intense\" target=\"_blank\" rel=\"noopener\">orthomol<\/a> (enlace a sitio web externo)<\/p>\n<p>La informaci\u00f3n contenida en este sitio web se facilita \u00fanicamente con fines informativos. En ning\u00fan caso sustituyen al examen y tratamiento por un m\u00e9dico. Tenga en cuenta que esto significa que no se pueden hacer diagn\u00f3sticos ni iniciar terapias.<\/p>\n<p>Para conocer los riesgos y efectos secundarios, lea el prospecto y consulte a su m\u00e9dico o farmac\u00e9utico.<\/p>\n","protected":false},"excerpt":{"rendered":"<h2>Orthomol Hair c\u00e1psulas intensas 180 pc<\/h2>\n<p>Orthomol Hair Intense es un suplemento diet\u00e9tico. Con selenio, biotina y zinc para ayudar a mantener el cabello normal y otros micronutrientes.<\/p>\n<p>&nbsp;<\/p>\n<p>PZN: 16866061 (Pharmazentralnummer)<\/p>\n<p>Forma de la dosis: c\u00e1psulas<\/p>\n<p>Tipo de prescripci\u00f3n: sin receta<\/p>\n<p>Marca: orthomol<\/p>\n<p>Fabricante: orthomol Arzneimittel GmbH, Alemania<\/p>\n<p>Tama\u00f1o del embalaje: 180 pc.<\/p>\n","protected":false},"featured_media":4747,"comment_status":"closed","ping_status":"closed","template":"","meta":[],"product_brand":[],"product_cat":[125,116],"product_tag":[255,311,272],"class_list":{"0":"post-1890","1":"product","2":"type-product","3":"status-publish","4":"has-post-thumbnail","6":"product_cat-sale-es","7":"product_cat-sin-categorizar","8":"product_tag-coronavirus-es","9":"product_tag-venta-mensual","10":"product_tag-vitaminas-y-suplementos","11":"ts_product_brand-all-es","12":"ts_product_brand-orthomol-es","14":"first","15":"instock","16":"sale","17":"featured","18":"taxable","19":"shipping-taxable","20":"purchasable","21":"product-type-simple"},"yoast_head":"<!-- This site is optimized with the Yoast SEO plugin v26.5 - https:\/\/yoast.com\/wordpress\/plugins\/seo\/ -->\n<title>Orthomol Hair c\u00e1psulas intensas 180 pc &#187; Lion Pharmacy<\/title>\n<meta name=\"description\" content=\"Lion Pharmacy | farmacia en l\u00ednea alemana registrada | Env\u00edo internacional r\u00e1pido | Compras seguras en l\u00ednea | P\u00e9rdida de cabello &gt; Orthomol Hair c\u00e1psulas intensas 180 pc\" \/>\n<meta name=\"robots\" content=\"index, follow, max-snippet:-1, max-image-preview:large, max-video-preview:-1\" \/>\n<link rel=\"canonical\" href=\"https:\/\/lions-pharmacy.com\/es\/producto\/orthomol-hair-intense-capsules-180-pc-16866061\" \/>\n<meta property=\"og:locale\" content=\"es_ES\" \/>\n<meta property=\"og:type\" content=\"article\" \/>\n<meta property=\"og:title\" content=\"Orthomol Hair c\u00e1psulas intensas 180 pc &#187; Lion Pharmacy\" \/>\n<meta property=\"og:description\" content=\"Lion Pharmacy | farmacia en l\u00ednea alemana registrada | Env\u00edo internacional r\u00e1pido | Compras seguras en l\u00ednea | P\u00e9rdida de cabello &gt; Orthomol Hair c\u00e1psulas intensas 180 pc\" \/>\n<meta property=\"og:url\" content=\"https:\/\/lions-pharmacy.com\/es\/producto\/orthomol-hair-intense-capsules-180-pc-16866061\" \/>\n<meta property=\"og:site_name\" content=\"Lion Pharmacy\" \/>\n<meta property=\"og:image\" content=\"https:\/\/lions-pharmacy.com\/wp-content\/uploads\/2022\/12\/orthomol-hair-intense-180-pc-Lion-Pharmacy-or-Loewen-Apotheke24.jpg\" \/>\n\t<meta property=\"og:image:width\" content=\"600\" \/>\n\t<meta property=\"og:image:height\" content=\"600\" \/>\n\t<meta property=\"og:image:type\" content=\"image\/jpeg\" \/>\n<meta name=\"twitter:card\" content=\"summary_large_image\" \/>\n<meta name=\"twitter:label1\" content=\"Tiempo de lectura\" \/>\n\t<meta name=\"twitter:data1\" content=\"1 minuto\" \/>\n<script type=\"application\/ld+json\" class=\"yoast-schema-graph\">{\"@context\":\"https:\/\/schema.org\",\"@graph\":[{\"@type\":\"WebPage\",\"@id\":\"https:\/\/lions-pharmacy.com\/es\/producto\/orthomol-hair-intense-capsules-180-pc-16866061\",\"url\":\"https:\/\/lions-pharmacy.com\/es\/producto\/orthomol-hair-intense-capsules-180-pc-16866061\",\"name\":\"Orthomol Hair c\u00e1psulas intensas 180 pc &#187; Lion Pharmacy\",\"isPartOf\":{\"@id\":\"https:\/\/lions-pharmacy.com\/es#website\"},\"primaryImageOfPage\":{\"@id\":\"https:\/\/lions-pharmacy.com\/es\/producto\/orthomol-hair-intense-capsules-180-pc-16866061#primaryimage\"},\"image\":{\"@id\":\"https:\/\/lions-pharmacy.com\/es\/producto\/orthomol-hair-intense-capsules-180-pc-16866061#primaryimage\"},\"thumbnailUrl\":\"https:\/\/lions-pharmacy.com\/wp-content\/uploads\/2022\/12\/orthomol-hair-intense-180-pc-Lions-Pharmacy.webp\",\"datePublished\":\"2022-12-30T18:55:19+00:00\",\"description\":\"Lion Pharmacy | farmacia en l\u00ednea alemana registrada | Env\u00edo internacional r\u00e1pido | Compras seguras en l\u00ednea | P\u00e9rdida de cabello > Orthomol Hair c\u00e1psulas intensas 180 pc\",\"breadcrumb\":{\"@id\":\"https:\/\/lions-pharmacy.com\/es\/producto\/orthomol-hair-intense-capsules-180-pc-16866061#breadcrumb\"},\"inLanguage\":\"es\",\"potentialAction\":[{\"@type\":\"ReadAction\",\"target\":[\"https:\/\/lions-pharmacy.com\/es\/producto\/orthomol-hair-intense-capsules-180-pc-16866061\"]}]},{\"@type\":\"ImageObject\",\"inLanguage\":\"es\",\"@id\":\"https:\/\/lions-pharmacy.com\/es\/producto\/orthomol-hair-intense-capsules-180-pc-16866061#primaryimage\",\"url\":\"https:\/\/lions-pharmacy.com\/wp-content\/uploads\/2022\/12\/orthomol-hair-intense-180-pc-Lions-Pharmacy.webp\",\"contentUrl\":\"https:\/\/lions-pharmacy.com\/wp-content\/uploads\/2022\/12\/orthomol-hair-intense-180-pc-Lions-Pharmacy.webp\",\"width\":600,\"height\":600,\"caption\":\"orthomol hair intense 180 pc Lions Pharmacy\"},{\"@type\":\"BreadcrumbList\",\"@id\":\"https:\/\/lions-pharmacy.com\/es\/producto\/orthomol-hair-intense-capsules-180-pc-16866061#breadcrumb\",\"itemListElement\":[{\"@type\":\"ListItem\",\"position\":1,\"name\":\"Home\",\"item\":\"https:\/\/lions-pharmacy.com\/es\/homepage-lion-pharmacy\"},{\"@type\":\"ListItem\",\"position\":2,\"name\":\"Shop\",\"item\":\"https:\/\/lions-pharmacy.com\/es\/tienda\"},{\"@type\":\"ListItem\",\"position\":3,\"name\":\"Orthomol Hair c\u00e1psulas intensas 180 pc\"}]},{\"@type\":\"WebSite\",\"@id\":\"https:\/\/lions-pharmacy.com\/es#website\",\"url\":\"https:\/\/lions-pharmacy.com\/es\",\"name\":\"Lions Pharmacy\",\"description\":\"Farmacia especializada en naturopat\u00eda de Baden-Baden, Alemania\",\"publisher\":{\"@id\":\"https:\/\/lions-pharmacy.com\/es#organization\"},\"alternateName\":\"Lion Pharmacy\",\"potentialAction\":[{\"@type\":\"SearchAction\",\"target\":{\"@type\":\"EntryPoint\",\"urlTemplate\":\"https:\/\/lions-pharmacy.com\/es?s={search_term_string}\"},\"query-input\":{\"@type\":\"PropertyValueSpecification\",\"valueRequired\":true,\"valueName\":\"search_term_string\"}}],\"inLanguage\":\"es\"},{\"@type\":\"Organization\",\"@id\":\"https:\/\/lions-pharmacy.com\/es#organization\",\"name\":\"Lions Pharmacy\",\"alternateName\":\"Lions Pharmacy24\",\"url\":\"https:\/\/lions-pharmacy.com\/es\",\"logo\":{\"@type\":\"ImageObject\",\"inLanguage\":\"es\",\"@id\":\"https:\/\/lions-pharmacy.com\/es#\/schema\/logo\/image\/\",\"url\":\"https:\/\/lions-pharmacy.com\/wp-content\/uploads\/2022\/12\/Logo-Lion-Pharmacy-c-o-Loewen-Apotheke-smal.jpg\",\"contentUrl\":\"https:\/\/lions-pharmacy.com\/wp-content\/uploads\/2022\/12\/Logo-Lion-Pharmacy-c-o-Loewen-Apotheke-smal.jpg\",\"width\":298,\"height\":99,\"caption\":\"Lions Pharmacy\"},\"image\":{\"@id\":\"https:\/\/lions-pharmacy.com\/es#\/schema\/logo\/image\/\"}}]}<\/script>\n<!-- \/ Yoast SEO plugin. -->","yoast_head_json":{"title":"Orthomol Hair c\u00e1psulas intensas 180 pc &#187; Lion Pharmacy","description":"Lion Pharmacy | farmacia en l\u00ednea alemana registrada | Env\u00edo internacional r\u00e1pido | Compras seguras en l\u00ednea | P\u00e9rdida de cabello > Orthomol Hair c\u00e1psulas intensas 180 pc","robots":{"index":"index","follow":"follow","max-snippet":"max-snippet:-1","max-image-preview":"max-image-preview:large","max-video-preview":"max-video-preview:-1"},"canonical":"https:\/\/lions-pharmacy.com\/es\/producto\/orthomol-hair-intense-capsules-180-pc-16866061","og_locale":"es_ES","og_type":"article","og_title":"Orthomol Hair c\u00e1psulas intensas 180 pc &#187; Lion Pharmacy","og_description":"Lion Pharmacy | farmacia en l\u00ednea alemana registrada | Env\u00edo internacional r\u00e1pido | Compras seguras en l\u00ednea | P\u00e9rdida de cabello > Orthomol Hair c\u00e1psulas intensas 180 pc","og_url":"https:\/\/lions-pharmacy.com\/es\/producto\/orthomol-hair-intense-capsules-180-pc-16866061","og_site_name":"Lion Pharmacy","og_image":[{"width":600,"height":600,"url":"https:\/\/lions-pharmacy.com\/wp-content\/uploads\/2022\/12\/orthomol-hair-intense-180-pc-Lion-Pharmacy-or-Loewen-Apotheke24.jpg","type":"image\/jpeg"}],"twitter_card":"summary_large_image","twitter_misc":{"Tiempo de lectura":"1 minuto"},"schema":{"@context":"https:\/\/schema.org","@graph":[{"@type":"WebPage","@id":"https:\/\/lions-pharmacy.com\/es\/producto\/orthomol-hair-intense-capsules-180-pc-16866061","url":"https:\/\/lions-pharmacy.com\/es\/producto\/orthomol-hair-intense-capsules-180-pc-16866061","name":"Orthomol Hair c\u00e1psulas intensas 180 pc &#187; Lion Pharmacy","isPartOf":{"@id":"https:\/\/lions-pharmacy.com\/es#website"},"primaryImageOfPage":{"@id":"https:\/\/lions-pharmacy.com\/es\/producto\/orthomol-hair-intense-capsules-180-pc-16866061#primaryimage"},"image":{"@id":"https:\/\/lions-pharmacy.com\/es\/producto\/orthomol-hair-intense-capsules-180-pc-16866061#primaryimage"},"thumbnailUrl":"https:\/\/lions-pharmacy.com\/wp-content\/uploads\/2022\/12\/orthomol-hair-intense-180-pc-Lions-Pharmacy.webp","datePublished":"2022-12-30T18:55:19+00:00","description":"Lion Pharmacy | farmacia en l\u00ednea alemana registrada | Env\u00edo internacional r\u00e1pido | Compras seguras en l\u00ednea | P\u00e9rdida de cabello > Orthomol Hair c\u00e1psulas intensas 180 pc","breadcrumb":{"@id":"https:\/\/lions-pharmacy.com\/es\/producto\/orthomol-hair-intense-capsules-180-pc-16866061#breadcrumb"},"inLanguage":"es","potentialAction":[{"@type":"ReadAction","target":["https:\/\/lions-pharmacy.com\/es\/producto\/orthomol-hair-intense-capsules-180-pc-16866061"]}]},{"@type":"ImageObject","inLanguage":"es","@id":"https:\/\/lions-pharmacy.com\/es\/producto\/orthomol-hair-intense-capsules-180-pc-16866061#primaryimage","url":"https:\/\/lions-pharmacy.com\/wp-content\/uploads\/2022\/12\/orthomol-hair-intense-180-pc-Lions-Pharmacy.webp","contentUrl":"https:\/\/lions-pharmacy.com\/wp-content\/uploads\/2022\/12\/orthomol-hair-intense-180-pc-Lions-Pharmacy.webp","width":600,"height":600,"caption":"orthomol hair intense 180 pc Lions Pharmacy"},{"@type":"BreadcrumbList","@id":"https:\/\/lions-pharmacy.com\/es\/producto\/orthomol-hair-intense-capsules-180-pc-16866061#breadcrumb","itemListElement":[{"@type":"ListItem","position":1,"name":"Home","item":"https:\/\/lions-pharmacy.com\/es\/homepage-lion-pharmacy"},{"@type":"ListItem","position":2,"name":"Shop","item":"https:\/\/lions-pharmacy.com\/es\/tienda"},{"@type":"ListItem","position":3,"name":"Orthomol Hair c\u00e1psulas intensas 180 pc"}]},{"@type":"WebSite","@id":"https:\/\/lions-pharmacy.com\/es#website","url":"https:\/\/lions-pharmacy.com\/es","name":"Lions Pharmacy","description":"Farmacia especializada en naturopat\u00eda de Baden-Baden, Alemania","publisher":{"@id":"https:\/\/lions-pharmacy.com\/es#organization"},"alternateName":"Lion Pharmacy","potentialAction":[{"@type":"SearchAction","target":{"@type":"EntryPoint","urlTemplate":"https:\/\/lions-pharmacy.com\/es?s={search_term_string}"},"query-input":{"@type":"PropertyValueSpecification","valueRequired":true,"valueName":"search_term_string"}}],"inLanguage":"es"},{"@type":"Organization","@id":"https:\/\/lions-pharmacy.com\/es#organization","name":"Lions Pharmacy","alternateName":"Lions Pharmacy24","url":"https:\/\/lions-pharmacy.com\/es","logo":{"@type":"ImageObject","inLanguage":"es","@id":"https:\/\/lions-pharmacy.com\/es#\/schema\/logo\/image\/","url":"https:\/\/lions-pharmacy.com\/wp-content\/uploads\/2022\/12\/Logo-Lion-Pharmacy-c-o-Loewen-Apotheke-smal.jpg","contentUrl":"https:\/\/lions-pharmacy.com\/wp-content\/uploads\/2022\/12\/Logo-Lion-Pharmacy-c-o-Loewen-Apotheke-smal.jpg","width":298,"height":99,"caption":"Lions Pharmacy"},"image":{"@id":"https:\/\/lions-pharmacy.com\/es#\/schema\/logo\/image\/"}}]}},"_links":{"self":[{"href":"https:\/\/lions-pharmacy.com\/es\/wp-json\/wp\/v2\/product\/1890","targetHints":{"allow":["GET"]}}],"collection":[{"href":"https:\/\/lions-pharmacy.com\/es\/wp-json\/wp\/v2\/product"}],"about":[{"href":"https:\/\/lions-pharmacy.com\/es\/wp-json\/wp\/v2\/types\/product"}],"replies":[{"embeddable":true,"href":"https:\/\/lions-pharmacy.com\/es\/wp-json\/wp\/v2\/comments?post=1890"}],"wp:featuredmedia":[{"embeddable":true,"href":"https:\/\/lions-pharmacy.com\/es\/wp-json\/wp\/v2\/media\/4747"}],"wp:attachment":[{"href":"https:\/\/lions-pharmacy.com\/es\/wp-json\/wp\/v2\/media?parent=1890"}],"wp:term":[{"taxonomy":"product_brand","embeddable":true,"href":"https:\/\/lions-pharmacy.com\/es\/wp-json\/wp\/v2\/product_brand?post=1890"},{"taxonomy":"product_cat","embeddable":true,"href":"https:\/\/lions-pharmacy.com\/es\/wp-json\/wp\/v2\/product_cat?post=1890"},{"taxonomy":"product_tag","embeddable":true,"href":"https:\/\/lions-pharmacy.com\/es\/wp-json\/wp\/v2\/product_tag?post=1890"}],"curies":[{"name":"wp","href":"https:\/\/api.w.org\/{rel}","templated":true}]}}