{"id":1881,"date":"2022-12-29T21:56:13","date_gmt":"2022-12-29T20:56:13","guid":{"rendered":"https:\/\/lions-pharmacy.com\/product\/algovir-spray-frio"},"modified":"2022-12-29T21:56:13","modified_gmt":"2022-12-29T20:56:13","slug":"algovir-cold-spray-12579962","status":"publish","type":"product","link":"https:\/\/lions-pharmacy.com\/es\/producto\/algovir-cold-spray-12579962","title":{"rendered":"Algovir spray fr\u00edo"},"content":{"rendered":"<h3>Algovir spray fr\u00edo<\/h3>\n<p>El aerosol fr\u00edo Algovir se usa para apoyar el tratamiento de resfriados o infecciones similares a la gripe con causas virales. Tambi\u00e9n se puede utilizar de forma preventiva. La humectaci\u00f3n sostenida de la mucosa nasal apoya la defensa natural.<\/p>\n<p>Por lo tanto, muchas personas desean no dejar que se desarrolle un resfriado en primer lugar, y aqu\u00ed es donde entra en juego el efecto algovir\u00ae: puede detener los virus antes de que puedan causar un resfriado.<\/p>\n<ul>\n<li>Desde el primer signo de un resfriado<\/li>\n<li>Puede prevenir el resfriado com\u00fan<\/li>\n<li>La duraci\u00f3n de un resfriado se puede acortar*<\/li>\n<li>Spray para protecci\u00f3n preventiva<\/li>\n<\/ul>\n<p>El ingrediente activo carragulosa\u00ae forma una pel\u00edcula protectora en la mucosa nasal y, por lo tanto, representa una barrera f\u00edsica contra los virus del resfriado penetrantes.<\/p>\n<h4>Spray para protecci\u00f3n preventiva<\/h4>\n<p>El ingrediente activo carragulosa\u00ae forma una pel\u00edcula protectora en la mucosa nasal y, por lo tanto, representa una barrera f\u00edsica contra los virus del resfriado penetrantes.<\/p>\n<h4>Importante sobre la aplicaci\u00f3n<\/h4>\n<p>A la primera se\u00f1al de un resfriado, el efecto algovir debe aplicarse tres veces al d\u00eda. Se administra un aerosol en cada fosa nasal para cada aplicaci\u00f3n. Con cada pulverizaci\u00f3n, tambi\u00e9n se logra un efecto hidratante, que sirve tanto como profilaxis como tratamiento para los s\u00edntomas resultantes de la mucosa nasal seca o irritada. Y lo que es especial: el efecto algovir tambi\u00e9n es adecuado para su uso durante el embarazo y la lactancia.<\/p>\n<p>Prospecto\/instrucciones de uso\/ficha t\u00e9cnica del art\u00edculo: &#8211; (lector de PDF)<\/p>\n<p>Otros productos para la aplicaci\u00f3n: <a href=\"https:\/\/lions-pharmacy.com\/produkt-schlagwort\/cold-flu\">Resfriado y gripe<\/a><\/p>\n<p>Obtenga m\u00e1s informaci\u00f3n sobre manufactorer y este producto: <a href=\"https:\/\/www.algovir.de\/algovir-effekt\/\" target=\"_blank\" rel=\"noopener\">Hermes Arzneimittel GmbH<\/a> (enlace al sitio web externo)<\/p>\n<p>La informaci\u00f3n contenida en este sitio web se facilita \u00fanicamente con fines informativos. En ning\u00fan caso sustituyen al examen y tratamiento por un m\u00e9dico. Tenga en cuenta que esto significa que no se pueden hacer diagn\u00f3sticos ni iniciar terapias.<\/p>\n<p>Para conocer los riesgos y efectos secundarios, lea el prospecto y consulte a su m\u00e9dico o farmac\u00e9utico.<\/p>\n","protected":false},"excerpt":{"rendered":"<h2>Algovir spray fr\u00edo<\/h2>\n<p>El aerosol fr\u00edo efecto Algovir se usa para apoyar el tratamiento de resfriados o infecciones de gripe con causas virales.<\/p>\n<p>&nbsp;<\/p>\n<p>PZN: 12579956 (Pharmazentralnummer)<\/p>\n<p>Forma de la dosis: spray<\/p>\n<p>Tipo de prescripci\u00f3n: sin receta<\/p>\n<p>Marca: Algovir<\/p>\n<p>Fabricante: Hermes Arzneimittel GmbH, Alemania<\/p>\n<p>Tama\u00f1o del embalaje: 20ml<\/p>\n","protected":false},"featured_media":4771,"comment_status":"closed","ping_status":"closed","template":"","meta":[],"product_brand":[],"product_cat":[125,116],"product_tag":[255,237,296,311],"class_list":{"0":"post-1881","1":"product","2":"type-product","3":"status-publish","4":"has-post-thumbnail","6":"product_cat-sale-es","7":"product_cat-sin-categorizar","8":"product_tag-coronavirus-es","9":"product_tag-infeccion-virica","10":"product_tag-resfriado","11":"product_tag-venta-mensual","12":"ts_product_brand-all-es","14":"first","15":"instock","16":"featured","17":"taxable","18":"shipping-taxable","19":"purchasable","20":"product-type-simple"},"yoast_head":"<!-- This site is optimized with the Yoast SEO plugin v26.5 - https:\/\/yoast.com\/wordpress\/plugins\/seo\/ -->\n<title>Algovir spray fr\u00edo &#187; Lion Pharmacy<\/title>\n<meta name=\"description\" content=\"Lion Pharmacy | farmacia en l\u00ednea alemana registrada | Env\u00edo internacional r\u00e1pido | Compras seguras en l\u00ednea | Resfriado y gripe &gt; Algovir spray fr\u00edo\" \/>\n<meta name=\"robots\" content=\"index, follow, max-snippet:-1, max-image-preview:large, max-video-preview:-1\" \/>\n<link rel=\"canonical\" href=\"https:\/\/lions-pharmacy.com\/es\/producto\/algovir-cold-spray-12579962\" \/>\n<meta property=\"og:locale\" content=\"es_ES\" \/>\n<meta property=\"og:type\" content=\"article\" \/>\n<meta property=\"og:title\" content=\"Algovir spray fr\u00edo &#187; Lion Pharmacy\" \/>\n<meta property=\"og:description\" content=\"Lion Pharmacy | farmacia en l\u00ednea alemana registrada | Env\u00edo internacional r\u00e1pido | Compras seguras en l\u00ednea | Resfriado y gripe &gt; Algovir spray fr\u00edo\" \/>\n<meta property=\"og:url\" content=\"https:\/\/lions-pharmacy.com\/es\/producto\/algovir-cold-spray-12579962\" \/>\n<meta property=\"og:site_name\" content=\"Lion Pharmacy\" \/>\n<meta property=\"og:image\" content=\"https:\/\/lions-pharmacy.com\/wp-content\/uploads\/2022\/12\/algovir-flu-spray-erkaeltungsspray-20ml-PZN-12579956.jpg\" \/>\n\t<meta property=\"og:image:width\" content=\"600\" \/>\n\t<meta property=\"og:image:height\" content=\"600\" \/>\n\t<meta property=\"og:image:type\" content=\"image\/jpeg\" \/>\n<meta name=\"twitter:card\" content=\"summary_large_image\" \/>\n<meta name=\"twitter:label1\" content=\"Tiempo de lectura\" \/>\n\t<meta name=\"twitter:data1\" content=\"2 minutos\" \/>\n<script type=\"application\/ld+json\" class=\"yoast-schema-graph\">{\"@context\":\"https:\/\/schema.org\",\"@graph\":[{\"@type\":\"WebPage\",\"@id\":\"https:\/\/lions-pharmacy.com\/es\/producto\/algovir-cold-spray-12579962\",\"url\":\"https:\/\/lions-pharmacy.com\/es\/producto\/algovir-cold-spray-12579962\",\"name\":\"Algovir spray fr\u00edo &#187; Lion Pharmacy\",\"isPartOf\":{\"@id\":\"https:\/\/lions-pharmacy.com\/es#website\"},\"primaryImageOfPage\":{\"@id\":\"https:\/\/lions-pharmacy.com\/es\/producto\/algovir-cold-spray-12579962#primaryimage\"},\"image\":{\"@id\":\"https:\/\/lions-pharmacy.com\/es\/producto\/algovir-cold-spray-12579962#primaryimage\"},\"thumbnailUrl\":\"https:\/\/lions-pharmacy.com\/wp-content\/uploads\/2022\/12\/algovir-flu-spray-20ml-PZN-12579956.webp\",\"datePublished\":\"2022-12-29T20:56:13+00:00\",\"description\":\"Lion Pharmacy | farmacia en l\u00ednea alemana registrada | Env\u00edo internacional r\u00e1pido | Compras seguras en l\u00ednea | Resfriado y gripe > Algovir spray fr\u00edo\",\"breadcrumb\":{\"@id\":\"https:\/\/lions-pharmacy.com\/es\/producto\/algovir-cold-spray-12579962#breadcrumb\"},\"inLanguage\":\"es\",\"potentialAction\":[{\"@type\":\"ReadAction\",\"target\":[\"https:\/\/lions-pharmacy.com\/es\/producto\/algovir-cold-spray-12579962\"]}]},{\"@type\":\"ImageObject\",\"inLanguage\":\"es\",\"@id\":\"https:\/\/lions-pharmacy.com\/es\/producto\/algovir-cold-spray-12579962#primaryimage\",\"url\":\"https:\/\/lions-pharmacy.com\/wp-content\/uploads\/2022\/12\/algovir-flu-spray-20ml-PZN-12579956.webp\",\"contentUrl\":\"https:\/\/lions-pharmacy.com\/wp-content\/uploads\/2022\/12\/algovir-flu-spray-20ml-PZN-12579956.webp\",\"width\":600,\"height\":600,\"caption\":\"algovir flu spray 20ml PZN-12579956\"},{\"@type\":\"BreadcrumbList\",\"@id\":\"https:\/\/lions-pharmacy.com\/es\/producto\/algovir-cold-spray-12579962#breadcrumb\",\"itemListElement\":[{\"@type\":\"ListItem\",\"position\":1,\"name\":\"Home\",\"item\":\"https:\/\/lions-pharmacy.com\/es\/homepage-lion-pharmacy\"},{\"@type\":\"ListItem\",\"position\":2,\"name\":\"Shop\",\"item\":\"https:\/\/lions-pharmacy.com\/es\/tienda\"},{\"@type\":\"ListItem\",\"position\":3,\"name\":\"Algovir spray fr\u00edo\"}]},{\"@type\":\"WebSite\",\"@id\":\"https:\/\/lions-pharmacy.com\/es#website\",\"url\":\"https:\/\/lions-pharmacy.com\/es\",\"name\":\"Lions Pharmacy\",\"description\":\"Farmacia especializada en naturopat\u00eda de Baden-Baden, Alemania\",\"publisher\":{\"@id\":\"https:\/\/lions-pharmacy.com\/es#organization\"},\"alternateName\":\"Lion Pharmacy\",\"potentialAction\":[{\"@type\":\"SearchAction\",\"target\":{\"@type\":\"EntryPoint\",\"urlTemplate\":\"https:\/\/lions-pharmacy.com\/es?s={search_term_string}\"},\"query-input\":{\"@type\":\"PropertyValueSpecification\",\"valueRequired\":true,\"valueName\":\"search_term_string\"}}],\"inLanguage\":\"es\"},{\"@type\":\"Organization\",\"@id\":\"https:\/\/lions-pharmacy.com\/es#organization\",\"name\":\"Lions Pharmacy\",\"alternateName\":\"Lions Pharmacy24\",\"url\":\"https:\/\/lions-pharmacy.com\/es\",\"logo\":{\"@type\":\"ImageObject\",\"inLanguage\":\"es\",\"@id\":\"https:\/\/lions-pharmacy.com\/es#\/schema\/logo\/image\/\",\"url\":\"https:\/\/lions-pharmacy.com\/wp-content\/uploads\/2022\/12\/Logo-Lion-Pharmacy-c-o-Loewen-Apotheke-smal.jpg\",\"contentUrl\":\"https:\/\/lions-pharmacy.com\/wp-content\/uploads\/2022\/12\/Logo-Lion-Pharmacy-c-o-Loewen-Apotheke-smal.jpg\",\"width\":298,\"height\":99,\"caption\":\"Lions Pharmacy\"},\"image\":{\"@id\":\"https:\/\/lions-pharmacy.com\/es#\/schema\/logo\/image\/\"}}]}<\/script>\n<!-- \/ Yoast SEO plugin. -->","yoast_head_json":{"title":"Algovir spray fr\u00edo &#187; Lion Pharmacy","description":"Lion Pharmacy | farmacia en l\u00ednea alemana registrada | Env\u00edo internacional r\u00e1pido | Compras seguras en l\u00ednea | Resfriado y gripe > Algovir spray fr\u00edo","robots":{"index":"index","follow":"follow","max-snippet":"max-snippet:-1","max-image-preview":"max-image-preview:large","max-video-preview":"max-video-preview:-1"},"canonical":"https:\/\/lions-pharmacy.com\/es\/producto\/algovir-cold-spray-12579962","og_locale":"es_ES","og_type":"article","og_title":"Algovir spray fr\u00edo &#187; Lion Pharmacy","og_description":"Lion Pharmacy | farmacia en l\u00ednea alemana registrada | Env\u00edo internacional r\u00e1pido | Compras seguras en l\u00ednea | Resfriado y gripe > Algovir spray fr\u00edo","og_url":"https:\/\/lions-pharmacy.com\/es\/producto\/algovir-cold-spray-12579962","og_site_name":"Lion Pharmacy","og_image":[{"width":600,"height":600,"url":"https:\/\/lions-pharmacy.com\/wp-content\/uploads\/2022\/12\/algovir-flu-spray-erkaeltungsspray-20ml-PZN-12579956.jpg","type":"image\/jpeg"}],"twitter_card":"summary_large_image","twitter_misc":{"Tiempo de lectura":"2 minutos"},"schema":{"@context":"https:\/\/schema.org","@graph":[{"@type":"WebPage","@id":"https:\/\/lions-pharmacy.com\/es\/producto\/algovir-cold-spray-12579962","url":"https:\/\/lions-pharmacy.com\/es\/producto\/algovir-cold-spray-12579962","name":"Algovir spray fr\u00edo &#187; Lion Pharmacy","isPartOf":{"@id":"https:\/\/lions-pharmacy.com\/es#website"},"primaryImageOfPage":{"@id":"https:\/\/lions-pharmacy.com\/es\/producto\/algovir-cold-spray-12579962#primaryimage"},"image":{"@id":"https:\/\/lions-pharmacy.com\/es\/producto\/algovir-cold-spray-12579962#primaryimage"},"thumbnailUrl":"https:\/\/lions-pharmacy.com\/wp-content\/uploads\/2022\/12\/algovir-flu-spray-20ml-PZN-12579956.webp","datePublished":"2022-12-29T20:56:13+00:00","description":"Lion Pharmacy | farmacia en l\u00ednea alemana registrada | Env\u00edo internacional r\u00e1pido | Compras seguras en l\u00ednea | Resfriado y gripe > Algovir spray fr\u00edo","breadcrumb":{"@id":"https:\/\/lions-pharmacy.com\/es\/producto\/algovir-cold-spray-12579962#breadcrumb"},"inLanguage":"es","potentialAction":[{"@type":"ReadAction","target":["https:\/\/lions-pharmacy.com\/es\/producto\/algovir-cold-spray-12579962"]}]},{"@type":"ImageObject","inLanguage":"es","@id":"https:\/\/lions-pharmacy.com\/es\/producto\/algovir-cold-spray-12579962#primaryimage","url":"https:\/\/lions-pharmacy.com\/wp-content\/uploads\/2022\/12\/algovir-flu-spray-20ml-PZN-12579956.webp","contentUrl":"https:\/\/lions-pharmacy.com\/wp-content\/uploads\/2022\/12\/algovir-flu-spray-20ml-PZN-12579956.webp","width":600,"height":600,"caption":"algovir flu spray 20ml PZN-12579956"},{"@type":"BreadcrumbList","@id":"https:\/\/lions-pharmacy.com\/es\/producto\/algovir-cold-spray-12579962#breadcrumb","itemListElement":[{"@type":"ListItem","position":1,"name":"Home","item":"https:\/\/lions-pharmacy.com\/es\/homepage-lion-pharmacy"},{"@type":"ListItem","position":2,"name":"Shop","item":"https:\/\/lions-pharmacy.com\/es\/tienda"},{"@type":"ListItem","position":3,"name":"Algovir spray fr\u00edo"}]},{"@type":"WebSite","@id":"https:\/\/lions-pharmacy.com\/es#website","url":"https:\/\/lions-pharmacy.com\/es","name":"Lions Pharmacy","description":"Farmacia especializada en naturopat\u00eda de Baden-Baden, Alemania","publisher":{"@id":"https:\/\/lions-pharmacy.com\/es#organization"},"alternateName":"Lion Pharmacy","potentialAction":[{"@type":"SearchAction","target":{"@type":"EntryPoint","urlTemplate":"https:\/\/lions-pharmacy.com\/es?s={search_term_string}"},"query-input":{"@type":"PropertyValueSpecification","valueRequired":true,"valueName":"search_term_string"}}],"inLanguage":"es"},{"@type":"Organization","@id":"https:\/\/lions-pharmacy.com\/es#organization","name":"Lions Pharmacy","alternateName":"Lions Pharmacy24","url":"https:\/\/lions-pharmacy.com\/es","logo":{"@type":"ImageObject","inLanguage":"es","@id":"https:\/\/lions-pharmacy.com\/es#\/schema\/logo\/image\/","url":"https:\/\/lions-pharmacy.com\/wp-content\/uploads\/2022\/12\/Logo-Lion-Pharmacy-c-o-Loewen-Apotheke-smal.jpg","contentUrl":"https:\/\/lions-pharmacy.com\/wp-content\/uploads\/2022\/12\/Logo-Lion-Pharmacy-c-o-Loewen-Apotheke-smal.jpg","width":298,"height":99,"caption":"Lions Pharmacy"},"image":{"@id":"https:\/\/lions-pharmacy.com\/es#\/schema\/logo\/image\/"}}]}},"_links":{"self":[{"href":"https:\/\/lions-pharmacy.com\/es\/wp-json\/wp\/v2\/product\/1881","targetHints":{"allow":["GET"]}}],"collection":[{"href":"https:\/\/lions-pharmacy.com\/es\/wp-json\/wp\/v2\/product"}],"about":[{"href":"https:\/\/lions-pharmacy.com\/es\/wp-json\/wp\/v2\/types\/product"}],"replies":[{"embeddable":true,"href":"https:\/\/lions-pharmacy.com\/es\/wp-json\/wp\/v2\/comments?post=1881"}],"wp:featuredmedia":[{"embeddable":true,"href":"https:\/\/lions-pharmacy.com\/es\/wp-json\/wp\/v2\/media\/4771"}],"wp:attachment":[{"href":"https:\/\/lions-pharmacy.com\/es\/wp-json\/wp\/v2\/media?parent=1881"}],"wp:term":[{"taxonomy":"product_brand","embeddable":true,"href":"https:\/\/lions-pharmacy.com\/es\/wp-json\/wp\/v2\/product_brand?post=1881"},{"taxonomy":"product_cat","embeddable":true,"href":"https:\/\/lions-pharmacy.com\/es\/wp-json\/wp\/v2\/product_cat?post=1881"},{"taxonomy":"product_tag","embeddable":true,"href":"https:\/\/lions-pharmacy.com\/es\/wp-json\/wp\/v2\/product_tag?post=1881"}],"curies":[{"name":"wp","href":"https:\/\/api.w.org\/{rel}","templated":true}]}}