{"id":1875,"date":"2022-12-15T14:34:39","date_gmt":"2022-12-15T13:34:39","guid":{"rendered":"https:\/\/lions-pharmacy.com\/product\/algovir-ninos-spray-frio"},"modified":"2022-12-15T14:34:39","modified_gmt":"2022-12-15T13:34:39","slug":"algovir-ninos-frio-spray","status":"publish","type":"product","link":"https:\/\/lions-pharmacy.com\/es\/producto\/algovir-ninos-frio-spray","title":{"rendered":"Algovir ni\u00f1os spray fr\u00edo"},"content":{"rendered":"<h3>Algovir ni\u00f1os spray fr\u00edo<\/h3>\n<p>Algovir Children cold Spray se utiliza para apoyar el tratamiento de resfriados o infecciones similares a la gripe con causas virales. Tambi\u00e9n se puede utilizar de forma preventiva. La humectaci\u00f3n sostenida de la mucosa nasal apoya la defensa natural.<\/p>\n<p>Dolor de garganta, secreci\u00f3n nasal, tos: los ni\u00f1os peque\u00f1os en particular a menudo tienen que lidiar con los s\u00edntomas t\u00edpicos del resfriado. Los ni\u00f1os peque\u00f1os se resfr\u00edan hasta diez veces al a\u00f1o. Esto no solo es agotador para la descendencia, los padres tambi\u00e9n pueden llegar a sus l\u00edmites. Ser\u00eda mejor si el resfriado no estallara en primer lugar y eso funciona: algovir children evita que el virus penetre en las c\u00e9lulas de la mucosa nasal para multiplicarse all\u00ed.<\/p>\n<h4>Spray para protecci\u00f3n preventiva<\/h4>\n<p>El ingrediente activo carragulosa\u00ae forma una pel\u00edcula protectora en la mucosa nasal y, por lo tanto, representa una barrera f\u00edsica contra los virus del resfriado penetrantes.<\/p>\n<h4>Importamt sobre la aplicaci\u00f3n<\/h4>\n<p>Algovir Children es adecuado para ni\u00f1os a partir de un a\u00f1o y ha sido probado en un estudio cl\u00ednico. El spray fr\u00edo tiene un volumen de pulverizaci\u00f3n especialmente dise\u00f1ado para la nariz de los ni\u00f1os. Algovir Children debe usarse tres veces al d\u00eda dentro de las 48 horas posteriores al primer signo de un resfriado. Se pulveriza un aerosol en cada fosa nasal para cada aplicaci\u00f3n. Otra ventaja: algovir no contiene conservantes y no hay efecto de habituaci\u00f3n.<\/p>\n<p>Folleto del envase\/instrucciones de uso\/ficha t\u00e9cnica: (lector de PDF)<\/p>\n<p>Nombre alternativo del producto: Algovir kids cold spray<\/p>\n<p>Otros productos para la aplicaci\u00f3n: <a href=\"https:\/\/lions-pharmacy.com\/produkt-schlagwort\/cold-flu\">Resfriado y gripe<\/a><\/p>\n<p>Obtenga m\u00e1s informaci\u00f3n sobre manufactorer y este producto: <a href=\"https:\/\/www.algovir.de\/algovir-effekt\/\" target=\"_blank\" rel=\"noopener\">Hermes Arzneimittel GmbH<\/a> (enlace al sitio web externo)<\/p>\n<p>La informaci\u00f3n contenida en este sitio web se facilita \u00fanicamente con fines informativos. En ning\u00fan caso sustituyen al examen y tratamiento por un m\u00e9dico. Tenga en cuenta que esto significa que no se pueden hacer diagn\u00f3sticos ni iniciar terapias.<\/p>\n<p>Para conocer los riesgos y efectos secundarios, lea el prospecto y consulte a su m\u00e9dico o farmac\u00e9utico.<\/p>\n","protected":false},"excerpt":{"rendered":"<h2>Algovir ni\u00f1os spray fr\u00edo<\/h2>\n<p>Algovir Children&#8217;s Cold Spray se utiliza para apoyar el tratamiento de resfriados o infecciones similares a la gripe con causas virales.<\/p>\n<p>&nbsp;<\/p>\n<p>PZN: 12579962 (Pharmazentralnummer)<\/p>\n<p>Forma de la dosis: spray<\/p>\n<p>Tipo de prescripci\u00f3n: sin receta<\/p>\n<p>Marca: Algovir<\/p>\n<p>Fabricante: Hermes Arzneimittel GmbH, Alemania<\/p>\n<p>Tama\u00f1o del embalaje: 20ml<\/p>\n","protected":false},"featured_media":4697,"comment_status":"closed","ping_status":"closed","template":"","meta":[],"product_brand":[],"product_cat":[125,116],"product_tag":[255,237,296,311],"class_list":{"0":"post-1875","1":"product","2":"type-product","3":"status-publish","4":"has-post-thumbnail","6":"product_cat-sale-es","7":"product_cat-sin-categorizar","8":"product_tag-coronavirus-es","9":"product_tag-infeccion-virica","10":"product_tag-resfriado","11":"product_tag-venta-mensual","12":"ts_product_brand-all-es","14":"first","15":"instock","16":"featured","17":"taxable","18":"shipping-taxable","19":"purchasable","20":"product-type-simple"},"yoast_head":"<!-- This site is optimized with the Yoast SEO plugin v26.5 - https:\/\/yoast.com\/wordpress\/plugins\/seo\/ -->\n<title>Algovir ni\u00f1os spray fr\u00edo &#187; Lion Pharmacy<\/title>\n<meta name=\"description\" content=\"Lion Pharmacy | farmacia en l\u00ednea alemana registrada | Env\u00edo internacional r\u00e1pido | compra segura en l\u00ednea | Algovir ni\u00f1os spray fr\u00edo%.\" \/>\n<meta name=\"robots\" content=\"index, follow, max-snippet:-1, max-image-preview:large, max-video-preview:-1\" \/>\n<link rel=\"canonical\" href=\"https:\/\/lions-pharmacy.com\/es\/producto\/algovir-ninos-frio-spray\" \/>\n<meta property=\"og:locale\" content=\"es_ES\" \/>\n<meta property=\"og:type\" content=\"article\" \/>\n<meta property=\"og:title\" content=\"Algovir ni\u00f1os spray fr\u00edo &#187; Lion Pharmacy\" \/>\n<meta property=\"og:description\" content=\"Lion Pharmacy | farmacia en l\u00ednea alemana registrada | Env\u00edo internacional r\u00e1pido | compra segura en l\u00ednea | Algovir ni\u00f1os spray fr\u00edo%.\" \/>\n<meta property=\"og:url\" content=\"https:\/\/lions-pharmacy.com\/es\/producto\/algovir-ninos-frio-spray\" \/>\n<meta property=\"og:site_name\" content=\"Lion Pharmacy\" \/>\n<meta property=\"og:image\" content=\"https:\/\/lions-pharmacy.com\/wp-content\/uploads\/2022\/12\/algovir-children-flu-spray-kinder-erkaeltungsspray-20ml-PZN-12579962.jpg\" \/>\n\t<meta property=\"og:image:width\" content=\"600\" \/>\n\t<meta property=\"og:image:height\" content=\"600\" \/>\n\t<meta property=\"og:image:type\" content=\"image\/jpeg\" \/>\n<meta name=\"twitter:card\" content=\"summary_large_image\" \/>\n<meta name=\"twitter:label1\" content=\"Tiempo de lectura\" \/>\n\t<meta name=\"twitter:data1\" content=\"2 minutos\" \/>\n<script type=\"application\/ld+json\" class=\"yoast-schema-graph\">{\"@context\":\"https:\/\/schema.org\",\"@graph\":[{\"@type\":\"WebPage\",\"@id\":\"https:\/\/lions-pharmacy.com\/es\/producto\/algovir-ninos-frio-spray\",\"url\":\"https:\/\/lions-pharmacy.com\/es\/producto\/algovir-ninos-frio-spray\",\"name\":\"Algovir ni\u00f1os spray fr\u00edo &#187; Lion Pharmacy\",\"isPartOf\":{\"@id\":\"https:\/\/lions-pharmacy.com\/es#website\"},\"primaryImageOfPage\":{\"@id\":\"https:\/\/lions-pharmacy.com\/es\/producto\/algovir-ninos-frio-spray#primaryimage\"},\"image\":{\"@id\":\"https:\/\/lions-pharmacy.com\/es\/producto\/algovir-ninos-frio-spray#primaryimage\"},\"thumbnailUrl\":\"https:\/\/lions-pharmacy.com\/wp-content\/uploads\/2022\/12\/algovir-children-cold-flu-spray-20ml-PZN-12579962.webp\",\"datePublished\":\"2022-12-15T13:34:39+00:00\",\"description\":\"Lion Pharmacy | farmacia en l\u00ednea alemana registrada | Env\u00edo internacional r\u00e1pido | compra segura en l\u00ednea | Algovir ni\u00f1os spray fr\u00edo%.\",\"breadcrumb\":{\"@id\":\"https:\/\/lions-pharmacy.com\/es\/producto\/algovir-ninos-frio-spray#breadcrumb\"},\"inLanguage\":\"es\",\"potentialAction\":[{\"@type\":\"ReadAction\",\"target\":[\"https:\/\/lions-pharmacy.com\/es\/producto\/algovir-ninos-frio-spray\"]}]},{\"@type\":\"ImageObject\",\"inLanguage\":\"es\",\"@id\":\"https:\/\/lions-pharmacy.com\/es\/producto\/algovir-ninos-frio-spray#primaryimage\",\"url\":\"https:\/\/lions-pharmacy.com\/wp-content\/uploads\/2022\/12\/algovir-children-cold-flu-spray-20ml-PZN-12579962.webp\",\"contentUrl\":\"https:\/\/lions-pharmacy.com\/wp-content\/uploads\/2022\/12\/algovir-children-cold-flu-spray-20ml-PZN-12579962.webp\",\"width\":600,\"height\":600,\"caption\":\"algovir children cold flu spray 20ml PZN 12579962\"},{\"@type\":\"BreadcrumbList\",\"@id\":\"https:\/\/lions-pharmacy.com\/es\/producto\/algovir-ninos-frio-spray#breadcrumb\",\"itemListElement\":[{\"@type\":\"ListItem\",\"position\":1,\"name\":\"Home\",\"item\":\"https:\/\/lions-pharmacy.com\/es\/homepage-lion-pharmacy\"},{\"@type\":\"ListItem\",\"position\":2,\"name\":\"Shop\",\"item\":\"https:\/\/lions-pharmacy.com\/es\/tienda\"},{\"@type\":\"ListItem\",\"position\":3,\"name\":\"Algovir ni\u00f1os spray fr\u00edo\"}]},{\"@type\":\"WebSite\",\"@id\":\"https:\/\/lions-pharmacy.com\/es#website\",\"url\":\"https:\/\/lions-pharmacy.com\/es\",\"name\":\"Lions Pharmacy\",\"description\":\"Farmacia especializada en naturopat\u00eda de Baden-Baden, Alemania\",\"publisher\":{\"@id\":\"https:\/\/lions-pharmacy.com\/es#organization\"},\"alternateName\":\"Lion Pharmacy\",\"potentialAction\":[{\"@type\":\"SearchAction\",\"target\":{\"@type\":\"EntryPoint\",\"urlTemplate\":\"https:\/\/lions-pharmacy.com\/es?s={search_term_string}\"},\"query-input\":{\"@type\":\"PropertyValueSpecification\",\"valueRequired\":true,\"valueName\":\"search_term_string\"}}],\"inLanguage\":\"es\"},{\"@type\":\"Organization\",\"@id\":\"https:\/\/lions-pharmacy.com\/es#organization\",\"name\":\"Lions Pharmacy\",\"alternateName\":\"Lions Pharmacy24\",\"url\":\"https:\/\/lions-pharmacy.com\/es\",\"logo\":{\"@type\":\"ImageObject\",\"inLanguage\":\"es\",\"@id\":\"https:\/\/lions-pharmacy.com\/es#\/schema\/logo\/image\/\",\"url\":\"https:\/\/lions-pharmacy.com\/wp-content\/uploads\/2022\/12\/Logo-Lion-Pharmacy-c-o-Loewen-Apotheke-smal.jpg\",\"contentUrl\":\"https:\/\/lions-pharmacy.com\/wp-content\/uploads\/2022\/12\/Logo-Lion-Pharmacy-c-o-Loewen-Apotheke-smal.jpg\",\"width\":298,\"height\":99,\"caption\":\"Lions Pharmacy\"},\"image\":{\"@id\":\"https:\/\/lions-pharmacy.com\/es#\/schema\/logo\/image\/\"}}]}<\/script>\n<!-- \/ Yoast SEO plugin. -->","yoast_head_json":{"title":"Algovir ni\u00f1os spray fr\u00edo &#187; Lion Pharmacy","description":"Lion Pharmacy | farmacia en l\u00ednea alemana registrada | Env\u00edo internacional r\u00e1pido | compra segura en l\u00ednea | Algovir ni\u00f1os spray fr\u00edo%.","robots":{"index":"index","follow":"follow","max-snippet":"max-snippet:-1","max-image-preview":"max-image-preview:large","max-video-preview":"max-video-preview:-1"},"canonical":"https:\/\/lions-pharmacy.com\/es\/producto\/algovir-ninos-frio-spray","og_locale":"es_ES","og_type":"article","og_title":"Algovir ni\u00f1os spray fr\u00edo &#187; Lion Pharmacy","og_description":"Lion Pharmacy | farmacia en l\u00ednea alemana registrada | Env\u00edo internacional r\u00e1pido | compra segura en l\u00ednea | Algovir ni\u00f1os spray fr\u00edo%.","og_url":"https:\/\/lions-pharmacy.com\/es\/producto\/algovir-ninos-frio-spray","og_site_name":"Lion Pharmacy","og_image":[{"width":600,"height":600,"url":"https:\/\/lions-pharmacy.com\/wp-content\/uploads\/2022\/12\/algovir-children-flu-spray-kinder-erkaeltungsspray-20ml-PZN-12579962.jpg","type":"image\/jpeg"}],"twitter_card":"summary_large_image","twitter_misc":{"Tiempo de lectura":"2 minutos"},"schema":{"@context":"https:\/\/schema.org","@graph":[{"@type":"WebPage","@id":"https:\/\/lions-pharmacy.com\/es\/producto\/algovir-ninos-frio-spray","url":"https:\/\/lions-pharmacy.com\/es\/producto\/algovir-ninos-frio-spray","name":"Algovir ni\u00f1os spray fr\u00edo &#187; Lion Pharmacy","isPartOf":{"@id":"https:\/\/lions-pharmacy.com\/es#website"},"primaryImageOfPage":{"@id":"https:\/\/lions-pharmacy.com\/es\/producto\/algovir-ninos-frio-spray#primaryimage"},"image":{"@id":"https:\/\/lions-pharmacy.com\/es\/producto\/algovir-ninos-frio-spray#primaryimage"},"thumbnailUrl":"https:\/\/lions-pharmacy.com\/wp-content\/uploads\/2022\/12\/algovir-children-cold-flu-spray-20ml-PZN-12579962.webp","datePublished":"2022-12-15T13:34:39+00:00","description":"Lion Pharmacy | farmacia en l\u00ednea alemana registrada | Env\u00edo internacional r\u00e1pido | compra segura en l\u00ednea | Algovir ni\u00f1os spray fr\u00edo%.","breadcrumb":{"@id":"https:\/\/lions-pharmacy.com\/es\/producto\/algovir-ninos-frio-spray#breadcrumb"},"inLanguage":"es","potentialAction":[{"@type":"ReadAction","target":["https:\/\/lions-pharmacy.com\/es\/producto\/algovir-ninos-frio-spray"]}]},{"@type":"ImageObject","inLanguage":"es","@id":"https:\/\/lions-pharmacy.com\/es\/producto\/algovir-ninos-frio-spray#primaryimage","url":"https:\/\/lions-pharmacy.com\/wp-content\/uploads\/2022\/12\/algovir-children-cold-flu-spray-20ml-PZN-12579962.webp","contentUrl":"https:\/\/lions-pharmacy.com\/wp-content\/uploads\/2022\/12\/algovir-children-cold-flu-spray-20ml-PZN-12579962.webp","width":600,"height":600,"caption":"algovir children cold flu spray 20ml PZN 12579962"},{"@type":"BreadcrumbList","@id":"https:\/\/lions-pharmacy.com\/es\/producto\/algovir-ninos-frio-spray#breadcrumb","itemListElement":[{"@type":"ListItem","position":1,"name":"Home","item":"https:\/\/lions-pharmacy.com\/es\/homepage-lion-pharmacy"},{"@type":"ListItem","position":2,"name":"Shop","item":"https:\/\/lions-pharmacy.com\/es\/tienda"},{"@type":"ListItem","position":3,"name":"Algovir ni\u00f1os spray fr\u00edo"}]},{"@type":"WebSite","@id":"https:\/\/lions-pharmacy.com\/es#website","url":"https:\/\/lions-pharmacy.com\/es","name":"Lions Pharmacy","description":"Farmacia especializada en naturopat\u00eda de Baden-Baden, Alemania","publisher":{"@id":"https:\/\/lions-pharmacy.com\/es#organization"},"alternateName":"Lion Pharmacy","potentialAction":[{"@type":"SearchAction","target":{"@type":"EntryPoint","urlTemplate":"https:\/\/lions-pharmacy.com\/es?s={search_term_string}"},"query-input":{"@type":"PropertyValueSpecification","valueRequired":true,"valueName":"search_term_string"}}],"inLanguage":"es"},{"@type":"Organization","@id":"https:\/\/lions-pharmacy.com\/es#organization","name":"Lions Pharmacy","alternateName":"Lions Pharmacy24","url":"https:\/\/lions-pharmacy.com\/es","logo":{"@type":"ImageObject","inLanguage":"es","@id":"https:\/\/lions-pharmacy.com\/es#\/schema\/logo\/image\/","url":"https:\/\/lions-pharmacy.com\/wp-content\/uploads\/2022\/12\/Logo-Lion-Pharmacy-c-o-Loewen-Apotheke-smal.jpg","contentUrl":"https:\/\/lions-pharmacy.com\/wp-content\/uploads\/2022\/12\/Logo-Lion-Pharmacy-c-o-Loewen-Apotheke-smal.jpg","width":298,"height":99,"caption":"Lions Pharmacy"},"image":{"@id":"https:\/\/lions-pharmacy.com\/es#\/schema\/logo\/image\/"}}]}},"_links":{"self":[{"href":"https:\/\/lions-pharmacy.com\/es\/wp-json\/wp\/v2\/product\/1875","targetHints":{"allow":["GET"]}}],"collection":[{"href":"https:\/\/lions-pharmacy.com\/es\/wp-json\/wp\/v2\/product"}],"about":[{"href":"https:\/\/lions-pharmacy.com\/es\/wp-json\/wp\/v2\/types\/product"}],"replies":[{"embeddable":true,"href":"https:\/\/lions-pharmacy.com\/es\/wp-json\/wp\/v2\/comments?post=1875"}],"wp:featuredmedia":[{"embeddable":true,"href":"https:\/\/lions-pharmacy.com\/es\/wp-json\/wp\/v2\/media\/4697"}],"wp:attachment":[{"href":"https:\/\/lions-pharmacy.com\/es\/wp-json\/wp\/v2\/media?parent=1875"}],"wp:term":[{"taxonomy":"product_brand","embeddable":true,"href":"https:\/\/lions-pharmacy.com\/es\/wp-json\/wp\/v2\/product_brand?post=1875"},{"taxonomy":"product_cat","embeddable":true,"href":"https:\/\/lions-pharmacy.com\/es\/wp-json\/wp\/v2\/product_cat?post=1875"},{"taxonomy":"product_tag","embeddable":true,"href":"https:\/\/lions-pharmacy.com\/es\/wp-json\/wp\/v2\/product_tag?post=1875"}],"curies":[{"name":"wp","href":"https:\/\/api.w.org\/{rel}","templated":true}]}}