{"id":1866,"date":"2023-09-07T08:30:13","date_gmt":"2023-09-07T07:30:13","guid":{"rendered":"https:\/\/lions-pharmacy.com\/?post_type=product&#038;p=1866"},"modified":"2026-02-28T07:40:11","modified_gmt":"2026-02-28T06:40:11","slug":"pascorbin-inyeccion-75g-60x50ml-12507170","status":"publish","type":"product","link":"https:\/\/lions-pharmacy.com\/es\/producto\/pascorbin-inyeccion-75g-60x50ml-12507170","title":{"rendered":"PASCORBIN Inyecci\u00f3n 7,5g\/ 60x50ml"},"content":{"rendered":"<h2>PASCORBIN inyecci\u00f3n 7,5g<\/h2>\n<p>PASCORBIN inyectable: esta \u00fanica infusi\u00f3n de dosis altas de vitamina C aprobada en Alemania y otros pa\u00edses europeos. Nombre alternativo del producto Vitamina C Injectopas 7,5 g. La pascorbina entra directamente en el torrente sangu\u00edneo e inmediatamente suministra vitamina C. Para el tratamiento de las deficiencias cl\u00ednicas de vitamina C que no pueden corregirse con nutrici\u00f3n o sustituirse por v\u00eda oral.<\/p>\n<p>Sustancia activa: \u00e1cido asc\u00f3rbico 150 mg por ml soluci\u00f3n inyectable.<\/p>\n<h4>Hacer que la vitamina C est\u00e9 disponible m\u00e1s r\u00e1pidamente<\/h4>\n<p>En los casos de carencia de vitamina C que no puede corregirse mediante la dieta o la suplementaci\u00f3n oral, las infusiones son una forma posible de compensar la carencia. En el intestino delgado, la vitamina C se absorbe a trav\u00e9s de mol\u00e9culas transportadoras especiales y se transporta al torrente sangu\u00edneo. El n\u00famero de estos transportadores es limitado, por lo que s\u00f3lo una parte de la vitamina C llega a la sangre. Una infusi\u00f3n permite que el organismo absorba una cantidad significativamente mayor de vitamina C. No es posible alcanzar niveles sangu\u00edneos tan elevados s\u00f3lo con alimentos o comprimidos.<\/p>\n<h4>Ventajas de las infusiones de vitamina C<\/h4>\n<p>Para reforzar su sistema inmunitario, muchas personas toman vitamina C en polvo o en comprimidos. Sin embargo, la cantidad que puede absorber el organismo a trav\u00e9s del tubo digestivo es limitada. Una dosis excesiva de vitamina C se excreta sin digerir, lo que suele manifestarse como diarrea. Si se necesita una dosis mayor de vitamina C por razones terap\u00e9uticas, puede ser beneficiosa la terapia de infusi\u00f3n. Con este m\u00e9todo, la vitamina C entra directamente en el torrente sangu\u00edneo y no necesita ser absorbida primero por el revestimiento intestinal. Incluso las personas con una capacidad de absorci\u00f3n intestinal reducida pueden beneficiarse de una infusi\u00f3n de vitamina C.<\/p>\n<p>La cartera de Pascoe incluye alrededor de 200 productos. Estos incluyen hierbas medicinales, preparaciones vitam\u00ednicas en dosis altas, remedios complejos homeop\u00e1ticos y suplementos diet\u00e9ticos. La variedad de medicamentos tiene en cuenta los complejos requisitos de los productos sanitarios. Nuestro \u00e9xito tambi\u00e9n nos da la raz\u00f3n a nivel internacional: nuestros productos se exportan a m\u00e1s de 30 pa\u00edses de todo el mundo, y la tendencia va en aumento.<\/p>\n<p>La cartera de Pascoe incluye alrededor de 200 productos. Estos incluyen hierbas medicinales, preparaciones vitam\u00ednicas en dosis altas, remedios complejos homeop\u00e1ticos y suplementos diet\u00e9ticos. La variedad de medicamentos tiene en cuenta los complejos requisitos de los productos sanitarios. Nuestro \u00e9xito tambi\u00e9n nos da la raz\u00f3n a nivel internacional: nuestros productos se exportan a m\u00e1s de 30 pa\u00edses de todo el mundo, y la tendencia va en aumento.<\/p>\n<p>Otros productos para la aplicaci\u00f3n: <a href=\"https:\/\/lions-pharmacy.com\/es\/etiqueta-producto\/vitaminas-y-suplementos\">Vitaminas<\/a><br \/>\nObtenga m\u00e1s informaci\u00f3n sobre manufactorer y este producto: <a href=\"https:\/\/www.pascoe.de\/\" target=\"_blank\" rel=\"noopener\">Pascoe pharmazeutische Pr\u00e4parate GmbH<\/a> (enlace al sitio web externo)<\/p>\n<p>La informaci\u00f3n contenida en este sitio web se facilita \u00fanicamente con fines informativos. En ning\u00fan caso sustituyen al examen y tratamiento por un m\u00e9dico. Tenga en cuenta que esto significa que no se pueden hacer diagn\u00f3sticos ni iniciar terapias.<\/p>\n<p>Para conocer los riesgos y efectos secundarios, lea el prospecto y consulte a su m\u00e9dico o farmac\u00e9utico.<\/p>\n","protected":false},"excerpt":{"rendered":"<h2>PASCORBIN inyecci\u00f3n 7,5g\/ 60x 50ml<\/h2>\n<p>\u00c1cido asc\u00f3rbico para inyecci\u00f3n &#8211; Para uso en adultos y ni\u00f1os. (Vitamina C Injectopas 7,5 g)<\/p>\n<p>&nbsp;<\/p>\n<p><strong>PZN: 12507170<\/strong> (N\u00famero central de la farmacia)<\/p>\n<p><strong>Forma farmac\u00e9utica<\/strong>: C\u00e1psulas<\/p>\n<p><strong>Tipo de receta<\/strong>: sin receta<\/p>\n<p><strong>Marca<\/strong>: PASCORBIN<\/p>\n<p><strong>Fabricante:<\/strong> Pascoe pharmazeutische Pr\u00e4parate GmbH<\/p>\n<p><strong>Tama\u00f1o del envase<\/strong>: 60x 50ml<\/p>\n","protected":false},"featured_media":4720,"comment_status":"closed","ping_status":"closed","template":"","meta":[],"product_brand":[],"product_cat":[601,125,116],"product_tag":[274,272],"class_list":{"0":"post-1866","1":"product","2":"type-product","3":"status-publish","4":"has-post-thumbnail","6":"product_cat-pascoe-es","7":"product_cat-sale-es","8":"product_cat-sin-categorizar","9":"product_tag-bienestar","10":"product_tag-vitaminas-y-suplementos","11":"ts_product_brand-all-es","12":"ts_product_brand-pascoe-es","14":"first","15":"instock","16":"sale","17":"taxable","18":"shipping-taxable","19":"purchasable","20":"product-type-simple"},"yoast_head":"<!-- This site is optimized with the Yoast SEO plugin v26.5 - https:\/\/yoast.com\/wordpress\/plugins\/seo\/ -->\n<title>PASCORBIN Inyecci\u00f3n 7,5g\/ 60x50ml &#187; Lion Pharmacy - Ordene aqu\u00ed<\/title>\n<meta name=\"description\" content=\"Farmacia online alemana registrada: Ofrecemos: mejores precios y env\u00edo internacional r\u00e1pido. M\u00e1s informaci\u00f3n sobre la vitamina C | PASCORBIN Inyecci\u00f3n 7,5g\/ 60x50ml\" \/>\n<meta name=\"robots\" content=\"index, follow, max-snippet:-1, max-image-preview:large, max-video-preview:-1\" \/>\n<link rel=\"canonical\" href=\"https:\/\/lions-pharmacy.com\/es\/producto\/pascorbin-inyeccion-75g-60x50ml-12507170\" \/>\n<meta property=\"og:locale\" content=\"es_ES\" \/>\n<meta property=\"og:type\" content=\"article\" \/>\n<meta property=\"og:title\" content=\"PASCORBIN Inyecci\u00f3n 7,5g\/ 60x50ml &#187; Lion Pharmacy - Ordene aqu\u00ed\" \/>\n<meta property=\"og:description\" content=\"Farmacia online alemana registrada: Ofrecemos: mejores precios y env\u00edo internacional r\u00e1pido. M\u00e1s informaci\u00f3n sobre la vitamina C | PASCORBIN Inyecci\u00f3n 7,5g\/ 60x50ml\" \/>\n<meta property=\"og:url\" content=\"https:\/\/lions-pharmacy.com\/es\/producto\/pascorbin-inyeccion-75g-60x50ml-12507170\" \/>\n<meta property=\"og:site_name\" content=\"Lion Pharmacy\" \/>\n<meta property=\"article:modified_time\" content=\"2026-02-28T06:40:11+00:00\" \/>\n<meta property=\"og:image\" content=\"https:\/\/lions-pharmacy.com\/wp-content\/uploads\/2022\/12\/PASCORBIN-Injection-liquid-75g-20x-50ml-00581310-Pascoe-pharmazeutische-Preparate-GmbH-Lions-Pharmacy.webp\" \/>\n\t<meta property=\"og:image:width\" content=\"600\" \/>\n\t<meta property=\"og:image:height\" content=\"600\" \/>\n\t<meta property=\"og:image:type\" content=\"image\/webp\" \/>\n<meta name=\"twitter:card\" content=\"summary_large_image\" \/>\n<meta name=\"twitter:label1\" content=\"Tiempo de lectura\" \/>\n\t<meta name=\"twitter:data1\" content=\"3 minutos\" \/>\n<script type=\"application\/ld+json\" class=\"yoast-schema-graph\">{\"@context\":\"https:\/\/schema.org\",\"@graph\":[{\"@type\":\"WebPage\",\"@id\":\"https:\/\/lions-pharmacy.com\/es\/producto\/pascorbin-inyeccion-75g-60x50ml-12507170\",\"url\":\"https:\/\/lions-pharmacy.com\/es\/producto\/pascorbin-inyeccion-75g-60x50ml-12507170\",\"name\":\"PASCORBIN Inyecci\u00f3n 7,5g\/ 60x50ml &#187; Lion Pharmacy - Ordene aqu\u00ed\",\"isPartOf\":{\"@id\":\"https:\/\/lions-pharmacy.com\/es#website\"},\"primaryImageOfPage\":{\"@id\":\"https:\/\/lions-pharmacy.com\/es\/producto\/pascorbin-inyeccion-75g-60x50ml-12507170#primaryimage\"},\"image\":{\"@id\":\"https:\/\/lions-pharmacy.com\/es\/producto\/pascorbin-inyeccion-75g-60x50ml-12507170#primaryimage\"},\"thumbnailUrl\":\"https:\/\/lions-pharmacy.com\/wp-content\/uploads\/2022\/12\/PASCORBIN-Injection-liquid-75g-20x-50ml-00581310-Pascoe-pharmazeutische-Preparate-GmbH-Lions-Pharmacy.webp\",\"datePublished\":\"2023-09-07T07:30:13+00:00\",\"dateModified\":\"2026-02-28T06:40:11+00:00\",\"description\":\"Farmacia online alemana registrada: Ofrecemos: mejores precios y env\u00edo internacional r\u00e1pido. M\u00e1s informaci\u00f3n sobre la vitamina C | PASCORBIN Inyecci\u00f3n 7,5g\/ 60x50ml\",\"breadcrumb\":{\"@id\":\"https:\/\/lions-pharmacy.com\/es\/producto\/pascorbin-inyeccion-75g-60x50ml-12507170#breadcrumb\"},\"inLanguage\":\"es\",\"potentialAction\":[{\"@type\":\"ReadAction\",\"target\":[\"https:\/\/lions-pharmacy.com\/es\/producto\/pascorbin-inyeccion-75g-60x50ml-12507170\"]}]},{\"@type\":\"ImageObject\",\"inLanguage\":\"es\",\"@id\":\"https:\/\/lions-pharmacy.com\/es\/producto\/pascorbin-inyeccion-75g-60x50ml-12507170#primaryimage\",\"url\":\"https:\/\/lions-pharmacy.com\/wp-content\/uploads\/2022\/12\/PASCORBIN-Injection-liquid-75g-20x-50ml-00581310-Pascoe-pharmazeutische-Preparate-GmbH-Lions-Pharmacy.webp\",\"contentUrl\":\"https:\/\/lions-pharmacy.com\/wp-content\/uploads\/2022\/12\/PASCORBIN-Injection-liquid-75g-20x-50ml-00581310-Pascoe-pharmazeutische-Preparate-GmbH-Lions-Pharmacy.webp\",\"width\":600,\"height\":600,\"caption\":\"PASCORBIN L\u00edquido inyectable 75g 20x 50ml 00581310 Pascoe pharma preparations GmbH-Lions Pharmacy\"},{\"@type\":\"BreadcrumbList\",\"@id\":\"https:\/\/lions-pharmacy.com\/es\/producto\/pascorbin-inyeccion-75g-60x50ml-12507170#breadcrumb\",\"itemListElement\":[{\"@type\":\"ListItem\",\"position\":1,\"name\":\"Home\",\"item\":\"https:\/\/lions-pharmacy.com\/es\/homepage-lion-pharmacy\"},{\"@type\":\"ListItem\",\"position\":2,\"name\":\"Shop\",\"item\":\"https:\/\/lions-pharmacy.com\/es\/tienda\"},{\"@type\":\"ListItem\",\"position\":3,\"name\":\"PASCORBIN Inyecci\u00f3n 7,5g\/ 60x50ml\"}]},{\"@type\":\"WebSite\",\"@id\":\"https:\/\/lions-pharmacy.com\/es#website\",\"url\":\"https:\/\/lions-pharmacy.com\/es\",\"name\":\"Lions Pharmacy\",\"description\":\"Farmacia especializada en naturopat\u00eda de Baden-Baden, Alemania\",\"publisher\":{\"@id\":\"https:\/\/lions-pharmacy.com\/es#organization\"},\"alternateName\":\"Lion Pharmacy\",\"potentialAction\":[{\"@type\":\"SearchAction\",\"target\":{\"@type\":\"EntryPoint\",\"urlTemplate\":\"https:\/\/lions-pharmacy.com\/es?s={search_term_string}\"},\"query-input\":{\"@type\":\"PropertyValueSpecification\",\"valueRequired\":true,\"valueName\":\"search_term_string\"}}],\"inLanguage\":\"es\"},{\"@type\":\"Organization\",\"@id\":\"https:\/\/lions-pharmacy.com\/es#organization\",\"name\":\"Lions Pharmacy\",\"alternateName\":\"Lions Pharmacy24\",\"url\":\"https:\/\/lions-pharmacy.com\/es\",\"logo\":{\"@type\":\"ImageObject\",\"inLanguage\":\"es\",\"@id\":\"https:\/\/lions-pharmacy.com\/es#\/schema\/logo\/image\/\",\"url\":\"https:\/\/lions-pharmacy.com\/wp-content\/uploads\/2022\/12\/Logo-Lion-Pharmacy-c-o-Loewen-Apotheke-smal.jpg\",\"contentUrl\":\"https:\/\/lions-pharmacy.com\/wp-content\/uploads\/2022\/12\/Logo-Lion-Pharmacy-c-o-Loewen-Apotheke-smal.jpg\",\"width\":298,\"height\":99,\"caption\":\"Lions Pharmacy\"},\"image\":{\"@id\":\"https:\/\/lions-pharmacy.com\/es#\/schema\/logo\/image\/\"}}]}<\/script>\n<!-- \/ Yoast SEO plugin. -->","yoast_head_json":{"title":"PASCORBIN Inyecci\u00f3n 7,5g\/ 60x50ml &#187; Lion Pharmacy - Ordene aqu\u00ed","description":"Farmacia online alemana registrada: Ofrecemos: mejores precios y env\u00edo internacional r\u00e1pido. M\u00e1s informaci\u00f3n sobre la vitamina C | PASCORBIN Inyecci\u00f3n 7,5g\/ 60x50ml","robots":{"index":"index","follow":"follow","max-snippet":"max-snippet:-1","max-image-preview":"max-image-preview:large","max-video-preview":"max-video-preview:-1"},"canonical":"https:\/\/lions-pharmacy.com\/es\/producto\/pascorbin-inyeccion-75g-60x50ml-12507170","og_locale":"es_ES","og_type":"article","og_title":"PASCORBIN Inyecci\u00f3n 7,5g\/ 60x50ml &#187; Lion Pharmacy - Ordene aqu\u00ed","og_description":"Farmacia online alemana registrada: Ofrecemos: mejores precios y env\u00edo internacional r\u00e1pido. M\u00e1s informaci\u00f3n sobre la vitamina C | PASCORBIN Inyecci\u00f3n 7,5g\/ 60x50ml","og_url":"https:\/\/lions-pharmacy.com\/es\/producto\/pascorbin-inyeccion-75g-60x50ml-12507170","og_site_name":"Lion Pharmacy","article_modified_time":"2026-02-28T06:40:11+00:00","og_image":[{"width":600,"height":600,"url":"https:\/\/lions-pharmacy.com\/wp-content\/uploads\/2022\/12\/PASCORBIN-Injection-liquid-75g-20x-50ml-00581310-Pascoe-pharmazeutische-Preparate-GmbH-Lions-Pharmacy.webp","type":"image\/webp"}],"twitter_card":"summary_large_image","twitter_misc":{"Tiempo de lectura":"3 minutos"},"schema":{"@context":"https:\/\/schema.org","@graph":[{"@type":"WebPage","@id":"https:\/\/lions-pharmacy.com\/es\/producto\/pascorbin-inyeccion-75g-60x50ml-12507170","url":"https:\/\/lions-pharmacy.com\/es\/producto\/pascorbin-inyeccion-75g-60x50ml-12507170","name":"PASCORBIN Inyecci\u00f3n 7,5g\/ 60x50ml &#187; Lion Pharmacy - Ordene aqu\u00ed","isPartOf":{"@id":"https:\/\/lions-pharmacy.com\/es#website"},"primaryImageOfPage":{"@id":"https:\/\/lions-pharmacy.com\/es\/producto\/pascorbin-inyeccion-75g-60x50ml-12507170#primaryimage"},"image":{"@id":"https:\/\/lions-pharmacy.com\/es\/producto\/pascorbin-inyeccion-75g-60x50ml-12507170#primaryimage"},"thumbnailUrl":"https:\/\/lions-pharmacy.com\/wp-content\/uploads\/2022\/12\/PASCORBIN-Injection-liquid-75g-20x-50ml-00581310-Pascoe-pharmazeutische-Preparate-GmbH-Lions-Pharmacy.webp","datePublished":"2023-09-07T07:30:13+00:00","dateModified":"2026-02-28T06:40:11+00:00","description":"Farmacia online alemana registrada: Ofrecemos: mejores precios y env\u00edo internacional r\u00e1pido. M\u00e1s informaci\u00f3n sobre la vitamina C | PASCORBIN Inyecci\u00f3n 7,5g\/ 60x50ml","breadcrumb":{"@id":"https:\/\/lions-pharmacy.com\/es\/producto\/pascorbin-inyeccion-75g-60x50ml-12507170#breadcrumb"},"inLanguage":"es","potentialAction":[{"@type":"ReadAction","target":["https:\/\/lions-pharmacy.com\/es\/producto\/pascorbin-inyeccion-75g-60x50ml-12507170"]}]},{"@type":"ImageObject","inLanguage":"es","@id":"https:\/\/lions-pharmacy.com\/es\/producto\/pascorbin-inyeccion-75g-60x50ml-12507170#primaryimage","url":"https:\/\/lions-pharmacy.com\/wp-content\/uploads\/2022\/12\/PASCORBIN-Injection-liquid-75g-20x-50ml-00581310-Pascoe-pharmazeutische-Preparate-GmbH-Lions-Pharmacy.webp","contentUrl":"https:\/\/lions-pharmacy.com\/wp-content\/uploads\/2022\/12\/PASCORBIN-Injection-liquid-75g-20x-50ml-00581310-Pascoe-pharmazeutische-Preparate-GmbH-Lions-Pharmacy.webp","width":600,"height":600,"caption":"PASCORBIN L\u00edquido inyectable 75g 20x 50ml 00581310 Pascoe pharma preparations GmbH-Lions Pharmacy"},{"@type":"BreadcrumbList","@id":"https:\/\/lions-pharmacy.com\/es\/producto\/pascorbin-inyeccion-75g-60x50ml-12507170#breadcrumb","itemListElement":[{"@type":"ListItem","position":1,"name":"Home","item":"https:\/\/lions-pharmacy.com\/es\/homepage-lion-pharmacy"},{"@type":"ListItem","position":2,"name":"Shop","item":"https:\/\/lions-pharmacy.com\/es\/tienda"},{"@type":"ListItem","position":3,"name":"PASCORBIN Inyecci\u00f3n 7,5g\/ 60x50ml"}]},{"@type":"WebSite","@id":"https:\/\/lions-pharmacy.com\/es#website","url":"https:\/\/lions-pharmacy.com\/es","name":"Lions Pharmacy","description":"Farmacia especializada en naturopat\u00eda de Baden-Baden, Alemania","publisher":{"@id":"https:\/\/lions-pharmacy.com\/es#organization"},"alternateName":"Lion Pharmacy","potentialAction":[{"@type":"SearchAction","target":{"@type":"EntryPoint","urlTemplate":"https:\/\/lions-pharmacy.com\/es?s={search_term_string}"},"query-input":{"@type":"PropertyValueSpecification","valueRequired":true,"valueName":"search_term_string"}}],"inLanguage":"es"},{"@type":"Organization","@id":"https:\/\/lions-pharmacy.com\/es#organization","name":"Lions Pharmacy","alternateName":"Lions Pharmacy24","url":"https:\/\/lions-pharmacy.com\/es","logo":{"@type":"ImageObject","inLanguage":"es","@id":"https:\/\/lions-pharmacy.com\/es#\/schema\/logo\/image\/","url":"https:\/\/lions-pharmacy.com\/wp-content\/uploads\/2022\/12\/Logo-Lion-Pharmacy-c-o-Loewen-Apotheke-smal.jpg","contentUrl":"https:\/\/lions-pharmacy.com\/wp-content\/uploads\/2022\/12\/Logo-Lion-Pharmacy-c-o-Loewen-Apotheke-smal.jpg","width":298,"height":99,"caption":"Lions Pharmacy"},"image":{"@id":"https:\/\/lions-pharmacy.com\/es#\/schema\/logo\/image\/"}}]}},"_links":{"self":[{"href":"https:\/\/lions-pharmacy.com\/es\/wp-json\/wp\/v2\/product\/1866","targetHints":{"allow":["GET"]}}],"collection":[{"href":"https:\/\/lions-pharmacy.com\/es\/wp-json\/wp\/v2\/product"}],"about":[{"href":"https:\/\/lions-pharmacy.com\/es\/wp-json\/wp\/v2\/types\/product"}],"replies":[{"embeddable":true,"href":"https:\/\/lions-pharmacy.com\/es\/wp-json\/wp\/v2\/comments?post=1866"}],"wp:featuredmedia":[{"embeddable":true,"href":"https:\/\/lions-pharmacy.com\/es\/wp-json\/wp\/v2\/media\/4720"}],"wp:attachment":[{"href":"https:\/\/lions-pharmacy.com\/es\/wp-json\/wp\/v2\/media?parent=1866"}],"wp:term":[{"taxonomy":"product_brand","embeddable":true,"href":"https:\/\/lions-pharmacy.com\/es\/wp-json\/wp\/v2\/product_brand?post=1866"},{"taxonomy":"product_cat","embeddable":true,"href":"https:\/\/lions-pharmacy.com\/es\/wp-json\/wp\/v2\/product_cat?post=1866"},{"taxonomy":"product_tag","embeddable":true,"href":"https:\/\/lions-pharmacy.com\/es\/wp-json\/wp\/v2\/product_tag?post=1866"}],"curies":[{"name":"wp","href":"https:\/\/api.w.org\/{rel}","templated":true}]}}