{"id":18563,"date":"2025-12-16T06:32:28","date_gmt":"2025-12-16T05:32:28","guid":{"rendered":"https:\/\/lions-pharmacy.com\/?post_type=product&#038;p=18563"},"modified":"2025-12-16T06:58:30","modified_gmt":"2025-12-16T05:58:30","slug":"zinzino-collagen-boozt","status":"publish","type":"product","link":"https:\/\/lions-pharmacy.com\/es\/producto\/zinzino-collagen-boozt","title":{"rendered":"ZINZINO Col\u00e1geno Boozt"},"content":{"rendered":"<h3>ZINZINO Col\u00e1geno Boozt<\/h3>\n<p>El Boozt Col\u00e1geno ZINZINO es una formulaci\u00f3n l\u00edquida con sabor a cereza y un alto contenido en dos importantes ingredientes: col\u00e1geno marino y \u00e1cido hialur\u00f3nico. Derivado del pescado, el col\u00e1geno marino es conocido por su gran biodisponibilidad y potencial para mejorar la textura y elasticidad de la piel, mientras que el \u00e1cido hialur\u00f3nico es apreciado por sus propiedades de retenci\u00f3n de la humedad en la piel.<\/p>\n<p>El Boozt Col\u00e1geno Zinzino es un suplemento diet\u00e9tico especialmente formulado para apoyar la piel, el cabello, las u\u00f1as, las articulaciones y la vitalidad en general a trav\u00e9s de su ingrediente principal, el col\u00e1geno. Para comprender en detalle la funci\u00f3n y los beneficios de este producto es necesario examinar m\u00e1s detenidamente la funci\u00f3n del col\u00e1geno en el organismo, la formulaci\u00f3n espec\u00edfica y los beneficios del Boozt Col\u00e1geno Zinzino, as\u00ed como su encaje en un enfoque hol\u00edstico de la salud y el bienestar.<\/p>\n<p>Boozt Col\u00e1geno est\u00e1 dise\u00f1ado como una aplicaci\u00f3n de 10 d\u00edas que ha sido cuidadosamente formulada para apoyar tus necesidades de col\u00e1geno.<\/p>\n<p>Ingredientes: Col\u00e1geno marino en polvo (bacalao, eglefino, abadejo) (pescado), fibra de ra\u00edz de achicoria, regulador de la acidez (glucono-delta-lactona, \u00e1cido c\u00edtrico), L-arginina, glicina, citrato de magnesio, aroma, extracto de ar\u00e1ndano, \u00e1cido hialur\u00f3nico, concentrado de zanahoria negra, Lactobacillus casei subsp. casei 327, vitamina C (ascorbato s\u00f3dico), extracto de cereza acerola, conservante (sorbato pot\u00e1sico), ceramidas de salvado de arroz, edulcorante (gluc\u00f3sidos de esteviol de estevia), sulfato de zinc, citrato de cobre, vitamina B7 (biotina).<\/p>\n<p>Ingesta: 1 frasco (46 ml) al d\u00eda. No exceder la dosis diaria recomendada.<\/p>\n<p>M\u00e1s informaci\u00f3n sobre el fabricante y este producto: <a href=\"https:\/\/www.zinzino.com\/shop\/2020670485\/DE\/de-DE\/products\/shop\" target=\"_blank\" rel=\"noopener\">Zinzino<\/a> (enlace a un sitio web externo)<\/p>\n<p>Nota sobre el uso y la utilizaci\u00f3n: La informaci\u00f3n proporcionada en este sitio web es s\u00f3lo para informaci\u00f3n general y no sustituye al consejo, diagn\u00f3stico o tratamiento profesional de un m\u00e9dico. Los complementos alimenticios no sustituyen a una dieta equilibrada y variada ni a un estilo de vida sano.<\/p>\n<p>Los complementos alimenticios no sustituyen a una dieta variada. Una dieta equilibrada y un estilo de vida sano son importantes. No superes la ingesta diaria recomendada. Mantener fuera del alcance de los ni\u00f1os peque\u00f1os. Gu\u00e1rdalo en un lugar fresco y seco.<\/p>\n<p>Para conocer los riesgos y efectos secundarios, lee el prospecto y pregunta a tu m\u00e9dico o farmac\u00e9utico.<\/p>\n<h3>Consejo experto de la farmacia:<\/h3>\n<p>Nuestro farmac\u00e9utico recomienda lo siguiente para la longevidad, la concentraci\u00f3n y el estr\u00e9s: <a href=\"https:\/\/lions-pharmacy.com\/es\/producto\/zinzino-balanceoil-premium-300-ml-5905997895026\">BalanceOil+ Premium<\/a> &#8211; de eficacia probada y espec\u00edfica.<\/p>\n<h3>Canjea la receta o la receta electr\u00f3nica:<\/h3>\n<p>\u00bfTienes receta o receta electr\u00f3nica? Env\u00edala c\u00f3modamente a trav\u00e9s de nuestra aplicaci\u00f3n <a class=\"ProsemirrorEditor-link\" href=\"https:\/\/e-rezept-app.de\/shop-rezept\">de receta electr\u00f3nica<\/a>; tambi\u00e9n son posibles las recetas privadas para aut\u00f3nomos. R\u00e1pido, seguro y f\u00e1cil.<\/p>\n<h3 class=\"TypographyPresentation TypographyPresentation--medium RichText3-paragraph--withVSpacingNormal RichText3-paragraph HighlightSol HighlightSol--buildingBlock\">\u00bfPreguntas sobre el producto? \u00a1Estamos a tu disposici\u00f3n!<\/h3>\n<p class=\"TypographyPresentation TypographyPresentation--medium RichText3-paragraph--withVSpacingNormal RichText3-paragraph HighlightSol HighlightSol--buildingBlock\">Nuestra farmac\u00e9utica responsable, <strong>la Dra. Sandra Hoff<\/strong>, y su equipo estar\u00e1n encantados de asesorarte personalmente, por tel\u00e9fono o correo electr\u00f3nico. Como <strong>aut\u00e9ntica farmacia local<\/strong> y <strong>farmacia de venta por correspondencia autorizada<\/strong>, te ofrecemos un apoyo competente, especialmente en los \u00e1mbitos de la naturopat\u00eda y los complementos diet\u00e9ticos. Puedes encontrar nuestro permiso como <a href=\"https:\/\/versandhandel.dimdi.de\/websearch\/servlet\/Gate;jsessionid=0D29D15655BE1174E9178A340E8FE6BC?accessid=dimdi_var&amp;term=3c387956690121ccc8763184f052b93f\" target=\"_blank\" rel=\"noopener\">una entrada en el registro de pedidos por correo.<\/a><\/p>\n","protected":false},"excerpt":{"rendered":"<h2>ZINZINO Col\u00e1geno Boozt<\/h2>\n<p>L\u00edquido especialmente desarrollado para favorecer la salud de la piel, el cabello, las u\u00f1as, las articulaciones y la vitalidad en general a trav\u00e9s de su ingrediente principal, el col\u00e1geno<\/p>\n<p>&nbsp;<\/p>\n<p><strong>PZN<\/strong> (N\u00famero Central de Farmacia): 08000066<br \/>\n<strong>Forma farmac\u00e9utica<\/strong>: L\u00edquido<br \/>\n<strong>Tipo de receta<\/strong>: sin receta<br \/>\n<strong>Marca<\/strong>: Zinzino<br \/>\n<strong>Fabricante<\/strong>: Zinzino AB, Gotenbourg, Suecia.<br \/>\n<strong>Presentaci\u00f3n<\/strong>: 10x 46 ml<\/p>\n","protected":false},"featured_media":21516,"comment_status":"closed","ping_status":"closed","template":"","meta":[],"product_brand":[],"product_cat":[125,116],"product_tag":[273,490,516,275,488,272],"class_list":{"0":"post-18563","1":"product","2":"type-product","3":"status-publish","4":"has-post-thumbnail","6":"product_cat-sale-es","7":"product_cat-sin-categorizar","8":"product_tag-control-de-peso","9":"product_tag-ingrediente-activo-a-base-de-hierbas","10":"product_tag-ingrediente-activo-de-origen-vegetal","11":"product_tag-peso-y-forma-fisica","12":"product_tag-remedios-naturales","13":"product_tag-vitaminas-y-suplementos","14":"ts_product_brand-all-es","16":"first","17":"instock","18":"taxable","19":"shipping-taxable","20":"purchasable","21":"product-type-simple"},"yoast_head":"<!-- This site is optimized with the Yoast SEO plugin v26.5 - https:\/\/yoast.com\/wordpress\/plugins\/seo\/ -->\n<title>ZINZINO Col\u00e1geno Boozt &#187; Ordene aqu\u00ed<\/title>\n<meta name=\"description\" content=\"la salud de la piel, el cabello, las u\u00f1as, las articulaciones y la vitalidad en general. Col\u00e1geno. M\u00e1s informaci\u00f3n sobre ZINZINO Col\u00e1geno Boozt. Te ofrecemos: Env\u00edo r\u00e1pido y compra segura en l\u00ednea.\" \/>\n<meta name=\"robots\" content=\"index, follow, max-snippet:-1, max-image-preview:large, max-video-preview:-1\" \/>\n<link rel=\"canonical\" href=\"https:\/\/lions-pharmacy.com\/es\/producto\/zinzino-collagen-boozt\" \/>\n<meta property=\"og:locale\" content=\"es_ES\" \/>\n<meta property=\"og:type\" content=\"article\" \/>\n<meta property=\"og:title\" content=\"ZINZINO Col\u00e1geno Boozt &#187; Ordene aqu\u00ed\" \/>\n<meta property=\"og:description\" content=\"la salud de la piel, el cabello, las u\u00f1as, las articulaciones y la vitalidad en general. Col\u00e1geno. M\u00e1s informaci\u00f3n sobre ZINZINO Col\u00e1geno Boozt. Te ofrecemos: Env\u00edo r\u00e1pido y compra segura en l\u00ednea.\" \/>\n<meta property=\"og:url\" content=\"https:\/\/lions-pharmacy.com\/es\/producto\/zinzino-collagen-boozt\" \/>\n<meta property=\"og:site_name\" content=\"Lion Pharmacy\" \/>\n<meta property=\"article:modified_time\" content=\"2025-12-16T05:58:30+00:00\" \/>\n<meta property=\"og:image\" content=\"https:\/\/lions-pharmacy.com\/wp-content\/uploads\/2025\/12\/Zinzino-Collagen-Boozt-Lowen-Apotheke24.webp\" \/>\n\t<meta property=\"og:image:width\" content=\"600\" \/>\n\t<meta property=\"og:image:height\" content=\"600\" \/>\n\t<meta property=\"og:image:type\" content=\"image\/webp\" \/>\n<meta name=\"twitter:card\" content=\"summary_large_image\" \/>\n<meta name=\"twitter:label1\" content=\"Tiempo de lectura\" \/>\n\t<meta name=\"twitter:data1\" content=\"3 minutos\" \/>\n<script type=\"application\/ld+json\" class=\"yoast-schema-graph\">{\"@context\":\"https:\/\/schema.org\",\"@graph\":[{\"@type\":\"WebPage\",\"@id\":\"https:\/\/lions-pharmacy.com\/es\/producto\/zinzino-collagen-boozt\",\"url\":\"https:\/\/lions-pharmacy.com\/es\/producto\/zinzino-collagen-boozt\",\"name\":\"ZINZINO Col\u00e1geno Boozt &#187; Ordene aqu\u00ed\",\"isPartOf\":{\"@id\":\"https:\/\/lions-pharmacy.com\/es#website\"},\"primaryImageOfPage\":{\"@id\":\"https:\/\/lions-pharmacy.com\/es\/producto\/zinzino-collagen-boozt#primaryimage\"},\"image\":{\"@id\":\"https:\/\/lions-pharmacy.com\/es\/producto\/zinzino-collagen-boozt#primaryimage\"},\"thumbnailUrl\":\"https:\/\/lions-pharmacy.com\/wp-content\/uploads\/2025\/12\/Zinzino-Collagen-Boozt-Lowen-Apotheke24-1.webp\",\"datePublished\":\"2025-12-16T05:32:28+00:00\",\"dateModified\":\"2025-12-16T05:58:30+00:00\",\"description\":\"la salud de la piel, el cabello, las u\u00f1as, las articulaciones y la vitalidad en general. Col\u00e1geno. M\u00e1s informaci\u00f3n sobre ZINZINO Col\u00e1geno Boozt. Te ofrecemos: Env\u00edo r\u00e1pido y compra segura en l\u00ednea.\",\"breadcrumb\":{\"@id\":\"https:\/\/lions-pharmacy.com\/es\/producto\/zinzino-collagen-boozt#breadcrumb\"},\"inLanguage\":\"es\",\"potentialAction\":[{\"@type\":\"ReadAction\",\"target\":[\"https:\/\/lions-pharmacy.com\/es\/producto\/zinzino-collagen-boozt\"]}]},{\"@type\":\"ImageObject\",\"inLanguage\":\"es\",\"@id\":\"https:\/\/lions-pharmacy.com\/es\/producto\/zinzino-collagen-boozt#primaryimage\",\"url\":\"https:\/\/lions-pharmacy.com\/wp-content\/uploads\/2025\/12\/Zinzino-Collagen-Boozt-Lowen-Apotheke24-1.webp\",\"contentUrl\":\"https:\/\/lions-pharmacy.com\/wp-content\/uploads\/2025\/12\/Zinzino-Collagen-Boozt-Lowen-Apotheke24-1.webp\",\"width\":600,\"height\":600,\"caption\":\"Zinzino Collagen Boozt Lions-Pharmacy\"},{\"@type\":\"BreadcrumbList\",\"@id\":\"https:\/\/lions-pharmacy.com\/es\/producto\/zinzino-collagen-boozt#breadcrumb\",\"itemListElement\":[{\"@type\":\"ListItem\",\"position\":1,\"name\":\"Home\",\"item\":\"https:\/\/lions-pharmacy.com\/es\/homepage-lion-pharmacy\"},{\"@type\":\"ListItem\",\"position\":2,\"name\":\"Shop\",\"item\":\"https:\/\/lions-pharmacy.com\/es\/tienda\"},{\"@type\":\"ListItem\",\"position\":3,\"name\":\"ZINZINO Col\u00e1geno Boozt\"}]},{\"@type\":\"WebSite\",\"@id\":\"https:\/\/lions-pharmacy.com\/es#website\",\"url\":\"https:\/\/lions-pharmacy.com\/es\",\"name\":\"Lions Pharmacy\",\"description\":\"Farmacia especializada en naturopat\u00eda de Baden-Baden, Alemania\",\"publisher\":{\"@id\":\"https:\/\/lions-pharmacy.com\/es#organization\"},\"alternateName\":\"Lion Pharmacy\",\"potentialAction\":[{\"@type\":\"SearchAction\",\"target\":{\"@type\":\"EntryPoint\",\"urlTemplate\":\"https:\/\/lions-pharmacy.com\/es?s={search_term_string}\"},\"query-input\":{\"@type\":\"PropertyValueSpecification\",\"valueRequired\":true,\"valueName\":\"search_term_string\"}}],\"inLanguage\":\"es\"},{\"@type\":\"Organization\",\"@id\":\"https:\/\/lions-pharmacy.com\/es#organization\",\"name\":\"Lions Pharmacy\",\"alternateName\":\"Lions Pharmacy24\",\"url\":\"https:\/\/lions-pharmacy.com\/es\",\"logo\":{\"@type\":\"ImageObject\",\"inLanguage\":\"es\",\"@id\":\"https:\/\/lions-pharmacy.com\/es#\/schema\/logo\/image\/\",\"url\":\"https:\/\/lions-pharmacy.com\/wp-content\/uploads\/2022\/12\/Logo-Lion-Pharmacy-c-o-Loewen-Apotheke-smal.jpg\",\"contentUrl\":\"https:\/\/lions-pharmacy.com\/wp-content\/uploads\/2022\/12\/Logo-Lion-Pharmacy-c-o-Loewen-Apotheke-smal.jpg\",\"width\":298,\"height\":99,\"caption\":\"Lions Pharmacy\"},\"image\":{\"@id\":\"https:\/\/lions-pharmacy.com\/es#\/schema\/logo\/image\/\"}}]}<\/script>\n<!-- \/ Yoast SEO plugin. -->","yoast_head_json":{"title":"ZINZINO Col\u00e1geno Boozt &#187; Ordene aqu\u00ed","description":"la salud de la piel, el cabello, las u\u00f1as, las articulaciones y la vitalidad en general. Col\u00e1geno. M\u00e1s informaci\u00f3n sobre ZINZINO Col\u00e1geno Boozt. Te ofrecemos: Env\u00edo r\u00e1pido y compra segura en l\u00ednea.","robots":{"index":"index","follow":"follow","max-snippet":"max-snippet:-1","max-image-preview":"max-image-preview:large","max-video-preview":"max-video-preview:-1"},"canonical":"https:\/\/lions-pharmacy.com\/es\/producto\/zinzino-collagen-boozt","og_locale":"es_ES","og_type":"article","og_title":"ZINZINO Col\u00e1geno Boozt &#187; Ordene aqu\u00ed","og_description":"la salud de la piel, el cabello, las u\u00f1as, las articulaciones y la vitalidad en general. Col\u00e1geno. M\u00e1s informaci\u00f3n sobre ZINZINO Col\u00e1geno Boozt. Te ofrecemos: Env\u00edo r\u00e1pido y compra segura en l\u00ednea.","og_url":"https:\/\/lions-pharmacy.com\/es\/producto\/zinzino-collagen-boozt","og_site_name":"Lion Pharmacy","article_modified_time":"2025-12-16T05:58:30+00:00","og_image":[{"width":600,"height":600,"url":"https:\/\/lions-pharmacy.com\/wp-content\/uploads\/2025\/12\/Zinzino-Collagen-Boozt-Lowen-Apotheke24.webp","type":"image\/webp"}],"twitter_card":"summary_large_image","twitter_misc":{"Tiempo de lectura":"3 minutos"},"schema":{"@context":"https:\/\/schema.org","@graph":[{"@type":"WebPage","@id":"https:\/\/lions-pharmacy.com\/es\/producto\/zinzino-collagen-boozt","url":"https:\/\/lions-pharmacy.com\/es\/producto\/zinzino-collagen-boozt","name":"ZINZINO Col\u00e1geno Boozt &#187; Ordene aqu\u00ed","isPartOf":{"@id":"https:\/\/lions-pharmacy.com\/es#website"},"primaryImageOfPage":{"@id":"https:\/\/lions-pharmacy.com\/es\/producto\/zinzino-collagen-boozt#primaryimage"},"image":{"@id":"https:\/\/lions-pharmacy.com\/es\/producto\/zinzino-collagen-boozt#primaryimage"},"thumbnailUrl":"https:\/\/lions-pharmacy.com\/wp-content\/uploads\/2025\/12\/Zinzino-Collagen-Boozt-Lowen-Apotheke24-1.webp","datePublished":"2025-12-16T05:32:28+00:00","dateModified":"2025-12-16T05:58:30+00:00","description":"la salud de la piel, el cabello, las u\u00f1as, las articulaciones y la vitalidad en general. Col\u00e1geno. M\u00e1s informaci\u00f3n sobre ZINZINO Col\u00e1geno Boozt. Te ofrecemos: Env\u00edo r\u00e1pido y compra segura en l\u00ednea.","breadcrumb":{"@id":"https:\/\/lions-pharmacy.com\/es\/producto\/zinzino-collagen-boozt#breadcrumb"},"inLanguage":"es","potentialAction":[{"@type":"ReadAction","target":["https:\/\/lions-pharmacy.com\/es\/producto\/zinzino-collagen-boozt"]}]},{"@type":"ImageObject","inLanguage":"es","@id":"https:\/\/lions-pharmacy.com\/es\/producto\/zinzino-collagen-boozt#primaryimage","url":"https:\/\/lions-pharmacy.com\/wp-content\/uploads\/2025\/12\/Zinzino-Collagen-Boozt-Lowen-Apotheke24-1.webp","contentUrl":"https:\/\/lions-pharmacy.com\/wp-content\/uploads\/2025\/12\/Zinzino-Collagen-Boozt-Lowen-Apotheke24-1.webp","width":600,"height":600,"caption":"Zinzino Collagen Boozt Lions-Pharmacy"},{"@type":"BreadcrumbList","@id":"https:\/\/lions-pharmacy.com\/es\/producto\/zinzino-collagen-boozt#breadcrumb","itemListElement":[{"@type":"ListItem","position":1,"name":"Home","item":"https:\/\/lions-pharmacy.com\/es\/homepage-lion-pharmacy"},{"@type":"ListItem","position":2,"name":"Shop","item":"https:\/\/lions-pharmacy.com\/es\/tienda"},{"@type":"ListItem","position":3,"name":"ZINZINO Col\u00e1geno Boozt"}]},{"@type":"WebSite","@id":"https:\/\/lions-pharmacy.com\/es#website","url":"https:\/\/lions-pharmacy.com\/es","name":"Lions Pharmacy","description":"Farmacia especializada en naturopat\u00eda de Baden-Baden, Alemania","publisher":{"@id":"https:\/\/lions-pharmacy.com\/es#organization"},"alternateName":"Lion Pharmacy","potentialAction":[{"@type":"SearchAction","target":{"@type":"EntryPoint","urlTemplate":"https:\/\/lions-pharmacy.com\/es?s={search_term_string}"},"query-input":{"@type":"PropertyValueSpecification","valueRequired":true,"valueName":"search_term_string"}}],"inLanguage":"es"},{"@type":"Organization","@id":"https:\/\/lions-pharmacy.com\/es#organization","name":"Lions Pharmacy","alternateName":"Lions Pharmacy24","url":"https:\/\/lions-pharmacy.com\/es","logo":{"@type":"ImageObject","inLanguage":"es","@id":"https:\/\/lions-pharmacy.com\/es#\/schema\/logo\/image\/","url":"https:\/\/lions-pharmacy.com\/wp-content\/uploads\/2022\/12\/Logo-Lion-Pharmacy-c-o-Loewen-Apotheke-smal.jpg","contentUrl":"https:\/\/lions-pharmacy.com\/wp-content\/uploads\/2022\/12\/Logo-Lion-Pharmacy-c-o-Loewen-Apotheke-smal.jpg","width":298,"height":99,"caption":"Lions Pharmacy"},"image":{"@id":"https:\/\/lions-pharmacy.com\/es#\/schema\/logo\/image\/"}}]}},"_links":{"self":[{"href":"https:\/\/lions-pharmacy.com\/es\/wp-json\/wp\/v2\/product\/18563","targetHints":{"allow":["GET"]}}],"collection":[{"href":"https:\/\/lions-pharmacy.com\/es\/wp-json\/wp\/v2\/product"}],"about":[{"href":"https:\/\/lions-pharmacy.com\/es\/wp-json\/wp\/v2\/types\/product"}],"replies":[{"embeddable":true,"href":"https:\/\/lions-pharmacy.com\/es\/wp-json\/wp\/v2\/comments?post=18563"}],"wp:featuredmedia":[{"embeddable":true,"href":"https:\/\/lions-pharmacy.com\/es\/wp-json\/wp\/v2\/media\/21516"}],"wp:attachment":[{"href":"https:\/\/lions-pharmacy.com\/es\/wp-json\/wp\/v2\/media?parent=18563"}],"wp:term":[{"taxonomy":"product_brand","embeddable":true,"href":"https:\/\/lions-pharmacy.com\/es\/wp-json\/wp\/v2\/product_brand?post=18563"},{"taxonomy":"product_cat","embeddable":true,"href":"https:\/\/lions-pharmacy.com\/es\/wp-json\/wp\/v2\/product_cat?post=18563"},{"taxonomy":"product_tag","embeddable":true,"href":"https:\/\/lions-pharmacy.com\/es\/wp-json\/wp\/v2\/product_tag?post=18563"}],"curies":[{"name":"wp","href":"https:\/\/api.w.org\/{rel}","templated":true}]}}