{"id":18296,"date":"2025-12-08T15:18:34","date_gmt":"2025-12-08T14:18:34","guid":{"rendered":"https:\/\/lions-pharmacy.com\/?post_type=product&#038;p=18296"},"modified":"2025-12-08T16:24:45","modified_gmt":"2025-12-08T15:24:45","slug":"neradin-tablets-2x-40-pcs","status":"publish","type":"product","link":"https:\/\/lions-pharmacy.com\/es\/producto\/neradin-tablets-2x-40-pcs","title":{"rendered":"Neradin comprimidos (40 uds.)"},"content":{"rendered":"<h3>Neradin comprimidos<\/h3>\n<p>Neradin es un medicamento homeop\u00e1tico para la debilidad sexual. Espec\u00edficamente aprobado para el tratamiento de la debilidad sexual, como la disfunci\u00f3n er\u00e9ctil. El principio activo Turnera diffusa (Trit. D4) procede de una planta medicinal especial llamada Damiana.<\/p>\n<p>Principios activos: El principio activo Turnera diffusa (Trit. D4) procede de una planta medicinal especial llamada Damiana. La damiana ya era una de las plantas medicinales m\u00e1s valiosas de los mayas como afrodis\u00edaco. En la \u00e9poca de los conquistadores espa\u00f1oles, la damiana se consideraba incluso una de las plantas medicinales m\u00e1s importantes del norte de Am\u00e9rica Central y se utilizaba como t\u00f3nico y afrodis\u00edaco. Seg\u00fan la imagen del f\u00e1rmaco, la damiana se inicia en el sistema genitourinario, es decir, donde surge el problema, y se utiliza con \u00e9xito especialmente para la debilidad sexual, como la disfunci\u00f3n er\u00e9ctil.<\/p>\n<p>Aqu\u00ed puedes encontrar m\u00e1s informaci\u00f3n sobre Neradin y el fabricante: <a href=\"https:\/\/pharmasgp.com\/\" target=\"_blank\" rel=\"noopener\">PharmaSGP<\/a><\/p>\n<p>Otros productos para la aplicaci\u00f3n: <a href=\"https:\/\/lions-pharmacy.com\/es\/etiqueta-producto\/peso-y-forma-fisica\">Viajes y deporte, Bienestar<\/a> | <a href=\"https:\/\/lions-pharmacy.com\/es\/etiqueta-producto\/vitaminas-y-suplementos\">Vitaminas y suplementos Productos<\/a><\/p>\n<section><\/section>\n<section class=\"text-dark-primary-max\">La informaci\u00f3n contenida en este sitio web se facilita \u00fanicamente con fines informativos. En ning\u00fan caso sustituyen al examen y tratamiento por un m\u00e9dico. Tenga en cuenta que esto significa que no se pueden hacer diagn\u00f3sticos ni iniciar terapias.  <\/section>\n<section><\/section>\n<section><\/section>\n<p>Para conocer los riesgos y efectos secundarios, lea el prospecto y consulte a su m\u00e9dico o farmac\u00e9utico.<\/p>\n<p>&nbsp;<\/p>\n<h3 data-pm-slice=\"1 1 []\"><strong>\u00bfPreguntas sobre el producto? \u00a1Estamos a tu disposici\u00f3n!<\/strong><\/h3>\n<p>Nuestra farmac\u00e9utica responsable, la Dra. Sandra Hoff, y su equipo estar\u00e1n encantados de asesorarte personalmente, por tel\u00e9fono o correo electr\u00f3nico. Como aut\u00e9ntica farmacia local y farmacia de venta por correspondencia autorizada, te ofrecemos un apoyo competente, especialmente en los \u00e1mbitos de la naturopat\u00eda y los complementos diet\u00e9ticos. Puedes encontrar nuestro permiso como <a class=\"ProsemirrorEditor-link\" href=\"https:\/\/versandhandel.dimdi.de\/websearch\/servlet\/Gate;jsessionid=0D29D15655BE1174E9178A340E8FE6BC?accessid=dimdi_var&amp;term=3c387956690121ccc8763184f052b93f\">una entrada en el registro de pedidos por correo.<\/a><\/p>\n<h3 style=\"text-align: left;\">Prescripci\u00f3n | \u00bfReceta electr\u00f3nica disponible?<\/h3>\n<p>Env\u00ede su receta electr\u00f3nica ahora. Utilice nuestra aplicaci\u00f3n <a href=\"https:\/\/e-rezept-app.de\/shop-rezept\" target=\"_blank\" rel=\"noopener\">de recetas electr\u00f3nicas<\/a> . \u00a1Y te damos los gastos de env\u00edo gratis en Alemania!<\/p>\n","protected":false},"excerpt":{"rendered":"<h2>Neradin comprimidos<\/h2>\n<p>medicamento homeop\u00e1tico para la debilidad sexual. Hombres.<\/p>\n<p><\/p>\n<div class=\"rating__wrap\">\n<p><strong>PZN<\/strong>: 11024357 (N\u00famero central de farmacia)<\/p>\n<p><strong>Forma farmac\u00e9utica<\/strong>: comprimidos<\/p>\n<p><strong>Tipo de regulaci\u00f3n:<\/strong> Sin receta<\/p>\n<p><strong>Marca<\/strong> Neradin<\/p>\n<p><strong>Fabricante: <\/strong>PharmaSGP, Munich, Alemania<\/p>\n<p><strong>Tama\u00f1o del paquete<\/strong>: 40 unidades.<\/p>\n<\/div>\n","protected":false},"featured_media":18302,"comment_status":"closed","ping_status":"closed","template":"","meta":[],"product_brand":[],"product_cat":[125,116],"product_tag":[274,273,275,311,272],"class_list":{"0":"post-18296","1":"product","2":"type-product","3":"status-publish","4":"has-post-thumbnail","6":"product_cat-sale-es","7":"product_cat-sin-categorizar","8":"product_tag-bienestar","9":"product_tag-control-de-peso","10":"product_tag-peso-y-forma-fisica","11":"product_tag-venta-mensual","12":"product_tag-vitaminas-y-suplementos","13":"ts_product_brand-all-es","15":"first","16":"instock","17":"taxable","18":"shipping-taxable","19":"purchasable","20":"product-type-simple"},"yoast_head":"<!-- This site is optimized with the Yoast SEO plugin v26.5 - https:\/\/yoast.com\/wordpress\/plugins\/seo\/ -->\n<title>Neradin comprimidos (40 uds.) &#187; Ordene aqu\u00ed<\/title>\n<meta name=\"description\" content=\"Neradin comprimidos (40 uds.) para adultos. debilidad sexual. Entregado desde su farmacia en l\u00ednea alemana. Env\u00edo r\u00e1pido. Servicio de primera.\" \/>\n<meta name=\"robots\" content=\"index, follow, max-snippet:-1, max-image-preview:large, max-video-preview:-1\" \/>\n<link rel=\"canonical\" href=\"https:\/\/lions-pharmacy.com\/es\/producto\/neradin-tablets-2x-40-pcs\" \/>\n<meta property=\"og:locale\" content=\"es_ES\" \/>\n<meta property=\"og:type\" content=\"article\" \/>\n<meta property=\"og:title\" content=\"Neradin comprimidos (40 uds.) &#187; Ordene aqu\u00ed\" \/>\n<meta property=\"og:description\" content=\"Neradin comprimidos (40 uds.) para adultos. debilidad sexual. Entregado desde su farmacia en l\u00ednea alemana. Env\u00edo r\u00e1pido. Servicio de primera.\" \/>\n<meta property=\"og:url\" content=\"https:\/\/lions-pharmacy.com\/es\/producto\/neradin-tablets-2x-40-pcs\" \/>\n<meta property=\"og:site_name\" content=\"Lion Pharmacy\" \/>\n<meta property=\"article:modified_time\" content=\"2025-12-08T15:24:45+00:00\" \/>\n<meta property=\"og:image\" content=\"https:\/\/lions-pharmacy.com\/wp-content\/uploads\/2025\/12\/Neradin-on-Lions-Pharmacy.webp\" \/>\n\t<meta property=\"og:image:width\" content=\"600\" \/>\n\t<meta property=\"og:image:height\" content=\"600\" \/>\n\t<meta property=\"og:image:type\" content=\"image\/webp\" \/>\n<meta name=\"twitter:card\" content=\"summary_large_image\" \/>\n<meta name=\"twitter:label1\" content=\"Tiempo de lectura\" \/>\n\t<meta name=\"twitter:data1\" content=\"2 minutos\" \/>\n<script type=\"application\/ld+json\" class=\"yoast-schema-graph\">{\"@context\":\"https:\/\/schema.org\",\"@graph\":[{\"@type\":\"WebPage\",\"@id\":\"https:\/\/lions-pharmacy.com\/es\/producto\/neradin-tablets-2x-40-pcs\",\"url\":\"https:\/\/lions-pharmacy.com\/es\/producto\/neradin-tablets-2x-40-pcs\",\"name\":\"Neradin comprimidos (40 uds.) &#187; Ordene aqu\u00ed\",\"isPartOf\":{\"@id\":\"https:\/\/lions-pharmacy.com\/es#website\"},\"primaryImageOfPage\":{\"@id\":\"https:\/\/lions-pharmacy.com\/es\/producto\/neradin-tablets-2x-40-pcs#primaryimage\"},\"image\":{\"@id\":\"https:\/\/lions-pharmacy.com\/es\/producto\/neradin-tablets-2x-40-pcs#primaryimage\"},\"thumbnailUrl\":\"https:\/\/lions-pharmacy.com\/wp-content\/uploads\/2025\/12\/Neradin-on-Lions-Pharmacy.webp\",\"datePublished\":\"2025-12-08T14:18:34+00:00\",\"dateModified\":\"2025-12-08T15:24:45+00:00\",\"description\":\"Neradin comprimidos (40 uds.) para adultos. debilidad sexual. Entregado desde su farmacia en l\u00ednea alemana. Env\u00edo r\u00e1pido. Servicio de primera.\",\"breadcrumb\":{\"@id\":\"https:\/\/lions-pharmacy.com\/es\/producto\/neradin-tablets-2x-40-pcs#breadcrumb\"},\"inLanguage\":\"es\",\"potentialAction\":[{\"@type\":\"ReadAction\",\"target\":[\"https:\/\/lions-pharmacy.com\/es\/producto\/neradin-tablets-2x-40-pcs\"]}]},{\"@type\":\"ImageObject\",\"inLanguage\":\"es\",\"@id\":\"https:\/\/lions-pharmacy.com\/es\/producto\/neradin-tablets-2x-40-pcs#primaryimage\",\"url\":\"https:\/\/lions-pharmacy.com\/wp-content\/uploads\/2025\/12\/Neradin-on-Lions-Pharmacy.webp\",\"contentUrl\":\"https:\/\/lions-pharmacy.com\/wp-content\/uploads\/2025\/12\/Neradin-on-Lions-Pharmacy.webp\",\"width\":600,\"height\":600,\"caption\":\"Neradin en la Farmacia de los Leones\"},{\"@type\":\"BreadcrumbList\",\"@id\":\"https:\/\/lions-pharmacy.com\/es\/producto\/neradin-tablets-2x-40-pcs#breadcrumb\",\"itemListElement\":[{\"@type\":\"ListItem\",\"position\":1,\"name\":\"Home\",\"item\":\"https:\/\/lions-pharmacy.com\/es\/homepage-lion-pharmacy\"},{\"@type\":\"ListItem\",\"position\":2,\"name\":\"Shop\",\"item\":\"https:\/\/lions-pharmacy.com\/es\/tienda\"},{\"@type\":\"ListItem\",\"position\":3,\"name\":\"Neradin comprimidos (40 uds.)\"}]},{\"@type\":\"WebSite\",\"@id\":\"https:\/\/lions-pharmacy.com\/es#website\",\"url\":\"https:\/\/lions-pharmacy.com\/es\",\"name\":\"Lions Pharmacy\",\"description\":\"Farmacia especializada en naturopat\u00eda de Baden-Baden, Alemania\",\"publisher\":{\"@id\":\"https:\/\/lions-pharmacy.com\/es#organization\"},\"alternateName\":\"Lion Pharmacy\",\"potentialAction\":[{\"@type\":\"SearchAction\",\"target\":{\"@type\":\"EntryPoint\",\"urlTemplate\":\"https:\/\/lions-pharmacy.com\/es?s={search_term_string}\"},\"query-input\":{\"@type\":\"PropertyValueSpecification\",\"valueRequired\":true,\"valueName\":\"search_term_string\"}}],\"inLanguage\":\"es\"},{\"@type\":\"Organization\",\"@id\":\"https:\/\/lions-pharmacy.com\/es#organization\",\"name\":\"Lions Pharmacy\",\"alternateName\":\"Lions Pharmacy24\",\"url\":\"https:\/\/lions-pharmacy.com\/es\",\"logo\":{\"@type\":\"ImageObject\",\"inLanguage\":\"es\",\"@id\":\"https:\/\/lions-pharmacy.com\/es#\/schema\/logo\/image\/\",\"url\":\"https:\/\/lions-pharmacy.com\/wp-content\/uploads\/2022\/12\/Logo-Lion-Pharmacy-c-o-Loewen-Apotheke-smal.jpg\",\"contentUrl\":\"https:\/\/lions-pharmacy.com\/wp-content\/uploads\/2022\/12\/Logo-Lion-Pharmacy-c-o-Loewen-Apotheke-smal.jpg\",\"width\":298,\"height\":99,\"caption\":\"Lions Pharmacy\"},\"image\":{\"@id\":\"https:\/\/lions-pharmacy.com\/es#\/schema\/logo\/image\/\"}}]}<\/script>\n<!-- \/ Yoast SEO plugin. -->","yoast_head_json":{"title":"Neradin comprimidos (40 uds.) &#187; Ordene aqu\u00ed","description":"Neradin comprimidos (40 uds.) para adultos. debilidad sexual. Entregado desde su farmacia en l\u00ednea alemana. Env\u00edo r\u00e1pido. Servicio de primera.","robots":{"index":"index","follow":"follow","max-snippet":"max-snippet:-1","max-image-preview":"max-image-preview:large","max-video-preview":"max-video-preview:-1"},"canonical":"https:\/\/lions-pharmacy.com\/es\/producto\/neradin-tablets-2x-40-pcs","og_locale":"es_ES","og_type":"article","og_title":"Neradin comprimidos (40 uds.) &#187; Ordene aqu\u00ed","og_description":"Neradin comprimidos (40 uds.) para adultos. debilidad sexual. Entregado desde su farmacia en l\u00ednea alemana. Env\u00edo r\u00e1pido. Servicio de primera.","og_url":"https:\/\/lions-pharmacy.com\/es\/producto\/neradin-tablets-2x-40-pcs","og_site_name":"Lion Pharmacy","article_modified_time":"2025-12-08T15:24:45+00:00","og_image":[{"width":600,"height":600,"url":"https:\/\/lions-pharmacy.com\/wp-content\/uploads\/2025\/12\/Neradin-on-Lions-Pharmacy.webp","type":"image\/webp"}],"twitter_card":"summary_large_image","twitter_misc":{"Tiempo de lectura":"2 minutos"},"schema":{"@context":"https:\/\/schema.org","@graph":[{"@type":"WebPage","@id":"https:\/\/lions-pharmacy.com\/es\/producto\/neradin-tablets-2x-40-pcs","url":"https:\/\/lions-pharmacy.com\/es\/producto\/neradin-tablets-2x-40-pcs","name":"Neradin comprimidos (40 uds.) &#187; Ordene aqu\u00ed","isPartOf":{"@id":"https:\/\/lions-pharmacy.com\/es#website"},"primaryImageOfPage":{"@id":"https:\/\/lions-pharmacy.com\/es\/producto\/neradin-tablets-2x-40-pcs#primaryimage"},"image":{"@id":"https:\/\/lions-pharmacy.com\/es\/producto\/neradin-tablets-2x-40-pcs#primaryimage"},"thumbnailUrl":"https:\/\/lions-pharmacy.com\/wp-content\/uploads\/2025\/12\/Neradin-on-Lions-Pharmacy.webp","datePublished":"2025-12-08T14:18:34+00:00","dateModified":"2025-12-08T15:24:45+00:00","description":"Neradin comprimidos (40 uds.) para adultos. debilidad sexual. Entregado desde su farmacia en l\u00ednea alemana. Env\u00edo r\u00e1pido. Servicio de primera.","breadcrumb":{"@id":"https:\/\/lions-pharmacy.com\/es\/producto\/neradin-tablets-2x-40-pcs#breadcrumb"},"inLanguage":"es","potentialAction":[{"@type":"ReadAction","target":["https:\/\/lions-pharmacy.com\/es\/producto\/neradin-tablets-2x-40-pcs"]}]},{"@type":"ImageObject","inLanguage":"es","@id":"https:\/\/lions-pharmacy.com\/es\/producto\/neradin-tablets-2x-40-pcs#primaryimage","url":"https:\/\/lions-pharmacy.com\/wp-content\/uploads\/2025\/12\/Neradin-on-Lions-Pharmacy.webp","contentUrl":"https:\/\/lions-pharmacy.com\/wp-content\/uploads\/2025\/12\/Neradin-on-Lions-Pharmacy.webp","width":600,"height":600,"caption":"Neradin en la Farmacia de los Leones"},{"@type":"BreadcrumbList","@id":"https:\/\/lions-pharmacy.com\/es\/producto\/neradin-tablets-2x-40-pcs#breadcrumb","itemListElement":[{"@type":"ListItem","position":1,"name":"Home","item":"https:\/\/lions-pharmacy.com\/es\/homepage-lion-pharmacy"},{"@type":"ListItem","position":2,"name":"Shop","item":"https:\/\/lions-pharmacy.com\/es\/tienda"},{"@type":"ListItem","position":3,"name":"Neradin comprimidos (40 uds.)"}]},{"@type":"WebSite","@id":"https:\/\/lions-pharmacy.com\/es#website","url":"https:\/\/lions-pharmacy.com\/es","name":"Lions Pharmacy","description":"Farmacia especializada en naturopat\u00eda de Baden-Baden, Alemania","publisher":{"@id":"https:\/\/lions-pharmacy.com\/es#organization"},"alternateName":"Lion Pharmacy","potentialAction":[{"@type":"SearchAction","target":{"@type":"EntryPoint","urlTemplate":"https:\/\/lions-pharmacy.com\/es?s={search_term_string}"},"query-input":{"@type":"PropertyValueSpecification","valueRequired":true,"valueName":"search_term_string"}}],"inLanguage":"es"},{"@type":"Organization","@id":"https:\/\/lions-pharmacy.com\/es#organization","name":"Lions Pharmacy","alternateName":"Lions Pharmacy24","url":"https:\/\/lions-pharmacy.com\/es","logo":{"@type":"ImageObject","inLanguage":"es","@id":"https:\/\/lions-pharmacy.com\/es#\/schema\/logo\/image\/","url":"https:\/\/lions-pharmacy.com\/wp-content\/uploads\/2022\/12\/Logo-Lion-Pharmacy-c-o-Loewen-Apotheke-smal.jpg","contentUrl":"https:\/\/lions-pharmacy.com\/wp-content\/uploads\/2022\/12\/Logo-Lion-Pharmacy-c-o-Loewen-Apotheke-smal.jpg","width":298,"height":99,"caption":"Lions Pharmacy"},"image":{"@id":"https:\/\/lions-pharmacy.com\/es#\/schema\/logo\/image\/"}}]}},"_links":{"self":[{"href":"https:\/\/lions-pharmacy.com\/es\/wp-json\/wp\/v2\/product\/18296","targetHints":{"allow":["GET"]}}],"collection":[{"href":"https:\/\/lions-pharmacy.com\/es\/wp-json\/wp\/v2\/product"}],"about":[{"href":"https:\/\/lions-pharmacy.com\/es\/wp-json\/wp\/v2\/types\/product"}],"replies":[{"embeddable":true,"href":"https:\/\/lions-pharmacy.com\/es\/wp-json\/wp\/v2\/comments?post=18296"}],"wp:featuredmedia":[{"embeddable":true,"href":"https:\/\/lions-pharmacy.com\/es\/wp-json\/wp\/v2\/media\/18302"}],"wp:attachment":[{"href":"https:\/\/lions-pharmacy.com\/es\/wp-json\/wp\/v2\/media?parent=18296"}],"wp:term":[{"taxonomy":"product_brand","embeddable":true,"href":"https:\/\/lions-pharmacy.com\/es\/wp-json\/wp\/v2\/product_brand?post=18296"},{"taxonomy":"product_cat","embeddable":true,"href":"https:\/\/lions-pharmacy.com\/es\/wp-json\/wp\/v2\/product_cat?post=18296"},{"taxonomy":"product_tag","embeddable":true,"href":"https:\/\/lions-pharmacy.com\/es\/wp-json\/wp\/v2\/product_tag?post=18296"}],"curies":[{"name":"wp","href":"https:\/\/api.w.org\/{rel}","templated":true}]}}