{"id":1787,"date":"2022-12-31T16:47:56","date_gmt":"2022-12-31T15:47:56","guid":{"rendered":"https:\/\/lions-pharmacy.com\/product\/labo-life-2lchla"},"modified":"2025-11-29T20:17:32","modified_gmt":"2025-11-29T19:17:32","slug":"labo-life-2lchla","status":"publish","type":"product","link":"https:\/\/lions-pharmacy.com\/es\/producto\/labo-life-2lchla","title":{"rendered":"Labo Life 2LCHLA"},"content":{"rendered":"<h2>Labo Life 2LCHLA<\/h2>\n<p>The Lion Pharmacy importa c\u00e1psulas Labo Life 2LCHLA para usted, as\u00ed como todas las preparaciones de Labo Life B\u00e9lgica a su solicitud.<\/p>\n<p>Folleto del envase\/instrucciones de uso\/ficha t\u00e9cnica: <a href=\"https:\/\/lions-pharmacy.com\/wp-content\/uploads\/2023\/01\/EN_patient_info.pdf\" target=\"_blank\" rel=\"noopener\">EN<\/a> | <a href=\"https:\/\/lions-pharmacy.com\/wp-content\/uploads\/2023\/01\/FR_info_patient.pdf\" target=\"_blank\" rel=\"noopener\">FR<\/a> | <a href=\"https:\/\/lions-pharmacy.com\/wp-content\/uploads\/2023\/01\/ES_info_paciente.pdf\">ES<\/a> | <a href=\"https:\/\/lions-pharmacy.com\/wp-content\/uploads\/2022\/12\/labolife-Patientenflyer-lobo-life-customer-information-lion-pharmacy-lowen-apotheke.pdf\" target=\"_blank\" rel=\"noopener\">DE<\/a> (lector de PDF)<\/p>\n<p>Nombre alternativo del producto: Labo Life 2L CHLA<\/p>\n<p>Otros productos para la aplicaci\u00f3n:<\/p>\n<p>M\u00e1s informaci\u00f3n sobre el fabricante y este producto: <a href=\"https:\/\/www.labolife.com\/en\" target=\"_blank\" rel=\"noopener\">Labo Life<\/a> (enlace externo)<\/p>\n<p>Para conocer los riesgos y efectos secundarios, lea el prospecto y consulte a su m\u00e9dico o farmac\u00e9utico.<\/p>\n<p>La informaci\u00f3n contenida en este sitio web se facilita \u00fanicamente con fines informativos. En ning\u00fan caso sustituyen al examen y tratamiento por un m\u00e9dico. Tenga en cuenta que esto significa que no se pueden hacer diagn\u00f3sticos ni iniciar terapias.<\/p>\n<h3>Microinmunoterapia<\/h3>\n<p>La microinmunoterapia es una terapia de inmunomodulaci\u00f3n que utiliza los mismos mensajeros que el sistema inmunitario (por ejemplo, citoquinas, hormonas, factores de crecimiento, \u00e1cidos nucleicos) para transmitir informaci\u00f3n al organismo y &#8220;reajustar&#8221; la respuesta inmunitaria. En otras palabras, su objetivo es restablecer la correcta comunicaci\u00f3n entre las c\u00e9lulas del sistema inmunitario para ayudarlas a recuperar su capacidad innata de defendernos de los agresores o limitar su respuesta cuando es exagerada. <\/p>\n<p>A diferencia de la inmunoterapia cl\u00e1sica, las f\u00f3rmulas de microinmunoterapia utilizan una amplia gama de sustancias inmunitarias (los llamados &#8220;mensajeros&#8221;). Se preparan en bajas concentraciones (bajas dosis) mediante un proceso de diluci\u00f3n-dinamizaci\u00f3n, garantizando as\u00ed una alta tolerancia. Adem\u00e1s, dependiendo de si se desea la estimulaci\u00f3n, modulaci\u00f3n o inhibici\u00f3n sobre el organismo, los niveles de concentraci\u00f3n utilizados pueden variar dentro de la misma f\u00f3rmula.  Al igual que ocurre de forma natural en el organismo, las sustancias se administran siguiendo una secuencia espec\u00edfica, un orden preciso.<\/p>\n<p>La microinmunoterapia puede ser un fiel aliado en el tratamiento de enfermedades derivadas de un desequilibrio del sistema inmunitario, tanto agudas como cr\u00f3nicas. Las patolog\u00edas infecciosas y oncol\u00f3gicas, o las enfermedades autoinmunes est\u00e1n incluidas en ellas. La microinmunoterapia no sustituye al sistema inmunitario, ni lo fuerza ni lo bloquea, sino que informa sutilmente a la inmunidad, por lo que es compatible con otros tratamientos.<\/p>\n<p>M\u00e1s informaci\u00f3n sobre <a href=\"https:\/\/www.labolife.com\/de\" target=\"_blank\" rel=\"noopener noreferrer\">Labo&#8217;Life<\/a> y la microinmunoterapia en la p\u00e1gina web de los fabricantes.<\/p>\n<p data-pm-slice=\"1 1 []\">Los suplementos diet\u00e9ticos no son un sustituto de una dieta equilibrada y variada y un estilo de vida saludable. No debe superarse la cantidad de consumo diario recomendada.<\/p>\n<p>La informaci\u00f3n contenida en este sitio web se facilita \u00fanicamente con fines informativos. No sustituyen en modo alguno al examen y tratamiento por un m\u00e9dico. Ten en cuenta que esto no puede utilizarse para hacer un diagn\u00f3stico o iniciar una terapia.<\/p>\n<p>Para obtener informaci\u00f3n sobre los riesgos y efectos secundarios, lee el prospecto y pregunta a tu m\u00e9dico o farmac\u00e9utico.<\/p>\n","protected":false},"excerpt":{"rendered":"<h2>Labo Life 2LCHLA<\/h2>\n<p>La Farmacia Lion puede suministrarle todos los preparados Labo Life Belgium que solicite.<\/p>\n<p>&nbsp;<\/p>\n<p>PZN: &#8211; (N\u00famero de la Central Farmac\u00e9utica)<\/p>\n<p>Forma farmac\u00e9utica: C\u00e1psulas<\/p>\n<p>Tipo de prescripci\u00f3n: sin receta<\/p>\n<p>Marca: Labo Life<\/p>\n<p>Fabricante: Labo&#8217;Life Belgium, Rue Camille Hubert 11, 5032 Gembloux.<\/p>\n<p>Tama\u00f1o del envase: 30 pza.<\/p>\n","protected":false},"featured_media":17392,"comment_status":"closed","ping_status":"closed","template":"","meta":[],"product_brand":[],"product_cat":[119],"product_tag":[290,236,786],"class_list":{"0":"post-1787","1":"product","2":"type-product","3":"status-publish","4":"has-post-thumbnail","6":"product_cat-labo-life-es","7":"product_tag-2lchla-es","8":"product_tag-microinmunoterapia","9":"product_tag-producto-individual-de-importacion-sin-retorno","10":"ts_product_brand-all-es","11":"ts_product_brand-labo-life-es","13":"first","14":"instock","15":"taxable","16":"shipping-taxable","17":"purchasable","18":"product-type-simple"},"yoast_head":"<!-- This site is optimized with the Yoast SEO plugin v26.5 - https:\/\/yoast.com\/wordpress\/plugins\/seo\/ -->\n<title>Labo Life 2LCHLA &#187; Lion Pharmacy<\/title>\n<meta name=\"description\" content=\"Lion Pharmacy | farmacia en l\u00ednea alemana registrada | Env\u00edo internacional r\u00e1pido | M\u00e1s informaci\u00f3n sobre la microinmunoterapia | Labo Life 2LCHLA.\" \/>\n<meta name=\"robots\" content=\"index, follow, max-snippet:-1, max-image-preview:large, max-video-preview:-1\" \/>\n<link rel=\"canonical\" href=\"https:\/\/lions-pharmacy.com\/es\/producto\/labo-life-2lchla\" \/>\n<meta property=\"og:locale\" content=\"es_ES\" \/>\n<meta property=\"og:type\" content=\"article\" \/>\n<meta property=\"og:title\" content=\"Labo Life 2LCHLA &#187; Lion Pharmacy\" \/>\n<meta property=\"og:description\" content=\"Lion Pharmacy | farmacia en l\u00ednea alemana registrada | Env\u00edo internacional r\u00e1pido | M\u00e1s informaci\u00f3n sobre la microinmunoterapia | Labo Life 2LCHLA.\" \/>\n<meta property=\"og:url\" content=\"https:\/\/lions-pharmacy.com\/es\/producto\/labo-life-2lchla\" \/>\n<meta property=\"og:site_name\" content=\"Lion Pharmacy\" \/>\n<meta property=\"article:modified_time\" content=\"2025-11-29T19:17:32+00:00\" \/>\n<meta property=\"og:image\" content=\"https:\/\/lions-pharmacy.com\/wp-content\/uploads\/2025\/11\/2LCHLA_Labo-Life_Lowen-Apotheke24.webp\" \/>\n\t<meta property=\"og:image:width\" content=\"600\" \/>\n\t<meta property=\"og:image:height\" content=\"600\" \/>\n\t<meta property=\"og:image:type\" content=\"image\/webp\" \/>\n<meta name=\"twitter:card\" content=\"summary_large_image\" \/>\n<meta name=\"twitter:label1\" content=\"Tiempo de lectura\" \/>\n\t<meta name=\"twitter:data1\" content=\"2 minutos\" \/>\n<script type=\"application\/ld+json\" class=\"yoast-schema-graph\">{\"@context\":\"https:\/\/schema.org\",\"@graph\":[{\"@type\":\"WebPage\",\"@id\":\"https:\/\/lions-pharmacy.com\/es\/producto\/labo-life-2lchla\",\"url\":\"https:\/\/lions-pharmacy.com\/es\/producto\/labo-life-2lchla\",\"name\":\"Labo Life 2LCHLA &#187; Lion Pharmacy\",\"isPartOf\":{\"@id\":\"https:\/\/lions-pharmacy.com\/es#website\"},\"primaryImageOfPage\":{\"@id\":\"https:\/\/lions-pharmacy.com\/es\/producto\/labo-life-2lchla#primaryimage\"},\"image\":{\"@id\":\"https:\/\/lions-pharmacy.com\/es\/producto\/labo-life-2lchla#primaryimage\"},\"thumbnailUrl\":\"https:\/\/lions-pharmacy.com\/wp-content\/uploads\/2025\/11\/2LCHLA_Labo-Life_Lowen-Apotheke24.webp\",\"datePublished\":\"2022-12-31T15:47:56+00:00\",\"dateModified\":\"2025-11-29T19:17:32+00:00\",\"description\":\"Lion Pharmacy | farmacia en l\u00ednea alemana registrada | Env\u00edo internacional r\u00e1pido | M\u00e1s informaci\u00f3n sobre la microinmunoterapia | Labo Life 2LCHLA.\",\"breadcrumb\":{\"@id\":\"https:\/\/lions-pharmacy.com\/es\/producto\/labo-life-2lchla#breadcrumb\"},\"inLanguage\":\"es\",\"potentialAction\":[{\"@type\":\"ReadAction\",\"target\":[\"https:\/\/lions-pharmacy.com\/es\/producto\/labo-life-2lchla\"]}]},{\"@type\":\"ImageObject\",\"inLanguage\":\"es\",\"@id\":\"https:\/\/lions-pharmacy.com\/es\/producto\/labo-life-2lchla#primaryimage\",\"url\":\"https:\/\/lions-pharmacy.com\/wp-content\/uploads\/2025\/11\/2LCHLA_Labo-Life_Lowen-Apotheke24.webp\",\"contentUrl\":\"https:\/\/lions-pharmacy.com\/wp-content\/uploads\/2025\/11\/2LCHLA_Labo-Life_Lowen-Apotheke24.webp\",\"width\":600,\"height\":600,\"caption\":\"La imagen muestra un envase Labo Life 2L CHLA, 2LCHLA, Labo-Life, Lions-Pharmacy\"},{\"@type\":\"BreadcrumbList\",\"@id\":\"https:\/\/lions-pharmacy.com\/es\/producto\/labo-life-2lchla#breadcrumb\",\"itemListElement\":[{\"@type\":\"ListItem\",\"position\":1,\"name\":\"Home\",\"item\":\"https:\/\/lions-pharmacy.com\/es\/homepage-lion-pharmacy\"},{\"@type\":\"ListItem\",\"position\":2,\"name\":\"Shop\",\"item\":\"https:\/\/lions-pharmacy.com\/es\/tienda\"},{\"@type\":\"ListItem\",\"position\":3,\"name\":\"Labo Life 2LCHLA\"}]},{\"@type\":\"WebSite\",\"@id\":\"https:\/\/lions-pharmacy.com\/es#website\",\"url\":\"https:\/\/lions-pharmacy.com\/es\",\"name\":\"Lions Pharmacy\",\"description\":\"Farmacia especializada en naturopat\u00eda de Baden-Baden, Alemania\",\"publisher\":{\"@id\":\"https:\/\/lions-pharmacy.com\/es#organization\"},\"alternateName\":\"Lion Pharmacy\",\"potentialAction\":[{\"@type\":\"SearchAction\",\"target\":{\"@type\":\"EntryPoint\",\"urlTemplate\":\"https:\/\/lions-pharmacy.com\/es?s={search_term_string}\"},\"query-input\":{\"@type\":\"PropertyValueSpecification\",\"valueRequired\":true,\"valueName\":\"search_term_string\"}}],\"inLanguage\":\"es\"},{\"@type\":\"Organization\",\"@id\":\"https:\/\/lions-pharmacy.com\/es#organization\",\"name\":\"Lions Pharmacy\",\"alternateName\":\"Lions Pharmacy24\",\"url\":\"https:\/\/lions-pharmacy.com\/es\",\"logo\":{\"@type\":\"ImageObject\",\"inLanguage\":\"es\",\"@id\":\"https:\/\/lions-pharmacy.com\/es#\/schema\/logo\/image\/\",\"url\":\"https:\/\/lions-pharmacy.com\/wp-content\/uploads\/2022\/12\/Logo-Lion-Pharmacy-c-o-Loewen-Apotheke-smal.jpg\",\"contentUrl\":\"https:\/\/lions-pharmacy.com\/wp-content\/uploads\/2022\/12\/Logo-Lion-Pharmacy-c-o-Loewen-Apotheke-smal.jpg\",\"width\":298,\"height\":99,\"caption\":\"Lions Pharmacy\"},\"image\":{\"@id\":\"https:\/\/lions-pharmacy.com\/es#\/schema\/logo\/image\/\"}}]}<\/script>\n<!-- \/ Yoast SEO plugin. -->","yoast_head_json":{"title":"Labo Life 2LCHLA &#187; Lion Pharmacy","description":"Lion Pharmacy | farmacia en l\u00ednea alemana registrada | Env\u00edo internacional r\u00e1pido | M\u00e1s informaci\u00f3n sobre la microinmunoterapia | Labo Life 2LCHLA.","robots":{"index":"index","follow":"follow","max-snippet":"max-snippet:-1","max-image-preview":"max-image-preview:large","max-video-preview":"max-video-preview:-1"},"canonical":"https:\/\/lions-pharmacy.com\/es\/producto\/labo-life-2lchla","og_locale":"es_ES","og_type":"article","og_title":"Labo Life 2LCHLA &#187; Lion Pharmacy","og_description":"Lion Pharmacy | farmacia en l\u00ednea alemana registrada | Env\u00edo internacional r\u00e1pido | M\u00e1s informaci\u00f3n sobre la microinmunoterapia | Labo Life 2LCHLA.","og_url":"https:\/\/lions-pharmacy.com\/es\/producto\/labo-life-2lchla","og_site_name":"Lion Pharmacy","article_modified_time":"2025-11-29T19:17:32+00:00","og_image":[{"width":600,"height":600,"url":"https:\/\/lions-pharmacy.com\/wp-content\/uploads\/2025\/11\/2LCHLA_Labo-Life_Lowen-Apotheke24.webp","type":"image\/webp"}],"twitter_card":"summary_large_image","twitter_misc":{"Tiempo de lectura":"2 minutos"},"schema":{"@context":"https:\/\/schema.org","@graph":[{"@type":"WebPage","@id":"https:\/\/lions-pharmacy.com\/es\/producto\/labo-life-2lchla","url":"https:\/\/lions-pharmacy.com\/es\/producto\/labo-life-2lchla","name":"Labo Life 2LCHLA &#187; Lion Pharmacy","isPartOf":{"@id":"https:\/\/lions-pharmacy.com\/es#website"},"primaryImageOfPage":{"@id":"https:\/\/lions-pharmacy.com\/es\/producto\/labo-life-2lchla#primaryimage"},"image":{"@id":"https:\/\/lions-pharmacy.com\/es\/producto\/labo-life-2lchla#primaryimage"},"thumbnailUrl":"https:\/\/lions-pharmacy.com\/wp-content\/uploads\/2025\/11\/2LCHLA_Labo-Life_Lowen-Apotheke24.webp","datePublished":"2022-12-31T15:47:56+00:00","dateModified":"2025-11-29T19:17:32+00:00","description":"Lion Pharmacy | farmacia en l\u00ednea alemana registrada | Env\u00edo internacional r\u00e1pido | M\u00e1s informaci\u00f3n sobre la microinmunoterapia | Labo Life 2LCHLA.","breadcrumb":{"@id":"https:\/\/lions-pharmacy.com\/es\/producto\/labo-life-2lchla#breadcrumb"},"inLanguage":"es","potentialAction":[{"@type":"ReadAction","target":["https:\/\/lions-pharmacy.com\/es\/producto\/labo-life-2lchla"]}]},{"@type":"ImageObject","inLanguage":"es","@id":"https:\/\/lions-pharmacy.com\/es\/producto\/labo-life-2lchla#primaryimage","url":"https:\/\/lions-pharmacy.com\/wp-content\/uploads\/2025\/11\/2LCHLA_Labo-Life_Lowen-Apotheke24.webp","contentUrl":"https:\/\/lions-pharmacy.com\/wp-content\/uploads\/2025\/11\/2LCHLA_Labo-Life_Lowen-Apotheke24.webp","width":600,"height":600,"caption":"La imagen muestra un envase Labo Life 2L CHLA, 2LCHLA, Labo-Life, Lions-Pharmacy"},{"@type":"BreadcrumbList","@id":"https:\/\/lions-pharmacy.com\/es\/producto\/labo-life-2lchla#breadcrumb","itemListElement":[{"@type":"ListItem","position":1,"name":"Home","item":"https:\/\/lions-pharmacy.com\/es\/homepage-lion-pharmacy"},{"@type":"ListItem","position":2,"name":"Shop","item":"https:\/\/lions-pharmacy.com\/es\/tienda"},{"@type":"ListItem","position":3,"name":"Labo Life 2LCHLA"}]},{"@type":"WebSite","@id":"https:\/\/lions-pharmacy.com\/es#website","url":"https:\/\/lions-pharmacy.com\/es","name":"Lions Pharmacy","description":"Farmacia especializada en naturopat\u00eda de Baden-Baden, Alemania","publisher":{"@id":"https:\/\/lions-pharmacy.com\/es#organization"},"alternateName":"Lion Pharmacy","potentialAction":[{"@type":"SearchAction","target":{"@type":"EntryPoint","urlTemplate":"https:\/\/lions-pharmacy.com\/es?s={search_term_string}"},"query-input":{"@type":"PropertyValueSpecification","valueRequired":true,"valueName":"search_term_string"}}],"inLanguage":"es"},{"@type":"Organization","@id":"https:\/\/lions-pharmacy.com\/es#organization","name":"Lions Pharmacy","alternateName":"Lions Pharmacy24","url":"https:\/\/lions-pharmacy.com\/es","logo":{"@type":"ImageObject","inLanguage":"es","@id":"https:\/\/lions-pharmacy.com\/es#\/schema\/logo\/image\/","url":"https:\/\/lions-pharmacy.com\/wp-content\/uploads\/2022\/12\/Logo-Lion-Pharmacy-c-o-Loewen-Apotheke-smal.jpg","contentUrl":"https:\/\/lions-pharmacy.com\/wp-content\/uploads\/2022\/12\/Logo-Lion-Pharmacy-c-o-Loewen-Apotheke-smal.jpg","width":298,"height":99,"caption":"Lions Pharmacy"},"image":{"@id":"https:\/\/lions-pharmacy.com\/es#\/schema\/logo\/image\/"}}]}},"_links":{"self":[{"href":"https:\/\/lions-pharmacy.com\/es\/wp-json\/wp\/v2\/product\/1787","targetHints":{"allow":["GET"]}}],"collection":[{"href":"https:\/\/lions-pharmacy.com\/es\/wp-json\/wp\/v2\/product"}],"about":[{"href":"https:\/\/lions-pharmacy.com\/es\/wp-json\/wp\/v2\/types\/product"}],"replies":[{"embeddable":true,"href":"https:\/\/lions-pharmacy.com\/es\/wp-json\/wp\/v2\/comments?post=1787"}],"wp:featuredmedia":[{"embeddable":true,"href":"https:\/\/lions-pharmacy.com\/es\/wp-json\/wp\/v2\/media\/17392"}],"wp:attachment":[{"href":"https:\/\/lions-pharmacy.com\/es\/wp-json\/wp\/v2\/media?parent=1787"}],"wp:term":[{"taxonomy":"product_brand","embeddable":true,"href":"https:\/\/lions-pharmacy.com\/es\/wp-json\/wp\/v2\/product_brand?post=1787"},{"taxonomy":"product_cat","embeddable":true,"href":"https:\/\/lions-pharmacy.com\/es\/wp-json\/wp\/v2\/product_cat?post=1787"},{"taxonomy":"product_tag","embeddable":true,"href":"https:\/\/lions-pharmacy.com\/es\/wp-json\/wp\/v2\/product_tag?post=1787"}],"curies":[{"name":"wp","href":"https:\/\/api.w.org\/{rel}","templated":true}]}}