{"id":17245,"date":"2025-11-27T20:07:32","date_gmt":"2025-11-27T19:07:32","guid":{"rendered":"https:\/\/lions-pharmacy.com\/?post_type=product&#038;p=17245"},"modified":"2025-12-13T10:12:42","modified_gmt":"2025-12-13T09:12:42","slug":"zinzino-balancetest-starter-set","status":"publish","type":"product","link":"https:\/\/lions-pharmacy.com\/es\/producto\/zinzino-balancetest-starter-set","title":{"rendered":"Set de inicio ZINZINO BalanceTest"},"content":{"rendered":"<h3>ZINZINO BalanceTest Set y extras incluidos<\/h3>\n<p>El ZINZINO BalanceTest es un sencillo autotest para el an\u00e1lisis de \u00e1cidos grasos en sangre capilar, que se extrae de la yema del dedo mediante el m\u00e9todo de la mancha de sangre seca (DBS). Se ha demostrado cient\u00edficamente que una prueba ECP es tan exacta como una muestra de sangre venosa para el an\u00e1lisis de los \u00e1cidos grasos. Basta con unas gotas de sangre de la yema del dedo sobre un papel de filtro Whatman\u00ae, un proceso que dura menos de un minuto.<\/p>\n<p>En este set ya est\u00e1 incluido BalanceOil+ Naranja 100 ml y una llamada al servicio de asesoramiento.<\/p>\n<p>Acerca de BalanceTest, autodiagn\u00f3stico de sangre seca f\u00e1cil de usar:<\/p>\n<p>Mide 11 \u00e1cidos grasos en tu sangre<br \/>\nProporciona informaci\u00f3n sobre tu equilibrio omega 6:3<br \/>\nLa prueba mide 11 \u00e1cidos grasos, incluidos los saturados, monoinsaturados (omega-9) y poliinsaturados (omega-6 y omega-3). Los valores individuales de \u00e1cidos grasos se muestran en la tabla y se expresan como porcentaje del total de \u00e1cidos grasos medidos. A efectos de comparaci\u00f3n en la tabla, se presenta como valor objetivo el intervalo medio de cada \u00e1cido graso (basado en datos obtenidos de un gran grupo de individuos equilibrados). Se miden los siguientes \u00e1cidos grasos:<\/p>\n<p>\u00c1cido palm\u00edtico, C16:0, \u00e1cido graso saturado<br \/>\n\u00c1cido este\u00e1rico, C18:0, \u00e1cido graso saturado<br \/>\n\u00c1cido oleico, C18:1, omega-9<br \/>\n\u00c1cido Linol\u00e9nico, C18:2, Omega-6<br \/>\n\u00c1cido alfa-linol\u00e9nico, C18:3, omega-3<br \/>\n\u00c1cido gamma-linol\u00e9nico, C18:3, omega-6<br \/>\n\u00c1cido dihomogamma-linol\u00e9nico, C20:3, omega-6<br \/>\n\u00c1cido araquid\u00f3nico (AA), C20:4, omega-6<br \/>\n\u00c1cido eicosapentaenoico (EPA), C20:5, omega-3<br \/>\n\u00c1cido docosapentaenoico (DPA), C22:5, omega-3<br \/>\n\u00c1cido docosahexenoico (DHA), C22:6, omega-3<\/p>\n<p>Puedes encontrar notas e informaci\u00f3n sobre la aplicaci\u00f3n en el fabricante <a href=\"https:\/\/www.zinzino.com\/shop\/2020602041\/AT\/de-DE\/products\/shop\/home-health-tests\/309000\/\">Zinzino<\/a>.<\/p>\n<p>Servicio incluido. La farmac\u00e9utica, la Dra. Sandra Hoff, y su equipo estar\u00e1n encantados de asesorarte personalmente sobre Zinzino y los resultados del autotest a trav\u00e9s de una llamada\/videollamada de 10-15 minutos.<\/p>\n<h3>Detalles del producto e informaci\u00f3n obligatoria<\/h3>\n<p>Prospecto: &#8211; (lector de PDF) e Informaci\u00f3n alimentaria.<\/p>\n<p>Ingredientes: Kit de an\u00e1lisis de sangre<\/p>\n<p>M\u00e1s informaci\u00f3n sobre el fabricante y este producto: <a href=\"https:\/\/www.zinzino.com\/shop\/2020602041\/AT\/de-DE\/products\/shop\/home-health-tests\/309000\/\">Zinzino<\/a> (enlace a un sitio web externo)<\/p>\n<p>La informaci\u00f3n contenida en este sitio web se facilita \u00fanicamente con fines informativos. En ning\u00fan caso sustituyen al examen y tratamiento por un m\u00e9dico. Tenga en cuenta que esto significa que no se pueden hacer diagn\u00f3sticos ni iniciar terapias. Importaci\u00f3n \u00fanica &#8211; Importamos este medicamento por ti. El resultado es un plazo de entrega m\u00e1s largo. Se excluyen las devoluciones de importaciones individuales.<\/p>\n<p>Para conocer los riesgos y efectos secundarios, lea el prospecto y consulte a su m\u00e9dico o farmac\u00e9utico.<\/p>\n<h4><\/h4>\n<h3>Consejo experto de la farmacia:<\/h3>\n<p>Nuestro farmac\u00e9utico recomienda lo siguiente para la longevidad, la concentraci\u00f3n y el estr\u00e9s: <a href=\"https:\/\/lions-pharmacy.com\/es\/producto\/neurapas-balance-100-uds-4150014981430\">Neurapas equilibrio<\/a> &#8211; de eficacia probada y espec\u00edfica.<\/p>\n<p>Otros productos para la aplicaci\u00f3n: <a href=\"https:\/\/lions-pharmacy.com\/es\/etiqueta-producto\/vitaminas-y-suplementos\">Vitaminas y complementos<\/a> | <a href=\"https:\/\/lions-pharmacy.com\/es\/etiqueta-producto\/remedios-naturales\" rel=\"tag\">Remedios naturales<\/a> | <a href=\"https:\/\/lions-pharmacy.com\/es\/etiqueta-producto\/bienestar\" rel=\"tag\">Bienestar<\/a><\/p>\n<h3>\u00bfPreguntas sobre el producto? \u00a1Estamos a tu disposici\u00f3n!<\/h3>\n<p>Nuestra farmac\u00e9utica responsable, la Dra. Sandra Hoff, y su equipo estar\u00e1n encantados de asesorarte personalmente, por tel\u00e9fono o correo electr\u00f3nico. Como aut\u00e9ntica farmacia local y farmacia autorizada de venta por correspondencia, te ofrecemos un apoyo competente, especialmente en los \u00e1mbitos de <a href=\"https:\/\/lions-pharmacy.com\/es\/etiqueta-producto\/remedios-naturales\">la naturopat\u00eda<\/a> y <a href=\"https:\/\/lions-pharmacy.com\/es\/etiqueta-producto\/vitaminas-y-suplementos\">los complementos diet\u00e9ticos<\/a>. Puedes encontrar nuestra autorizaci\u00f3n como entrada en el <a href=\"https:\/\/versandhandel.dimdi.de\/websearch\/servlet\/Gate;jsessionid=0D29D15655BE1174E9178A340E8FE6BC?accessid=dimdi_var&amp;term=3c387956690121ccc8763184f052b93f\" target=\"_blank\" rel=\"noopener\">registro de pedidos por correo<\/a>.<\/p>\n<h3>Canjear una receta o receta electr\u00f3nica:<\/h3>\n<p>\u00bfTienes receta o receta electr\u00f3nica? Env\u00edala c\u00f3modamente a trav\u00e9s de nuestra aplicaci\u00f3n <a href=\"https:\/\/e-rezept-app.de\/shop-rezept\" target=\"_blank\" rel=\"noopener\">de receta electr\u00f3nica<\/a>; tambi\u00e9n son posibles las recetas privadas para aut\u00f3nomos. R\u00e1pido, seguro y f\u00e1cil.<\/p>\n","protected":false},"excerpt":{"rendered":"<h2>Set de inicio ZINZINO BalanceTest<\/h2>\n<p>El autotest de sangre seca proporciona informaci\u00f3n sobre tu equilibrio omega-6:3. BalanceOil+ Naranja 100 ml y un servicio de asesoramiento incluido.<br \/>\nAn\u00e1lisis personal de las pruebas por el farmac\u00e9utico a trav\u00e9s de llamada\/v\u00eddeo Llamada incluida.<\/p>\n<p>&nbsp;<\/p>\n<p><strong>PZN<\/strong>: &#8211;<\/p>\n<p><strong>Forma de dosificaci\u00f3n<\/strong>: Kit de an\u00e1lisis e incluye el an\u00e1lisis personal del farmac\u00e9utico<\/p>\n<p><strong>Tipo de receta<\/strong>: sin receta<\/p>\n<p><strong>Marca<\/strong>: Zinzino<\/p>\n<p><strong>Fabricante<\/strong>: Zinzino AB, Gotenbourg, Suecia.<\/p>\n<p><strong>Presentaci\u00f3n<\/strong>: 1 BalanceTest + 1 BalanceOil+ Naranja 100ml + Llamada de asesoramiento<\/p>\n","protected":false},"featured_media":21506,"comment_status":"closed","ping_status":"closed","template":"","meta":[],"product_brand":[],"product_cat":[125,116],"product_tag":[299,273,490,516,904,275,488,272],"class_list":{"0":"post-17245","1":"product","2":"type-product","3":"status-publish","4":"has-post-thumbnail","6":"product_cat-sale-es","7":"product_cat-sin-categorizar","8":"product_tag-concentracion-y-estres","9":"product_tag-control-de-peso","10":"product_tag-ingrediente-activo-a-base-de-hierbas","11":"product_tag-ingrediente-activo-de-origen-vegetal","12":"product_tag-longevidad","13":"product_tag-peso-y-forma-fisica","14":"product_tag-remedios-naturales","15":"product_tag-vitaminas-y-suplementos","16":"ts_product_brand-all-es","18":"first","19":"instock","20":"sold-individually","21":"taxable","22":"shipping-taxable","23":"purchasable","24":"product-type-simple"},"yoast_head":"<!-- This site is optimized with the Yoast SEO plugin v26.5 - https:\/\/yoast.com\/wordpress\/plugins\/seo\/ -->\n<title>Set de inicio ZINZINO BalanceTest &#187; empieza con nosotros aqu\u00ed<\/title>\n<meta name=\"description\" content=\"Set: Autocomprobaci\u00f3n del equilibrio de Omega-3 y BalanceOil Naranja 100 ml y an\u00e1lisis personal del resultado de la prueba mediante llamada. M\u00e1s informaci\u00f3n sobre Set de inicio ZINZINO BalanceTest.\" \/>\n<meta name=\"robots\" content=\"index, follow, max-snippet:-1, max-image-preview:large, max-video-preview:-1\" \/>\n<link rel=\"canonical\" href=\"https:\/\/lions-pharmacy.com\/es\/producto\/zinzino-balancetest-starter-set\" \/>\n<meta property=\"og:locale\" content=\"es_ES\" \/>\n<meta property=\"og:type\" content=\"article\" \/>\n<meta property=\"og:title\" content=\"Set de inicio ZINZINO BalanceTest &#187; empieza con nosotros aqu\u00ed\" \/>\n<meta property=\"og:description\" content=\"Set: Autocomprobaci\u00f3n del equilibrio de Omega-3 y BalanceOil Naranja 100 ml y an\u00e1lisis personal del resultado de la prueba mediante llamada. M\u00e1s informaci\u00f3n sobre Set de inicio ZINZINO BalanceTest.\" \/>\n<meta property=\"og:url\" content=\"https:\/\/lions-pharmacy.com\/es\/producto\/zinzino-balancetest-starter-set\" \/>\n<meta property=\"og:site_name\" content=\"Lion Pharmacy\" \/>\n<meta property=\"article:modified_time\" content=\"2025-12-13T09:12:42+00:00\" \/>\n<meta property=\"og:image\" content=\"https:\/\/lions-pharmacy.com\/wp-content\/uploads\/2025\/11\/Zinzino-Balancetest-and-Balanceoil-100-ml-Starterset.webp\" \/>\n\t<meta property=\"og:image:width\" content=\"600\" \/>\n\t<meta property=\"og:image:height\" content=\"600\" \/>\n\t<meta property=\"og:image:type\" content=\"image\/webp\" \/>\n<meta name=\"twitter:card\" content=\"summary_large_image\" \/>\n<meta name=\"twitter:label1\" content=\"Tiempo de lectura\" \/>\n\t<meta name=\"twitter:data1\" content=\"3 minutos\" \/>\n<script type=\"application\/ld+json\" class=\"yoast-schema-graph\">{\"@context\":\"https:\/\/schema.org\",\"@graph\":[{\"@type\":\"WebPage\",\"@id\":\"https:\/\/lions-pharmacy.com\/es\/producto\/zinzino-balancetest-starter-set\",\"url\":\"https:\/\/lions-pharmacy.com\/es\/producto\/zinzino-balancetest-starter-set\",\"name\":\"Set de inicio ZINZINO BalanceTest &#187; empieza con nosotros aqu\u00ed\",\"isPartOf\":{\"@id\":\"https:\/\/lions-pharmacy.com\/es#website\"},\"primaryImageOfPage\":{\"@id\":\"https:\/\/lions-pharmacy.com\/es\/producto\/zinzino-balancetest-starter-set#primaryimage\"},\"image\":{\"@id\":\"https:\/\/lions-pharmacy.com\/es\/producto\/zinzino-balancetest-starter-set#primaryimage\"},\"thumbnailUrl\":\"https:\/\/lions-pharmacy.com\/wp-content\/uploads\/2025\/11\/Zinzino-Balancetest-and-Balanceoil-100-ml-as-a-Starter-Set-Pharmacy-Lions-Pharmacy.webp\",\"datePublished\":\"2025-11-27T19:07:32+00:00\",\"dateModified\":\"2025-12-13T09:12:42+00:00\",\"description\":\"Set: Autocomprobaci\u00f3n del equilibrio de Omega-3 y BalanceOil Naranja 100 ml y an\u00e1lisis personal del resultado de la prueba mediante llamada. M\u00e1s informaci\u00f3n sobre Set de inicio ZINZINO BalanceTest.\",\"breadcrumb\":{\"@id\":\"https:\/\/lions-pharmacy.com\/es\/producto\/zinzino-balancetest-starter-set#breadcrumb\"},\"inLanguage\":\"es\",\"potentialAction\":[{\"@type\":\"ReadAction\",\"target\":[\"https:\/\/lions-pharmacy.com\/es\/producto\/zinzino-balancetest-starter-set\"]}]},{\"@type\":\"ImageObject\",\"inLanguage\":\"es\",\"@id\":\"https:\/\/lions-pharmacy.com\/es\/producto\/zinzino-balancetest-starter-set#primaryimage\",\"url\":\"https:\/\/lions-pharmacy.com\/wp-content\/uploads\/2025\/11\/Zinzino-Balancetest-and-Balanceoil-100-ml-as-a-Starter-Set-Pharmacy-Lions-Pharmacy.webp\",\"contentUrl\":\"https:\/\/lions-pharmacy.com\/wp-content\/uploads\/2025\/11\/Zinzino-Balancetest-and-Balanceoil-100-ml-as-a-Starter-Set-Pharmacy-Lions-Pharmacy.webp\",\"width\":600,\"height\":600,\"caption\":\"Zinzino Balancetest and Balanceoil 100 ml as a Starter Set Pharmacy, Lions-Pharmacy\"},{\"@type\":\"BreadcrumbList\",\"@id\":\"https:\/\/lions-pharmacy.com\/es\/producto\/zinzino-balancetest-starter-set#breadcrumb\",\"itemListElement\":[{\"@type\":\"ListItem\",\"position\":1,\"name\":\"Home\",\"item\":\"https:\/\/lions-pharmacy.com\/es\/homepage-lion-pharmacy\"},{\"@type\":\"ListItem\",\"position\":2,\"name\":\"Shop\",\"item\":\"https:\/\/lions-pharmacy.com\/es\/tienda\"},{\"@type\":\"ListItem\",\"position\":3,\"name\":\"Set de inicio ZINZINO BalanceTest\"}]},{\"@type\":\"WebSite\",\"@id\":\"https:\/\/lions-pharmacy.com\/es#website\",\"url\":\"https:\/\/lions-pharmacy.com\/es\",\"name\":\"Lions Pharmacy\",\"description\":\"Farmacia especializada en naturopat\u00eda de Baden-Baden, Alemania\",\"publisher\":{\"@id\":\"https:\/\/lions-pharmacy.com\/es#organization\"},\"alternateName\":\"Lion Pharmacy\",\"potentialAction\":[{\"@type\":\"SearchAction\",\"target\":{\"@type\":\"EntryPoint\",\"urlTemplate\":\"https:\/\/lions-pharmacy.com\/es?s={search_term_string}\"},\"query-input\":{\"@type\":\"PropertyValueSpecification\",\"valueRequired\":true,\"valueName\":\"search_term_string\"}}],\"inLanguage\":\"es\"},{\"@type\":\"Organization\",\"@id\":\"https:\/\/lions-pharmacy.com\/es#organization\",\"name\":\"Lions Pharmacy\",\"alternateName\":\"Lions Pharmacy24\",\"url\":\"https:\/\/lions-pharmacy.com\/es\",\"logo\":{\"@type\":\"ImageObject\",\"inLanguage\":\"es\",\"@id\":\"https:\/\/lions-pharmacy.com\/es#\/schema\/logo\/image\/\",\"url\":\"https:\/\/lions-pharmacy.com\/wp-content\/uploads\/2022\/12\/Logo-Lion-Pharmacy-c-o-Loewen-Apotheke-smal.jpg\",\"contentUrl\":\"https:\/\/lions-pharmacy.com\/wp-content\/uploads\/2022\/12\/Logo-Lion-Pharmacy-c-o-Loewen-Apotheke-smal.jpg\",\"width\":298,\"height\":99,\"caption\":\"Lions Pharmacy\"},\"image\":{\"@id\":\"https:\/\/lions-pharmacy.com\/es#\/schema\/logo\/image\/\"}}]}<\/script>\n<!-- \/ Yoast SEO plugin. -->","yoast_head_json":{"title":"Set de inicio ZINZINO BalanceTest &#187; empieza con nosotros aqu\u00ed","description":"Set: Autocomprobaci\u00f3n del equilibrio de Omega-3 y BalanceOil Naranja 100 ml y an\u00e1lisis personal del resultado de la prueba mediante llamada. M\u00e1s informaci\u00f3n sobre Set de inicio ZINZINO BalanceTest.","robots":{"index":"index","follow":"follow","max-snippet":"max-snippet:-1","max-image-preview":"max-image-preview:large","max-video-preview":"max-video-preview:-1"},"canonical":"https:\/\/lions-pharmacy.com\/es\/producto\/zinzino-balancetest-starter-set","og_locale":"es_ES","og_type":"article","og_title":"Set de inicio ZINZINO BalanceTest &#187; empieza con nosotros aqu\u00ed","og_description":"Set: Autocomprobaci\u00f3n del equilibrio de Omega-3 y BalanceOil Naranja 100 ml y an\u00e1lisis personal del resultado de la prueba mediante llamada. M\u00e1s informaci\u00f3n sobre Set de inicio ZINZINO BalanceTest.","og_url":"https:\/\/lions-pharmacy.com\/es\/producto\/zinzino-balancetest-starter-set","og_site_name":"Lion Pharmacy","article_modified_time":"2025-12-13T09:12:42+00:00","og_image":[{"width":600,"height":600,"url":"https:\/\/lions-pharmacy.com\/wp-content\/uploads\/2025\/11\/Zinzino-Balancetest-and-Balanceoil-100-ml-Starterset.webp","type":"image\/webp"}],"twitter_card":"summary_large_image","twitter_misc":{"Tiempo de lectura":"3 minutos"},"schema":{"@context":"https:\/\/schema.org","@graph":[{"@type":"WebPage","@id":"https:\/\/lions-pharmacy.com\/es\/producto\/zinzino-balancetest-starter-set","url":"https:\/\/lions-pharmacy.com\/es\/producto\/zinzino-balancetest-starter-set","name":"Set de inicio ZINZINO BalanceTest &#187; empieza con nosotros aqu\u00ed","isPartOf":{"@id":"https:\/\/lions-pharmacy.com\/es#website"},"primaryImageOfPage":{"@id":"https:\/\/lions-pharmacy.com\/es\/producto\/zinzino-balancetest-starter-set#primaryimage"},"image":{"@id":"https:\/\/lions-pharmacy.com\/es\/producto\/zinzino-balancetest-starter-set#primaryimage"},"thumbnailUrl":"https:\/\/lions-pharmacy.com\/wp-content\/uploads\/2025\/11\/Zinzino-Balancetest-and-Balanceoil-100-ml-as-a-Starter-Set-Pharmacy-Lions-Pharmacy.webp","datePublished":"2025-11-27T19:07:32+00:00","dateModified":"2025-12-13T09:12:42+00:00","description":"Set: Autocomprobaci\u00f3n del equilibrio de Omega-3 y BalanceOil Naranja 100 ml y an\u00e1lisis personal del resultado de la prueba mediante llamada. M\u00e1s informaci\u00f3n sobre Set de inicio ZINZINO BalanceTest.","breadcrumb":{"@id":"https:\/\/lions-pharmacy.com\/es\/producto\/zinzino-balancetest-starter-set#breadcrumb"},"inLanguage":"es","potentialAction":[{"@type":"ReadAction","target":["https:\/\/lions-pharmacy.com\/es\/producto\/zinzino-balancetest-starter-set"]}]},{"@type":"ImageObject","inLanguage":"es","@id":"https:\/\/lions-pharmacy.com\/es\/producto\/zinzino-balancetest-starter-set#primaryimage","url":"https:\/\/lions-pharmacy.com\/wp-content\/uploads\/2025\/11\/Zinzino-Balancetest-and-Balanceoil-100-ml-as-a-Starter-Set-Pharmacy-Lions-Pharmacy.webp","contentUrl":"https:\/\/lions-pharmacy.com\/wp-content\/uploads\/2025\/11\/Zinzino-Balancetest-and-Balanceoil-100-ml-as-a-Starter-Set-Pharmacy-Lions-Pharmacy.webp","width":600,"height":600,"caption":"Zinzino Balancetest and Balanceoil 100 ml as a Starter Set Pharmacy, Lions-Pharmacy"},{"@type":"BreadcrumbList","@id":"https:\/\/lions-pharmacy.com\/es\/producto\/zinzino-balancetest-starter-set#breadcrumb","itemListElement":[{"@type":"ListItem","position":1,"name":"Home","item":"https:\/\/lions-pharmacy.com\/es\/homepage-lion-pharmacy"},{"@type":"ListItem","position":2,"name":"Shop","item":"https:\/\/lions-pharmacy.com\/es\/tienda"},{"@type":"ListItem","position":3,"name":"Set de inicio ZINZINO BalanceTest"}]},{"@type":"WebSite","@id":"https:\/\/lions-pharmacy.com\/es#website","url":"https:\/\/lions-pharmacy.com\/es","name":"Lions Pharmacy","description":"Farmacia especializada en naturopat\u00eda de Baden-Baden, Alemania","publisher":{"@id":"https:\/\/lions-pharmacy.com\/es#organization"},"alternateName":"Lion Pharmacy","potentialAction":[{"@type":"SearchAction","target":{"@type":"EntryPoint","urlTemplate":"https:\/\/lions-pharmacy.com\/es?s={search_term_string}"},"query-input":{"@type":"PropertyValueSpecification","valueRequired":true,"valueName":"search_term_string"}}],"inLanguage":"es"},{"@type":"Organization","@id":"https:\/\/lions-pharmacy.com\/es#organization","name":"Lions Pharmacy","alternateName":"Lions Pharmacy24","url":"https:\/\/lions-pharmacy.com\/es","logo":{"@type":"ImageObject","inLanguage":"es","@id":"https:\/\/lions-pharmacy.com\/es#\/schema\/logo\/image\/","url":"https:\/\/lions-pharmacy.com\/wp-content\/uploads\/2022\/12\/Logo-Lion-Pharmacy-c-o-Loewen-Apotheke-smal.jpg","contentUrl":"https:\/\/lions-pharmacy.com\/wp-content\/uploads\/2022\/12\/Logo-Lion-Pharmacy-c-o-Loewen-Apotheke-smal.jpg","width":298,"height":99,"caption":"Lions Pharmacy"},"image":{"@id":"https:\/\/lions-pharmacy.com\/es#\/schema\/logo\/image\/"}}]}},"_links":{"self":[{"href":"https:\/\/lions-pharmacy.com\/es\/wp-json\/wp\/v2\/product\/17245","targetHints":{"allow":["GET"]}}],"collection":[{"href":"https:\/\/lions-pharmacy.com\/es\/wp-json\/wp\/v2\/product"}],"about":[{"href":"https:\/\/lions-pharmacy.com\/es\/wp-json\/wp\/v2\/types\/product"}],"replies":[{"embeddable":true,"href":"https:\/\/lions-pharmacy.com\/es\/wp-json\/wp\/v2\/comments?post=17245"}],"wp:featuredmedia":[{"embeddable":true,"href":"https:\/\/lions-pharmacy.com\/es\/wp-json\/wp\/v2\/media\/21506"}],"wp:attachment":[{"href":"https:\/\/lions-pharmacy.com\/es\/wp-json\/wp\/v2\/media?parent=17245"}],"wp:term":[{"taxonomy":"product_brand","embeddable":true,"href":"https:\/\/lions-pharmacy.com\/es\/wp-json\/wp\/v2\/product_brand?post=17245"},{"taxonomy":"product_cat","embeddable":true,"href":"https:\/\/lions-pharmacy.com\/es\/wp-json\/wp\/v2\/product_cat?post=17245"},{"taxonomy":"product_tag","embeddable":true,"href":"https:\/\/lions-pharmacy.com\/es\/wp-json\/wp\/v2\/product_tag?post=17245"}],"curies":[{"name":"wp","href":"https:\/\/api.w.org\/{rel}","templated":true}]}}