{"id":17206,"date":"2025-11-27T11:23:41","date_gmt":"2025-11-27T10:23:41","guid":{"rendered":"https:\/\/lions-pharmacy.com\/?post_type=product&#038;p=17206"},"modified":"2025-12-11T07:19:50","modified_gmt":"2025-12-11T06:19:50","slug":"vigantolvit-1000-i-u-vitamin-d3-200-pcs-4150131556900","status":"publish","type":"product","link":"https:\/\/lions-pharmacy.com\/es\/producto\/vigantolvit-1000-i-u-vitamin-d3-200-pcs-4150131556900","title":{"rendered":"VIGANTOLVIT 1000 U.I. Vitamina D3 (200 uds.)"},"content":{"rendered":"<h3>VIGANTOLVIT 1000 U.I. Vitamina D3<\/h3>\n<p>VIGANTOLVIT 1000 UI con vitamina D3 para mantener el equilibrio normal de vitamina D y apoyar el sistema inmunitario para el funcionamiento normal de huesos y m\u00fasculos<\/p>\n<p>Ingredientes: Contiene triglic\u00e9ridos de cadena media (de aceite de coco y de palma), gelatina bovina, agente reafirmante: glicerina, antioxidante: alfa-tocoferol, colecalciferol (vitamina D3).<\/p>\n<p>Modo de empleo: Ingiere una c\u00e1psula 1 vez al d\u00eda con suficiente l\u00edquido con una comida.<\/p>\n<p>La informaci\u00f3n contenida en este sitio web se facilita \u00fanicamente con fines informativos. En ning\u00fan caso sustituyen al examen y tratamiento por un m\u00e9dico. Tenga en cuenta que esto significa que no se pueden hacer diagn\u00f3sticos ni iniciar terapias. Nota sobre el uso y la utilizaci\u00f3n: La informaci\u00f3n proporcionada en este sitio web es s\u00f3lo para informaci\u00f3n general y no sustituye al consejo, diagn\u00f3stico o tratamiento profesional de un m\u00e9dico. Los complementos alimenticios no sustituyen a una dieta equilibrada y variada ni a un estilo de vida sano.<\/p>\n<p>Para conocer los riesgos y efectos secundarios, lea el prospecto y consulte a su m\u00e9dico o farmac\u00e9utico.<\/p>\n<p>Otros clientes tambi\u00e9n estaban interesados en productos relacionados <a href=\"https:\/\/lions-pharmacy.com\/es\/etiqueta-producto\/vitaminas-y-suplementos\">Complementos alimenticios<\/a> | <a href=\"https:\/\/lions-pharmacy.com\/es\/etiqueta-producto\/longevidad\">longevidad<\/a><\/p>\n<h3 style=\"text-align: left;\">Prescripci\u00f3n | \u00bfReceta electr\u00f3nica disponible?<\/h3>\n<p>Env\u00ede su receta electr\u00f3nica ahora. Utilice nuestra aplicaci\u00f3n <a href=\"https:\/\/e-rezept-app.de\/shop-rezept\" target=\"_blank\" rel=\"noopener\">de recetas electr\u00f3nicas<\/a> . \u00a1Y te damos los gastos de env\u00edo gratis en Alemania!<\/p>\n","protected":false},"excerpt":{"rendered":"<h2>VIGANTOLVIT 1000 U.I. Vitamina D3<\/h2>\n<div class=\"rating__wrap\">\n<p><strong>PZN: <\/strong>13155690 (N\u00famero central de farmacia)<\/p>\n<p><strong>Forma farmac\u00e9utica<\/strong>: comprimidos<\/p>\n<p><strong>Tipo de regulaci\u00f3n:<\/strong> Sin receta<\/p>\n<p><strong>Marca<\/strong>: VIGANTOLVIT<\/p>\n<p><strong>Fabricante<\/strong>: WICK Pharma, 65824 Schwalbach am Taunus, Alemania<\/p>\n<\/div>\n","protected":false},"featured_media":17211,"comment_status":"closed","ping_status":"closed","template":"","meta":[],"product_brand":[],"product_cat":[125,116],"product_tag":[274,273,904,275,272],"class_list":{"0":"post-17206","1":"product","2":"type-product","3":"status-publish","4":"has-post-thumbnail","6":"product_cat-sale-es","7":"product_cat-sin-categorizar","8":"product_tag-bienestar","9":"product_tag-control-de-peso","10":"product_tag-longevidad","11":"product_tag-peso-y-forma-fisica","12":"product_tag-vitaminas-y-suplementos","13":"ts_product_brand-all-es","15":"first","16":"instock","17":"featured","18":"taxable","19":"shipping-taxable","20":"purchasable","21":"product-type-simple"},"yoast_head":"<!-- This site is optimized with the Yoast SEO plugin v26.5 - https:\/\/yoast.com\/wordpress\/plugins\/seo\/ -->\n<title>VIGANTOLVIT 1000 U.I. Vitamina D3 (200 uds.) &#187; Haz tu pedido aqu\u00ed.<\/title>\n<meta name=\"description\" content=\"VIGANTOLVIT 1000 U.I. Vitamina D3 (200 uds.). Fabricante: Wick. Entregado desde su farmacia en l\u00ednea alemana. Env\u00edo r\u00e1pido. Servicio de primera.\" \/>\n<meta name=\"robots\" content=\"index, follow, max-snippet:-1, max-image-preview:large, max-video-preview:-1\" \/>\n<link rel=\"canonical\" href=\"https:\/\/lions-pharmacy.com\/es\/producto\/vigantolvit-1000-i-u-vitamin-d3-200-pcs-4150131556900\" \/>\n<meta property=\"og:locale\" content=\"es_ES\" \/>\n<meta property=\"og:type\" content=\"article\" \/>\n<meta property=\"og:title\" content=\"VIGANTOLVIT 1000 U.I. Vitamina D3 (200 uds.) &#187; Haz tu pedido aqu\u00ed.\" \/>\n<meta property=\"og:description\" content=\"VIGANTOLVIT 1000 U.I. Vitamina D3 (200 uds.). Fabricante: Wick. Entregado desde su farmacia en l\u00ednea alemana. Env\u00edo r\u00e1pido. Servicio de primera.\" \/>\n<meta property=\"og:url\" content=\"https:\/\/lions-pharmacy.com\/es\/producto\/vigantolvit-1000-i-u-vitamin-d3-200-pcs-4150131556900\" \/>\n<meta property=\"og:site_name\" content=\"Lion Pharmacy\" \/>\n<meta property=\"article:modified_time\" content=\"2025-12-11T06:19:50+00:00\" \/>\n<meta property=\"og:image\" content=\"https:\/\/lions-pharmacy.com\/wp-content\/uploads\/2025\/11\/VIGANTOLVIT-1000-I.E.-Vitamin-D3-Lowen-Apotheke-Lions-Pharmacy.webp\" \/>\n\t<meta property=\"og:image:width\" content=\"600\" \/>\n\t<meta property=\"og:image:height\" content=\"600\" \/>\n\t<meta property=\"og:image:type\" content=\"image\/webp\" \/>\n<meta name=\"twitter:card\" content=\"summary_large_image\" \/>\n<meta name=\"twitter:label1\" content=\"Tiempo de lectura\" \/>\n\t<meta name=\"twitter:data1\" content=\"1 minuto\" \/>\n<script type=\"application\/ld+json\" class=\"yoast-schema-graph\">{\"@context\":\"https:\/\/schema.org\",\"@graph\":[{\"@type\":\"WebPage\",\"@id\":\"https:\/\/lions-pharmacy.com\/es\/producto\/vigantolvit-1000-i-u-vitamin-d3-200-pcs-4150131556900\",\"url\":\"https:\/\/lions-pharmacy.com\/es\/producto\/vigantolvit-1000-i-u-vitamin-d3-200-pcs-4150131556900\",\"name\":\"VIGANTOLVIT 1000 U.I. Vitamina D3 (200 uds.) &#187; Haz tu pedido aqu\u00ed.\",\"isPartOf\":{\"@id\":\"https:\/\/lions-pharmacy.com\/es#website\"},\"primaryImageOfPage\":{\"@id\":\"https:\/\/lions-pharmacy.com\/es\/producto\/vigantolvit-1000-i-u-vitamin-d3-200-pcs-4150131556900#primaryimage\"},\"image\":{\"@id\":\"https:\/\/lions-pharmacy.com\/es\/producto\/vigantolvit-1000-i-u-vitamin-d3-200-pcs-4150131556900#primaryimage\"},\"thumbnailUrl\":\"https:\/\/lions-pharmacy.com\/wp-content\/uploads\/2025\/11\/VIGANTOLVIT-1000-I.E.-Vitamin-D3-Lowen-Apotheke-Lions-Pharmacy.webp\",\"datePublished\":\"2025-11-27T10:23:41+00:00\",\"dateModified\":\"2025-12-11T06:19:50+00:00\",\"description\":\"VIGANTOLVIT 1000 U.I. Vitamina D3 (200 uds.). Fabricante: Wick. Entregado desde su farmacia en l\u00ednea alemana. Env\u00edo r\u00e1pido. Servicio de primera.\",\"breadcrumb\":{\"@id\":\"https:\/\/lions-pharmacy.com\/es\/producto\/vigantolvit-1000-i-u-vitamin-d3-200-pcs-4150131556900#breadcrumb\"},\"inLanguage\":\"es\",\"potentialAction\":[{\"@type\":\"ReadAction\",\"target\":[\"https:\/\/lions-pharmacy.com\/es\/producto\/vigantolvit-1000-i-u-vitamin-d3-200-pcs-4150131556900\"]}]},{\"@type\":\"ImageObject\",\"inLanguage\":\"es\",\"@id\":\"https:\/\/lions-pharmacy.com\/es\/producto\/vigantolvit-1000-i-u-vitamin-d3-200-pcs-4150131556900#primaryimage\",\"url\":\"https:\/\/lions-pharmacy.com\/wp-content\/uploads\/2025\/11\/VIGANTOLVIT-1000-I.E.-Vitamin-D3-Lowen-Apotheke-Lions-Pharmacy.webp\",\"contentUrl\":\"https:\/\/lions-pharmacy.com\/wp-content\/uploads\/2025\/11\/VIGANTOLVIT-1000-I.E.-Vitamin-D3-Lowen-Apotheke-Lions-Pharmacy.webp\",\"width\":600,\"height\":600,\"caption\":\"VIGANTOLVIT-1000-I.E.-Vitamina-D3-Lowen-Apotheke-Lions-Pharmacy\"},{\"@type\":\"BreadcrumbList\",\"@id\":\"https:\/\/lions-pharmacy.com\/es\/producto\/vigantolvit-1000-i-u-vitamin-d3-200-pcs-4150131556900#breadcrumb\",\"itemListElement\":[{\"@type\":\"ListItem\",\"position\":1,\"name\":\"Home\",\"item\":\"https:\/\/lions-pharmacy.com\/es\/homepage-lion-pharmacy\"},{\"@type\":\"ListItem\",\"position\":2,\"name\":\"Shop\",\"item\":\"https:\/\/lions-pharmacy.com\/es\/tienda\"},{\"@type\":\"ListItem\",\"position\":3,\"name\":\"VIGANTOLVIT 1000 U.I. Vitamina D3 (200 uds.)\"}]},{\"@type\":\"WebSite\",\"@id\":\"https:\/\/lions-pharmacy.com\/es#website\",\"url\":\"https:\/\/lions-pharmacy.com\/es\",\"name\":\"Lions Pharmacy\",\"description\":\"Farmacia especializada en naturopat\u00eda de Baden-Baden, Alemania\",\"publisher\":{\"@id\":\"https:\/\/lions-pharmacy.com\/es#organization\"},\"alternateName\":\"Lion Pharmacy\",\"potentialAction\":[{\"@type\":\"SearchAction\",\"target\":{\"@type\":\"EntryPoint\",\"urlTemplate\":\"https:\/\/lions-pharmacy.com\/es?s={search_term_string}\"},\"query-input\":{\"@type\":\"PropertyValueSpecification\",\"valueRequired\":true,\"valueName\":\"search_term_string\"}}],\"inLanguage\":\"es\"},{\"@type\":\"Organization\",\"@id\":\"https:\/\/lions-pharmacy.com\/es#organization\",\"name\":\"Lions Pharmacy\",\"alternateName\":\"Lions Pharmacy24\",\"url\":\"https:\/\/lions-pharmacy.com\/es\",\"logo\":{\"@type\":\"ImageObject\",\"inLanguage\":\"es\",\"@id\":\"https:\/\/lions-pharmacy.com\/es#\/schema\/logo\/image\/\",\"url\":\"https:\/\/lions-pharmacy.com\/wp-content\/uploads\/2022\/12\/Logo-Lion-Pharmacy-c-o-Loewen-Apotheke-smal.jpg\",\"contentUrl\":\"https:\/\/lions-pharmacy.com\/wp-content\/uploads\/2022\/12\/Logo-Lion-Pharmacy-c-o-Loewen-Apotheke-smal.jpg\",\"width\":298,\"height\":99,\"caption\":\"Lions Pharmacy\"},\"image\":{\"@id\":\"https:\/\/lions-pharmacy.com\/es#\/schema\/logo\/image\/\"}}]}<\/script>\n<!-- \/ Yoast SEO plugin. -->","yoast_head_json":{"title":"VIGANTOLVIT 1000 U.I. Vitamina D3 (200 uds.) &#187; Haz tu pedido aqu\u00ed.","description":"VIGANTOLVIT 1000 U.I. Vitamina D3 (200 uds.). Fabricante: Wick. Entregado desde su farmacia en l\u00ednea alemana. Env\u00edo r\u00e1pido. Servicio de primera.","robots":{"index":"index","follow":"follow","max-snippet":"max-snippet:-1","max-image-preview":"max-image-preview:large","max-video-preview":"max-video-preview:-1"},"canonical":"https:\/\/lions-pharmacy.com\/es\/producto\/vigantolvit-1000-i-u-vitamin-d3-200-pcs-4150131556900","og_locale":"es_ES","og_type":"article","og_title":"VIGANTOLVIT 1000 U.I. Vitamina D3 (200 uds.) &#187; Haz tu pedido aqu\u00ed.","og_description":"VIGANTOLVIT 1000 U.I. Vitamina D3 (200 uds.). Fabricante: Wick. Entregado desde su farmacia en l\u00ednea alemana. Env\u00edo r\u00e1pido. Servicio de primera.","og_url":"https:\/\/lions-pharmacy.com\/es\/producto\/vigantolvit-1000-i-u-vitamin-d3-200-pcs-4150131556900","og_site_name":"Lion Pharmacy","article_modified_time":"2025-12-11T06:19:50+00:00","og_image":[{"width":600,"height":600,"url":"https:\/\/lions-pharmacy.com\/wp-content\/uploads\/2025\/11\/VIGANTOLVIT-1000-I.E.-Vitamin-D3-Lowen-Apotheke-Lions-Pharmacy.webp","type":"image\/webp"}],"twitter_card":"summary_large_image","twitter_misc":{"Tiempo de lectura":"1 minuto"},"schema":{"@context":"https:\/\/schema.org","@graph":[{"@type":"WebPage","@id":"https:\/\/lions-pharmacy.com\/es\/producto\/vigantolvit-1000-i-u-vitamin-d3-200-pcs-4150131556900","url":"https:\/\/lions-pharmacy.com\/es\/producto\/vigantolvit-1000-i-u-vitamin-d3-200-pcs-4150131556900","name":"VIGANTOLVIT 1000 U.I. Vitamina D3 (200 uds.) &#187; Haz tu pedido aqu\u00ed.","isPartOf":{"@id":"https:\/\/lions-pharmacy.com\/es#website"},"primaryImageOfPage":{"@id":"https:\/\/lions-pharmacy.com\/es\/producto\/vigantolvit-1000-i-u-vitamin-d3-200-pcs-4150131556900#primaryimage"},"image":{"@id":"https:\/\/lions-pharmacy.com\/es\/producto\/vigantolvit-1000-i-u-vitamin-d3-200-pcs-4150131556900#primaryimage"},"thumbnailUrl":"https:\/\/lions-pharmacy.com\/wp-content\/uploads\/2025\/11\/VIGANTOLVIT-1000-I.E.-Vitamin-D3-Lowen-Apotheke-Lions-Pharmacy.webp","datePublished":"2025-11-27T10:23:41+00:00","dateModified":"2025-12-11T06:19:50+00:00","description":"VIGANTOLVIT 1000 U.I. Vitamina D3 (200 uds.). Fabricante: Wick. Entregado desde su farmacia en l\u00ednea alemana. Env\u00edo r\u00e1pido. Servicio de primera.","breadcrumb":{"@id":"https:\/\/lions-pharmacy.com\/es\/producto\/vigantolvit-1000-i-u-vitamin-d3-200-pcs-4150131556900#breadcrumb"},"inLanguage":"es","potentialAction":[{"@type":"ReadAction","target":["https:\/\/lions-pharmacy.com\/es\/producto\/vigantolvit-1000-i-u-vitamin-d3-200-pcs-4150131556900"]}]},{"@type":"ImageObject","inLanguage":"es","@id":"https:\/\/lions-pharmacy.com\/es\/producto\/vigantolvit-1000-i-u-vitamin-d3-200-pcs-4150131556900#primaryimage","url":"https:\/\/lions-pharmacy.com\/wp-content\/uploads\/2025\/11\/VIGANTOLVIT-1000-I.E.-Vitamin-D3-Lowen-Apotheke-Lions-Pharmacy.webp","contentUrl":"https:\/\/lions-pharmacy.com\/wp-content\/uploads\/2025\/11\/VIGANTOLVIT-1000-I.E.-Vitamin-D3-Lowen-Apotheke-Lions-Pharmacy.webp","width":600,"height":600,"caption":"VIGANTOLVIT-1000-I.E.-Vitamina-D3-Lowen-Apotheke-Lions-Pharmacy"},{"@type":"BreadcrumbList","@id":"https:\/\/lions-pharmacy.com\/es\/producto\/vigantolvit-1000-i-u-vitamin-d3-200-pcs-4150131556900#breadcrumb","itemListElement":[{"@type":"ListItem","position":1,"name":"Home","item":"https:\/\/lions-pharmacy.com\/es\/homepage-lion-pharmacy"},{"@type":"ListItem","position":2,"name":"Shop","item":"https:\/\/lions-pharmacy.com\/es\/tienda"},{"@type":"ListItem","position":3,"name":"VIGANTOLVIT 1000 U.I. Vitamina D3 (200 uds.)"}]},{"@type":"WebSite","@id":"https:\/\/lions-pharmacy.com\/es#website","url":"https:\/\/lions-pharmacy.com\/es","name":"Lions Pharmacy","description":"Farmacia especializada en naturopat\u00eda de Baden-Baden, Alemania","publisher":{"@id":"https:\/\/lions-pharmacy.com\/es#organization"},"alternateName":"Lion Pharmacy","potentialAction":[{"@type":"SearchAction","target":{"@type":"EntryPoint","urlTemplate":"https:\/\/lions-pharmacy.com\/es?s={search_term_string}"},"query-input":{"@type":"PropertyValueSpecification","valueRequired":true,"valueName":"search_term_string"}}],"inLanguage":"es"},{"@type":"Organization","@id":"https:\/\/lions-pharmacy.com\/es#organization","name":"Lions Pharmacy","alternateName":"Lions Pharmacy24","url":"https:\/\/lions-pharmacy.com\/es","logo":{"@type":"ImageObject","inLanguage":"es","@id":"https:\/\/lions-pharmacy.com\/es#\/schema\/logo\/image\/","url":"https:\/\/lions-pharmacy.com\/wp-content\/uploads\/2022\/12\/Logo-Lion-Pharmacy-c-o-Loewen-Apotheke-smal.jpg","contentUrl":"https:\/\/lions-pharmacy.com\/wp-content\/uploads\/2022\/12\/Logo-Lion-Pharmacy-c-o-Loewen-Apotheke-smal.jpg","width":298,"height":99,"caption":"Lions Pharmacy"},"image":{"@id":"https:\/\/lions-pharmacy.com\/es#\/schema\/logo\/image\/"}}]}},"_links":{"self":[{"href":"https:\/\/lions-pharmacy.com\/es\/wp-json\/wp\/v2\/product\/17206","targetHints":{"allow":["GET"]}}],"collection":[{"href":"https:\/\/lions-pharmacy.com\/es\/wp-json\/wp\/v2\/product"}],"about":[{"href":"https:\/\/lions-pharmacy.com\/es\/wp-json\/wp\/v2\/types\/product"}],"replies":[{"embeddable":true,"href":"https:\/\/lions-pharmacy.com\/es\/wp-json\/wp\/v2\/comments?post=17206"}],"wp:featuredmedia":[{"embeddable":true,"href":"https:\/\/lions-pharmacy.com\/es\/wp-json\/wp\/v2\/media\/17211"}],"wp:attachment":[{"href":"https:\/\/lions-pharmacy.com\/es\/wp-json\/wp\/v2\/media?parent=17206"}],"wp:term":[{"taxonomy":"product_brand","embeddable":true,"href":"https:\/\/lions-pharmacy.com\/es\/wp-json\/wp\/v2\/product_brand?post=17206"},{"taxonomy":"product_cat","embeddable":true,"href":"https:\/\/lions-pharmacy.com\/es\/wp-json\/wp\/v2\/product_cat?post=17206"},{"taxonomy":"product_tag","embeddable":true,"href":"https:\/\/lions-pharmacy.com\/es\/wp-json\/wp\/v2\/product_tag?post=17206"}],"curies":[{"name":"wp","href":"https:\/\/api.w.org\/{rel}","templated":true}]}}