{"id":1676,"date":"2023-01-14T15:23:24","date_gmt":"2023-01-14T14:23:24","guid":{"rendered":"https:\/\/lions-pharmacy.com\/product\/neydil-nr-66-pro-inyeccion-ii-ampollas-hospital-pack-50x-2ml"},"modified":"2025-01-26T19:36:57","modified_gmt":"2025-01-26T18:36:57","slug":"neydil-nr-66-pro-injection-ii-ampoules-hospital-pack-50x-2ml-3557772","status":"publish","type":"product","link":"https:\/\/lions-pharmacy.com\/es\/producto\/neydil-nr-66-pro-injection-ii-ampoules-hospital-pack-50x-2ml-3557772","title":{"rendered":"NeyDil Nr.66 pro inyecci\u00f3n II &#8211; ampollas hospital pack 50x 2ml"},"content":{"rendered":"<h2>NeyDil Nr.66 pro inyecci\u00f3n St\u00e4rke II &#8211; ampollas<\/h2>\n<p>NeyDil Nr.66 pro &#8211; Diencephalon, Placenta, Funiculus ubilical., Thymus, Epiphysis, Testes, Gland.suprarenal.,Gland. thyreoidea, Medulla oss.,Pulmo, Hepar, Pancreas, ren, Lien, Mucosa intest.<\/p>\n<p>Los preparados homeop\u00e1ticos para \u00f3rganos que ofrece vitOrgan para la terapia biomolecular utilizan sustancias org\u00e1nicas naturales con efecto regulador y metab\u00f3lico para normalizar fisiol\u00f3gicamente los procesos que se han desequilibrado. La vitOrganoterapia biomolecular es una terapia de gran \u00e9xito desde hace 60 a\u00f1os. Constituye un puente entre los llamados campos de la medicina ortodoxa y la naturopat\u00eda. Utiliza sustancias naturales, reguladoras y metab\u00f3licamente funcionales, que est\u00e1n disponibles tanto en humanos como en animales, para normalizar las enfermedades modificando los procesos fisiol\u00f3gicos que ya no est\u00e1n en equilibrio y, con ello, tratar al paciente no s\u00f3lo sintom\u00e1ticamente, sino tambi\u00e9n causalmente. Seg\u00fan el principio &#8220;el coraz\u00f3n cura al coraz\u00f3n, el ri\u00f1\u00f3n cura al ri\u00f1\u00f3n, el \u00f3rgano cura al \u00f3rgano&#8221;, es importante despertar el poder de las c\u00e9lulas debilitadas mediante una regulaci\u00f3n espec\u00edfica.<\/p>\n<p>Prospecto\/instrucciones de uso\/ficha t\u00e9cnica del envase: NeyDil Nr.66 pro inyecci\u00f3n (lector de PDF)<\/p>\n<p>Nombre alternativo del producto: NeyDil Nr. 66 pro injection<\/p>\n<p>Otros productos para la aplicaci\u00f3n: <a href=\"https:\/\/lions-pharmacy.com\/produkt-kategorie\/vitorgan\">vitOrgan<\/a><\/p>\n<p>M\u00e1s informaci\u00f3n sobre el fabricante y este producto: <a href=\"https:\/\/vitorgan.de\/en\/products\/\" target=\"_blank\" rel=\"noopener\">vitOrgan<\/a> (enlace externo)<\/p>\n<p>La informaci\u00f3n contenida en este sitio web se facilita \u00fanicamente con fines informativos. En ning\u00fan caso sustituyen al examen y tratamiento por un m\u00e9dico. Tenga en cuenta que esto significa que no se pueden hacer diagn\u00f3sticos ni iniciar terapias.<\/p>\n<p>Para conocer los riesgos y efectos secundarios, lea el prospecto y consulte a su m\u00e9dico o farmac\u00e9utico.<\/p>\n","protected":false},"excerpt":{"rendered":"<h2>NeyDil Nr.66 pro inyecci\u00f3n St\u00e4rke II &#8211; ampollas<\/h2>\n<p>&#8220;Diencephalon, Placenta, Funiculus ubilical., Thymus, Epiphysis, Testes, Gland.suprarenal.,Gland. thyreoidea, Medulla oss.,Pulmo, Hepar, Pancreas, ren, Lien, Mucosa intest&#8221;. Envase hospitalario &#8211; envase voluminoso con 50 uds.<\/p>\n<p>&nbsp;<\/p>\n<p>PZN: 03557772 (Pharmazentralnummer)<\/p>\n<p>Forma farmac\u00e9utica: ampollas<\/p>\n<p>Tipo de prescripci\u00f3n: sin receta<\/p>\n<p>Marca: vitOrgan<\/p>\n<p>Fabricante: vitOrgan GmbH &amp; Co.KG, Ostfildern, Alemania<\/p>\n<p>Presentaci\u00f3n: 50 unidades por 2 ml<\/p>\n","protected":false},"featured_media":4702,"comment_status":"closed","ping_status":"closed","template":"","meta":[],"product_brand":[],"product_cat":[564,125,116,131],"product_tag":[232],"class_list":{"0":"post-1676","1":"product","2":"type-product","3":"status-publish","4":"has-post-thumbnail","6":"product_cat-ofertas-exclusivas","7":"product_cat-sale-es","8":"product_cat-sin-categorizar","9":"product_cat-vitorgan-es","10":"product_tag-neydil-es","11":"ts_product_brand-all-es","12":"ts_product_brand-vitorgan-es","14":"first","15":"instock","16":"sale","17":"taxable","18":"shipping-taxable","19":"purchasable","20":"product-type-simple"},"yoast_head":"<!-- This site is optimized with the Yoast SEO plugin v26.5 - https:\/\/yoast.com\/wordpress\/plugins\/seo\/ -->\n<title>NeyDil Nr.66 pro inyecci\u00f3n II - ampollas hospital pack 50x 2ml &#187;<\/title>\n<meta name=\"description\" content=\"Lion Farmacia | Farmacia alemana | Env\u00edo internacional r\u00e1pido | Producto hecho por vitOrgan | NeyDil Nr.66 pro inyecci\u00f3n II - ampollas hospital pack 50x 2ml.\" \/>\n<meta name=\"robots\" content=\"index, follow, max-snippet:-1, max-image-preview:large, max-video-preview:-1\" \/>\n<link rel=\"canonical\" href=\"https:\/\/lions-pharmacy.com\/es\/producto\/neydil-nr-66-pro-injection-ii-ampoules-hospital-pack-50x-2ml-3557772\" \/>\n<meta property=\"og:locale\" content=\"es_ES\" \/>\n<meta property=\"og:type\" content=\"article\" \/>\n<meta property=\"og:title\" content=\"NeyDil Nr.66 pro inyecci\u00f3n II - ampollas hospital pack 50x 2ml &#187;\" \/>\n<meta property=\"og:description\" content=\"Lion Farmacia | Farmacia alemana | Env\u00edo internacional r\u00e1pido | Producto hecho por vitOrgan | NeyDil Nr.66 pro inyecci\u00f3n II - ampollas hospital pack 50x 2ml.\" \/>\n<meta property=\"og:url\" content=\"https:\/\/lions-pharmacy.com\/es\/producto\/neydil-nr-66-pro-injection-ii-ampoules-hospital-pack-50x-2ml-3557772\" \/>\n<meta property=\"og:site_name\" content=\"Lion Pharmacy\" \/>\n<meta property=\"article:modified_time\" content=\"2025-01-26T18:36:57+00:00\" \/>\n<meta property=\"og:image\" content=\"https:\/\/lions-pharmacy.com\/wp-content\/uploads\/2022\/12\/vitorgan-Neydil-No.66-pro-injection-II-Ampoules-Lions-Pharmacy.webp\" \/>\n\t<meta property=\"og:image:width\" content=\"600\" \/>\n\t<meta property=\"og:image:height\" content=\"600\" \/>\n\t<meta property=\"og:image:type\" content=\"image\/webp\" \/>\n<meta name=\"twitter:card\" content=\"summary_large_image\" \/>\n<meta name=\"twitter:label1\" content=\"Tiempo de lectura\" \/>\n\t<meta name=\"twitter:data1\" content=\"1 minuto\" \/>\n<script type=\"application\/ld+json\" class=\"yoast-schema-graph\">{\"@context\":\"https:\/\/schema.org\",\"@graph\":[{\"@type\":\"WebPage\",\"@id\":\"https:\/\/lions-pharmacy.com\/es\/producto\/neydil-nr-66-pro-injection-ii-ampoules-hospital-pack-50x-2ml-3557772\",\"url\":\"https:\/\/lions-pharmacy.com\/es\/producto\/neydil-nr-66-pro-injection-ii-ampoules-hospital-pack-50x-2ml-3557772\",\"name\":\"NeyDil Nr.66 pro inyecci\u00f3n II - ampollas hospital pack 50x 2ml &#187;\",\"isPartOf\":{\"@id\":\"https:\/\/lions-pharmacy.com\/es#website\"},\"primaryImageOfPage\":{\"@id\":\"https:\/\/lions-pharmacy.com\/es\/producto\/neydil-nr-66-pro-injection-ii-ampoules-hospital-pack-50x-2ml-3557772#primaryimage\"},\"image\":{\"@id\":\"https:\/\/lions-pharmacy.com\/es\/producto\/neydil-nr-66-pro-injection-ii-ampoules-hospital-pack-50x-2ml-3557772#primaryimage\"},\"thumbnailUrl\":\"https:\/\/lions-pharmacy.com\/wp-content\/uploads\/2022\/12\/vitorgan-Neydil-No.66-pro-injection-II-Ampoules-Lions-Pharmacy.webp\",\"datePublished\":\"2023-01-14T14:23:24+00:00\",\"dateModified\":\"2025-01-26T18:36:57+00:00\",\"description\":\"Lion Farmacia | Farmacia alemana | Env\u00edo internacional r\u00e1pido | Producto hecho por vitOrgan | NeyDil Nr.66 pro inyecci\u00f3n II - ampollas hospital pack 50x 2ml.\",\"breadcrumb\":{\"@id\":\"https:\/\/lions-pharmacy.com\/es\/producto\/neydil-nr-66-pro-injection-ii-ampoules-hospital-pack-50x-2ml-3557772#breadcrumb\"},\"inLanguage\":\"es\",\"potentialAction\":[{\"@type\":\"ReadAction\",\"target\":[\"https:\/\/lions-pharmacy.com\/es\/producto\/neydil-nr-66-pro-injection-ii-ampoules-hospital-pack-50x-2ml-3557772\"]}]},{\"@type\":\"ImageObject\",\"inLanguage\":\"es\",\"@id\":\"https:\/\/lions-pharmacy.com\/es\/producto\/neydil-nr-66-pro-injection-ii-ampoules-hospital-pack-50x-2ml-3557772#primaryimage\",\"url\":\"https:\/\/lions-pharmacy.com\/wp-content\/uploads\/2022\/12\/vitorgan-Neydil-No.66-pro-injection-II-Ampoules-Lions-Pharmacy.webp\",\"contentUrl\":\"https:\/\/lions-pharmacy.com\/wp-content\/uploads\/2022\/12\/vitorgan-Neydil-No.66-pro-injection-II-Ampoules-Lions-Pharmacy.webp\",\"width\":600,\"height\":600,\"caption\":\"vitorgan Neydil n\u00ba 66 pro inyecci\u00f3n II Ampollas Farmacia Lions\"},{\"@type\":\"BreadcrumbList\",\"@id\":\"https:\/\/lions-pharmacy.com\/es\/producto\/neydil-nr-66-pro-injection-ii-ampoules-hospital-pack-50x-2ml-3557772#breadcrumb\",\"itemListElement\":[{\"@type\":\"ListItem\",\"position\":1,\"name\":\"Home\",\"item\":\"https:\/\/lions-pharmacy.com\/es\/homepage-lion-pharmacy\"},{\"@type\":\"ListItem\",\"position\":2,\"name\":\"Shop\",\"item\":\"https:\/\/lions-pharmacy.com\/es\/tienda\"},{\"@type\":\"ListItem\",\"position\":3,\"name\":\"NeyDil Nr.66 pro inyecci\u00f3n II &#8211; ampollas hospital pack 50x 2ml\"}]},{\"@type\":\"WebSite\",\"@id\":\"https:\/\/lions-pharmacy.com\/es#website\",\"url\":\"https:\/\/lions-pharmacy.com\/es\",\"name\":\"Lions Pharmacy\",\"description\":\"Farmacia especializada en naturopat\u00eda de Baden-Baden, Alemania\",\"publisher\":{\"@id\":\"https:\/\/lions-pharmacy.com\/es#organization\"},\"alternateName\":\"Lion Pharmacy\",\"potentialAction\":[{\"@type\":\"SearchAction\",\"target\":{\"@type\":\"EntryPoint\",\"urlTemplate\":\"https:\/\/lions-pharmacy.com\/es?s={search_term_string}\"},\"query-input\":{\"@type\":\"PropertyValueSpecification\",\"valueRequired\":true,\"valueName\":\"search_term_string\"}}],\"inLanguage\":\"es\"},{\"@type\":\"Organization\",\"@id\":\"https:\/\/lions-pharmacy.com\/es#organization\",\"name\":\"Lions Pharmacy\",\"alternateName\":\"Lions Pharmacy24\",\"url\":\"https:\/\/lions-pharmacy.com\/es\",\"logo\":{\"@type\":\"ImageObject\",\"inLanguage\":\"es\",\"@id\":\"https:\/\/lions-pharmacy.com\/es#\/schema\/logo\/image\/\",\"url\":\"https:\/\/lions-pharmacy.com\/wp-content\/uploads\/2022\/12\/Logo-Lion-Pharmacy-c-o-Loewen-Apotheke-smal.jpg\",\"contentUrl\":\"https:\/\/lions-pharmacy.com\/wp-content\/uploads\/2022\/12\/Logo-Lion-Pharmacy-c-o-Loewen-Apotheke-smal.jpg\",\"width\":298,\"height\":99,\"caption\":\"Lions Pharmacy\"},\"image\":{\"@id\":\"https:\/\/lions-pharmacy.com\/es#\/schema\/logo\/image\/\"}}]}<\/script>\n<!-- \/ Yoast SEO plugin. -->","yoast_head_json":{"title":"NeyDil Nr.66 pro inyecci\u00f3n II - ampollas hospital pack 50x 2ml &#187;","description":"Lion Farmacia | Farmacia alemana | Env\u00edo internacional r\u00e1pido | Producto hecho por vitOrgan | NeyDil Nr.66 pro inyecci\u00f3n II - ampollas hospital pack 50x 2ml.","robots":{"index":"index","follow":"follow","max-snippet":"max-snippet:-1","max-image-preview":"max-image-preview:large","max-video-preview":"max-video-preview:-1"},"canonical":"https:\/\/lions-pharmacy.com\/es\/producto\/neydil-nr-66-pro-injection-ii-ampoules-hospital-pack-50x-2ml-3557772","og_locale":"es_ES","og_type":"article","og_title":"NeyDil Nr.66 pro inyecci\u00f3n II - ampollas hospital pack 50x 2ml &#187;","og_description":"Lion Farmacia | Farmacia alemana | Env\u00edo internacional r\u00e1pido | Producto hecho por vitOrgan | NeyDil Nr.66 pro inyecci\u00f3n II - ampollas hospital pack 50x 2ml.","og_url":"https:\/\/lions-pharmacy.com\/es\/producto\/neydil-nr-66-pro-injection-ii-ampoules-hospital-pack-50x-2ml-3557772","og_site_name":"Lion Pharmacy","article_modified_time":"2025-01-26T18:36:57+00:00","og_image":[{"width":600,"height":600,"url":"https:\/\/lions-pharmacy.com\/wp-content\/uploads\/2022\/12\/vitorgan-Neydil-No.66-pro-injection-II-Ampoules-Lions-Pharmacy.webp","type":"image\/webp"}],"twitter_card":"summary_large_image","twitter_misc":{"Tiempo de lectura":"1 minuto"},"schema":{"@context":"https:\/\/schema.org","@graph":[{"@type":"WebPage","@id":"https:\/\/lions-pharmacy.com\/es\/producto\/neydil-nr-66-pro-injection-ii-ampoules-hospital-pack-50x-2ml-3557772","url":"https:\/\/lions-pharmacy.com\/es\/producto\/neydil-nr-66-pro-injection-ii-ampoules-hospital-pack-50x-2ml-3557772","name":"NeyDil Nr.66 pro inyecci\u00f3n II - ampollas hospital pack 50x 2ml &#187;","isPartOf":{"@id":"https:\/\/lions-pharmacy.com\/es#website"},"primaryImageOfPage":{"@id":"https:\/\/lions-pharmacy.com\/es\/producto\/neydil-nr-66-pro-injection-ii-ampoules-hospital-pack-50x-2ml-3557772#primaryimage"},"image":{"@id":"https:\/\/lions-pharmacy.com\/es\/producto\/neydil-nr-66-pro-injection-ii-ampoules-hospital-pack-50x-2ml-3557772#primaryimage"},"thumbnailUrl":"https:\/\/lions-pharmacy.com\/wp-content\/uploads\/2022\/12\/vitorgan-Neydil-No.66-pro-injection-II-Ampoules-Lions-Pharmacy.webp","datePublished":"2023-01-14T14:23:24+00:00","dateModified":"2025-01-26T18:36:57+00:00","description":"Lion Farmacia | Farmacia alemana | Env\u00edo internacional r\u00e1pido | Producto hecho por vitOrgan | NeyDil Nr.66 pro inyecci\u00f3n II - ampollas hospital pack 50x 2ml.","breadcrumb":{"@id":"https:\/\/lions-pharmacy.com\/es\/producto\/neydil-nr-66-pro-injection-ii-ampoules-hospital-pack-50x-2ml-3557772#breadcrumb"},"inLanguage":"es","potentialAction":[{"@type":"ReadAction","target":["https:\/\/lions-pharmacy.com\/es\/producto\/neydil-nr-66-pro-injection-ii-ampoules-hospital-pack-50x-2ml-3557772"]}]},{"@type":"ImageObject","inLanguage":"es","@id":"https:\/\/lions-pharmacy.com\/es\/producto\/neydil-nr-66-pro-injection-ii-ampoules-hospital-pack-50x-2ml-3557772#primaryimage","url":"https:\/\/lions-pharmacy.com\/wp-content\/uploads\/2022\/12\/vitorgan-Neydil-No.66-pro-injection-II-Ampoules-Lions-Pharmacy.webp","contentUrl":"https:\/\/lions-pharmacy.com\/wp-content\/uploads\/2022\/12\/vitorgan-Neydil-No.66-pro-injection-II-Ampoules-Lions-Pharmacy.webp","width":600,"height":600,"caption":"vitorgan Neydil n\u00ba 66 pro inyecci\u00f3n II Ampollas Farmacia Lions"},{"@type":"BreadcrumbList","@id":"https:\/\/lions-pharmacy.com\/es\/producto\/neydil-nr-66-pro-injection-ii-ampoules-hospital-pack-50x-2ml-3557772#breadcrumb","itemListElement":[{"@type":"ListItem","position":1,"name":"Home","item":"https:\/\/lions-pharmacy.com\/es\/homepage-lion-pharmacy"},{"@type":"ListItem","position":2,"name":"Shop","item":"https:\/\/lions-pharmacy.com\/es\/tienda"},{"@type":"ListItem","position":3,"name":"NeyDil Nr.66 pro inyecci\u00f3n II &#8211; ampollas hospital pack 50x 2ml"}]},{"@type":"WebSite","@id":"https:\/\/lions-pharmacy.com\/es#website","url":"https:\/\/lions-pharmacy.com\/es","name":"Lions Pharmacy","description":"Farmacia especializada en naturopat\u00eda de Baden-Baden, Alemania","publisher":{"@id":"https:\/\/lions-pharmacy.com\/es#organization"},"alternateName":"Lion Pharmacy","potentialAction":[{"@type":"SearchAction","target":{"@type":"EntryPoint","urlTemplate":"https:\/\/lions-pharmacy.com\/es?s={search_term_string}"},"query-input":{"@type":"PropertyValueSpecification","valueRequired":true,"valueName":"search_term_string"}}],"inLanguage":"es"},{"@type":"Organization","@id":"https:\/\/lions-pharmacy.com\/es#organization","name":"Lions Pharmacy","alternateName":"Lions Pharmacy24","url":"https:\/\/lions-pharmacy.com\/es","logo":{"@type":"ImageObject","inLanguage":"es","@id":"https:\/\/lions-pharmacy.com\/es#\/schema\/logo\/image\/","url":"https:\/\/lions-pharmacy.com\/wp-content\/uploads\/2022\/12\/Logo-Lion-Pharmacy-c-o-Loewen-Apotheke-smal.jpg","contentUrl":"https:\/\/lions-pharmacy.com\/wp-content\/uploads\/2022\/12\/Logo-Lion-Pharmacy-c-o-Loewen-Apotheke-smal.jpg","width":298,"height":99,"caption":"Lions Pharmacy"},"image":{"@id":"https:\/\/lions-pharmacy.com\/es#\/schema\/logo\/image\/"}}]}},"_links":{"self":[{"href":"https:\/\/lions-pharmacy.com\/es\/wp-json\/wp\/v2\/product\/1676","targetHints":{"allow":["GET"]}}],"collection":[{"href":"https:\/\/lions-pharmacy.com\/es\/wp-json\/wp\/v2\/product"}],"about":[{"href":"https:\/\/lions-pharmacy.com\/es\/wp-json\/wp\/v2\/types\/product"}],"replies":[{"embeddable":true,"href":"https:\/\/lions-pharmacy.com\/es\/wp-json\/wp\/v2\/comments?post=1676"}],"wp:featuredmedia":[{"embeddable":true,"href":"https:\/\/lions-pharmacy.com\/es\/wp-json\/wp\/v2\/media\/4702"}],"wp:attachment":[{"href":"https:\/\/lions-pharmacy.com\/es\/wp-json\/wp\/v2\/media?parent=1676"}],"wp:term":[{"taxonomy":"product_brand","embeddable":true,"href":"https:\/\/lions-pharmacy.com\/es\/wp-json\/wp\/v2\/product_brand?post=1676"},{"taxonomy":"product_cat","embeddable":true,"href":"https:\/\/lions-pharmacy.com\/es\/wp-json\/wp\/v2\/product_cat?post=1676"},{"taxonomy":"product_tag","embeddable":true,"href":"https:\/\/lions-pharmacy.com\/es\/wp-json\/wp\/v2\/product_tag?post=1676"}],"curies":[{"name":"wp","href":"https:\/\/api.w.org\/{rel}","templated":true}]}}