{"id":1673,"date":"2023-01-14T15:30:05","date_gmt":"2023-01-14T14:30:05","guid":{"rendered":"https:\/\/lions-pharmacy.com\/product\/neythymun-nr-29-fk-st-ii-ampollas-envase-hospital-50x-2ml"},"modified":"2025-01-26T19:26:39","modified_gmt":"2025-01-26T18:26:39","slug":"neythymun-nr-29-fk-st-ii-ampoules-hospital-pack-50x-2ml-03514308","status":"publish","type":"product","link":"https:\/\/lions-pharmacy.com\/es\/producto\/neythymun-nr-29-fk-st-ii-ampoules-hospital-pack-50x-2ml-03514308","title":{"rendered":"Neythymun Nr.29 f+k St.II ampollas envase hospital 50x 2ml"},"content":{"rendered":"<h2>Neythymun Nr.29 f+k St.II ampollas<\/h2>\n<p>&#8220;Thymus fet.+juv&#8221; &#8211; Neythymun Nr.29 f+k St.II ampollas.<\/p>\n<p>Los preparados homeop\u00e1ticos para \u00f3rganos que ofrece vitOrgan para la terapia biomolecular utilizan sustancias org\u00e1nicas naturales con efecto regulador y metab\u00f3lico para normalizar fisiol\u00f3gicamente los procesos que se han desequilibrado. La vitOrganoterapia biomolecular es una terapia de gran \u00e9xito desde hace 60 a\u00f1os. Constituye un puente entre los llamados campos de la medicina ortodoxa y la naturopat\u00eda. Utiliza sustancias naturales, reguladoras y metab\u00f3licamente funcionales, que est\u00e1n disponibles tanto en humanos como en animales, para normalizar las enfermedades modificando los procesos fisiol\u00f3gicos que ya no est\u00e1n en equilibrio y, con ello, tratar al paciente no s\u00f3lo sintom\u00e1ticamente, sino tambi\u00e9n causalmente. Seg\u00fan el principio &#8220;el coraz\u00f3n cura al coraz\u00f3n, el ri\u00f1\u00f3n cura al ri\u00f1\u00f3n, el \u00f3rgano cura al \u00f3rgano&#8221;, es importante despertar el poder de las c\u00e9lulas debilitadas mediante una regulaci\u00f3n espec\u00edfica.<\/p>\n<p>Folleto del envase\/instrucciones de uso\/ficha t\u00e9cnica: (lector de PDF)<\/p>\n<p>Nombre alternativo del producto: Neythymun Nr. 29<\/p>\n<p>Otros productos para la aplicaci\u00f3n: <a href=\"https:\/\/lions-pharmacy.com\/produkt-kategorie\/vitorgan\">vitOrgan<\/a><\/p>\n<p>M\u00e1s informaci\u00f3n sobre el fabricante y este producto: <a href=\"https:\/\/vitorgan.de\/en\/products\/\" target=\"_blank\" rel=\"noopener\">vitOrgan<\/a> (enlace externo)<\/p>\n<p>La informaci\u00f3n contenida en este sitio web se facilita \u00fanicamente con fines informativos. En ning\u00fan caso sustituyen al examen y tratamiento por un m\u00e9dico. Tenga en cuenta que esto significa que no se pueden hacer diagn\u00f3sticos ni iniciar terapias.<\/p>\n<p>Para conocer los riesgos y efectos secundarios, lea el prospecto y consulte a su m\u00e9dico o farmac\u00e9utico.<\/p>\n","protected":false},"excerpt":{"rendered":"<h2>Neythymun Nr.29 f+k St.II ampollas<\/h2>\n<p>&#8220;Thymus fet.+juv&#8221; &#8211; Hospital pack &#8211; envase por volumen con 50 uds.<\/p>\n<p>&nbsp;<\/p>\n<p>PZN: 03514308 (N\u00famero central de farmacia)<\/p>\n<p>Forma farmac\u00e9utica: ampollas<\/p>\n<p>Tipo de prescripci\u00f3n: sin receta<\/p>\n<p>Marca: vitOrgan<\/p>\n<p>Fabricante: vitOrgan GmbH &amp; Co.KG, Ostfildern, Alemania<\/p>\n<p>Presentaci\u00f3n: 50 unidades por 2 ml<\/p>\n","protected":false},"featured_media":4692,"comment_status":"closed","ping_status":"closed","template":"","meta":[],"product_brand":[],"product_cat":[125,131],"product_tag":[232],"class_list":{"0":"post-1673","1":"product","2":"type-product","3":"status-publish","4":"has-post-thumbnail","6":"product_cat-sale-es","7":"product_cat-vitorgan-es","8":"product_tag-neydil-es","9":"ts_product_brand-all-es","10":"ts_product_brand-vitorgan-es","12":"first","13":"instock","14":"sale","15":"taxable","16":"shipping-taxable","17":"purchasable","18":"product-type-simple"},"yoast_head":"<!-- This site is optimized with the Yoast SEO plugin v26.5 - https:\/\/yoast.com\/wordpress\/plugins\/seo\/ -->\n<title>Neythymun Nr.29 f+k St.II ampollas envase hospital 50x 2ml<\/title>\n<meta name=\"description\" content=\"Lion Pharmacy | Farmacia en l\u00ednea alemana | Env\u00edo internacional r\u00e1pido | Producto hecho por vitOrgan | Neythymun Nr.29 f+k St.II ampollas envase hospital 50x 2ml.\" \/>\n<meta name=\"robots\" content=\"index, follow, max-snippet:-1, max-image-preview:large, max-video-preview:-1\" \/>\n<link rel=\"canonical\" href=\"https:\/\/lions-pharmacy.com\/es\/producto\/neythymun-nr-29-fk-st-ii-ampoules-hospital-pack-50x-2ml-03514308\" \/>\n<meta property=\"og:locale\" content=\"es_ES\" \/>\n<meta property=\"og:type\" content=\"article\" \/>\n<meta property=\"og:title\" content=\"Neythymun Nr.29 f+k St.II ampollas envase hospital 50x 2ml\" \/>\n<meta property=\"og:description\" content=\"Lion Pharmacy | Farmacia en l\u00ednea alemana | Env\u00edo internacional r\u00e1pido | Producto hecho por vitOrgan | Neythymun Nr.29 f+k St.II ampollas envase hospital 50x 2ml.\" \/>\n<meta property=\"og:url\" content=\"https:\/\/lions-pharmacy.com\/es\/producto\/neythymun-nr-29-fk-st-ii-ampoules-hospital-pack-50x-2ml-03514308\" \/>\n<meta property=\"og:site_name\" content=\"Lion Pharmacy\" \/>\n<meta property=\"article:modified_time\" content=\"2025-01-26T18:26:39+00:00\" \/>\n<meta property=\"og:image\" content=\"https:\/\/lions-pharmacy.com\/wp-content\/uploads\/2022\/12\/vitorgan-Neythymun-No.29-fk-St.II-Ampoules-Lions-Pharmacy.webp\" \/>\n\t<meta property=\"og:image:width\" content=\"600\" \/>\n\t<meta property=\"og:image:height\" content=\"600\" \/>\n\t<meta property=\"og:image:type\" content=\"image\/webp\" \/>\n<meta name=\"twitter:card\" content=\"summary_large_image\" \/>\n<meta name=\"twitter:label1\" content=\"Tiempo de lectura\" \/>\n\t<meta name=\"twitter:data1\" content=\"1 minuto\" \/>\n<script type=\"application\/ld+json\" class=\"yoast-schema-graph\">{\"@context\":\"https:\/\/schema.org\",\"@graph\":[{\"@type\":\"WebPage\",\"@id\":\"https:\/\/lions-pharmacy.com\/es\/producto\/neythymun-nr-29-fk-st-ii-ampoules-hospital-pack-50x-2ml-03514308\",\"url\":\"https:\/\/lions-pharmacy.com\/es\/producto\/neythymun-nr-29-fk-st-ii-ampoules-hospital-pack-50x-2ml-03514308\",\"name\":\"Neythymun Nr.29 f+k St.II ampollas envase hospital 50x 2ml\",\"isPartOf\":{\"@id\":\"https:\/\/lions-pharmacy.com\/es#website\"},\"primaryImageOfPage\":{\"@id\":\"https:\/\/lions-pharmacy.com\/es\/producto\/neythymun-nr-29-fk-st-ii-ampoules-hospital-pack-50x-2ml-03514308#primaryimage\"},\"image\":{\"@id\":\"https:\/\/lions-pharmacy.com\/es\/producto\/neythymun-nr-29-fk-st-ii-ampoules-hospital-pack-50x-2ml-03514308#primaryimage\"},\"thumbnailUrl\":\"https:\/\/lions-pharmacy.com\/wp-content\/uploads\/2022\/12\/vitorgan-Neythymun-No.29-fk-St.II-Ampoules-Lions-Pharmacy.webp\",\"datePublished\":\"2023-01-14T14:30:05+00:00\",\"dateModified\":\"2025-01-26T18:26:39+00:00\",\"description\":\"Lion Pharmacy | Farmacia en l\u00ednea alemana | Env\u00edo internacional r\u00e1pido | Producto hecho por vitOrgan | Neythymun Nr.29 f+k St.II ampollas envase hospital 50x 2ml.\",\"breadcrumb\":{\"@id\":\"https:\/\/lions-pharmacy.com\/es\/producto\/neythymun-nr-29-fk-st-ii-ampoules-hospital-pack-50x-2ml-03514308#breadcrumb\"},\"inLanguage\":\"es\",\"potentialAction\":[{\"@type\":\"ReadAction\",\"target\":[\"https:\/\/lions-pharmacy.com\/es\/producto\/neythymun-nr-29-fk-st-ii-ampoules-hospital-pack-50x-2ml-03514308\"]}]},{\"@type\":\"ImageObject\",\"inLanguage\":\"es\",\"@id\":\"https:\/\/lions-pharmacy.com\/es\/producto\/neythymun-nr-29-fk-st-ii-ampoules-hospital-pack-50x-2ml-03514308#primaryimage\",\"url\":\"https:\/\/lions-pharmacy.com\/wp-content\/uploads\/2022\/12\/vitorgan-Neythymun-No.29-fk-St.II-Ampoules-Lions-Pharmacy.webp\",\"contentUrl\":\"https:\/\/lions-pharmacy.com\/wp-content\/uploads\/2022\/12\/vitorgan-Neythymun-No.29-fk-St.II-Ampoules-Lions-Pharmacy.webp\",\"width\":600,\"height\":600,\"caption\":\"vitorgan Neythymun No.29 fk St.II Ampollas Farmacia de los Leones\"},{\"@type\":\"BreadcrumbList\",\"@id\":\"https:\/\/lions-pharmacy.com\/es\/producto\/neythymun-nr-29-fk-st-ii-ampoules-hospital-pack-50x-2ml-03514308#breadcrumb\",\"itemListElement\":[{\"@type\":\"ListItem\",\"position\":1,\"name\":\"Home\",\"item\":\"https:\/\/lions-pharmacy.com\/es\/homepage-lion-pharmacy\"},{\"@type\":\"ListItem\",\"position\":2,\"name\":\"Shop\",\"item\":\"https:\/\/lions-pharmacy.com\/es\/tienda\"},{\"@type\":\"ListItem\",\"position\":3,\"name\":\"Neythymun Nr.29 f+k St.II ampollas envase hospital 50x 2ml\"}]},{\"@type\":\"WebSite\",\"@id\":\"https:\/\/lions-pharmacy.com\/es#website\",\"url\":\"https:\/\/lions-pharmacy.com\/es\",\"name\":\"Lions Pharmacy\",\"description\":\"Farmacia especializada en naturopat\u00eda de Baden-Baden, Alemania\",\"publisher\":{\"@id\":\"https:\/\/lions-pharmacy.com\/es#organization\"},\"alternateName\":\"Lion Pharmacy\",\"potentialAction\":[{\"@type\":\"SearchAction\",\"target\":{\"@type\":\"EntryPoint\",\"urlTemplate\":\"https:\/\/lions-pharmacy.com\/es?s={search_term_string}\"},\"query-input\":{\"@type\":\"PropertyValueSpecification\",\"valueRequired\":true,\"valueName\":\"search_term_string\"}}],\"inLanguage\":\"es\"},{\"@type\":\"Organization\",\"@id\":\"https:\/\/lions-pharmacy.com\/es#organization\",\"name\":\"Lions Pharmacy\",\"alternateName\":\"Lions Pharmacy24\",\"url\":\"https:\/\/lions-pharmacy.com\/es\",\"logo\":{\"@type\":\"ImageObject\",\"inLanguage\":\"es\",\"@id\":\"https:\/\/lions-pharmacy.com\/es#\/schema\/logo\/image\/\",\"url\":\"https:\/\/lions-pharmacy.com\/wp-content\/uploads\/2022\/12\/Logo-Lion-Pharmacy-c-o-Loewen-Apotheke-smal.jpg\",\"contentUrl\":\"https:\/\/lions-pharmacy.com\/wp-content\/uploads\/2022\/12\/Logo-Lion-Pharmacy-c-o-Loewen-Apotheke-smal.jpg\",\"width\":298,\"height\":99,\"caption\":\"Lions Pharmacy\"},\"image\":{\"@id\":\"https:\/\/lions-pharmacy.com\/es#\/schema\/logo\/image\/\"}}]}<\/script>\n<!-- \/ Yoast SEO plugin. -->","yoast_head_json":{"title":"Neythymun Nr.29 f+k St.II ampollas envase hospital 50x 2ml","description":"Lion Pharmacy | Farmacia en l\u00ednea alemana | Env\u00edo internacional r\u00e1pido | Producto hecho por vitOrgan | Neythymun Nr.29 f+k St.II ampollas envase hospital 50x 2ml.","robots":{"index":"index","follow":"follow","max-snippet":"max-snippet:-1","max-image-preview":"max-image-preview:large","max-video-preview":"max-video-preview:-1"},"canonical":"https:\/\/lions-pharmacy.com\/es\/producto\/neythymun-nr-29-fk-st-ii-ampoules-hospital-pack-50x-2ml-03514308","og_locale":"es_ES","og_type":"article","og_title":"Neythymun Nr.29 f+k St.II ampollas envase hospital 50x 2ml","og_description":"Lion Pharmacy | Farmacia en l\u00ednea alemana | Env\u00edo internacional r\u00e1pido | Producto hecho por vitOrgan | Neythymun Nr.29 f+k St.II ampollas envase hospital 50x 2ml.","og_url":"https:\/\/lions-pharmacy.com\/es\/producto\/neythymun-nr-29-fk-st-ii-ampoules-hospital-pack-50x-2ml-03514308","og_site_name":"Lion Pharmacy","article_modified_time":"2025-01-26T18:26:39+00:00","og_image":[{"width":600,"height":600,"url":"https:\/\/lions-pharmacy.com\/wp-content\/uploads\/2022\/12\/vitorgan-Neythymun-No.29-fk-St.II-Ampoules-Lions-Pharmacy.webp","type":"image\/webp"}],"twitter_card":"summary_large_image","twitter_misc":{"Tiempo de lectura":"1 minuto"},"schema":{"@context":"https:\/\/schema.org","@graph":[{"@type":"WebPage","@id":"https:\/\/lions-pharmacy.com\/es\/producto\/neythymun-nr-29-fk-st-ii-ampoules-hospital-pack-50x-2ml-03514308","url":"https:\/\/lions-pharmacy.com\/es\/producto\/neythymun-nr-29-fk-st-ii-ampoules-hospital-pack-50x-2ml-03514308","name":"Neythymun Nr.29 f+k St.II ampollas envase hospital 50x 2ml","isPartOf":{"@id":"https:\/\/lions-pharmacy.com\/es#website"},"primaryImageOfPage":{"@id":"https:\/\/lions-pharmacy.com\/es\/producto\/neythymun-nr-29-fk-st-ii-ampoules-hospital-pack-50x-2ml-03514308#primaryimage"},"image":{"@id":"https:\/\/lions-pharmacy.com\/es\/producto\/neythymun-nr-29-fk-st-ii-ampoules-hospital-pack-50x-2ml-03514308#primaryimage"},"thumbnailUrl":"https:\/\/lions-pharmacy.com\/wp-content\/uploads\/2022\/12\/vitorgan-Neythymun-No.29-fk-St.II-Ampoules-Lions-Pharmacy.webp","datePublished":"2023-01-14T14:30:05+00:00","dateModified":"2025-01-26T18:26:39+00:00","description":"Lion Pharmacy | Farmacia en l\u00ednea alemana | Env\u00edo internacional r\u00e1pido | Producto hecho por vitOrgan | Neythymun Nr.29 f+k St.II ampollas envase hospital 50x 2ml.","breadcrumb":{"@id":"https:\/\/lions-pharmacy.com\/es\/producto\/neythymun-nr-29-fk-st-ii-ampoules-hospital-pack-50x-2ml-03514308#breadcrumb"},"inLanguage":"es","potentialAction":[{"@type":"ReadAction","target":["https:\/\/lions-pharmacy.com\/es\/producto\/neythymun-nr-29-fk-st-ii-ampoules-hospital-pack-50x-2ml-03514308"]}]},{"@type":"ImageObject","inLanguage":"es","@id":"https:\/\/lions-pharmacy.com\/es\/producto\/neythymun-nr-29-fk-st-ii-ampoules-hospital-pack-50x-2ml-03514308#primaryimage","url":"https:\/\/lions-pharmacy.com\/wp-content\/uploads\/2022\/12\/vitorgan-Neythymun-No.29-fk-St.II-Ampoules-Lions-Pharmacy.webp","contentUrl":"https:\/\/lions-pharmacy.com\/wp-content\/uploads\/2022\/12\/vitorgan-Neythymun-No.29-fk-St.II-Ampoules-Lions-Pharmacy.webp","width":600,"height":600,"caption":"vitorgan Neythymun No.29 fk St.II Ampollas Farmacia de los Leones"},{"@type":"BreadcrumbList","@id":"https:\/\/lions-pharmacy.com\/es\/producto\/neythymun-nr-29-fk-st-ii-ampoules-hospital-pack-50x-2ml-03514308#breadcrumb","itemListElement":[{"@type":"ListItem","position":1,"name":"Home","item":"https:\/\/lions-pharmacy.com\/es\/homepage-lion-pharmacy"},{"@type":"ListItem","position":2,"name":"Shop","item":"https:\/\/lions-pharmacy.com\/es\/tienda"},{"@type":"ListItem","position":3,"name":"Neythymun Nr.29 f+k St.II ampollas envase hospital 50x 2ml"}]},{"@type":"WebSite","@id":"https:\/\/lions-pharmacy.com\/es#website","url":"https:\/\/lions-pharmacy.com\/es","name":"Lions Pharmacy","description":"Farmacia especializada en naturopat\u00eda de Baden-Baden, Alemania","publisher":{"@id":"https:\/\/lions-pharmacy.com\/es#organization"},"alternateName":"Lion Pharmacy","potentialAction":[{"@type":"SearchAction","target":{"@type":"EntryPoint","urlTemplate":"https:\/\/lions-pharmacy.com\/es?s={search_term_string}"},"query-input":{"@type":"PropertyValueSpecification","valueRequired":true,"valueName":"search_term_string"}}],"inLanguage":"es"},{"@type":"Organization","@id":"https:\/\/lions-pharmacy.com\/es#organization","name":"Lions Pharmacy","alternateName":"Lions Pharmacy24","url":"https:\/\/lions-pharmacy.com\/es","logo":{"@type":"ImageObject","inLanguage":"es","@id":"https:\/\/lions-pharmacy.com\/es#\/schema\/logo\/image\/","url":"https:\/\/lions-pharmacy.com\/wp-content\/uploads\/2022\/12\/Logo-Lion-Pharmacy-c-o-Loewen-Apotheke-smal.jpg","contentUrl":"https:\/\/lions-pharmacy.com\/wp-content\/uploads\/2022\/12\/Logo-Lion-Pharmacy-c-o-Loewen-Apotheke-smal.jpg","width":298,"height":99,"caption":"Lions Pharmacy"},"image":{"@id":"https:\/\/lions-pharmacy.com\/es#\/schema\/logo\/image\/"}}]}},"_links":{"self":[{"href":"https:\/\/lions-pharmacy.com\/es\/wp-json\/wp\/v2\/product\/1673","targetHints":{"allow":["GET"]}}],"collection":[{"href":"https:\/\/lions-pharmacy.com\/es\/wp-json\/wp\/v2\/product"}],"about":[{"href":"https:\/\/lions-pharmacy.com\/es\/wp-json\/wp\/v2\/types\/product"}],"replies":[{"embeddable":true,"href":"https:\/\/lions-pharmacy.com\/es\/wp-json\/wp\/v2\/comments?post=1673"}],"wp:featuredmedia":[{"embeddable":true,"href":"https:\/\/lions-pharmacy.com\/es\/wp-json\/wp\/v2\/media\/4692"}],"wp:attachment":[{"href":"https:\/\/lions-pharmacy.com\/es\/wp-json\/wp\/v2\/media?parent=1673"}],"wp:term":[{"taxonomy":"product_brand","embeddable":true,"href":"https:\/\/lions-pharmacy.com\/es\/wp-json\/wp\/v2\/product_brand?post=1673"},{"taxonomy":"product_cat","embeddable":true,"href":"https:\/\/lions-pharmacy.com\/es\/wp-json\/wp\/v2\/product_cat?post=1673"},{"taxonomy":"product_tag","embeddable":true,"href":"https:\/\/lions-pharmacy.com\/es\/wp-json\/wp\/v2\/product_tag?post=1673"}],"curies":[{"name":"wp","href":"https:\/\/api.w.org\/{rel}","templated":true}]}}