{"id":16566,"date":"2025-11-09T17:08:20","date_gmt":"2025-11-09T16:08:20","guid":{"rendered":"https:\/\/lions-pharmacy.com\/?post_type=product&#038;p=16566"},"modified":"2025-11-09T17:47:02","modified_gmt":"2025-11-09T16:47:02","slug":"sea-fish-oil-supra-with-60-omega-3-fatty-acids-100-pcs","status":"publish","type":"product","link":"https:\/\/lions-pharmacy.com\/es\/producto\/sea-fish-oil-supra-with-60-omega-3-fatty-acids-100-pcs","title":{"rendered":"Supra de aceite de pescado de mar con un 60% de \u00e1cidos grasos omega-3 (100 uds.)"},"content":{"rendered":"<h3>Supra de aceite de pescado de mar con un 60% de \u00e1cidos grasos omega-3 (100 uds.)<\/h3>\n<p>Supra de aceite de pescado de mar con un 60% de \u00e1cidos grasos omega-3 en forma de concentrado con un alto contenido de \u00e1cidos grasos omega-3 para mantener niveles normales de triglic\u00e9ridos en la sangre. Una contribuci\u00f3n pr\u00e1ctica al suministro de \u00e1cidos grasos omega-3.<\/p>\n<p>Modo de empleo: Consumir de 1 a 5 c\u00e1psulas al d\u00eda con un poco de l\u00edquido.<\/p>\n<p>&nbsp;<\/p>\n<h3>Detalles del producto e informaci\u00f3n obligatoria<\/h3>\n<p>Prospecto: <a href=\"https:\/\/lions-pharmacy.com\/wp-content\/uploads\/2025\/11\/Sea-fish-oil-supra-with-60-omega-3-fatty-acids-04999408.pdf\">Supra de aceite de pescado marino con un 60% de \u00e1cidos grasos omega-3 04999408<\/a> (lector de PDF) e Informaci\u00f3n alimentaria.<\/p>\n<p>Ingredientes: 1 c\u00e1psula contiene 1000 mg de concentrado de omega-3 procedente de aceite de pescado de mar con 600 mg de los \u00e1cidos grasos omega-3 naturales de cadena larga EPA (360 mg) y DHA (240 mg), 20 mg de aceite de oliva virgen extra, 7,4 mg de vitamina E.<\/p>\n<p>M\u00e1s informaci\u00f3n sobre el fabricante y este producto: <a href=\"https:\/\/norsan.de\/ueber-uns\/\" target=\"_blank\" rel=\"noopener\">Norsan<\/a> (enlace a un sitio web externo)<\/p>\n<p>Nota sobre el uso y la utilizaci\u00f3n: La informaci\u00f3n proporcionada en este sitio web es s\u00f3lo para informaci\u00f3n general y no sustituye al consejo, diagn\u00f3stico o tratamiento profesional de un m\u00e9dico. Los complementos alimenticios no sustituyen a una dieta equilibrada y variada ni a un estilo de vida sano.<\/p>\n<p>Los complementos alimenticios no sustituyen a una dieta equilibrada y variada ni a un estilo de vida saludable. No superes la ingesta diaria recomendada.<\/p>\n<p>Para conocer los riesgos y efectos secundarios, lee el prospecto y pregunta a tu m\u00e9dico o farmac\u00e9utico.<\/p>\n<h4><\/h4>\n<h3>Consejo experto de la farmacia:<\/h3>\n<p>Nuestro farmac\u00e9utico recomienda lo siguiente para la longevidad, la concentraci\u00f3n y el estr\u00e9s: <a href=\"https:\/\/lions-pharmacy.com\/es\/producto\/neurapas-balance-100-uds-4150014981430\">Neurapas equilibrio<\/a> &#8211; de eficacia probada y espec\u00edfica.<\/p>\n<p>Otros productos para la aplicaci\u00f3n: <a href=\"https:\/\/lions-pharmacy.com\/es\/etiqueta-producto\/vitaminas-y-suplementos\">Vitaminas y complementos<\/a> | <a href=\"https:\/\/lions-pharmacy.com\/es\/etiqueta-producto\/remedios-naturales\" rel=\"tag\">Remedios naturales<\/a> | <a href=\"https:\/\/lions-pharmacy.com\/es\/etiqueta-producto\/bienestar\" rel=\"tag\">Bienestar<\/a><\/p>\n<h3>\u00bfPreguntas sobre el producto? \u00a1Estamos a tu disposici\u00f3n!<\/h3>\n<p>Nuestra farmac\u00e9utica responsable, la Dra. Sandra Hoff, y su equipo estar\u00e1n encantados de asesorarte personalmente, por tel\u00e9fono o correo electr\u00f3nico. Como aut\u00e9ntica farmacia local y farmacia autorizada de venta por correspondencia, te ofrecemos un apoyo competente, especialmente en los \u00e1mbitos de <a href=\"https:\/\/lions-pharmacy.com\/es\/etiqueta-producto\/remedios-naturales\">la naturopat\u00eda<\/a> y <a href=\"https:\/\/lions-pharmacy.com\/es\/etiqueta-producto\/vitaminas-y-suplementos\">los complementos diet\u00e9ticos<\/a>. Puedes encontrar nuestra autorizaci\u00f3n como entrada en el <a href=\"https:\/\/versandhandel.dimdi.de\/websearch\/servlet\/Gate;jsessionid=0D29D15655BE1174E9178A340E8FE6BC?accessid=dimdi_var&amp;term=3c387956690121ccc8763184f052b93f\" target=\"_blank\" rel=\"noopener\">registro de pedidos por correo<\/a>.<\/p>\n<h3>Canjear una receta o receta electr\u00f3nica:<\/h3>\n<p>\u00bfTienes receta o receta electr\u00f3nica? Env\u00edala c\u00f3modamente a trav\u00e9s de nuestra aplicaci\u00f3n <a href=\"https:\/\/e-rezept-app.de\/shop-rezept\" target=\"_blank\" rel=\"noopener\">de receta electr\u00f3nica<\/a>; tambi\u00e9n son posibles las recetas privadas para aut\u00f3nomos. R\u00e1pido, seguro y f\u00e1cil.<\/p>\n","protected":false},"excerpt":{"rendered":"<h2>Supra de aceite de pescado de mar con un 60% de \u00e1cidos grasos omega-3<\/h2>\n<p>Concentrado rico en \u00e1cidos grasos omega-3.<\/p>\n<p><\/p>\n<p><strong>PZN<\/strong>: 04999408 (N\u00famero Central Farmac\u00e9utico)<\/p>\n<p><strong>Forma farmac\u00e9utica<\/strong>: l\u00edquido<\/p>\n<p><strong>Tipo de receta<\/strong>: sin receta<\/p>\n<p><strong>Marca<\/strong>: Norsan<\/p>\n<p><strong>Fabricante<\/strong>: Burton Feingold Pharmavertrieb, 25704 Meldorf, Alemania<\/p>\n","protected":false},"featured_media":16572,"comment_status":"closed","ping_status":"closed","template":"","meta":[],"product_brand":[],"product_cat":[125,116],"product_tag":[299,273,490,516,275,488,272],"class_list":{"0":"post-16566","1":"product","2":"type-product","3":"status-publish","4":"has-post-thumbnail","6":"product_cat-sale-es","7":"product_cat-sin-categorizar","8":"product_tag-concentracion-y-estres","9":"product_tag-control-de-peso","10":"product_tag-ingrediente-activo-a-base-de-hierbas","11":"product_tag-ingrediente-activo-de-origen-vegetal","12":"product_tag-peso-y-forma-fisica","13":"product_tag-remedios-naturales","14":"product_tag-vitaminas-y-suplementos","15":"ts_product_brand-all-es","17":"first","18":"instock","19":"sale","20":"taxable","21":"shipping-taxable","22":"purchasable","23":"product-type-simple"},"yoast_head":"<!-- This site is optimized with the Yoast SEO plugin v26.5 - https:\/\/yoast.com\/wordpress\/plugins\/seo\/ -->\n<title>Supra de aceite de pescado de mar con un 60% de \u00e1cidos grasos omega-3 (100 uds.) &#187; shop it<\/title>\n<meta name=\"description\" content=\"Aceite vegetal de algas: rico en EPA y DHA. Supra de aceite de pescado de mar con un 60% de \u00e1cidos grasos omega-3 (100 uds.). Te ofrecemos: Env\u00edo r\u00e1pido y compra segura en l\u00ednea.\" \/>\n<meta name=\"robots\" content=\"index, follow, max-snippet:-1, max-image-preview:large, max-video-preview:-1\" \/>\n<link rel=\"canonical\" href=\"https:\/\/lions-pharmacy.com\/es\/producto\/sea-fish-oil-supra-with-60-omega-3-fatty-acids-100-pcs\" \/>\n<meta property=\"og:locale\" content=\"es_ES\" \/>\n<meta property=\"og:type\" content=\"article\" \/>\n<meta property=\"og:title\" content=\"Supra de aceite de pescado de mar con un 60% de \u00e1cidos grasos omega-3 (100 uds.) &#187; shop it\" \/>\n<meta property=\"og:description\" content=\"Aceite vegetal de algas: rico en EPA y DHA. Supra de aceite de pescado de mar con un 60% de \u00e1cidos grasos omega-3 (100 uds.). Te ofrecemos: Env\u00edo r\u00e1pido y compra segura en l\u00ednea.\" \/>\n<meta property=\"og:url\" content=\"https:\/\/lions-pharmacy.com\/es\/producto\/sea-fish-oil-supra-with-60-omega-3-fatty-acids-100-pcs\" \/>\n<meta property=\"og:site_name\" content=\"Lion Pharmacy\" \/>\n<meta property=\"article:modified_time\" content=\"2025-11-09T16:47:02+00:00\" \/>\n<meta property=\"og:image\" content=\"https:\/\/lions-pharmacy.com\/wp-content\/uploads\/2025\/11\/Seefischoel-Supra-mit-60-Omega-3-Fettsaeuren-100-St.-PZN-04999408.webp\" \/>\n\t<meta property=\"og:image:width\" content=\"600\" \/>\n\t<meta property=\"og:image:height\" content=\"600\" \/>\n\t<meta property=\"og:image:type\" content=\"image\/webp\" \/>\n<meta name=\"twitter:card\" content=\"summary_large_image\" \/>\n<meta name=\"twitter:label1\" content=\"Tiempo de lectura\" \/>\n\t<meta name=\"twitter:data1\" content=\"2 minutos\" \/>\n<script type=\"application\/ld+json\" class=\"yoast-schema-graph\">{\"@context\":\"https:\/\/schema.org\",\"@graph\":[{\"@type\":\"WebPage\",\"@id\":\"https:\/\/lions-pharmacy.com\/es\/producto\/sea-fish-oil-supra-with-60-omega-3-fatty-acids-100-pcs\",\"url\":\"https:\/\/lions-pharmacy.com\/es\/producto\/sea-fish-oil-supra-with-60-omega-3-fatty-acids-100-pcs\",\"name\":\"Supra de aceite de pescado de mar con un 60% de \u00e1cidos grasos omega-3 (100 uds.) &#187; shop it\",\"isPartOf\":{\"@id\":\"https:\/\/lions-pharmacy.com\/es#website\"},\"primaryImageOfPage\":{\"@id\":\"https:\/\/lions-pharmacy.com\/es\/producto\/sea-fish-oil-supra-with-60-omega-3-fatty-acids-100-pcs#primaryimage\"},\"image\":{\"@id\":\"https:\/\/lions-pharmacy.com\/es\/producto\/sea-fish-oil-supra-with-60-omega-3-fatty-acids-100-pcs#primaryimage\"},\"thumbnailUrl\":\"https:\/\/lions-pharmacy.com\/wp-content\/uploads\/2025\/11\/Seefischoel-Supra-mit-60-Omega-3-Fettsaeuren-100-St.-PZN-04999408.webp\",\"datePublished\":\"2025-11-09T16:08:20+00:00\",\"dateModified\":\"2025-11-09T16:47:02+00:00\",\"description\":\"Aceite vegetal de algas: rico en EPA y DHA. Supra de aceite de pescado de mar con un 60% de \u00e1cidos grasos omega-3 (100 uds.). Te ofrecemos: Env\u00edo r\u00e1pido y compra segura en l\u00ednea.\",\"breadcrumb\":{\"@id\":\"https:\/\/lions-pharmacy.com\/es\/producto\/sea-fish-oil-supra-with-60-omega-3-fatty-acids-100-pcs#breadcrumb\"},\"inLanguage\":\"es\",\"potentialAction\":[{\"@type\":\"ReadAction\",\"target\":[\"https:\/\/lions-pharmacy.com\/es\/producto\/sea-fish-oil-supra-with-60-omega-3-fatty-acids-100-pcs\"]}]},{\"@type\":\"ImageObject\",\"inLanguage\":\"es\",\"@id\":\"https:\/\/lions-pharmacy.com\/es\/producto\/sea-fish-oil-supra-with-60-omega-3-fatty-acids-100-pcs#primaryimage\",\"url\":\"https:\/\/lions-pharmacy.com\/wp-content\/uploads\/2025\/11\/Seefischoel-Supra-mit-60-Omega-3-Fettsaeuren-100-St.-PZN-04999408.webp\",\"contentUrl\":\"https:\/\/lions-pharmacy.com\/wp-content\/uploads\/2025\/11\/Seefischoel-Supra-mit-60-Omega-3-Fettsaeuren-100-St.-PZN-04999408.webp\",\"width\":600,\"height\":600,\"caption\":\"Seefischoel Supra mit 60% Omega-3 Fettsaeuren 100 St und PZN-04999408\"},{\"@type\":\"BreadcrumbList\",\"@id\":\"https:\/\/lions-pharmacy.com\/es\/producto\/sea-fish-oil-supra-with-60-omega-3-fatty-acids-100-pcs#breadcrumb\",\"itemListElement\":[{\"@type\":\"ListItem\",\"position\":1,\"name\":\"Home\",\"item\":\"https:\/\/lions-pharmacy.com\/es\/homepage-lion-pharmacy\"},{\"@type\":\"ListItem\",\"position\":2,\"name\":\"Shop\",\"item\":\"https:\/\/lions-pharmacy.com\/es\/tienda\"},{\"@type\":\"ListItem\",\"position\":3,\"name\":\"Supra de aceite de pescado de mar con un 60% de \u00e1cidos grasos omega-3 (100 uds.)\"}]},{\"@type\":\"WebSite\",\"@id\":\"https:\/\/lions-pharmacy.com\/es#website\",\"url\":\"https:\/\/lions-pharmacy.com\/es\",\"name\":\"Lions Pharmacy\",\"description\":\"Farmacia especializada en naturopat\u00eda de Baden-Baden, Alemania\",\"publisher\":{\"@id\":\"https:\/\/lions-pharmacy.com\/es#organization\"},\"alternateName\":\"Lion Pharmacy\",\"potentialAction\":[{\"@type\":\"SearchAction\",\"target\":{\"@type\":\"EntryPoint\",\"urlTemplate\":\"https:\/\/lions-pharmacy.com\/es?s={search_term_string}\"},\"query-input\":{\"@type\":\"PropertyValueSpecification\",\"valueRequired\":true,\"valueName\":\"search_term_string\"}}],\"inLanguage\":\"es\"},{\"@type\":\"Organization\",\"@id\":\"https:\/\/lions-pharmacy.com\/es#organization\",\"name\":\"Lions Pharmacy\",\"alternateName\":\"Lions Pharmacy24\",\"url\":\"https:\/\/lions-pharmacy.com\/es\",\"logo\":{\"@type\":\"ImageObject\",\"inLanguage\":\"es\",\"@id\":\"https:\/\/lions-pharmacy.com\/es#\/schema\/logo\/image\/\",\"url\":\"https:\/\/lions-pharmacy.com\/wp-content\/uploads\/2022\/12\/Logo-Lion-Pharmacy-c-o-Loewen-Apotheke-smal.jpg\",\"contentUrl\":\"https:\/\/lions-pharmacy.com\/wp-content\/uploads\/2022\/12\/Logo-Lion-Pharmacy-c-o-Loewen-Apotheke-smal.jpg\",\"width\":298,\"height\":99,\"caption\":\"Lions Pharmacy\"},\"image\":{\"@id\":\"https:\/\/lions-pharmacy.com\/es#\/schema\/logo\/image\/\"}}]}<\/script>\n<!-- \/ Yoast SEO plugin. -->","yoast_head_json":{"title":"Supra de aceite de pescado de mar con un 60% de \u00e1cidos grasos omega-3 (100 uds.) &#187; shop it","description":"Aceite vegetal de algas: rico en EPA y DHA. Supra de aceite de pescado de mar con un 60% de \u00e1cidos grasos omega-3 (100 uds.). Te ofrecemos: Env\u00edo r\u00e1pido y compra segura en l\u00ednea.","robots":{"index":"index","follow":"follow","max-snippet":"max-snippet:-1","max-image-preview":"max-image-preview:large","max-video-preview":"max-video-preview:-1"},"canonical":"https:\/\/lions-pharmacy.com\/es\/producto\/sea-fish-oil-supra-with-60-omega-3-fatty-acids-100-pcs","og_locale":"es_ES","og_type":"article","og_title":"Supra de aceite de pescado de mar con un 60% de \u00e1cidos grasos omega-3 (100 uds.) &#187; shop it","og_description":"Aceite vegetal de algas: rico en EPA y DHA. Supra de aceite de pescado de mar con un 60% de \u00e1cidos grasos omega-3 (100 uds.). Te ofrecemos: Env\u00edo r\u00e1pido y compra segura en l\u00ednea.","og_url":"https:\/\/lions-pharmacy.com\/es\/producto\/sea-fish-oil-supra-with-60-omega-3-fatty-acids-100-pcs","og_site_name":"Lion Pharmacy","article_modified_time":"2025-11-09T16:47:02+00:00","og_image":[{"width":600,"height":600,"url":"https:\/\/lions-pharmacy.com\/wp-content\/uploads\/2025\/11\/Seefischoel-Supra-mit-60-Omega-3-Fettsaeuren-100-St.-PZN-04999408.webp","type":"image\/webp"}],"twitter_card":"summary_large_image","twitter_misc":{"Tiempo de lectura":"2 minutos"},"schema":{"@context":"https:\/\/schema.org","@graph":[{"@type":"WebPage","@id":"https:\/\/lions-pharmacy.com\/es\/producto\/sea-fish-oil-supra-with-60-omega-3-fatty-acids-100-pcs","url":"https:\/\/lions-pharmacy.com\/es\/producto\/sea-fish-oil-supra-with-60-omega-3-fatty-acids-100-pcs","name":"Supra de aceite de pescado de mar con un 60% de \u00e1cidos grasos omega-3 (100 uds.) &#187; shop it","isPartOf":{"@id":"https:\/\/lions-pharmacy.com\/es#website"},"primaryImageOfPage":{"@id":"https:\/\/lions-pharmacy.com\/es\/producto\/sea-fish-oil-supra-with-60-omega-3-fatty-acids-100-pcs#primaryimage"},"image":{"@id":"https:\/\/lions-pharmacy.com\/es\/producto\/sea-fish-oil-supra-with-60-omega-3-fatty-acids-100-pcs#primaryimage"},"thumbnailUrl":"https:\/\/lions-pharmacy.com\/wp-content\/uploads\/2025\/11\/Seefischoel-Supra-mit-60-Omega-3-Fettsaeuren-100-St.-PZN-04999408.webp","datePublished":"2025-11-09T16:08:20+00:00","dateModified":"2025-11-09T16:47:02+00:00","description":"Aceite vegetal de algas: rico en EPA y DHA. Supra de aceite de pescado de mar con un 60% de \u00e1cidos grasos omega-3 (100 uds.). Te ofrecemos: Env\u00edo r\u00e1pido y compra segura en l\u00ednea.","breadcrumb":{"@id":"https:\/\/lions-pharmacy.com\/es\/producto\/sea-fish-oil-supra-with-60-omega-3-fatty-acids-100-pcs#breadcrumb"},"inLanguage":"es","potentialAction":[{"@type":"ReadAction","target":["https:\/\/lions-pharmacy.com\/es\/producto\/sea-fish-oil-supra-with-60-omega-3-fatty-acids-100-pcs"]}]},{"@type":"ImageObject","inLanguage":"es","@id":"https:\/\/lions-pharmacy.com\/es\/producto\/sea-fish-oil-supra-with-60-omega-3-fatty-acids-100-pcs#primaryimage","url":"https:\/\/lions-pharmacy.com\/wp-content\/uploads\/2025\/11\/Seefischoel-Supra-mit-60-Omega-3-Fettsaeuren-100-St.-PZN-04999408.webp","contentUrl":"https:\/\/lions-pharmacy.com\/wp-content\/uploads\/2025\/11\/Seefischoel-Supra-mit-60-Omega-3-Fettsaeuren-100-St.-PZN-04999408.webp","width":600,"height":600,"caption":"Seefischoel Supra mit 60% Omega-3 Fettsaeuren 100 St und PZN-04999408"},{"@type":"BreadcrumbList","@id":"https:\/\/lions-pharmacy.com\/es\/producto\/sea-fish-oil-supra-with-60-omega-3-fatty-acids-100-pcs#breadcrumb","itemListElement":[{"@type":"ListItem","position":1,"name":"Home","item":"https:\/\/lions-pharmacy.com\/es\/homepage-lion-pharmacy"},{"@type":"ListItem","position":2,"name":"Shop","item":"https:\/\/lions-pharmacy.com\/es\/tienda"},{"@type":"ListItem","position":3,"name":"Supra de aceite de pescado de mar con un 60% de \u00e1cidos grasos omega-3 (100 uds.)"}]},{"@type":"WebSite","@id":"https:\/\/lions-pharmacy.com\/es#website","url":"https:\/\/lions-pharmacy.com\/es","name":"Lions Pharmacy","description":"Farmacia especializada en naturopat\u00eda de Baden-Baden, Alemania","publisher":{"@id":"https:\/\/lions-pharmacy.com\/es#organization"},"alternateName":"Lion Pharmacy","potentialAction":[{"@type":"SearchAction","target":{"@type":"EntryPoint","urlTemplate":"https:\/\/lions-pharmacy.com\/es?s={search_term_string}"},"query-input":{"@type":"PropertyValueSpecification","valueRequired":true,"valueName":"search_term_string"}}],"inLanguage":"es"},{"@type":"Organization","@id":"https:\/\/lions-pharmacy.com\/es#organization","name":"Lions Pharmacy","alternateName":"Lions Pharmacy24","url":"https:\/\/lions-pharmacy.com\/es","logo":{"@type":"ImageObject","inLanguage":"es","@id":"https:\/\/lions-pharmacy.com\/es#\/schema\/logo\/image\/","url":"https:\/\/lions-pharmacy.com\/wp-content\/uploads\/2022\/12\/Logo-Lion-Pharmacy-c-o-Loewen-Apotheke-smal.jpg","contentUrl":"https:\/\/lions-pharmacy.com\/wp-content\/uploads\/2022\/12\/Logo-Lion-Pharmacy-c-o-Loewen-Apotheke-smal.jpg","width":298,"height":99,"caption":"Lions Pharmacy"},"image":{"@id":"https:\/\/lions-pharmacy.com\/es#\/schema\/logo\/image\/"}}]}},"_links":{"self":[{"href":"https:\/\/lions-pharmacy.com\/es\/wp-json\/wp\/v2\/product\/16566","targetHints":{"allow":["GET"]}}],"collection":[{"href":"https:\/\/lions-pharmacy.com\/es\/wp-json\/wp\/v2\/product"}],"about":[{"href":"https:\/\/lions-pharmacy.com\/es\/wp-json\/wp\/v2\/types\/product"}],"replies":[{"embeddable":true,"href":"https:\/\/lions-pharmacy.com\/es\/wp-json\/wp\/v2\/comments?post=16566"}],"wp:featuredmedia":[{"embeddable":true,"href":"https:\/\/lions-pharmacy.com\/es\/wp-json\/wp\/v2\/media\/16572"}],"wp:attachment":[{"href":"https:\/\/lions-pharmacy.com\/es\/wp-json\/wp\/v2\/media?parent=16566"}],"wp:term":[{"taxonomy":"product_brand","embeddable":true,"href":"https:\/\/lions-pharmacy.com\/es\/wp-json\/wp\/v2\/product_brand?post=16566"},{"taxonomy":"product_cat","embeddable":true,"href":"https:\/\/lions-pharmacy.com\/es\/wp-json\/wp\/v2\/product_cat?post=16566"},{"taxonomy":"product_tag","embeddable":true,"href":"https:\/\/lions-pharmacy.com\/es\/wp-json\/wp\/v2\/product_tag?post=16566"}],"curies":[{"name":"wp","href":"https:\/\/api.w.org\/{rel}","templated":true}]}}