{"id":11784,"date":"2025-05-12T14:35:11","date_gmt":"2025-05-12T13:35:11","guid":{"rendered":"https:\/\/lions-pharmacy.com\/?post_type=product&#038;p=11784"},"modified":"2025-05-12T16:12:35","modified_gmt":"2025-05-12T15:12:35","slug":"lasea-softgels-28-pcs-05489626","status":"publish","type":"product","link":"https:\/\/lions-pharmacy.com\/es\/producto\/lasea-softgels-28-pcs-05489626","title":{"rendered":"Lasea C\u00e1psulas blandas 28 uds."},"content":{"rendered":"<h3 style=\"text-align: left;\">C\u00e1psulas blandas Lasea<\/h3>\n<p>Lasea para la inquietud interior, los sentimientos de ansiedad y los trastornos del sue\u00f1o resultantes. Calma y mejora el sue\u00f1o, no te vuelve adicto ni cansado durante el d\u00eda, con el aceite medicinal especial Silexan: ayuda contra la inquietud.<\/p>\n<p>Agitado, apresurado, rueda de h\u00e1mster: estr\u00e9s en el trabajo, estr\u00e9s en casa, estr\u00e9s en el tiempo libre: cada vez m\u00e1s personas sienten que apenas pueden hacer frente a las demandas de la vida cotidiana. Adem\u00e1s, est\u00e1n los miedos sobre la salud, la situaci\u00f3n vital actual o la propia existencia, que ya no permiten descansar. Durante un cierto per\u00edodo de tiempo, el cuerpo y el alma pueden dominar incluso los desaf\u00edos m\u00e1s grandes. Pero cuando la vida en el carril r\u00e1pido se convierte en una condici\u00f3n permanente, esto se manifiesta con quejas t\u00edpicas: inquietud, ansiedad, tensi\u00f3n constante, aumento de la irritabilidad, nerviosismo, trastornos del sue\u00f1o y problemas nerviosos estomacales son entonces posibles consecuencias. En caso de inquietud interior y sentimientos de ansiedad, la lavanda medicinal ofrece una valiosa ayuda.<\/p>\n<h3 style=\"text-align: left;\">Con el lavendel medicinal contra la inquietud interior y la tensi\u00f3n permanente.<\/h3>\n<p>Puede encontrar m\u00e1s detalles del producto para las c\u00e1psulas blandas Lasea del fabricante: <a href=\"https:\/\/www.lasea.de\/\" target=\"_blank\" rel=\"noopener\">Dr. Willmar Schwabe GmbH &amp; Co. KG<\/a><\/p>\n<p>Otros clientes tambi\u00e9n est\u00e1n interesados en productos relacionados con: <a href=\"\/de?product_tag=unruhe\">Trastornos del sue\u00f1o, inquietud<\/a> | <a href=\"\/de?product_tag=reiseapotheke\">Botiqu\u00edn <\/a> <\/p>\n<p>La informaci\u00f3n contenida en este sitio web se facilita \u00fanicamente con fines informativos. En ning\u00fan caso sustituyen al examen y tratamiento por un m\u00e9dico. Tenga en cuenta que esto significa que no se pueden hacer diagn\u00f3sticos ni iniciar terapias.<\/p>\n<p>Para conocer los riesgos y efectos secundarios, lea el prospecto y consulte a su m\u00e9dico o farmac\u00e9utico.<\/p>\n","protected":false},"excerpt":{"rendered":"<h2>C\u00e1psulas blandas Lasea<\/h2>\n<p>Lasea para la inquietud interior, los sentimientos de ansiedad y los trastornos del sue\u00f1o resultantes.<\/p>\n<p>&nbsp;<\/p>\n<p><strong>PZN:<\/strong> 05489626 (N\u00famero Farmac\u00e9utico Central)<\/p>\n<p><strong>Forma farmac\u00e9utica<\/strong>: c\u00e1psulas<\/p>\n<p><strong>Tipo de receta<\/strong>: sin receta<\/p>\n<p><strong>Fabricante<\/strong>: Dr. Willmar Schwabe GmbH &amp; Co. KG<\/p>\n<p><strong>Tama\u00f1o del paquete<\/strong>: 28 unidades.<\/p>\n","protected":false},"featured_media":4301,"comment_status":"closed","ping_status":"closed","template":"","meta":[],"product_brand":[],"product_cat":[463,125,116],"product_tag":[516,488,311,272],"class_list":{"0":"post-11784","1":"product","2":"type-product","3":"status-publish","4":"has-post-thumbnail","6":"product_cat-dr-schwabe-es","7":"product_cat-sale-es","8":"product_cat-sin-categorizar","9":"product_tag-ingrediente-activo-de-origen-vegetal","10":"product_tag-remedios-naturales","11":"product_tag-venta-mensual","12":"product_tag-vitaminas-y-suplementos","13":"ts_product_brand-all-es","14":"ts_product_brand-dr-schwabe-es","16":"first","17":"instock","18":"sale","19":"taxable","20":"shipping-taxable","21":"purchasable","22":"product-type-simple"},"yoast_head":"<!-- This site is optimized with the Yoast SEO plugin v26.5 - https:\/\/yoast.com\/wordpress\/plugins\/seo\/ -->\n<title>Lasea C\u00e1psulas blandas 28 uds. &#187; Lion Pharmacy<\/title>\n<meta name=\"description\" content=\"Lions Pharmacy, una farmacia alemana registrada. Ofrecemos: Env\u00edo internacional r\u00e1pido y compras seguras en l\u00ednea. Lasea C\u00e1psulas blandas 28 uds.\" \/>\n<meta name=\"robots\" content=\"index, follow, max-snippet:-1, max-image-preview:large, max-video-preview:-1\" \/>\n<link rel=\"canonical\" href=\"https:\/\/lions-pharmacy.com\/es\/producto\/lasea-softgels-28-pcs-05489626\" \/>\n<meta property=\"og:locale\" content=\"es_ES\" \/>\n<meta property=\"og:type\" content=\"article\" \/>\n<meta property=\"og:title\" content=\"Lasea C\u00e1psulas blandas 28 uds. &#187; Lion Pharmacy\" \/>\n<meta property=\"og:description\" content=\"Lions Pharmacy, una farmacia alemana registrada. Ofrecemos: Env\u00edo internacional r\u00e1pido y compras seguras en l\u00ednea. Lasea C\u00e1psulas blandas 28 uds.\" \/>\n<meta property=\"og:url\" content=\"https:\/\/lions-pharmacy.com\/es\/producto\/lasea-softgels-28-pcs-05489626\" \/>\n<meta property=\"og:site_name\" content=\"Lion Pharmacy\" \/>\n<meta property=\"article:modified_time\" content=\"2025-05-12T15:12:35+00:00\" \/>\n<meta property=\"og:image\" content=\"https:\/\/lions-pharmacy.com\/wp-content\/uploads\/2024\/09\/Lasea.webp\" \/>\n\t<meta property=\"og:image:width\" content=\"600\" \/>\n\t<meta property=\"og:image:height\" content=\"600\" \/>\n\t<meta property=\"og:image:type\" content=\"image\/webp\" \/>\n<meta name=\"twitter:card\" content=\"summary_large_image\" \/>\n<meta name=\"twitter:label1\" content=\"Tiempo de lectura\" \/>\n\t<meta name=\"twitter:data1\" content=\"2 minutos\" \/>\n<script type=\"application\/ld+json\" class=\"yoast-schema-graph\">{\"@context\":\"https:\/\/schema.org\",\"@graph\":[{\"@type\":\"WebPage\",\"@id\":\"https:\/\/lions-pharmacy.com\/es\/producto\/lasea-softgels-28-pcs-05489626\",\"url\":\"https:\/\/lions-pharmacy.com\/es\/producto\/lasea-softgels-28-pcs-05489626\",\"name\":\"Lasea C\u00e1psulas blandas 28 uds. &#187; Lion Pharmacy\",\"isPartOf\":{\"@id\":\"https:\/\/lions-pharmacy.com\/es#website\"},\"primaryImageOfPage\":{\"@id\":\"https:\/\/lions-pharmacy.com\/es\/producto\/lasea-softgels-28-pcs-05489626#primaryimage\"},\"image\":{\"@id\":\"https:\/\/lions-pharmacy.com\/es\/producto\/lasea-softgels-28-pcs-05489626#primaryimage\"},\"thumbnailUrl\":\"https:\/\/lions-pharmacy.com\/wp-content\/uploads\/2024\/09\/Lasea.webp\",\"datePublished\":\"2025-05-12T13:35:11+00:00\",\"dateModified\":\"2025-05-12T15:12:35+00:00\",\"description\":\"Lions Pharmacy, una farmacia alemana registrada. Ofrecemos: Env\u00edo internacional r\u00e1pido y compras seguras en l\u00ednea. Lasea C\u00e1psulas blandas 28 uds.\",\"breadcrumb\":{\"@id\":\"https:\/\/lions-pharmacy.com\/es\/producto\/lasea-softgels-28-pcs-05489626#breadcrumb\"},\"inLanguage\":\"es\",\"potentialAction\":[{\"@type\":\"ReadAction\",\"target\":[\"https:\/\/lions-pharmacy.com\/es\/producto\/lasea-softgels-28-pcs-05489626\"]}]},{\"@type\":\"ImageObject\",\"inLanguage\":\"es\",\"@id\":\"https:\/\/lions-pharmacy.com\/es\/producto\/lasea-softgels-28-pcs-05489626#primaryimage\",\"url\":\"https:\/\/lions-pharmacy.com\/wp-content\/uploads\/2024\/09\/Lasea.webp\",\"contentUrl\":\"https:\/\/lions-pharmacy.com\/wp-content\/uploads\/2024\/09\/Lasea.webp\",\"width\":600,\"height\":600,\"caption\":\"Lasea 56 St\u00fcck 05489632 Farmacia de los Leones\"},{\"@type\":\"BreadcrumbList\",\"@id\":\"https:\/\/lions-pharmacy.com\/es\/producto\/lasea-softgels-28-pcs-05489626#breadcrumb\",\"itemListElement\":[{\"@type\":\"ListItem\",\"position\":1,\"name\":\"Home\",\"item\":\"https:\/\/lions-pharmacy.com\/es\/homepage-lion-pharmacy\"},{\"@type\":\"ListItem\",\"position\":2,\"name\":\"Shop\",\"item\":\"https:\/\/lions-pharmacy.com\/es\/tienda\"},{\"@type\":\"ListItem\",\"position\":3,\"name\":\"Lasea C\u00e1psulas blandas 28 uds.\"}]},{\"@type\":\"WebSite\",\"@id\":\"https:\/\/lions-pharmacy.com\/es#website\",\"url\":\"https:\/\/lions-pharmacy.com\/es\",\"name\":\"Lions Pharmacy\",\"description\":\"Farmacia especializada en naturopat\u00eda de Baden-Baden, Alemania\",\"publisher\":{\"@id\":\"https:\/\/lions-pharmacy.com\/es#organization\"},\"alternateName\":\"Lion Pharmacy\",\"potentialAction\":[{\"@type\":\"SearchAction\",\"target\":{\"@type\":\"EntryPoint\",\"urlTemplate\":\"https:\/\/lions-pharmacy.com\/es?s={search_term_string}\"},\"query-input\":{\"@type\":\"PropertyValueSpecification\",\"valueRequired\":true,\"valueName\":\"search_term_string\"}}],\"inLanguage\":\"es\"},{\"@type\":\"Organization\",\"@id\":\"https:\/\/lions-pharmacy.com\/es#organization\",\"name\":\"Lions Pharmacy\",\"alternateName\":\"Lions Pharmacy24\",\"url\":\"https:\/\/lions-pharmacy.com\/es\",\"logo\":{\"@type\":\"ImageObject\",\"inLanguage\":\"es\",\"@id\":\"https:\/\/lions-pharmacy.com\/es#\/schema\/logo\/image\/\",\"url\":\"https:\/\/lions-pharmacy.com\/wp-content\/uploads\/2022\/12\/Logo-Lion-Pharmacy-c-o-Loewen-Apotheke-smal.jpg\",\"contentUrl\":\"https:\/\/lions-pharmacy.com\/wp-content\/uploads\/2022\/12\/Logo-Lion-Pharmacy-c-o-Loewen-Apotheke-smal.jpg\",\"width\":298,\"height\":99,\"caption\":\"Lions Pharmacy\"},\"image\":{\"@id\":\"https:\/\/lions-pharmacy.com\/es#\/schema\/logo\/image\/\"}}]}<\/script>\n<!-- \/ Yoast SEO plugin. -->","yoast_head_json":{"title":"Lasea C\u00e1psulas blandas 28 uds. &#187; Lion Pharmacy","description":"Lions Pharmacy, una farmacia alemana registrada. Ofrecemos: Env\u00edo internacional r\u00e1pido y compras seguras en l\u00ednea. Lasea C\u00e1psulas blandas 28 uds.","robots":{"index":"index","follow":"follow","max-snippet":"max-snippet:-1","max-image-preview":"max-image-preview:large","max-video-preview":"max-video-preview:-1"},"canonical":"https:\/\/lions-pharmacy.com\/es\/producto\/lasea-softgels-28-pcs-05489626","og_locale":"es_ES","og_type":"article","og_title":"Lasea C\u00e1psulas blandas 28 uds. &#187; Lion Pharmacy","og_description":"Lions Pharmacy, una farmacia alemana registrada. Ofrecemos: Env\u00edo internacional r\u00e1pido y compras seguras en l\u00ednea. Lasea C\u00e1psulas blandas 28 uds.","og_url":"https:\/\/lions-pharmacy.com\/es\/producto\/lasea-softgels-28-pcs-05489626","og_site_name":"Lion Pharmacy","article_modified_time":"2025-05-12T15:12:35+00:00","og_image":[{"width":600,"height":600,"url":"https:\/\/lions-pharmacy.com\/wp-content\/uploads\/2024\/09\/Lasea.webp","type":"image\/webp"}],"twitter_card":"summary_large_image","twitter_misc":{"Tiempo de lectura":"2 minutos"},"schema":{"@context":"https:\/\/schema.org","@graph":[{"@type":"WebPage","@id":"https:\/\/lions-pharmacy.com\/es\/producto\/lasea-softgels-28-pcs-05489626","url":"https:\/\/lions-pharmacy.com\/es\/producto\/lasea-softgels-28-pcs-05489626","name":"Lasea C\u00e1psulas blandas 28 uds. &#187; Lion Pharmacy","isPartOf":{"@id":"https:\/\/lions-pharmacy.com\/es#website"},"primaryImageOfPage":{"@id":"https:\/\/lions-pharmacy.com\/es\/producto\/lasea-softgels-28-pcs-05489626#primaryimage"},"image":{"@id":"https:\/\/lions-pharmacy.com\/es\/producto\/lasea-softgels-28-pcs-05489626#primaryimage"},"thumbnailUrl":"https:\/\/lions-pharmacy.com\/wp-content\/uploads\/2024\/09\/Lasea.webp","datePublished":"2025-05-12T13:35:11+00:00","dateModified":"2025-05-12T15:12:35+00:00","description":"Lions Pharmacy, una farmacia alemana registrada. Ofrecemos: Env\u00edo internacional r\u00e1pido y compras seguras en l\u00ednea. Lasea C\u00e1psulas blandas 28 uds.","breadcrumb":{"@id":"https:\/\/lions-pharmacy.com\/es\/producto\/lasea-softgels-28-pcs-05489626#breadcrumb"},"inLanguage":"es","potentialAction":[{"@type":"ReadAction","target":["https:\/\/lions-pharmacy.com\/es\/producto\/lasea-softgels-28-pcs-05489626"]}]},{"@type":"ImageObject","inLanguage":"es","@id":"https:\/\/lions-pharmacy.com\/es\/producto\/lasea-softgels-28-pcs-05489626#primaryimage","url":"https:\/\/lions-pharmacy.com\/wp-content\/uploads\/2024\/09\/Lasea.webp","contentUrl":"https:\/\/lions-pharmacy.com\/wp-content\/uploads\/2024\/09\/Lasea.webp","width":600,"height":600,"caption":"Lasea 56 St\u00fcck 05489632 Farmacia de los Leones"},{"@type":"BreadcrumbList","@id":"https:\/\/lions-pharmacy.com\/es\/producto\/lasea-softgels-28-pcs-05489626#breadcrumb","itemListElement":[{"@type":"ListItem","position":1,"name":"Home","item":"https:\/\/lions-pharmacy.com\/es\/homepage-lion-pharmacy"},{"@type":"ListItem","position":2,"name":"Shop","item":"https:\/\/lions-pharmacy.com\/es\/tienda"},{"@type":"ListItem","position":3,"name":"Lasea C\u00e1psulas blandas 28 uds."}]},{"@type":"WebSite","@id":"https:\/\/lions-pharmacy.com\/es#website","url":"https:\/\/lions-pharmacy.com\/es","name":"Lions Pharmacy","description":"Farmacia especializada en naturopat\u00eda de Baden-Baden, Alemania","publisher":{"@id":"https:\/\/lions-pharmacy.com\/es#organization"},"alternateName":"Lion Pharmacy","potentialAction":[{"@type":"SearchAction","target":{"@type":"EntryPoint","urlTemplate":"https:\/\/lions-pharmacy.com\/es?s={search_term_string}"},"query-input":{"@type":"PropertyValueSpecification","valueRequired":true,"valueName":"search_term_string"}}],"inLanguage":"es"},{"@type":"Organization","@id":"https:\/\/lions-pharmacy.com\/es#organization","name":"Lions Pharmacy","alternateName":"Lions Pharmacy24","url":"https:\/\/lions-pharmacy.com\/es","logo":{"@type":"ImageObject","inLanguage":"es","@id":"https:\/\/lions-pharmacy.com\/es#\/schema\/logo\/image\/","url":"https:\/\/lions-pharmacy.com\/wp-content\/uploads\/2022\/12\/Logo-Lion-Pharmacy-c-o-Loewen-Apotheke-smal.jpg","contentUrl":"https:\/\/lions-pharmacy.com\/wp-content\/uploads\/2022\/12\/Logo-Lion-Pharmacy-c-o-Loewen-Apotheke-smal.jpg","width":298,"height":99,"caption":"Lions Pharmacy"},"image":{"@id":"https:\/\/lions-pharmacy.com\/es#\/schema\/logo\/image\/"}}]}},"_links":{"self":[{"href":"https:\/\/lions-pharmacy.com\/es\/wp-json\/wp\/v2\/product\/11784","targetHints":{"allow":["GET"]}}],"collection":[{"href":"https:\/\/lions-pharmacy.com\/es\/wp-json\/wp\/v2\/product"}],"about":[{"href":"https:\/\/lions-pharmacy.com\/es\/wp-json\/wp\/v2\/types\/product"}],"replies":[{"embeddable":true,"href":"https:\/\/lions-pharmacy.com\/es\/wp-json\/wp\/v2\/comments?post=11784"}],"wp:featuredmedia":[{"embeddable":true,"href":"https:\/\/lions-pharmacy.com\/es\/wp-json\/wp\/v2\/media\/4301"}],"wp:attachment":[{"href":"https:\/\/lions-pharmacy.com\/es\/wp-json\/wp\/v2\/media?parent=11784"}],"wp:term":[{"taxonomy":"product_brand","embeddable":true,"href":"https:\/\/lions-pharmacy.com\/es\/wp-json\/wp\/v2\/product_brand?post=11784"},{"taxonomy":"product_cat","embeddable":true,"href":"https:\/\/lions-pharmacy.com\/es\/wp-json\/wp\/v2\/product_cat?post=11784"},{"taxonomy":"product_tag","embeddable":true,"href":"https:\/\/lions-pharmacy.com\/es\/wp-json\/wp\/v2\/product_tag?post=11784"}],"curies":[{"name":"wp","href":"https:\/\/api.w.org\/{rel}","templated":true}]}}