{"id":10453,"date":"2025-03-26T20:14:06","date_gmt":"2025-03-26T19:14:06","guid":{"rendered":"https:\/\/lions-pharmacy.com\/?post_type=product&#038;p=10453"},"modified":"2025-03-26T20:38:06","modified_gmt":"2025-03-26T19:38:06","slug":"omni-biotic-skin-intensive-skin-bath","status":"publish","type":"product","link":"https:\/\/lions-pharmacy.com\/es\/producto\/omni-biotic-skin-intensive-skin-bath","title":{"rendered":"OMNi-BiOTiC Skin Polvos de ba\u00f1o intensivos para la piel (125 g)"},"content":{"rendered":"<h3>OMNi-BiOTiC Skin Polvos de ba\u00f1o intensivos para la piel<\/h3>\n<p>OMNi-BiOTiC Skin polvo de ba\u00f1o intensivo para la piel &#8211; Protecci\u00f3n y cuidado de la dermatitis at\u00f3pica. Protege y cuida la piel de forma suave y natural. Ba\u00f1o intensivo para la piel.<\/p>\n<p>Prospecto\/instrucciones de uso\/ficha t\u00e9cnica del art\u00edculo: &#8211; (lector de PDF)<\/p>\n<p>Otros productos para la aplicaci\u00f3n: <a href=\"https:\/\/lions-pharmacy.com\/product-tag\/concentration-stress\">Estr\u00e9s y sistema inmunol\u00f3gico<\/a> | <a href=\"https:\/\/lions-pharmacy.com\/product-tag\/homeopathy\">Homeopat\u00eda<\/a> | <a href=\"https:\/\/lions-pharmacy.com\/product-tag\/vitamins-supplements\">Vitaminas y suplementos Productos<\/a><\/p>\n<p>M\u00e1s informaci\u00f3n sobre el fabricante y el producto: <a href=\"https:\/\/www.allergosan.com\/de\/unsere-produkte\/omni-biotic\/\" target=\"_blank\" rel=\"noopener\">Omni-Biotic<\/a> (enlace a la p\u00e1gina web externa)<\/p>\n<p>La informaci\u00f3n contenida en este sitio web se facilita \u00fanicamente con fines informativos. En ning\u00fan caso sustituyen al examen y tratamiento por un m\u00e9dico. Tenga en cuenta que esto significa que no se pueden hacer diagn\u00f3sticos ni iniciar terapias. Los suplementos diet\u00e9ticos no son un sustituto de una dieta equilibrada y variada y un estilo de vida saludable. No se debe exceder la cantidad de consumo diario recomendada indicada. Guarde el producto fuera del alcance de los ni\u00f1os peque\u00f1os.<\/p>\n<p>Para conocer los riesgos y efectos secundarios, lea el prospecto y consulte a su m\u00e9dico o farmac\u00e9utico.<\/p>\n","protected":false},"excerpt":{"rendered":"<h2>OMNi-BiOTiC Skin Polvos de ba\u00f1o intensivos para la piel<\/h2>\n<p>Protecci\u00f3n y cuidados de la dermatitis at\u00f3pica. Protege y cuida la piel de forma suave y natural.<\/p>\n<p>&nbsp;<\/p>\n<p><strong>PZN<\/strong>: 19382932 (N\u00famero central de farmacia)<\/p>\n<p><strong>Forma de dosificaci\u00f3n<\/strong>: polvo<\/p>\n<p><strong>Tipo de receta<\/strong>: sin receta<\/p>\n<p><strong>Marca<\/strong>: OMNI-BiOTiC<\/p>\n<p><strong>Fabricante<\/strong>: INSTITUT ALLERGOSAN Deutschland GmbH<\/p>\n<p><strong>Tama\u00f1o del envase<\/strong>: 125 g<\/p>\n","protected":false},"featured_media":10459,"comment_status":"closed","ping_status":"closed","template":"","meta":[],"product_brand":[],"product_cat":[614,125,116],"product_tag":[299,273,308,605,275,311,272],"class_list":{"0":"post-10453","1":"product","2":"type-product","3":"status-publish","4":"has-post-thumbnail","6":"product_cat-omni-biotico-es","7":"product_cat-sale-es","8":"product_cat-sin-categorizar","9":"product_tag-concentracion-y-estres","10":"product_tag-control-de-peso","11":"product_tag-homeopatia","12":"product_tag-medicina-veterinaria-es","13":"product_tag-peso-y-forma-fisica","14":"product_tag-venta-mensual","15":"product_tag-vitaminas-y-suplementos","16":"ts_product_brand-all-es","17":"ts_product_brand-allergosan-es","19":"first","20":"instock","21":"sale","22":"taxable","23":"shipping-taxable","24":"purchasable","25":"product-type-simple"},"yoast_head":"<!-- This site is optimized with the Yoast SEO plugin v26.5 - https:\/\/yoast.com\/wordpress\/plugins\/seo\/ -->\n<title>OMNi-BiOTiC Skin Polvos de ba\u00f1o intensivos para la piel (125 g) &#187; Orden en Lion Pharmacy<\/title>\n<meta name=\"description\" content=\"Una farmacia en l\u00ednea registrada. Ofrecemos: Env\u00edo internacional r\u00e1pido con DHL. Cuidado de la dermatitis: OMNi-BiOTiC Skin Polvos de ba\u00f1o intensivos para la piel (125 g)\" \/>\n<meta name=\"robots\" content=\"index, follow, max-snippet:-1, max-image-preview:large, max-video-preview:-1\" \/>\n<link rel=\"canonical\" href=\"https:\/\/lions-pharmacy.com\/es\/producto\/omni-biotic-skin-intensive-skin-bath\" \/>\n<meta property=\"og:locale\" content=\"es_ES\" \/>\n<meta property=\"og:type\" content=\"article\" \/>\n<meta property=\"og:title\" content=\"OMNi-BiOTiC Skin Polvos de ba\u00f1o intensivos para la piel (125 g) &#187; Orden en Lion Pharmacy\" \/>\n<meta property=\"og:description\" content=\"Una farmacia en l\u00ednea registrada. Ofrecemos: Env\u00edo internacional r\u00e1pido con DHL. Cuidado de la dermatitis: OMNi-BiOTiC Skin Polvos de ba\u00f1o intensivos para la piel (125 g)\" \/>\n<meta property=\"og:url\" content=\"https:\/\/lions-pharmacy.com\/es\/producto\/omni-biotic-skin-intensive-skin-bath\" \/>\n<meta property=\"og:site_name\" content=\"Lion Pharmacy\" \/>\n<meta property=\"article:modified_time\" content=\"2025-03-26T19:38:06+00:00\" \/>\n<meta property=\"og:image\" content=\"https:\/\/lions-pharmacy.com\/wp-content\/uploads\/2025\/03\/Omni-biotic-skin-Intensive-skin-bath-from-Allergosan-presented-by-Lions-Pharmacy.webp\" \/>\n\t<meta property=\"og:image:width\" content=\"600\" \/>\n\t<meta property=\"og:image:height\" content=\"600\" \/>\n\t<meta property=\"og:image:type\" content=\"image\/webp\" \/>\n<meta name=\"twitter:card\" content=\"summary_large_image\" \/>\n<meta name=\"twitter:label1\" content=\"Tiempo de lectura\" \/>\n\t<meta name=\"twitter:data1\" content=\"1 minuto\" \/>\n<script type=\"application\/ld+json\" class=\"yoast-schema-graph\">{\"@context\":\"https:\/\/schema.org\",\"@graph\":[{\"@type\":\"WebPage\",\"@id\":\"https:\/\/lions-pharmacy.com\/es\/producto\/omni-biotic-skin-intensive-skin-bath\",\"url\":\"https:\/\/lions-pharmacy.com\/es\/producto\/omni-biotic-skin-intensive-skin-bath\",\"name\":\"OMNi-BiOTiC Skin Polvos de ba\u00f1o intensivos para la piel (125 g) &#187; Orden en Lion Pharmacy\",\"isPartOf\":{\"@id\":\"https:\/\/lions-pharmacy.com\/es#website\"},\"primaryImageOfPage\":{\"@id\":\"https:\/\/lions-pharmacy.com\/es\/producto\/omni-biotic-skin-intensive-skin-bath#primaryimage\"},\"image\":{\"@id\":\"https:\/\/lions-pharmacy.com\/es\/producto\/omni-biotic-skin-intensive-skin-bath#primaryimage\"},\"thumbnailUrl\":\"https:\/\/lions-pharmacy.com\/wp-content\/uploads\/2025\/03\/Omni-biotic-skin-Intensive-skin-bath-from-Allergosan-presented-by-Lions-Pharmacy.webp\",\"datePublished\":\"2025-03-26T19:14:06+00:00\",\"dateModified\":\"2025-03-26T19:38:06+00:00\",\"description\":\"Una farmacia en l\u00ednea registrada. Ofrecemos: Env\u00edo internacional r\u00e1pido con DHL. Cuidado de la dermatitis: OMNi-BiOTiC Skin Polvos de ba\u00f1o intensivos para la piel (125 g)\",\"breadcrumb\":{\"@id\":\"https:\/\/lions-pharmacy.com\/es\/producto\/omni-biotic-skin-intensive-skin-bath#breadcrumb\"},\"inLanguage\":\"es\",\"potentialAction\":[{\"@type\":\"ReadAction\",\"target\":[\"https:\/\/lions-pharmacy.com\/es\/producto\/omni-biotic-skin-intensive-skin-bath\"]}]},{\"@type\":\"ImageObject\",\"inLanguage\":\"es\",\"@id\":\"https:\/\/lions-pharmacy.com\/es\/producto\/omni-biotic-skin-intensive-skin-bath#primaryimage\",\"url\":\"https:\/\/lions-pharmacy.com\/wp-content\/uploads\/2025\/03\/Omni-biotic-skin-Intensive-skin-bath-from-Allergosan-presented-by-Lions-Pharmacy.webp\",\"contentUrl\":\"https:\/\/lions-pharmacy.com\/wp-content\/uploads\/2025\/03\/Omni-biotic-skin-Intensive-skin-bath-from-Allergosan-presented-by-Lions-Pharmacy.webp\",\"width\":600,\"height\":600,\"caption\":\"Omni-biotic-skin Ba\u00f1o intensivo para la piel de Allergosan presentado por Lions-Pharmacy\"},{\"@type\":\"BreadcrumbList\",\"@id\":\"https:\/\/lions-pharmacy.com\/es\/producto\/omni-biotic-skin-intensive-skin-bath#breadcrumb\",\"itemListElement\":[{\"@type\":\"ListItem\",\"position\":1,\"name\":\"Home\",\"item\":\"https:\/\/lions-pharmacy.com\/es\/homepage-lion-pharmacy\"},{\"@type\":\"ListItem\",\"position\":2,\"name\":\"Shop\",\"item\":\"https:\/\/lions-pharmacy.com\/es\/tienda\"},{\"@type\":\"ListItem\",\"position\":3,\"name\":\"OMNi-BiOTiC Skin Polvos de ba\u00f1o intensivos para la piel (125 g)\"}]},{\"@type\":\"WebSite\",\"@id\":\"https:\/\/lions-pharmacy.com\/es#website\",\"url\":\"https:\/\/lions-pharmacy.com\/es\",\"name\":\"Lions Pharmacy\",\"description\":\"Farmacia especializada en naturopat\u00eda de Baden-Baden, Alemania\",\"publisher\":{\"@id\":\"https:\/\/lions-pharmacy.com\/es#organization\"},\"alternateName\":\"Lion Pharmacy\",\"potentialAction\":[{\"@type\":\"SearchAction\",\"target\":{\"@type\":\"EntryPoint\",\"urlTemplate\":\"https:\/\/lions-pharmacy.com\/es?s={search_term_string}\"},\"query-input\":{\"@type\":\"PropertyValueSpecification\",\"valueRequired\":true,\"valueName\":\"search_term_string\"}}],\"inLanguage\":\"es\"},{\"@type\":\"Organization\",\"@id\":\"https:\/\/lions-pharmacy.com\/es#organization\",\"name\":\"Lions Pharmacy\",\"alternateName\":\"Lions Pharmacy24\",\"url\":\"https:\/\/lions-pharmacy.com\/es\",\"logo\":{\"@type\":\"ImageObject\",\"inLanguage\":\"es\",\"@id\":\"https:\/\/lions-pharmacy.com\/es#\/schema\/logo\/image\/\",\"url\":\"https:\/\/lions-pharmacy.com\/wp-content\/uploads\/2022\/12\/Logo-Lion-Pharmacy-c-o-Loewen-Apotheke-smal.jpg\",\"contentUrl\":\"https:\/\/lions-pharmacy.com\/wp-content\/uploads\/2022\/12\/Logo-Lion-Pharmacy-c-o-Loewen-Apotheke-smal.jpg\",\"width\":298,\"height\":99,\"caption\":\"Lions Pharmacy\"},\"image\":{\"@id\":\"https:\/\/lions-pharmacy.com\/es#\/schema\/logo\/image\/\"}}]}<\/script>\n<!-- \/ Yoast SEO plugin. -->","yoast_head_json":{"title":"OMNi-BiOTiC Skin Polvos de ba\u00f1o intensivos para la piel (125 g) &#187; Orden en Lion Pharmacy","description":"Una farmacia en l\u00ednea registrada. Ofrecemos: Env\u00edo internacional r\u00e1pido con DHL. Cuidado de la dermatitis: OMNi-BiOTiC Skin Polvos de ba\u00f1o intensivos para la piel (125 g)","robots":{"index":"index","follow":"follow","max-snippet":"max-snippet:-1","max-image-preview":"max-image-preview:large","max-video-preview":"max-video-preview:-1"},"canonical":"https:\/\/lions-pharmacy.com\/es\/producto\/omni-biotic-skin-intensive-skin-bath","og_locale":"es_ES","og_type":"article","og_title":"OMNi-BiOTiC Skin Polvos de ba\u00f1o intensivos para la piel (125 g) &#187; Orden en Lion Pharmacy","og_description":"Una farmacia en l\u00ednea registrada. Ofrecemos: Env\u00edo internacional r\u00e1pido con DHL. Cuidado de la dermatitis: OMNi-BiOTiC Skin Polvos de ba\u00f1o intensivos para la piel (125 g)","og_url":"https:\/\/lions-pharmacy.com\/es\/producto\/omni-biotic-skin-intensive-skin-bath","og_site_name":"Lion Pharmacy","article_modified_time":"2025-03-26T19:38:06+00:00","og_image":[{"width":600,"height":600,"url":"https:\/\/lions-pharmacy.com\/wp-content\/uploads\/2025\/03\/Omni-biotic-skin-Intensive-skin-bath-from-Allergosan-presented-by-Lions-Pharmacy.webp","type":"image\/webp"}],"twitter_card":"summary_large_image","twitter_misc":{"Tiempo de lectura":"1 minuto"},"schema":{"@context":"https:\/\/schema.org","@graph":[{"@type":"WebPage","@id":"https:\/\/lions-pharmacy.com\/es\/producto\/omni-biotic-skin-intensive-skin-bath","url":"https:\/\/lions-pharmacy.com\/es\/producto\/omni-biotic-skin-intensive-skin-bath","name":"OMNi-BiOTiC Skin Polvos de ba\u00f1o intensivos para la piel (125 g) &#187; Orden en Lion Pharmacy","isPartOf":{"@id":"https:\/\/lions-pharmacy.com\/es#website"},"primaryImageOfPage":{"@id":"https:\/\/lions-pharmacy.com\/es\/producto\/omni-biotic-skin-intensive-skin-bath#primaryimage"},"image":{"@id":"https:\/\/lions-pharmacy.com\/es\/producto\/omni-biotic-skin-intensive-skin-bath#primaryimage"},"thumbnailUrl":"https:\/\/lions-pharmacy.com\/wp-content\/uploads\/2025\/03\/Omni-biotic-skin-Intensive-skin-bath-from-Allergosan-presented-by-Lions-Pharmacy.webp","datePublished":"2025-03-26T19:14:06+00:00","dateModified":"2025-03-26T19:38:06+00:00","description":"Una farmacia en l\u00ednea registrada. Ofrecemos: Env\u00edo internacional r\u00e1pido con DHL. Cuidado de la dermatitis: OMNi-BiOTiC Skin Polvos de ba\u00f1o intensivos para la piel (125 g)","breadcrumb":{"@id":"https:\/\/lions-pharmacy.com\/es\/producto\/omni-biotic-skin-intensive-skin-bath#breadcrumb"},"inLanguage":"es","potentialAction":[{"@type":"ReadAction","target":["https:\/\/lions-pharmacy.com\/es\/producto\/omni-biotic-skin-intensive-skin-bath"]}]},{"@type":"ImageObject","inLanguage":"es","@id":"https:\/\/lions-pharmacy.com\/es\/producto\/omni-biotic-skin-intensive-skin-bath#primaryimage","url":"https:\/\/lions-pharmacy.com\/wp-content\/uploads\/2025\/03\/Omni-biotic-skin-Intensive-skin-bath-from-Allergosan-presented-by-Lions-Pharmacy.webp","contentUrl":"https:\/\/lions-pharmacy.com\/wp-content\/uploads\/2025\/03\/Omni-biotic-skin-Intensive-skin-bath-from-Allergosan-presented-by-Lions-Pharmacy.webp","width":600,"height":600,"caption":"Omni-biotic-skin Ba\u00f1o intensivo para la piel de Allergosan presentado por Lions-Pharmacy"},{"@type":"BreadcrumbList","@id":"https:\/\/lions-pharmacy.com\/es\/producto\/omni-biotic-skin-intensive-skin-bath#breadcrumb","itemListElement":[{"@type":"ListItem","position":1,"name":"Home","item":"https:\/\/lions-pharmacy.com\/es\/homepage-lion-pharmacy"},{"@type":"ListItem","position":2,"name":"Shop","item":"https:\/\/lions-pharmacy.com\/es\/tienda"},{"@type":"ListItem","position":3,"name":"OMNi-BiOTiC Skin Polvos de ba\u00f1o intensivos para la piel (125 g)"}]},{"@type":"WebSite","@id":"https:\/\/lions-pharmacy.com\/es#website","url":"https:\/\/lions-pharmacy.com\/es","name":"Lions Pharmacy","description":"Farmacia especializada en naturopat\u00eda de Baden-Baden, Alemania","publisher":{"@id":"https:\/\/lions-pharmacy.com\/es#organization"},"alternateName":"Lion Pharmacy","potentialAction":[{"@type":"SearchAction","target":{"@type":"EntryPoint","urlTemplate":"https:\/\/lions-pharmacy.com\/es?s={search_term_string}"},"query-input":{"@type":"PropertyValueSpecification","valueRequired":true,"valueName":"search_term_string"}}],"inLanguage":"es"},{"@type":"Organization","@id":"https:\/\/lions-pharmacy.com\/es#organization","name":"Lions Pharmacy","alternateName":"Lions Pharmacy24","url":"https:\/\/lions-pharmacy.com\/es","logo":{"@type":"ImageObject","inLanguage":"es","@id":"https:\/\/lions-pharmacy.com\/es#\/schema\/logo\/image\/","url":"https:\/\/lions-pharmacy.com\/wp-content\/uploads\/2022\/12\/Logo-Lion-Pharmacy-c-o-Loewen-Apotheke-smal.jpg","contentUrl":"https:\/\/lions-pharmacy.com\/wp-content\/uploads\/2022\/12\/Logo-Lion-Pharmacy-c-o-Loewen-Apotheke-smal.jpg","width":298,"height":99,"caption":"Lions Pharmacy"},"image":{"@id":"https:\/\/lions-pharmacy.com\/es#\/schema\/logo\/image\/"}}]}},"_links":{"self":[{"href":"https:\/\/lions-pharmacy.com\/es\/wp-json\/wp\/v2\/product\/10453","targetHints":{"allow":["GET"]}}],"collection":[{"href":"https:\/\/lions-pharmacy.com\/es\/wp-json\/wp\/v2\/product"}],"about":[{"href":"https:\/\/lions-pharmacy.com\/es\/wp-json\/wp\/v2\/types\/product"}],"replies":[{"embeddable":true,"href":"https:\/\/lions-pharmacy.com\/es\/wp-json\/wp\/v2\/comments?post=10453"}],"wp:featuredmedia":[{"embeddable":true,"href":"https:\/\/lions-pharmacy.com\/es\/wp-json\/wp\/v2\/media\/10459"}],"wp:attachment":[{"href":"https:\/\/lions-pharmacy.com\/es\/wp-json\/wp\/v2\/media?parent=10453"}],"wp:term":[{"taxonomy":"product_brand","embeddable":true,"href":"https:\/\/lions-pharmacy.com\/es\/wp-json\/wp\/v2\/product_brand?post=10453"},{"taxonomy":"product_cat","embeddable":true,"href":"https:\/\/lions-pharmacy.com\/es\/wp-json\/wp\/v2\/product_cat?post=10453"},{"taxonomy":"product_tag","embeddable":true,"href":"https:\/\/lions-pharmacy.com\/es\/wp-json\/wp\/v2\/product_tag?post=10453"}],"curies":[{"name":"wp","href":"https:\/\/api.w.org\/{rel}","templated":true}]}}