{"id":1988,"date":"2022-12-11T09:03:40","date_gmt":"2022-12-11T08:03:40","guid":{"rendered":"https:\/\/lions-pharmacy.com\/terminos-y-condiciones"},"modified":"2025-02-25T15:33:10","modified_gmt":"2025-02-25T14:33:10","slug":"terms-and-conditions-agb","status":"publish","type":"page","link":"https:\/\/lions-pharmacy.com\/es\/terms-and-conditions-agb","title":{"rendered":"T\u00e9rminos y condiciones"},"content":{"rendered":"\n<h2 class=\"wp-block-heading\">T\u00e9rminos y condiciones (AGB)<\/h2>\n\n<p>Lion Pharmacy c\/o <a href=\"https:\/\/www.loewen-apotheke24.com\/de\/\" target=\"_blank\" rel=\"noreferrer noopener\">L\u00f6wen Apotheke24<br\/><\/a>Lichtentaler Str. 3<br\/>76530 Baden-Baden<\/p>\n\n<figure class=\"wp-block-image size-full is-resized\"><img decoding=\"async\" width=\"298\" height=\"99\" data-src=\"https:\/\/lions-pharmacy.com\/wp-content\/uploads\/2022\/12\/Logo-Lion-Pharmacy-c-o-Lowen-Apotheke-small.jpg\" alt=\"Logo Lion Pharmacy c-o-Loewen Apotheke peque&#xF1;o\" class=\"wp-image-160 lazyload\" style=\"--smush-placeholder-width: 298px; --smush-placeholder-aspect-ratio: 298\/99;width:241px;height:80px\" src=\"data:image\/svg+xml;base64,PHN2ZyB3aWR0aD0iMSIgaGVpZ2h0PSIxIiB4bWxucz0iaHR0cDovL3d3dy53My5vcmcvMjAwMC9zdmciPjwvc3ZnPg==\" \/><\/figure>\n\n<figure class=\"wp-block-image size-full\"><img decoding=\"async\" width=\"242\" height=\"70\" data-src=\"https:\/\/lions-pharmacy.com\/wp-content\/uploads\/2022\/12\/image.png\" alt=\"Logo Loewen Apotheke peque&#xF1;o\" class=\"wp-image-163 lazyload\" src=\"data:image\/svg+xml;base64,PHN2ZyB3aWR0aD0iMSIgaGVpZ2h0PSIxIiB4bWxucz0iaHR0cDovL3d3dy53My5vcmcvMjAwMC9zdmciPjwvc3ZnPg==\" style=\"--smush-placeholder-width: 242px; --smush-placeholder-aspect-ratio: 242\/70;\" \/><\/figure>\n\n<p>Puede ver las condiciones generales del contrato en cualquier momento en esta p\u00e1gina. Por razones de seguridad, no se puede acceder a los datos espec\u00edficos de su pedido a trav\u00e9s de Internet y se tratar\u00e1n de forma confidencial de acuerdo con nuestras normas de protecci\u00f3n de datos.<\/p>\n\n<p>\u00a7 1 \u00c1mbito de aplicaci\u00f3n<\/p>\n\n<p>L\u00f6wen Apotheke proporciona todas las entregas y servicios exclusivamente sobre la base de los siguientes T\u00e9rminos y Condiciones Generales en la versi\u00f3n v\u00e1lida en el momento del pedido. L\u00f6wen Apotheke no reconoce ninguna regulaci\u00f3n que se desv\u00ede de estos t\u00e9rminos y condiciones a menos que L\u00f6wen Apotheke los confirme expresamente por escrito.<\/p>\n\n<p>\u00a7 2 Conclusi\u00f3n del contrato<\/p>\n\n<p>Las ofertas de L\u00f6wen Apotheke, en particular las presentaciones de productos en la p\u00e1gina de inicio, est\u00e1n sujetas a cambios y representan una invitaci\u00f3n al cliente a hacer una oferta en el sentido legal. El pedido se realiza enviando el formulario de pedido completamente completado en el procedimiento en l\u00ednea. El contrato de compra no se concluye ya con la confirmaci\u00f3n del pedido de la farmacia, sino solo con el env\u00edo de una confirmaci\u00f3n de entrega o con la entrega de los productos.<\/p>\n\n<p>Los medicamentos recetados se enviar\u00e1n solo si la receta m\u00e9dica original est\u00e1 disponible.<\/p>\n\n<p>\u00a7 3 Pol\u00edtica de cancelaci\u00f3n, derecho de desistimiento.<\/p>\n\n<p>Puede cancelar su declaraci\u00f3n de contrato dentro de dos semanas sin dar razones por escrito (por ejemplo, carta, fax, correo electr\u00f3nico) o devolviendo los productos. El per\u00edodo comienza como muy pronto con la recepci\u00f3n de esta instrucci\u00f3n. El env\u00edo oportuno de la revocaci\u00f3n o del art\u00edculo es suficiente para cumplir con el per\u00edodo de revocaci\u00f3n. La revocaci\u00f3n debe dirigirse a: L\u00f6wen Apotheke, Lichtentaler Str. 3, 76530 Baden-Baden, Alemania<\/p>\n\n<p>EL DERECHO DE REVOCACI\u00d3N NO SE APLICA A LOS CONTRATOS:<\/p>\n\n<p>\u2013 para la entrega de medicamentos, ya que el almacenamiento adecuado y, por lo tanto, las normas de calidad prescritas por la Ley alemana de medicamentos ya no pueden garantizarse (\u00a7 312g II n.\u00ba 2 y 3, BGB)<\/p>\n\n<p>&#8211; para la entrega de bienes que no sean prefabricados y para cuya producci\u00f3n sea decisiva una selecci\u00f3n individual<strong>(<\/strong>terapia espec\u00edfica para el cliente) o la determinaci\u00f3n por parte del consumidor o que est\u00e9n claramente adaptados a las necesidades personales del consumidor; o como producto <strong>individual importado<\/strong> para una terapia espec\u00edfica para el cliente, como los productos Labo Life,<\/p>\n\n<p>\u2013 para la entrega de mercanc\u00edas que pueden estropearse r\u00e1pidamente o cuya fecha de caducidad se exceder\u00eda r\u00e1pidamente.<\/p>\n\n<p>Consecuencias de la revocaci\u00f3n<\/p>\n\n<p>En caso de revocaci\u00f3n efectiva, se devolver\u00e1n los servicios recibidos por ambas partes. Si no puede devolver los bienes recibidos en su totalidad o en parte o solo en condiciones deterioradas, es posible que deba compensarnos por la p\u00e9rdida de valor. Esto no se aplica a la entrega de mercanc\u00edas si el deterioro de las mercanc\u00edas se debe exclusivamente a su inspecci\u00f3n, como habr\u00eda sido posible para usted en una tienda, por ejemplo. Adem\u00e1s, puede evitar la obligaci\u00f3n de pagar una indemnizaci\u00f3n al no utilizar el art\u00edculo como propietario y abstenerse de hacer cualquier cosa que pueda perjudicar su valor. Los art\u00edculos que pueden ser enviados por paquete deben ser devueltos a nuestro costo y riesgo. Los art\u00edculos que no se pueden enviar por paquete ser\u00e1n recogidos de usted. Debe cumplir con las obligaciones de reembolso de los pagos dentro de los 30 d\u00edas posteriores al env\u00edo de su aviso de cancelaci\u00f3n.<\/p>\n\n<p>Usted tiene que asumir los costos de la devoluci\u00f3n si los bienes entregados corresponden a los productos pedidos. Si todo estuvo bien con sus art\u00edculos entregados, podemos reservarnos el derecho de retener el costo regular de devoluci\u00f3n del monto del reembolso. El coste es de 5,90 \u20ac para env\u00edos dentro de Alemania. En otros pa\u00edses de la UE, CEE, Gran Breta\u00f1a y Suiza los gastos de devoluci\u00f3n son de 18,00 &#8211; 23,00 \u20ac (Corresponde a los gastos de env\u00edo). De lo contrario, la devoluci\u00f3n es gratuita para usted.<\/p>\n\n<p>\u00a7 4 Entrega<\/p>\n\n<p>La entrega se realiza a discreci\u00f3n del comprador desde el almac\u00e9n a la direcci\u00f3n de entrega especificada por el comprador. L\u00f6wen Apotheke tiene derecho a realizar entregas parciales. Esto no implica ning\u00fan costo adicional de franqueo y embalaje para el comprador. La informaci\u00f3n sobre el plazo de entrega no es vinculante, a menos que la fecha de entrega se haya prometido vinculantemente como excepci\u00f3n.<\/p>\n\n<p>En casos justificados, L\u00f6wen Apotheke puede, de conformidad con el Reglamento de funcionamiento de la farmacia y en contra de la informaci\u00f3n proporcionada por el Cliente, en particular debido a la naturaleza espec\u00edfica del medicamento (por ejemplo, narc\u00f3tico), ordenar que el medicamento se entregue solo contra acuse de recibo por escrito.<\/p>\n\n<p>\u00a7 5 Retraso<\/p>\n\n<p>Los plazos de entrega no son vinculantes. Las fechas de entrega vinculantes requieren confirmaci\u00f3n por escrito por parte de L\u00f6wen Apotheke para ser efectivas.<\/p>\n\n<p>\u00a7 6 Gastos de env\u00edo<\/p>\n\n<p>La informaci\u00f3n sobre el importe de los gastos de env\u00edo para la entrega de mensajer\u00eda y \/ o env\u00edo por parte de un proveedor de servicios log\u00edsticos externo se proporciona en el enlace &#8220;Gastos de env\u00edo&#8221;, as\u00ed como durante el proceso de pedido en el carrito de compras.<\/p>\n\n<p>\u00a7 7 Pago<\/p>\n\n<p>El precio de compra se debe pagar inmediatamente con el pedido. Se compone de los precios brutos indicados, incluido el impuesto sobre el valor a\u00f1adido. El embalaje est\u00e1 incluido en el precio. El comprador puede pagar el precio de compra mediante los m\u00e9todos de pago especificados por nosotros.<\/p>\n\n<p>Si el Cliente se retrasa en el pago, L\u00f6wen Apotheke tendr\u00e1 derecho a intereses de demora por un importe de 3 puntos porcentuales por encima del tipo preferencial respectivo del Banco Central Europeo. La prueba de ning\u00fan da\u00f1o o de un da\u00f1o menor causado por retraso por parte del Cliente o de un da\u00f1o mayor causado por la Farmacia es admisible.<\/p>\n\n<p>\u00a7 8 Compensaci\u00f3n<\/p>\n\n<p>El cliente solo tendr\u00e1 derecho a compensaci\u00f3n si sus contrademandas han sido legalmente establecidas o expresamente reconocidas por escrito por L\u00f6wen Apotheke.<\/p>\n\n<p>\u00a7 9 Reserva de dominio<\/p>\n\n<p>La mercanc\u00eda entregada seguir\u00e1 siendo propiedad de L\u00f6wen Apotheke hasta que todas las reclamaciones existentes contra el cliente se hayan resuelto en su totalidad.<\/p>\n\n<p>\u00a7 10 Garant\u00eda, responsabilidad<\/p>\n\n<p>La garant\u00eda se proporcionar\u00e1 de acuerdo con las disposiciones legales, por lo que la Farmacia tendr\u00e1 derecho, en caso de defecto en los bienes, a realizar una entrega posterior o rectificar el defecto a discreci\u00f3n del Comprador. Si la rectificaci\u00f3n finalmente falla o si los bienes entregados posteriormente tambi\u00e9n son defectuosos, el cliente puede exigir el reembolso del precio acordado contra la devoluci\u00f3n de los bienes o la reducci\u00f3n del precio de compra. El per\u00edodo de garant\u00eda es de 2 a\u00f1os.<\/p>\n\n<p>La farmacia ser\u00e1 responsable, sin limitaci\u00f3n, de los da\u00f1os de los que es responsable derivados de lesiones a la vida, la integridad f\u00edsica o la salud, as\u00ed como en caso de dolo, negligencia grave e intenci\u00f3n fraudulenta. La responsabilidad bajo la Ley de Responsabilidad del Producto o bajo garant\u00eda no se ver\u00e1 afectada. En caso de incumplimiento levemente negligente de las obligaciones contractuales materiales, la responsabilidad de la farmacia se limitar\u00e1 a los da\u00f1os previsibles t\u00edpicos del contrato. Se excluyen otras reclamaciones del comprador distintas de las mencionadas, independientemente de los fundamentos jur\u00eddicos. Las disposiciones anteriores no implican un cambio en la carga de la prueba en detrimento del Comprador.<\/p>\n\n<p>\u00a7 11 Protecci\u00f3n de datos<\/p>\n\n<p>El cliente es consciente y acepta que sus datos personales necesarios para el pedido y el procesamiento del pedido se almacenar\u00e1n en soportes de datos de conformidad con la Ley Federal de Protecci\u00f3n de Datos (BDSG) y la Ley de Protecci\u00f3n de Datos de Teleservicios (TDDSG) y se tratar\u00e1n de forma confidencial. Los datos relacionados con la medicaci\u00f3n y la salud del cliente solo se almacenar\u00e1n con una declaraci\u00f3n escrita separada de consentimiento del cliente.<\/p>\n\n<p>El cliente tiene derecho a revocar este consentimiento en cualquier momento con efecto para el futuro. L\u00f6wen Apotheke se compromete a eliminar los datos personales inmediatamente en caso de que este no sea el caso, a menos que el proceso de pedido a\u00fan no se haya completado por completo.<\/p>\n\n<p>\u00a7 12 Lugar de jurisdicci\u00f3n, Ley aplicable, Varios<\/p>\n\n<p>El lugar de jurisdicci\u00f3n para todas las disputas que surjan de esta relaci\u00f3n contractual ser\u00e1 76530 Baden-Baden para los comerciantes registrados y las personas que no tienen un lugar general de jurisdicci\u00f3n en Alemania. La relaci\u00f3n comercial se regir\u00e1 exclusivamente por la ley alemana con la excepci\u00f3n de la Convenci\u00f3n de las Naciones Unidas sobre los Contratos de Compraventa Internacional de Mercader\u00edas \u2013 CISG.<br\/>\u00bfTiene preguntas sobre nuestros T\u00e9rminos y Condiciones Generales?<\/p>\n","protected":false},"excerpt":{"rendered":"<p>T\u00e9rminos y condiciones (AGB) Lion Pharmacy c\/o L\u00f6wen Apotheke24Lichtentaler Str. 376530 Baden-Baden Puede ver las condiciones generales del contrato en cualquier momento en esta p\u00e1gina. Por razones de seguridad, no se puede acceder a los datos espec\u00edficos de su pedido a trav\u00e9s de Internet y se tratar\u00e1n de forma confidencial de acuerdo con nuestras normas [&hellip;]<\/p>\n","protected":false},"author":1,"featured_media":0,"parent":0,"menu_order":0,"comment_status":"closed","ping_status":"closed","template":"","meta":{"footnotes":""},"class_list":["post-1988","page","type-page","status-publish","hentry"],"yoast_head":"<!-- This site is optimized with the Yoast SEO plugin v26.5 - https:\/\/yoast.com\/wordpress\/plugins\/seo\/ -->\n<title>T\u00e9rminos y condiciones &#187; Lion Pharmacy<\/title>\n<meta name=\"description\" content=\"Lion Pharmacy | Farmacia Le\u00f3n | farmacia en l\u00ednea alemana registrada | Env\u00edo internacional r\u00e1pido | Compras online c\u00f3modas y seguras | T\u00e9rminos y condiciones\" \/>\n<meta name=\"robots\" content=\"index, follow, max-snippet:-1, max-image-preview:large, max-video-preview:-1\" \/>\n<link rel=\"canonical\" href=\"https:\/\/lions-pharmacy.com\/es\/terms-and-conditions-agb\" \/>\n<meta property=\"og:locale\" content=\"es_ES\" \/>\n<meta property=\"og:type\" content=\"article\" \/>\n<meta property=\"og:title\" content=\"T\u00e9rminos y condiciones &#187; Lion Pharmacy\" \/>\n<meta property=\"og:description\" content=\"Lion Pharmacy | Farmacia Le\u00f3n | farmacia en l\u00ednea alemana registrada | Env\u00edo internacional r\u00e1pido | Compras online c\u00f3modas y seguras | T\u00e9rminos y condiciones\" \/>\n<meta property=\"og:url\" content=\"https:\/\/lions-pharmacy.com\/es\/terms-and-conditions-agb\" \/>\n<meta property=\"og:site_name\" content=\"Lion Pharmacy\" \/>\n<meta property=\"article:modified_time\" content=\"2025-02-25T14:33:10+00:00\" \/>\n<meta property=\"og:image\" content=\"https:\/\/lions-pharmacy.com\/wp-content\/uploads\/2022\/12\/Logo-Lion-Pharmacy-c-o-Lowen-Apotheke-small.jpg\" \/>\n<meta name=\"twitter:card\" content=\"summary_large_image\" \/>\n<meta name=\"twitter:label1\" content=\"Tiempo de lectura\" \/>\n\t<meta name=\"twitter:data1\" content=\"8 minutos\" \/>\n<script type=\"application\/ld+json\" class=\"yoast-schema-graph\">{\"@context\":\"https:\/\/schema.org\",\"@graph\":[{\"@type\":\"WebPage\",\"@id\":\"https:\/\/lions-pharmacy.com\/es\/terms-and-conditions-agb\",\"url\":\"https:\/\/lions-pharmacy.com\/es\/terms-and-conditions-agb\",\"name\":\"T\u00e9rminos y condiciones &#187; Lion Pharmacy\",\"isPartOf\":{\"@id\":\"https:\/\/lions-pharmacy.com\/es#website\"},\"primaryImageOfPage\":{\"@id\":\"https:\/\/lions-pharmacy.com\/es\/terms-and-conditions-agb#primaryimage\"},\"image\":{\"@id\":\"https:\/\/lions-pharmacy.com\/es\/terms-and-conditions-agb#primaryimage\"},\"thumbnailUrl\":\"https:\/\/lions-pharmacy.com\/wp-content\/uploads\/2022\/12\/Logo-Lion-Pharmacy-c-o-Lowen-Apotheke-small.jpg\",\"datePublished\":\"2022-12-11T08:03:40+00:00\",\"dateModified\":\"2025-02-25T14:33:10+00:00\",\"description\":\"Lion Pharmacy | Farmacia Le\u00f3n | farmacia en l\u00ednea alemana registrada | Env\u00edo internacional r\u00e1pido | Compras online c\u00f3modas y seguras | T\u00e9rminos y condiciones\",\"breadcrumb\":{\"@id\":\"https:\/\/lions-pharmacy.com\/es\/terms-and-conditions-agb#breadcrumb\"},\"inLanguage\":\"es\",\"potentialAction\":[{\"@type\":\"ReadAction\",\"target\":[\"https:\/\/lions-pharmacy.com\/es\/terms-and-conditions-agb\"]}]},{\"@type\":\"ImageObject\",\"inLanguage\":\"es\",\"@id\":\"https:\/\/lions-pharmacy.com\/es\/terms-and-conditions-agb#primaryimage\",\"url\":\"https:\/\/lions-pharmacy.com\/wp-content\/uploads\/2022\/12\/Logo-Lion-Pharmacy-c-o-Lowen-Apotheke-small.jpg\",\"contentUrl\":\"https:\/\/lions-pharmacy.com\/wp-content\/uploads\/2022\/12\/Logo-Lion-Pharmacy-c-o-Lowen-Apotheke-small.jpg\"},{\"@type\":\"BreadcrumbList\",\"@id\":\"https:\/\/lions-pharmacy.com\/es\/terms-and-conditions-agb#breadcrumb\",\"itemListElement\":[{\"@type\":\"ListItem\",\"position\":1,\"name\":\"Home\",\"item\":\"https:\/\/lions-pharmacy.com\/es\/homepage-lion-pharmacy\"},{\"@type\":\"ListItem\",\"position\":2,\"name\":\"T\u00e9rminos y condiciones\"}]},{\"@type\":\"WebSite\",\"@id\":\"https:\/\/lions-pharmacy.com\/es#website\",\"url\":\"https:\/\/lions-pharmacy.com\/es\",\"name\":\"Lions Pharmacy\",\"description\":\"Farmacia especializada en naturopat\u00eda de Baden-Baden, Alemania\",\"publisher\":{\"@id\":\"https:\/\/lions-pharmacy.com\/es#organization\"},\"alternateName\":\"Lion Pharmacy\",\"potentialAction\":[{\"@type\":\"SearchAction\",\"target\":{\"@type\":\"EntryPoint\",\"urlTemplate\":\"https:\/\/lions-pharmacy.com\/es?s={search_term_string}\"},\"query-input\":{\"@type\":\"PropertyValueSpecification\",\"valueRequired\":true,\"valueName\":\"search_term_string\"}}],\"inLanguage\":\"es\"},{\"@type\":\"Organization\",\"@id\":\"https:\/\/lions-pharmacy.com\/es#organization\",\"name\":\"Lions Pharmacy\",\"alternateName\":\"Lions Pharmacy24\",\"url\":\"https:\/\/lions-pharmacy.com\/es\",\"logo\":{\"@type\":\"ImageObject\",\"inLanguage\":\"es\",\"@id\":\"https:\/\/lions-pharmacy.com\/es#\/schema\/logo\/image\/\",\"url\":\"https:\/\/lions-pharmacy.com\/wp-content\/uploads\/2022\/12\/Logo-Lion-Pharmacy-c-o-Loewen-Apotheke-smal.jpg\",\"contentUrl\":\"https:\/\/lions-pharmacy.com\/wp-content\/uploads\/2022\/12\/Logo-Lion-Pharmacy-c-o-Loewen-Apotheke-smal.jpg\",\"width\":298,\"height\":99,\"caption\":\"Lions Pharmacy\"},\"image\":{\"@id\":\"https:\/\/lions-pharmacy.com\/es#\/schema\/logo\/image\/\"}}]}<\/script>\n<!-- \/ Yoast SEO plugin. -->","yoast_head_json":{"title":"T\u00e9rminos y condiciones &#187; Lion Pharmacy","description":"Lion Pharmacy | Farmacia Le\u00f3n | farmacia en l\u00ednea alemana registrada | Env\u00edo internacional r\u00e1pido | Compras online c\u00f3modas y seguras | T\u00e9rminos y condiciones","robots":{"index":"index","follow":"follow","max-snippet":"max-snippet:-1","max-image-preview":"max-image-preview:large","max-video-preview":"max-video-preview:-1"},"canonical":"https:\/\/lions-pharmacy.com\/es\/terms-and-conditions-agb","og_locale":"es_ES","og_type":"article","og_title":"T\u00e9rminos y condiciones &#187; Lion Pharmacy","og_description":"Lion Pharmacy | Farmacia Le\u00f3n | farmacia en l\u00ednea alemana registrada | Env\u00edo internacional r\u00e1pido | Compras online c\u00f3modas y seguras | T\u00e9rminos y condiciones","og_url":"https:\/\/lions-pharmacy.com\/es\/terms-and-conditions-agb","og_site_name":"Lion Pharmacy","article_modified_time":"2025-02-25T14:33:10+00:00","og_image":[{"url":"https:\/\/lions-pharmacy.com\/wp-content\/uploads\/2022\/12\/Logo-Lion-Pharmacy-c-o-Lowen-Apotheke-small.jpg","type":"","width":"","height":""}],"twitter_card":"summary_large_image","twitter_misc":{"Tiempo de lectura":"8 minutos"},"schema":{"@context":"https:\/\/schema.org","@graph":[{"@type":"WebPage","@id":"https:\/\/lions-pharmacy.com\/es\/terms-and-conditions-agb","url":"https:\/\/lions-pharmacy.com\/es\/terms-and-conditions-agb","name":"T\u00e9rminos y condiciones &#187; Lion Pharmacy","isPartOf":{"@id":"https:\/\/lions-pharmacy.com\/es#website"},"primaryImageOfPage":{"@id":"https:\/\/lions-pharmacy.com\/es\/terms-and-conditions-agb#primaryimage"},"image":{"@id":"https:\/\/lions-pharmacy.com\/es\/terms-and-conditions-agb#primaryimage"},"thumbnailUrl":"https:\/\/lions-pharmacy.com\/wp-content\/uploads\/2022\/12\/Logo-Lion-Pharmacy-c-o-Lowen-Apotheke-small.jpg","datePublished":"2022-12-11T08:03:40+00:00","dateModified":"2025-02-25T14:33:10+00:00","description":"Lion Pharmacy | Farmacia Le\u00f3n | farmacia en l\u00ednea alemana registrada | Env\u00edo internacional r\u00e1pido | Compras online c\u00f3modas y seguras | T\u00e9rminos y condiciones","breadcrumb":{"@id":"https:\/\/lions-pharmacy.com\/es\/terms-and-conditions-agb#breadcrumb"},"inLanguage":"es","potentialAction":[{"@type":"ReadAction","target":["https:\/\/lions-pharmacy.com\/es\/terms-and-conditions-agb"]}]},{"@type":"ImageObject","inLanguage":"es","@id":"https:\/\/lions-pharmacy.com\/es\/terms-and-conditions-agb#primaryimage","url":"https:\/\/lions-pharmacy.com\/wp-content\/uploads\/2022\/12\/Logo-Lion-Pharmacy-c-o-Lowen-Apotheke-small.jpg","contentUrl":"https:\/\/lions-pharmacy.com\/wp-content\/uploads\/2022\/12\/Logo-Lion-Pharmacy-c-o-Lowen-Apotheke-small.jpg"},{"@type":"BreadcrumbList","@id":"https:\/\/lions-pharmacy.com\/es\/terms-and-conditions-agb#breadcrumb","itemListElement":[{"@type":"ListItem","position":1,"name":"Home","item":"https:\/\/lions-pharmacy.com\/es\/homepage-lion-pharmacy"},{"@type":"ListItem","position":2,"name":"T\u00e9rminos y condiciones"}]},{"@type":"WebSite","@id":"https:\/\/lions-pharmacy.com\/es#website","url":"https:\/\/lions-pharmacy.com\/es","name":"Lions Pharmacy","description":"Farmacia especializada en naturopat\u00eda de Baden-Baden, Alemania","publisher":{"@id":"https:\/\/lions-pharmacy.com\/es#organization"},"alternateName":"Lion Pharmacy","potentialAction":[{"@type":"SearchAction","target":{"@type":"EntryPoint","urlTemplate":"https:\/\/lions-pharmacy.com\/es?s={search_term_string}"},"query-input":{"@type":"PropertyValueSpecification","valueRequired":true,"valueName":"search_term_string"}}],"inLanguage":"es"},{"@type":"Organization","@id":"https:\/\/lions-pharmacy.com\/es#organization","name":"Lions Pharmacy","alternateName":"Lions Pharmacy24","url":"https:\/\/lions-pharmacy.com\/es","logo":{"@type":"ImageObject","inLanguage":"es","@id":"https:\/\/lions-pharmacy.com\/es#\/schema\/logo\/image\/","url":"https:\/\/lions-pharmacy.com\/wp-content\/uploads\/2022\/12\/Logo-Lion-Pharmacy-c-o-Loewen-Apotheke-smal.jpg","contentUrl":"https:\/\/lions-pharmacy.com\/wp-content\/uploads\/2022\/12\/Logo-Lion-Pharmacy-c-o-Loewen-Apotheke-smal.jpg","width":298,"height":99,"caption":"Lions Pharmacy"},"image":{"@id":"https:\/\/lions-pharmacy.com\/es#\/schema\/logo\/image\/"}}]}},"_links":{"self":[{"href":"https:\/\/lions-pharmacy.com\/es\/wp-json\/wp\/v2\/pages\/1988","targetHints":{"allow":["GET"]}}],"collection":[{"href":"https:\/\/lions-pharmacy.com\/es\/wp-json\/wp\/v2\/pages"}],"about":[{"href":"https:\/\/lions-pharmacy.com\/es\/wp-json\/wp\/v2\/types\/page"}],"author":[{"embeddable":true,"href":"https:\/\/lions-pharmacy.com\/es\/wp-json\/wp\/v2\/users\/1"}],"replies":[{"embeddable":true,"href":"https:\/\/lions-pharmacy.com\/es\/wp-json\/wp\/v2\/comments?post=1988"}],"version-history":[{"count":0,"href":"https:\/\/lions-pharmacy.com\/es\/wp-json\/wp\/v2\/pages\/1988\/revisions"}],"wp:attachment":[{"href":"https:\/\/lions-pharmacy.com\/es\/wp-json\/wp\/v2\/media?parent=1988"}],"curies":[{"name":"wp","href":"https:\/\/api.w.org\/{rel}","templated":true}]}}