{"id":1966,"date":"2022-12-11T09:03:40","date_gmt":"2022-12-11T08:03:40","guid":{"rendered":"https:\/\/lions-pharmacy.com\/politica-de-devoluciones-derecho-de-desistimiento"},"modified":"2025-11-21T10:13:26","modified_gmt":"2025-11-21T09:13:26","slug":"return-policy-right-of-withdrawal","status":"publish","type":"page","link":"https:\/\/lions-pharmacy.com\/es\/return-policy-right-of-withdrawal","title":{"rendered":"Pol\u00edtica de devoluciones &#8211; Derecho de desistimiento"},"content":{"rendered":"\t\t<div data-elementor-type=\"wp-page\" data-elementor-id=\"1966\" class=\"elementor elementor-1966 elementor-23\">\n\t\t\t\t\t\t<section class=\"elementor-section elementor-top-section elementor-element elementor-element-5899c069 elementor-section-boxed elementor-section-height-default elementor-section-height-default\" data-id=\"5899c069\" data-element_type=\"section\">\n\t\t\t\t\t\t<div class=\"elementor-container elementor-column-gap-default\">\n\t\t\t\t\t<div class=\"elementor-column elementor-col-100 elementor-top-column elementor-element elementor-element-4699209c\" data-id=\"4699209c\" data-element_type=\"column\">\n\t\t\t<div class=\"elementor-widget-wrap elementor-element-populated\">\n\t\t\t\t\t\t<div class=\"elementor-element elementor-element-15895d32 elementor-widget elementor-widget-text-editor\" data-id=\"15895d32\" data-element_type=\"widget\" data-widget_type=\"text-editor.default\">\n\t\t\t\t<div class=\"elementor-widget-container\">\n\t\t\t\t\t\t\t\t\t<p><\/p>\n<h3 class=\"wp-block-heading\">Pol\u00edtica de devoluciones &#8211; Derecho de desistimiento<\/h3>\n<p><\/p>\n<p><\/p>\n<h4 class=\"wp-block-heading\">\u00a7 1 DERECHO DE REVOCACI\u00d3N<\/h4>\n<p><\/p>\n<p><\/p>\n<p>Tiene derecho a cancelar este contrato dentro de los catorce d\u00edas (d\u00edas calendario) sin dar ninguna raz\u00f3n. El plazo de desistimiento es de catorce d\u00edas a partir del d\u00eda en que usted o un tercero nombrado por usted, que no sea el transportista, haya tomado posesi\u00f3n de la \u00faltima mercanc\u00eda.<\/p>\n<p><\/p>\n<p><\/p>\n<p>Para ejercer su derecho de desistimiento, debe enviarnos<\/p>\n<p><\/p>\n<p><\/p>\n<p>L\u00f6wen Apotheke24<br>Lichtentaler Str. 3<br>76530 Baden-Baden<br>Correo electr\u00f3nico: info@loewen-apotheke24.de<\/p>\n<p><\/p>\n<p><\/p>\n<p>mediante una declaraci\u00f3n inequ\u00edvoca (por ejemplo, una carta enviada por correo, fax o correo electr\u00f3nico con la opci\u00f3n de utilizar nuestro <a href=\"https:\/\/lions-pharmacy.com\/wp-content\/uploads\/2024\/10\/Cancellation-form.pdf\">formulario de cancelaci\u00f3n<\/a>) sobre su decisi\u00f3n de revocar este contrato. Si hace uso de esta opci\u00f3n, le enviaremos una confirmaci\u00f3n de recepci\u00f3n de la objeci\u00f3n sin demora (por ejemplo, por correo electr\u00f3nico).<\/p>\n<p><\/p>\n<p><\/p>\n<p>Para cumplir con el per\u00edodo de desistimiento, es suficiente que env\u00ede la notificaci\u00f3n del ejercicio del derecho de desistimiento antes de la expiraci\u00f3n del per\u00edodo de desistimiento.<\/p>\n<p><\/p>\n<p><\/p>\n<h4 class=\"wp-block-heading\">CONSECUENCIAS DE LA REVOCACI\u00d3N<\/h4>\n<p><\/p>\n<p><\/p>\n<p>Si revoca este contrato, le reembolsaremos todos los pagos que hayamos recibido de usted, incluidos los gastos de env\u00edo (con la excepci\u00f3n de los costos adicionales resultantes del hecho de que haya elegido un tipo de entrega diferente a la entrega est\u00e1ndar m\u00e1s favorable ofrecida por nosotros), sin demora indebida y, a m\u00e1s tardar, dentro de los catorce d\u00edas a partir del d\u00eda en que recibimos la notificaci\u00f3n de su revocaci\u00f3n de este contrato. Para este reembolso, utilizaremos el mismo medio de pago que utiliz\u00f3 para la transacci\u00f3n original, a menos que se acuerde expresamente lo contrario con usted; En ning\u00fan caso se le cobrar\u00e1 por este reembolso.<\/p>\n<p><\/p>\n<p><\/p>\n<p>Podemos negarnos a reembolsarle hasta que hayamos recibido los productos de vuelta o hasta que haya proporcionado una prueba de que ha devuelto los productos, lo que ocurra primero. Debe devolvernos o entregarnos los bienes inmediatamente y, en cualquier caso, a m\u00e1s tardar dentro de los catorce d\u00edas a partir del d\u00eda en que nos notifique la revocaci\u00f3n de este contrato. El plazo se cumple si env\u00eda la mercanc\u00eda antes de la fecha l\u00edmite de catorce d\u00edas.<\/p>\n<p><\/p>\n<p><\/p>\n<p>You bear the cost of returning the goods. Solo tiene que pagar por cualquier p\u00e9rdida de valor de los bienes si esta p\u00e9rdida de valor se debe a la manipulaci\u00f3n de los bienes que no es necesaria para la inspecci\u00f3n del estado, las propiedades y el funcionamiento de los bienes.<\/p>\n<p><\/p>\n<p><\/p>\n<p><strong>COSTES Y NOTIFICACI\u00d3N DE DEVOLUCI\u00d3N EN CASO DE REVOCACI\u00d3N<\/strong><\/p>\n<p><\/p>\n<p><\/p>\n<p>En caso de revocaci\u00f3n de acuerdo con \u00a71, debe asumir los costos regulares del env\u00edo de devoluci\u00f3n, a menos que el art\u00edculo entregado no corresponda al art\u00edculo pedido.<\/p>\n<p><\/p>\n<p><\/p>\n<p>Por favor, evite da\u00f1os y contaminaci\u00f3n. Si es posible, devu\u00e9lvanos los productos en el embalaje original con todos los accesorios y con todos los componentes del embalaje. Si ya no tiene el embalaje original, proporcione una protecci\u00f3n adecuada contra da\u00f1os en el transporte con un embalaje adecuado para evitar reclamaciones por da\u00f1os debidos a un embalaje inadecuado. Las modalidades enumeradas no son un requisito previo para el ejercicio efectivo del derecho de desistimiento.<\/p>\n<p><\/p>\n<p><\/p>\n<p>Una vez que hayamos recibido el env\u00edo e inspeccionado los art\u00edculos, le reembolsaremos el monto de pago correspondiente. El cr\u00e9dito debe emitirse en 7 d\u00edas h\u00e1biles despu\u00e9s de que se reciba el env\u00edo en su cuenta, dependiendo del tiempo de tr\u00e1nsito postal y el m\u00e9todo de pago. Para el reembolso, utilizamos el mismo medio de pago que se utiliz\u00f3 en la transacci\u00f3n original, a menos que se acuerde expresamente lo contrario con usted por adelantado. Los gastos regulares de devoluci\u00f3n de los art\u00edculos corren a cargo del cliente. Si todo estuvo bien con sus art\u00edculos entregados, podemos reservarnos el derecho de retener el costo regular de devoluci\u00f3n del monto del reembolso. El coste es de 5,90 euros para pedidos dentro de Alemania y de 14-23 euros para pedidos dentro de la UE, Reino Unido y Suiza.<\/p>\n<p><\/p>\n<p><\/p>\n<p>Ciertos productos, por ejemplo productos precintados, que no son aptos para la devoluci\u00f3n por razones de protecci\u00f3n de la salud o higiene, pueden ser excluidos de la devoluci\u00f3n.<\/p>\n<p><\/p>\n<p><\/p>\n<h4 class=\"wp-block-heading\">EL DERECHO DE REVOCACI\u00d3N NO SE APLICA A LOS CONTRATOS:<\/h4>\n<p><\/p>\n<p><\/p>\n<p>\u2013 para la entrega de medicamentos, ya que el almacenamiento adecuado y, por lo tanto, las normas de calidad prescritas por la Ley alemana de medicamentos ya no pueden garantizarse (art\u00edculo 312g II n\u00fameros 2 y 3 del C\u00f3digo Civil alem\u00e1n)<\/p>\n<p><\/p>\n<p><\/p>\n<p>&#8211; para la entrega de bienes que no sean prefabricados y para cuya producci\u00f3n sea decisiva una selecci\u00f3n individual <strong>(<\/strong><strong> terapia espec\u00edfica para el cliente<\/strong> <strong>)<\/strong> o la determinaci\u00f3n por parte del consumidor o que est\u00e9n claramente adaptados a las necesidades personales del consumidor; o como producto <strong>individual importado<\/strong> para una<strong> terapia espec\u00edfica para el cliente<\/strong>, como los productos Labo Life,<\/p>\n<p><\/p>\n<p><\/p>\n<p>\u2013 para la entrega de mercanc\u00edas que pueden estropearse r\u00e1pidamente o cuya fecha de vencimiento se exceder\u00eda r\u00e1pidamente;<\/p>\n<p><\/p>\n<p><\/p>\n<h4 class=\"wp-block-heading\">EL DERECHO DE DESISTIMIENTO EXPIRA PREMATURAMENTE PARA LOS CONTRATOS:<\/h4>\n<p><\/p>\n<p><\/p>\n<p>\u2013 para la entrega de productos precintados que no sean aptos para la devoluci\u00f3n por razones de protecci\u00f3n de la salud o higiene, si su precinto fue retirado despu\u00e9s de la entrega;<\/p>\n<p><\/p>\n<p><\/p>\n<p>\u2013 para la entrega de grabaciones sonoras o de v\u00eddeo o programas inform\u00e1ticos en un envase precintado, si el precinto se ha retirado despu\u00e9s de la entrega.<\/p>\n<p><\/p>\t\t\t\t\t\t\t\t<\/div>\n\t\t\t\t<\/div>\n\t\t\t\t\t<\/div>\n\t\t<\/div>\n\t\t\t\t\t<\/div>\n\t\t<\/section>\n\t\t\t\t<\/div>\n\t\t","protected":false},"excerpt":{"rendered":"<p>Pol\u00edtica de devoluciones &#8211; Derecho de desistimiento \u00a7 1 DERECHO DE REVOCACI\u00d3N Tiene derecho a cancelar este contrato dentro de los catorce d\u00edas (d\u00edas calendario) sin dar ninguna raz\u00f3n. El plazo de desistimiento es de catorce d\u00edas a partir del d\u00eda en que usted o un tercero nombrado por usted, que no sea el transportista, [&hellip;]<\/p>\n","protected":false},"author":1,"featured_media":0,"parent":0,"menu_order":0,"comment_status":"closed","ping_status":"closed","template":"","meta":{"footnotes":""},"class_list":["post-1966","page","type-page","status-publish","hentry"],"yoast_head":"<!-- This site is optimized with the Yoast SEO plugin v26.5 - https:\/\/yoast.com\/wordpress\/plugins\/seo\/ -->\n<title>Pol\u00edtica de devoluciones - Derecho de desistimiento &#187; Lion Pharmacy<\/title>\n<meta name=\"description\" content=\"Lion Pharmacy | Farmacia Le\u00f3n | farmacia en l\u00ednea alemana registrada | Env\u00edo internacional r\u00e1pido | Compras online c\u00f3modas y seguras | Pol\u00edtica de devoluciones - Derecho de desistimiento\" \/>\n<meta name=\"robots\" content=\"noindex, follow\" \/>\n<meta property=\"og:locale\" content=\"es_ES\" \/>\n<meta property=\"og:type\" content=\"article\" \/>\n<meta property=\"og:title\" content=\"Pol\u00edtica de devoluciones - Derecho de desistimiento &#187; Lion Pharmacy\" \/>\n<meta property=\"og:description\" content=\"Lion Pharmacy | Farmacia Le\u00f3n | farmacia en l\u00ednea alemana registrada | Env\u00edo internacional r\u00e1pido | Compras online c\u00f3modas y seguras | Pol\u00edtica de devoluciones - Derecho de desistimiento\" \/>\n<meta property=\"og:url\" content=\"https:\/\/lions-pharmacy.com\/es\/return-policy-right-of-withdrawal\" \/>\n<meta property=\"og:site_name\" content=\"Lion Pharmacy\" \/>\n<meta property=\"article:modified_time\" content=\"2025-11-21T09:13:26+00:00\" \/>\n<meta property=\"og:image\" content=\"https:\/\/lions-pharmacy.com\/wp-content\/uploads\/2023\/01\/lion-pharmacy-fallback-image-.jpg\" \/>\n\t<meta property=\"og:image:width\" content=\"1200\" \/>\n\t<meta property=\"og:image:height\" content=\"675\" \/>\n\t<meta property=\"og:image:type\" content=\"image\/jpeg\" \/>\n<meta name=\"twitter:card\" content=\"summary_large_image\" \/>\n<meta name=\"twitter:label1\" content=\"Tiempo de lectura\" \/>\n\t<meta name=\"twitter:data1\" content=\"5 minutos\" \/>\n<script type=\"application\/ld+json\" class=\"yoast-schema-graph\">{\"@context\":\"https:\/\/schema.org\",\"@graph\":[{\"@type\":\"WebPage\",\"@id\":\"https:\/\/lions-pharmacy.com\/es\/return-policy-right-of-withdrawal\",\"url\":\"https:\/\/lions-pharmacy.com\/es\/return-policy-right-of-withdrawal\",\"name\":\"Pol\u00edtica de devoluciones - Derecho de desistimiento &#187; Lion Pharmacy\",\"isPartOf\":{\"@id\":\"https:\/\/lions-pharmacy.com\/es#website\"},\"datePublished\":\"2022-12-11T08:03:40+00:00\",\"dateModified\":\"2025-11-21T09:13:26+00:00\",\"description\":\"Lion Pharmacy | Farmacia Le\u00f3n | farmacia en l\u00ednea alemana registrada | Env\u00edo internacional r\u00e1pido | Compras online c\u00f3modas y seguras | Pol\u00edtica de devoluciones - Derecho de desistimiento\",\"breadcrumb\":{\"@id\":\"https:\/\/lions-pharmacy.com\/es\/return-policy-right-of-withdrawal#breadcrumb\"},\"inLanguage\":\"es\",\"potentialAction\":[{\"@type\":\"ReadAction\",\"target\":[\"https:\/\/lions-pharmacy.com\/es\/return-policy-right-of-withdrawal\"]}]},{\"@type\":\"BreadcrumbList\",\"@id\":\"https:\/\/lions-pharmacy.com\/es\/return-policy-right-of-withdrawal#breadcrumb\",\"itemListElement\":[{\"@type\":\"ListItem\",\"position\":1,\"name\":\"Home\",\"item\":\"https:\/\/lions-pharmacy.com\/es\/homepage-lion-pharmacy\"},{\"@type\":\"ListItem\",\"position\":2,\"name\":\"Pol\u00edtica de devoluciones &#8211; Derecho de desistimiento\"}]},{\"@type\":\"WebSite\",\"@id\":\"https:\/\/lions-pharmacy.com\/es#website\",\"url\":\"https:\/\/lions-pharmacy.com\/es\",\"name\":\"Lions Pharmacy\",\"description\":\"Farmacia especializada en naturopat\u00eda de Baden-Baden, Alemania\",\"publisher\":{\"@id\":\"https:\/\/lions-pharmacy.com\/es#organization\"},\"alternateName\":\"Lion Pharmacy\",\"potentialAction\":[{\"@type\":\"SearchAction\",\"target\":{\"@type\":\"EntryPoint\",\"urlTemplate\":\"https:\/\/lions-pharmacy.com\/es?s={search_term_string}\"},\"query-input\":{\"@type\":\"PropertyValueSpecification\",\"valueRequired\":true,\"valueName\":\"search_term_string\"}}],\"inLanguage\":\"es\"},{\"@type\":\"Organization\",\"@id\":\"https:\/\/lions-pharmacy.com\/es#organization\",\"name\":\"Lions Pharmacy\",\"alternateName\":\"Lions Pharmacy24\",\"url\":\"https:\/\/lions-pharmacy.com\/es\",\"logo\":{\"@type\":\"ImageObject\",\"inLanguage\":\"es\",\"@id\":\"https:\/\/lions-pharmacy.com\/es#\/schema\/logo\/image\/\",\"url\":\"https:\/\/lions-pharmacy.com\/wp-content\/uploads\/2022\/12\/Logo-Lion-Pharmacy-c-o-Loewen-Apotheke-smal.jpg\",\"contentUrl\":\"https:\/\/lions-pharmacy.com\/wp-content\/uploads\/2022\/12\/Logo-Lion-Pharmacy-c-o-Loewen-Apotheke-smal.jpg\",\"width\":298,\"height\":99,\"caption\":\"Lions Pharmacy\"},\"image\":{\"@id\":\"https:\/\/lions-pharmacy.com\/es#\/schema\/logo\/image\/\"}}]}<\/script>\n<!-- \/ Yoast SEO plugin. -->","yoast_head_json":{"title":"Pol\u00edtica de devoluciones - Derecho de desistimiento &#187; Lion Pharmacy","description":"Lion Pharmacy | Farmacia Le\u00f3n | farmacia en l\u00ednea alemana registrada | Env\u00edo internacional r\u00e1pido | Compras online c\u00f3modas y seguras | Pol\u00edtica de devoluciones - Derecho de desistimiento","robots":{"index":"noindex","follow":"follow"},"og_locale":"es_ES","og_type":"article","og_title":"Pol\u00edtica de devoluciones - Derecho de desistimiento &#187; Lion Pharmacy","og_description":"Lion Pharmacy | Farmacia Le\u00f3n | farmacia en l\u00ednea alemana registrada | Env\u00edo internacional r\u00e1pido | Compras online c\u00f3modas y seguras | Pol\u00edtica de devoluciones - Derecho de desistimiento","og_url":"https:\/\/lions-pharmacy.com\/es\/return-policy-right-of-withdrawal","og_site_name":"Lion Pharmacy","article_modified_time":"2025-11-21T09:13:26+00:00","og_image":[{"width":1200,"height":675,"url":"https:\/\/lions-pharmacy.com\/wp-content\/uploads\/2023\/01\/lion-pharmacy-fallback-image-.jpg","type":"image\/jpeg"}],"twitter_card":"summary_large_image","twitter_misc":{"Tiempo de lectura":"5 minutos"},"schema":{"@context":"https:\/\/schema.org","@graph":[{"@type":"WebPage","@id":"https:\/\/lions-pharmacy.com\/es\/return-policy-right-of-withdrawal","url":"https:\/\/lions-pharmacy.com\/es\/return-policy-right-of-withdrawal","name":"Pol\u00edtica de devoluciones - Derecho de desistimiento &#187; Lion Pharmacy","isPartOf":{"@id":"https:\/\/lions-pharmacy.com\/es#website"},"datePublished":"2022-12-11T08:03:40+00:00","dateModified":"2025-11-21T09:13:26+00:00","description":"Lion Pharmacy | Farmacia Le\u00f3n | farmacia en l\u00ednea alemana registrada | Env\u00edo internacional r\u00e1pido | Compras online c\u00f3modas y seguras | Pol\u00edtica de devoluciones - Derecho de desistimiento","breadcrumb":{"@id":"https:\/\/lions-pharmacy.com\/es\/return-policy-right-of-withdrawal#breadcrumb"},"inLanguage":"es","potentialAction":[{"@type":"ReadAction","target":["https:\/\/lions-pharmacy.com\/es\/return-policy-right-of-withdrawal"]}]},{"@type":"BreadcrumbList","@id":"https:\/\/lions-pharmacy.com\/es\/return-policy-right-of-withdrawal#breadcrumb","itemListElement":[{"@type":"ListItem","position":1,"name":"Home","item":"https:\/\/lions-pharmacy.com\/es\/homepage-lion-pharmacy"},{"@type":"ListItem","position":2,"name":"Pol\u00edtica de devoluciones &#8211; Derecho de desistimiento"}]},{"@type":"WebSite","@id":"https:\/\/lions-pharmacy.com\/es#website","url":"https:\/\/lions-pharmacy.com\/es","name":"Lions Pharmacy","description":"Farmacia especializada en naturopat\u00eda de Baden-Baden, Alemania","publisher":{"@id":"https:\/\/lions-pharmacy.com\/es#organization"},"alternateName":"Lion Pharmacy","potentialAction":[{"@type":"SearchAction","target":{"@type":"EntryPoint","urlTemplate":"https:\/\/lions-pharmacy.com\/es?s={search_term_string}"},"query-input":{"@type":"PropertyValueSpecification","valueRequired":true,"valueName":"search_term_string"}}],"inLanguage":"es"},{"@type":"Organization","@id":"https:\/\/lions-pharmacy.com\/es#organization","name":"Lions Pharmacy","alternateName":"Lions Pharmacy24","url":"https:\/\/lions-pharmacy.com\/es","logo":{"@type":"ImageObject","inLanguage":"es","@id":"https:\/\/lions-pharmacy.com\/es#\/schema\/logo\/image\/","url":"https:\/\/lions-pharmacy.com\/wp-content\/uploads\/2022\/12\/Logo-Lion-Pharmacy-c-o-Loewen-Apotheke-smal.jpg","contentUrl":"https:\/\/lions-pharmacy.com\/wp-content\/uploads\/2022\/12\/Logo-Lion-Pharmacy-c-o-Loewen-Apotheke-smal.jpg","width":298,"height":99,"caption":"Lions Pharmacy"},"image":{"@id":"https:\/\/lions-pharmacy.com\/es#\/schema\/logo\/image\/"}}]}},"_links":{"self":[{"href":"https:\/\/lions-pharmacy.com\/es\/wp-json\/wp\/v2\/pages\/1966","targetHints":{"allow":["GET"]}}],"collection":[{"href":"https:\/\/lions-pharmacy.com\/es\/wp-json\/wp\/v2\/pages"}],"about":[{"href":"https:\/\/lions-pharmacy.com\/es\/wp-json\/wp\/v2\/types\/page"}],"author":[{"embeddable":true,"href":"https:\/\/lions-pharmacy.com\/es\/wp-json\/wp\/v2\/users\/1"}],"replies":[{"embeddable":true,"href":"https:\/\/lions-pharmacy.com\/es\/wp-json\/wp\/v2\/comments?post=1966"}],"version-history":[{"count":0,"href":"https:\/\/lions-pharmacy.com\/es\/wp-json\/wp\/v2\/pages\/1966\/revisions"}],"wp:attachment":[{"href":"https:\/\/lions-pharmacy.com\/es\/wp-json\/wp\/v2\/media?parent=1966"}],"curies":[{"name":"wp","href":"https:\/\/api.w.org\/{rel}","templated":true}]}}