{"id":1665,"date":"2022-12-11T09:03:40","date_gmt":"2022-12-11T08:03:40","guid":{"rendered":"https:\/\/lions-pharmacy.com\/formas-de-pago"},"modified":"2023-09-07T11:15:01","modified_gmt":"2023-09-07T10:15:01","slug":"formas-de-pago","status":"publish","type":"page","link":"https:\/\/lions-pharmacy.com\/es\/formas-de-pago","title":{"rendered":"Formas de pago"},"content":{"rendered":"\n<h3 class=\"wp-block-heading\">PAGO &#8211; SUS OPCIONES DE PAGO<\/h3>\n\n<p>\u00bfQu\u00e9 opciones de pago tengo para los pedidos en l\u00ednea?<\/p>\n\n<h4 class=\"wp-block-heading\">PREPAGO<\/h4>\n\n<p>Si selecciona &#8220;Prepago&#8221; como forma de pago, recibir\u00e1 una confirmaci\u00f3n del pedido con los datos de nuestra cuenta y el importe de la factura despu\u00e9s de realizar el pedido. Usted transfiere el importe de la factura y, en cuanto lo recibamos, su pedido ser\u00e1 tramitado y enviado.<\/p>\n\n<h4 class=\"wp-block-heading\">PAYPAL<\/h4>\n\n<p>Si elige &#8220;<a href=\"https:\/\/www.paypal.com\/us\/home\" target=\"_blank\" rel=\"noreferrer noopener\">PayPal<\/a>&#8221; como forma de pago, abonar\u00e1 el importe de la factura directamente a trav\u00e9s de su cuenta Paypal existente o nueva. Tramitaremos y enviaremos el pedido inmediatamente.<\/p>\n\n<p><\/p>\n\n<h4 class=\"wp-block-heading\">ESQUEMA DE ADEUDO DIRECTO SEPA<\/h4>\n\n<p>Si selecciona &#8220;Adeudo directo SEPA&#8221; como m\u00e9todo de pago, se le solicitar\u00e1n y verificar\u00e1n sus datos bancarios. Recibir\u00e1 una confirmaci\u00f3n del pedido con el importe de la factura. Posteriormente, este importe se cargar\u00e1 autom\u00e1ticamente en su cuenta bancaria. Tan pronto como recibamos el pago (unos 2-3 d\u00edas laborables), su pedido ser\u00e1 procesado y enviado.<\/p>\n\n<h4 class=\"wp-block-heading\">TARJETA DE CR\u00c9DITO (MEDIANTE CUENTA PAYPAL)<\/h4>\n\n<p>Si selecciona &#8220;tarjeta de cr\u00e9dito&#8221; como m\u00e9todo de pago, ser\u00e1 redirigido a Paypal en el proceso de pedido. En su cuenta PayPal puede introducir o depositar los datos de su tarjeta de cr\u00e9dito. Tramitaremos y enviaremos el pedido inmediatamente.<\/p>\n\n<p><\/p>\n\n<p class=\"has-text-align-left\"><strong>TARJETA  <\/strong><\/p>\n\n<p><\/p>\n<div class=\"woocommerce woocommerce-gzd\">\n\t<ul class=\"payment_methods methods\">\n\t\t\t\t\t<li class=\"payment_method_mollie_wc_gateway_bancontact\">\n\t\t\t\t<label>Bancontact<img data-src='https:\/\/lions-pharmacy.com\/wp-content\/plugins\/mollie-payments-for-woocommerce\/public\/images\/bancontact.svg' alt='bancontact icon' class='mollie-gateway-icon lazyload' src='data:image\/svg+xml;base64,PHN2ZyB3aWR0aD0iMSIgaGVpZ2h0PSIxIiB4bWxucz0iaHR0cDovL3d3dy53My5vcmcvMjAwMC9zdmciPjwvc3ZnPg==' \/><\/label>\n\t\t\t\t\t\t\t<\/li>\n\t\t\t\t\t<li class=\"payment_method_mollie_wc_gateway_bancomatpay\">\n\t\t\t\t<label>Bancomat Pay<img data-src='https:\/\/lions-pharmacy.com\/wp-content\/plugins\/mollie-payments-for-woocommerce\/public\/images\/bancomatpay.svg' alt='bancomatpay icon' class='mollie-gateway-icon lazyload' src='data:image\/svg+xml;base64,PHN2ZyB3aWR0aD0iMSIgaGVpZ2h0PSIxIiB4bWxucz0iaHR0cDovL3d3dy53My5vcmcvMjAwMC9zdmciPjwvc3ZnPg==' \/><\/label>\n\t\t\t\t\t\t\t<\/li>\n\t\t\t\t\t<li class=\"payment_method_mollie_wc_gateway_przelewy24\">\n\t\t\t\t<label>Przelewy24<img data-src='https:\/\/lions-pharmacy.com\/wp-content\/plugins\/mollie-payments-for-woocommerce\/public\/images\/przelewy24.svg' alt='przelewy24 icon' class='mollie-gateway-icon lazyload' src='data:image\/svg+xml;base64,PHN2ZyB3aWR0aD0iMSIgaGVpZ2h0PSIxIiB4bWxucz0iaHR0cDovL3d3dy53My5vcmcvMjAwMC9zdmciPjwvc3ZnPg==' \/><\/label>\n\t\t\t\t\t\t\t<\/li>\n\t\t\t\t\t<li class=\"payment_method_mollie_wc_gateway_belfius\">\n\t\t\t\t<label>Belfius Direct Net<img data-src='https:\/\/lions-pharmacy.com\/wp-content\/plugins\/mollie-payments-for-woocommerce\/public\/images\/belfius.svg' alt='belfius icon' class='mollie-gateway-icon lazyload' src='data:image\/svg+xml;base64,PHN2ZyB3aWR0aD0iMSIgaGVpZ2h0PSIxIiB4bWxucz0iaHR0cDovL3d3dy53My5vcmcvMjAwMC9zdmciPjwvc3ZnPg==' \/><\/label>\n\t\t\t\t\t\t\t<\/li>\n\t\t\t\t\t<li class=\"payment_method_mollie_wc_gateway_twint\">\n\t\t\t\t<label>TWINT<img data-src='https:\/\/lions-pharmacy.com\/wp-content\/plugins\/mollie-payments-for-woocommerce\/public\/images\/twint.svg' alt='twint icon' class='mollie-gateway-icon lazyload' src='data:image\/svg+xml;base64,PHN2ZyB3aWR0aD0iMSIgaGVpZ2h0PSIxIiB4bWxucz0iaHR0cDovL3d3dy53My5vcmcvMjAwMC9zdmciPjwvc3ZnPg==' \/><\/label>\n\t\t\t\t\t\t\t<\/li>\n\t\t\t\t\t<li class=\"payment_method_mollie_wc_gateway_eps\">\n\t\t\t\t<label>EPS<img data-src='https:\/\/lions-pharmacy.com\/wp-content\/plugins\/mollie-payments-for-woocommerce\/public\/images\/eps.svg' alt='eps icon' class='mollie-gateway-icon lazyload' src='data:image\/svg+xml;base64,PHN2ZyB3aWR0aD0iMSIgaGVpZ2h0PSIxIiB4bWxucz0iaHR0cDovL3d3dy53My5vcmcvMjAwMC9zdmciPjwvc3ZnPg==' \/><\/label>\n\t\t\t\t\t\t\t<\/li>\n\t\t\t\t\t<li class=\"payment_method_mollie_wc_gateway_ideal\">\n\t\t\t\t<label>iDEAL<img data-src='https:\/\/lions-pharmacy.com\/wp-content\/plugins\/mollie-payments-for-woocommerce\/public\/images\/ideal.svg' alt='ideal icon' class='mollie-gateway-icon lazyload' src='data:image\/svg+xml;base64,PHN2ZyB3aWR0aD0iMSIgaGVpZ2h0PSIxIiB4bWxucz0iaHR0cDovL3d3dy53My5vcmcvMjAwMC9zdmciPjwvc3ZnPg==' \/><\/label>\n\t\t\t\t\t\t\t\t\t<div class=\"payment_box payment_method_mollie_wc_gateway_ideal\">\n\t\t\t\t\t\t<p>Selecciona tu banco<\/p>\n\t\t\t\t\t<\/div>\n\t\t\t\t\t\t\t<\/li>\n\t\t\t\t\t<li class=\"payment_method_mollie_wc_gateway_applepay\">\n\t\t\t\t<label>Apple Pay<img data-src='https:\/\/lions-pharmacy.com\/wp-content\/plugins\/mollie-payments-for-woocommerce\/public\/images\/applepay.svg' alt='applepay icon' class='mollie-gateway-icon lazyload' src='data:image\/svg+xml;base64,PHN2ZyB3aWR0aD0iMSIgaGVpZ2h0PSIxIiB4bWxucz0iaHR0cDovL3d3dy53My5vcmcvMjAwMC9zdmciPjwvc3ZnPg==' \/><\/label>\n\t\t\t\t\t\t\t<\/li>\n\t\t\t\t\t<li class=\"payment_method_mollie_wc_gateway_creditcard\">\n\t\t\t\t<label>Tarjeta de cr\u00e9dito<img data-src='https:\/\/lions-pharmacy.com\/wp-content\/plugins\/mollie-payments-for-woocommerce\/\/public\/images\/amex.svg' alt='creditcard icon' class='mollie-gateway-icon lazyload' src='data:image\/svg+xml;base64,PHN2ZyB3aWR0aD0iMSIgaGVpZ2h0PSIxIiB4bWxucz0iaHR0cDovL3d3dy53My5vcmcvMjAwMC9zdmciPjwvc3ZnPg==' \/><img data-src='https:\/\/lions-pharmacy.com\/wp-content\/plugins\/mollie-payments-for-woocommerce\/\/public\/images\/mastercard.svg' alt='creditcard icon' class='mollie-gateway-icon lazyload' src='data:image\/svg+xml;base64,PHN2ZyB3aWR0aD0iMSIgaGVpZ2h0PSIxIiB4bWxucz0iaHR0cDovL3d3dy53My5vcmcvMjAwMC9zdmciPjwvc3ZnPg==' \/><img data-src='https:\/\/lions-pharmacy.com\/wp-content\/plugins\/mollie-payments-for-woocommerce\/\/public\/images\/visa.svg' alt='creditcard icon' class='mollie-gateway-icon lazyload' src='data:image\/svg+xml;base64,PHN2ZyB3aWR0aD0iMSIgaGVpZ2h0PSIxIiB4bWxucz0iaHR0cDovL3d3dy53My5vcmcvMjAwMC9zdmciPjwvc3ZnPg==' \/><\/label>\n\t\t\t\t\t\t\t\t\t<div class=\"payment_box payment_method_mollie_wc_gateway_creditcard\">\n\t\t\t\t\t\t<p><\/p>\n\t\t\t\t\t<\/div>\n\t\t\t\t\t\t\t<\/li>\n\t\t\t\t\t<li class=\"payment_method_ppcp-gateway\">\n\t\t\t\t<label>PayPal<img decoding=\"async\" data-src=\"https:\/\/lions-pharmacy.com\/wp-content\/plugins\/woocommerce-paypal-payments\/modules\/ppcp-wc-gateway\/assets\/images\/paypal.svg\" alt=\"PayPal\" src=\"data:image\/svg+xml;base64,PHN2ZyB3aWR0aD0iMSIgaGVpZ2h0PSIxIiB4bWxucz0iaHR0cDovL3d3dy53My5vcmcvMjAwMC9zdmciPjwvc3ZnPg==\" class=\"lazyload\" \/><\/label>\n\t\t\t\t\t\t\t<\/li>\n\t\t\t\t\t<li class=\"payment_method_ppcp-googlepay\">\n\t\t\t\t<label>Google Pay<img decoding=\"async\" data-src=\"https:\/\/lions-pharmacy.com\/wp-content\/plugins\/woocommerce-paypal-payments\/modules\/ppcp-googlepay\/assets\/images\/googlepay.svg\" alt=\"Google Pay\" src=\"data:image\/svg+xml;base64,PHN2ZyB3aWR0aD0iMSIgaGVpZ2h0PSIxIiB4bWxucz0iaHR0cDovL3d3dy53My5vcmcvMjAwMC9zdmciPjwvc3ZnPg==\" class=\"lazyload\" \/><\/label>\n\t\t\t\t\t\t\t<\/li>\n\t\t\t\t\t<li class=\"payment_method_mollie_wc_gateway_trustly\">\n\t\t\t\t<label>Trustly<img data-src='https:\/\/lions-pharmacy.com\/wp-content\/plugins\/mollie-payments-for-woocommerce\/public\/images\/trustly.svg' alt='trustly icon' class='mollie-gateway-icon lazyload' src='data:image\/svg+xml;base64,PHN2ZyB3aWR0aD0iMSIgaGVpZ2h0PSIxIiB4bWxucz0iaHR0cDovL3d3dy53My5vcmcvMjAwMC9zdmciPjwvc3ZnPg==' \/><\/label>\n\t\t\t\t\t\t\t<\/li>\n\t\t\t\t\t<li class=\"payment_method_bacs\">\n\t\t\t\t<label>Transferencia bancaria directa<\/label>\n\t\t\t\t\t\t\t\t\t<div class=\"payment_box payment_method_bacs\">\n\t\t\t\t\t\t<p>Recibir\u00e1 los detalles del pago por adelantado despu\u00e9s de su pedido. Transfiera el importe del pedido a nuestra cuenta bancaria.<\/p>\n\t\t\t\t\t<\/div>\n\t\t\t\t\t\t\t<\/li>\n\t\t\t\t\t<li class=\"payment_method_mollie_wc_gateway_satispay\">\n\t\t\t\t<label>Satispay<img data-src='https:\/\/lions-pharmacy.com\/wp-content\/plugins\/mollie-payments-for-woocommerce\/public\/images\/satispay.svg' alt='satispay icon' class='mollie-gateway-icon lazyload' src='data:image\/svg+xml;base64,PHN2ZyB3aWR0aD0iMSIgaGVpZ2h0PSIxIiB4bWxucz0iaHR0cDovL3d3dy53My5vcmcvMjAwMC9zdmciPjwvc3ZnPg==' \/><\/label>\n\t\t\t\t\t\t\t<\/li>\n\t\t\t\t\t<li class=\"payment_method_mollie_wc_gateway_swish\">\n\t\t\t\t<label>Swish<img data-src='https:\/\/lions-pharmacy.com\/wp-content\/plugins\/mollie-payments-for-woocommerce\/public\/images\/swish.svg' alt='swish icon' class='mollie-gateway-icon lazyload' src='data:image\/svg+xml;base64,PHN2ZyB3aWR0aD0iMSIgaGVpZ2h0PSIxIiB4bWxucz0iaHR0cDovL3d3dy53My5vcmcvMjAwMC9zdmciPjwvc3ZnPg==' \/><\/label>\n\t\t\t\t\t\t\t<\/li>\n\t\t\t\t\t<li class=\"payment_method_mollie_wc_gateway_mbway\">\n\t\t\t\t<label>MB Way<img data-src='https:\/\/lions-pharmacy.com\/wp-content\/plugins\/mollie-payments-for-woocommerce\/public\/images\/mbway.svg' alt='mbway icon' class='mollie-gateway-icon lazyload' src='data:image\/svg+xml;base64,PHN2ZyB3aWR0aD0iMSIgaGVpZ2h0PSIxIiB4bWxucz0iaHR0cDovL3d3dy53My5vcmcvMjAwMC9zdmciPjwvc3ZnPg==' \/><\/label>\n\t\t\t\t\t\t\t<\/li>\n\t\t\t\t\t<li class=\"payment_method_mollie_wc_gateway_multibanco\">\n\t\t\t\t<label>Multibanco<img data-src='https:\/\/lions-pharmacy.com\/wp-content\/plugins\/mollie-payments-for-woocommerce\/public\/images\/multibanco.svg' alt='multibanco icon' class='mollie-gateway-icon lazyload' src='data:image\/svg+xml;base64,PHN2ZyB3aWR0aD0iMSIgaGVpZ2h0PSIxIiB4bWxucz0iaHR0cDovL3d3dy53My5vcmcvMjAwMC9zdmciPjwvc3ZnPg==' \/><\/label>\n\t\t\t\t\t\t\t<\/li>\n\t\t\t<\/ul>\n<\/div>\n\n<p><\/p>\n\n<p><\/p>\n\n<h4 class=\"wp-block-heading\">FACTURA<\/h4>\n\n<p>Si selecciona &#8220;Pago mediante factura&#8221;, recibir\u00e1 una confirmaci\u00f3n del pedido con los datos de nuestra cuenta y el importe de la factura despu\u00e9s de realizar el pedido. Comprobaci\u00f3n de solvencia reservada. Este m\u00e9todo de pago no est\u00e1 disponible para los primeros clientes. Si compra a cuenta, dispone de 14 d\u00edas desde la recepci\u00f3n de la mercanc\u00eda hasta el pago. Se transfiere el importe de la factura a la cuenta indicada.<\/p>\n\n<p>Para garantizar que su pago se asigna siempre al pedido correcto, incluya el n\u00famero completo de pedido y de cliente en el motivo del pago. Los datos figuran en el recibo de la factura.<\/p>\n\n<p>Nuestros datos bancarios son:<\/p>\n\n<p>BANCO: Volksbank Karlsruhe Baden-Baden<br\/>N\u00daMERO DE CUENTA: 00056813209<br\/>C\u00d3DIGO BANCARIO: 6629000<br\/>IBAN: DE056619000056813209<br\/>BIC: GENODE61KA1<\/p>\n\n<p>Hasta el pago completo, la mercanc\u00eda sigue siendo propiedad de L\u00f6wen Apotheke.<\/p>\n","protected":false},"excerpt":{"rendered":"<p>PAGO &#8211; SUS OPCIONES DE PAGO \u00bfQu\u00e9 opciones de pago tengo para los pedidos en l\u00ednea? PREPAGO Si selecciona &#8220;Prepago&#8221; como forma de pago, recibir\u00e1 una confirmaci\u00f3n del pedido con los datos de nuestra cuenta y el importe de la factura despu\u00e9s de realizar el pedido. Usted transfiere el importe de la factura y, en [&hellip;]<\/p>\n","protected":false},"author":1,"featured_media":0,"parent":0,"menu_order":0,"comment_status":"closed","ping_status":"closed","template":"","meta":{"footnotes":""},"class_list":["post-1665","page","type-page","status-publish","hentry"],"yoast_head":"<!-- This site is optimized with the Yoast SEO plugin v26.5 - https:\/\/yoast.com\/wordpress\/plugins\/seo\/ -->\n<title>Formas de pago &#187; Lion Pharmacy<\/title>\n<meta name=\"description\" content=\"Lion Pharmacy | Farmacia en l\u00ednea alemana registrada | Compra c\u00f3moda y segura, con PayPal, tarjetas de cr\u00e9dito y mucho m\u00e1s: Formas de pago\" \/>\n<meta name=\"robots\" content=\"index, follow, max-snippet:-1, max-image-preview:large, max-video-preview:-1\" \/>\n<link rel=\"canonical\" href=\"https:\/\/lions-pharmacy.com\/es\/formas-de-pago\" \/>\n<meta property=\"og:locale\" content=\"es_ES\" \/>\n<meta property=\"og:type\" content=\"article\" \/>\n<meta property=\"og:title\" content=\"Formas de pago &#187; Lion Pharmacy\" \/>\n<meta property=\"og:description\" content=\"Lion Pharmacy | Farmacia en l\u00ednea alemana registrada | Compra c\u00f3moda y segura, con PayPal, tarjetas de cr\u00e9dito y mucho m\u00e1s: Formas de pago\" \/>\n<meta property=\"og:url\" content=\"https:\/\/lions-pharmacy.com\/es\/formas-de-pago\" \/>\n<meta property=\"og:site_name\" content=\"Lion Pharmacy\" \/>\n<meta property=\"article:modified_time\" content=\"2023-09-07T10:15:01+00:00\" \/>\n<meta property=\"og:image\" content=\"https:\/\/lions-pharmacy.com\/wp-content\/uploads\/2023\/01\/lion-pharmacy-fallback-image-.jpg\" \/>\n\t<meta property=\"og:image:width\" content=\"1200\" \/>\n\t<meta property=\"og:image:height\" content=\"675\" \/>\n\t<meta property=\"og:image:type\" content=\"image\/jpeg\" \/>\n<meta name=\"twitter:card\" content=\"summary_large_image\" \/>\n<meta name=\"twitter:label1\" content=\"Tiempo de lectura\" \/>\n\t<meta name=\"twitter:data1\" content=\"2 minutos\" \/>\n<script type=\"application\/ld+json\" class=\"yoast-schema-graph\">{\"@context\":\"https:\/\/schema.org\",\"@graph\":[{\"@type\":\"WebPage\",\"@id\":\"https:\/\/lions-pharmacy.com\/es\/formas-de-pago\",\"url\":\"https:\/\/lions-pharmacy.com\/es\/formas-de-pago\",\"name\":\"Formas de pago &#187; Lion Pharmacy\",\"isPartOf\":{\"@id\":\"https:\/\/lions-pharmacy.com\/es#website\"},\"datePublished\":\"2022-12-11T08:03:40+00:00\",\"dateModified\":\"2023-09-07T10:15:01+00:00\",\"description\":\"Lion Pharmacy | Farmacia en l\u00ednea alemana registrada | Compra c\u00f3moda y segura, con PayPal, tarjetas de cr\u00e9dito y mucho m\u00e1s: Formas de pago\",\"breadcrumb\":{\"@id\":\"https:\/\/lions-pharmacy.com\/es\/formas-de-pago#breadcrumb\"},\"inLanguage\":\"es\",\"potentialAction\":[{\"@type\":\"ReadAction\",\"target\":[\"https:\/\/lions-pharmacy.com\/es\/formas-de-pago\"]}]},{\"@type\":\"BreadcrumbList\",\"@id\":\"https:\/\/lions-pharmacy.com\/es\/formas-de-pago#breadcrumb\",\"itemListElement\":[{\"@type\":\"ListItem\",\"position\":1,\"name\":\"Home\",\"item\":\"https:\/\/lions-pharmacy.com\/es\/homepage-lion-pharmacy\"},{\"@type\":\"ListItem\",\"position\":2,\"name\":\"Formas de pago\"}]},{\"@type\":\"WebSite\",\"@id\":\"https:\/\/lions-pharmacy.com\/es#website\",\"url\":\"https:\/\/lions-pharmacy.com\/es\",\"name\":\"Lions Pharmacy\",\"description\":\"Farmacia especializada en naturopat\u00eda de Baden-Baden, Alemania\",\"publisher\":{\"@id\":\"https:\/\/lions-pharmacy.com\/es#organization\"},\"alternateName\":\"Lion Pharmacy\",\"potentialAction\":[{\"@type\":\"SearchAction\",\"target\":{\"@type\":\"EntryPoint\",\"urlTemplate\":\"https:\/\/lions-pharmacy.com\/es?s={search_term_string}\"},\"query-input\":{\"@type\":\"PropertyValueSpecification\",\"valueRequired\":true,\"valueName\":\"search_term_string\"}}],\"inLanguage\":\"es\"},{\"@type\":\"Organization\",\"@id\":\"https:\/\/lions-pharmacy.com\/es#organization\",\"name\":\"Lions Pharmacy\",\"alternateName\":\"Lions Pharmacy24\",\"url\":\"https:\/\/lions-pharmacy.com\/es\",\"logo\":{\"@type\":\"ImageObject\",\"inLanguage\":\"es\",\"@id\":\"https:\/\/lions-pharmacy.com\/es#\/schema\/logo\/image\/\",\"url\":\"https:\/\/lions-pharmacy.com\/wp-content\/uploads\/2022\/12\/Logo-Lion-Pharmacy-c-o-Loewen-Apotheke-smal.jpg\",\"contentUrl\":\"https:\/\/lions-pharmacy.com\/wp-content\/uploads\/2022\/12\/Logo-Lion-Pharmacy-c-o-Loewen-Apotheke-smal.jpg\",\"width\":298,\"height\":99,\"caption\":\"Lions Pharmacy\"},\"image\":{\"@id\":\"https:\/\/lions-pharmacy.com\/es#\/schema\/logo\/image\/\"}}]}<\/script>\n<!-- \/ Yoast SEO plugin. -->","yoast_head_json":{"title":"Formas de pago &#187; Lion Pharmacy","description":"Lion Pharmacy | Farmacia en l\u00ednea alemana registrada | Compra c\u00f3moda y segura, con PayPal, tarjetas de cr\u00e9dito y mucho m\u00e1s: Formas de pago","robots":{"index":"index","follow":"follow","max-snippet":"max-snippet:-1","max-image-preview":"max-image-preview:large","max-video-preview":"max-video-preview:-1"},"canonical":"https:\/\/lions-pharmacy.com\/es\/formas-de-pago","og_locale":"es_ES","og_type":"article","og_title":"Formas de pago &#187; Lion Pharmacy","og_description":"Lion Pharmacy | Farmacia en l\u00ednea alemana registrada | Compra c\u00f3moda y segura, con PayPal, tarjetas de cr\u00e9dito y mucho m\u00e1s: Formas de pago","og_url":"https:\/\/lions-pharmacy.com\/es\/formas-de-pago","og_site_name":"Lion Pharmacy","article_modified_time":"2023-09-07T10:15:01+00:00","og_image":[{"width":1200,"height":675,"url":"https:\/\/lions-pharmacy.com\/wp-content\/uploads\/2023\/01\/lion-pharmacy-fallback-image-.jpg","type":"image\/jpeg"}],"twitter_card":"summary_large_image","twitter_misc":{"Tiempo de lectura":"2 minutos"},"schema":{"@context":"https:\/\/schema.org","@graph":[{"@type":"WebPage","@id":"https:\/\/lions-pharmacy.com\/es\/formas-de-pago","url":"https:\/\/lions-pharmacy.com\/es\/formas-de-pago","name":"Formas de pago &#187; Lion Pharmacy","isPartOf":{"@id":"https:\/\/lions-pharmacy.com\/es#website"},"datePublished":"2022-12-11T08:03:40+00:00","dateModified":"2023-09-07T10:15:01+00:00","description":"Lion Pharmacy | Farmacia en l\u00ednea alemana registrada | Compra c\u00f3moda y segura, con PayPal, tarjetas de cr\u00e9dito y mucho m\u00e1s: Formas de pago","breadcrumb":{"@id":"https:\/\/lions-pharmacy.com\/es\/formas-de-pago#breadcrumb"},"inLanguage":"es","potentialAction":[{"@type":"ReadAction","target":["https:\/\/lions-pharmacy.com\/es\/formas-de-pago"]}]},{"@type":"BreadcrumbList","@id":"https:\/\/lions-pharmacy.com\/es\/formas-de-pago#breadcrumb","itemListElement":[{"@type":"ListItem","position":1,"name":"Home","item":"https:\/\/lions-pharmacy.com\/es\/homepage-lion-pharmacy"},{"@type":"ListItem","position":2,"name":"Formas de pago"}]},{"@type":"WebSite","@id":"https:\/\/lions-pharmacy.com\/es#website","url":"https:\/\/lions-pharmacy.com\/es","name":"Lions Pharmacy","description":"Farmacia especializada en naturopat\u00eda de Baden-Baden, Alemania","publisher":{"@id":"https:\/\/lions-pharmacy.com\/es#organization"},"alternateName":"Lion Pharmacy","potentialAction":[{"@type":"SearchAction","target":{"@type":"EntryPoint","urlTemplate":"https:\/\/lions-pharmacy.com\/es?s={search_term_string}"},"query-input":{"@type":"PropertyValueSpecification","valueRequired":true,"valueName":"search_term_string"}}],"inLanguage":"es"},{"@type":"Organization","@id":"https:\/\/lions-pharmacy.com\/es#organization","name":"Lions Pharmacy","alternateName":"Lions Pharmacy24","url":"https:\/\/lions-pharmacy.com\/es","logo":{"@type":"ImageObject","inLanguage":"es","@id":"https:\/\/lions-pharmacy.com\/es#\/schema\/logo\/image\/","url":"https:\/\/lions-pharmacy.com\/wp-content\/uploads\/2022\/12\/Logo-Lion-Pharmacy-c-o-Loewen-Apotheke-smal.jpg","contentUrl":"https:\/\/lions-pharmacy.com\/wp-content\/uploads\/2022\/12\/Logo-Lion-Pharmacy-c-o-Loewen-Apotheke-smal.jpg","width":298,"height":99,"caption":"Lions Pharmacy"},"image":{"@id":"https:\/\/lions-pharmacy.com\/es#\/schema\/logo\/image\/"}}]}},"_links":{"self":[{"href":"https:\/\/lions-pharmacy.com\/es\/wp-json\/wp\/v2\/pages\/1665","targetHints":{"allow":["GET"]}}],"collection":[{"href":"https:\/\/lions-pharmacy.com\/es\/wp-json\/wp\/v2\/pages"}],"about":[{"href":"https:\/\/lions-pharmacy.com\/es\/wp-json\/wp\/v2\/types\/page"}],"author":[{"embeddable":true,"href":"https:\/\/lions-pharmacy.com\/es\/wp-json\/wp\/v2\/users\/1"}],"replies":[{"embeddable":true,"href":"https:\/\/lions-pharmacy.com\/es\/wp-json\/wp\/v2\/comments?post=1665"}],"version-history":[{"count":0,"href":"https:\/\/lions-pharmacy.com\/es\/wp-json\/wp\/v2\/pages\/1665\/revisions"}],"wp:attachment":[{"href":"https:\/\/lions-pharmacy.com\/es\/wp-json\/wp\/v2\/media?parent=1665"}],"curies":[{"name":"wp","href":"https:\/\/api.w.org\/{rel}","templated":true}]}}