{"id":1653,"date":"2022-12-11T09:03:40","date_gmt":"2022-12-11T08:03:40","guid":{"rendered":"https:\/\/lions-pharmacy.com\/pie-de-imprenta"},"modified":"2026-03-13T08:30:58","modified_gmt":"2026-03-13T07:30:58","slug":"impressum","status":"publish","type":"page","link":"https:\/\/lions-pharmacy.com\/es\/impressum","title":{"rendered":"Pie de imprenta"},"content":{"rendered":"\t\t<div data-elementor-type=\"wp-page\" data-elementor-id=\"1653\" class=\"elementor elementor-1653 elementor-20\">\n\t\t\t\t\t\t<section class=\"elementor-section elementor-top-section elementor-element elementor-element-556343fe elementor-section-boxed elementor-section-height-default elementor-section-height-default\" data-id=\"556343fe\" data-element_type=\"section\">\n\t\t\t\t\t\t<div class=\"elementor-container elementor-column-gap-default\">\n\t\t\t\t\t<div class=\"elementor-column elementor-col-100 elementor-top-column elementor-element elementor-element-2ede5ef4\" data-id=\"2ede5ef4\" data-element_type=\"column\">\n\t\t\t<div class=\"elementor-widget-wrap elementor-element-populated\">\n\t\t\t\t\t\t<div class=\"elementor-element elementor-element-4b42cf08 elementor-widget elementor-widget-text-editor\" data-id=\"4b42cf08\" data-element_type=\"widget\" data-widget_type=\"text-editor.default\">\n\t\t\t\t<div class=\"elementor-widget-container\">\n\t\t\t\t\t\t\t\t\t<h4>INFORMACI\u00d3N DE CONFORMIDAD CON LA SECC. 5 LEY ALEMANA DE TELEMEDIOS (TMG)<\/h4><p>Pie de imprenta: Lions Pharmacy c\/o L\u00f6wen Apotheke. Propietario: Sandra Hoff<\/p><div><div style=\"flex-basis: 50%;\"><div><div><figure><img decoding=\"async\" data-src=\"https:\/\/lions-pharmacy.com\/wp-content\/uploads\/2022\/12\/image.png\" alt=\"\" width=\"195\" height=\"57\" src=\"data:image\/svg+xml;base64,PHN2ZyB3aWR0aD0iMSIgaGVpZ2h0PSIxIiB4bWxucz0iaHR0cDovL3d3dy53My5vcmcvMjAwMC9zdmciPjwvc3ZnPg==\" class=\"lazyload\" style=\"--smush-placeholder-width: 195px; --smush-placeholder-aspect-ratio: 195\/57;\"><\/figure><\/div><div><figure><img decoding=\"async\" data-src=\"https:\/\/lions-pharmacy.com\/wp-content\/uploads\/2022\/12\/Logo-Lion-Pharmacy-c-o-Loewen-Apotheke-smal.jpg\" alt=\"Logo Lion Farmacia c-o L\u00f6wen Apotheke peque\u00f1o\" width=\"181\" height=\"60\" src=\"data:image\/svg+xml;base64,PHN2ZyB3aWR0aD0iMSIgaGVpZ2h0PSIxIiB4bWxucz0iaHR0cDovL3d3dy53My5vcmcvMjAwMC9zdmciPjwvc3ZnPg==\" class=\"lazyload\" style=\"--smush-placeholder-width: 181px; --smush-placeholder-aspect-ratio: 181\/60;\"><\/figure><\/div><\/div><\/div><\/div><p>Direcci\u00f3n postal: L\u00f6wen Apotheke | Sandra Hoff e.K. | Lichtentaler Str. 3 | 76530 Baden-Baden<\/p><p>Registro Mercantil: HRA 200730<br>Tribunal de registro: Mannheim<\/p><h4>CONTACTO<\/h4><p><strong>L\u00ednea directa de atenci\u00f3n al cliente<\/strong>: Asesoramiento y opciones de pedido, as\u00ed como m\u00e1s informaci\u00f3n en:<br>Tel.: +49-(0)7221 \/ 395 374<\/p><p>Otras solicitudes:<\/p><p>Tel: +49 7221 \/ 22 120<br>Fax: +49 7221 \/ 23 875<br>Correo electr\u00f3nico: info@loewen-apotheke24.de<\/p><h4>N\u00daMERO DE IDENTIFICACI\u00d3N FISCAL<\/h4><p>N\u00famero de identificaci\u00f3n fiscal seg\u00fan Sect. 27 a de la Ley del Impuesto sobre las Ventas:<br>DE 219547975<\/p><h4>AUTORIDAD DE CONTROL<\/h4><p>Aufsichtsbeh\u00f6rde RP Karlsruhe<br>Aufsichtsbeh\u00f6rde:<br>Regierungspr\u00e4sidium Karlsruhe<br>76247 Karlsruhe, Tel.: 0721-9260<\/p><p><a href=\"https:\/\/rp.baden-wuerttemberg.de\/rpk\/\">https:\/\/rp.baden-wuerttemberg.de\/rpk\/<\/a><\/p><h4>PUESTO DE TRABAJO Y REGLAMENTOS PROFESIONALES<\/h4><p>T\u00edtulo del puesto:<br>Apothekerin (Farmacia)<\/p><p>C\u00e1mara competente<br>Landesapothekerkammer Baden-W\u00fcrttemberg<br>Sociedad de los Derechos Fundamentales<br>Villastra\u00dfe 1<br>70190 Stuttgart<\/p><p>Autorizaci\u00f3n concedida en<br>Alemania<\/p><p>Se aplican las siguientes normas profesionales &#8220;Apothekerin&#8221; : Bundesrepublik Deutschland. Reglamentos profesionales: Reglamento profesional de la C\u00e1mara de Farmac\u00e9uticos, disponible en la C\u00e1mara de Farmacias de Berl\u00edn.<\/p><p>Se aplican las siguientes normas profesionales:<\/p><p>T\u00edtulo del puesto: Apothekerin<br>disponible en: <a href=\"https:\/\/www.lak-bw.de\/impressum-berufsordnung\" target=\"_blank\" rel=\"noreferrer noopener\">https:\/\/www.lak-bw.de\/impressum-berufsordnung<\/a><\/p><p>Licencia por correo:  <br><a href=\"https:\/\/versandhandel.dimdi.de\/websearch\/servlet\/Gate?accessid=dimdi_var&amp;term=3c387956690121ccc8763184f052b93f\" target=\"_blank\" rel=\"noreferrer noopener\">Botica L\u00f6wen<\/a><\/p><figure><a href=\"https:\/\/versandhandel.dimdi.de\/websearch\/servlet\/Gate?accessid=dimdi_var&amp;term=3c387956690121ccc8763184f052b93f\" target=\"_blank\" rel=\"noreferrer noopener\"><img decoding=\"async\" title=\"DIMIDI\" data-src=\"https:\/\/lions-pharmacy.com\/wp-content\/uploads\/2022\/12\/DIMIDI.jpg\" alt=\"DIMIDI: Lion Pharmacy - Farmacia Le\u00f3n est\u00e1 registrada.\" src=\"data:image\/svg+xml;base64,PHN2ZyB3aWR0aD0iMSIgaGVpZ2h0PSIxIiB4bWxucz0iaHR0cDovL3d3dy53My5vcmcvMjAwMC9zdmciPjwvc3ZnPg==\" class=\"lazyload\" style=\"--smush-placeholder-width: 100px; --smush-placeholder-aspect-ratio: 100\/100;\"><\/a><\/figure><h4>RESPONSABLE EDITORIAL<\/h4><p>Sandra Hoff, Lichtentaler Str. 3, D-76530 Baden-Baden<\/p><h4>RESOLUCI\u00d3N DE LITIGIOS DE LA UE<\/h4><p>La Comisi\u00f3n Europea proporciona una plataforma para la resoluci\u00f3n de disputas en l\u00ednea (ODR):: <a href=\"https:\/\/ec.europa.eu\/consumers\/odr\/\" target=\"_blank\" rel=\"noreferrer noopener\">https:\/\/ec.europa.eu\/consumers\/odr\/<\/a>.<br>Nuestra direcci\u00f3n de correo electr\u00f3nico figura m\u00e1s arriba, en el aviso del sitio.<\/p><h4>PROCEDIMIENTO DE RESOLUCI\u00d3N DE LITIGIOS ANTE UNA JUNTA ARBITRAL DE CONSUMO<\/h4><p>No estamos dispuestos ni obligados a participar en un procedimiento de resoluci\u00f3n de litigios ante una junta arbitral de consumo.<\/p><h4>ENLACES RESPONSABILIDAD<\/h4><p>Descargo de responsabilidad<\/p><p>El contenido de nuestras p\u00e1ginas se ha creado con sumo cuidado. Sin embargo, no podemos garantizar la exactitud, integridad y actualidad de los contenidos. Como proveedor de servicios, de conformidad con el apartado 1 del art\u00edculo 7 TMG es responsable de su propio contenido en estas p\u00e1ginas en virtud de las leyes generales. Sin embargo, de acuerdo con los art\u00edculos 8 a 10 de la TMG, no estamos obligados como proveedores de servicios a supervisar la informaci\u00f3n de terceros transmitida o almacenada ni a investigar circunstancias que indiquen una actividad ilegal. Las obligaciones de eliminar o bloquear el uso de informaci\u00f3n de conformidad con las leyes generales no se ver\u00e1n afectadas. Sin embargo, la responsabilidad a este respecto s\u00f3lo es posible a partir del momento en que se tiene conocimiento de una infracci\u00f3n concreta. Si tenemos conocimiento de alguna infracci\u00f3n de este tipo, eliminaremos inmediatamente el contenido en cuesti\u00f3n.<\/p><h4>INFORMACI\u00d3N ADICIONAL<\/h4><p>Derechos de autor:<\/p><p>Los contenidos y obras creados por los operadores del sitio en estas p\u00e1ginas est\u00e1n sujetos a la legislaci\u00f3n alemana sobre derechos de autor. La reproducci\u00f3n, el tratamiento, la distribuci\u00f3n o cualquier forma de comercializaci\u00f3n de dicho material fuera del \u00e1mbito de la ley de propiedad intelectual requerir\u00e1 el consentimiento previo por escrito de su respectivo autor. Las descargas y copias de esta p\u00e1gina s\u00f3lo est\u00e1n permitidas para uso privado y no comercial.<\/p><p>Referencias y enlaces<\/p><p>Nos gustar\u00eda subrayar que no tenemos ninguna influencia en el dise\u00f1o y el contenido de las p\u00e1ginas externas enlazadas. Por lo tanto nos disociamos por este medio expreso de todo el contenido de todos los lados ligados en nuestro homepage y no nos hacemos su contenido tambi\u00e9n poseer. Esta declaraci\u00f3n se aplica a todos los enlaces de nuestra p\u00e1gina web.<\/p><p>Agencias de fotograf\u00eda<\/p><p>Bildmaterial unter Lizenzierung von: Fotolia y Shutterstock<\/p><p>Producciones propias de Images &amp; Image. S\u00f3lo se permite la reproducci\u00f3n y distribuci\u00f3n con el consentimiento expreso y por escrito del autor.<\/p>\t\t\t\t\t\t\t\t<\/div>\n\t\t\t\t<\/div>\n\t\t\t\t\t<\/div>\n\t\t<\/div>\n\t\t\t\t\t<\/div>\n\t\t<\/section>\n\t\t\t\t<\/div>\n\t\t","protected":false},"excerpt":{"rendered":"<p>INFORMACI\u00d3N DE CONFORMIDAD CON LA SECC. 5 LEY ALEMANA DE TELEMEDIOS (TMG) Pie de imprenta: Lions Pharmacy c\/o L\u00f6wen Apotheke. Propietario: Sandra Hoff Direcci\u00f3n postal: L\u00f6wen Apotheke | Sandra Hoff e.K. | Lichtentaler Str. 3 | 76530 Baden-Baden Registro Mercantil: HRA 200730Tribunal de registro: Mannheim CONTACTO L\u00ednea directa de atenci\u00f3n al cliente: Asesoramiento y opciones [&hellip;]<\/p>\n","protected":false},"author":1,"featured_media":1334,"parent":0,"menu_order":0,"comment_status":"closed","ping_status":"closed","template":"","meta":{"footnotes":""},"class_list":["post-1653","page","type-page","status-publish","has-post-thumbnail","hentry"],"yoast_head":"<!-- This site is optimized with the Yoast SEO plugin v26.5 - https:\/\/yoast.com\/wordpress\/plugins\/seo\/ -->\n<title>Pie de imprenta &#187; Lion Pharmacy<\/title>\n<meta name=\"description\" content=\"Lion Pharmacy | Farmacia Le\u00f3n | farmacia en l\u00ednea alemana registrada | Env\u00edo internacional r\u00e1pido | Compras online c\u00f3modas y seguras | Pie de imprenta\" \/>\n<meta name=\"robots\" content=\"index, follow, max-snippet:-1, max-image-preview:large, max-video-preview:-1\" \/>\n<link rel=\"canonical\" href=\"https:\/\/lions-pharmacy.com\/es\/impressum\" \/>\n<meta property=\"og:locale\" content=\"es_ES\" \/>\n<meta property=\"og:type\" content=\"article\" \/>\n<meta property=\"og:title\" content=\"Pie de imprenta &#187; Lion Pharmacy\" \/>\n<meta property=\"og:description\" content=\"Lion Pharmacy | Farmacia Le\u00f3n | farmacia en l\u00ednea alemana registrada | Env\u00edo internacional r\u00e1pido | Compras online c\u00f3modas y seguras | Pie de imprenta\" \/>\n<meta property=\"og:url\" content=\"https:\/\/lions-pharmacy.com\/es\/impressum\" \/>\n<meta property=\"og:site_name\" content=\"Lion Pharmacy\" \/>\n<meta property=\"article:modified_time\" content=\"2026-03-13T07:30:58+00:00\" \/>\n<meta property=\"og:image\" content=\"https:\/\/lions-pharmacy.com\/wp-content\/uploads\/2022\/12\/Logo-Lion-Pharmacy-c-o-Loewen-Apotheke-xs.jpg\" \/>\n\t<meta property=\"og:image:width\" content=\"150\" \/>\n\t<meta property=\"og:image:height\" content=\"49\" \/>\n\t<meta property=\"og:image:type\" content=\"image\/jpeg\" \/>\n<meta name=\"twitter:card\" content=\"summary_large_image\" \/>\n<meta name=\"twitter:label1\" content=\"Tiempo de lectura\" \/>\n\t<meta name=\"twitter:data1\" content=\"3 minutos\" \/>\n<script type=\"application\/ld+json\" class=\"yoast-schema-graph\">{\"@context\":\"https:\/\/schema.org\",\"@graph\":[{\"@type\":\"WebPage\",\"@id\":\"https:\/\/lions-pharmacy.com\/es\/impressum\",\"url\":\"https:\/\/lions-pharmacy.com\/es\/impressum\",\"name\":\"Pie de imprenta &#187; Lion Pharmacy\",\"isPartOf\":{\"@id\":\"https:\/\/lions-pharmacy.com\/es#website\"},\"primaryImageOfPage\":{\"@id\":\"https:\/\/lions-pharmacy.com\/es\/impressum#primaryimage\"},\"image\":{\"@id\":\"https:\/\/lions-pharmacy.com\/es\/impressum#primaryimage\"},\"thumbnailUrl\":\"https:\/\/lions-pharmacy.com\/wp-content\/uploads\/2022\/12\/Logo-Lion-Pharmacy-c-o-Loewen-Apotheke-xs.jpg\",\"datePublished\":\"2022-12-11T08:03:40+00:00\",\"dateModified\":\"2026-03-13T07:30:58+00:00\",\"description\":\"Lion Pharmacy | Farmacia Le\u00f3n | farmacia en l\u00ednea alemana registrada | Env\u00edo internacional r\u00e1pido | Compras online c\u00f3modas y seguras | Pie de imprenta\",\"breadcrumb\":{\"@id\":\"https:\/\/lions-pharmacy.com\/es\/impressum#breadcrumb\"},\"inLanguage\":\"es\",\"potentialAction\":[{\"@type\":\"ReadAction\",\"target\":[\"https:\/\/lions-pharmacy.com\/es\/impressum\"]}]},{\"@type\":\"ImageObject\",\"inLanguage\":\"es\",\"@id\":\"https:\/\/lions-pharmacy.com\/es\/impressum#primaryimage\",\"url\":\"https:\/\/lions-pharmacy.com\/wp-content\/uploads\/2022\/12\/Logo-Lion-Pharmacy-c-o-Loewen-Apotheke-xs.jpg\",\"contentUrl\":\"https:\/\/lions-pharmacy.com\/wp-content\/uploads\/2022\/12\/Logo-Lion-Pharmacy-c-o-Loewen-Apotheke-xs.jpg\",\"width\":150,\"height\":49,\"caption\":\"Logo Leones Farmacia c-o L\u00f6wen Apotheke xs\"},{\"@type\":\"BreadcrumbList\",\"@id\":\"https:\/\/lions-pharmacy.com\/es\/impressum#breadcrumb\",\"itemListElement\":[{\"@type\":\"ListItem\",\"position\":1,\"name\":\"Home\",\"item\":\"https:\/\/lions-pharmacy.com\/es\/homepage-lion-pharmacy\"},{\"@type\":\"ListItem\",\"position\":2,\"name\":\"Pie de imprenta\"}]},{\"@type\":\"WebSite\",\"@id\":\"https:\/\/lions-pharmacy.com\/es#website\",\"url\":\"https:\/\/lions-pharmacy.com\/es\",\"name\":\"Lions Pharmacy\",\"description\":\"Farmacia especializada en naturopat\u00eda de Baden-Baden, Alemania\",\"publisher\":{\"@id\":\"https:\/\/lions-pharmacy.com\/es#organization\"},\"alternateName\":\"Lion Pharmacy\",\"potentialAction\":[{\"@type\":\"SearchAction\",\"target\":{\"@type\":\"EntryPoint\",\"urlTemplate\":\"https:\/\/lions-pharmacy.com\/es?s={search_term_string}\"},\"query-input\":{\"@type\":\"PropertyValueSpecification\",\"valueRequired\":true,\"valueName\":\"search_term_string\"}}],\"inLanguage\":\"es\"},{\"@type\":\"Organization\",\"@id\":\"https:\/\/lions-pharmacy.com\/es#organization\",\"name\":\"Lions Pharmacy\",\"alternateName\":\"Lions Pharmacy24\",\"url\":\"https:\/\/lions-pharmacy.com\/es\",\"logo\":{\"@type\":\"ImageObject\",\"inLanguage\":\"es\",\"@id\":\"https:\/\/lions-pharmacy.com\/es#\/schema\/logo\/image\/\",\"url\":\"https:\/\/lions-pharmacy.com\/wp-content\/uploads\/2022\/12\/Logo-Lion-Pharmacy-c-o-Loewen-Apotheke-smal.jpg\",\"contentUrl\":\"https:\/\/lions-pharmacy.com\/wp-content\/uploads\/2022\/12\/Logo-Lion-Pharmacy-c-o-Loewen-Apotheke-smal.jpg\",\"width\":298,\"height\":99,\"caption\":\"Lions Pharmacy\"},\"image\":{\"@id\":\"https:\/\/lions-pharmacy.com\/es#\/schema\/logo\/image\/\"}}]}<\/script>\n<!-- \/ Yoast SEO plugin. -->","yoast_head_json":{"title":"Pie de imprenta &#187; Lion Pharmacy","description":"Lion Pharmacy | Farmacia Le\u00f3n | farmacia en l\u00ednea alemana registrada | Env\u00edo internacional r\u00e1pido | Compras online c\u00f3modas y seguras | Pie de imprenta","robots":{"index":"index","follow":"follow","max-snippet":"max-snippet:-1","max-image-preview":"max-image-preview:large","max-video-preview":"max-video-preview:-1"},"canonical":"https:\/\/lions-pharmacy.com\/es\/impressum","og_locale":"es_ES","og_type":"article","og_title":"Pie de imprenta &#187; Lion Pharmacy","og_description":"Lion Pharmacy | Farmacia Le\u00f3n | farmacia en l\u00ednea alemana registrada | Env\u00edo internacional r\u00e1pido | Compras online c\u00f3modas y seguras | Pie de imprenta","og_url":"https:\/\/lions-pharmacy.com\/es\/impressum","og_site_name":"Lion Pharmacy","article_modified_time":"2026-03-13T07:30:58+00:00","og_image":[{"width":150,"height":49,"url":"https:\/\/lions-pharmacy.com\/wp-content\/uploads\/2022\/12\/Logo-Lion-Pharmacy-c-o-Loewen-Apotheke-xs.jpg","type":"image\/jpeg"}],"twitter_card":"summary_large_image","twitter_misc":{"Tiempo de lectura":"3 minutos"},"schema":{"@context":"https:\/\/schema.org","@graph":[{"@type":"WebPage","@id":"https:\/\/lions-pharmacy.com\/es\/impressum","url":"https:\/\/lions-pharmacy.com\/es\/impressum","name":"Pie de imprenta &#187; Lion Pharmacy","isPartOf":{"@id":"https:\/\/lions-pharmacy.com\/es#website"},"primaryImageOfPage":{"@id":"https:\/\/lions-pharmacy.com\/es\/impressum#primaryimage"},"image":{"@id":"https:\/\/lions-pharmacy.com\/es\/impressum#primaryimage"},"thumbnailUrl":"https:\/\/lions-pharmacy.com\/wp-content\/uploads\/2022\/12\/Logo-Lion-Pharmacy-c-o-Loewen-Apotheke-xs.jpg","datePublished":"2022-12-11T08:03:40+00:00","dateModified":"2026-03-13T07:30:58+00:00","description":"Lion Pharmacy | Farmacia Le\u00f3n | farmacia en l\u00ednea alemana registrada | Env\u00edo internacional r\u00e1pido | Compras online c\u00f3modas y seguras | Pie de imprenta","breadcrumb":{"@id":"https:\/\/lions-pharmacy.com\/es\/impressum#breadcrumb"},"inLanguage":"es","potentialAction":[{"@type":"ReadAction","target":["https:\/\/lions-pharmacy.com\/es\/impressum"]}]},{"@type":"ImageObject","inLanguage":"es","@id":"https:\/\/lions-pharmacy.com\/es\/impressum#primaryimage","url":"https:\/\/lions-pharmacy.com\/wp-content\/uploads\/2022\/12\/Logo-Lion-Pharmacy-c-o-Loewen-Apotheke-xs.jpg","contentUrl":"https:\/\/lions-pharmacy.com\/wp-content\/uploads\/2022\/12\/Logo-Lion-Pharmacy-c-o-Loewen-Apotheke-xs.jpg","width":150,"height":49,"caption":"Logo Leones Farmacia c-o L\u00f6wen Apotheke xs"},{"@type":"BreadcrumbList","@id":"https:\/\/lions-pharmacy.com\/es\/impressum#breadcrumb","itemListElement":[{"@type":"ListItem","position":1,"name":"Home","item":"https:\/\/lions-pharmacy.com\/es\/homepage-lion-pharmacy"},{"@type":"ListItem","position":2,"name":"Pie de imprenta"}]},{"@type":"WebSite","@id":"https:\/\/lions-pharmacy.com\/es#website","url":"https:\/\/lions-pharmacy.com\/es","name":"Lions Pharmacy","description":"Farmacia especializada en naturopat\u00eda de Baden-Baden, Alemania","publisher":{"@id":"https:\/\/lions-pharmacy.com\/es#organization"},"alternateName":"Lion Pharmacy","potentialAction":[{"@type":"SearchAction","target":{"@type":"EntryPoint","urlTemplate":"https:\/\/lions-pharmacy.com\/es?s={search_term_string}"},"query-input":{"@type":"PropertyValueSpecification","valueRequired":true,"valueName":"search_term_string"}}],"inLanguage":"es"},{"@type":"Organization","@id":"https:\/\/lions-pharmacy.com\/es#organization","name":"Lions Pharmacy","alternateName":"Lions Pharmacy24","url":"https:\/\/lions-pharmacy.com\/es","logo":{"@type":"ImageObject","inLanguage":"es","@id":"https:\/\/lions-pharmacy.com\/es#\/schema\/logo\/image\/","url":"https:\/\/lions-pharmacy.com\/wp-content\/uploads\/2022\/12\/Logo-Lion-Pharmacy-c-o-Loewen-Apotheke-smal.jpg","contentUrl":"https:\/\/lions-pharmacy.com\/wp-content\/uploads\/2022\/12\/Logo-Lion-Pharmacy-c-o-Loewen-Apotheke-smal.jpg","width":298,"height":99,"caption":"Lions Pharmacy"},"image":{"@id":"https:\/\/lions-pharmacy.com\/es#\/schema\/logo\/image\/"}}]}},"_links":{"self":[{"href":"https:\/\/lions-pharmacy.com\/es\/wp-json\/wp\/v2\/pages\/1653","targetHints":{"allow":["GET"]}}],"collection":[{"href":"https:\/\/lions-pharmacy.com\/es\/wp-json\/wp\/v2\/pages"}],"about":[{"href":"https:\/\/lions-pharmacy.com\/es\/wp-json\/wp\/v2\/types\/page"}],"author":[{"embeddable":true,"href":"https:\/\/lions-pharmacy.com\/es\/wp-json\/wp\/v2\/users\/1"}],"replies":[{"embeddable":true,"href":"https:\/\/lions-pharmacy.com\/es\/wp-json\/wp\/v2\/comments?post=1653"}],"version-history":[{"count":5,"href":"https:\/\/lions-pharmacy.com\/es\/wp-json\/wp\/v2\/pages\/1653\/revisions"}],"predecessor-version":[{"id":21646,"href":"https:\/\/lions-pharmacy.com\/es\/wp-json\/wp\/v2\/pages\/1653\/revisions\/21646"}],"wp:featuredmedia":[{"embeddable":true,"href":"https:\/\/lions-pharmacy.com\/es\/wp-json\/wp\/v2\/media\/1334"}],"wp:attachment":[{"href":"https:\/\/lions-pharmacy.com\/es\/wp-json\/wp\/v2\/media?parent=1653"}],"curies":[{"name":"wp","href":"https:\/\/api.w.org\/{rel}","templated":true}]}}