{"id":9991,"date":"2025-03-12T13:48:44","date_gmt":"2025-03-12T12:48:44","guid":{"rendered":"https:\/\/lions-pharmacy.com\/?post_type=product&#038;p=9991"},"modified":"2025-07-28T21:52:47","modified_gmt":"2025-07-28T20:52:47","slug":"pure-encapsulations-mood-formula-30-pcs-19114717","status":"publish","type":"product","link":"https:\/\/lions-pharmacy.com\/de\/produkt\/pure-encapsulations-mood-formula-30-pcs-19114717","title":{"rendered":"Pure Encapsulations Mood Formel (30 St\u00fcck)"},"content":{"rendered":"<h3>Pure Encapsulations Mood Formel<\/h3>\n<p>The Mood Formula von Pure Encapsulations\u00ae ist eine einzigartige stimmungsaufhellende Formel mit den nat\u00fcrlichen Pflanzenextrakten Safran, Griffonia (5-HTP) und Rhodiola Rosea in Kombination mit essentiellen B-Vitaminen.<\/p>\n<p>F\u00fcr wen ist die Mood Formul geeignet?<\/p>\n<p>F\u00fcr Menschen, die<br \/>\n&gt;  ihre Stimmung positiv beeinflussen wollen.<br \/>\n&gt;  w\u00fcnschen sich nat\u00fcrliche Unterst\u00fctzung f\u00fcr ihr geistiges Wohlbefinden.<br \/>\n&gt;  \u00fcber Stimmungsschwankungen und Lustlosigkeit berichten<br \/>\n&gt;  sind im Arbeitsalltag psychischen Herausforderungen ausgesetzt, aber<br \/>\nihre Leistung aufrechterhalten wollen.<\/p>\n<p>Packungsbeilage\/Gebrauchsanweisung\/Artikeldatenblatt: \u2013 (PDF-Reader)<\/p>\n<p>Weitere Produkte f\u00fcr die Anwendung: <a href=\"https:\/\/lions-pharmacy.com\/product-tag\/homeopathy\" rel=\"tag\">Hom\u00f6opathie<\/a> | <a href=\"https:\/\/lions-pharmacy.com\/product-tag\/virus-infection\" rel=\"tag\">Virusinfektion<\/a> | <a href=\"https:\/\/lions-pharmacy.com\/product-tag\/vitamins-supplements\">Vitamine &amp; Nahrungserg\u00e4nzungsmittel Produkte<\/a><\/p>\n<p>Erfahren Sie mehr \u00fcber den Hersteller und dieses Produkt: <a href=\"https:\/\/www.purecaps.net\/\" target=\"_blank\" rel=\"noopener\">Pure Encapsulations Pro Medico GmbH<\/a> (Link zur externen Website)<\/p>\n<p>Nahrungserg\u00e4nzungsmittel sind kein Ersatz f\u00fcr eine ausgewogene und abwechslungsreiche Ern\u00e4hrung und eine gesunde Lebensweise. \u00dcberschreiten Sie nicht die empfohlene Tagesdosis. Au\u00dferhalb der Reichweite von kleinen Kindern aufbewahren.<\/p>\n<p>Informationen auf dieser Website werden ausschlie\u00dflich f\u00fcr informative Zwecke zur Verf\u00fcgung gestellt. Sie ersetzen keinesfalls die Untersuchung und Behandlung durch einen Arzt. Bitte beachten Sie, dass hierdurch weder Diagnosen gestellt noch Therapien eingeleitet werden k\u00f6nnen.<\/p>\n<p>Zu Risiken und Nebenwirkungen lesen Sie die Packungsbeilage und fragen Sie Ihren Arzt oder Apotheker.<\/p>\n<p>&nbsp;<\/p>\n<h3>Verschreibung | E-Rezept erh\u00e4ltlich?<\/h3>\n<p>Reichen Sie jetzt Ihr E-Rezept ein. Nutzen Sie unsere <a href=\"https:\/\/e-rezept-app.de\/shop-rezept\" target=\"_blank\" rel=\"noopener\">E-Rezept-App<\/a> . Und wir schenken Ihnen die Versandkosten in Deutschland!<\/p>\n","protected":false},"excerpt":{"rendered":"<h2>Pure Encapsulations Mood Formel<\/h2>\n<p>Stimmungsaufhellende Formel mit den nat\u00fcrlichen Pflanzenextrakten.<\/p>\n<p><\/p>\n<p><strong>PZN<\/strong>: 19114717<\/p>\n<p><strong>Darreichungsform<\/strong>: Capsoules<\/p>\n<p><strong>Packungsgr\u00f6\u00dfe<\/strong>: 30 St\u00fcck.<\/p>\n<p><strong>Verschreibungsart:<\/strong> verschreibungsfrei<\/p>\n<p><strong>Marke<\/strong>: Pure Encapsulations<\/p>\n<p><strong>Hersteller<\/strong>: Pro Medico GmbH, Deutschland<\/p>\n","protected":false},"featured_media":9996,"comment_status":"closed","ping_status":"closed","template":"","meta":[],"product_brand":[],"product_cat":[368],"product_tag":[434,433,381,386,472,474,429,432],"class_list":{"0":"post-9991","1":"product","2":"type-product","3":"status-publish","4":"has-post-thumbnail","6":"product_cat-shop-de","7":"product_tag-gewicht-und-fitness","8":"product_tag-gewichtsmanagement","9":"product_tag-homoopathie","10":"product_tag-konzentration-stress","11":"product_tag-naturliche-heilmittel","12":"product_tag-pflanzlicher-wirkstoff","13":"product_tag-vitamine-und-nahrungserganzungsmittel","14":"product_tag-wellness-de","15":"ts_product_brand-alle","16":"ts_product_brand-pure-encapsulations-de","18":"first","19":"outofstock","20":"sale","21":"taxable","22":"shipping-taxable","23":"purchasable","24":"product-type-simple"},"yoast_head":"<!-- This site is optimized with the Yoast SEO plugin v26.5 - https:\/\/yoast.com\/wordpress\/plugins\/seo\/ -->\n<title>Pure Encapsulations Mood Formel (30 St\u00fcck) &#187; Mehr erfahren<\/title>\n<meta name=\"description\" content=\"Registrierte deutsche Online-Apotheke. Wir bieten: Schneller Versand weltweit und Top Service. Pure Encapsulations Mood Formel (30 St\u00fcck)\" \/>\n<meta name=\"robots\" content=\"index, follow, max-snippet:-1, max-image-preview:large, max-video-preview:-1\" \/>\n<link rel=\"canonical\" href=\"https:\/\/lions-pharmacy.com\/de\/produkt\/pure-encapsulations-mood-formula-30-pcs-19114717\" \/>\n<meta property=\"og:locale\" content=\"de_DE\" \/>\n<meta property=\"og:type\" content=\"article\" \/>\n<meta property=\"og:title\" content=\"Pure Encapsulations Mood Formel (30 St\u00fcck) &#187; Mehr erfahren\" \/>\n<meta property=\"og:description\" content=\"Registrierte deutsche Online-Apotheke. Wir bieten: Schneller Versand weltweit und Top Service. Pure Encapsulations Mood Formel (30 St\u00fcck)\" \/>\n<meta property=\"og:url\" content=\"https:\/\/lions-pharmacy.com\/de\/produkt\/pure-encapsulations-mood-formula-30-pcs-19114717\" \/>\n<meta property=\"og:site_name\" content=\"L\u00f6wen Apotheke\" \/>\n<meta property=\"article:modified_time\" content=\"2025-07-28T20:52:47+00:00\" \/>\n<meta property=\"og:image\" content=\"https:\/\/lions-pharmacy.com\/wp-content\/uploads\/2025\/03\/Pure-Encapsulations-Mood-formula-Capsoules-PZN-19114717-on-Lions-Pharmacy.webp\" \/>\n\t<meta property=\"og:image:width\" content=\"600\" \/>\n\t<meta property=\"og:image:height\" content=\"600\" \/>\n\t<meta property=\"og:image:type\" content=\"image\/webp\" \/>\n<meta name=\"twitter:card\" content=\"summary_large_image\" \/>\n<meta name=\"twitter:label1\" content=\"Gesch\u00e4tzte Lesezeit\" \/>\n\t<meta name=\"twitter:data1\" content=\"1\u00a0Minute\" \/>\n<script type=\"application\/ld+json\" class=\"yoast-schema-graph\">{\"@context\":\"https:\/\/schema.org\",\"@graph\":[{\"@type\":\"WebPage\",\"@id\":\"https:\/\/lions-pharmacy.com\/de\/produkt\/pure-encapsulations-mood-formula-30-pcs-19114717\",\"url\":\"https:\/\/lions-pharmacy.com\/de\/produkt\/pure-encapsulations-mood-formula-30-pcs-19114717\",\"name\":\"Pure Encapsulations Mood Formel (30 St\u00fcck) &#187; Mehr erfahren\",\"isPartOf\":{\"@id\":\"https:\/\/lions-pharmacy.com\/de#website\"},\"primaryImageOfPage\":{\"@id\":\"https:\/\/lions-pharmacy.com\/de\/produkt\/pure-encapsulations-mood-formula-30-pcs-19114717#primaryimage\"},\"image\":{\"@id\":\"https:\/\/lions-pharmacy.com\/de\/produkt\/pure-encapsulations-mood-formula-30-pcs-19114717#primaryimage\"},\"thumbnailUrl\":\"https:\/\/lions-pharmacy.com\/wp-content\/uploads\/2025\/03\/Pure-Encapsulations-Mood-formula-Capsoules-PZN-19114717-on-Lions-Pharmacy.webp\",\"datePublished\":\"2025-03-12T12:48:44+00:00\",\"dateModified\":\"2025-07-28T20:52:47+00:00\",\"description\":\"Registrierte deutsche Online-Apotheke. Wir bieten: Schneller Versand weltweit und Top Service. Pure Encapsulations Mood Formel (30 St\u00fcck)\",\"breadcrumb\":{\"@id\":\"https:\/\/lions-pharmacy.com\/de\/produkt\/pure-encapsulations-mood-formula-30-pcs-19114717#breadcrumb\"},\"inLanguage\":\"de\",\"potentialAction\":[{\"@type\":\"ReadAction\",\"target\":[\"https:\/\/lions-pharmacy.com\/de\/produkt\/pure-encapsulations-mood-formula-30-pcs-19114717\"]}]},{\"@type\":\"ImageObject\",\"inLanguage\":\"de\",\"@id\":\"https:\/\/lions-pharmacy.com\/de\/produkt\/pure-encapsulations-mood-formula-30-pcs-19114717#primaryimage\",\"url\":\"https:\/\/lions-pharmacy.com\/wp-content\/uploads\/2025\/03\/Pure-Encapsulations-Mood-formula-Capsoules-PZN-19114717-on-Lions-Pharmacy.webp\",\"contentUrl\":\"https:\/\/lions-pharmacy.com\/wp-content\/uploads\/2025\/03\/Pure-Encapsulations-Mood-formula-Capsoules-PZN-19114717-on-Lions-Pharmacy.webp\",\"width\":600,\"height\":600,\"caption\":\"Eine Schachtel Pure Encapsulations Mood formul, PZN 19114717, auf Lions-Apotheke\"},{\"@type\":\"BreadcrumbList\",\"@id\":\"https:\/\/lions-pharmacy.com\/de\/produkt\/pure-encapsulations-mood-formula-30-pcs-19114717#breadcrumb\",\"itemListElement\":[{\"@type\":\"ListItem\",\"position\":1,\"name\":\"Home\",\"item\":\"https:\/\/lions-pharmacy.com\/de\/homepage-lion-pharmacy\"},{\"@type\":\"ListItem\",\"position\":2,\"name\":\"Shop\",\"item\":\"https:\/\/lions-pharmacy.com\/de\/shop-2\"},{\"@type\":\"ListItem\",\"position\":3,\"name\":\"Pure Encapsulations Mood Formel (30 St\u00fcck)\"}]},{\"@type\":\"WebSite\",\"@id\":\"https:\/\/lions-pharmacy.com\/de#website\",\"url\":\"https:\/\/lions-pharmacy.com\/de\",\"name\":\"Lions Pharmacy\",\"description\":\"Ihr Spezialist f\u00fcr Naturheilkunde aus Baden-Baden, Germany\",\"publisher\":{\"@id\":\"https:\/\/lions-pharmacy.com\/de#organization\"},\"alternateName\":\"Lion Pharmacy\",\"potentialAction\":[{\"@type\":\"SearchAction\",\"target\":{\"@type\":\"EntryPoint\",\"urlTemplate\":\"https:\/\/lions-pharmacy.com\/de?s={search_term_string}\"},\"query-input\":{\"@type\":\"PropertyValueSpecification\",\"valueRequired\":true,\"valueName\":\"search_term_string\"}}],\"inLanguage\":\"de\"},{\"@type\":\"Organization\",\"@id\":\"https:\/\/lions-pharmacy.com\/de#organization\",\"name\":\"Lions Pharmacy\",\"alternateName\":\"Lions Pharmacy24\",\"url\":\"https:\/\/lions-pharmacy.com\/de\",\"logo\":{\"@type\":\"ImageObject\",\"inLanguage\":\"de\",\"@id\":\"https:\/\/lions-pharmacy.com\/de#\/schema\/logo\/image\/\",\"url\":\"https:\/\/lions-pharmacy.com\/wp-content\/uploads\/2022\/12\/Logo-Lion-Pharmacy-c-o-Loewen-Apotheke-smal.jpg\",\"contentUrl\":\"https:\/\/lions-pharmacy.com\/wp-content\/uploads\/2022\/12\/Logo-Lion-Pharmacy-c-o-Loewen-Apotheke-smal.jpg\",\"width\":298,\"height\":99,\"caption\":\"Lions Pharmacy\"},\"image\":{\"@id\":\"https:\/\/lions-pharmacy.com\/de#\/schema\/logo\/image\/\"}}]}<\/script>\n<!-- \/ Yoast SEO plugin. -->","yoast_head_json":{"title":"Pure Encapsulations Mood Formel (30 St\u00fcck) &#187; Mehr erfahren","description":"Registrierte deutsche Online-Apotheke. Wir bieten: Schneller Versand weltweit und Top Service. Pure Encapsulations Mood Formel (30 St\u00fcck)","robots":{"index":"index","follow":"follow","max-snippet":"max-snippet:-1","max-image-preview":"max-image-preview:large","max-video-preview":"max-video-preview:-1"},"canonical":"https:\/\/lions-pharmacy.com\/de\/produkt\/pure-encapsulations-mood-formula-30-pcs-19114717","og_locale":"de_DE","og_type":"article","og_title":"Pure Encapsulations Mood Formel (30 St\u00fcck) &#187; Mehr erfahren","og_description":"Registrierte deutsche Online-Apotheke. Wir bieten: Schneller Versand weltweit und Top Service. Pure Encapsulations Mood Formel (30 St\u00fcck)","og_url":"https:\/\/lions-pharmacy.com\/de\/produkt\/pure-encapsulations-mood-formula-30-pcs-19114717","og_site_name":"L\u00f6wen Apotheke","article_modified_time":"2025-07-28T20:52:47+00:00","og_image":[{"width":600,"height":600,"url":"https:\/\/lions-pharmacy.com\/wp-content\/uploads\/2025\/03\/Pure-Encapsulations-Mood-formula-Capsoules-PZN-19114717-on-Lions-Pharmacy.webp","type":"image\/webp"}],"twitter_card":"summary_large_image","twitter_misc":{"Gesch\u00e4tzte Lesezeit":"1\u00a0Minute"},"schema":{"@context":"https:\/\/schema.org","@graph":[{"@type":"WebPage","@id":"https:\/\/lions-pharmacy.com\/de\/produkt\/pure-encapsulations-mood-formula-30-pcs-19114717","url":"https:\/\/lions-pharmacy.com\/de\/produkt\/pure-encapsulations-mood-formula-30-pcs-19114717","name":"Pure Encapsulations Mood Formel (30 St\u00fcck) &#187; Mehr erfahren","isPartOf":{"@id":"https:\/\/lions-pharmacy.com\/de#website"},"primaryImageOfPage":{"@id":"https:\/\/lions-pharmacy.com\/de\/produkt\/pure-encapsulations-mood-formula-30-pcs-19114717#primaryimage"},"image":{"@id":"https:\/\/lions-pharmacy.com\/de\/produkt\/pure-encapsulations-mood-formula-30-pcs-19114717#primaryimage"},"thumbnailUrl":"https:\/\/lions-pharmacy.com\/wp-content\/uploads\/2025\/03\/Pure-Encapsulations-Mood-formula-Capsoules-PZN-19114717-on-Lions-Pharmacy.webp","datePublished":"2025-03-12T12:48:44+00:00","dateModified":"2025-07-28T20:52:47+00:00","description":"Registrierte deutsche Online-Apotheke. Wir bieten: Schneller Versand weltweit und Top Service. Pure Encapsulations Mood Formel (30 St\u00fcck)","breadcrumb":{"@id":"https:\/\/lions-pharmacy.com\/de\/produkt\/pure-encapsulations-mood-formula-30-pcs-19114717#breadcrumb"},"inLanguage":"de","potentialAction":[{"@type":"ReadAction","target":["https:\/\/lions-pharmacy.com\/de\/produkt\/pure-encapsulations-mood-formula-30-pcs-19114717"]}]},{"@type":"ImageObject","inLanguage":"de","@id":"https:\/\/lions-pharmacy.com\/de\/produkt\/pure-encapsulations-mood-formula-30-pcs-19114717#primaryimage","url":"https:\/\/lions-pharmacy.com\/wp-content\/uploads\/2025\/03\/Pure-Encapsulations-Mood-formula-Capsoules-PZN-19114717-on-Lions-Pharmacy.webp","contentUrl":"https:\/\/lions-pharmacy.com\/wp-content\/uploads\/2025\/03\/Pure-Encapsulations-Mood-formula-Capsoules-PZN-19114717-on-Lions-Pharmacy.webp","width":600,"height":600,"caption":"Eine Schachtel Pure Encapsulations Mood formul, PZN 19114717, auf Lions-Apotheke"},{"@type":"BreadcrumbList","@id":"https:\/\/lions-pharmacy.com\/de\/produkt\/pure-encapsulations-mood-formula-30-pcs-19114717#breadcrumb","itemListElement":[{"@type":"ListItem","position":1,"name":"Home","item":"https:\/\/lions-pharmacy.com\/de\/homepage-lion-pharmacy"},{"@type":"ListItem","position":2,"name":"Shop","item":"https:\/\/lions-pharmacy.com\/de\/shop-2"},{"@type":"ListItem","position":3,"name":"Pure Encapsulations Mood Formel (30 St\u00fcck)"}]},{"@type":"WebSite","@id":"https:\/\/lions-pharmacy.com\/de#website","url":"https:\/\/lions-pharmacy.com\/de","name":"Lions Pharmacy","description":"Ihr Spezialist f\u00fcr Naturheilkunde aus Baden-Baden, Germany","publisher":{"@id":"https:\/\/lions-pharmacy.com\/de#organization"},"alternateName":"Lion Pharmacy","potentialAction":[{"@type":"SearchAction","target":{"@type":"EntryPoint","urlTemplate":"https:\/\/lions-pharmacy.com\/de?s={search_term_string}"},"query-input":{"@type":"PropertyValueSpecification","valueRequired":true,"valueName":"search_term_string"}}],"inLanguage":"de"},{"@type":"Organization","@id":"https:\/\/lions-pharmacy.com\/de#organization","name":"Lions Pharmacy","alternateName":"Lions Pharmacy24","url":"https:\/\/lions-pharmacy.com\/de","logo":{"@type":"ImageObject","inLanguage":"de","@id":"https:\/\/lions-pharmacy.com\/de#\/schema\/logo\/image\/","url":"https:\/\/lions-pharmacy.com\/wp-content\/uploads\/2022\/12\/Logo-Lion-Pharmacy-c-o-Loewen-Apotheke-smal.jpg","contentUrl":"https:\/\/lions-pharmacy.com\/wp-content\/uploads\/2022\/12\/Logo-Lion-Pharmacy-c-o-Loewen-Apotheke-smal.jpg","width":298,"height":99,"caption":"Lions Pharmacy"},"image":{"@id":"https:\/\/lions-pharmacy.com\/de#\/schema\/logo\/image\/"}}]}},"_links":{"self":[{"href":"https:\/\/lions-pharmacy.com\/de\/wp-json\/wp\/v2\/product\/9991","targetHints":{"allow":["GET"]}}],"collection":[{"href":"https:\/\/lions-pharmacy.com\/de\/wp-json\/wp\/v2\/product"}],"about":[{"href":"https:\/\/lions-pharmacy.com\/de\/wp-json\/wp\/v2\/types\/product"}],"replies":[{"embeddable":true,"href":"https:\/\/lions-pharmacy.com\/de\/wp-json\/wp\/v2\/comments?post=9991"}],"wp:featuredmedia":[{"embeddable":true,"href":"https:\/\/lions-pharmacy.com\/de\/wp-json\/wp\/v2\/media\/9996"}],"wp:attachment":[{"href":"https:\/\/lions-pharmacy.com\/de\/wp-json\/wp\/v2\/media?parent=9991"}],"wp:term":[{"taxonomy":"product_brand","embeddable":true,"href":"https:\/\/lions-pharmacy.com\/de\/wp-json\/wp\/v2\/product_brand?post=9991"},{"taxonomy":"product_cat","embeddable":true,"href":"https:\/\/lions-pharmacy.com\/de\/wp-json\/wp\/v2\/product_cat?post=9991"},{"taxonomy":"product_tag","embeddable":true,"href":"https:\/\/lions-pharmacy.com\/de\/wp-json\/wp\/v2\/product_tag?post=9991"}],"curies":[{"name":"wp","href":"https:\/\/api.w.org\/{rel}","templated":true}]}}