{"id":9750,"date":"2025-03-06T09:37:45","date_gmt":"2025-03-06T08:37:45","guid":{"rendered":"https:\/\/lions-pharmacy.com\/?post_type=product&#038;p=9750"},"modified":"2025-03-09T20:05:57","modified_gmt":"2025-03-09T19:05:57","slug":"orthomol-vital-f-orange-granules-tablets-30-pc-01319643","status":"publish","type":"product","link":"https:\/\/lions-pharmacy.com\/de\/produkt\/orthomol-vital-f-orange-granules-tablets-30-pc-01319643","title":{"rendered":"Orthomol Vital F Orange Granulat \/ Tabletten (30 St\u00fcck)"},"content":{"rendered":"<h3>Orthomol Vital F Orange Granulat \/ Tabletten<\/h3>\n<p>Orthomol Vital F Orange Granulat \/ Tabletten eine vitale Formel f\u00fcr mehr Energie. Vital f enth\u00e4lt 27 spezifische N\u00e4hrstoffe. Darin enthalten sind alle B-Vitamine, einschlie\u00dflich 450 \u00b5g Vitamin B12, die helfen, M\u00fcdigkeit und Ersch\u00f6pfung zu verringern.<\/p>\n<p>B-Vitamine und Magnesium helfen nicht nur, M\u00fcdigkeit und Ersch\u00f6pfung zu verringern, sondern tragen auch zu einem normalen Energiestoffwechsel und einer normalen Funktion des Nervensystems bei.<\/p>\n<p>Nahrungserg\u00e4nzungsmittel sind kein Ersatz f\u00fcr eine ausgewogene und abwechslungsreiche Ern\u00e4hrung und eine gesunde Lebensweise.<\/p>\n<p>Produkte von Orthomol: Pioniere der orthomolekularen Ern\u00e4hrungsmedizin in Deutschland. Das Unternehmen entwickelt und vertreibt seit \u00fcber 30 Jahren ausgewogen dosierte Mikron\u00e4hrstoffkombinationen f\u00fcr verschiedene Anwendungsbereiche. Dabei handelt es sich um Mikron\u00e4hrstoffkombinationen, die auf der orthomolekularen Medizin basieren.<\/p>\n<p>Packungsbeilage\/Gebrauchsanweisung\/Artikeldatenblatt: &#8211; (PDF-Reader) und Lebensmittelinformationen: &#8211; (PDF-Reader).<\/p>\n<p>Andere Produkte f\u00fcr diese Anwendung: <a href=\"https:\/\/lions-pharmacy.com\/product-tag\/vitamins-supplements\">Vitamine &amp; Nahrungserg\u00e4nzungsmittel<\/a> | <a href=\"https:\/\/lions-pharmacy.com\/product-tag\/natural-remedies\" rel=\"tag\">Naturheilmittel<\/a> | <a href=\"https:\/\/lions-pharmacy.com\/product-tag\/wellness\" rel=\"tag\">Wellness<\/a><\/p>\n<p>Erfahren Sie mehr \u00fcber den Hersteller und dieses Produkt: <a href=\"https:\/\/www.orthomol.com\/de-de\/produkte\/\" target=\"_blank\" rel=\"noopener\">orthomol<\/a> (Link zu externer Website)<\/p>\n<p>Informationen auf dieser Website werden ausschlie\u00dflich f\u00fcr informative Zwecke zur Verf\u00fcgung gestellt. Sie ersetzen keinesfalls die Untersuchung und Behandlung durch einen Arzt. Bitte beachten Sie, dass hierdurch weder Diagnosen gestellt noch Therapien eingeleitet werden k\u00f6nnen.<\/p>\n<p>Zu Risiken und Nebenwirkungen lesen Sie die Packungsbeilage und fragen Sie Ihren Arzt oder Apotheker.<\/p>\n","protected":false},"excerpt":{"rendered":"<h2>Orthomol Vital F<\/h2>\n<p>mit Vitamin B12 und Magnesium, um M\u00fcdigkeit und Ersch\u00f6pfung zu verringern. Geschmack: Orange.<\/p>\n<p>&nbsp;<\/p>\n<p><strong>PZN<\/strong>: 1319643<\/p>\n<p><strong>Darreichungsform<\/strong>: Granulat, Tabletten, Kombipackung<\/p>\n<p><strong>Verschreibungsart<\/strong>: verschreibungsfrei<\/p>\n<p><strong>Marke<\/strong>: orthomol<\/p>\n<p><strong>Hersteller<\/strong>: orthomol Arzneimittel GmbH, Deutschland<\/p>\n","protected":false},"featured_media":9753,"comment_status":"closed","ping_status":"closed","template":"","meta":[],"product_brand":[],"product_cat":[757,368],"product_tag":[434,474,429,432],"class_list":{"0":"post-9750","1":"product","2":"type-product","3":"status-publish","4":"has-post-thumbnail","6":"product_cat-orthomol-de","7":"product_cat-shop-de","8":"product_tag-gewicht-und-fitness","9":"product_tag-pflanzlicher-wirkstoff","10":"product_tag-vitamine-und-nahrungserganzungsmittel","11":"product_tag-wellness-de","12":"ts_product_brand-alle","13":"ts_product_brand-orthomol-de","15":"first","16":"instock","17":"sale","18":"taxable","19":"shipping-taxable","20":"purchasable","21":"product-type-simple"},"yoast_head":"<!-- This site is optimized with the Yoast SEO plugin v26.5 - https:\/\/yoast.com\/wordpress\/plugins\/seo\/ -->\n<title>Orthomol Vital F Orange Granulat \/ Tabletten (30 St\u00fcck) &#187; Mehr erfahren<\/title>\n<meta name=\"description\" content=\"Hersteller: Orthomol. Erfahren Sie mehr \u00fcber Orthomol Vital F Orange Granulat \/ Tabletten (30 St\u00fcck). Wir bieten: schnellen internationalen Versand und sicheres Online-Shopping.\" \/>\n<meta name=\"robots\" content=\"index, follow, max-snippet:-1, max-image-preview:large, max-video-preview:-1\" \/>\n<link rel=\"canonical\" href=\"https:\/\/lions-pharmacy.com\/de\/produkt\/orthomol-vital-f-orange-granules-tablets-30-pc-01319643\" \/>\n<meta property=\"og:locale\" content=\"de_DE\" \/>\n<meta property=\"og:type\" content=\"article\" \/>\n<meta property=\"og:title\" content=\"Orthomol Vital F Orange Granulat \/ Tabletten (30 St\u00fcck) &#187; Mehr erfahren\" \/>\n<meta property=\"og:description\" content=\"Hersteller: Orthomol. Erfahren Sie mehr \u00fcber Orthomol Vital F Orange Granulat \/ Tabletten (30 St\u00fcck). Wir bieten: schnellen internationalen Versand und sicheres Online-Shopping.\" \/>\n<meta property=\"og:url\" content=\"https:\/\/lions-pharmacy.com\/de\/produkt\/orthomol-vital-f-orange-granules-tablets-30-pc-01319643\" \/>\n<meta property=\"og:site_name\" content=\"L\u00f6wen Apotheke\" \/>\n<meta property=\"article:modified_time\" content=\"2025-03-09T19:05:57+00:00\" \/>\n<meta property=\"og:image\" content=\"https:\/\/lions-pharmacy.com\/wp-content\/uploads\/2025\/03\/Orthomol-Vital-F-Orthomol-PZN-01319643-Lios-Pharmacy.webp\" \/>\n\t<meta property=\"og:image:width\" content=\"600\" \/>\n\t<meta property=\"og:image:height\" content=\"600\" \/>\n\t<meta property=\"og:image:type\" content=\"image\/webp\" \/>\n<meta name=\"twitter:card\" content=\"summary_large_image\" \/>\n<meta name=\"twitter:label1\" content=\"Gesch\u00e4tzte Lesezeit\" \/>\n\t<meta name=\"twitter:data1\" content=\"1\u00a0Minute\" \/>\n<script type=\"application\/ld+json\" class=\"yoast-schema-graph\">{\"@context\":\"https:\/\/schema.org\",\"@graph\":[{\"@type\":\"WebPage\",\"@id\":\"https:\/\/lions-pharmacy.com\/de\/produkt\/orthomol-vital-f-orange-granules-tablets-30-pc-01319643\",\"url\":\"https:\/\/lions-pharmacy.com\/de\/produkt\/orthomol-vital-f-orange-granules-tablets-30-pc-01319643\",\"name\":\"Orthomol Vital F Orange Granulat \/ Tabletten (30 St\u00fcck) &#187; Mehr erfahren\",\"isPartOf\":{\"@id\":\"https:\/\/lions-pharmacy.com\/de#website\"},\"primaryImageOfPage\":{\"@id\":\"https:\/\/lions-pharmacy.com\/de\/produkt\/orthomol-vital-f-orange-granules-tablets-30-pc-01319643#primaryimage\"},\"image\":{\"@id\":\"https:\/\/lions-pharmacy.com\/de\/produkt\/orthomol-vital-f-orange-granules-tablets-30-pc-01319643#primaryimage\"},\"thumbnailUrl\":\"https:\/\/lions-pharmacy.com\/wp-content\/uploads\/2025\/03\/Orthomol-Vital-F-Orthomol-PZN-01319643-Lios-Pharmacy.webp\",\"datePublished\":\"2025-03-06T08:37:45+00:00\",\"dateModified\":\"2025-03-09T19:05:57+00:00\",\"description\":\"Hersteller: Orthomol. Erfahren Sie mehr \u00fcber Orthomol Vital F Orange Granulat \/ Tabletten (30 St\u00fcck). Wir bieten: schnellen internationalen Versand und sicheres Online-Shopping.\",\"breadcrumb\":{\"@id\":\"https:\/\/lions-pharmacy.com\/de\/produkt\/orthomol-vital-f-orange-granules-tablets-30-pc-01319643#breadcrumb\"},\"inLanguage\":\"de\",\"potentialAction\":[{\"@type\":\"ReadAction\",\"target\":[\"https:\/\/lions-pharmacy.com\/de\/produkt\/orthomol-vital-f-orange-granules-tablets-30-pc-01319643\"]}]},{\"@type\":\"ImageObject\",\"inLanguage\":\"de\",\"@id\":\"https:\/\/lions-pharmacy.com\/de\/produkt\/orthomol-vital-f-orange-granules-tablets-30-pc-01319643#primaryimage\",\"url\":\"https:\/\/lions-pharmacy.com\/wp-content\/uploads\/2025\/03\/Orthomol-Vital-F-Orthomol-PZN-01319643-Lios-Pharmacy.webp\",\"contentUrl\":\"https:\/\/lions-pharmacy.com\/wp-content\/uploads\/2025\/03\/Orthomol-Vital-F-Orthomol-PZN-01319643-Lios-Pharmacy.webp\",\"width\":600,\"height\":600,\"caption\":\"Eine Schachtel Orthomol Vital F vom Hersteller Orthomol, PZN 01319643, Lions Apotheke\"},{\"@type\":\"BreadcrumbList\",\"@id\":\"https:\/\/lions-pharmacy.com\/de\/produkt\/orthomol-vital-f-orange-granules-tablets-30-pc-01319643#breadcrumb\",\"itemListElement\":[{\"@type\":\"ListItem\",\"position\":1,\"name\":\"Home\",\"item\":\"https:\/\/lions-pharmacy.com\/de\/homepage-lion-pharmacy\"},{\"@type\":\"ListItem\",\"position\":2,\"name\":\"Shop\",\"item\":\"https:\/\/lions-pharmacy.com\/de\/shop-2\"},{\"@type\":\"ListItem\",\"position\":3,\"name\":\"Orthomol Vital F Orange Granulat \/ Tabletten (30 St\u00fcck)\"}]},{\"@type\":\"WebSite\",\"@id\":\"https:\/\/lions-pharmacy.com\/de#website\",\"url\":\"https:\/\/lions-pharmacy.com\/de\",\"name\":\"Lions Pharmacy\",\"description\":\"Ihr Spezialist f\u00fcr Naturheilkunde aus Baden-Baden, Germany\",\"publisher\":{\"@id\":\"https:\/\/lions-pharmacy.com\/de#organization\"},\"alternateName\":\"Lion Pharmacy\",\"potentialAction\":[{\"@type\":\"SearchAction\",\"target\":{\"@type\":\"EntryPoint\",\"urlTemplate\":\"https:\/\/lions-pharmacy.com\/de?s={search_term_string}\"},\"query-input\":{\"@type\":\"PropertyValueSpecification\",\"valueRequired\":true,\"valueName\":\"search_term_string\"}}],\"inLanguage\":\"de\"},{\"@type\":\"Organization\",\"@id\":\"https:\/\/lions-pharmacy.com\/de#organization\",\"name\":\"Lions Pharmacy\",\"alternateName\":\"Lions Pharmacy24\",\"url\":\"https:\/\/lions-pharmacy.com\/de\",\"logo\":{\"@type\":\"ImageObject\",\"inLanguage\":\"de\",\"@id\":\"https:\/\/lions-pharmacy.com\/de#\/schema\/logo\/image\/\",\"url\":\"https:\/\/lions-pharmacy.com\/wp-content\/uploads\/2022\/12\/Logo-Lion-Pharmacy-c-o-Loewen-Apotheke-smal.jpg\",\"contentUrl\":\"https:\/\/lions-pharmacy.com\/wp-content\/uploads\/2022\/12\/Logo-Lion-Pharmacy-c-o-Loewen-Apotheke-smal.jpg\",\"width\":298,\"height\":99,\"caption\":\"Lions Pharmacy\"},\"image\":{\"@id\":\"https:\/\/lions-pharmacy.com\/de#\/schema\/logo\/image\/\"}}]}<\/script>\n<!-- \/ Yoast SEO plugin. -->","yoast_head_json":{"title":"Orthomol Vital F Orange Granulat \/ Tabletten (30 St\u00fcck) &#187; Mehr erfahren","description":"Hersteller: Orthomol. Erfahren Sie mehr \u00fcber Orthomol Vital F Orange Granulat \/ Tabletten (30 St\u00fcck). Wir bieten: schnellen internationalen Versand und sicheres Online-Shopping.","robots":{"index":"index","follow":"follow","max-snippet":"max-snippet:-1","max-image-preview":"max-image-preview:large","max-video-preview":"max-video-preview:-1"},"canonical":"https:\/\/lions-pharmacy.com\/de\/produkt\/orthomol-vital-f-orange-granules-tablets-30-pc-01319643","og_locale":"de_DE","og_type":"article","og_title":"Orthomol Vital F Orange Granulat \/ Tabletten (30 St\u00fcck) &#187; Mehr erfahren","og_description":"Hersteller: Orthomol. Erfahren Sie mehr \u00fcber Orthomol Vital F Orange Granulat \/ Tabletten (30 St\u00fcck). Wir bieten: schnellen internationalen Versand und sicheres Online-Shopping.","og_url":"https:\/\/lions-pharmacy.com\/de\/produkt\/orthomol-vital-f-orange-granules-tablets-30-pc-01319643","og_site_name":"L\u00f6wen Apotheke","article_modified_time":"2025-03-09T19:05:57+00:00","og_image":[{"width":600,"height":600,"url":"https:\/\/lions-pharmacy.com\/wp-content\/uploads\/2025\/03\/Orthomol-Vital-F-Orthomol-PZN-01319643-Lios-Pharmacy.webp","type":"image\/webp"}],"twitter_card":"summary_large_image","twitter_misc":{"Gesch\u00e4tzte Lesezeit":"1\u00a0Minute"},"schema":{"@context":"https:\/\/schema.org","@graph":[{"@type":"WebPage","@id":"https:\/\/lions-pharmacy.com\/de\/produkt\/orthomol-vital-f-orange-granules-tablets-30-pc-01319643","url":"https:\/\/lions-pharmacy.com\/de\/produkt\/orthomol-vital-f-orange-granules-tablets-30-pc-01319643","name":"Orthomol Vital F Orange Granulat \/ Tabletten (30 St\u00fcck) &#187; Mehr erfahren","isPartOf":{"@id":"https:\/\/lions-pharmacy.com\/de#website"},"primaryImageOfPage":{"@id":"https:\/\/lions-pharmacy.com\/de\/produkt\/orthomol-vital-f-orange-granules-tablets-30-pc-01319643#primaryimage"},"image":{"@id":"https:\/\/lions-pharmacy.com\/de\/produkt\/orthomol-vital-f-orange-granules-tablets-30-pc-01319643#primaryimage"},"thumbnailUrl":"https:\/\/lions-pharmacy.com\/wp-content\/uploads\/2025\/03\/Orthomol-Vital-F-Orthomol-PZN-01319643-Lios-Pharmacy.webp","datePublished":"2025-03-06T08:37:45+00:00","dateModified":"2025-03-09T19:05:57+00:00","description":"Hersteller: Orthomol. Erfahren Sie mehr \u00fcber Orthomol Vital F Orange Granulat \/ Tabletten (30 St\u00fcck). Wir bieten: schnellen internationalen Versand und sicheres Online-Shopping.","breadcrumb":{"@id":"https:\/\/lions-pharmacy.com\/de\/produkt\/orthomol-vital-f-orange-granules-tablets-30-pc-01319643#breadcrumb"},"inLanguage":"de","potentialAction":[{"@type":"ReadAction","target":["https:\/\/lions-pharmacy.com\/de\/produkt\/orthomol-vital-f-orange-granules-tablets-30-pc-01319643"]}]},{"@type":"ImageObject","inLanguage":"de","@id":"https:\/\/lions-pharmacy.com\/de\/produkt\/orthomol-vital-f-orange-granules-tablets-30-pc-01319643#primaryimage","url":"https:\/\/lions-pharmacy.com\/wp-content\/uploads\/2025\/03\/Orthomol-Vital-F-Orthomol-PZN-01319643-Lios-Pharmacy.webp","contentUrl":"https:\/\/lions-pharmacy.com\/wp-content\/uploads\/2025\/03\/Orthomol-Vital-F-Orthomol-PZN-01319643-Lios-Pharmacy.webp","width":600,"height":600,"caption":"Eine Schachtel Orthomol Vital F vom Hersteller Orthomol, PZN 01319643, Lions Apotheke"},{"@type":"BreadcrumbList","@id":"https:\/\/lions-pharmacy.com\/de\/produkt\/orthomol-vital-f-orange-granules-tablets-30-pc-01319643#breadcrumb","itemListElement":[{"@type":"ListItem","position":1,"name":"Home","item":"https:\/\/lions-pharmacy.com\/de\/homepage-lion-pharmacy"},{"@type":"ListItem","position":2,"name":"Shop","item":"https:\/\/lions-pharmacy.com\/de\/shop-2"},{"@type":"ListItem","position":3,"name":"Orthomol Vital F Orange Granulat \/ Tabletten (30 St\u00fcck)"}]},{"@type":"WebSite","@id":"https:\/\/lions-pharmacy.com\/de#website","url":"https:\/\/lions-pharmacy.com\/de","name":"Lions Pharmacy","description":"Ihr Spezialist f\u00fcr Naturheilkunde aus Baden-Baden, Germany","publisher":{"@id":"https:\/\/lions-pharmacy.com\/de#organization"},"alternateName":"Lion Pharmacy","potentialAction":[{"@type":"SearchAction","target":{"@type":"EntryPoint","urlTemplate":"https:\/\/lions-pharmacy.com\/de?s={search_term_string}"},"query-input":{"@type":"PropertyValueSpecification","valueRequired":true,"valueName":"search_term_string"}}],"inLanguage":"de"},{"@type":"Organization","@id":"https:\/\/lions-pharmacy.com\/de#organization","name":"Lions Pharmacy","alternateName":"Lions Pharmacy24","url":"https:\/\/lions-pharmacy.com\/de","logo":{"@type":"ImageObject","inLanguage":"de","@id":"https:\/\/lions-pharmacy.com\/de#\/schema\/logo\/image\/","url":"https:\/\/lions-pharmacy.com\/wp-content\/uploads\/2022\/12\/Logo-Lion-Pharmacy-c-o-Loewen-Apotheke-smal.jpg","contentUrl":"https:\/\/lions-pharmacy.com\/wp-content\/uploads\/2022\/12\/Logo-Lion-Pharmacy-c-o-Loewen-Apotheke-smal.jpg","width":298,"height":99,"caption":"Lions Pharmacy"},"image":{"@id":"https:\/\/lions-pharmacy.com\/de#\/schema\/logo\/image\/"}}]}},"_links":{"self":[{"href":"https:\/\/lions-pharmacy.com\/de\/wp-json\/wp\/v2\/product\/9750","targetHints":{"allow":["GET"]}}],"collection":[{"href":"https:\/\/lions-pharmacy.com\/de\/wp-json\/wp\/v2\/product"}],"about":[{"href":"https:\/\/lions-pharmacy.com\/de\/wp-json\/wp\/v2\/types\/product"}],"replies":[{"embeddable":true,"href":"https:\/\/lions-pharmacy.com\/de\/wp-json\/wp\/v2\/comments?post=9750"}],"wp:featuredmedia":[{"embeddable":true,"href":"https:\/\/lions-pharmacy.com\/de\/wp-json\/wp\/v2\/media\/9753"}],"wp:attachment":[{"href":"https:\/\/lions-pharmacy.com\/de\/wp-json\/wp\/v2\/media?parent=9750"}],"wp:term":[{"taxonomy":"product_brand","embeddable":true,"href":"https:\/\/lions-pharmacy.com\/de\/wp-json\/wp\/v2\/product_brand?post=9750"},{"taxonomy":"product_cat","embeddable":true,"href":"https:\/\/lions-pharmacy.com\/de\/wp-json\/wp\/v2\/product_cat?post=9750"},{"taxonomy":"product_tag","embeddable":true,"href":"https:\/\/lions-pharmacy.com\/de\/wp-json\/wp\/v2\/product_tag?post=9750"}],"curies":[{"name":"wp","href":"https:\/\/api.w.org\/{rel}","templated":true}]}}