{"id":9250,"date":"2025-02-17T16:00:31","date_gmt":"2025-02-17T15:00:31","guid":{"rendered":"https:\/\/lions-pharmacy.com\/?post_type=product&#038;p=9250"},"modified":"2026-01-08T09:38:31","modified_gmt":"2026-01-08T08:38:31","slug":"traumeel-t-ad-us-vet-tablets-100-pc-05901506","status":"publish","type":"product","link":"https:\/\/lions-pharmacy.com\/de\/produkt\/traumeel-t-ad-us-vet-tablets-100-pc-05901506","title":{"rendered":"Traumeel T ad us. vet. Tabletten (100 St\u00fcck)"},"content":{"rendered":"<h3>Traumeel T ad us. vet. Tabletten<\/h3>\n<p>Traumeel T ad us. vet. Tabletten unterst\u00fctzen die k\u00f6rpereigenen Heilungsprozesse. Traumeel ad us. Tierarzt. ist ein Medikament, das entz\u00fcndungshemmend, schmerzlindernd und abschwellend wirkt. Traumeel ad us. vet. (umgangssprachlich bekannt als Traumeel\u00ae Vet) ist f\u00fcr Hunde, Katzen, Pferde und andere Haustiere geeignet. Die Wirkung ist auf die verschiedenen nat\u00fcrlichen Inhaltsstoffe zur\u00fcckzuf\u00fchren, es handelt sich also um ein sogenanntes Kombinationspr\u00e4parat. Neben der Regulierung von Entz\u00fcndungen und der Linderung von Schmerzen soll Traumeel Vet auch die Wundheilung unterst\u00fctzen.<\/p>\n<p>Packungsbeilage\/Gebrauchsanweisung\/Artikeldatenblatt: \u2013 (PDF-Reader)<\/p>\n<p>Andere Produkte aus: <a href=\"https:\/\/lions-pharmacy.com\/de\/produkt-schlagwort\/tiermedizin\">Tierpflege &amp; Tiermedizinische Produkte<\/a> | <a href=\"https:\/\/lions-pharmacy.com\/de\/produkt-schlagwort\/vitamine-und-nahrungserganzungsmittel\">Vitamine &amp; Nahrungserg\u00e4nzung Produkte<\/a><\/p>\n<p>Weitere Details zum Produkt finden Sie beim Hersteller: <a href=\"https:\/\/www.heel.de\/de\/produktsuche.html\" target=\"_blank\" rel=\"noopener\">Biologische <\/a><a href=\"https:\/\/www.heel.de\/de\/produktsuche.html\">Heilmittel<\/a> <a href=\"https:\/\/www.heel.de\/de\/produktsuche.html\" target=\"_blank\" rel=\"noopener\">Heel GmbH<\/a><\/p>\n<p>Informationen auf dieser Website werden ausschlie\u00dflich f\u00fcr informative Zwecke zur Verf\u00fcgung gestellt. Sie ersetzen keinesfalls die Untersuchung und Behandlung durch einen Arzt. Bitte beachten Sie, dass hierdurch weder Diagnosen gestellt noch Therapien eingeleitet werden k\u00f6nnen.<\/p>\n<p>Zu Risiken und Nebenwirkungen lesen Sie die Packungsbeilage und fragen Sie Ihren Arzt oder Apotheker.<\/p>\n<p>&nbsp;<\/p>\n<h3>Verschreibung | E-Rezept erh\u00e4ltlich?<\/h3>\n<p>Reichen Sie jetzt Ihr E-Rezept ein. Nutzen Sie unsere <a href=\"https:\/\/e-rezept-app.de\/shop-rezept\" target=\"_blank\" rel=\"noopener\">E-Rezept-App<\/a> . Und wir schenken Ihnen die Versandkosten in Deutschland!<\/p>\n","protected":false},"excerpt":{"rendered":"<h2>Traumeel T ad us. vet. Tabletten<\/h2>\n<p>Unterst\u00fctzt die k\u00f6rpereigenen Heilungsprozesse<\/p>\n<p>&nbsp;<\/p>\n<p><strong>PZN<\/strong>: 05901506<\/p>\n<p><strong>Darreichungsform<\/strong>: Tabletten<\/p>\n<p><strong>Packungsgr\u00f6\u00dfe<\/strong>: 100 St\u00fcck.<\/p>\n<p><strong>Art der Verschreibung:<\/strong> ohne Rezept<\/p>\n<p><strong>Marke<\/strong>: Traumeel<\/p>\n<p><strong>Hersteller<\/strong>: Biologische Heel, Deutschland<\/p>\n","protected":false},"featured_media":9257,"comment_status":"closed","ping_status":"closed","template":"","meta":[],"product_brand":[],"product_cat":[364,367,368],"product_tag":[381,472,426,603],"class_list":{"0":"post-9250","1":"product","2":"type-product","3":"status-publish","4":"has-post-thumbnail","6":"product_cat-heel-de","7":"product_cat-sale-de","8":"product_cat-shop-de","9":"product_tag-homoopathie","10":"product_tag-naturliche-heilmittel","11":"product_tag-neydil-de","12":"product_tag-tiermedizin","13":"ts_product_brand-alle","14":"ts_product_brand-heel-de","16":"first","17":"instock","18":"taxable","19":"shipping-taxable","20":"purchasable","21":"product-type-simple"},"yoast_head":"<!-- This site is optimized with the Yoast SEO plugin v26.5 - https:\/\/yoast.com\/wordpress\/plugins\/seo\/ -->\n<title>Traumeel T ad us. vet. Tabletten (100 St\u00fcck) &#187; Entdecken Sie Haustierprodukte auf L\u00f6wen Apotheke<\/title>\n<meta name=\"description\" content=\"Besuchen Sie unsere Website f\u00fcr Heel Tiermedizin und Gesundheitsprodukte. Erfahren Sie mehr \u00fcber nat\u00fcrliche Produkte. Traumeel T ad us. vet. Tabletten (100 St\u00fcck)\" \/>\n<meta name=\"robots\" content=\"index, follow, max-snippet:-1, max-image-preview:large, max-video-preview:-1\" \/>\n<link rel=\"canonical\" href=\"https:\/\/lions-pharmacy.com\/de\/produkt\/traumeel-t-ad-us-vet-tablets-100-pc-05901506\" \/>\n<meta property=\"og:locale\" content=\"de_DE\" \/>\n<meta property=\"og:type\" content=\"article\" \/>\n<meta property=\"og:title\" content=\"Traumeel T ad us. vet. Tabletten (100 St\u00fcck) &#187; Entdecken Sie Haustierprodukte auf L\u00f6wen Apotheke\" \/>\n<meta property=\"og:description\" content=\"Besuchen Sie unsere Website f\u00fcr Heel Tiermedizin und Gesundheitsprodukte. Erfahren Sie mehr \u00fcber nat\u00fcrliche Produkte. Traumeel T ad us. vet. Tabletten (100 St\u00fcck)\" \/>\n<meta property=\"og:url\" content=\"https:\/\/lions-pharmacy.com\/de\/produkt\/traumeel-t-ad-us-vet-tablets-100-pc-05901506\" \/>\n<meta property=\"og:site_name\" content=\"L\u00f6wen Apotheke\" \/>\n<meta property=\"article:modified_time\" content=\"2026-01-08T08:38:31+00:00\" \/>\n<meta property=\"og:image\" content=\"https:\/\/lions-pharmacy.com\/wp-content\/uploads\/2025\/02\/traumeel-t-tablets-100-pc-Lions-Pharmacy-pzn-05901506.webp\" \/>\n\t<meta property=\"og:image:width\" content=\"600\" \/>\n\t<meta property=\"og:image:height\" content=\"600\" \/>\n\t<meta property=\"og:image:type\" content=\"image\/webp\" \/>\n<meta name=\"twitter:card\" content=\"summary_large_image\" \/>\n<meta name=\"twitter:label1\" content=\"Gesch\u00e4tzte Lesezeit\" \/>\n\t<meta name=\"twitter:data1\" content=\"1\u00a0Minute\" \/>\n<script type=\"application\/ld+json\" class=\"yoast-schema-graph\">{\"@context\":\"https:\/\/schema.org\",\"@graph\":[{\"@type\":\"WebPage\",\"@id\":\"https:\/\/lions-pharmacy.com\/de\/produkt\/traumeel-t-ad-us-vet-tablets-100-pc-05901506\",\"url\":\"https:\/\/lions-pharmacy.com\/de\/produkt\/traumeel-t-ad-us-vet-tablets-100-pc-05901506\",\"name\":\"Traumeel T ad us. vet. Tabletten (100 St\u00fcck) &#187; Entdecken Sie Haustierprodukte auf L\u00f6wen Apotheke\",\"isPartOf\":{\"@id\":\"https:\/\/lions-pharmacy.com\/de#website\"},\"primaryImageOfPage\":{\"@id\":\"https:\/\/lions-pharmacy.com\/de\/produkt\/traumeel-t-ad-us-vet-tablets-100-pc-05901506#primaryimage\"},\"image\":{\"@id\":\"https:\/\/lions-pharmacy.com\/de\/produkt\/traumeel-t-ad-us-vet-tablets-100-pc-05901506#primaryimage\"},\"thumbnailUrl\":\"https:\/\/lions-pharmacy.com\/wp-content\/uploads\/2025\/02\/traumeel-t-tablets-100-pc-Lions-Pharmacy-pzn-05901506.webp\",\"datePublished\":\"2025-02-17T15:00:31+00:00\",\"dateModified\":\"2026-01-08T08:38:31+00:00\",\"description\":\"Besuchen Sie unsere Website f\u00fcr Heel Tiermedizin und Gesundheitsprodukte. Erfahren Sie mehr \u00fcber nat\u00fcrliche Produkte. Traumeel T ad us. vet. Tabletten (100 St\u00fcck)\",\"breadcrumb\":{\"@id\":\"https:\/\/lions-pharmacy.com\/de\/produkt\/traumeel-t-ad-us-vet-tablets-100-pc-05901506#breadcrumb\"},\"inLanguage\":\"de\",\"potentialAction\":[{\"@type\":\"ReadAction\",\"target\":[\"https:\/\/lions-pharmacy.com\/de\/produkt\/traumeel-t-ad-us-vet-tablets-100-pc-05901506\"]}]},{\"@type\":\"ImageObject\",\"inLanguage\":\"de\",\"@id\":\"https:\/\/lions-pharmacy.com\/de\/produkt\/traumeel-t-ad-us-vet-tablets-100-pc-05901506#primaryimage\",\"url\":\"https:\/\/lions-pharmacy.com\/wp-content\/uploads\/2025\/02\/traumeel-t-tablets-100-pc-Lions-Pharmacy-pzn-05901506.webp\",\"contentUrl\":\"https:\/\/lions-pharmacy.com\/wp-content\/uploads\/2025\/02\/traumeel-t-tablets-100-pc-Lions-Pharmacy-pzn-05901506.webp\",\"width\":600,\"height\":600,\"caption\":\"traumeel t ad us.vet. Tabletten f\u00fcr Hunde und Katzen, eine Schachtel mit 100 St\u00fcck pr\u00e4sentiert von Lions Pharmacy.\"},{\"@type\":\"BreadcrumbList\",\"@id\":\"https:\/\/lions-pharmacy.com\/de\/produkt\/traumeel-t-ad-us-vet-tablets-100-pc-05901506#breadcrumb\",\"itemListElement\":[{\"@type\":\"ListItem\",\"position\":1,\"name\":\"Home\",\"item\":\"https:\/\/lions-pharmacy.com\/de\/homepage-lion-pharmacy\"},{\"@type\":\"ListItem\",\"position\":2,\"name\":\"Shop\",\"item\":\"https:\/\/lions-pharmacy.com\/de\/shop-2\"},{\"@type\":\"ListItem\",\"position\":3,\"name\":\"Traumeel T ad us. vet. Tabletten (100 St\u00fcck)\"}]},{\"@type\":\"WebSite\",\"@id\":\"https:\/\/lions-pharmacy.com\/de#website\",\"url\":\"https:\/\/lions-pharmacy.com\/de\",\"name\":\"Lions Pharmacy\",\"description\":\"Ihr Spezialist f\u00fcr Naturheilkunde aus Baden-Baden, Germany\",\"publisher\":{\"@id\":\"https:\/\/lions-pharmacy.com\/de#organization\"},\"alternateName\":\"Lion Pharmacy\",\"potentialAction\":[{\"@type\":\"SearchAction\",\"target\":{\"@type\":\"EntryPoint\",\"urlTemplate\":\"https:\/\/lions-pharmacy.com\/de?s={search_term_string}\"},\"query-input\":{\"@type\":\"PropertyValueSpecification\",\"valueRequired\":true,\"valueName\":\"search_term_string\"}}],\"inLanguage\":\"de\"},{\"@type\":\"Organization\",\"@id\":\"https:\/\/lions-pharmacy.com\/de#organization\",\"name\":\"Lions Pharmacy\",\"alternateName\":\"Lions Pharmacy24\",\"url\":\"https:\/\/lions-pharmacy.com\/de\",\"logo\":{\"@type\":\"ImageObject\",\"inLanguage\":\"de\",\"@id\":\"https:\/\/lions-pharmacy.com\/de#\/schema\/logo\/image\/\",\"url\":\"https:\/\/lions-pharmacy.com\/wp-content\/uploads\/2022\/12\/Logo-Lion-Pharmacy-c-o-Loewen-Apotheke-smal.jpg\",\"contentUrl\":\"https:\/\/lions-pharmacy.com\/wp-content\/uploads\/2022\/12\/Logo-Lion-Pharmacy-c-o-Loewen-Apotheke-smal.jpg\",\"width\":298,\"height\":99,\"caption\":\"Lions Pharmacy\"},\"image\":{\"@id\":\"https:\/\/lions-pharmacy.com\/de#\/schema\/logo\/image\/\"}}]}<\/script>\n<!-- \/ Yoast SEO plugin. -->","yoast_head_json":{"title":"Traumeel T ad us. vet. Tabletten (100 St\u00fcck) &#187; Entdecken Sie Haustierprodukte auf L\u00f6wen Apotheke","description":"Besuchen Sie unsere Website f\u00fcr Heel Tiermedizin und Gesundheitsprodukte. Erfahren Sie mehr \u00fcber nat\u00fcrliche Produkte. Traumeel T ad us. vet. Tabletten (100 St\u00fcck)","robots":{"index":"index","follow":"follow","max-snippet":"max-snippet:-1","max-image-preview":"max-image-preview:large","max-video-preview":"max-video-preview:-1"},"canonical":"https:\/\/lions-pharmacy.com\/de\/produkt\/traumeel-t-ad-us-vet-tablets-100-pc-05901506","og_locale":"de_DE","og_type":"article","og_title":"Traumeel T ad us. vet. Tabletten (100 St\u00fcck) &#187; Entdecken Sie Haustierprodukte auf L\u00f6wen Apotheke","og_description":"Besuchen Sie unsere Website f\u00fcr Heel Tiermedizin und Gesundheitsprodukte. Erfahren Sie mehr \u00fcber nat\u00fcrliche Produkte. Traumeel T ad us. vet. Tabletten (100 St\u00fcck)","og_url":"https:\/\/lions-pharmacy.com\/de\/produkt\/traumeel-t-ad-us-vet-tablets-100-pc-05901506","og_site_name":"L\u00f6wen Apotheke","article_modified_time":"2026-01-08T08:38:31+00:00","og_image":[{"width":600,"height":600,"url":"https:\/\/lions-pharmacy.com\/wp-content\/uploads\/2025\/02\/traumeel-t-tablets-100-pc-Lions-Pharmacy-pzn-05901506.webp","type":"image\/webp"}],"twitter_card":"summary_large_image","twitter_misc":{"Gesch\u00e4tzte Lesezeit":"1\u00a0Minute"},"schema":{"@context":"https:\/\/schema.org","@graph":[{"@type":"WebPage","@id":"https:\/\/lions-pharmacy.com\/de\/produkt\/traumeel-t-ad-us-vet-tablets-100-pc-05901506","url":"https:\/\/lions-pharmacy.com\/de\/produkt\/traumeel-t-ad-us-vet-tablets-100-pc-05901506","name":"Traumeel T ad us. vet. Tabletten (100 St\u00fcck) &#187; Entdecken Sie Haustierprodukte auf L\u00f6wen Apotheke","isPartOf":{"@id":"https:\/\/lions-pharmacy.com\/de#website"},"primaryImageOfPage":{"@id":"https:\/\/lions-pharmacy.com\/de\/produkt\/traumeel-t-ad-us-vet-tablets-100-pc-05901506#primaryimage"},"image":{"@id":"https:\/\/lions-pharmacy.com\/de\/produkt\/traumeel-t-ad-us-vet-tablets-100-pc-05901506#primaryimage"},"thumbnailUrl":"https:\/\/lions-pharmacy.com\/wp-content\/uploads\/2025\/02\/traumeel-t-tablets-100-pc-Lions-Pharmacy-pzn-05901506.webp","datePublished":"2025-02-17T15:00:31+00:00","dateModified":"2026-01-08T08:38:31+00:00","description":"Besuchen Sie unsere Website f\u00fcr Heel Tiermedizin und Gesundheitsprodukte. Erfahren Sie mehr \u00fcber nat\u00fcrliche Produkte. Traumeel T ad us. vet. Tabletten (100 St\u00fcck)","breadcrumb":{"@id":"https:\/\/lions-pharmacy.com\/de\/produkt\/traumeel-t-ad-us-vet-tablets-100-pc-05901506#breadcrumb"},"inLanguage":"de","potentialAction":[{"@type":"ReadAction","target":["https:\/\/lions-pharmacy.com\/de\/produkt\/traumeel-t-ad-us-vet-tablets-100-pc-05901506"]}]},{"@type":"ImageObject","inLanguage":"de","@id":"https:\/\/lions-pharmacy.com\/de\/produkt\/traumeel-t-ad-us-vet-tablets-100-pc-05901506#primaryimage","url":"https:\/\/lions-pharmacy.com\/wp-content\/uploads\/2025\/02\/traumeel-t-tablets-100-pc-Lions-Pharmacy-pzn-05901506.webp","contentUrl":"https:\/\/lions-pharmacy.com\/wp-content\/uploads\/2025\/02\/traumeel-t-tablets-100-pc-Lions-Pharmacy-pzn-05901506.webp","width":600,"height":600,"caption":"traumeel t ad us.vet. Tabletten f\u00fcr Hunde und Katzen, eine Schachtel mit 100 St\u00fcck pr\u00e4sentiert von Lions Pharmacy."},{"@type":"BreadcrumbList","@id":"https:\/\/lions-pharmacy.com\/de\/produkt\/traumeel-t-ad-us-vet-tablets-100-pc-05901506#breadcrumb","itemListElement":[{"@type":"ListItem","position":1,"name":"Home","item":"https:\/\/lions-pharmacy.com\/de\/homepage-lion-pharmacy"},{"@type":"ListItem","position":2,"name":"Shop","item":"https:\/\/lions-pharmacy.com\/de\/shop-2"},{"@type":"ListItem","position":3,"name":"Traumeel T ad us. vet. Tabletten (100 St\u00fcck)"}]},{"@type":"WebSite","@id":"https:\/\/lions-pharmacy.com\/de#website","url":"https:\/\/lions-pharmacy.com\/de","name":"Lions Pharmacy","description":"Ihr Spezialist f\u00fcr Naturheilkunde aus Baden-Baden, Germany","publisher":{"@id":"https:\/\/lions-pharmacy.com\/de#organization"},"alternateName":"Lion Pharmacy","potentialAction":[{"@type":"SearchAction","target":{"@type":"EntryPoint","urlTemplate":"https:\/\/lions-pharmacy.com\/de?s={search_term_string}"},"query-input":{"@type":"PropertyValueSpecification","valueRequired":true,"valueName":"search_term_string"}}],"inLanguage":"de"},{"@type":"Organization","@id":"https:\/\/lions-pharmacy.com\/de#organization","name":"Lions Pharmacy","alternateName":"Lions Pharmacy24","url":"https:\/\/lions-pharmacy.com\/de","logo":{"@type":"ImageObject","inLanguage":"de","@id":"https:\/\/lions-pharmacy.com\/de#\/schema\/logo\/image\/","url":"https:\/\/lions-pharmacy.com\/wp-content\/uploads\/2022\/12\/Logo-Lion-Pharmacy-c-o-Loewen-Apotheke-smal.jpg","contentUrl":"https:\/\/lions-pharmacy.com\/wp-content\/uploads\/2022\/12\/Logo-Lion-Pharmacy-c-o-Loewen-Apotheke-smal.jpg","width":298,"height":99,"caption":"Lions Pharmacy"},"image":{"@id":"https:\/\/lions-pharmacy.com\/de#\/schema\/logo\/image\/"}}]}},"_links":{"self":[{"href":"https:\/\/lions-pharmacy.com\/de\/wp-json\/wp\/v2\/product\/9250","targetHints":{"allow":["GET"]}}],"collection":[{"href":"https:\/\/lions-pharmacy.com\/de\/wp-json\/wp\/v2\/product"}],"about":[{"href":"https:\/\/lions-pharmacy.com\/de\/wp-json\/wp\/v2\/types\/product"}],"replies":[{"embeddable":true,"href":"https:\/\/lions-pharmacy.com\/de\/wp-json\/wp\/v2\/comments?post=9250"}],"wp:featuredmedia":[{"embeddable":true,"href":"https:\/\/lions-pharmacy.com\/de\/wp-json\/wp\/v2\/media\/9257"}],"wp:attachment":[{"href":"https:\/\/lions-pharmacy.com\/de\/wp-json\/wp\/v2\/media?parent=9250"}],"wp:term":[{"taxonomy":"product_brand","embeddable":true,"href":"https:\/\/lions-pharmacy.com\/de\/wp-json\/wp\/v2\/product_brand?post=9250"},{"taxonomy":"product_cat","embeddable":true,"href":"https:\/\/lions-pharmacy.com\/de\/wp-json\/wp\/v2\/product_cat?post=9250"},{"taxonomy":"product_tag","embeddable":true,"href":"https:\/\/lions-pharmacy.com\/de\/wp-json\/wp\/v2\/product_tag?post=9250"}],"curies":[{"name":"wp","href":"https:\/\/api.w.org\/{rel}","templated":true}]}}