{"id":7545,"date":"2024-12-13T12:11:18","date_gmt":"2024-12-13T11:11:18","guid":{"rendered":"https:\/\/lions-pharmacy.com\/?post_type=product&#038;p=7545"},"modified":"2025-02-15T09:42:35","modified_gmt":"2025-02-15T08:42:35","slug":"pure-encapsulations-l-tyrosin-capsoules-90-pcs-02823912","status":"publish","type":"product","link":"https:\/\/lions-pharmacy.com\/de\/produkt\/pure-encapsulations-l-tyrosin-capsoules-90-pcs-02823912","title":{"rendered":"Pure Encapsulations L-Tyrosin Kaspeln (90 Stk.)"},"content":{"rendered":"<h3>Pure Encapsulations L-Tyrosin Kapseln<\/h3>\n<p>Pure Encapsulations L-Tyrosin enth\u00e4lt 500 mg L-Tyrosin, eine semi-essentielle Aminos\u00e4ure, die Ihr K\u00f6rper f\u00fcr verschiedene Prozesse ben\u00f6tigt. Aminos\u00e4uren dienen als Bausteine f\u00fcr k\u00f6rpereigene Substanzen, z. B. Proteine. Dar\u00fcber hinaus sind sie an einer Vielzahl weiterer Prozesse in unserem Organismus beteiligt. L-Tyrosin Kapseln von Pure Encapsulations\u00ae versorgen Sie mit 500 mg L-Tyrosin pro Tagesdosis.<\/p>\n<p>Wirkung: L-Tyrosin ist eine sogenannte semi-essentielle Aminos\u00e4ure. Das bedeutet, dass dein K\u00f6rper sie in der Regel selbst aus anderen essentiellen Aminos\u00e4uren herstellen kann. Deinen Bedarf an essentiellen Aminos\u00e4uren musst du jedoch \u00fcber deine Ern\u00e4hrung decken. Wenn du also gen\u00fcgend Phenylalanin in deiner Ern\u00e4hrung zu dir nimmst, kann dein K\u00f6rper es nutzen, um die Aminos\u00e4ure L-Tyrosin selbst herzustellen.<\/p>\n<p>Packungsbeilage\/Gebrauchsanweisung\/Artikeldatenblatt: \u2013 (PDF-Reader)<\/p>\n<p>Weitere Produkte f\u00fcr die Anwendung: <a href=\"https:\/\/lions-pharmacy.com\/product-tag\/homeopathy\" rel=\"tag\">Hom\u00f6opathie<\/a> | <a href=\"https:\/\/lions-pharmacy.com\/product-tag\/virus-infection\" rel=\"tag\">Virusinfektion<\/a> | <a href=\"https:\/\/lions-pharmacy.com\/product-tag\/vitamins-supplements\">Vitamine &amp; Nahrungserg\u00e4nzungsmittel Produkte<\/a><\/p>\n<p>Erfahren Sie mehr \u00fcber den Hersteller und dieses Produkt: <a href=\"https:\/\/www.purecaps.net\/\" target=\"_blank\" rel=\"noopener\">Pure Encapsulations Pro Medico GmbH<\/a> (Link zur externen Website)<\/p>\n<p>Informationen auf dieser Website werden ausschlie\u00dflich f\u00fcr informative Zwecke zur Verf\u00fcgung gestellt. Sie ersetzen keinesfalls die Untersuchung und Behandlung durch einen Arzt. Bitte beachten Sie, dass hierdurch weder Diagnosen gestellt noch Therapien eingeleitet werden k\u00f6nnen.<\/p>\n<p>Zu Risiken und Nebenwirkungen lesen Sie die Packungsbeilage und fragen Sie Ihren Arzt oder Apotheker.<\/p>\n<p>&nbsp;<\/p>\n<h3>Verschreibung | E-Rezept erh\u00e4ltlich?<\/h3>\n<p>Reichen Sie jetzt Ihr E-Rezept ein. Nutzen Sie unsere <a href=\"https:\/\/e-rezept-app.de\/shop-rezept\" target=\"_blank\" rel=\"noopener\">E-Rezept-App<\/a> . Und wir schenken Ihnen die Versandkosten in Deutschland!<\/p>\n","protected":false},"excerpt":{"rendered":"<h2>Pure Encapsulations L-Tyrosin Kapseln<\/h2>\n<p>L-Tyrosin ist eine semi-essentielle Aminos\u00e4ure, die dein K\u00f6rper f\u00fcr verschiedene Prozesse ben\u00f6tigt.<\/p>\n<p>&nbsp;<\/p>\n<p><strong>PZN:<\/strong> 02823912<\/p>\n<p><strong>Darreichungsform<\/strong>: Capsoules<\/p>\n<p><strong>Packungsgr\u00f6\u00dfe<\/strong>: 90 Stk.<\/p>\n<p><strong>Verschreibungsart:<\/strong> verschreibungsfrei<\/p>\n<p><strong>Marke<\/strong>: Pure Encapsulations<\/p>\n<p><strong>Hersteller<\/strong>: Pro Medico GmbH, Deutschland<\/p>\n","protected":false},"featured_media":7551,"comment_status":"closed","ping_status":"closed","template":"","meta":[],"product_brand":[],"product_cat":[368],"product_tag":[434,433,476,381,472,474,428,429,432],"class_list":{"0":"post-7545","1":"product","2":"type-product","3":"status-publish","4":"has-post-thumbnail","6":"product_cat-shop-de","7":"product_tag-gewicht-und-fitness","8":"product_tag-gewichtsmanagement","9":"product_tag-grippe-erkaltung","10":"product_tag-homoopathie","11":"product_tag-naturliche-heilmittel","12":"product_tag-pflanzlicher-wirkstoff","13":"product_tag-virusinfektion","14":"product_tag-vitamine-und-nahrungserganzungsmittel","15":"product_tag-wellness-de","16":"ts_product_brand-alle","17":"ts_product_brand-pure-encapsulations-de","19":"first","20":"outofstock","21":"sale","22":"taxable","23":"shipping-taxable","24":"purchasable","25":"product-type-simple"},"yoast_head":"<!-- This site is optimized with the Yoast SEO plugin v26.5 - https:\/\/yoast.com\/wordpress\/plugins\/seo\/ -->\n<title>Pure Encapsulations L-Tyrosin Kaspeln (90 Stk.) &#187; Mehr erfahren<\/title>\n<meta name=\"description\" content=\"Registrierte deutsche Online-Apotheke. Wir bieten: Schneller Versand weltweit und Top Service. Pure Encapsulations L-Tyrosin Kaspeln (90 Stk.)\" \/>\n<meta name=\"robots\" content=\"index, follow, max-snippet:-1, max-image-preview:large, max-video-preview:-1\" \/>\n<link rel=\"canonical\" href=\"https:\/\/lions-pharmacy.com\/de\/produkt\/pure-encapsulations-l-tyrosin-capsoules-90-pcs-02823912\" \/>\n<meta property=\"og:locale\" content=\"de_DE\" \/>\n<meta property=\"og:type\" content=\"article\" \/>\n<meta property=\"og:title\" content=\"Pure Encapsulations L-Tyrosin Kaspeln (90 Stk.) &#187; Mehr erfahren\" \/>\n<meta property=\"og:description\" content=\"Registrierte deutsche Online-Apotheke. Wir bieten: Schneller Versand weltweit und Top Service. Pure Encapsulations L-Tyrosin Kaspeln (90 Stk.)\" \/>\n<meta property=\"og:url\" content=\"https:\/\/lions-pharmacy.com\/de\/produkt\/pure-encapsulations-l-tyrosin-capsoules-90-pcs-02823912\" \/>\n<meta property=\"og:site_name\" content=\"L\u00f6wen Apotheke\" \/>\n<meta property=\"article:modified_time\" content=\"2025-02-15T08:42:35+00:00\" \/>\n<meta property=\"og:image\" content=\"https:\/\/lions-pharmacy.com\/wp-content\/uploads\/2024\/12\/Pure-Encapsulations-L-Tyrosin-Capsoules.-PZN-02823912.-Lions-Pharmacy.webp\" \/>\n\t<meta property=\"og:image:width\" content=\"600\" \/>\n\t<meta property=\"og:image:height\" content=\"600\" \/>\n\t<meta property=\"og:image:type\" content=\"image\/webp\" \/>\n<meta name=\"twitter:card\" content=\"summary_large_image\" \/>\n<meta name=\"twitter:label1\" content=\"Gesch\u00e4tzte Lesezeit\" \/>\n\t<meta name=\"twitter:data1\" content=\"1\u00a0Minute\" \/>\n<script type=\"application\/ld+json\" class=\"yoast-schema-graph\">{\"@context\":\"https:\/\/schema.org\",\"@graph\":[{\"@type\":\"WebPage\",\"@id\":\"https:\/\/lions-pharmacy.com\/de\/produkt\/pure-encapsulations-l-tyrosin-capsoules-90-pcs-02823912\",\"url\":\"https:\/\/lions-pharmacy.com\/de\/produkt\/pure-encapsulations-l-tyrosin-capsoules-90-pcs-02823912\",\"name\":\"Pure Encapsulations L-Tyrosin Kaspeln (90 Stk.) &#187; Mehr erfahren\",\"isPartOf\":{\"@id\":\"https:\/\/lions-pharmacy.com\/de#website\"},\"primaryImageOfPage\":{\"@id\":\"https:\/\/lions-pharmacy.com\/de\/produkt\/pure-encapsulations-l-tyrosin-capsoules-90-pcs-02823912#primaryimage\"},\"image\":{\"@id\":\"https:\/\/lions-pharmacy.com\/de\/produkt\/pure-encapsulations-l-tyrosin-capsoules-90-pcs-02823912#primaryimage\"},\"thumbnailUrl\":\"https:\/\/lions-pharmacy.com\/wp-content\/uploads\/2024\/12\/Pure-Encapsulations-L-Tyrosin-Capsoules.-PZN-02823912.-Lions-Pharmacy.webp\",\"datePublished\":\"2024-12-13T11:11:18+00:00\",\"dateModified\":\"2025-02-15T08:42:35+00:00\",\"description\":\"Registrierte deutsche Online-Apotheke. Wir bieten: Schneller Versand weltweit und Top Service. Pure Encapsulations L-Tyrosin Kaspeln (90 Stk.)\",\"breadcrumb\":{\"@id\":\"https:\/\/lions-pharmacy.com\/de\/produkt\/pure-encapsulations-l-tyrosin-capsoules-90-pcs-02823912#breadcrumb\"},\"inLanguage\":\"de\",\"potentialAction\":[{\"@type\":\"ReadAction\",\"target\":[\"https:\/\/lions-pharmacy.com\/de\/produkt\/pure-encapsulations-l-tyrosin-capsoules-90-pcs-02823912\"]}]},{\"@type\":\"ImageObject\",\"inLanguage\":\"de\",\"@id\":\"https:\/\/lions-pharmacy.com\/de\/produkt\/pure-encapsulations-l-tyrosin-capsoules-90-pcs-02823912#primaryimage\",\"url\":\"https:\/\/lions-pharmacy.com\/wp-content\/uploads\/2024\/12\/Pure-Encapsulations-L-Tyrosin-Capsoules.-PZN-02823912.-Lions-Pharmacy.webp\",\"contentUrl\":\"https:\/\/lions-pharmacy.com\/wp-content\/uploads\/2024\/12\/Pure-Encapsulations-L-Tyrosin-Capsoules.-PZN-02823912.-Lions-Pharmacy.webp\",\"width\":600,\"height\":600,\"caption\":\"Das Bild zeigt Pure Encapsulations L-Tyrosin Capsoules. PZN 02823912. Lions-Apotheke\"},{\"@type\":\"BreadcrumbList\",\"@id\":\"https:\/\/lions-pharmacy.com\/de\/produkt\/pure-encapsulations-l-tyrosin-capsoules-90-pcs-02823912#breadcrumb\",\"itemListElement\":[{\"@type\":\"ListItem\",\"position\":1,\"name\":\"Home\",\"item\":\"https:\/\/lions-pharmacy.com\/de\/homepage-lion-pharmacy\"},{\"@type\":\"ListItem\",\"position\":2,\"name\":\"Shop\",\"item\":\"https:\/\/lions-pharmacy.com\/de\/shop-2\"},{\"@type\":\"ListItem\",\"position\":3,\"name\":\"Pure Encapsulations L-Tyrosin Kaspeln (90 Stk.)\"}]},{\"@type\":\"WebSite\",\"@id\":\"https:\/\/lions-pharmacy.com\/de#website\",\"url\":\"https:\/\/lions-pharmacy.com\/de\",\"name\":\"Lions Pharmacy\",\"description\":\"Ihr Spezialist f\u00fcr Naturheilkunde aus Baden-Baden, Germany\",\"publisher\":{\"@id\":\"https:\/\/lions-pharmacy.com\/de#organization\"},\"alternateName\":\"Lion Pharmacy\",\"potentialAction\":[{\"@type\":\"SearchAction\",\"target\":{\"@type\":\"EntryPoint\",\"urlTemplate\":\"https:\/\/lions-pharmacy.com\/de?s={search_term_string}\"},\"query-input\":{\"@type\":\"PropertyValueSpecification\",\"valueRequired\":true,\"valueName\":\"search_term_string\"}}],\"inLanguage\":\"de\"},{\"@type\":\"Organization\",\"@id\":\"https:\/\/lions-pharmacy.com\/de#organization\",\"name\":\"Lions Pharmacy\",\"alternateName\":\"Lions Pharmacy24\",\"url\":\"https:\/\/lions-pharmacy.com\/de\",\"logo\":{\"@type\":\"ImageObject\",\"inLanguage\":\"de\",\"@id\":\"https:\/\/lions-pharmacy.com\/de#\/schema\/logo\/image\/\",\"url\":\"https:\/\/lions-pharmacy.com\/wp-content\/uploads\/2022\/12\/Logo-Lion-Pharmacy-c-o-Loewen-Apotheke-smal.jpg\",\"contentUrl\":\"https:\/\/lions-pharmacy.com\/wp-content\/uploads\/2022\/12\/Logo-Lion-Pharmacy-c-o-Loewen-Apotheke-smal.jpg\",\"width\":298,\"height\":99,\"caption\":\"Lions Pharmacy\"},\"image\":{\"@id\":\"https:\/\/lions-pharmacy.com\/de#\/schema\/logo\/image\/\"}}]}<\/script>\n<!-- \/ Yoast SEO plugin. -->","yoast_head_json":{"title":"Pure Encapsulations L-Tyrosin Kaspeln (90 Stk.) &#187; Mehr erfahren","description":"Registrierte deutsche Online-Apotheke. Wir bieten: Schneller Versand weltweit und Top Service. Pure Encapsulations L-Tyrosin Kaspeln (90 Stk.)","robots":{"index":"index","follow":"follow","max-snippet":"max-snippet:-1","max-image-preview":"max-image-preview:large","max-video-preview":"max-video-preview:-1"},"canonical":"https:\/\/lions-pharmacy.com\/de\/produkt\/pure-encapsulations-l-tyrosin-capsoules-90-pcs-02823912","og_locale":"de_DE","og_type":"article","og_title":"Pure Encapsulations L-Tyrosin Kaspeln (90 Stk.) &#187; Mehr erfahren","og_description":"Registrierte deutsche Online-Apotheke. Wir bieten: Schneller Versand weltweit und Top Service. Pure Encapsulations L-Tyrosin Kaspeln (90 Stk.)","og_url":"https:\/\/lions-pharmacy.com\/de\/produkt\/pure-encapsulations-l-tyrosin-capsoules-90-pcs-02823912","og_site_name":"L\u00f6wen Apotheke","article_modified_time":"2025-02-15T08:42:35+00:00","og_image":[{"width":600,"height":600,"url":"https:\/\/lions-pharmacy.com\/wp-content\/uploads\/2024\/12\/Pure-Encapsulations-L-Tyrosin-Capsoules.-PZN-02823912.-Lions-Pharmacy.webp","type":"image\/webp"}],"twitter_card":"summary_large_image","twitter_misc":{"Gesch\u00e4tzte Lesezeit":"1\u00a0Minute"},"schema":{"@context":"https:\/\/schema.org","@graph":[{"@type":"WebPage","@id":"https:\/\/lions-pharmacy.com\/de\/produkt\/pure-encapsulations-l-tyrosin-capsoules-90-pcs-02823912","url":"https:\/\/lions-pharmacy.com\/de\/produkt\/pure-encapsulations-l-tyrosin-capsoules-90-pcs-02823912","name":"Pure Encapsulations L-Tyrosin Kaspeln (90 Stk.) &#187; Mehr erfahren","isPartOf":{"@id":"https:\/\/lions-pharmacy.com\/de#website"},"primaryImageOfPage":{"@id":"https:\/\/lions-pharmacy.com\/de\/produkt\/pure-encapsulations-l-tyrosin-capsoules-90-pcs-02823912#primaryimage"},"image":{"@id":"https:\/\/lions-pharmacy.com\/de\/produkt\/pure-encapsulations-l-tyrosin-capsoules-90-pcs-02823912#primaryimage"},"thumbnailUrl":"https:\/\/lions-pharmacy.com\/wp-content\/uploads\/2024\/12\/Pure-Encapsulations-L-Tyrosin-Capsoules.-PZN-02823912.-Lions-Pharmacy.webp","datePublished":"2024-12-13T11:11:18+00:00","dateModified":"2025-02-15T08:42:35+00:00","description":"Registrierte deutsche Online-Apotheke. Wir bieten: Schneller Versand weltweit und Top Service. Pure Encapsulations L-Tyrosin Kaspeln (90 Stk.)","breadcrumb":{"@id":"https:\/\/lions-pharmacy.com\/de\/produkt\/pure-encapsulations-l-tyrosin-capsoules-90-pcs-02823912#breadcrumb"},"inLanguage":"de","potentialAction":[{"@type":"ReadAction","target":["https:\/\/lions-pharmacy.com\/de\/produkt\/pure-encapsulations-l-tyrosin-capsoules-90-pcs-02823912"]}]},{"@type":"ImageObject","inLanguage":"de","@id":"https:\/\/lions-pharmacy.com\/de\/produkt\/pure-encapsulations-l-tyrosin-capsoules-90-pcs-02823912#primaryimage","url":"https:\/\/lions-pharmacy.com\/wp-content\/uploads\/2024\/12\/Pure-Encapsulations-L-Tyrosin-Capsoules.-PZN-02823912.-Lions-Pharmacy.webp","contentUrl":"https:\/\/lions-pharmacy.com\/wp-content\/uploads\/2024\/12\/Pure-Encapsulations-L-Tyrosin-Capsoules.-PZN-02823912.-Lions-Pharmacy.webp","width":600,"height":600,"caption":"Das Bild zeigt Pure Encapsulations L-Tyrosin Capsoules. PZN 02823912. Lions-Apotheke"},{"@type":"BreadcrumbList","@id":"https:\/\/lions-pharmacy.com\/de\/produkt\/pure-encapsulations-l-tyrosin-capsoules-90-pcs-02823912#breadcrumb","itemListElement":[{"@type":"ListItem","position":1,"name":"Home","item":"https:\/\/lions-pharmacy.com\/de\/homepage-lion-pharmacy"},{"@type":"ListItem","position":2,"name":"Shop","item":"https:\/\/lions-pharmacy.com\/de\/shop-2"},{"@type":"ListItem","position":3,"name":"Pure Encapsulations L-Tyrosin Kaspeln (90 Stk.)"}]},{"@type":"WebSite","@id":"https:\/\/lions-pharmacy.com\/de#website","url":"https:\/\/lions-pharmacy.com\/de","name":"Lions Pharmacy","description":"Ihr Spezialist f\u00fcr Naturheilkunde aus Baden-Baden, Germany","publisher":{"@id":"https:\/\/lions-pharmacy.com\/de#organization"},"alternateName":"Lion Pharmacy","potentialAction":[{"@type":"SearchAction","target":{"@type":"EntryPoint","urlTemplate":"https:\/\/lions-pharmacy.com\/de?s={search_term_string}"},"query-input":{"@type":"PropertyValueSpecification","valueRequired":true,"valueName":"search_term_string"}}],"inLanguage":"de"},{"@type":"Organization","@id":"https:\/\/lions-pharmacy.com\/de#organization","name":"Lions Pharmacy","alternateName":"Lions Pharmacy24","url":"https:\/\/lions-pharmacy.com\/de","logo":{"@type":"ImageObject","inLanguage":"de","@id":"https:\/\/lions-pharmacy.com\/de#\/schema\/logo\/image\/","url":"https:\/\/lions-pharmacy.com\/wp-content\/uploads\/2022\/12\/Logo-Lion-Pharmacy-c-o-Loewen-Apotheke-smal.jpg","contentUrl":"https:\/\/lions-pharmacy.com\/wp-content\/uploads\/2022\/12\/Logo-Lion-Pharmacy-c-o-Loewen-Apotheke-smal.jpg","width":298,"height":99,"caption":"Lions Pharmacy"},"image":{"@id":"https:\/\/lions-pharmacy.com\/de#\/schema\/logo\/image\/"}}]}},"_links":{"self":[{"href":"https:\/\/lions-pharmacy.com\/de\/wp-json\/wp\/v2\/product\/7545","targetHints":{"allow":["GET"]}}],"collection":[{"href":"https:\/\/lions-pharmacy.com\/de\/wp-json\/wp\/v2\/product"}],"about":[{"href":"https:\/\/lions-pharmacy.com\/de\/wp-json\/wp\/v2\/types\/product"}],"replies":[{"embeddable":true,"href":"https:\/\/lions-pharmacy.com\/de\/wp-json\/wp\/v2\/comments?post=7545"}],"wp:featuredmedia":[{"embeddable":true,"href":"https:\/\/lions-pharmacy.com\/de\/wp-json\/wp\/v2\/media\/7551"}],"wp:attachment":[{"href":"https:\/\/lions-pharmacy.com\/de\/wp-json\/wp\/v2\/media?parent=7545"}],"wp:term":[{"taxonomy":"product_brand","embeddable":true,"href":"https:\/\/lions-pharmacy.com\/de\/wp-json\/wp\/v2\/product_brand?post=7545"},{"taxonomy":"product_cat","embeddable":true,"href":"https:\/\/lions-pharmacy.com\/de\/wp-json\/wp\/v2\/product_cat?post=7545"},{"taxonomy":"product_tag","embeddable":true,"href":"https:\/\/lions-pharmacy.com\/de\/wp-json\/wp\/v2\/product_tag?post=7545"}],"curies":[{"name":"wp","href":"https:\/\/api.w.org\/{rel}","templated":true}]}}