{"id":7438,"date":"2024-12-11T16:54:38","date_gmt":"2024-12-11T15:54:38","guid":{"rendered":"https:\/\/lions-pharmacy.com\/?post_type=product&#038;p=7438"},"modified":"2025-01-24T19:01:25","modified_gmt":"2025-01-24T18:01:25","slug":"ginkgo-biloba-tablets-100-pcs-03816162","status":"publish","type":"product","link":"https:\/\/lions-pharmacy.com\/de\/produkt\/ginkgo-biloba-tablets-100-pcs-03816162","title":{"rendered":"Ginkgo biloba Tabletten (100 Stk.)"},"content":{"rendered":"<h3>Ginkgo biloba Tabletten<\/h3>\n<p>Ginkgo biloba Tabletten verbessern die Durchblutung und die Sauerstoffversorgung, indem sie vor Arteriosklerose sch\u00fctzen.<\/p>\n<p>Die Gesundheit ist das h\u00f6chste Gut des Menschen. Hevert widmet sich daher seit \u00fcber 60 Jahren der Naturheilkunde und der Entwicklung von Naturheilmitteln und ist einer der f\u00fchrenden deutschen Hersteller von hom\u00f6opathischen und pflanzlichen Arzneimitteln sowie Mikron\u00e4hrstoffpr\u00e4paraten.<\/p>\n<p>Packungsbeilage\/Gebrauchsanweisung\/Artikeldatenblatt: &#8211; (PDF-Reader)<\/p>\n<p>Weitere Produkte f\u00fcr die Anwendung: <a href=\"https:\/\/lions-pharmacy.com\/product-tag\/vitamins-supplements\">Vitamine &amp; Nahrungserg\u00e4nzungsmittel Produkte<\/a><\/p>\n<p>Erfahren Sie mehr \u00fcber den Hersteller und dieses Produkt: <a href=\"https:\/\/hevert.com\/de\/en\/product\/calmvalera-tabletten-09263528\" target=\"_blank\" rel=\"noopener\">Hevert<\/a> (Link zur externen Website)<\/p>\n<p>Informationen auf dieser Website werden ausschlie\u00dflich f\u00fcr informative Zwecke zur Verf\u00fcgung gestellt. Sie ersetzen keinesfalls die Untersuchung und Behandlung durch einen Arzt. Bitte beachten Sie, dass hierdurch weder Diagnosen gestellt noch Therapien eingeleitet werden k\u00f6nnen.<\/p>\n<p>Zu Risiken und Nebenwirkungen lesen Sie die Packungsbeilage und fragen Sie Ihren Arzt oder Apotheker.<\/p>\n","protected":false},"excerpt":{"rendered":"<h2>Ginkgo biloba Tabletten<\/h2>\n<p>Verbessern Sie die Durchblutung und Sauerstoffversorgung durch den Schutz vor Arteriosklerose.<\/p>\n<p>&nbsp;<\/p>\n<p>PZN: 03816162<\/p>\n<p>Darreichungsform: Tabletten<\/p>\n<p>Verordnungsart: Rezeptfrei<\/p>\n<p>Marke: &#8211;<\/p>\n<p>Hersteller: Hevert Arzneimittel GmbH, Deutschland<\/p>\n<p>Packungsgr\u00f6\u00dfe: 100 Stk.<\/p>\n","protected":false},"featured_media":7441,"comment_status":"closed","ping_status":"closed","template":"","meta":[],"product_brand":[],"product_cat":[578,367,368],"product_tag":[379,429],"class_list":{"0":"post-7438","1":"product","2":"type-product","3":"status-publish","4":"has-post-thumbnail","6":"product_cat-hevert-de","7":"product_cat-sale-de","8":"product_cat-shop-de","9":"product_tag-monatlicher-sale-de","10":"product_tag-vitamine-und-nahrungserganzungsmittel","11":"ts_product_brand-alle","12":"ts_product_brand-hevert-de","14":"first","15":"instock","16":"taxable","17":"shipping-taxable","18":"purchasable","19":"product-type-simple"},"yoast_head":"<!-- This site is optimized with the Yoast SEO plugin v26.5 - https:\/\/yoast.com\/wordpress\/plugins\/seo\/ -->\n<title>Ginkgo biloba Tabletten (100 Stk.) &#187; Erfahren Sie mehr auf L\u00f6wen Apotheke<\/title>\n<meta name=\"description\" content=\"Registrierte deutsche Online-Apotheke. Wir bieten: Schneller internationaler Versand. Produkt hergestellt von Hevert: Ginkgo biloba Tabletten (100 Stk.)\" \/>\n<meta name=\"robots\" content=\"index, follow, max-snippet:-1, max-image-preview:large, max-video-preview:-1\" \/>\n<link rel=\"canonical\" href=\"https:\/\/lions-pharmacy.com\/de\/produkt\/ginkgo-biloba-tablets-100-pcs-03816162\" \/>\n<meta property=\"og:locale\" content=\"de_DE\" \/>\n<meta property=\"og:type\" content=\"article\" \/>\n<meta property=\"og:title\" content=\"Ginkgo biloba Tabletten (100 Stk.) &#187; Erfahren Sie mehr auf L\u00f6wen Apotheke\" \/>\n<meta property=\"og:description\" content=\"Registrierte deutsche Online-Apotheke. Wir bieten: Schneller internationaler Versand. Produkt hergestellt von Hevert: Ginkgo biloba Tabletten (100 Stk.)\" \/>\n<meta property=\"og:url\" content=\"https:\/\/lions-pharmacy.com\/de\/produkt\/ginkgo-biloba-tablets-100-pcs-03816162\" \/>\n<meta property=\"og:site_name\" content=\"L\u00f6wen Apotheke\" \/>\n<meta property=\"article:modified_time\" content=\"2025-01-24T18:01:25+00:00\" \/>\n<meta property=\"og:image\" content=\"https:\/\/lions-pharmacy.com\/wp-content\/uploads\/2024\/12\/Ginkgo-Biloba-Hevert-tablets-100-pc-Lions-Pharmacy-PZN-03816162.webp\" \/>\n\t<meta property=\"og:image:width\" content=\"600\" \/>\n\t<meta property=\"og:image:height\" content=\"600\" \/>\n\t<meta property=\"og:image:type\" content=\"image\/webp\" \/>\n<meta name=\"twitter:card\" content=\"summary_large_image\" \/>\n<meta name=\"twitter:label1\" content=\"Gesch\u00e4tzte Lesezeit\" \/>\n\t<meta name=\"twitter:data1\" content=\"1\u00a0Minute\" \/>\n<script type=\"application\/ld+json\" class=\"yoast-schema-graph\">{\"@context\":\"https:\/\/schema.org\",\"@graph\":[{\"@type\":\"WebPage\",\"@id\":\"https:\/\/lions-pharmacy.com\/de\/produkt\/ginkgo-biloba-tablets-100-pcs-03816162\",\"url\":\"https:\/\/lions-pharmacy.com\/de\/produkt\/ginkgo-biloba-tablets-100-pcs-03816162\",\"name\":\"Ginkgo biloba Tabletten (100 Stk.) &#187; Erfahren Sie mehr auf L\u00f6wen Apotheke\",\"isPartOf\":{\"@id\":\"https:\/\/lions-pharmacy.com\/de#website\"},\"primaryImageOfPage\":{\"@id\":\"https:\/\/lions-pharmacy.com\/de\/produkt\/ginkgo-biloba-tablets-100-pcs-03816162#primaryimage\"},\"image\":{\"@id\":\"https:\/\/lions-pharmacy.com\/de\/produkt\/ginkgo-biloba-tablets-100-pcs-03816162#primaryimage\"},\"thumbnailUrl\":\"https:\/\/lions-pharmacy.com\/wp-content\/uploads\/2024\/12\/Ginkgo-Biloba-Hevert-tablets-100-pc-Lions-Pharmacy-PZN-03816162.webp\",\"datePublished\":\"2024-12-11T15:54:38+00:00\",\"dateModified\":\"2025-01-24T18:01:25+00:00\",\"description\":\"Registrierte deutsche Online-Apotheke. Wir bieten: Schneller internationaler Versand. Produkt hergestellt von Hevert: Ginkgo biloba Tabletten (100 Stk.)\",\"breadcrumb\":{\"@id\":\"https:\/\/lions-pharmacy.com\/de\/produkt\/ginkgo-biloba-tablets-100-pcs-03816162#breadcrumb\"},\"inLanguage\":\"de\",\"potentialAction\":[{\"@type\":\"ReadAction\",\"target\":[\"https:\/\/lions-pharmacy.com\/de\/produkt\/ginkgo-biloba-tablets-100-pcs-03816162\"]}]},{\"@type\":\"ImageObject\",\"inLanguage\":\"de\",\"@id\":\"https:\/\/lions-pharmacy.com\/de\/produkt\/ginkgo-biloba-tablets-100-pcs-03816162#primaryimage\",\"url\":\"https:\/\/lions-pharmacy.com\/wp-content\/uploads\/2024\/12\/Ginkgo-Biloba-Hevert-tablets-100-pc-Lions-Pharmacy-PZN-03816162.webp\",\"contentUrl\":\"https:\/\/lions-pharmacy.com\/wp-content\/uploads\/2024\/12\/Ginkgo-Biloba-Hevert-tablets-100-pc-Lions-Pharmacy-PZN-03816162.webp\",\"width\":600,\"height\":600,\"caption\":\"Ginkgo Biloba-Hevert-Tabletten 100 St\u00fcck-L\u00f6wenapotheke- PZN 03816162\"},{\"@type\":\"BreadcrumbList\",\"@id\":\"https:\/\/lions-pharmacy.com\/de\/produkt\/ginkgo-biloba-tablets-100-pcs-03816162#breadcrumb\",\"itemListElement\":[{\"@type\":\"ListItem\",\"position\":1,\"name\":\"Home\",\"item\":\"https:\/\/lions-pharmacy.com\/de\/homepage-lion-pharmacy\"},{\"@type\":\"ListItem\",\"position\":2,\"name\":\"Shop\",\"item\":\"https:\/\/lions-pharmacy.com\/de\/shop-2\"},{\"@type\":\"ListItem\",\"position\":3,\"name\":\"Ginkgo biloba Tabletten (100 Stk.)\"}]},{\"@type\":\"WebSite\",\"@id\":\"https:\/\/lions-pharmacy.com\/de#website\",\"url\":\"https:\/\/lions-pharmacy.com\/de\",\"name\":\"Lions Pharmacy\",\"description\":\"Ihr Spezialist f\u00fcr Naturheilkunde aus Baden-Baden, Germany\",\"publisher\":{\"@id\":\"https:\/\/lions-pharmacy.com\/de#organization\"},\"alternateName\":\"Lion Pharmacy\",\"potentialAction\":[{\"@type\":\"SearchAction\",\"target\":{\"@type\":\"EntryPoint\",\"urlTemplate\":\"https:\/\/lions-pharmacy.com\/de?s={search_term_string}\"},\"query-input\":{\"@type\":\"PropertyValueSpecification\",\"valueRequired\":true,\"valueName\":\"search_term_string\"}}],\"inLanguage\":\"de\"},{\"@type\":\"Organization\",\"@id\":\"https:\/\/lions-pharmacy.com\/de#organization\",\"name\":\"Lions Pharmacy\",\"alternateName\":\"Lions Pharmacy24\",\"url\":\"https:\/\/lions-pharmacy.com\/de\",\"logo\":{\"@type\":\"ImageObject\",\"inLanguage\":\"de\",\"@id\":\"https:\/\/lions-pharmacy.com\/de#\/schema\/logo\/image\/\",\"url\":\"https:\/\/lions-pharmacy.com\/wp-content\/uploads\/2022\/12\/Logo-Lion-Pharmacy-c-o-Loewen-Apotheke-smal.jpg\",\"contentUrl\":\"https:\/\/lions-pharmacy.com\/wp-content\/uploads\/2022\/12\/Logo-Lion-Pharmacy-c-o-Loewen-Apotheke-smal.jpg\",\"width\":298,\"height\":99,\"caption\":\"Lions Pharmacy\"},\"image\":{\"@id\":\"https:\/\/lions-pharmacy.com\/de#\/schema\/logo\/image\/\"}}]}<\/script>\n<!-- \/ Yoast SEO plugin. -->","yoast_head_json":{"title":"Ginkgo biloba Tabletten (100 Stk.) &#187; Erfahren Sie mehr auf L\u00f6wen Apotheke","description":"Registrierte deutsche Online-Apotheke. Wir bieten: Schneller internationaler Versand. Produkt hergestellt von Hevert: Ginkgo biloba Tabletten (100 Stk.)","robots":{"index":"index","follow":"follow","max-snippet":"max-snippet:-1","max-image-preview":"max-image-preview:large","max-video-preview":"max-video-preview:-1"},"canonical":"https:\/\/lions-pharmacy.com\/de\/produkt\/ginkgo-biloba-tablets-100-pcs-03816162","og_locale":"de_DE","og_type":"article","og_title":"Ginkgo biloba Tabletten (100 Stk.) &#187; Erfahren Sie mehr auf L\u00f6wen Apotheke","og_description":"Registrierte deutsche Online-Apotheke. Wir bieten: Schneller internationaler Versand. Produkt hergestellt von Hevert: Ginkgo biloba Tabletten (100 Stk.)","og_url":"https:\/\/lions-pharmacy.com\/de\/produkt\/ginkgo-biloba-tablets-100-pcs-03816162","og_site_name":"L\u00f6wen Apotheke","article_modified_time":"2025-01-24T18:01:25+00:00","og_image":[{"width":600,"height":600,"url":"https:\/\/lions-pharmacy.com\/wp-content\/uploads\/2024\/12\/Ginkgo-Biloba-Hevert-tablets-100-pc-Lions-Pharmacy-PZN-03816162.webp","type":"image\/webp"}],"twitter_card":"summary_large_image","twitter_misc":{"Gesch\u00e4tzte Lesezeit":"1\u00a0Minute"},"schema":{"@context":"https:\/\/schema.org","@graph":[{"@type":"WebPage","@id":"https:\/\/lions-pharmacy.com\/de\/produkt\/ginkgo-biloba-tablets-100-pcs-03816162","url":"https:\/\/lions-pharmacy.com\/de\/produkt\/ginkgo-biloba-tablets-100-pcs-03816162","name":"Ginkgo biloba Tabletten (100 Stk.) &#187; Erfahren Sie mehr auf L\u00f6wen Apotheke","isPartOf":{"@id":"https:\/\/lions-pharmacy.com\/de#website"},"primaryImageOfPage":{"@id":"https:\/\/lions-pharmacy.com\/de\/produkt\/ginkgo-biloba-tablets-100-pcs-03816162#primaryimage"},"image":{"@id":"https:\/\/lions-pharmacy.com\/de\/produkt\/ginkgo-biloba-tablets-100-pcs-03816162#primaryimage"},"thumbnailUrl":"https:\/\/lions-pharmacy.com\/wp-content\/uploads\/2024\/12\/Ginkgo-Biloba-Hevert-tablets-100-pc-Lions-Pharmacy-PZN-03816162.webp","datePublished":"2024-12-11T15:54:38+00:00","dateModified":"2025-01-24T18:01:25+00:00","description":"Registrierte deutsche Online-Apotheke. Wir bieten: Schneller internationaler Versand. Produkt hergestellt von Hevert: Ginkgo biloba Tabletten (100 Stk.)","breadcrumb":{"@id":"https:\/\/lions-pharmacy.com\/de\/produkt\/ginkgo-biloba-tablets-100-pcs-03816162#breadcrumb"},"inLanguage":"de","potentialAction":[{"@type":"ReadAction","target":["https:\/\/lions-pharmacy.com\/de\/produkt\/ginkgo-biloba-tablets-100-pcs-03816162"]}]},{"@type":"ImageObject","inLanguage":"de","@id":"https:\/\/lions-pharmacy.com\/de\/produkt\/ginkgo-biloba-tablets-100-pcs-03816162#primaryimage","url":"https:\/\/lions-pharmacy.com\/wp-content\/uploads\/2024\/12\/Ginkgo-Biloba-Hevert-tablets-100-pc-Lions-Pharmacy-PZN-03816162.webp","contentUrl":"https:\/\/lions-pharmacy.com\/wp-content\/uploads\/2024\/12\/Ginkgo-Biloba-Hevert-tablets-100-pc-Lions-Pharmacy-PZN-03816162.webp","width":600,"height":600,"caption":"Ginkgo Biloba-Hevert-Tabletten 100 St\u00fcck-L\u00f6wenapotheke- PZN 03816162"},{"@type":"BreadcrumbList","@id":"https:\/\/lions-pharmacy.com\/de\/produkt\/ginkgo-biloba-tablets-100-pcs-03816162#breadcrumb","itemListElement":[{"@type":"ListItem","position":1,"name":"Home","item":"https:\/\/lions-pharmacy.com\/de\/homepage-lion-pharmacy"},{"@type":"ListItem","position":2,"name":"Shop","item":"https:\/\/lions-pharmacy.com\/de\/shop-2"},{"@type":"ListItem","position":3,"name":"Ginkgo biloba Tabletten (100 Stk.)"}]},{"@type":"WebSite","@id":"https:\/\/lions-pharmacy.com\/de#website","url":"https:\/\/lions-pharmacy.com\/de","name":"Lions Pharmacy","description":"Ihr Spezialist f\u00fcr Naturheilkunde aus Baden-Baden, Germany","publisher":{"@id":"https:\/\/lions-pharmacy.com\/de#organization"},"alternateName":"Lion Pharmacy","potentialAction":[{"@type":"SearchAction","target":{"@type":"EntryPoint","urlTemplate":"https:\/\/lions-pharmacy.com\/de?s={search_term_string}"},"query-input":{"@type":"PropertyValueSpecification","valueRequired":true,"valueName":"search_term_string"}}],"inLanguage":"de"},{"@type":"Organization","@id":"https:\/\/lions-pharmacy.com\/de#organization","name":"Lions Pharmacy","alternateName":"Lions Pharmacy24","url":"https:\/\/lions-pharmacy.com\/de","logo":{"@type":"ImageObject","inLanguage":"de","@id":"https:\/\/lions-pharmacy.com\/de#\/schema\/logo\/image\/","url":"https:\/\/lions-pharmacy.com\/wp-content\/uploads\/2022\/12\/Logo-Lion-Pharmacy-c-o-Loewen-Apotheke-smal.jpg","contentUrl":"https:\/\/lions-pharmacy.com\/wp-content\/uploads\/2022\/12\/Logo-Lion-Pharmacy-c-o-Loewen-Apotheke-smal.jpg","width":298,"height":99,"caption":"Lions Pharmacy"},"image":{"@id":"https:\/\/lions-pharmacy.com\/de#\/schema\/logo\/image\/"}}]}},"_links":{"self":[{"href":"https:\/\/lions-pharmacy.com\/de\/wp-json\/wp\/v2\/product\/7438","targetHints":{"allow":["GET"]}}],"collection":[{"href":"https:\/\/lions-pharmacy.com\/de\/wp-json\/wp\/v2\/product"}],"about":[{"href":"https:\/\/lions-pharmacy.com\/de\/wp-json\/wp\/v2\/types\/product"}],"replies":[{"embeddable":true,"href":"https:\/\/lions-pharmacy.com\/de\/wp-json\/wp\/v2\/comments?post=7438"}],"wp:featuredmedia":[{"embeddable":true,"href":"https:\/\/lions-pharmacy.com\/de\/wp-json\/wp\/v2\/media\/7441"}],"wp:attachment":[{"href":"https:\/\/lions-pharmacy.com\/de\/wp-json\/wp\/v2\/media?parent=7438"}],"wp:term":[{"taxonomy":"product_brand","embeddable":true,"href":"https:\/\/lions-pharmacy.com\/de\/wp-json\/wp\/v2\/product_brand?post=7438"},{"taxonomy":"product_cat","embeddable":true,"href":"https:\/\/lions-pharmacy.com\/de\/wp-json\/wp\/v2\/product_cat?post=7438"},{"taxonomy":"product_tag","embeddable":true,"href":"https:\/\/lions-pharmacy.com\/de\/wp-json\/wp\/v2\/product_tag?post=7438"}],"curies":[{"name":"wp","href":"https:\/\/api.w.org\/{rel}","templated":true}]}}