{"id":7377,"date":"2024-12-11T14:22:08","date_gmt":"2024-12-11T13:22:08","guid":{"rendered":"https:\/\/lions-pharmacy.com\/?post_type=product&#038;p=7377"},"modified":"2025-01-24T19:25:42","modified_gmt":"2025-01-24T18:25:42","slug":"vitamin-b-complex-forte-hevert-tablets-200-pcs-05003960","status":"publish","type":"product","link":"https:\/\/lions-pharmacy.com\/de\/produkt\/vitamin-b-complex-forte-hevert-tablets-200-pcs-05003960","title":{"rendered":"Vitamin B Komplex forte Hevert Tabletten (200 Stk.)"},"content":{"rendered":"<h3>Vitamin B Komplex forte Hevert Tabletten<\/h3>\n<p>Vitamin B-Komplex forte Hevert Tabletten ein Vitaminpr\u00e4parat zur Behandlung von nachgewiesenen M\u00e4ngeln an Vitamin B1, B6 und B12<\/p>\n<p>Die Gesundheit ist das h\u00f6chste Gut des Menschen. Hevert widmet sich daher seit \u00fcber 60 Jahren der Naturheilkunde und der Entwicklung von Naturheilmitteln und ist einer der f\u00fchrenden deutschen Hersteller von hom\u00f6opathischen und pflanzlichen Arzneimitteln sowie Mikron\u00e4hrstoffpr\u00e4paraten.<\/p>\n<p>Packungsbeilage\/Gebrauchsanweisung\/Artikeldatenblatt: &#8211; (PDF-Reader)<\/p>\n<p>Weitere Produkte f\u00fcr die Anwendung: <a href=\"https:\/\/lions-pharmacy.com\/product-tag\/vitamins-supplements\">Vitamine &amp; Nahrungserg\u00e4nzungsmittel Produkte<\/a><\/p>\n<p>Erfahren Sie mehr \u00fcber den Hersteller und dieses Produkt: <a href=\"https:\/\/hevert.com\/de\/en\" target=\"_blank\" rel=\"noopener\">Hevert<\/a> (Link zur externen Website)<\/p>\n<p>Informationen auf dieser Website werden ausschlie\u00dflich f\u00fcr informative Zwecke zur Verf\u00fcgung gestellt. Sie ersetzen keinesfalls die Untersuchung und Behandlung durch einen Arzt. Bitte beachten Sie, dass hierdurch weder Diagnosen gestellt noch Therapien eingeleitet werden k\u00f6nnen.<\/p>\n<p>Zu Risiken und Nebenwirkungen lesen Sie die Packungsbeilage und fragen Sie Ihren Arzt oder Apotheker.<\/p>\n","protected":false},"excerpt":{"rendered":"<h2>Vitamin B Komplex forte Hevert Tabletten<\/h2>\n<p>Vitaminpr\u00e4parat zur Behandlung von nachgewiesenen M\u00e4ngeln an den Vitaminen B1, B6 und B12.<\/p>\n<p>&nbsp;<\/p>\n<p>PZN: 05003960<\/p>\n<p>Darreichungsform: Tabletten<\/p>\n<p>Verordnungsart: Rezeptfrei<\/p>\n<p>Marke: &#8211;<\/p>\n<p>Hersteller: Hevert Arzneimittel GmbH, Deutschland<\/p>\n<p>Packungsgr\u00f6\u00dfe: 200 Stk.<\/p>\n","protected":false},"featured_media":7385,"comment_status":"closed","ping_status":"closed","template":"","meta":[],"product_brand":[],"product_cat":[578,367,368],"product_tag":[434,433,379,474,512,429,432],"class_list":{"0":"post-7377","1":"product","2":"type-product","3":"status-publish","4":"has-post-thumbnail","6":"product_cat-hevert-de","7":"product_cat-sale-de","8":"product_cat-shop-de","9":"product_tag-gewicht-und-fitness","10":"product_tag-gewichtsmanagement","11":"product_tag-monatlicher-sale-de","12":"product_tag-pflanzlicher-wirkstoff","13":"product_tag-pflanzlicher-wirkstoff-de","14":"product_tag-vitamine-und-nahrungserganzungsmittel","15":"product_tag-wellness-de","16":"ts_product_brand-alle","17":"ts_product_brand-hevert-de","19":"first","20":"instock","21":"taxable","22":"shipping-taxable","23":"purchasable","24":"product-type-simple"},"yoast_head":"<!-- This site is optimized with the Yoast SEO plugin v26.5 - https:\/\/yoast.com\/wordpress\/plugins\/seo\/ -->\n<title>Vitamin B Komplex forte Hevert Tabletten (200 Stk.) &#187; L\u00f6wen Apotheke &#187; Mehr erfahren<\/title>\n<meta name=\"description\" content=\"Registrierte deutsche Online-Apotheke. Wir bieten: Schneller internationaler Versand. Produkt hergestellt von Hevert: Vitamin B Komplex forte Hevert Tabletten (200 Stk.)\" \/>\n<meta name=\"robots\" content=\"index, follow, max-snippet:-1, max-image-preview:large, max-video-preview:-1\" \/>\n<link rel=\"canonical\" href=\"https:\/\/lions-pharmacy.com\/de\/produkt\/vitamin-b-complex-forte-hevert-tablets-200-pcs-05003960\" \/>\n<meta property=\"og:locale\" content=\"de_DE\" \/>\n<meta property=\"og:type\" content=\"article\" \/>\n<meta property=\"og:title\" content=\"Vitamin B Komplex forte Hevert Tabletten (200 Stk.) &#187; L\u00f6wen Apotheke &#187; Mehr erfahren\" \/>\n<meta property=\"og:description\" content=\"Registrierte deutsche Online-Apotheke. Wir bieten: Schneller internationaler Versand. Produkt hergestellt von Hevert: Vitamin B Komplex forte Hevert Tabletten (200 Stk.)\" \/>\n<meta property=\"og:url\" content=\"https:\/\/lions-pharmacy.com\/de\/produkt\/vitamin-b-complex-forte-hevert-tablets-200-pcs-05003960\" \/>\n<meta property=\"og:site_name\" content=\"L\u00f6wen Apotheke\" \/>\n<meta property=\"article:modified_time\" content=\"2025-01-24T18:25:42+00:00\" \/>\n<meta property=\"og:image\" content=\"https:\/\/lions-pharmacy.com\/wp-content\/uploads\/2024\/12\/Vitamin-B-Komplex-forte-Hevert-Tabletten-200-St-Loewen-Apotheke24.webp\" \/>\n\t<meta property=\"og:image:width\" content=\"600\" \/>\n\t<meta property=\"og:image:height\" content=\"600\" \/>\n\t<meta property=\"og:image:type\" content=\"image\/webp\" \/>\n<meta name=\"twitter:card\" content=\"summary_large_image\" \/>\n<meta name=\"twitter:label1\" content=\"Gesch\u00e4tzte Lesezeit\" \/>\n\t<meta name=\"twitter:data1\" content=\"1\u00a0Minute\" \/>\n<script type=\"application\/ld+json\" class=\"yoast-schema-graph\">{\"@context\":\"https:\/\/schema.org\",\"@graph\":[{\"@type\":\"WebPage\",\"@id\":\"https:\/\/lions-pharmacy.com\/de\/produkt\/vitamin-b-complex-forte-hevert-tablets-200-pcs-05003960\",\"url\":\"https:\/\/lions-pharmacy.com\/de\/produkt\/vitamin-b-complex-forte-hevert-tablets-200-pcs-05003960\",\"name\":\"Vitamin B Komplex forte Hevert Tabletten (200 Stk.) &#187; L\u00f6wen Apotheke &#187; Mehr erfahren\",\"isPartOf\":{\"@id\":\"https:\/\/lions-pharmacy.com\/de#website\"},\"primaryImageOfPage\":{\"@id\":\"https:\/\/lions-pharmacy.com\/de\/produkt\/vitamin-b-complex-forte-hevert-tablets-200-pcs-05003960#primaryimage\"},\"image\":{\"@id\":\"https:\/\/lions-pharmacy.com\/de\/produkt\/vitamin-b-complex-forte-hevert-tablets-200-pcs-05003960#primaryimage\"},\"thumbnailUrl\":\"https:\/\/lions-pharmacy.com\/wp-content\/uploads\/2024\/12\/Vitamin-B-Komplex-forte-Hevert-Tabletten-200-St-Loewen-Apotheke24.webp\",\"datePublished\":\"2024-12-11T13:22:08+00:00\",\"dateModified\":\"2025-01-24T18:25:42+00:00\",\"description\":\"Registrierte deutsche Online-Apotheke. Wir bieten: Schneller internationaler Versand. Produkt hergestellt von Hevert: Vitamin B Komplex forte Hevert Tabletten (200 Stk.)\",\"breadcrumb\":{\"@id\":\"https:\/\/lions-pharmacy.com\/de\/produkt\/vitamin-b-complex-forte-hevert-tablets-200-pcs-05003960#breadcrumb\"},\"inLanguage\":\"de\",\"potentialAction\":[{\"@type\":\"ReadAction\",\"target\":[\"https:\/\/lions-pharmacy.com\/de\/produkt\/vitamin-b-complex-forte-hevert-tablets-200-pcs-05003960\"]}]},{\"@type\":\"ImageObject\",\"inLanguage\":\"de\",\"@id\":\"https:\/\/lions-pharmacy.com\/de\/produkt\/vitamin-b-complex-forte-hevert-tablets-200-pcs-05003960#primaryimage\",\"url\":\"https:\/\/lions-pharmacy.com\/wp-content\/uploads\/2024\/12\/Vitamin-B-Komplex-forte-Hevert-Tabletten-200-St-Loewen-Apotheke24.webp\",\"contentUrl\":\"https:\/\/lions-pharmacy.com\/wp-content\/uploads\/2024\/12\/Vitamin-B-Komplex-forte-Hevert-Tabletten-200-St-Loewen-Apotheke24.webp\",\"width\":600,\"height\":600,\"caption\":\"Das Bild zeigt Vitamin B-Komplex forte Hevert Tabletten 200 St. Lions Apotheke. PZN 05003960\"},{\"@type\":\"BreadcrumbList\",\"@id\":\"https:\/\/lions-pharmacy.com\/de\/produkt\/vitamin-b-complex-forte-hevert-tablets-200-pcs-05003960#breadcrumb\",\"itemListElement\":[{\"@type\":\"ListItem\",\"position\":1,\"name\":\"Home\",\"item\":\"https:\/\/lions-pharmacy.com\/de\/homepage-lion-pharmacy\"},{\"@type\":\"ListItem\",\"position\":2,\"name\":\"Shop\",\"item\":\"https:\/\/lions-pharmacy.com\/de\/shop-2\"},{\"@type\":\"ListItem\",\"position\":3,\"name\":\"Vitamin B Komplex forte Hevert Tabletten (200 Stk.)\"}]},{\"@type\":\"WebSite\",\"@id\":\"https:\/\/lions-pharmacy.com\/de#website\",\"url\":\"https:\/\/lions-pharmacy.com\/de\",\"name\":\"Lions Pharmacy\",\"description\":\"Ihr Spezialist f\u00fcr Naturheilkunde aus Baden-Baden, Germany\",\"publisher\":{\"@id\":\"https:\/\/lions-pharmacy.com\/de#organization\"},\"alternateName\":\"Lion Pharmacy\",\"potentialAction\":[{\"@type\":\"SearchAction\",\"target\":{\"@type\":\"EntryPoint\",\"urlTemplate\":\"https:\/\/lions-pharmacy.com\/de?s={search_term_string}\"},\"query-input\":{\"@type\":\"PropertyValueSpecification\",\"valueRequired\":true,\"valueName\":\"search_term_string\"}}],\"inLanguage\":\"de\"},{\"@type\":\"Organization\",\"@id\":\"https:\/\/lions-pharmacy.com\/de#organization\",\"name\":\"Lions Pharmacy\",\"alternateName\":\"Lions Pharmacy24\",\"url\":\"https:\/\/lions-pharmacy.com\/de\",\"logo\":{\"@type\":\"ImageObject\",\"inLanguage\":\"de\",\"@id\":\"https:\/\/lions-pharmacy.com\/de#\/schema\/logo\/image\/\",\"url\":\"https:\/\/lions-pharmacy.com\/wp-content\/uploads\/2022\/12\/Logo-Lion-Pharmacy-c-o-Loewen-Apotheke-smal.jpg\",\"contentUrl\":\"https:\/\/lions-pharmacy.com\/wp-content\/uploads\/2022\/12\/Logo-Lion-Pharmacy-c-o-Loewen-Apotheke-smal.jpg\",\"width\":298,\"height\":99,\"caption\":\"Lions Pharmacy\"},\"image\":{\"@id\":\"https:\/\/lions-pharmacy.com\/de#\/schema\/logo\/image\/\"}}]}<\/script>\n<!-- \/ Yoast SEO plugin. -->","yoast_head_json":{"title":"Vitamin B Komplex forte Hevert Tabletten (200 Stk.) &#187; L\u00f6wen Apotheke &#187; Mehr erfahren","description":"Registrierte deutsche Online-Apotheke. Wir bieten: Schneller internationaler Versand. Produkt hergestellt von Hevert: Vitamin B Komplex forte Hevert Tabletten (200 Stk.)","robots":{"index":"index","follow":"follow","max-snippet":"max-snippet:-1","max-image-preview":"max-image-preview:large","max-video-preview":"max-video-preview:-1"},"canonical":"https:\/\/lions-pharmacy.com\/de\/produkt\/vitamin-b-complex-forte-hevert-tablets-200-pcs-05003960","og_locale":"de_DE","og_type":"article","og_title":"Vitamin B Komplex forte Hevert Tabletten (200 Stk.) &#187; L\u00f6wen Apotheke &#187; Mehr erfahren","og_description":"Registrierte deutsche Online-Apotheke. Wir bieten: Schneller internationaler Versand. Produkt hergestellt von Hevert: Vitamin B Komplex forte Hevert Tabletten (200 Stk.)","og_url":"https:\/\/lions-pharmacy.com\/de\/produkt\/vitamin-b-complex-forte-hevert-tablets-200-pcs-05003960","og_site_name":"L\u00f6wen Apotheke","article_modified_time":"2025-01-24T18:25:42+00:00","og_image":[{"width":600,"height":600,"url":"https:\/\/lions-pharmacy.com\/wp-content\/uploads\/2024\/12\/Vitamin-B-Komplex-forte-Hevert-Tabletten-200-St-Loewen-Apotheke24.webp","type":"image\/webp"}],"twitter_card":"summary_large_image","twitter_misc":{"Gesch\u00e4tzte Lesezeit":"1\u00a0Minute"},"schema":{"@context":"https:\/\/schema.org","@graph":[{"@type":"WebPage","@id":"https:\/\/lions-pharmacy.com\/de\/produkt\/vitamin-b-complex-forte-hevert-tablets-200-pcs-05003960","url":"https:\/\/lions-pharmacy.com\/de\/produkt\/vitamin-b-complex-forte-hevert-tablets-200-pcs-05003960","name":"Vitamin B Komplex forte Hevert Tabletten (200 Stk.) &#187; L\u00f6wen Apotheke &#187; Mehr erfahren","isPartOf":{"@id":"https:\/\/lions-pharmacy.com\/de#website"},"primaryImageOfPage":{"@id":"https:\/\/lions-pharmacy.com\/de\/produkt\/vitamin-b-complex-forte-hevert-tablets-200-pcs-05003960#primaryimage"},"image":{"@id":"https:\/\/lions-pharmacy.com\/de\/produkt\/vitamin-b-complex-forte-hevert-tablets-200-pcs-05003960#primaryimage"},"thumbnailUrl":"https:\/\/lions-pharmacy.com\/wp-content\/uploads\/2024\/12\/Vitamin-B-Komplex-forte-Hevert-Tabletten-200-St-Loewen-Apotheke24.webp","datePublished":"2024-12-11T13:22:08+00:00","dateModified":"2025-01-24T18:25:42+00:00","description":"Registrierte deutsche Online-Apotheke. Wir bieten: Schneller internationaler Versand. Produkt hergestellt von Hevert: Vitamin B Komplex forte Hevert Tabletten (200 Stk.)","breadcrumb":{"@id":"https:\/\/lions-pharmacy.com\/de\/produkt\/vitamin-b-complex-forte-hevert-tablets-200-pcs-05003960#breadcrumb"},"inLanguage":"de","potentialAction":[{"@type":"ReadAction","target":["https:\/\/lions-pharmacy.com\/de\/produkt\/vitamin-b-complex-forte-hevert-tablets-200-pcs-05003960"]}]},{"@type":"ImageObject","inLanguage":"de","@id":"https:\/\/lions-pharmacy.com\/de\/produkt\/vitamin-b-complex-forte-hevert-tablets-200-pcs-05003960#primaryimage","url":"https:\/\/lions-pharmacy.com\/wp-content\/uploads\/2024\/12\/Vitamin-B-Komplex-forte-Hevert-Tabletten-200-St-Loewen-Apotheke24.webp","contentUrl":"https:\/\/lions-pharmacy.com\/wp-content\/uploads\/2024\/12\/Vitamin-B-Komplex-forte-Hevert-Tabletten-200-St-Loewen-Apotheke24.webp","width":600,"height":600,"caption":"Das Bild zeigt Vitamin B-Komplex forte Hevert Tabletten 200 St. Lions Apotheke. PZN 05003960"},{"@type":"BreadcrumbList","@id":"https:\/\/lions-pharmacy.com\/de\/produkt\/vitamin-b-complex-forte-hevert-tablets-200-pcs-05003960#breadcrumb","itemListElement":[{"@type":"ListItem","position":1,"name":"Home","item":"https:\/\/lions-pharmacy.com\/de\/homepage-lion-pharmacy"},{"@type":"ListItem","position":2,"name":"Shop","item":"https:\/\/lions-pharmacy.com\/de\/shop-2"},{"@type":"ListItem","position":3,"name":"Vitamin B Komplex forte Hevert Tabletten (200 Stk.)"}]},{"@type":"WebSite","@id":"https:\/\/lions-pharmacy.com\/de#website","url":"https:\/\/lions-pharmacy.com\/de","name":"Lions Pharmacy","description":"Ihr Spezialist f\u00fcr Naturheilkunde aus Baden-Baden, Germany","publisher":{"@id":"https:\/\/lions-pharmacy.com\/de#organization"},"alternateName":"Lion Pharmacy","potentialAction":[{"@type":"SearchAction","target":{"@type":"EntryPoint","urlTemplate":"https:\/\/lions-pharmacy.com\/de?s={search_term_string}"},"query-input":{"@type":"PropertyValueSpecification","valueRequired":true,"valueName":"search_term_string"}}],"inLanguage":"de"},{"@type":"Organization","@id":"https:\/\/lions-pharmacy.com\/de#organization","name":"Lions Pharmacy","alternateName":"Lions Pharmacy24","url":"https:\/\/lions-pharmacy.com\/de","logo":{"@type":"ImageObject","inLanguage":"de","@id":"https:\/\/lions-pharmacy.com\/de#\/schema\/logo\/image\/","url":"https:\/\/lions-pharmacy.com\/wp-content\/uploads\/2022\/12\/Logo-Lion-Pharmacy-c-o-Loewen-Apotheke-smal.jpg","contentUrl":"https:\/\/lions-pharmacy.com\/wp-content\/uploads\/2022\/12\/Logo-Lion-Pharmacy-c-o-Loewen-Apotheke-smal.jpg","width":298,"height":99,"caption":"Lions Pharmacy"},"image":{"@id":"https:\/\/lions-pharmacy.com\/de#\/schema\/logo\/image\/"}}]}},"_links":{"self":[{"href":"https:\/\/lions-pharmacy.com\/de\/wp-json\/wp\/v2\/product\/7377","targetHints":{"allow":["GET"]}}],"collection":[{"href":"https:\/\/lions-pharmacy.com\/de\/wp-json\/wp\/v2\/product"}],"about":[{"href":"https:\/\/lions-pharmacy.com\/de\/wp-json\/wp\/v2\/types\/product"}],"replies":[{"embeddable":true,"href":"https:\/\/lions-pharmacy.com\/de\/wp-json\/wp\/v2\/comments?post=7377"}],"wp:featuredmedia":[{"embeddable":true,"href":"https:\/\/lions-pharmacy.com\/de\/wp-json\/wp\/v2\/media\/7385"}],"wp:attachment":[{"href":"https:\/\/lions-pharmacy.com\/de\/wp-json\/wp\/v2\/media?parent=7377"}],"wp:term":[{"taxonomy":"product_brand","embeddable":true,"href":"https:\/\/lions-pharmacy.com\/de\/wp-json\/wp\/v2\/product_brand?post=7377"},{"taxonomy":"product_cat","embeddable":true,"href":"https:\/\/lions-pharmacy.com\/de\/wp-json\/wp\/v2\/product_cat?post=7377"},{"taxonomy":"product_tag","embeddable":true,"href":"https:\/\/lions-pharmacy.com\/de\/wp-json\/wp\/v2\/product_tag?post=7377"}],"curies":[{"name":"wp","href":"https:\/\/api.w.org\/{rel}","templated":true}]}}